{"id":20912,"date":"2026-04-30T10:13:48","date_gmt":"2026-04-30T08:13:48","guid":{"rendered":"https:\/\/www.slovklima.sk\/?post_type=product&#038;p=20912"},"modified":"2026-04-30T10:33:43","modified_gmt":"2026-04-30T08:33:43","slug":"toshiba-estia-bi-bloc-hydrobox-r290-kopia","status":"publish","type":"product","link":"https:\/\/www.slovklima.sk\/hu\/produkt\/toshiba-estia-bi-bloc-hydrobox-r290-kopia\/","title":{"rendered":"TOSHIBA SHORAI CURVE BLACK &#038; WHITE split R32"},"content":{"rendered":"<table>\n<thead>\n<tr>\n<th>Modell <em>(belt\u00e9ri + k\u00fclt\u00e9ri egys\u00e9g)<\/em><\/th>\n<th style=\"text-align: center;\">Teljes\u00edtm\u00e9ny <em>kW<\/em><\/th>\n<th style=\"text-align: center;\">Energiaoszt\u00e1ly \u2013 h\u0171t\u00e9s\/f\u0171t\u00e9s<\/th>\n<th style=\"text-align: center;\">Szezon\u00e1lis hat\u00e9konys\u00e1g \u2013 SEER\/SCOP<\/th>\n<th style=\"text-align: center;\">SzxMxM <em>mm<\/em> (belt\u00e9ri + k\u00fclt\u00e9ri egys\u00e9g)<\/th>\n<\/tr>\n<\/thead>\n<tbody>\n<tr>\n<td>RAS-B10P2KVSG(B)-E \/ 10P2AVSG-E<\/td>\n<td style=\"text-align: center;\">2,5 \/ 3,2<\/td>\n<td style=\"text-align: center;\">A+++ \/ A+++<\/td>\n<td style=\"text-align: center;\">8,6 \/ 5,1<\/td>\n<td style=\"text-align: center;\">800x293x226 \/ 780x550x290<\/td>\n<\/tr>\n<tr>\n<td>RAS-B13P2KVSG(B)-E \/ 13P2AVSG-E<\/td>\n<td style=\"text-align: center;\">3,5 \/ 4,2<\/td>\n<td style=\"text-align: center;\">A+++ \/ A+++<\/td>\n<td style=\"text-align: center;\">8,6 \/ 5,1<\/td>\n<td style=\"text-align: center;\">800x293x226 \/ 780x550x290<\/td>\n<\/tr>\n<tr>\n<td>RAS-B16P2KVSG(B)-E \/ 16P2AVSG-E<\/td>\n<td style=\"text-align: center;\">4,6 \/ 5,5<\/td>\n<td style=\"text-align: center;\">A++ \/ A+++<\/td>\n<td style=\"text-align: center;\">7,8 \/ 4,6<\/td>\n<td style=\"text-align: center;\">800x293x226 \/ 780x550x290<\/td>\n<\/tr>\n<tr>\n<td>RAS-B18P2KVSG(B)-E \/ 18P2AVSG-E<\/td>\n<td style=\"text-align: center;\">5,0 \/ 6,0<\/td>\n<td style=\"text-align: center;\">A++ \/ A+++<\/td>\n<td style=\"text-align: center;\">7,3 \/ 4,6<\/td>\n<td style=\"text-align: center;\">1053x320x245 \/ 780x550x290<\/td>\n<\/tr>\n<tr>\n<td>RAS-B24P2KVSG(B)-E \/ 24P2AVSG-E<\/td>\n<td style=\"text-align: center;\">7,0 \/ 8,0<\/td>\n<td style=\"text-align: center;\">A++ \/ A+++<\/td>\n<td style=\"text-align: center;\">6,3 \/ 4,1<\/td>\n<td style=\"text-align: center;\">1053x320x245 \/ 800x630x300<\/td>\n<\/tr>\n<\/tbody>\n<\/table>\n","protected":false},"excerpt":{"rendered":"<p><strong>K\u00c9SZEN \u00c1LL B\u00c1RMELY KIH\u00cdV\u00c1SRA<\/strong><\/p>\n<p>Tapasztalja meg a pr\u00e9mium diz\u00e1jn \u00e9s az innovat\u00edv funkci\u00f3k t\u00f6k\u00e9letes kombin\u00e1ci\u00f3j\u00e1t a HIGH LINE oszt\u00e1lyban, most eleg\u00e1ns fekete kivitelben is. A fejlett ioniz\u00e1ci\u00f3s technol\u00f3gi\u00e1val ell\u00e1tott plazma l\u00e9gtiszt\u00edt\u00f3 tiszta \u00e9s friss k\u00f6rnyezetet biztos\u00edt, m\u00edg az intelligens alkalmaz\u00e1son kereszt\u00fcli vez\u00e9rl\u00e9s \u00e9s az Energiafogyaszt\u00e1s-fel\u00fcgyeleti funkci\u00f3 maxim\u00e1lis kontrollt biztos\u00edt a k\u00e9nyelem \u00e9s az energiafogyaszt\u00e1s felett.<\/p>\n<p>\u2022 A+++ oszt\u00e1ly h\u0171t\u00e9si \u00e9s f\u0171t\u00e9si \u00fczemm\u00f3dban<br \/>\n\u2022 L\u00e9gtiszt\u00edt\u00f3 rendszer plazma ioniz\u00e1torral<br \/>\n\u2022 WiFi adapter az egys\u00e9gek alapfelszerelts\u00e9g\u00e9hez<br \/>\n\u2022 CAREFLOW leveg\u0151eloszt\u00e1s<br \/>\n\u2022 Az opcion\u00e1lis SILENT funkci\u00f3 megk\u00f6nny\u00edti az egys\u00e9g enged\u00e9lyez\u00e9si folyamat\u00e1t lak\u00f3k\u00f6z\u00f6ss\u00e9gekben<\/p>\n","protected":false},"featured_media":20921,"template":"","meta":[],"product_brand":[],"product_cat":[357,353,360,414],"product_tag":[],"class_list":{"0":"post-20912","1":"product","2":"type-product","3":"status-publish","4":"has-post-thumbnail","6":"product_cat-lakossagi-egysegek","7":"product_cat-legkondicionalas","8":"product_cat-single-split-hu","9":"product_cat-toshiba-hu-4","11":"first","12":"instock","13":"taxable","14":"shipping-taxable","15":"product-type-simple"},"yoast_head":"<!-- This site is optimized with the Yoast SEO plugin v24.3 - https:\/\/yoast.com\/wordpress\/plugins\/seo\/ -->\n<title>TOSHIBA SHORAI CURVE BLACK &amp; WHITE split R32 | SLOVKLIMA DEIMOS group, s.r.o.<\/title>\n<meta name=\"robots\" content=\"index, follow, max-snippet:-1, max-image-preview:large, max-video-preview:-1\" \/>\n<link rel=\"canonical\" href=\"https:\/\/www.slovklima.sk\/hu\/produkt\/toshiba-estia-bi-bloc-hydrobox-r290-kopia\/\" \/>\n<meta property=\"og:locale\" content=\"hu_HU\" \/>\n<meta property=\"og:type\" content=\"article\" \/>\n<meta property=\"og:title\" content=\"TOSHIBA SHORAI CURVE BLACK &amp; WHITE split R32 | SLOVKLIMA DEIMOS group, s.r.o.\" \/>\n<meta property=\"og:description\" content=\"K\u00c9SZEN \u00c1LL B\u00c1RMELY KIH\u00cdV\u00c1SRA  Tapasztalja meg a pr\u00e9mium diz\u00e1jn \u00e9s az innovat\u00edv funkci\u00f3k t\u00f6k\u00e9letes kombin\u00e1ci\u00f3j\u00e1t a HIGH LINE oszt\u00e1lyban, most eleg\u00e1ns fekete kivitelben is. A fejlett ioniz\u00e1ci\u00f3s technol\u00f3gi\u00e1val ell\u00e1tott plazma l\u00e9gtiszt\u00edt\u00f3 tiszta \u00e9s friss k\u00f6rnyezetet biztos\u00edt, m\u00edg az intelligens alkalmaz\u00e1son kereszt\u00fcli vez\u00e9rl\u00e9s \u00e9s az Energiafogyaszt\u00e1s-fel\u00fcgyeleti funkci\u00f3 maxim\u00e1lis kontrollt biztos\u00edt a k\u00e9nyelem \u00e9s az energiafogyaszt\u00e1s felett.  \u2022 A+++ oszt\u00e1ly h\u0171t\u00e9si \u00e9s f\u0171t\u00e9si \u00fczemm\u00f3dban \u2022 L\u00e9gtiszt\u00edt\u00f3 rendszer plazma ioniz\u00e1torral \u2022 WiFi adapter az egys\u00e9gek alapfelszerelts\u00e9g\u00e9hez \u2022 CAREFLOW leveg\u0151eloszt\u00e1s \u2022 Az opcion\u00e1lis SILENT funkci\u00f3 megk\u00f6nny\u00edti az egys\u00e9g enged\u00e9lyez\u00e9si folyamat\u00e1t lak\u00f3k\u00f6z\u00f6ss\u00e9gekben\" \/>\n<meta property=\"og:url\" content=\"https:\/\/www.slovklima.sk\/hu\/produkt\/toshiba-estia-bi-bloc-hydrobox-r290-kopia\/\" \/>\n<meta property=\"og:site_name\" content=\"SLOVKLIMA DEIMOS group, s.r.o.\" \/>\n<meta property=\"article:modified_time\" content=\"2026-04-30T08:33:43+00:00\" \/>\n<meta property=\"og:image\" content=\"https:\/\/www.slovklima.sk\/wp-content\/uploads\/2026\/04\/SHORAI_CURVE_single_split_3.jpg\" \/>\n\t<meta property=\"og:image:width\" content=\"800\" \/>\n\t<meta property=\"og:image:height\" content=\"1000\" \/>\n\t<meta property=\"og:image:type\" content=\"image\/jpeg\" \/>\n<meta name=\"twitter:card\" content=\"summary_large_image\" \/>\n<meta name=\"twitter:label1\" content=\"Becs\u00fclt olvas\u00e1si id\u0151\" \/>\n\t<meta name=\"twitter:data1\" content=\"1 perc\" \/>\n<script type=\"application\/ld+json\" class=\"yoast-schema-graph\">{\"@context\":\"https:\/\/schema.org\",\"@graph\":[{\"@type\":\"WebPage\",\"@id\":\"https:\/\/www.slovklima.sk\/hu\/produkt\/toshiba-estia-bi-bloc-hydrobox-r290-kopia\/\",\"url\":\"https:\/\/www.slovklima.sk\/hu\/produkt\/toshiba-estia-bi-bloc-hydrobox-r290-kopia\/\",\"name\":\"TOSHIBA SHORAI CURVE BLACK & WHITE split R32 | SLOVKLIMA DEIMOS group, s.r.o.\",\"isPartOf\":{\"@id\":\"https:\/\/www.slovklima.sk\/#website\"},\"primaryImageOfPage\":{\"@id\":\"https:\/\/www.slovklima.sk\/hu\/produkt\/toshiba-estia-bi-bloc-hydrobox-r290-kopia\/#primaryimage\"},\"image\":{\"@id\":\"https:\/\/www.slovklima.sk\/hu\/produkt\/toshiba-estia-bi-bloc-hydrobox-r290-kopia\/#primaryimage\"},\"thumbnailUrl\":\"https:\/\/www.slovklima.sk\/wp-content\/uploads\/2026\/04\/SHORAI_CURVE_single_split_3.jpg\",\"datePublished\":\"2026-04-30T08:13:48+00:00\",\"dateModified\":\"2026-04-30T08:33:43+00:00\",\"breadcrumb\":{\"@id\":\"https:\/\/www.slovklima.sk\/hu\/produkt\/toshiba-estia-bi-bloc-hydrobox-r290-kopia\/#breadcrumb\"},\"inLanguage\":\"hu\",\"potentialAction\":[{\"@type\":\"ReadAction\",\"target\":[\"https:\/\/www.slovklima.sk\/hu\/produkt\/toshiba-estia-bi-bloc-hydrobox-r290-kopia\/\"]}]},{\"@type\":\"ImageObject\",\"inLanguage\":\"hu\",\"@id\":\"https:\/\/www.slovklima.sk\/hu\/produkt\/toshiba-estia-bi-bloc-hydrobox-r290-kopia\/#primaryimage\",\"url\":\"https:\/\/www.slovklima.sk\/wp-content\/uploads\/2026\/04\/SHORAI_CURVE_single_split_3.jpg\",\"contentUrl\":\"https:\/\/www.slovklima.sk\/wp-content\/uploads\/2026\/04\/SHORAI_CURVE_single_split_3.jpg\",\"width\":800,\"height\":1000},{\"@type\":\"BreadcrumbList\",\"@id\":\"https:\/\/www.slovklima.sk\/hu\/produkt\/toshiba-estia-bi-bloc-hydrobox-r290-kopia\/#breadcrumb\",\"itemListElement\":[{\"@type\":\"ListItem\",\"position\":1,\"name\":\"Domovsk\u00e1 str\u00e1nka\",\"item\":\"https:\/\/www.slovklima.sk\/hu\/\"},{\"@type\":\"ListItem\",\"position\":2,\"name\":\"Term\u00e9kek\",\"item\":\"https:\/\/www.slovklima.sk\/termekek\/\"},{\"@type\":\"ListItem\",\"position\":3,\"name\":\"TOSHIBA SHORAI CURVE BLACK &#038; WHITE split R32\"}]},{\"@type\":\"WebSite\",\"@id\":\"https:\/\/www.slovklima.sk\/#website\",\"url\":\"https:\/\/www.slovklima.sk\/\",\"name\":\"SLOVKLIMA DEIMOS group, s.r.o.\",\"description\":\"\",\"publisher\":{\"@id\":\"https:\/\/www.slovklima.sk\/#organization\"},\"alternateName\":\"SLOVKLIMA\",\"potentialAction\":[{\"@type\":\"SearchAction\",\"target\":{\"@type\":\"EntryPoint\",\"urlTemplate\":\"https:\/\/www.slovklima.sk\/?s={search_term_string}\"},\"query-input\":{\"@type\":\"PropertyValueSpecification\",\"valueRequired\":true,\"valueName\":\"search_term_string\"}}],\"inLanguage\":\"hu\"},{\"@type\":\"Organization\",\"@id\":\"https:\/\/www.slovklima.sk\/#organization\",\"name\":\"SLOVKLIMA DEIMOS group, s.r.o.\",\"alternateName\":\"SLOVKLIMA\",\"url\":\"https:\/\/www.slovklima.sk\/\",\"logo\":{\"@type\":\"ImageObject\",\"inLanguage\":\"hu\",\"@id\":\"https:\/\/www.slovklima.sk\/#\/schema\/logo\/image\/\",\"url\":\"https:\/\/www.slovklima.sk\/wp-content\/uploads\/2022\/12\/slovklima-logo-black.svg\",\"contentUrl\":\"https:\/\/www.slovklima.sk\/wp-content\/uploads\/2022\/12\/slovklima-logo-black.svg\",\"width\":3218,\"height\":698,\"caption\":\"SLOVKLIMA DEIMOS group, s.r.o.\"},\"image\":{\"@id\":\"https:\/\/www.slovklima.sk\/#\/schema\/logo\/image\/\"}}]}<\/script>\n<!-- \/ Yoast SEO plugin. -->","yoast_head_json":{"title":"TOSHIBA SHORAI CURVE BLACK & WHITE split R32 | SLOVKLIMA DEIMOS group, s.r.o.","robots":{"index":"index","follow":"follow","max-snippet":"max-snippet:-1","max-image-preview":"max-image-preview:large","max-video-preview":"max-video-preview:-1"},"canonical":"https:\/\/www.slovklima.sk\/hu\/produkt\/toshiba-estia-bi-bloc-hydrobox-r290-kopia\/","og_locale":"hu_HU","og_type":"article","og_title":"TOSHIBA SHORAI CURVE BLACK & WHITE split R32 | SLOVKLIMA DEIMOS group, s.r.o.","og_description":"K\u00c9SZEN \u00c1LL B\u00c1RMELY KIH\u00cdV\u00c1SRA  Tapasztalja meg a pr\u00e9mium diz\u00e1jn \u00e9s az innovat\u00edv funkci\u00f3k t\u00f6k\u00e9letes kombin\u00e1ci\u00f3j\u00e1t a HIGH LINE oszt\u00e1lyban, most eleg\u00e1ns fekete kivitelben is. A fejlett ioniz\u00e1ci\u00f3s technol\u00f3gi\u00e1val ell\u00e1tott plazma l\u00e9gtiszt\u00edt\u00f3 tiszta \u00e9s friss k\u00f6rnyezetet biztos\u00edt, m\u00edg az intelligens alkalmaz\u00e1son kereszt\u00fcli vez\u00e9rl\u00e9s \u00e9s az Energiafogyaszt\u00e1s-fel\u00fcgyeleti funkci\u00f3 maxim\u00e1lis kontrollt biztos\u00edt a k\u00e9nyelem \u00e9s az energiafogyaszt\u00e1s felett.  \u2022 A+++ oszt\u00e1ly h\u0171t\u00e9si \u00e9s f\u0171t\u00e9si \u00fczemm\u00f3dban \u2022 L\u00e9gtiszt\u00edt\u00f3 rendszer plazma ioniz\u00e1torral \u2022 WiFi adapter az egys\u00e9gek alapfelszerelts\u00e9g\u00e9hez \u2022 CAREFLOW leveg\u0151eloszt\u00e1s \u2022 Az opcion\u00e1lis SILENT funkci\u00f3 megk\u00f6nny\u00edti az egys\u00e9g enged\u00e9lyez\u00e9si folyamat\u00e1t lak\u00f3k\u00f6z\u00f6ss\u00e9gekben","og_url":"https:\/\/www.slovklima.sk\/hu\/produkt\/toshiba-estia-bi-bloc-hydrobox-r290-kopia\/","og_site_name":"SLOVKLIMA DEIMOS group, s.r.o.","article_modified_time":"2026-04-30T08:33:43+00:00","og_image":[{"width":800,"height":1000,"url":"https:\/\/www.slovklima.sk\/wp-content\/uploads\/2026\/04\/SHORAI_CURVE_single_split_3.jpg","type":"image\/jpeg"}],"twitter_card":"summary_large_image","twitter_misc":{"Becs\u00fclt olvas\u00e1si id\u0151":"1 perc"},"schema":{"@context":"https:\/\/schema.org","@graph":[{"@type":"WebPage","@id":"https:\/\/www.slovklima.sk\/hu\/produkt\/toshiba-estia-bi-bloc-hydrobox-r290-kopia\/","url":"https:\/\/www.slovklima.sk\/hu\/produkt\/toshiba-estia-bi-bloc-hydrobox-r290-kopia\/","name":"TOSHIBA SHORAI CURVE BLACK & WHITE split R32 | SLOVKLIMA DEIMOS group, s.r.o.","isPartOf":{"@id":"https:\/\/www.slovklima.sk\/#website"},"primaryImageOfPage":{"@id":"https:\/\/www.slovklima.sk\/hu\/produkt\/toshiba-estia-bi-bloc-hydrobox-r290-kopia\/#primaryimage"},"image":{"@id":"https:\/\/www.slovklima.sk\/hu\/produkt\/toshiba-estia-bi-bloc-hydrobox-r290-kopia\/#primaryimage"},"thumbnailUrl":"https:\/\/www.slovklima.sk\/wp-content\/uploads\/2026\/04\/SHORAI_CURVE_single_split_3.jpg","datePublished":"2026-04-30T08:13:48+00:00","dateModified":"2026-04-30T08:33:43+00:00","breadcrumb":{"@id":"https:\/\/www.slovklima.sk\/hu\/produkt\/toshiba-estia-bi-bloc-hydrobox-r290-kopia\/#breadcrumb"},"inLanguage":"hu","potentialAction":[{"@type":"ReadAction","target":["https:\/\/www.slovklima.sk\/hu\/produkt\/toshiba-estia-bi-bloc-hydrobox-r290-kopia\/"]}]},{"@type":"ImageObject","inLanguage":"hu","@id":"https:\/\/www.slovklima.sk\/hu\/produkt\/toshiba-estia-bi-bloc-hydrobox-r290-kopia\/#primaryimage","url":"https:\/\/www.slovklima.sk\/wp-content\/uploads\/2026\/04\/SHORAI_CURVE_single_split_3.jpg","contentUrl":"https:\/\/www.slovklima.sk\/wp-content\/uploads\/2026\/04\/SHORAI_CURVE_single_split_3.jpg","width":800,"height":1000},{"@type":"BreadcrumbList","@id":"https:\/\/www.slovklima.sk\/hu\/produkt\/toshiba-estia-bi-bloc-hydrobox-r290-kopia\/#breadcrumb","itemListElement":[{"@type":"ListItem","position":1,"name":"Domovsk\u00e1 str\u00e1nka","item":"https:\/\/www.slovklima.sk\/hu\/"},{"@type":"ListItem","position":2,"name":"Term\u00e9kek","item":"https:\/\/www.slovklima.sk\/termekek\/"},{"@type":"ListItem","position":3,"name":"TOSHIBA SHORAI CURVE BLACK &#038; WHITE split R32"}]},{"@type":"WebSite","@id":"https:\/\/www.slovklima.sk\/#website","url":"https:\/\/www.slovklima.sk\/","name":"SLOVKLIMA DEIMOS group, s.r.o.","description":"","publisher":{"@id":"https:\/\/www.slovklima.sk\/#organization"},"alternateName":"SLOVKLIMA","potentialAction":[{"@type":"SearchAction","target":{"@type":"EntryPoint","urlTemplate":"https:\/\/www.slovklima.sk\/?s={search_term_string}"},"query-input":{"@type":"PropertyValueSpecification","valueRequired":true,"valueName":"search_term_string"}}],"inLanguage":"hu"},{"@type":"Organization","@id":"https:\/\/www.slovklima.sk\/#organization","name":"SLOVKLIMA DEIMOS group, s.r.o.","alternateName":"SLOVKLIMA","url":"https:\/\/www.slovklima.sk\/","logo":{"@type":"ImageObject","inLanguage":"hu","@id":"https:\/\/www.slovklima.sk\/#\/schema\/logo\/image\/","url":"https:\/\/www.slovklima.sk\/wp-content\/uploads\/2022\/12\/slovklima-logo-black.svg","contentUrl":"https:\/\/www.slovklima.sk\/wp-content\/uploads\/2022\/12\/slovklima-logo-black.svg","width":3218,"height":698,"caption":"SLOVKLIMA DEIMOS group, s.r.o."},"image":{"@id":"https:\/\/www.slovklima.sk\/#\/schema\/logo\/image\/"}}]}},"_links":{"self":[{"href":"https:\/\/www.slovklima.sk\/hu\/wp-json\/wp\/v2\/product\/20912","targetHints":{"allow":["GET"]}}],"collection":[{"href":"https:\/\/www.slovklima.sk\/hu\/wp-json\/wp\/v2\/product"}],"about":[{"href":"https:\/\/www.slovklima.sk\/hu\/wp-json\/wp\/v2\/types\/product"}],"wp:featuredmedia":[{"embeddable":true,"href":"https:\/\/www.slovklima.sk\/hu\/wp-json\/wp\/v2\/media\/20921"}],"wp:attachment":[{"href":"https:\/\/www.slovklima.sk\/hu\/wp-json\/wp\/v2\/media?parent=20912"}],"wp:term":[{"taxonomy":"product_brand","embeddable":true,"href":"https:\/\/www.slovklima.sk\/hu\/wp-json\/wp\/v2\/product_brand?post=20912"},{"taxonomy":"product_cat","embeddable":true,"href":"https:\/\/www.slovklima.sk\/hu\/wp-json\/wp\/v2\/product_cat?post=20912"},{"taxonomy":"product_tag","embeddable":true,"href":"https:\/\/www.slovklima.sk\/hu\/wp-json\/wp\/v2\/product_tag?post=20912"}],"curies":[{"name":"wp","href":"https:\/\/api.w.org\/{rel}","templated":true}]}}