{"id":19088,"date":"2025-11-13T09:30:52","date_gmt":"2025-11-13T08:30:52","guid":{"rendered":"https:\/\/www.slovklima.sk\/?post_type=product&#038;p=19088"},"modified":"2026-04-29T09:47:05","modified_gmt":"2026-04-29T07:47:05","slug":"ai-therma-monoblok-all-in-one-so-zasobnikom-tuv-r290","status":"publish","type":"product","link":"https:\/\/www.slovklima.sk\/hu\/produkt\/ai-therma-monoblok-all-in-one-so-zasobnikom-tuv-r290\/","title":{"rendered":"AI THERMA Monoblok ALL IN ONE R290 melegv\u00edz-tart\u00e1llyal"},"content":{"rendered":"<section class=\"wpb-content-wrapper\"><p>[vc_row][vc_column el_class=&#8221;table-style&#8221; woodmart_css_id=&#8221;67a380ac66944&#8243; parallax_scroll=&#8221;no&#8221; woodmart_sticky_column=&#8221;false&#8221; wd_collapsible_content_switcher=&#8221;no&#8221; wd_column_role_offcanvas_desktop=&#8221;no&#8221; wd_column_role_offcanvas_tablet=&#8221;no&#8221; wd_column_role_offcanvas_mobile=&#8221;no&#8221; wd_column_role_content_desktop=&#8221;no&#8221; wd_column_role_content_tablet=&#8221;no&#8221; wd_column_role_content_mobile=&#8221;no&#8221; mobile_bg_img_hidden=&#8221;no&#8221; tablet_bg_img_hidden=&#8221;no&#8221; woodmart_parallax=&#8221;0&#8243; woodmart_box_shadow=&#8221;no&#8221; responsive_spacing=&#8221;eyJwYXJhbV90eXBlIjoid29vZG1hcnRfcmVzcG9uc2l2ZV9zcGFjaW5nIiwic2VsZWN0b3JfaWQiOiI2N2EzODBhYzY2OTQ0Iiwic2hvcnRjb2RlIjoidmNfY29sdW1uIiwiZGF0YSI6eyJ0YWJsZXQiOnt9LCJtb2JpbGUiOnt9fX0=&#8221; mobile_reset_margin=&#8221;no&#8221; tablet_reset_margin=&#8221;no&#8221; wd_z_index=&#8221;no&#8221;][vc_column_text woodmart_inline=&#8221;no&#8221; text_larger=&#8221;no&#8221;]<\/p>\n<p>A h\u0151szivatty\u00fa \u00fczemi tartom\u00e1nya -25\u00b0C \u00e9s 48\u00b0C k\u00f6z\u00f6tt van, a maxim\u00e1lis kil\u00e9p\u0151 v\u00edzh\u0151m\u00e9rs\u00e9klet pedig el\u00e9rheti a 80\u00b0C-ot (elektromos f\u0171t\u00e9s n\u00e9lk\u00fcl). -10\u00b0C-os leveg\u0151h\u0151m\u00e9rs\u00e9klet mellett a rendszer 80\u00b0C-os vizet k\u00e9pes biztos\u00edtani, mik\u00f6zben -7\u00b0C-on 100%-os, -10\u00b0C-on 90%-os, -15\u00b0C-on 75%-os \u00e9s -20\u00b0C-on 65%-os f\u0171t\u0151teljes\u00edtm\u00e9nyt biztos\u00edt. Mind a tekercsek, mind a v\u00edztart\u00e1ly bels\u0151 tart\u00e1lya 316-os t\u00edpus\u00fa rozsdamentes ac\u00e9lb\u00f3l k\u00e9sz\u00fclt, a tart\u00e1ly \u0171rtartalma 190 l. A 45 mm vastag szigetel\u00e9s biztos\u00edtja, hogy a v\u00edz h\u0151m\u00e9rs\u00e9klete 24 \u00f3ra alatt mind\u00f6ssze 7\u00b0C-kal cs\u00f6kkenjen.<\/p>\n<p>A k\u00e9sz\u00fcl\u00e9k magas szint\u0171 biztons\u00e1ggal rendelkezik a v\u00edz \u00e9s a g\u00e1z sz\u00e9tv\u00e1laszt\u00e1s\u00e1nak k\u00f6sz\u00f6nhet\u0151en &#8211; a k\u00fclt\u00e9ri egys\u00e9g be\u00e9p\u00edtett v\u00edz- \u00e9s g\u00e1zlev\u00e1laszt\u00f3val, valamint automatikus l\u00e9gtelen\u00edt\u0151 szeleppel, m\u00edg a belt\u00e9ri egys\u00e9g k\u00e9zi l\u00e9gtelen\u00edt\u0151 szeleppel rendelkezik. A rendszer n\u00e9gyf\u00e9le szab\u00e1lyoz\u00e1si m\u00f3dot tesz lehet\u0151v\u00e9: kil\u00e9p\u0151 v\u00edz h\u0151m\u00e9rs\u00e9klete, szobah\u0151m\u00e9rs\u00e9klet, t\u00e1rol\u00f3tart\u00e1ly h\u0151m\u00e9rs\u00e9klete vagy termoszt\u00e1t.<\/p>\n<p>\u201eEr\u0151teljes\u201d m\u00f3dban gyors h\u0171t\u00e9st \u00e9s f\u0171t\u00e9st k\u00edn\u00e1l 30%-os teljes\u00edtm\u00e9nyn\u00f6veked\u00e9ssel. A fert\u0151tlen\u00edt\u00e9si funkci\u00f3 lehet\u0151v\u00e9 teszi a h\u0151m\u00e9rs\u00e9klet 65 \u00b0C-ra \u00e1ll\u00edt\u00e1s\u00e1t 15 percre, mik\u00f6zben a fert\u0151tlen\u00edt\u00e9si hat\u00e9konys\u00e1g el\u00e9ri a 99,99%-ot. A \u201eHoliday away\u201d funkci\u00f3t t\u00e9li szabads\u00e1g alatt haszn\u00e1lj\u00e1k &#8211; megakad\u00e1lyozza a rendszer befagy\u00e1s\u00e1t \u00e9s egy\u00fattal energi\u00e1t takar\u00edt meg.<\/p>\n<p>A h\u0151szivatty\u00fa t\u00e1mogatja a k\u00e9tz\u00f3n\u00e1s szab\u00e1lyoz\u00e1st, azaz k\u00e9t z\u00f3na vagy k\u00e9t v\u00e9gberendez\u00e9s f\u00fcggetlen szab\u00e1lyoz\u00e1s\u00e1t. A 0\u201310 V-os szab\u00e1lyoz\u00e1s\u00fa FLH kever\u0151szelep \u00b10,5 \u00b0C-on bel\u00fcl tartja a helyis\u00e9g h\u0151m\u00e9rs\u00e9klet-ingadoz\u00e1s\u00e1t. ECO m\u00f3dban a felhaszn\u00e1l\u00f3 nyolc el\u0151re be\u00e1ll\u00edtott g\u00f6rbe k\u00f6z\u00fcl v\u00e1laszthat, vagy saj\u00e1t szok\u00e1sai szerint l\u00e9trehozhat egy kilencediket, mik\u00f6zben minden z\u00f3na k\u00fcl\u00f6n be\u00e1ll\u00edthat\u00f3.<\/p>\n<p>Az intelligens vezet\u00e9kes vez\u00e9rl\u0151 18 nyelvet t\u00e1mogat, sz\u00ednes kijelz\u0151vel \u00e9s \u00e1ttekinthet\u0151 fel\u00fclettel rendelkezik, be\u00e9p\u00edtett Wi-Fi modullal, h\u0151m\u00e9rs\u00e9klet-\u00e9rz\u00e9kel\u0151vel \u00e9s USB porttal rendelkezik a program friss\u00edt\u00e9s\u00e9hez vagy a be\u00e1ll\u00edt\u00e1sok m\u00e1sol\u00e1s\u00e1hoz. A g\u00e1z- \u00e9s v\u00edzcsatlakoz\u00f3 funkci\u00f3 lehet\u0151v\u00e9 teszi a g\u00e1zkaz\u00e1nhoz val\u00f3 csatlakoz\u00e1st \u2013 egy h\u0151szivatty\u00fa vagy kaz\u00e1n f\u0151 h\u0151forr\u00e1sk\u00e9nt szolg\u00e1lhat mind a f\u0171t\u00e9shez, mind a haszn\u00e1lati meleg v\u00edz el\u0151\u00e1ll\u00edt\u00e1s\u00e1hoz. A MODBUS rendszernek k\u00f6sz\u00f6nhet\u0151en az egys\u00e9g k\u00f6zpontilag vez\u00e9relhet\u0151, \u00e9s t\u00f6bb mint 110 param\u00e9ter \u00e1ll\u00edthat\u00f3 be. Az \u00faj vezet\u00e9kes vez\u00e9rl\u0151 be\u00e9p\u00edtett \u00e1tj\u00e1r\u00f3val rendelkezik, amely biztos\u00edtja a kompatibilit\u00e1st az intelligens \u00e9p\u00fcletfel\u00fcgyeleti rendszerekkel.<\/p>\n<p> <\/p>\n<table>\n<thead>\n<tr>\n<th>Modell<\/th>\n<th>Energia<em>V<\/em><\/th>\n<th>Teljes\u00edtm\u00e9nykW<em>kW (padl\u00f3f\u0171t\u00e9s + h\u0171t\u00e9s)<\/em><\/th>\n<th>M\u00e9ret<em>belt\u00e9ri + k\u00fclt\u00e9ri egys\u00e9g<\/em><\/th>\n<\/tr>\n<\/thead>\n<tbody>\n<tr>\n<td>ACHA-H06\/4R2EA19 (I)<br \/>\nAC-H6\/4R2EA(HA) (O)<\/td>\n<td>220 &#8211; 240<\/td>\n<td>k\u00e9sz\u00fcl\u00fcnk<\/td>\n<td>600x600x1795 \/ 1280x420x1040<\/td>\n<\/tr>\n<tr>\n<td>ACHA-H08\/4R2EA19 (I)<br \/>\nAC-H8\/4R2EA(HA) (O)<\/td>\n<td>220 &#8211; 240<\/td>\n<td>8,3 \/ 8,4<\/td>\n<td>600x600x1795 \/ 1280x420x1040<\/td>\n<\/tr>\n<tr>\n<td>ACHA-H10\/4R2EA19 (I)<br \/>\nAC-H10\/4R2EA(HA) (O)<\/td>\n<td>220 &#8211; 240<\/td>\n<td>10,0 \/ 11,0<\/td>\n<td>600x600x1795 \/ 1280x420x1040<\/td>\n<\/tr>\n<tr>\n<td>ACHA-H12\/5R2EA19 (I)<br \/>\nAC-H12\/5R2EA(HA) (O)<\/td>\n<td>380 \u2013 415<\/td>\n<td>13,3 \/ 14,3<\/td>\n<td>600x600x1795 \/ 1280x420x1040<\/td>\n<\/tr>\n<tr>\n<td>ACHA-H14\/5R2EA19 (I)<br \/>\nAC-H14\/5R2EA(HA) (O)<\/td>\n<td>380 \u2013 415<\/td>\n<td>14,8 \/ 15,1<\/td>\n<td>600x600x1795 \/ 1280x420x1040<\/td>\n<\/tr>\n<tr>\n<td>ACHA-H16\/5R2EA19 (I)<br \/>\nAC-H16\/5R2EA(HA) (O)<\/td>\n<td>380 \u2013 415<\/td>\n<td>15,8 \/ 16,8<\/td>\n<td>600x600x1795 \/ 1280x420x1040<\/td>\n<\/tr>\n<\/tbody>\n<\/table>\n<p>[\/vc_column_text][\/vc_column][\/vc_row]<\/p>\n<\/section>","protected":false},"excerpt":{"rendered":"<p>A h\u0151szivatty\u00fa t\u00e1mogatja a k\u00e9tz\u00f3n\u00e1s szab\u00e1lyoz\u00e1st, azaz k\u00e9t z\u00f3na vagy k\u00e9t v\u00e9gberendez\u00e9s f\u00fcggetlen szab\u00e1lyoz\u00e1s\u00e1t. A 0\u201310 V-os szab\u00e1lyoz\u00e1s\u00fa FLH kever\u0151szelep \u00b10,5 \u00b0C-on bel\u00fcl tartja a helyis\u00e9g h\u0151m\u00e9rs\u00e9klet-ingadoz\u00e1s\u00e1t. ECO m\u00f3dban a felhaszn\u00e1l\u00f3 nyolc el\u0151re be\u00e1ll\u00edtott g\u00f6rbe k\u00f6z\u00fcl v\u00e1laszthat, vagy saj\u00e1t szok\u00e1sai szerint l\u00e9trehozhat egy kilencediket, mik\u00f6zben minden z\u00f3na k\u00fcl\u00f6n be\u00e1ll\u00edthat\u00f3.<\/p>\n","protected":false},"featured_media":19124,"template":"","meta":[],"product_brand":[],"product_cat":[419,479],"product_tag":[],"class_list":{"0":"post-19088","1":"product","2":"type-product","3":"status-publish","4":"has-post-thumbnail","6":"product_cat-hoszivattyuk","7":"product_cat-aux-ai-therma-hu","9":"first","10":"instock","11":"taxable","12":"shipping-taxable","13":"product-type-simple"},"yoast_head":"<!-- This site is optimized with the Yoast SEO plugin v24.3 - https:\/\/yoast.com\/wordpress\/plugins\/seo\/ -->\n<title>AI THERMA Monoblok ALL IN ONE R290 melegv\u00edz-tart\u00e1llyal | SLOVKLIMA DEIMOS group, s.r.o.<\/title>\n<meta name=\"robots\" content=\"index, follow, max-snippet:-1, max-image-preview:large, max-video-preview:-1\" \/>\n<link rel=\"canonical\" href=\"https:\/\/www.slovklima.sk\/hu\/produkt\/ai-therma-monoblok-all-in-one-so-zasobnikom-tuv-r290\/\" \/>\n<meta property=\"og:locale\" content=\"hu_HU\" \/>\n<meta property=\"og:type\" content=\"article\" \/>\n<meta property=\"og:title\" content=\"AI THERMA Monoblok ALL IN ONE R290 melegv\u00edz-tart\u00e1llyal | SLOVKLIMA DEIMOS group, s.r.o.\" \/>\n<meta property=\"og:description\" content=\"A h\u0151szivatty\u00fa t\u00e1mogatja a k\u00e9tz\u00f3n\u00e1s szab\u00e1lyoz\u00e1st, azaz k\u00e9t z\u00f3na vagy k\u00e9t v\u00e9gberendez\u00e9s f\u00fcggetlen szab\u00e1lyoz\u00e1s\u00e1t. A 0\u201310 V-os szab\u00e1lyoz\u00e1s\u00fa FLH kever\u0151szelep \u00b10,5 \u00b0C-on bel\u00fcl tartja a helyis\u00e9g h\u0151m\u00e9rs\u00e9klet-ingadoz\u00e1s\u00e1t. ECO m\u00f3dban a felhaszn\u00e1l\u00f3 nyolc el\u0151re be\u00e1ll\u00edtott g\u00f6rbe k\u00f6z\u00fcl v\u00e1laszthat, vagy saj\u00e1t szok\u00e1sai szerint l\u00e9trehozhat egy kilencediket, mik\u00f6zben minden z\u00f3na k\u00fcl\u00f6n be\u00e1ll\u00edthat\u00f3.\" \/>\n<meta property=\"og:url\" content=\"https:\/\/www.slovklima.sk\/hu\/produkt\/ai-therma-monoblok-all-in-one-so-zasobnikom-tuv-r290\/\" \/>\n<meta property=\"og:site_name\" content=\"SLOVKLIMA DEIMOS group, s.r.o.\" \/>\n<meta property=\"article:modified_time\" content=\"2026-04-29T07:47:05+00:00\" \/>\n<meta property=\"og:image\" content=\"https:\/\/www.slovklima.sk\/wp-content\/uploads\/2025\/11\/all-r290-01-1.jpg\" \/>\n\t<meta property=\"og:image:width\" content=\"800\" \/>\n\t<meta property=\"og:image:height\" content=\"1000\" \/>\n\t<meta property=\"og:image:type\" content=\"image\/jpeg\" \/>\n<meta name=\"twitter:card\" content=\"summary_large_image\" \/>\n<meta name=\"twitter:label1\" content=\"Becs\u00fclt olvas\u00e1si id\u0151\" \/>\n\t<meta name=\"twitter:data1\" content=\"3 perc\" \/>\n<script type=\"application\/ld+json\" class=\"yoast-schema-graph\">{\"@context\":\"https:\/\/schema.org\",\"@graph\":[{\"@type\":\"WebPage\",\"@id\":\"https:\/\/www.slovklima.sk\/hu\/produkt\/ai-therma-monoblok-all-in-one-so-zasobnikom-tuv-r290\/\",\"url\":\"https:\/\/www.slovklima.sk\/hu\/produkt\/ai-therma-monoblok-all-in-one-so-zasobnikom-tuv-r290\/\",\"name\":\"AI THERMA Monoblok ALL IN ONE R290 melegv\u00edz-tart\u00e1llyal | SLOVKLIMA DEIMOS group, s.r.o.\",\"isPartOf\":{\"@id\":\"https:\/\/www.slovklima.sk\/#website\"},\"primaryImageOfPage\":{\"@id\":\"https:\/\/www.slovklima.sk\/hu\/produkt\/ai-therma-monoblok-all-in-one-so-zasobnikom-tuv-r290\/#primaryimage\"},\"image\":{\"@id\":\"https:\/\/www.slovklima.sk\/hu\/produkt\/ai-therma-monoblok-all-in-one-so-zasobnikom-tuv-r290\/#primaryimage\"},\"thumbnailUrl\":\"https:\/\/www.slovklima.sk\/wp-content\/uploads\/2025\/11\/all-r290-01-1.jpg\",\"datePublished\":\"2025-11-13T08:30:52+00:00\",\"dateModified\":\"2026-04-29T07:47:05+00:00\",\"breadcrumb\":{\"@id\":\"https:\/\/www.slovklima.sk\/hu\/produkt\/ai-therma-monoblok-all-in-one-so-zasobnikom-tuv-r290\/#breadcrumb\"},\"inLanguage\":\"hu\",\"potentialAction\":[{\"@type\":\"ReadAction\",\"target\":[\"https:\/\/www.slovklima.sk\/hu\/produkt\/ai-therma-monoblok-all-in-one-so-zasobnikom-tuv-r290\/\"]}]},{\"@type\":\"ImageObject\",\"inLanguage\":\"hu\",\"@id\":\"https:\/\/www.slovklima.sk\/hu\/produkt\/ai-therma-monoblok-all-in-one-so-zasobnikom-tuv-r290\/#primaryimage\",\"url\":\"https:\/\/www.slovklima.sk\/wp-content\/uploads\/2025\/11\/all-r290-01-1.jpg\",\"contentUrl\":\"https:\/\/www.slovklima.sk\/wp-content\/uploads\/2025\/11\/all-r290-01-1.jpg\",\"width\":800,\"height\":1000},{\"@type\":\"BreadcrumbList\",\"@id\":\"https:\/\/www.slovklima.sk\/hu\/produkt\/ai-therma-monoblok-all-in-one-so-zasobnikom-tuv-r290\/#breadcrumb\",\"itemListElement\":[{\"@type\":\"ListItem\",\"position\":1,\"name\":\"Domovsk\u00e1 str\u00e1nka\",\"item\":\"https:\/\/www.slovklima.sk\/hu\/\"},{\"@type\":\"ListItem\",\"position\":2,\"name\":\"Term\u00e9kek\",\"item\":\"https:\/\/www.slovklima.sk\/termekek\/\"},{\"@type\":\"ListItem\",\"position\":3,\"name\":\"AI THERMA Monoblok ALL IN ONE R290 melegv\u00edz-tart\u00e1llyal\"}]},{\"@type\":\"WebSite\",\"@id\":\"https:\/\/www.slovklima.sk\/#website\",\"url\":\"https:\/\/www.slovklima.sk\/\",\"name\":\"SLOVKLIMA DEIMOS group, s.r.o.\",\"description\":\"\",\"publisher\":{\"@id\":\"https:\/\/www.slovklima.sk\/#organization\"},\"alternateName\":\"SLOVKLIMA\",\"potentialAction\":[{\"@type\":\"SearchAction\",\"target\":{\"@type\":\"EntryPoint\",\"urlTemplate\":\"https:\/\/www.slovklima.sk\/?s={search_term_string}\"},\"query-input\":{\"@type\":\"PropertyValueSpecification\",\"valueRequired\":true,\"valueName\":\"search_term_string\"}}],\"inLanguage\":\"hu\"},{\"@type\":\"Organization\",\"@id\":\"https:\/\/www.slovklima.sk\/#organization\",\"name\":\"SLOVKLIMA DEIMOS group, s.r.o.\",\"alternateName\":\"SLOVKLIMA\",\"url\":\"https:\/\/www.slovklima.sk\/\",\"logo\":{\"@type\":\"ImageObject\",\"inLanguage\":\"hu\",\"@id\":\"https:\/\/www.slovklima.sk\/#\/schema\/logo\/image\/\",\"url\":\"https:\/\/www.slovklima.sk\/wp-content\/uploads\/2022\/12\/slovklima-logo-black.svg\",\"contentUrl\":\"https:\/\/www.slovklima.sk\/wp-content\/uploads\/2022\/12\/slovklima-logo-black.svg\",\"width\":3218,\"height\":698,\"caption\":\"SLOVKLIMA DEIMOS group, s.r.o.\"},\"image\":{\"@id\":\"https:\/\/www.slovklima.sk\/#\/schema\/logo\/image\/\"}}]}<\/script>\n<!-- \/ Yoast SEO plugin. -->","yoast_head_json":{"title":"AI THERMA Monoblok ALL IN ONE R290 melegv\u00edz-tart\u00e1llyal | SLOVKLIMA DEIMOS group, s.r.o.","robots":{"index":"index","follow":"follow","max-snippet":"max-snippet:-1","max-image-preview":"max-image-preview:large","max-video-preview":"max-video-preview:-1"},"canonical":"https:\/\/www.slovklima.sk\/hu\/produkt\/ai-therma-monoblok-all-in-one-so-zasobnikom-tuv-r290\/","og_locale":"hu_HU","og_type":"article","og_title":"AI THERMA Monoblok ALL IN ONE R290 melegv\u00edz-tart\u00e1llyal | SLOVKLIMA DEIMOS group, s.r.o.","og_description":"A h\u0151szivatty\u00fa t\u00e1mogatja a k\u00e9tz\u00f3n\u00e1s szab\u00e1lyoz\u00e1st, azaz k\u00e9t z\u00f3na vagy k\u00e9t v\u00e9gberendez\u00e9s f\u00fcggetlen szab\u00e1lyoz\u00e1s\u00e1t. A 0\u201310 V-os szab\u00e1lyoz\u00e1s\u00fa FLH kever\u0151szelep \u00b10,5 \u00b0C-on bel\u00fcl tartja a helyis\u00e9g h\u0151m\u00e9rs\u00e9klet-ingadoz\u00e1s\u00e1t. ECO m\u00f3dban a felhaszn\u00e1l\u00f3 nyolc el\u0151re be\u00e1ll\u00edtott g\u00f6rbe k\u00f6z\u00fcl v\u00e1laszthat, vagy saj\u00e1t szok\u00e1sai szerint l\u00e9trehozhat egy kilencediket, mik\u00f6zben minden z\u00f3na k\u00fcl\u00f6n be\u00e1ll\u00edthat\u00f3.","og_url":"https:\/\/www.slovklima.sk\/hu\/produkt\/ai-therma-monoblok-all-in-one-so-zasobnikom-tuv-r290\/","og_site_name":"SLOVKLIMA DEIMOS group, s.r.o.","article_modified_time":"2026-04-29T07:47:05+00:00","og_image":[{"width":800,"height":1000,"url":"https:\/\/www.slovklima.sk\/wp-content\/uploads\/2025\/11\/all-r290-01-1.jpg","type":"image\/jpeg"}],"twitter_card":"summary_large_image","twitter_misc":{"Becs\u00fclt olvas\u00e1si id\u0151":"3 perc"},"schema":{"@context":"https:\/\/schema.org","@graph":[{"@type":"WebPage","@id":"https:\/\/www.slovklima.sk\/hu\/produkt\/ai-therma-monoblok-all-in-one-so-zasobnikom-tuv-r290\/","url":"https:\/\/www.slovklima.sk\/hu\/produkt\/ai-therma-monoblok-all-in-one-so-zasobnikom-tuv-r290\/","name":"AI THERMA Monoblok ALL IN ONE R290 melegv\u00edz-tart\u00e1llyal | SLOVKLIMA DEIMOS group, s.r.o.","isPartOf":{"@id":"https:\/\/www.slovklima.sk\/#website"},"primaryImageOfPage":{"@id":"https:\/\/www.slovklima.sk\/hu\/produkt\/ai-therma-monoblok-all-in-one-so-zasobnikom-tuv-r290\/#primaryimage"},"image":{"@id":"https:\/\/www.slovklima.sk\/hu\/produkt\/ai-therma-monoblok-all-in-one-so-zasobnikom-tuv-r290\/#primaryimage"},"thumbnailUrl":"https:\/\/www.slovklima.sk\/wp-content\/uploads\/2025\/11\/all-r290-01-1.jpg","datePublished":"2025-11-13T08:30:52+00:00","dateModified":"2026-04-29T07:47:05+00:00","breadcrumb":{"@id":"https:\/\/www.slovklima.sk\/hu\/produkt\/ai-therma-monoblok-all-in-one-so-zasobnikom-tuv-r290\/#breadcrumb"},"inLanguage":"hu","potentialAction":[{"@type":"ReadAction","target":["https:\/\/www.slovklima.sk\/hu\/produkt\/ai-therma-monoblok-all-in-one-so-zasobnikom-tuv-r290\/"]}]},{"@type":"ImageObject","inLanguage":"hu","@id":"https:\/\/www.slovklima.sk\/hu\/produkt\/ai-therma-monoblok-all-in-one-so-zasobnikom-tuv-r290\/#primaryimage","url":"https:\/\/www.slovklima.sk\/wp-content\/uploads\/2025\/11\/all-r290-01-1.jpg","contentUrl":"https:\/\/www.slovklima.sk\/wp-content\/uploads\/2025\/11\/all-r290-01-1.jpg","width":800,"height":1000},{"@type":"BreadcrumbList","@id":"https:\/\/www.slovklima.sk\/hu\/produkt\/ai-therma-monoblok-all-in-one-so-zasobnikom-tuv-r290\/#breadcrumb","itemListElement":[{"@type":"ListItem","position":1,"name":"Domovsk\u00e1 str\u00e1nka","item":"https:\/\/www.slovklima.sk\/hu\/"},{"@type":"ListItem","position":2,"name":"Term\u00e9kek","item":"https:\/\/www.slovklima.sk\/termekek\/"},{"@type":"ListItem","position":3,"name":"AI THERMA Monoblok ALL IN ONE R290 melegv\u00edz-tart\u00e1llyal"}]},{"@type":"WebSite","@id":"https:\/\/www.slovklima.sk\/#website","url":"https:\/\/www.slovklima.sk\/","name":"SLOVKLIMA DEIMOS group, s.r.o.","description":"","publisher":{"@id":"https:\/\/www.slovklima.sk\/#organization"},"alternateName":"SLOVKLIMA","potentialAction":[{"@type":"SearchAction","target":{"@type":"EntryPoint","urlTemplate":"https:\/\/www.slovklima.sk\/?s={search_term_string}"},"query-input":{"@type":"PropertyValueSpecification","valueRequired":true,"valueName":"search_term_string"}}],"inLanguage":"hu"},{"@type":"Organization","@id":"https:\/\/www.slovklima.sk\/#organization","name":"SLOVKLIMA DEIMOS group, s.r.o.","alternateName":"SLOVKLIMA","url":"https:\/\/www.slovklima.sk\/","logo":{"@type":"ImageObject","inLanguage":"hu","@id":"https:\/\/www.slovklima.sk\/#\/schema\/logo\/image\/","url":"https:\/\/www.slovklima.sk\/wp-content\/uploads\/2022\/12\/slovklima-logo-black.svg","contentUrl":"https:\/\/www.slovklima.sk\/wp-content\/uploads\/2022\/12\/slovklima-logo-black.svg","width":3218,"height":698,"caption":"SLOVKLIMA DEIMOS group, s.r.o."},"image":{"@id":"https:\/\/www.slovklima.sk\/#\/schema\/logo\/image\/"}}]}},"_links":{"self":[{"href":"https:\/\/www.slovklima.sk\/hu\/wp-json\/wp\/v2\/product\/19088","targetHints":{"allow":["GET"]}}],"collection":[{"href":"https:\/\/www.slovklima.sk\/hu\/wp-json\/wp\/v2\/product"}],"about":[{"href":"https:\/\/www.slovklima.sk\/hu\/wp-json\/wp\/v2\/types\/product"}],"wp:featuredmedia":[{"embeddable":true,"href":"https:\/\/www.slovklima.sk\/hu\/wp-json\/wp\/v2\/media\/19124"}],"wp:attachment":[{"href":"https:\/\/www.slovklima.sk\/hu\/wp-json\/wp\/v2\/media?parent=19088"}],"wp:term":[{"taxonomy":"product_brand","embeddable":true,"href":"https:\/\/www.slovklima.sk\/hu\/wp-json\/wp\/v2\/product_brand?post=19088"},{"taxonomy":"product_cat","embeddable":true,"href":"https:\/\/www.slovklima.sk\/hu\/wp-json\/wp\/v2\/product_cat?post=19088"},{"taxonomy":"product_tag","embeddable":true,"href":"https:\/\/www.slovklima.sk\/hu\/wp-json\/wp\/v2\/product_tag?post=19088"}],"curies":[{"name":"wp","href":"https:\/\/api.w.org\/{rel}","templated":true}]}}