{"id":18480,"date":"2025-08-18T09:08:33","date_gmt":"2025-08-18T07:08:33","guid":{"rendered":"https:\/\/www.slovklima.sk\/?post_type=product&#038;p=18480"},"modified":"2025-08-18T09:32:10","modified_gmt":"2025-08-18T07:32:10","slug":"lepidlo-na-pvc-potrubia-kondenzu-tecnosystemi","status":"publish","type":"product","link":"https:\/\/www.slovklima.sk\/hu\/produkt\/lepidlo-na-pvc-potrubia-kondenzu-tecnosystemi\/","title":{"rendered":"Lepidlo na PVC potrubia kondenzu Tecnosystemi"},"content":{"rendered":"","protected":false},"excerpt":{"rendered":"<p>Ide o lepidlo ur\u010den\u00e9 na pevn\u00e9 a trval\u00e9 sp\u00e1janie PVC potrub\u00ed a tvaroviek v syst\u00e9moch odvodu kondenz\u00e1tu. Vyu\u017e\u00edva sa najm\u00e4 pri mont\u00e1\u017ei klimatiz\u00e1ci\u00ed, kde je d\u00f4le\u017eit\u00e9 zabezpe\u010di\u0165 \u00faplne tesn\u00e9 spoje. R\u00fdchlo tuhne, \u013eahko sa nan\u00e1\u0161a a odol\u00e1va vlhkosti aj teplotn\u00fdm v\u00fdkyvom.<\/p>\n","protected":false},"featured_media":18483,"template":"","meta":[],"product_brand":[],"product_cat":[370,384,535],"product_tag":[],"class_list":{"0":"post-18480","1":"product","2":"type-product","3":"status-publish","4":"has-post-thumbnail","6":"product_cat-professzionalis-hutes","7":"product_cat-vegyi-termekek","8":"product_cat-ragasztok","10":"first","11":"instock","12":"shipping-taxable","13":"product-type-simple"},"yoast_head":"<!-- This site is optimized with the Yoast SEO plugin v24.3 - https:\/\/yoast.com\/wordpress\/plugins\/seo\/ -->\n<title>Lepidlo na PVC potrubia kondenzu Tecnosystemi | SLOVKLIMA DEIMOS group, s.r.o.<\/title>\n<meta name=\"robots\" content=\"index, follow, max-snippet:-1, max-image-preview:large, max-video-preview:-1\" \/>\n<link rel=\"canonical\" href=\"https:\/\/www.slovklima.sk\/hu\/produkt\/lepidlo-na-pvc-potrubia-kondenzu-tecnosystemi\/\" \/>\n<meta property=\"og:locale\" content=\"hu_HU\" \/>\n<meta property=\"og:type\" content=\"article\" \/>\n<meta property=\"og:title\" content=\"Lepidlo na PVC potrubia kondenzu Tecnosystemi | SLOVKLIMA DEIMOS group, s.r.o.\" \/>\n<meta property=\"og:description\" content=\"Ide o lepidlo ur\u010den\u00e9 na pevn\u00e9 a trval\u00e9 sp\u00e1janie PVC potrub\u00ed a tvaroviek v syst\u00e9moch odvodu kondenz\u00e1tu. Vyu\u017e\u00edva sa najm\u00e4 pri mont\u00e1\u017ei klimatiz\u00e1ci\u00ed, kde je d\u00f4le\u017eit\u00e9 zabezpe\u010di\u0165 \u00faplne tesn\u00e9 spoje. R\u00fdchlo tuhne, \u013eahko sa nan\u00e1\u0161a a odol\u00e1va vlhkosti aj teplotn\u00fdm v\u00fdkyvom.\" \/>\n<meta property=\"og:url\" content=\"https:\/\/www.slovklima.sk\/hu\/produkt\/lepidlo-na-pvc-potrubia-kondenzu-tecnosystemi\/\" \/>\n<meta property=\"og:site_name\" content=\"SLOVKLIMA DEIMOS group, s.r.o.\" \/>\n<meta property=\"article:modified_time\" content=\"2025-08-18T07:32:10+00:00\" \/>\n<meta property=\"og:image\" content=\"https:\/\/www.slovklima.sk\/wp-content\/uploads\/2025\/08\/11126315.jpg\" \/>\n\t<meta property=\"og:image:width\" content=\"800\" \/>\n\t<meta property=\"og:image:height\" content=\"1000\" \/>\n\t<meta property=\"og:image:type\" content=\"image\/jpeg\" \/>\n<meta name=\"twitter:card\" content=\"summary_large_image\" \/>\n<script type=\"application\/ld+json\" class=\"yoast-schema-graph\">{\"@context\":\"https:\/\/schema.org\",\"@graph\":[{\"@type\":\"WebPage\",\"@id\":\"https:\/\/www.slovklima.sk\/hu\/produkt\/lepidlo-na-pvc-potrubia-kondenzu-tecnosystemi\/\",\"url\":\"https:\/\/www.slovklima.sk\/hu\/produkt\/lepidlo-na-pvc-potrubia-kondenzu-tecnosystemi\/\",\"name\":\"Lepidlo na PVC potrubia kondenzu Tecnosystemi | SLOVKLIMA DEIMOS group, s.r.o.\",\"isPartOf\":{\"@id\":\"https:\/\/www.slovklima.sk\/#website\"},\"primaryImageOfPage\":{\"@id\":\"https:\/\/www.slovklima.sk\/hu\/produkt\/lepidlo-na-pvc-potrubia-kondenzu-tecnosystemi\/#primaryimage\"},\"image\":{\"@id\":\"https:\/\/www.slovklima.sk\/hu\/produkt\/lepidlo-na-pvc-potrubia-kondenzu-tecnosystemi\/#primaryimage\"},\"thumbnailUrl\":\"https:\/\/www.slovklima.sk\/wp-content\/uploads\/2025\/08\/11126315.jpg\",\"datePublished\":\"2025-08-18T07:08:33+00:00\",\"dateModified\":\"2025-08-18T07:32:10+00:00\",\"breadcrumb\":{\"@id\":\"https:\/\/www.slovklima.sk\/hu\/produkt\/lepidlo-na-pvc-potrubia-kondenzu-tecnosystemi\/#breadcrumb\"},\"inLanguage\":\"hu\",\"potentialAction\":[{\"@type\":\"ReadAction\",\"target\":[\"https:\/\/www.slovklima.sk\/hu\/produkt\/lepidlo-na-pvc-potrubia-kondenzu-tecnosystemi\/\"]}]},{\"@type\":\"ImageObject\",\"inLanguage\":\"hu\",\"@id\":\"https:\/\/www.slovklima.sk\/hu\/produkt\/lepidlo-na-pvc-potrubia-kondenzu-tecnosystemi\/#primaryimage\",\"url\":\"https:\/\/www.slovklima.sk\/wp-content\/uploads\/2025\/08\/11126315.jpg\",\"contentUrl\":\"https:\/\/www.slovklima.sk\/wp-content\/uploads\/2025\/08\/11126315.jpg\",\"width\":800,\"height\":1000},{\"@type\":\"BreadcrumbList\",\"@id\":\"https:\/\/www.slovklima.sk\/hu\/produkt\/lepidlo-na-pvc-potrubia-kondenzu-tecnosystemi\/#breadcrumb\",\"itemListElement\":[{\"@type\":\"ListItem\",\"position\":1,\"name\":\"Domovsk\u00e1 str\u00e1nka\",\"item\":\"https:\/\/www.slovklima.sk\/hu\/\"},{\"@type\":\"ListItem\",\"position\":2,\"name\":\"Term\u00e9kek\",\"item\":\"https:\/\/www.slovklima.sk\/termekek\/\"},{\"@type\":\"ListItem\",\"position\":3,\"name\":\"Lepidlo na PVC potrubia kondenzu Tecnosystemi\"}]},{\"@type\":\"WebSite\",\"@id\":\"https:\/\/www.slovklima.sk\/#website\",\"url\":\"https:\/\/www.slovklima.sk\/\",\"name\":\"SLOVKLIMA DEIMOS group, s.r.o.\",\"description\":\"\",\"publisher\":{\"@id\":\"https:\/\/www.slovklima.sk\/#organization\"},\"alternateName\":\"SLOVKLIMA\",\"potentialAction\":[{\"@type\":\"SearchAction\",\"target\":{\"@type\":\"EntryPoint\",\"urlTemplate\":\"https:\/\/www.slovklima.sk\/?s={search_term_string}\"},\"query-input\":{\"@type\":\"PropertyValueSpecification\",\"valueRequired\":true,\"valueName\":\"search_term_string\"}}],\"inLanguage\":\"hu\"},{\"@type\":\"Organization\",\"@id\":\"https:\/\/www.slovklima.sk\/#organization\",\"name\":\"SLOVKLIMA DEIMOS group, s.r.o.\",\"alternateName\":\"SLOVKLIMA\",\"url\":\"https:\/\/www.slovklima.sk\/\",\"logo\":{\"@type\":\"ImageObject\",\"inLanguage\":\"hu\",\"@id\":\"https:\/\/www.slovklima.sk\/#\/schema\/logo\/image\/\",\"url\":\"https:\/\/www.slovklima.sk\/wp-content\/uploads\/2022\/12\/slovklima-logo-black.svg\",\"contentUrl\":\"https:\/\/www.slovklima.sk\/wp-content\/uploads\/2022\/12\/slovklima-logo-black.svg\",\"width\":3218,\"height\":698,\"caption\":\"SLOVKLIMA DEIMOS group, s.r.o.\"},\"image\":{\"@id\":\"https:\/\/www.slovklima.sk\/#\/schema\/logo\/image\/\"}}]}<\/script>\n<!-- \/ Yoast SEO plugin. -->","yoast_head_json":{"title":"Lepidlo na PVC potrubia kondenzu Tecnosystemi | SLOVKLIMA DEIMOS group, s.r.o.","robots":{"index":"index","follow":"follow","max-snippet":"max-snippet:-1","max-image-preview":"max-image-preview:large","max-video-preview":"max-video-preview:-1"},"canonical":"https:\/\/www.slovklima.sk\/hu\/produkt\/lepidlo-na-pvc-potrubia-kondenzu-tecnosystemi\/","og_locale":"hu_HU","og_type":"article","og_title":"Lepidlo na PVC potrubia kondenzu Tecnosystemi | SLOVKLIMA DEIMOS group, s.r.o.","og_description":"Ide o lepidlo ur\u010den\u00e9 na pevn\u00e9 a trval\u00e9 sp\u00e1janie PVC potrub\u00ed a tvaroviek v syst\u00e9moch odvodu kondenz\u00e1tu. Vyu\u017e\u00edva sa najm\u00e4 pri mont\u00e1\u017ei klimatiz\u00e1ci\u00ed, kde je d\u00f4le\u017eit\u00e9 zabezpe\u010di\u0165 \u00faplne tesn\u00e9 spoje. R\u00fdchlo tuhne, \u013eahko sa nan\u00e1\u0161a a odol\u00e1va vlhkosti aj teplotn\u00fdm v\u00fdkyvom.","og_url":"https:\/\/www.slovklima.sk\/hu\/produkt\/lepidlo-na-pvc-potrubia-kondenzu-tecnosystemi\/","og_site_name":"SLOVKLIMA DEIMOS group, s.r.o.","article_modified_time":"2025-08-18T07:32:10+00:00","og_image":[{"width":800,"height":1000,"url":"https:\/\/www.slovklima.sk\/wp-content\/uploads\/2025\/08\/11126315.jpg","type":"image\/jpeg"}],"twitter_card":"summary_large_image","schema":{"@context":"https:\/\/schema.org","@graph":[{"@type":"WebPage","@id":"https:\/\/www.slovklima.sk\/hu\/produkt\/lepidlo-na-pvc-potrubia-kondenzu-tecnosystemi\/","url":"https:\/\/www.slovklima.sk\/hu\/produkt\/lepidlo-na-pvc-potrubia-kondenzu-tecnosystemi\/","name":"Lepidlo na PVC potrubia kondenzu Tecnosystemi | SLOVKLIMA DEIMOS group, s.r.o.","isPartOf":{"@id":"https:\/\/www.slovklima.sk\/#website"},"primaryImageOfPage":{"@id":"https:\/\/www.slovklima.sk\/hu\/produkt\/lepidlo-na-pvc-potrubia-kondenzu-tecnosystemi\/#primaryimage"},"image":{"@id":"https:\/\/www.slovklima.sk\/hu\/produkt\/lepidlo-na-pvc-potrubia-kondenzu-tecnosystemi\/#primaryimage"},"thumbnailUrl":"https:\/\/www.slovklima.sk\/wp-content\/uploads\/2025\/08\/11126315.jpg","datePublished":"2025-08-18T07:08:33+00:00","dateModified":"2025-08-18T07:32:10+00:00","breadcrumb":{"@id":"https:\/\/www.slovklima.sk\/hu\/produkt\/lepidlo-na-pvc-potrubia-kondenzu-tecnosystemi\/#breadcrumb"},"inLanguage":"hu","potentialAction":[{"@type":"ReadAction","target":["https:\/\/www.slovklima.sk\/hu\/produkt\/lepidlo-na-pvc-potrubia-kondenzu-tecnosystemi\/"]}]},{"@type":"ImageObject","inLanguage":"hu","@id":"https:\/\/www.slovklima.sk\/hu\/produkt\/lepidlo-na-pvc-potrubia-kondenzu-tecnosystemi\/#primaryimage","url":"https:\/\/www.slovklima.sk\/wp-content\/uploads\/2025\/08\/11126315.jpg","contentUrl":"https:\/\/www.slovklima.sk\/wp-content\/uploads\/2025\/08\/11126315.jpg","width":800,"height":1000},{"@type":"BreadcrumbList","@id":"https:\/\/www.slovklima.sk\/hu\/produkt\/lepidlo-na-pvc-potrubia-kondenzu-tecnosystemi\/#breadcrumb","itemListElement":[{"@type":"ListItem","position":1,"name":"Domovsk\u00e1 str\u00e1nka","item":"https:\/\/www.slovklima.sk\/hu\/"},{"@type":"ListItem","position":2,"name":"Term\u00e9kek","item":"https:\/\/www.slovklima.sk\/termekek\/"},{"@type":"ListItem","position":3,"name":"Lepidlo na PVC potrubia kondenzu Tecnosystemi"}]},{"@type":"WebSite","@id":"https:\/\/www.slovklima.sk\/#website","url":"https:\/\/www.slovklima.sk\/","name":"SLOVKLIMA DEIMOS group, s.r.o.","description":"","publisher":{"@id":"https:\/\/www.slovklima.sk\/#organization"},"alternateName":"SLOVKLIMA","potentialAction":[{"@type":"SearchAction","target":{"@type":"EntryPoint","urlTemplate":"https:\/\/www.slovklima.sk\/?s={search_term_string}"},"query-input":{"@type":"PropertyValueSpecification","valueRequired":true,"valueName":"search_term_string"}}],"inLanguage":"hu"},{"@type":"Organization","@id":"https:\/\/www.slovklima.sk\/#organization","name":"SLOVKLIMA DEIMOS group, s.r.o.","alternateName":"SLOVKLIMA","url":"https:\/\/www.slovklima.sk\/","logo":{"@type":"ImageObject","inLanguage":"hu","@id":"https:\/\/www.slovklima.sk\/#\/schema\/logo\/image\/","url":"https:\/\/www.slovklima.sk\/wp-content\/uploads\/2022\/12\/slovklima-logo-black.svg","contentUrl":"https:\/\/www.slovklima.sk\/wp-content\/uploads\/2022\/12\/slovklima-logo-black.svg","width":3218,"height":698,"caption":"SLOVKLIMA DEIMOS group, s.r.o."},"image":{"@id":"https:\/\/www.slovklima.sk\/#\/schema\/logo\/image\/"}}]}},"_links":{"self":[{"href":"https:\/\/www.slovklima.sk\/hu\/wp-json\/wp\/v2\/product\/18480","targetHints":{"allow":["GET"]}}],"collection":[{"href":"https:\/\/www.slovklima.sk\/hu\/wp-json\/wp\/v2\/product"}],"about":[{"href":"https:\/\/www.slovklima.sk\/hu\/wp-json\/wp\/v2\/types\/product"}],"wp:featuredmedia":[{"embeddable":true,"href":"https:\/\/www.slovklima.sk\/hu\/wp-json\/wp\/v2\/media\/18483"}],"wp:attachment":[{"href":"https:\/\/www.slovklima.sk\/hu\/wp-json\/wp\/v2\/media?parent=18480"}],"wp:term":[{"taxonomy":"product_brand","embeddable":true,"href":"https:\/\/www.slovklima.sk\/hu\/wp-json\/wp\/v2\/product_brand?post=18480"},{"taxonomy":"product_cat","embeddable":true,"href":"https:\/\/www.slovklima.sk\/hu\/wp-json\/wp\/v2\/product_cat?post=18480"},{"taxonomy":"product_tag","embeddable":true,"href":"https:\/\/www.slovklima.sk\/hu\/wp-json\/wp\/v2\/product_tag?post=18480"}],"curies":[{"name":"wp","href":"https:\/\/api.w.org\/{rel}","templated":true}]}}