{"id":18019,"date":"2025-07-31T20:20:44","date_gmt":"2025-07-31T18:20:44","guid":{"rendered":"https:\/\/www.slovklima.sk\/?post_type=product&#038;p=18019"},"modified":"2025-07-31T20:22:30","modified_gmt":"2025-07-31T18:22:30","slug":"pertlovacka-s-rezackou-tecnosystemi","status":"publish","type":"product","link":"https:\/\/www.slovklima.sk\/hu\/produkt\/pertlovacka-s-rezackou-tecnosystemi\/","title":{"rendered":"Pertlova\u010dka s reza\u010dkou Tecnosystemi"},"content":{"rendered":"","protected":false},"excerpt":{"rendered":"<p>Pertlova\u010dka s reza\u010dkou je kombinovan\u00fd n\u00e1stroj ur\u010den\u00fd na vytv\u00e1ranie pertlov a rezanie meden\u00fdch trubiek. Umo\u017e\u0148uje presn\u00fa pr\u00edpravu potrub\u00ed pre spojenie bez nutnosti v\u00fdmeny n\u00e1radia, \u010do \u0161etr\u00ed \u010das pri mont\u00e1\u017ei.<\/p>\n","protected":false},"featured_media":18022,"template":"","meta":[],"product_brand":[],"product_cat":[371,370,376],"product_tag":[],"class_list":{"0":"post-18019","1":"product","2":"type-product","3":"status-publish","4":"has-post-thumbnail","6":"product_cat-eszkozok","7":"product_cat-professzionalis-hutes","8":"product_cat-szerszamok-csovekhez","10":"first","11":"instock","12":"shipping-taxable","13":"product-type-simple"},"yoast_head":"<!-- This site is optimized with the Yoast SEO plugin v24.3 - https:\/\/yoast.com\/wordpress\/plugins\/seo\/ -->\n<title>Pertlova\u010dka s reza\u010dkou Tecnosystemi | SLOVKLIMA DEIMOS group, s.r.o.<\/title>\n<meta name=\"robots\" content=\"index, follow, max-snippet:-1, max-image-preview:large, max-video-preview:-1\" \/>\n<link rel=\"canonical\" href=\"https:\/\/www.slovklima.sk\/hu\/produkt\/pertlovacka-s-rezackou-tecnosystemi\/\" \/>\n<meta property=\"og:locale\" content=\"hu_HU\" \/>\n<meta property=\"og:type\" content=\"article\" \/>\n<meta property=\"og:title\" content=\"Pertlova\u010dka s reza\u010dkou Tecnosystemi | SLOVKLIMA DEIMOS group, s.r.o.\" \/>\n<meta property=\"og:description\" content=\"Pertlova\u010dka s reza\u010dkou je kombinovan\u00fd n\u00e1stroj ur\u010den\u00fd na vytv\u00e1ranie pertlov a rezanie meden\u00fdch trubiek. Umo\u017e\u0148uje presn\u00fa pr\u00edpravu potrub\u00ed pre spojenie bez nutnosti v\u00fdmeny n\u00e1radia, \u010do \u0161etr\u00ed \u010das pri mont\u00e1\u017ei.\" \/>\n<meta property=\"og:url\" content=\"https:\/\/www.slovklima.sk\/hu\/produkt\/pertlovacka-s-rezackou-tecnosystemi\/\" \/>\n<meta property=\"og:site_name\" content=\"SLOVKLIMA DEIMOS group, s.r.o.\" \/>\n<meta property=\"article:modified_time\" content=\"2025-07-31T18:22:30+00:00\" \/>\n<meta property=\"og:image\" content=\"https:\/\/www.slovklima.sk\/wp-content\/uploads\/2025\/07\/11132074A.jpg\" \/>\n\t<meta property=\"og:image:width\" content=\"800\" \/>\n\t<meta property=\"og:image:height\" content=\"1000\" \/>\n\t<meta property=\"og:image:type\" content=\"image\/jpeg\" \/>\n<meta name=\"twitter:card\" content=\"summary_large_image\" \/>\n<script type=\"application\/ld+json\" class=\"yoast-schema-graph\">{\"@context\":\"https:\/\/schema.org\",\"@graph\":[{\"@type\":\"WebPage\",\"@id\":\"https:\/\/www.slovklima.sk\/hu\/produkt\/pertlovacka-s-rezackou-tecnosystemi\/\",\"url\":\"https:\/\/www.slovklima.sk\/hu\/produkt\/pertlovacka-s-rezackou-tecnosystemi\/\",\"name\":\"Pertlova\u010dka s reza\u010dkou Tecnosystemi | SLOVKLIMA DEIMOS group, s.r.o.\",\"isPartOf\":{\"@id\":\"https:\/\/www.slovklima.sk\/#website\"},\"primaryImageOfPage\":{\"@id\":\"https:\/\/www.slovklima.sk\/hu\/produkt\/pertlovacka-s-rezackou-tecnosystemi\/#primaryimage\"},\"image\":{\"@id\":\"https:\/\/www.slovklima.sk\/hu\/produkt\/pertlovacka-s-rezackou-tecnosystemi\/#primaryimage\"},\"thumbnailUrl\":\"https:\/\/www.slovklima.sk\/wp-content\/uploads\/2025\/07\/11132074A.jpg\",\"datePublished\":\"2025-07-31T18:20:44+00:00\",\"dateModified\":\"2025-07-31T18:22:30+00:00\",\"breadcrumb\":{\"@id\":\"https:\/\/www.slovklima.sk\/hu\/produkt\/pertlovacka-s-rezackou-tecnosystemi\/#breadcrumb\"},\"inLanguage\":\"hu\",\"potentialAction\":[{\"@type\":\"ReadAction\",\"target\":[\"https:\/\/www.slovklima.sk\/hu\/produkt\/pertlovacka-s-rezackou-tecnosystemi\/\"]}]},{\"@type\":\"ImageObject\",\"inLanguage\":\"hu\",\"@id\":\"https:\/\/www.slovklima.sk\/hu\/produkt\/pertlovacka-s-rezackou-tecnosystemi\/#primaryimage\",\"url\":\"https:\/\/www.slovklima.sk\/wp-content\/uploads\/2025\/07\/11132074A.jpg\",\"contentUrl\":\"https:\/\/www.slovklima.sk\/wp-content\/uploads\/2025\/07\/11132074A.jpg\",\"width\":800,\"height\":1000},{\"@type\":\"BreadcrumbList\",\"@id\":\"https:\/\/www.slovklima.sk\/hu\/produkt\/pertlovacka-s-rezackou-tecnosystemi\/#breadcrumb\",\"itemListElement\":[{\"@type\":\"ListItem\",\"position\":1,\"name\":\"Domovsk\u00e1 str\u00e1nka\",\"item\":\"https:\/\/www.slovklima.sk\/hu\/\"},{\"@type\":\"ListItem\",\"position\":2,\"name\":\"Term\u00e9kek\",\"item\":\"https:\/\/www.slovklima.sk\/termekek\/\"},{\"@type\":\"ListItem\",\"position\":3,\"name\":\"Pertlova\u010dka s reza\u010dkou Tecnosystemi\"}]},{\"@type\":\"WebSite\",\"@id\":\"https:\/\/www.slovklima.sk\/#website\",\"url\":\"https:\/\/www.slovklima.sk\/\",\"name\":\"SLOVKLIMA DEIMOS group, s.r.o.\",\"description\":\"\",\"publisher\":{\"@id\":\"https:\/\/www.slovklima.sk\/#organization\"},\"alternateName\":\"SLOVKLIMA\",\"potentialAction\":[{\"@type\":\"SearchAction\",\"target\":{\"@type\":\"EntryPoint\",\"urlTemplate\":\"https:\/\/www.slovklima.sk\/?s={search_term_string}\"},\"query-input\":{\"@type\":\"PropertyValueSpecification\",\"valueRequired\":true,\"valueName\":\"search_term_string\"}}],\"inLanguage\":\"hu\"},{\"@type\":\"Organization\",\"@id\":\"https:\/\/www.slovklima.sk\/#organization\",\"name\":\"SLOVKLIMA DEIMOS group, s.r.o.\",\"alternateName\":\"SLOVKLIMA\",\"url\":\"https:\/\/www.slovklima.sk\/\",\"logo\":{\"@type\":\"ImageObject\",\"inLanguage\":\"hu\",\"@id\":\"https:\/\/www.slovklima.sk\/#\/schema\/logo\/image\/\",\"url\":\"https:\/\/www.slovklima.sk\/wp-content\/uploads\/2022\/12\/slovklima-logo-black.svg\",\"contentUrl\":\"https:\/\/www.slovklima.sk\/wp-content\/uploads\/2022\/12\/slovklima-logo-black.svg\",\"width\":3218,\"height\":698,\"caption\":\"SLOVKLIMA DEIMOS group, s.r.o.\"},\"image\":{\"@id\":\"https:\/\/www.slovklima.sk\/#\/schema\/logo\/image\/\"}}]}<\/script>\n<!-- \/ Yoast SEO plugin. -->","yoast_head_json":{"title":"Pertlova\u010dka s reza\u010dkou Tecnosystemi | SLOVKLIMA DEIMOS group, s.r.o.","robots":{"index":"index","follow":"follow","max-snippet":"max-snippet:-1","max-image-preview":"max-image-preview:large","max-video-preview":"max-video-preview:-1"},"canonical":"https:\/\/www.slovklima.sk\/hu\/produkt\/pertlovacka-s-rezackou-tecnosystemi\/","og_locale":"hu_HU","og_type":"article","og_title":"Pertlova\u010dka s reza\u010dkou Tecnosystemi | SLOVKLIMA DEIMOS group, s.r.o.","og_description":"Pertlova\u010dka s reza\u010dkou je kombinovan\u00fd n\u00e1stroj ur\u010den\u00fd na vytv\u00e1ranie pertlov a rezanie meden\u00fdch trubiek. Umo\u017e\u0148uje presn\u00fa pr\u00edpravu potrub\u00ed pre spojenie bez nutnosti v\u00fdmeny n\u00e1radia, \u010do \u0161etr\u00ed \u010das pri mont\u00e1\u017ei.","og_url":"https:\/\/www.slovklima.sk\/hu\/produkt\/pertlovacka-s-rezackou-tecnosystemi\/","og_site_name":"SLOVKLIMA DEIMOS group, s.r.o.","article_modified_time":"2025-07-31T18:22:30+00:00","og_image":[{"width":800,"height":1000,"url":"https:\/\/www.slovklima.sk\/wp-content\/uploads\/2025\/07\/11132074A.jpg","type":"image\/jpeg"}],"twitter_card":"summary_large_image","schema":{"@context":"https:\/\/schema.org","@graph":[{"@type":"WebPage","@id":"https:\/\/www.slovklima.sk\/hu\/produkt\/pertlovacka-s-rezackou-tecnosystemi\/","url":"https:\/\/www.slovklima.sk\/hu\/produkt\/pertlovacka-s-rezackou-tecnosystemi\/","name":"Pertlova\u010dka s reza\u010dkou Tecnosystemi | SLOVKLIMA DEIMOS group, s.r.o.","isPartOf":{"@id":"https:\/\/www.slovklima.sk\/#website"},"primaryImageOfPage":{"@id":"https:\/\/www.slovklima.sk\/hu\/produkt\/pertlovacka-s-rezackou-tecnosystemi\/#primaryimage"},"image":{"@id":"https:\/\/www.slovklima.sk\/hu\/produkt\/pertlovacka-s-rezackou-tecnosystemi\/#primaryimage"},"thumbnailUrl":"https:\/\/www.slovklima.sk\/wp-content\/uploads\/2025\/07\/11132074A.jpg","datePublished":"2025-07-31T18:20:44+00:00","dateModified":"2025-07-31T18:22:30+00:00","breadcrumb":{"@id":"https:\/\/www.slovklima.sk\/hu\/produkt\/pertlovacka-s-rezackou-tecnosystemi\/#breadcrumb"},"inLanguage":"hu","potentialAction":[{"@type":"ReadAction","target":["https:\/\/www.slovklima.sk\/hu\/produkt\/pertlovacka-s-rezackou-tecnosystemi\/"]}]},{"@type":"ImageObject","inLanguage":"hu","@id":"https:\/\/www.slovklima.sk\/hu\/produkt\/pertlovacka-s-rezackou-tecnosystemi\/#primaryimage","url":"https:\/\/www.slovklima.sk\/wp-content\/uploads\/2025\/07\/11132074A.jpg","contentUrl":"https:\/\/www.slovklima.sk\/wp-content\/uploads\/2025\/07\/11132074A.jpg","width":800,"height":1000},{"@type":"BreadcrumbList","@id":"https:\/\/www.slovklima.sk\/hu\/produkt\/pertlovacka-s-rezackou-tecnosystemi\/#breadcrumb","itemListElement":[{"@type":"ListItem","position":1,"name":"Domovsk\u00e1 str\u00e1nka","item":"https:\/\/www.slovklima.sk\/hu\/"},{"@type":"ListItem","position":2,"name":"Term\u00e9kek","item":"https:\/\/www.slovklima.sk\/termekek\/"},{"@type":"ListItem","position":3,"name":"Pertlova\u010dka s reza\u010dkou Tecnosystemi"}]},{"@type":"WebSite","@id":"https:\/\/www.slovklima.sk\/#website","url":"https:\/\/www.slovklima.sk\/","name":"SLOVKLIMA DEIMOS group, s.r.o.","description":"","publisher":{"@id":"https:\/\/www.slovklima.sk\/#organization"},"alternateName":"SLOVKLIMA","potentialAction":[{"@type":"SearchAction","target":{"@type":"EntryPoint","urlTemplate":"https:\/\/www.slovklima.sk\/?s={search_term_string}"},"query-input":{"@type":"PropertyValueSpecification","valueRequired":true,"valueName":"search_term_string"}}],"inLanguage":"hu"},{"@type":"Organization","@id":"https:\/\/www.slovklima.sk\/#organization","name":"SLOVKLIMA DEIMOS group, s.r.o.","alternateName":"SLOVKLIMA","url":"https:\/\/www.slovklima.sk\/","logo":{"@type":"ImageObject","inLanguage":"hu","@id":"https:\/\/www.slovklima.sk\/#\/schema\/logo\/image\/","url":"https:\/\/www.slovklima.sk\/wp-content\/uploads\/2022\/12\/slovklima-logo-black.svg","contentUrl":"https:\/\/www.slovklima.sk\/wp-content\/uploads\/2022\/12\/slovklima-logo-black.svg","width":3218,"height":698,"caption":"SLOVKLIMA DEIMOS group, s.r.o."},"image":{"@id":"https:\/\/www.slovklima.sk\/#\/schema\/logo\/image\/"}}]}},"_links":{"self":[{"href":"https:\/\/www.slovklima.sk\/hu\/wp-json\/wp\/v2\/product\/18019","targetHints":{"allow":["GET"]}}],"collection":[{"href":"https:\/\/www.slovklima.sk\/hu\/wp-json\/wp\/v2\/product"}],"about":[{"href":"https:\/\/www.slovklima.sk\/hu\/wp-json\/wp\/v2\/types\/product"}],"wp:featuredmedia":[{"embeddable":true,"href":"https:\/\/www.slovklima.sk\/hu\/wp-json\/wp\/v2\/media\/18022"}],"wp:attachment":[{"href":"https:\/\/www.slovklima.sk\/hu\/wp-json\/wp\/v2\/media?parent=18019"}],"wp:term":[{"taxonomy":"product_brand","embeddable":true,"href":"https:\/\/www.slovklima.sk\/hu\/wp-json\/wp\/v2\/product_brand?post=18019"},{"taxonomy":"product_cat","embeddable":true,"href":"https:\/\/www.slovklima.sk\/hu\/wp-json\/wp\/v2\/product_cat?post=18019"},{"taxonomy":"product_tag","embeddable":true,"href":"https:\/\/www.slovklima.sk\/hu\/wp-json\/wp\/v2\/product_tag?post=18019"}],"curies":[{"name":"wp","href":"https:\/\/api.w.org\/{rel}","templated":true}]}}