{"id":17956,"date":"2025-07-31T19:06:21","date_gmt":"2025-07-31T17:06:21","guid":{"rendered":"https:\/\/www.slovklima.sk\/?post_type=product&#038;p=17956"},"modified":"2025-07-31T19:08:26","modified_gmt":"2025-07-31T17:08:26","slug":"krycie-montazne-komponenty-tecnosystemi-eco-line","status":"publish","type":"product","link":"https:\/\/www.slovklima.sk\/hu\/produkt\/krycie-montazne-komponenty-tecnosystemi-eco-line\/","title":{"rendered":"Krycie mont\u00e1\u017ene komponenty Tecnosystemi ECO LINE"},"content":{"rendered":"","protected":false},"excerpt":{"rendered":"<p>S\u00e9ria Eco Line pon\u00faka cenovo dostupn\u00e9 rie\u0161enia pre mont\u00e1\u017e klimatiza\u010dn\u00fdch syst\u00e9mov, ako s\u00fa plastov\u00e9 kan\u00e1ly, PVC \u017e\u013eaby, spojky a pr\u00edslu\u0161enstvo. Zameriava sa na jednoduch\u00fa in\u0161tal\u00e1ciu a spo\u013eahliv\u00fa funk\u010dnos\u0165 a je ide\u00e1lna pre \u0161tandardn\u00e9 aplik\u00e1cie. Tieto komponenty maj\u00fa bielu farbu v odtieni RAL 9001 \u2013 ide o jemn\u00fa slonovinov\u00fa bielu, ktor\u00e1 sa hod\u00ed k v\u00e4\u010d\u0161ine interi\u00e9rov a klimatiza\u010dn\u00fdch jednotiek.<\/p>\n","protected":false},"featured_media":17878,"template":"","meta":[],"product_brand":[],"product_cat":[387,370,416],"product_tag":[],"class_list":{"0":"post-17956","1":"product","2":"type-product","3":"status-publish","4":"has-post-thumbnail","6":"product_cat-hutokozeg-elosztasa","7":"product_cat-professzionalis-hutes","8":"product_cat-pvc-ereszcsatornak-es-szerelvenyek","10":"first","11":"instock","12":"shipping-taxable","13":"product-type-simple"},"yoast_head":"<!-- This site is optimized with the Yoast SEO plugin v24.3 - https:\/\/yoast.com\/wordpress\/plugins\/seo\/ -->\n<title>Krycie mont\u00e1\u017ene komponenty Tecnosystemi ECO LINE | SLOVKLIMA DEIMOS group, s.r.o.<\/title>\n<meta name=\"robots\" content=\"index, follow, max-snippet:-1, max-image-preview:large, max-video-preview:-1\" \/>\n<link rel=\"canonical\" href=\"https:\/\/www.slovklima.sk\/hu\/produkt\/krycie-montazne-komponenty-tecnosystemi-eco-line\/\" \/>\n<meta property=\"og:locale\" content=\"hu_HU\" \/>\n<meta property=\"og:type\" content=\"article\" \/>\n<meta property=\"og:title\" content=\"Krycie mont\u00e1\u017ene komponenty Tecnosystemi ECO LINE | SLOVKLIMA DEIMOS group, s.r.o.\" \/>\n<meta property=\"og:description\" content=\"S\u00e9ria Eco Line pon\u00faka cenovo dostupn\u00e9 rie\u0161enia pre mont\u00e1\u017e klimatiza\u010dn\u00fdch syst\u00e9mov, ako s\u00fa plastov\u00e9 kan\u00e1ly, PVC \u017e\u013eaby, spojky a pr\u00edslu\u0161enstvo. Zameriava sa na jednoduch\u00fa in\u0161tal\u00e1ciu a spo\u013eahliv\u00fa funk\u010dnos\u0165 a je ide\u00e1lna pre \u0161tandardn\u00e9 aplik\u00e1cie. Tieto komponenty maj\u00fa bielu farbu v odtieni RAL 9001 \u2013 ide o jemn\u00fa slonovinov\u00fa bielu, ktor\u00e1 sa hod\u00ed k v\u00e4\u010d\u0161ine interi\u00e9rov a klimatiza\u010dn\u00fdch jednotiek.\" \/>\n<meta property=\"og:url\" content=\"https:\/\/www.slovklima.sk\/hu\/produkt\/krycie-montazne-komponenty-tecnosystemi-eco-line\/\" \/>\n<meta property=\"og:site_name\" content=\"SLOVKLIMA DEIMOS group, s.r.o.\" \/>\n<meta property=\"article:modified_time\" content=\"2025-07-31T17:08:26+00:00\" \/>\n<meta property=\"og:image\" content=\"https:\/\/www.slovklima.sk\/wp-content\/uploads\/2025\/07\/E11120160_72_100.jpg\" \/>\n\t<meta property=\"og:image:width\" content=\"800\" \/>\n\t<meta property=\"og:image:height\" content=\"1000\" \/>\n\t<meta property=\"og:image:type\" content=\"image\/jpeg\" \/>\n<meta name=\"twitter:card\" content=\"summary_large_image\" \/>\n<script type=\"application\/ld+json\" class=\"yoast-schema-graph\">{\"@context\":\"https:\/\/schema.org\",\"@graph\":[{\"@type\":\"WebPage\",\"@id\":\"https:\/\/www.slovklima.sk\/hu\/produkt\/krycie-montazne-komponenty-tecnosystemi-eco-line\/\",\"url\":\"https:\/\/www.slovklima.sk\/hu\/produkt\/krycie-montazne-komponenty-tecnosystemi-eco-line\/\",\"name\":\"Krycie mont\u00e1\u017ene komponenty Tecnosystemi ECO LINE | SLOVKLIMA DEIMOS group, s.r.o.\",\"isPartOf\":{\"@id\":\"https:\/\/www.slovklima.sk\/#website\"},\"primaryImageOfPage\":{\"@id\":\"https:\/\/www.slovklima.sk\/hu\/produkt\/krycie-montazne-komponenty-tecnosystemi-eco-line\/#primaryimage\"},\"image\":{\"@id\":\"https:\/\/www.slovklima.sk\/hu\/produkt\/krycie-montazne-komponenty-tecnosystemi-eco-line\/#primaryimage\"},\"thumbnailUrl\":\"https:\/\/www.slovklima.sk\/wp-content\/uploads\/2025\/07\/E11120160_72_100.jpg\",\"datePublished\":\"2025-07-31T17:06:21+00:00\",\"dateModified\":\"2025-07-31T17:08:26+00:00\",\"breadcrumb\":{\"@id\":\"https:\/\/www.slovklima.sk\/hu\/produkt\/krycie-montazne-komponenty-tecnosystemi-eco-line\/#breadcrumb\"},\"inLanguage\":\"hu\",\"potentialAction\":[{\"@type\":\"ReadAction\",\"target\":[\"https:\/\/www.slovklima.sk\/hu\/produkt\/krycie-montazne-komponenty-tecnosystemi-eco-line\/\"]}]},{\"@type\":\"ImageObject\",\"inLanguage\":\"hu\",\"@id\":\"https:\/\/www.slovklima.sk\/hu\/produkt\/krycie-montazne-komponenty-tecnosystemi-eco-line\/#primaryimage\",\"url\":\"https:\/\/www.slovklima.sk\/wp-content\/uploads\/2025\/07\/E11120160_72_100.jpg\",\"contentUrl\":\"https:\/\/www.slovklima.sk\/wp-content\/uploads\/2025\/07\/E11120160_72_100.jpg\",\"width\":800,\"height\":1000},{\"@type\":\"BreadcrumbList\",\"@id\":\"https:\/\/www.slovklima.sk\/hu\/produkt\/krycie-montazne-komponenty-tecnosystemi-eco-line\/#breadcrumb\",\"itemListElement\":[{\"@type\":\"ListItem\",\"position\":1,\"name\":\"Domovsk\u00e1 str\u00e1nka\",\"item\":\"https:\/\/www.slovklima.sk\/hu\/\"},{\"@type\":\"ListItem\",\"position\":2,\"name\":\"Term\u00e9kek\",\"item\":\"https:\/\/www.slovklima.sk\/termekek\/\"},{\"@type\":\"ListItem\",\"position\":3,\"name\":\"Krycie mont\u00e1\u017ene komponenty Tecnosystemi ECO LINE\"}]},{\"@type\":\"WebSite\",\"@id\":\"https:\/\/www.slovklima.sk\/#website\",\"url\":\"https:\/\/www.slovklima.sk\/\",\"name\":\"SLOVKLIMA DEIMOS group, s.r.o.\",\"description\":\"\",\"publisher\":{\"@id\":\"https:\/\/www.slovklima.sk\/#organization\"},\"alternateName\":\"SLOVKLIMA\",\"potentialAction\":[{\"@type\":\"SearchAction\",\"target\":{\"@type\":\"EntryPoint\",\"urlTemplate\":\"https:\/\/www.slovklima.sk\/?s={search_term_string}\"},\"query-input\":{\"@type\":\"PropertyValueSpecification\",\"valueRequired\":true,\"valueName\":\"search_term_string\"}}],\"inLanguage\":\"hu\"},{\"@type\":\"Organization\",\"@id\":\"https:\/\/www.slovklima.sk\/#organization\",\"name\":\"SLOVKLIMA DEIMOS group, s.r.o.\",\"alternateName\":\"SLOVKLIMA\",\"url\":\"https:\/\/www.slovklima.sk\/\",\"logo\":{\"@type\":\"ImageObject\",\"inLanguage\":\"hu\",\"@id\":\"https:\/\/www.slovklima.sk\/#\/schema\/logo\/image\/\",\"url\":\"https:\/\/www.slovklima.sk\/wp-content\/uploads\/2022\/12\/slovklima-logo-black.svg\",\"contentUrl\":\"https:\/\/www.slovklima.sk\/wp-content\/uploads\/2022\/12\/slovklima-logo-black.svg\",\"width\":3218,\"height\":698,\"caption\":\"SLOVKLIMA DEIMOS group, s.r.o.\"},\"image\":{\"@id\":\"https:\/\/www.slovklima.sk\/#\/schema\/logo\/image\/\"}}]}<\/script>\n<!-- \/ Yoast SEO plugin. -->","yoast_head_json":{"title":"Krycie mont\u00e1\u017ene komponenty Tecnosystemi ECO LINE | SLOVKLIMA DEIMOS group, s.r.o.","robots":{"index":"index","follow":"follow","max-snippet":"max-snippet:-1","max-image-preview":"max-image-preview:large","max-video-preview":"max-video-preview:-1"},"canonical":"https:\/\/www.slovklima.sk\/hu\/produkt\/krycie-montazne-komponenty-tecnosystemi-eco-line\/","og_locale":"hu_HU","og_type":"article","og_title":"Krycie mont\u00e1\u017ene komponenty Tecnosystemi ECO LINE | SLOVKLIMA DEIMOS group, s.r.o.","og_description":"S\u00e9ria Eco Line pon\u00faka cenovo dostupn\u00e9 rie\u0161enia pre mont\u00e1\u017e klimatiza\u010dn\u00fdch syst\u00e9mov, ako s\u00fa plastov\u00e9 kan\u00e1ly, PVC \u017e\u013eaby, spojky a pr\u00edslu\u0161enstvo. Zameriava sa na jednoduch\u00fa in\u0161tal\u00e1ciu a spo\u013eahliv\u00fa funk\u010dnos\u0165 a je ide\u00e1lna pre \u0161tandardn\u00e9 aplik\u00e1cie. Tieto komponenty maj\u00fa bielu farbu v odtieni RAL 9001 \u2013 ide o jemn\u00fa slonovinov\u00fa bielu, ktor\u00e1 sa hod\u00ed k v\u00e4\u010d\u0161ine interi\u00e9rov a klimatiza\u010dn\u00fdch jednotiek.","og_url":"https:\/\/www.slovklima.sk\/hu\/produkt\/krycie-montazne-komponenty-tecnosystemi-eco-line\/","og_site_name":"SLOVKLIMA DEIMOS group, s.r.o.","article_modified_time":"2025-07-31T17:08:26+00:00","og_image":[{"width":800,"height":1000,"url":"https:\/\/www.slovklima.sk\/wp-content\/uploads\/2025\/07\/E11120160_72_100.jpg","type":"image\/jpeg"}],"twitter_card":"summary_large_image","schema":{"@context":"https:\/\/schema.org","@graph":[{"@type":"WebPage","@id":"https:\/\/www.slovklima.sk\/hu\/produkt\/krycie-montazne-komponenty-tecnosystemi-eco-line\/","url":"https:\/\/www.slovklima.sk\/hu\/produkt\/krycie-montazne-komponenty-tecnosystemi-eco-line\/","name":"Krycie mont\u00e1\u017ene komponenty Tecnosystemi ECO LINE | SLOVKLIMA DEIMOS group, s.r.o.","isPartOf":{"@id":"https:\/\/www.slovklima.sk\/#website"},"primaryImageOfPage":{"@id":"https:\/\/www.slovklima.sk\/hu\/produkt\/krycie-montazne-komponenty-tecnosystemi-eco-line\/#primaryimage"},"image":{"@id":"https:\/\/www.slovklima.sk\/hu\/produkt\/krycie-montazne-komponenty-tecnosystemi-eco-line\/#primaryimage"},"thumbnailUrl":"https:\/\/www.slovklima.sk\/wp-content\/uploads\/2025\/07\/E11120160_72_100.jpg","datePublished":"2025-07-31T17:06:21+00:00","dateModified":"2025-07-31T17:08:26+00:00","breadcrumb":{"@id":"https:\/\/www.slovklima.sk\/hu\/produkt\/krycie-montazne-komponenty-tecnosystemi-eco-line\/#breadcrumb"},"inLanguage":"hu","potentialAction":[{"@type":"ReadAction","target":["https:\/\/www.slovklima.sk\/hu\/produkt\/krycie-montazne-komponenty-tecnosystemi-eco-line\/"]}]},{"@type":"ImageObject","inLanguage":"hu","@id":"https:\/\/www.slovklima.sk\/hu\/produkt\/krycie-montazne-komponenty-tecnosystemi-eco-line\/#primaryimage","url":"https:\/\/www.slovklima.sk\/wp-content\/uploads\/2025\/07\/E11120160_72_100.jpg","contentUrl":"https:\/\/www.slovklima.sk\/wp-content\/uploads\/2025\/07\/E11120160_72_100.jpg","width":800,"height":1000},{"@type":"BreadcrumbList","@id":"https:\/\/www.slovklima.sk\/hu\/produkt\/krycie-montazne-komponenty-tecnosystemi-eco-line\/#breadcrumb","itemListElement":[{"@type":"ListItem","position":1,"name":"Domovsk\u00e1 str\u00e1nka","item":"https:\/\/www.slovklima.sk\/hu\/"},{"@type":"ListItem","position":2,"name":"Term\u00e9kek","item":"https:\/\/www.slovklima.sk\/termekek\/"},{"@type":"ListItem","position":3,"name":"Krycie mont\u00e1\u017ene komponenty Tecnosystemi ECO LINE"}]},{"@type":"WebSite","@id":"https:\/\/www.slovklima.sk\/#website","url":"https:\/\/www.slovklima.sk\/","name":"SLOVKLIMA DEIMOS group, s.r.o.","description":"","publisher":{"@id":"https:\/\/www.slovklima.sk\/#organization"},"alternateName":"SLOVKLIMA","potentialAction":[{"@type":"SearchAction","target":{"@type":"EntryPoint","urlTemplate":"https:\/\/www.slovklima.sk\/?s={search_term_string}"},"query-input":{"@type":"PropertyValueSpecification","valueRequired":true,"valueName":"search_term_string"}}],"inLanguage":"hu"},{"@type":"Organization","@id":"https:\/\/www.slovklima.sk\/#organization","name":"SLOVKLIMA DEIMOS group, s.r.o.","alternateName":"SLOVKLIMA","url":"https:\/\/www.slovklima.sk\/","logo":{"@type":"ImageObject","inLanguage":"hu","@id":"https:\/\/www.slovklima.sk\/#\/schema\/logo\/image\/","url":"https:\/\/www.slovklima.sk\/wp-content\/uploads\/2022\/12\/slovklima-logo-black.svg","contentUrl":"https:\/\/www.slovklima.sk\/wp-content\/uploads\/2022\/12\/slovklima-logo-black.svg","width":3218,"height":698,"caption":"SLOVKLIMA DEIMOS group, s.r.o."},"image":{"@id":"https:\/\/www.slovklima.sk\/#\/schema\/logo\/image\/"}}]}},"_links":{"self":[{"href":"https:\/\/www.slovklima.sk\/hu\/wp-json\/wp\/v2\/product\/17956","targetHints":{"allow":["GET"]}}],"collection":[{"href":"https:\/\/www.slovklima.sk\/hu\/wp-json\/wp\/v2\/product"}],"about":[{"href":"https:\/\/www.slovklima.sk\/hu\/wp-json\/wp\/v2\/types\/product"}],"wp:featuredmedia":[{"embeddable":true,"href":"https:\/\/www.slovklima.sk\/hu\/wp-json\/wp\/v2\/media\/17878"}],"wp:attachment":[{"href":"https:\/\/www.slovklima.sk\/hu\/wp-json\/wp\/v2\/media?parent=17956"}],"wp:term":[{"taxonomy":"product_brand","embeddable":true,"href":"https:\/\/www.slovklima.sk\/hu\/wp-json\/wp\/v2\/product_brand?post=17956"},{"taxonomy":"product_cat","embeddable":true,"href":"https:\/\/www.slovklima.sk\/hu\/wp-json\/wp\/v2\/product_cat?post=17956"},{"taxonomy":"product_tag","embeddable":true,"href":"https:\/\/www.slovklima.sk\/hu\/wp-json\/wp\/v2\/product_tag?post=17956"}],"curies":[{"name":"wp","href":"https:\/\/api.w.org\/{rel}","templated":true}]}}