{"id":17060,"date":"2025-07-02T08:43:48","date_gmt":"2025-07-02T06:43:48","guid":{"rendered":"https:\/\/www.slovklima.sk\/?post_type=product&#038;p=17060"},"modified":"2025-07-02T08:49:09","modified_gmt":"2025-07-02T06:49:09","slug":"hodiny-spinacie-grasslin","status":"publish","type":"product","link":"https:\/\/www.slovklima.sk\/hu\/produkt\/hodiny-spinacie-grasslin\/","title":{"rendered":"Hodiny sp\u00ednacie Grasslin"},"content":{"rendered":"","protected":false},"excerpt":{"rendered":"<p>Hodiny sp\u00ednacie Grasslin FM\/1STu (horn\u00e1 \u010das\u0165) s\u00fa mechanick\u00e9 denn\u00e9 hodiny na ovl\u00e1danie zariaden\u00ed, ako je k\u00farenie \u010di osvetlenie, s jednoduch\u00fdm nastaven\u00edm \u010dasu. MIL72A\/1 (spodn\u00e1 \u010das\u0165) sl\u00fa\u017ei ako mont\u00e1\u017ena z\u00e1klad\u0148a pre tieto hodiny, zabezpe\u010duj\u00faca stabiln\u00e9 uchytenie a spo\u013eahliv\u00fa prev\u00e1dzku.<\/p>\n","protected":false},"featured_media":16952,"template":"","meta":[],"product_brand":[],"product_cat":[377,370,389],"product_tag":[],"class_list":{"0":"post-17060","1":"product","2":"type-product","3":"status-publish","4":"has-post-thumbnail","6":"product_cat-elektronika-hu","7":"product_cat-professzionalis-hutes","8":"product_cat-vezerlok","10":"first","11":"instock","12":"shipping-taxable","13":"product-type-simple"},"yoast_head":"<!-- This site is optimized with the Yoast SEO plugin v24.3 - https:\/\/yoast.com\/wordpress\/plugins\/seo\/ -->\n<title>Hodiny sp\u00ednacie Grasslin | SLOVKLIMA DEIMOS group, s.r.o.<\/title>\n<meta name=\"robots\" content=\"index, follow, max-snippet:-1, max-image-preview:large, max-video-preview:-1\" \/>\n<link rel=\"canonical\" href=\"https:\/\/www.slovklima.sk\/hu\/produkt\/hodiny-spinacie-grasslin\/\" \/>\n<meta property=\"og:locale\" content=\"hu_HU\" \/>\n<meta property=\"og:type\" content=\"article\" \/>\n<meta property=\"og:title\" content=\"Hodiny sp\u00ednacie Grasslin | SLOVKLIMA DEIMOS group, s.r.o.\" \/>\n<meta property=\"og:description\" content=\"Hodiny sp\u00ednacie Grasslin FM\/1STu (horn\u00e1 \u010das\u0165) s\u00fa mechanick\u00e9 denn\u00e9 hodiny na ovl\u00e1danie zariaden\u00ed, ako je k\u00farenie \u010di osvetlenie, s jednoduch\u00fdm nastaven\u00edm \u010dasu. MIL72A\/1 (spodn\u00e1 \u010das\u0165) sl\u00fa\u017ei ako mont\u00e1\u017ena z\u00e1klad\u0148a pre tieto hodiny, zabezpe\u010duj\u00faca stabiln\u00e9 uchytenie a spo\u013eahliv\u00fa prev\u00e1dzku.\" \/>\n<meta property=\"og:url\" content=\"https:\/\/www.slovklima.sk\/hu\/produkt\/hodiny-spinacie-grasslin\/\" \/>\n<meta property=\"og:site_name\" content=\"SLOVKLIMA DEIMOS group, s.r.o.\" \/>\n<meta property=\"article:modified_time\" content=\"2025-07-02T06:49:09+00:00\" \/>\n<meta property=\"og:image\" content=\"https:\/\/www.slovklima.sk\/wp-content\/uploads\/2025\/07\/hodiny_spinacie_Grasslin.jpg\" \/>\n\t<meta property=\"og:image:width\" content=\"800\" \/>\n\t<meta property=\"og:image:height\" content=\"1000\" \/>\n\t<meta property=\"og:image:type\" content=\"image\/jpeg\" \/>\n<meta name=\"twitter:card\" content=\"summary_large_image\" \/>\n<script type=\"application\/ld+json\" class=\"yoast-schema-graph\">{\"@context\":\"https:\/\/schema.org\",\"@graph\":[{\"@type\":\"WebPage\",\"@id\":\"https:\/\/www.slovklima.sk\/hu\/produkt\/hodiny-spinacie-grasslin\/\",\"url\":\"https:\/\/www.slovklima.sk\/hu\/produkt\/hodiny-spinacie-grasslin\/\",\"name\":\"Hodiny sp\u00ednacie Grasslin | SLOVKLIMA DEIMOS group, s.r.o.\",\"isPartOf\":{\"@id\":\"https:\/\/www.slovklima.sk\/#website\"},\"primaryImageOfPage\":{\"@id\":\"https:\/\/www.slovklima.sk\/hu\/produkt\/hodiny-spinacie-grasslin\/#primaryimage\"},\"image\":{\"@id\":\"https:\/\/www.slovklima.sk\/hu\/produkt\/hodiny-spinacie-grasslin\/#primaryimage\"},\"thumbnailUrl\":\"https:\/\/www.slovklima.sk\/wp-content\/uploads\/2025\/07\/hodiny_spinacie_Grasslin.jpg\",\"datePublished\":\"2025-07-02T06:43:48+00:00\",\"dateModified\":\"2025-07-02T06:49:09+00:00\",\"breadcrumb\":{\"@id\":\"https:\/\/www.slovklima.sk\/hu\/produkt\/hodiny-spinacie-grasslin\/#breadcrumb\"},\"inLanguage\":\"hu\",\"potentialAction\":[{\"@type\":\"ReadAction\",\"target\":[\"https:\/\/www.slovklima.sk\/hu\/produkt\/hodiny-spinacie-grasslin\/\"]}]},{\"@type\":\"ImageObject\",\"inLanguage\":\"hu\",\"@id\":\"https:\/\/www.slovklima.sk\/hu\/produkt\/hodiny-spinacie-grasslin\/#primaryimage\",\"url\":\"https:\/\/www.slovklima.sk\/wp-content\/uploads\/2025\/07\/hodiny_spinacie_Grasslin.jpg\",\"contentUrl\":\"https:\/\/www.slovklima.sk\/wp-content\/uploads\/2025\/07\/hodiny_spinacie_Grasslin.jpg\",\"width\":800,\"height\":1000},{\"@type\":\"BreadcrumbList\",\"@id\":\"https:\/\/www.slovklima.sk\/hu\/produkt\/hodiny-spinacie-grasslin\/#breadcrumb\",\"itemListElement\":[{\"@type\":\"ListItem\",\"position\":1,\"name\":\"Domovsk\u00e1 str\u00e1nka\",\"item\":\"https:\/\/www.slovklima.sk\/hu\/\"},{\"@type\":\"ListItem\",\"position\":2,\"name\":\"Term\u00e9kek\",\"item\":\"https:\/\/www.slovklima.sk\/termekek\/\"},{\"@type\":\"ListItem\",\"position\":3,\"name\":\"Hodiny sp\u00ednacie Grasslin\"}]},{\"@type\":\"WebSite\",\"@id\":\"https:\/\/www.slovklima.sk\/#website\",\"url\":\"https:\/\/www.slovklima.sk\/\",\"name\":\"SLOVKLIMA DEIMOS group, s.r.o.\",\"description\":\"\",\"publisher\":{\"@id\":\"https:\/\/www.slovklima.sk\/#organization\"},\"alternateName\":\"SLOVKLIMA\",\"potentialAction\":[{\"@type\":\"SearchAction\",\"target\":{\"@type\":\"EntryPoint\",\"urlTemplate\":\"https:\/\/www.slovklima.sk\/?s={search_term_string}\"},\"query-input\":{\"@type\":\"PropertyValueSpecification\",\"valueRequired\":true,\"valueName\":\"search_term_string\"}}],\"inLanguage\":\"hu\"},{\"@type\":\"Organization\",\"@id\":\"https:\/\/www.slovklima.sk\/#organization\",\"name\":\"SLOVKLIMA DEIMOS group, s.r.o.\",\"alternateName\":\"SLOVKLIMA\",\"url\":\"https:\/\/www.slovklima.sk\/\",\"logo\":{\"@type\":\"ImageObject\",\"inLanguage\":\"hu\",\"@id\":\"https:\/\/www.slovklima.sk\/#\/schema\/logo\/image\/\",\"url\":\"https:\/\/www.slovklima.sk\/wp-content\/uploads\/2022\/12\/slovklima-logo-black.svg\",\"contentUrl\":\"https:\/\/www.slovklima.sk\/wp-content\/uploads\/2022\/12\/slovklima-logo-black.svg\",\"width\":3218,\"height\":698,\"caption\":\"SLOVKLIMA DEIMOS group, s.r.o.\"},\"image\":{\"@id\":\"https:\/\/www.slovklima.sk\/#\/schema\/logo\/image\/\"}}]}<\/script>\n<!-- \/ Yoast SEO plugin. -->","yoast_head_json":{"title":"Hodiny sp\u00ednacie Grasslin | SLOVKLIMA DEIMOS group, s.r.o.","robots":{"index":"index","follow":"follow","max-snippet":"max-snippet:-1","max-image-preview":"max-image-preview:large","max-video-preview":"max-video-preview:-1"},"canonical":"https:\/\/www.slovklima.sk\/hu\/produkt\/hodiny-spinacie-grasslin\/","og_locale":"hu_HU","og_type":"article","og_title":"Hodiny sp\u00ednacie Grasslin | SLOVKLIMA DEIMOS group, s.r.o.","og_description":"Hodiny sp\u00ednacie Grasslin FM\/1STu (horn\u00e1 \u010das\u0165) s\u00fa mechanick\u00e9 denn\u00e9 hodiny na ovl\u00e1danie zariaden\u00ed, ako je k\u00farenie \u010di osvetlenie, s jednoduch\u00fdm nastaven\u00edm \u010dasu. MIL72A\/1 (spodn\u00e1 \u010das\u0165) sl\u00fa\u017ei ako mont\u00e1\u017ena z\u00e1klad\u0148a pre tieto hodiny, zabezpe\u010duj\u00faca stabiln\u00e9 uchytenie a spo\u013eahliv\u00fa prev\u00e1dzku.","og_url":"https:\/\/www.slovklima.sk\/hu\/produkt\/hodiny-spinacie-grasslin\/","og_site_name":"SLOVKLIMA DEIMOS group, s.r.o.","article_modified_time":"2025-07-02T06:49:09+00:00","og_image":[{"width":800,"height":1000,"url":"https:\/\/www.slovklima.sk\/wp-content\/uploads\/2025\/07\/hodiny_spinacie_Grasslin.jpg","type":"image\/jpeg"}],"twitter_card":"summary_large_image","schema":{"@context":"https:\/\/schema.org","@graph":[{"@type":"WebPage","@id":"https:\/\/www.slovklima.sk\/hu\/produkt\/hodiny-spinacie-grasslin\/","url":"https:\/\/www.slovklima.sk\/hu\/produkt\/hodiny-spinacie-grasslin\/","name":"Hodiny sp\u00ednacie Grasslin | SLOVKLIMA DEIMOS group, s.r.o.","isPartOf":{"@id":"https:\/\/www.slovklima.sk\/#website"},"primaryImageOfPage":{"@id":"https:\/\/www.slovklima.sk\/hu\/produkt\/hodiny-spinacie-grasslin\/#primaryimage"},"image":{"@id":"https:\/\/www.slovklima.sk\/hu\/produkt\/hodiny-spinacie-grasslin\/#primaryimage"},"thumbnailUrl":"https:\/\/www.slovklima.sk\/wp-content\/uploads\/2025\/07\/hodiny_spinacie_Grasslin.jpg","datePublished":"2025-07-02T06:43:48+00:00","dateModified":"2025-07-02T06:49:09+00:00","breadcrumb":{"@id":"https:\/\/www.slovklima.sk\/hu\/produkt\/hodiny-spinacie-grasslin\/#breadcrumb"},"inLanguage":"hu","potentialAction":[{"@type":"ReadAction","target":["https:\/\/www.slovklima.sk\/hu\/produkt\/hodiny-spinacie-grasslin\/"]}]},{"@type":"ImageObject","inLanguage":"hu","@id":"https:\/\/www.slovklima.sk\/hu\/produkt\/hodiny-spinacie-grasslin\/#primaryimage","url":"https:\/\/www.slovklima.sk\/wp-content\/uploads\/2025\/07\/hodiny_spinacie_Grasslin.jpg","contentUrl":"https:\/\/www.slovklima.sk\/wp-content\/uploads\/2025\/07\/hodiny_spinacie_Grasslin.jpg","width":800,"height":1000},{"@type":"BreadcrumbList","@id":"https:\/\/www.slovklima.sk\/hu\/produkt\/hodiny-spinacie-grasslin\/#breadcrumb","itemListElement":[{"@type":"ListItem","position":1,"name":"Domovsk\u00e1 str\u00e1nka","item":"https:\/\/www.slovklima.sk\/hu\/"},{"@type":"ListItem","position":2,"name":"Term\u00e9kek","item":"https:\/\/www.slovklima.sk\/termekek\/"},{"@type":"ListItem","position":3,"name":"Hodiny sp\u00ednacie Grasslin"}]},{"@type":"WebSite","@id":"https:\/\/www.slovklima.sk\/#website","url":"https:\/\/www.slovklima.sk\/","name":"SLOVKLIMA DEIMOS group, s.r.o.","description":"","publisher":{"@id":"https:\/\/www.slovklima.sk\/#organization"},"alternateName":"SLOVKLIMA","potentialAction":[{"@type":"SearchAction","target":{"@type":"EntryPoint","urlTemplate":"https:\/\/www.slovklima.sk\/?s={search_term_string}"},"query-input":{"@type":"PropertyValueSpecification","valueRequired":true,"valueName":"search_term_string"}}],"inLanguage":"hu"},{"@type":"Organization","@id":"https:\/\/www.slovklima.sk\/#organization","name":"SLOVKLIMA DEIMOS group, s.r.o.","alternateName":"SLOVKLIMA","url":"https:\/\/www.slovklima.sk\/","logo":{"@type":"ImageObject","inLanguage":"hu","@id":"https:\/\/www.slovklima.sk\/#\/schema\/logo\/image\/","url":"https:\/\/www.slovklima.sk\/wp-content\/uploads\/2022\/12\/slovklima-logo-black.svg","contentUrl":"https:\/\/www.slovklima.sk\/wp-content\/uploads\/2022\/12\/slovklima-logo-black.svg","width":3218,"height":698,"caption":"SLOVKLIMA DEIMOS group, s.r.o."},"image":{"@id":"https:\/\/www.slovklima.sk\/#\/schema\/logo\/image\/"}}]}},"_links":{"self":[{"href":"https:\/\/www.slovklima.sk\/hu\/wp-json\/wp\/v2\/product\/17060","targetHints":{"allow":["GET"]}}],"collection":[{"href":"https:\/\/www.slovklima.sk\/hu\/wp-json\/wp\/v2\/product"}],"about":[{"href":"https:\/\/www.slovklima.sk\/hu\/wp-json\/wp\/v2\/types\/product"}],"wp:featuredmedia":[{"embeddable":true,"href":"https:\/\/www.slovklima.sk\/hu\/wp-json\/wp\/v2\/media\/16952"}],"wp:attachment":[{"href":"https:\/\/www.slovklima.sk\/hu\/wp-json\/wp\/v2\/media?parent=17060"}],"wp:term":[{"taxonomy":"product_brand","embeddable":true,"href":"https:\/\/www.slovklima.sk\/hu\/wp-json\/wp\/v2\/product_brand?post=17060"},{"taxonomy":"product_cat","embeddable":true,"href":"https:\/\/www.slovklima.sk\/hu\/wp-json\/wp\/v2\/product_cat?post=17060"},{"taxonomy":"product_tag","embeddable":true,"href":"https:\/\/www.slovklima.sk\/hu\/wp-json\/wp\/v2\/product_tag?post=17060"}],"curies":[{"name":"wp","href":"https:\/\/api.w.org\/{rel}","templated":true}]}}