{"id":15830,"date":"2025-06-09T11:09:53","date_gmt":"2025-06-09T09:09:53","guid":{"rendered":"https:\/\/www.slovklima.sk\/?post_type=product&#038;p=15830"},"modified":"2026-04-29T09:36:01","modified_gmt":"2026-04-29T07:36:01","slug":"presostat-danfoss","status":"publish","type":"product","link":"https:\/\/www.slovklima.sk\/hu\/produkt\/presostat-danfoss\/","title":{"rendered":"Danfoss Presostat"},"content":{"rendered":"","protected":false},"excerpt":{"rendered":"<p>A Danfoss KP1, KP5 \u00e9s KP15 nyom\u00e1sszab\u00e1lyoz\u00f3k a h\u0171t\u0151- \u00e9s l\u00e9gkondicion\u00e1l\u00f3 rendszerek nyom\u00e1s\u00e1nak ellen\u0151rz\u00e9s\u00e9re \u00e9s szab\u00e1lyoz\u00e1s\u00e1ra szolg\u00e1lnak. Ezek a nyom\u00e1skapcsol\u00f3k elengedhetetlenek a rendszerben a megfelel\u0151 nyom\u00e1s fenntart\u00e1s\u00e1hoz, ami hozz\u00e1j\u00e1rul a rendszer optim\u00e1lis teljes\u00edtm\u00e9ny\u00e9hez \u00e9s hat\u00e9kony m\u0171k\u00f6d\u00e9s\u00e9hez. A KP1 LP (alacsony nyom\u00e1s), KP5 HP (magas nyom\u00e1s), KP5 HDW \u00e9s KP15 modelleket k\u00edn\u00e1ljuk k\u00fcl\u00f6nb\u00f6z\u0151 nyom\u00e1startom\u00e1nyokhoz \u00e9s rendszert\u00edpusokhoz. Ezek a modellek rugalmass\u00e1got biztos\u00edtanak az egyedi alkalmaz\u00e1si ig\u00e9nyekt\u0151l f\u00fcgg\u0151en.   <\/p>\n","protected":false},"featured_media":15749,"template":"","meta":[],"product_brand":[],"product_cat":[380,381,370],"product_tag":[],"class_list":{"0":"post-15830","1":"product","2":"type-product","3":"status-publish","4":"has-post-thumbnail","6":"product_cat-hutes-automatizalasa","7":"product_cat-presostats-hu","8":"product_cat-professzionalis-hutes","10":"first","11":"instock","12":"shipping-taxable","13":"product-type-simple"},"yoast_head":"<!-- This site is optimized with the Yoast SEO plugin v24.3 - https:\/\/yoast.com\/wordpress\/plugins\/seo\/ -->\n<title>Danfoss Presostat | SLOVKLIMA DEIMOS group, s.r.o.<\/title>\n<meta name=\"robots\" content=\"index, follow, max-snippet:-1, max-image-preview:large, max-video-preview:-1\" \/>\n<link rel=\"canonical\" href=\"https:\/\/www.slovklima.sk\/hu\/produkt\/presostat-danfoss\/\" \/>\n<meta property=\"og:locale\" content=\"hu_HU\" \/>\n<meta property=\"og:type\" content=\"article\" \/>\n<meta property=\"og:title\" content=\"Danfoss Presostat | SLOVKLIMA DEIMOS group, s.r.o.\" \/>\n<meta property=\"og:description\" content=\"A Danfoss KP1, KP5 \u00e9s KP15 nyom\u00e1sszab\u00e1lyoz\u00f3k a h\u0171t\u0151- \u00e9s l\u00e9gkondicion\u00e1l\u00f3 rendszerek nyom\u00e1s\u00e1nak ellen\u0151rz\u00e9s\u00e9re \u00e9s szab\u00e1lyoz\u00e1s\u00e1ra szolg\u00e1lnak. Ezek a nyom\u00e1skapcsol\u00f3k elengedhetetlenek a rendszerben a megfelel\u0151 nyom\u00e1s fenntart\u00e1s\u00e1hoz, ami hozz\u00e1j\u00e1rul a rendszer optim\u00e1lis teljes\u00edtm\u00e9ny\u00e9hez \u00e9s hat\u00e9kony m\u0171k\u00f6d\u00e9s\u00e9hez. A KP1 LP (alacsony nyom\u00e1s), KP5 HP (magas nyom\u00e1s), KP5 HDW \u00e9s KP15 modelleket k\u00edn\u00e1ljuk k\u00fcl\u00f6nb\u00f6z\u0151 nyom\u00e1startom\u00e1nyokhoz \u00e9s rendszert\u00edpusokhoz. Ezek a modellek rugalmass\u00e1got biztos\u00edtanak az egyedi alkalmaz\u00e1si ig\u00e9nyekt\u0151l f\u00fcgg\u0151en.\" \/>\n<meta property=\"og:url\" content=\"https:\/\/www.slovklima.sk\/hu\/produkt\/presostat-danfoss\/\" \/>\n<meta property=\"og:site_name\" content=\"SLOVKLIMA DEIMOS group, s.r.o.\" \/>\n<meta property=\"article:modified_time\" content=\"2026-04-29T07:36:01+00:00\" \/>\n<meta property=\"og:image\" content=\"https:\/\/www.slovklima.sk\/wp-content\/uploads\/2025\/06\/Presostat_Danfoss_KP-1.jpg\" \/>\n\t<meta property=\"og:image:width\" content=\"800\" \/>\n\t<meta property=\"og:image:height\" content=\"1000\" \/>\n\t<meta property=\"og:image:type\" content=\"image\/jpeg\" \/>\n<meta name=\"twitter:card\" content=\"summary_large_image\" \/>\n<script type=\"application\/ld+json\" class=\"yoast-schema-graph\">{\"@context\":\"https:\/\/schema.org\",\"@graph\":[{\"@type\":\"WebPage\",\"@id\":\"https:\/\/www.slovklima.sk\/hu\/produkt\/presostat-danfoss\/\",\"url\":\"https:\/\/www.slovklima.sk\/hu\/produkt\/presostat-danfoss\/\",\"name\":\"Danfoss Presostat | SLOVKLIMA DEIMOS group, s.r.o.\",\"isPartOf\":{\"@id\":\"https:\/\/www.slovklima.sk\/#website\"},\"primaryImageOfPage\":{\"@id\":\"https:\/\/www.slovklima.sk\/hu\/produkt\/presostat-danfoss\/#primaryimage\"},\"image\":{\"@id\":\"https:\/\/www.slovklima.sk\/hu\/produkt\/presostat-danfoss\/#primaryimage\"},\"thumbnailUrl\":\"https:\/\/www.slovklima.sk\/wp-content\/uploads\/2025\/06\/Presostat_Danfoss_KP-1.jpg\",\"datePublished\":\"2025-06-09T09:09:53+00:00\",\"dateModified\":\"2026-04-29T07:36:01+00:00\",\"breadcrumb\":{\"@id\":\"https:\/\/www.slovklima.sk\/hu\/produkt\/presostat-danfoss\/#breadcrumb\"},\"inLanguage\":\"hu\",\"potentialAction\":[{\"@type\":\"ReadAction\",\"target\":[\"https:\/\/www.slovklima.sk\/hu\/produkt\/presostat-danfoss\/\"]}]},{\"@type\":\"ImageObject\",\"inLanguage\":\"hu\",\"@id\":\"https:\/\/www.slovklima.sk\/hu\/produkt\/presostat-danfoss\/#primaryimage\",\"url\":\"https:\/\/www.slovklima.sk\/wp-content\/uploads\/2025\/06\/Presostat_Danfoss_KP-1.jpg\",\"contentUrl\":\"https:\/\/www.slovklima.sk\/wp-content\/uploads\/2025\/06\/Presostat_Danfoss_KP-1.jpg\",\"width\":800,\"height\":1000},{\"@type\":\"BreadcrumbList\",\"@id\":\"https:\/\/www.slovklima.sk\/hu\/produkt\/presostat-danfoss\/#breadcrumb\",\"itemListElement\":[{\"@type\":\"ListItem\",\"position\":1,\"name\":\"Domovsk\u00e1 str\u00e1nka\",\"item\":\"https:\/\/www.slovklima.sk\/hu\/\"},{\"@type\":\"ListItem\",\"position\":2,\"name\":\"Term\u00e9kek\",\"item\":\"https:\/\/www.slovklima.sk\/termekek\/\"},{\"@type\":\"ListItem\",\"position\":3,\"name\":\"Danfoss Presostat\"}]},{\"@type\":\"WebSite\",\"@id\":\"https:\/\/www.slovklima.sk\/#website\",\"url\":\"https:\/\/www.slovklima.sk\/\",\"name\":\"SLOVKLIMA DEIMOS group, s.r.o.\",\"description\":\"\",\"publisher\":{\"@id\":\"https:\/\/www.slovklima.sk\/#organization\"},\"alternateName\":\"SLOVKLIMA\",\"potentialAction\":[{\"@type\":\"SearchAction\",\"target\":{\"@type\":\"EntryPoint\",\"urlTemplate\":\"https:\/\/www.slovklima.sk\/?s={search_term_string}\"},\"query-input\":{\"@type\":\"PropertyValueSpecification\",\"valueRequired\":true,\"valueName\":\"search_term_string\"}}],\"inLanguage\":\"hu\"},{\"@type\":\"Organization\",\"@id\":\"https:\/\/www.slovklima.sk\/#organization\",\"name\":\"SLOVKLIMA DEIMOS group, s.r.o.\",\"alternateName\":\"SLOVKLIMA\",\"url\":\"https:\/\/www.slovklima.sk\/\",\"logo\":{\"@type\":\"ImageObject\",\"inLanguage\":\"hu\",\"@id\":\"https:\/\/www.slovklima.sk\/#\/schema\/logo\/image\/\",\"url\":\"https:\/\/www.slovklima.sk\/wp-content\/uploads\/2022\/12\/slovklima-logo-black.svg\",\"contentUrl\":\"https:\/\/www.slovklima.sk\/wp-content\/uploads\/2022\/12\/slovklima-logo-black.svg\",\"width\":3218,\"height\":698,\"caption\":\"SLOVKLIMA DEIMOS group, s.r.o.\"},\"image\":{\"@id\":\"https:\/\/www.slovklima.sk\/#\/schema\/logo\/image\/\"}}]}<\/script>\n<!-- \/ Yoast SEO plugin. -->","yoast_head_json":{"title":"Danfoss Presostat | SLOVKLIMA DEIMOS group, s.r.o.","robots":{"index":"index","follow":"follow","max-snippet":"max-snippet:-1","max-image-preview":"max-image-preview:large","max-video-preview":"max-video-preview:-1"},"canonical":"https:\/\/www.slovklima.sk\/hu\/produkt\/presostat-danfoss\/","og_locale":"hu_HU","og_type":"article","og_title":"Danfoss Presostat | SLOVKLIMA DEIMOS group, s.r.o.","og_description":"A Danfoss KP1, KP5 \u00e9s KP15 nyom\u00e1sszab\u00e1lyoz\u00f3k a h\u0171t\u0151- \u00e9s l\u00e9gkondicion\u00e1l\u00f3 rendszerek nyom\u00e1s\u00e1nak ellen\u0151rz\u00e9s\u00e9re \u00e9s szab\u00e1lyoz\u00e1s\u00e1ra szolg\u00e1lnak. Ezek a nyom\u00e1skapcsol\u00f3k elengedhetetlenek a rendszerben a megfelel\u0151 nyom\u00e1s fenntart\u00e1s\u00e1hoz, ami hozz\u00e1j\u00e1rul a rendszer optim\u00e1lis teljes\u00edtm\u00e9ny\u00e9hez \u00e9s hat\u00e9kony m\u0171k\u00f6d\u00e9s\u00e9hez. A KP1 LP (alacsony nyom\u00e1s), KP5 HP (magas nyom\u00e1s), KP5 HDW \u00e9s KP15 modelleket k\u00edn\u00e1ljuk k\u00fcl\u00f6nb\u00f6z\u0151 nyom\u00e1startom\u00e1nyokhoz \u00e9s rendszert\u00edpusokhoz. Ezek a modellek rugalmass\u00e1got biztos\u00edtanak az egyedi alkalmaz\u00e1si ig\u00e9nyekt\u0151l f\u00fcgg\u0151en.","og_url":"https:\/\/www.slovklima.sk\/hu\/produkt\/presostat-danfoss\/","og_site_name":"SLOVKLIMA DEIMOS group, s.r.o.","article_modified_time":"2026-04-29T07:36:01+00:00","og_image":[{"width":800,"height":1000,"url":"https:\/\/www.slovklima.sk\/wp-content\/uploads\/2025\/06\/Presostat_Danfoss_KP-1.jpg","type":"image\/jpeg"}],"twitter_card":"summary_large_image","schema":{"@context":"https:\/\/schema.org","@graph":[{"@type":"WebPage","@id":"https:\/\/www.slovklima.sk\/hu\/produkt\/presostat-danfoss\/","url":"https:\/\/www.slovklima.sk\/hu\/produkt\/presostat-danfoss\/","name":"Danfoss Presostat | SLOVKLIMA DEIMOS group, s.r.o.","isPartOf":{"@id":"https:\/\/www.slovklima.sk\/#website"},"primaryImageOfPage":{"@id":"https:\/\/www.slovklima.sk\/hu\/produkt\/presostat-danfoss\/#primaryimage"},"image":{"@id":"https:\/\/www.slovklima.sk\/hu\/produkt\/presostat-danfoss\/#primaryimage"},"thumbnailUrl":"https:\/\/www.slovklima.sk\/wp-content\/uploads\/2025\/06\/Presostat_Danfoss_KP-1.jpg","datePublished":"2025-06-09T09:09:53+00:00","dateModified":"2026-04-29T07:36:01+00:00","breadcrumb":{"@id":"https:\/\/www.slovklima.sk\/hu\/produkt\/presostat-danfoss\/#breadcrumb"},"inLanguage":"hu","potentialAction":[{"@type":"ReadAction","target":["https:\/\/www.slovklima.sk\/hu\/produkt\/presostat-danfoss\/"]}]},{"@type":"ImageObject","inLanguage":"hu","@id":"https:\/\/www.slovklima.sk\/hu\/produkt\/presostat-danfoss\/#primaryimage","url":"https:\/\/www.slovklima.sk\/wp-content\/uploads\/2025\/06\/Presostat_Danfoss_KP-1.jpg","contentUrl":"https:\/\/www.slovklima.sk\/wp-content\/uploads\/2025\/06\/Presostat_Danfoss_KP-1.jpg","width":800,"height":1000},{"@type":"BreadcrumbList","@id":"https:\/\/www.slovklima.sk\/hu\/produkt\/presostat-danfoss\/#breadcrumb","itemListElement":[{"@type":"ListItem","position":1,"name":"Domovsk\u00e1 str\u00e1nka","item":"https:\/\/www.slovklima.sk\/hu\/"},{"@type":"ListItem","position":2,"name":"Term\u00e9kek","item":"https:\/\/www.slovklima.sk\/termekek\/"},{"@type":"ListItem","position":3,"name":"Danfoss Presostat"}]},{"@type":"WebSite","@id":"https:\/\/www.slovklima.sk\/#website","url":"https:\/\/www.slovklima.sk\/","name":"SLOVKLIMA DEIMOS group, s.r.o.","description":"","publisher":{"@id":"https:\/\/www.slovklima.sk\/#organization"},"alternateName":"SLOVKLIMA","potentialAction":[{"@type":"SearchAction","target":{"@type":"EntryPoint","urlTemplate":"https:\/\/www.slovklima.sk\/?s={search_term_string}"},"query-input":{"@type":"PropertyValueSpecification","valueRequired":true,"valueName":"search_term_string"}}],"inLanguage":"hu"},{"@type":"Organization","@id":"https:\/\/www.slovklima.sk\/#organization","name":"SLOVKLIMA DEIMOS group, s.r.o.","alternateName":"SLOVKLIMA","url":"https:\/\/www.slovklima.sk\/","logo":{"@type":"ImageObject","inLanguage":"hu","@id":"https:\/\/www.slovklima.sk\/#\/schema\/logo\/image\/","url":"https:\/\/www.slovklima.sk\/wp-content\/uploads\/2022\/12\/slovklima-logo-black.svg","contentUrl":"https:\/\/www.slovklima.sk\/wp-content\/uploads\/2022\/12\/slovklima-logo-black.svg","width":3218,"height":698,"caption":"SLOVKLIMA DEIMOS group, s.r.o."},"image":{"@id":"https:\/\/www.slovklima.sk\/#\/schema\/logo\/image\/"}}]}},"_links":{"self":[{"href":"https:\/\/www.slovklima.sk\/hu\/wp-json\/wp\/v2\/product\/15830","targetHints":{"allow":["GET"]}}],"collection":[{"href":"https:\/\/www.slovklima.sk\/hu\/wp-json\/wp\/v2\/product"}],"about":[{"href":"https:\/\/www.slovklima.sk\/hu\/wp-json\/wp\/v2\/types\/product"}],"wp:featuredmedia":[{"embeddable":true,"href":"https:\/\/www.slovklima.sk\/hu\/wp-json\/wp\/v2\/media\/15749"}],"wp:attachment":[{"href":"https:\/\/www.slovklima.sk\/hu\/wp-json\/wp\/v2\/media?parent=15830"}],"wp:term":[{"taxonomy":"product_brand","embeddable":true,"href":"https:\/\/www.slovklima.sk\/hu\/wp-json\/wp\/v2\/product_brand?post=15830"},{"taxonomy":"product_cat","embeddable":true,"href":"https:\/\/www.slovklima.sk\/hu\/wp-json\/wp\/v2\/product_cat?post=15830"},{"taxonomy":"product_tag","embeddable":true,"href":"https:\/\/www.slovklima.sk\/hu\/wp-json\/wp\/v2\/product_tag?post=15830"}],"curies":[{"name":"wp","href":"https:\/\/api.w.org\/{rel}","templated":true}]}}