{"id":15452,"date":"2025-06-05T08:57:48","date_gmt":"2025-06-05T06:57:48","guid":{"rendered":"https:\/\/www.slovklima.sk\/?post_type=product&#038;p=15452"},"modified":"2025-06-05T08:57:49","modified_gmt":"2025-06-05T06:57:49","slug":"cievka-magneticka-castel","status":"publish","type":"product","link":"https:\/\/www.slovklima.sk\/hu\/produkt\/cievka-magneticka-castel\/","title":{"rendered":"Cievka magnetick\u00e1 Castel"},"content":{"rendered":"","protected":false},"excerpt":{"rendered":"<p>Magnetick\u00e9 cievky pon\u00fakaj\u00fa spo\u013eahliv\u00fd a efekt\u00edvny v\u00fdkon v \u0161irokom spektre aplik\u00e1ci\u00ed, od n\u00edzkonap\u00e4\u0165ov\u00fdch (12V a 24V DC) a\u017e po striedav\u00fd pr\u00fad (24V a 220V AC). Tieto cievky s\u00fa navrhnut\u00e9 pre dlhodob\u00fa prev\u00e1dzku a vysok\u00fa odolnos\u0165 vo\u010di n\u00e1ro\u010dn\u00fdm podmienkam, \u010d\u00edm zabezpe\u010duj\u00fa stabilitu a energetick\u00fa \u00fa\u010dinnos\u0165 v priemyseln\u00fdch syst\u00e9moch.<\/p>\n","protected":false},"featured_media":15455,"template":"","meta":[],"product_brand":[],"product_cat":[380,370,510],"product_tag":[],"class_list":{"0":"post-15452","1":"product","2":"type-product","3":"status-publish","4":"has-post-thumbnail","6":"product_cat-hutes-automatizalasa","7":"product_cat-professzionalis-hutes","8":"product_cat-magneses-tekercsek","10":"first","11":"instock","12":"shipping-taxable","13":"product-type-simple"},"yoast_head":"<!-- This site is optimized with the Yoast SEO plugin v24.3 - https:\/\/yoast.com\/wordpress\/plugins\/seo\/ -->\n<title>Cievka magnetick\u00e1 Castel | SLOVKLIMA DEIMOS group, s.r.o.<\/title>\n<meta name=\"robots\" content=\"index, follow, max-snippet:-1, max-image-preview:large, max-video-preview:-1\" \/>\n<link rel=\"canonical\" href=\"https:\/\/www.slovklima.sk\/hu\/produkt\/cievka-magneticka-castel\/\" \/>\n<meta property=\"og:locale\" content=\"hu_HU\" \/>\n<meta property=\"og:type\" content=\"article\" \/>\n<meta property=\"og:title\" content=\"Cievka magnetick\u00e1 Castel | SLOVKLIMA DEIMOS group, s.r.o.\" \/>\n<meta property=\"og:description\" content=\"Magnetick\u00e9 cievky pon\u00fakaj\u00fa spo\u013eahliv\u00fd a efekt\u00edvny v\u00fdkon v \u0161irokom spektre aplik\u00e1ci\u00ed, od n\u00edzkonap\u00e4\u0165ov\u00fdch (12V a 24V DC) a\u017e po striedav\u00fd pr\u00fad (24V a 220V AC). Tieto cievky s\u00fa navrhnut\u00e9 pre dlhodob\u00fa prev\u00e1dzku a vysok\u00fa odolnos\u0165 vo\u010di n\u00e1ro\u010dn\u00fdm podmienkam, \u010d\u00edm zabezpe\u010duj\u00fa stabilitu a energetick\u00fa \u00fa\u010dinnos\u0165 v priemyseln\u00fdch syst\u00e9moch.\" \/>\n<meta property=\"og:url\" content=\"https:\/\/www.slovklima.sk\/hu\/produkt\/cievka-magneticka-castel\/\" \/>\n<meta property=\"og:site_name\" content=\"SLOVKLIMA DEIMOS group, s.r.o.\" \/>\n<meta property=\"article:modified_time\" content=\"2025-06-05T06:57:49+00:00\" \/>\n<meta property=\"og:image\" content=\"https:\/\/www.slovklima.sk\/wp-content\/uploads\/2025\/06\/Cievka_magneticka_Castel_9120.jpg\" \/>\n\t<meta property=\"og:image:width\" content=\"800\" \/>\n\t<meta property=\"og:image:height\" content=\"1000\" \/>\n\t<meta property=\"og:image:type\" content=\"image\/jpeg\" \/>\n<meta name=\"twitter:card\" content=\"summary_large_image\" \/>\n<script type=\"application\/ld+json\" class=\"yoast-schema-graph\">{\"@context\":\"https:\/\/schema.org\",\"@graph\":[{\"@type\":\"WebPage\",\"@id\":\"https:\/\/www.slovklima.sk\/hu\/produkt\/cievka-magneticka-castel\/\",\"url\":\"https:\/\/www.slovklima.sk\/hu\/produkt\/cievka-magneticka-castel\/\",\"name\":\"Cievka magnetick\u00e1 Castel | SLOVKLIMA DEIMOS group, s.r.o.\",\"isPartOf\":{\"@id\":\"https:\/\/www.slovklima.sk\/#website\"},\"primaryImageOfPage\":{\"@id\":\"https:\/\/www.slovklima.sk\/hu\/produkt\/cievka-magneticka-castel\/#primaryimage\"},\"image\":{\"@id\":\"https:\/\/www.slovklima.sk\/hu\/produkt\/cievka-magneticka-castel\/#primaryimage\"},\"thumbnailUrl\":\"https:\/\/www.slovklima.sk\/wp-content\/uploads\/2025\/06\/Cievka_magneticka_Castel_9120.jpg\",\"datePublished\":\"2025-06-05T06:57:48+00:00\",\"dateModified\":\"2025-06-05T06:57:49+00:00\",\"breadcrumb\":{\"@id\":\"https:\/\/www.slovklima.sk\/hu\/produkt\/cievka-magneticka-castel\/#breadcrumb\"},\"inLanguage\":\"hu\",\"potentialAction\":[{\"@type\":\"ReadAction\",\"target\":[\"https:\/\/www.slovklima.sk\/hu\/produkt\/cievka-magneticka-castel\/\"]}]},{\"@type\":\"ImageObject\",\"inLanguage\":\"hu\",\"@id\":\"https:\/\/www.slovklima.sk\/hu\/produkt\/cievka-magneticka-castel\/#primaryimage\",\"url\":\"https:\/\/www.slovklima.sk\/wp-content\/uploads\/2025\/06\/Cievka_magneticka_Castel_9120.jpg\",\"contentUrl\":\"https:\/\/www.slovklima.sk\/wp-content\/uploads\/2025\/06\/Cievka_magneticka_Castel_9120.jpg\",\"width\":800,\"height\":1000},{\"@type\":\"BreadcrumbList\",\"@id\":\"https:\/\/www.slovklima.sk\/hu\/produkt\/cievka-magneticka-castel\/#breadcrumb\",\"itemListElement\":[{\"@type\":\"ListItem\",\"position\":1,\"name\":\"Domovsk\u00e1 str\u00e1nka\",\"item\":\"https:\/\/www.slovklima.sk\/hu\/\"},{\"@type\":\"ListItem\",\"position\":2,\"name\":\"Term\u00e9kek\",\"item\":\"https:\/\/www.slovklima.sk\/termekek\/\"},{\"@type\":\"ListItem\",\"position\":3,\"name\":\"Cievka magnetick\u00e1 Castel\"}]},{\"@type\":\"WebSite\",\"@id\":\"https:\/\/www.slovklima.sk\/#website\",\"url\":\"https:\/\/www.slovklima.sk\/\",\"name\":\"SLOVKLIMA DEIMOS group, s.r.o.\",\"description\":\"\",\"publisher\":{\"@id\":\"https:\/\/www.slovklima.sk\/#organization\"},\"alternateName\":\"SLOVKLIMA\",\"potentialAction\":[{\"@type\":\"SearchAction\",\"target\":{\"@type\":\"EntryPoint\",\"urlTemplate\":\"https:\/\/www.slovklima.sk\/?s={search_term_string}\"},\"query-input\":{\"@type\":\"PropertyValueSpecification\",\"valueRequired\":true,\"valueName\":\"search_term_string\"}}],\"inLanguage\":\"hu\"},{\"@type\":\"Organization\",\"@id\":\"https:\/\/www.slovklima.sk\/#organization\",\"name\":\"SLOVKLIMA DEIMOS group, s.r.o.\",\"alternateName\":\"SLOVKLIMA\",\"url\":\"https:\/\/www.slovklima.sk\/\",\"logo\":{\"@type\":\"ImageObject\",\"inLanguage\":\"hu\",\"@id\":\"https:\/\/www.slovklima.sk\/#\/schema\/logo\/image\/\",\"url\":\"https:\/\/www.slovklima.sk\/wp-content\/uploads\/2022\/12\/slovklima-logo-black.svg\",\"contentUrl\":\"https:\/\/www.slovklima.sk\/wp-content\/uploads\/2022\/12\/slovklima-logo-black.svg\",\"width\":3218,\"height\":698,\"caption\":\"SLOVKLIMA DEIMOS group, s.r.o.\"},\"image\":{\"@id\":\"https:\/\/www.slovklima.sk\/#\/schema\/logo\/image\/\"}}]}<\/script>\n<!-- \/ Yoast SEO plugin. -->","yoast_head_json":{"title":"Cievka magnetick\u00e1 Castel | SLOVKLIMA DEIMOS group, s.r.o.","robots":{"index":"index","follow":"follow","max-snippet":"max-snippet:-1","max-image-preview":"max-image-preview:large","max-video-preview":"max-video-preview:-1"},"canonical":"https:\/\/www.slovklima.sk\/hu\/produkt\/cievka-magneticka-castel\/","og_locale":"hu_HU","og_type":"article","og_title":"Cievka magnetick\u00e1 Castel | SLOVKLIMA DEIMOS group, s.r.o.","og_description":"Magnetick\u00e9 cievky pon\u00fakaj\u00fa spo\u013eahliv\u00fd a efekt\u00edvny v\u00fdkon v \u0161irokom spektre aplik\u00e1ci\u00ed, od n\u00edzkonap\u00e4\u0165ov\u00fdch (12V a 24V DC) a\u017e po striedav\u00fd pr\u00fad (24V a 220V AC). Tieto cievky s\u00fa navrhnut\u00e9 pre dlhodob\u00fa prev\u00e1dzku a vysok\u00fa odolnos\u0165 vo\u010di n\u00e1ro\u010dn\u00fdm podmienkam, \u010d\u00edm zabezpe\u010duj\u00fa stabilitu a energetick\u00fa \u00fa\u010dinnos\u0165 v priemyseln\u00fdch syst\u00e9moch.","og_url":"https:\/\/www.slovklima.sk\/hu\/produkt\/cievka-magneticka-castel\/","og_site_name":"SLOVKLIMA DEIMOS group, s.r.o.","article_modified_time":"2025-06-05T06:57:49+00:00","og_image":[{"width":800,"height":1000,"url":"https:\/\/www.slovklima.sk\/wp-content\/uploads\/2025\/06\/Cievka_magneticka_Castel_9120.jpg","type":"image\/jpeg"}],"twitter_card":"summary_large_image","schema":{"@context":"https:\/\/schema.org","@graph":[{"@type":"WebPage","@id":"https:\/\/www.slovklima.sk\/hu\/produkt\/cievka-magneticka-castel\/","url":"https:\/\/www.slovklima.sk\/hu\/produkt\/cievka-magneticka-castel\/","name":"Cievka magnetick\u00e1 Castel | SLOVKLIMA DEIMOS group, s.r.o.","isPartOf":{"@id":"https:\/\/www.slovklima.sk\/#website"},"primaryImageOfPage":{"@id":"https:\/\/www.slovklima.sk\/hu\/produkt\/cievka-magneticka-castel\/#primaryimage"},"image":{"@id":"https:\/\/www.slovklima.sk\/hu\/produkt\/cievka-magneticka-castel\/#primaryimage"},"thumbnailUrl":"https:\/\/www.slovklima.sk\/wp-content\/uploads\/2025\/06\/Cievka_magneticka_Castel_9120.jpg","datePublished":"2025-06-05T06:57:48+00:00","dateModified":"2025-06-05T06:57:49+00:00","breadcrumb":{"@id":"https:\/\/www.slovklima.sk\/hu\/produkt\/cievka-magneticka-castel\/#breadcrumb"},"inLanguage":"hu","potentialAction":[{"@type":"ReadAction","target":["https:\/\/www.slovklima.sk\/hu\/produkt\/cievka-magneticka-castel\/"]}]},{"@type":"ImageObject","inLanguage":"hu","@id":"https:\/\/www.slovklima.sk\/hu\/produkt\/cievka-magneticka-castel\/#primaryimage","url":"https:\/\/www.slovklima.sk\/wp-content\/uploads\/2025\/06\/Cievka_magneticka_Castel_9120.jpg","contentUrl":"https:\/\/www.slovklima.sk\/wp-content\/uploads\/2025\/06\/Cievka_magneticka_Castel_9120.jpg","width":800,"height":1000},{"@type":"BreadcrumbList","@id":"https:\/\/www.slovklima.sk\/hu\/produkt\/cievka-magneticka-castel\/#breadcrumb","itemListElement":[{"@type":"ListItem","position":1,"name":"Domovsk\u00e1 str\u00e1nka","item":"https:\/\/www.slovklima.sk\/hu\/"},{"@type":"ListItem","position":2,"name":"Term\u00e9kek","item":"https:\/\/www.slovklima.sk\/termekek\/"},{"@type":"ListItem","position":3,"name":"Cievka magnetick\u00e1 Castel"}]},{"@type":"WebSite","@id":"https:\/\/www.slovklima.sk\/#website","url":"https:\/\/www.slovklima.sk\/","name":"SLOVKLIMA DEIMOS group, s.r.o.","description":"","publisher":{"@id":"https:\/\/www.slovklima.sk\/#organization"},"alternateName":"SLOVKLIMA","potentialAction":[{"@type":"SearchAction","target":{"@type":"EntryPoint","urlTemplate":"https:\/\/www.slovklima.sk\/?s={search_term_string}"},"query-input":{"@type":"PropertyValueSpecification","valueRequired":true,"valueName":"search_term_string"}}],"inLanguage":"hu"},{"@type":"Organization","@id":"https:\/\/www.slovklima.sk\/#organization","name":"SLOVKLIMA DEIMOS group, s.r.o.","alternateName":"SLOVKLIMA","url":"https:\/\/www.slovklima.sk\/","logo":{"@type":"ImageObject","inLanguage":"hu","@id":"https:\/\/www.slovklima.sk\/#\/schema\/logo\/image\/","url":"https:\/\/www.slovklima.sk\/wp-content\/uploads\/2022\/12\/slovklima-logo-black.svg","contentUrl":"https:\/\/www.slovklima.sk\/wp-content\/uploads\/2022\/12\/slovklima-logo-black.svg","width":3218,"height":698,"caption":"SLOVKLIMA DEIMOS group, s.r.o."},"image":{"@id":"https:\/\/www.slovklima.sk\/#\/schema\/logo\/image\/"}}]}},"_links":{"self":[{"href":"https:\/\/www.slovklima.sk\/hu\/wp-json\/wp\/v2\/product\/15452","targetHints":{"allow":["GET"]}}],"collection":[{"href":"https:\/\/www.slovklima.sk\/hu\/wp-json\/wp\/v2\/product"}],"about":[{"href":"https:\/\/www.slovklima.sk\/hu\/wp-json\/wp\/v2\/types\/product"}],"wp:featuredmedia":[{"embeddable":true,"href":"https:\/\/www.slovklima.sk\/hu\/wp-json\/wp\/v2\/media\/15455"}],"wp:attachment":[{"href":"https:\/\/www.slovklima.sk\/hu\/wp-json\/wp\/v2\/media?parent=15452"}],"wp:term":[{"taxonomy":"product_brand","embeddable":true,"href":"https:\/\/www.slovklima.sk\/hu\/wp-json\/wp\/v2\/product_brand?post=15452"},{"taxonomy":"product_cat","embeddable":true,"href":"https:\/\/www.slovklima.sk\/hu\/wp-json\/wp\/v2\/product_cat?post=15452"},{"taxonomy":"product_tag","embeddable":true,"href":"https:\/\/www.slovklima.sk\/hu\/wp-json\/wp\/v2\/product_tag?post=15452"}],"curies":[{"name":"wp","href":"https:\/\/api.w.org\/{rel}","templated":true}]}}