{"id":15372,"date":"2025-06-04T07:55:26","date_gmt":"2025-06-04T05:55:26","guid":{"rendered":"https:\/\/www.slovklima.sk\/?post_type=product&#038;p=15372"},"modified":"2025-07-11T14:02:04","modified_gmt":"2025-07-11T12:02:04","slug":"manometer-digitalny-bosch","status":"publish","type":"product","link":"https:\/\/www.slovklima.sk\/hu\/produkt\/manometer-digitalny-bosch\/","title":{"rendered":"Manometer digit\u00e1lny Bosch"},"content":{"rendered":"","protected":false},"excerpt":{"rendered":"<p>Digit\u00e1lne manometre predstavuj\u00fa modern\u00e9 rie\u0161enie pre presn\u00e9 meranie n\u00edzkeho aj vysok\u00e9ho tlaku v chladiacich a klimatiza\u010dn\u00fdch syst\u00e9moch. V porovnan\u00ed s anal\u00f3gov\u00fdmi pon\u00fakaj\u00fa digit\u00e1lny displej, ktor\u00fd zobrazuje hodnoty s vysokou presnos\u0165ou, \u010dasto aj s rozl\u00ed\u0161en\u00edm na desatiny PSI alebo bar, a \u010dasto obsahuj\u00fa automatick\u00fa identifik\u00e1ciu chladiva, teplotn\u00e9 kompenz\u00e1cie, v\u00fdpo\u010dty podchladenia a prehriatia. Mnoh\u00e9 modely z tejto rady maj\u00fa pam\u00e4\u0165ov\u00e9 funkcie, mo\u017enos\u0165 prepojenia cez Bluetooth alebo USB a niektor\u00e9 dokonca bezdr\u00f4tov\u00e9 sondy pre viackan\u00e1lov\u00e9 meranie. S\u00fa ide\u00e1lne pre profesion\u00e1lnych technikov, ktor\u00ed vy\u017eaduj\u00fa r\u00fdchle, presn\u00e9 a komplexn\u00e9 merania s mo\u017enos\u0165ou z\u00e1znamu a exportu d\u00e1t. Digit\u00e1lne manometre \u0161etria \u010das, zni\u017euj\u00fa riziko ch\u00fdb pri v\u00fdpo\u010dtoch a zjednodu\u0161uj\u00fa celkov\u00fd servis chladiacich zariaden\u00ed.<\/p>\n","protected":false},"featured_media":15375,"template":"","meta":[],"product_brand":[],"product_cat":[371,375,370],"product_tag":[],"class_list":{"0":"post-15372","1":"product","2":"type-product","3":"status-publish","4":"has-post-thumbnail","6":"product_cat-eszkozok","7":"product_cat-meres","8":"product_cat-professzionalis-hutes","10":"first","11":"instock","12":"shipping-taxable","13":"product-type-simple"},"yoast_head":"<!-- This site is optimized with the Yoast SEO plugin v24.3 - https:\/\/yoast.com\/wordpress\/plugins\/seo\/ -->\n<title>Manometer digit\u00e1lny Bosch | SLOVKLIMA DEIMOS group, s.r.o.<\/title>\n<meta name=\"robots\" content=\"index, follow, max-snippet:-1, max-image-preview:large, max-video-preview:-1\" \/>\n<link rel=\"canonical\" href=\"https:\/\/www.slovklima.sk\/hu\/produkt\/manometer-digitalny-bosch\/\" \/>\n<meta property=\"og:locale\" content=\"hu_HU\" \/>\n<meta property=\"og:type\" content=\"article\" \/>\n<meta property=\"og:title\" content=\"Manometer digit\u00e1lny Bosch | SLOVKLIMA DEIMOS group, s.r.o.\" \/>\n<meta property=\"og:description\" content=\"Digit\u00e1lne manometre predstavuj\u00fa modern\u00e9 rie\u0161enie pre presn\u00e9 meranie n\u00edzkeho aj vysok\u00e9ho tlaku v chladiacich a klimatiza\u010dn\u00fdch syst\u00e9moch. V porovnan\u00ed s anal\u00f3gov\u00fdmi pon\u00fakaj\u00fa digit\u00e1lny displej, ktor\u00fd zobrazuje hodnoty s vysokou presnos\u0165ou, \u010dasto aj s rozl\u00ed\u0161en\u00edm na desatiny PSI alebo bar, a \u010dasto obsahuj\u00fa automatick\u00fa identifik\u00e1ciu chladiva, teplotn\u00e9 kompenz\u00e1cie, v\u00fdpo\u010dty podchladenia a prehriatia. Mnoh\u00e9 modely z tejto rady maj\u00fa pam\u00e4\u0165ov\u00e9 funkcie, mo\u017enos\u0165 prepojenia cez Bluetooth alebo USB a niektor\u00e9 dokonca bezdr\u00f4tov\u00e9 sondy pre viackan\u00e1lov\u00e9 meranie. S\u00fa ide\u00e1lne pre profesion\u00e1lnych technikov, ktor\u00ed vy\u017eaduj\u00fa r\u00fdchle, presn\u00e9 a komplexn\u00e9 merania s mo\u017enos\u0165ou z\u00e1znamu a exportu d\u00e1t. Digit\u00e1lne manometre \u0161etria \u010das, zni\u017euj\u00fa riziko ch\u00fdb pri v\u00fdpo\u010dtoch a zjednodu\u0161uj\u00fa celkov\u00fd servis chladiacich zariaden\u00ed.\" \/>\n<meta property=\"og:url\" content=\"https:\/\/www.slovklima.sk\/hu\/produkt\/manometer-digitalny-bosch\/\" \/>\n<meta property=\"og:site_name\" content=\"SLOVKLIMA DEIMOS group, s.r.o.\" \/>\n<meta property=\"article:modified_time\" content=\"2025-07-11T12:02:04+00:00\" \/>\n<meta property=\"og:image\" content=\"https:\/\/www.slovklima.sk\/wp-content\/uploads\/2025\/06\/Manometer_digitalny_nizkotlaky_Bosch_RA11910-E.jpg\" \/>\n\t<meta property=\"og:image:width\" content=\"800\" \/>\n\t<meta property=\"og:image:height\" content=\"1000\" \/>\n\t<meta property=\"og:image:type\" content=\"image\/jpeg\" \/>\n<meta name=\"twitter:card\" content=\"summary_large_image\" \/>\n<script type=\"application\/ld+json\" class=\"yoast-schema-graph\">{\"@context\":\"https:\/\/schema.org\",\"@graph\":[{\"@type\":\"WebPage\",\"@id\":\"https:\/\/www.slovklima.sk\/hu\/produkt\/manometer-digitalny-bosch\/\",\"url\":\"https:\/\/www.slovklima.sk\/hu\/produkt\/manometer-digitalny-bosch\/\",\"name\":\"Manometer digit\u00e1lny Bosch | SLOVKLIMA DEIMOS group, s.r.o.\",\"isPartOf\":{\"@id\":\"https:\/\/www.slovklima.sk\/#website\"},\"primaryImageOfPage\":{\"@id\":\"https:\/\/www.slovklima.sk\/hu\/produkt\/manometer-digitalny-bosch\/#primaryimage\"},\"image\":{\"@id\":\"https:\/\/www.slovklima.sk\/hu\/produkt\/manometer-digitalny-bosch\/#primaryimage\"},\"thumbnailUrl\":\"https:\/\/www.slovklima.sk\/wp-content\/uploads\/2025\/06\/Manometer_digitalny_nizkotlaky_Bosch_RA11910-E.jpg\",\"datePublished\":\"2025-06-04T05:55:26+00:00\",\"dateModified\":\"2025-07-11T12:02:04+00:00\",\"breadcrumb\":{\"@id\":\"https:\/\/www.slovklima.sk\/hu\/produkt\/manometer-digitalny-bosch\/#breadcrumb\"},\"inLanguage\":\"hu\",\"potentialAction\":[{\"@type\":\"ReadAction\",\"target\":[\"https:\/\/www.slovklima.sk\/hu\/produkt\/manometer-digitalny-bosch\/\"]}]},{\"@type\":\"ImageObject\",\"inLanguage\":\"hu\",\"@id\":\"https:\/\/www.slovklima.sk\/hu\/produkt\/manometer-digitalny-bosch\/#primaryimage\",\"url\":\"https:\/\/www.slovklima.sk\/wp-content\/uploads\/2025\/06\/Manometer_digitalny_nizkotlaky_Bosch_RA11910-E.jpg\",\"contentUrl\":\"https:\/\/www.slovklima.sk\/wp-content\/uploads\/2025\/06\/Manometer_digitalny_nizkotlaky_Bosch_RA11910-E.jpg\",\"width\":800,\"height\":1000},{\"@type\":\"BreadcrumbList\",\"@id\":\"https:\/\/www.slovklima.sk\/hu\/produkt\/manometer-digitalny-bosch\/#breadcrumb\",\"itemListElement\":[{\"@type\":\"ListItem\",\"position\":1,\"name\":\"Domovsk\u00e1 str\u00e1nka\",\"item\":\"https:\/\/www.slovklima.sk\/hu\/\"},{\"@type\":\"ListItem\",\"position\":2,\"name\":\"Term\u00e9kek\",\"item\":\"https:\/\/www.slovklima.sk\/termekek\/\"},{\"@type\":\"ListItem\",\"position\":3,\"name\":\"Manometer digit\u00e1lny Bosch\"}]},{\"@type\":\"WebSite\",\"@id\":\"https:\/\/www.slovklima.sk\/#website\",\"url\":\"https:\/\/www.slovklima.sk\/\",\"name\":\"SLOVKLIMA DEIMOS group, s.r.o.\",\"description\":\"\",\"publisher\":{\"@id\":\"https:\/\/www.slovklima.sk\/#organization\"},\"alternateName\":\"SLOVKLIMA\",\"potentialAction\":[{\"@type\":\"SearchAction\",\"target\":{\"@type\":\"EntryPoint\",\"urlTemplate\":\"https:\/\/www.slovklima.sk\/?s={search_term_string}\"},\"query-input\":{\"@type\":\"PropertyValueSpecification\",\"valueRequired\":true,\"valueName\":\"search_term_string\"}}],\"inLanguage\":\"hu\"},{\"@type\":\"Organization\",\"@id\":\"https:\/\/www.slovklima.sk\/#organization\",\"name\":\"SLOVKLIMA DEIMOS group, s.r.o.\",\"alternateName\":\"SLOVKLIMA\",\"url\":\"https:\/\/www.slovklima.sk\/\",\"logo\":{\"@type\":\"ImageObject\",\"inLanguage\":\"hu\",\"@id\":\"https:\/\/www.slovklima.sk\/#\/schema\/logo\/image\/\",\"url\":\"https:\/\/www.slovklima.sk\/wp-content\/uploads\/2022\/12\/slovklima-logo-black.svg\",\"contentUrl\":\"https:\/\/www.slovklima.sk\/wp-content\/uploads\/2022\/12\/slovklima-logo-black.svg\",\"width\":3218,\"height\":698,\"caption\":\"SLOVKLIMA DEIMOS group, s.r.o.\"},\"image\":{\"@id\":\"https:\/\/www.slovklima.sk\/#\/schema\/logo\/image\/\"}}]}<\/script>\n<!-- \/ Yoast SEO plugin. -->","yoast_head_json":{"title":"Manometer digit\u00e1lny Bosch | SLOVKLIMA DEIMOS group, s.r.o.","robots":{"index":"index","follow":"follow","max-snippet":"max-snippet:-1","max-image-preview":"max-image-preview:large","max-video-preview":"max-video-preview:-1"},"canonical":"https:\/\/www.slovklima.sk\/hu\/produkt\/manometer-digitalny-bosch\/","og_locale":"hu_HU","og_type":"article","og_title":"Manometer digit\u00e1lny Bosch | SLOVKLIMA DEIMOS group, s.r.o.","og_description":"Digit\u00e1lne manometre predstavuj\u00fa modern\u00e9 rie\u0161enie pre presn\u00e9 meranie n\u00edzkeho aj vysok\u00e9ho tlaku v chladiacich a klimatiza\u010dn\u00fdch syst\u00e9moch. V porovnan\u00ed s anal\u00f3gov\u00fdmi pon\u00fakaj\u00fa digit\u00e1lny displej, ktor\u00fd zobrazuje hodnoty s vysokou presnos\u0165ou, \u010dasto aj s rozl\u00ed\u0161en\u00edm na desatiny PSI alebo bar, a \u010dasto obsahuj\u00fa automatick\u00fa identifik\u00e1ciu chladiva, teplotn\u00e9 kompenz\u00e1cie, v\u00fdpo\u010dty podchladenia a prehriatia. Mnoh\u00e9 modely z tejto rady maj\u00fa pam\u00e4\u0165ov\u00e9 funkcie, mo\u017enos\u0165 prepojenia cez Bluetooth alebo USB a niektor\u00e9 dokonca bezdr\u00f4tov\u00e9 sondy pre viackan\u00e1lov\u00e9 meranie. S\u00fa ide\u00e1lne pre profesion\u00e1lnych technikov, ktor\u00ed vy\u017eaduj\u00fa r\u00fdchle, presn\u00e9 a komplexn\u00e9 merania s mo\u017enos\u0165ou z\u00e1znamu a exportu d\u00e1t. Digit\u00e1lne manometre \u0161etria \u010das, zni\u017euj\u00fa riziko ch\u00fdb pri v\u00fdpo\u010dtoch a zjednodu\u0161uj\u00fa celkov\u00fd servis chladiacich zariaden\u00ed.","og_url":"https:\/\/www.slovklima.sk\/hu\/produkt\/manometer-digitalny-bosch\/","og_site_name":"SLOVKLIMA DEIMOS group, s.r.o.","article_modified_time":"2025-07-11T12:02:04+00:00","og_image":[{"width":800,"height":1000,"url":"https:\/\/www.slovklima.sk\/wp-content\/uploads\/2025\/06\/Manometer_digitalny_nizkotlaky_Bosch_RA11910-E.jpg","type":"image\/jpeg"}],"twitter_card":"summary_large_image","schema":{"@context":"https:\/\/schema.org","@graph":[{"@type":"WebPage","@id":"https:\/\/www.slovklima.sk\/hu\/produkt\/manometer-digitalny-bosch\/","url":"https:\/\/www.slovklima.sk\/hu\/produkt\/manometer-digitalny-bosch\/","name":"Manometer digit\u00e1lny Bosch | SLOVKLIMA DEIMOS group, s.r.o.","isPartOf":{"@id":"https:\/\/www.slovklima.sk\/#website"},"primaryImageOfPage":{"@id":"https:\/\/www.slovklima.sk\/hu\/produkt\/manometer-digitalny-bosch\/#primaryimage"},"image":{"@id":"https:\/\/www.slovklima.sk\/hu\/produkt\/manometer-digitalny-bosch\/#primaryimage"},"thumbnailUrl":"https:\/\/www.slovklima.sk\/wp-content\/uploads\/2025\/06\/Manometer_digitalny_nizkotlaky_Bosch_RA11910-E.jpg","datePublished":"2025-06-04T05:55:26+00:00","dateModified":"2025-07-11T12:02:04+00:00","breadcrumb":{"@id":"https:\/\/www.slovklima.sk\/hu\/produkt\/manometer-digitalny-bosch\/#breadcrumb"},"inLanguage":"hu","potentialAction":[{"@type":"ReadAction","target":["https:\/\/www.slovklima.sk\/hu\/produkt\/manometer-digitalny-bosch\/"]}]},{"@type":"ImageObject","inLanguage":"hu","@id":"https:\/\/www.slovklima.sk\/hu\/produkt\/manometer-digitalny-bosch\/#primaryimage","url":"https:\/\/www.slovklima.sk\/wp-content\/uploads\/2025\/06\/Manometer_digitalny_nizkotlaky_Bosch_RA11910-E.jpg","contentUrl":"https:\/\/www.slovklima.sk\/wp-content\/uploads\/2025\/06\/Manometer_digitalny_nizkotlaky_Bosch_RA11910-E.jpg","width":800,"height":1000},{"@type":"BreadcrumbList","@id":"https:\/\/www.slovklima.sk\/hu\/produkt\/manometer-digitalny-bosch\/#breadcrumb","itemListElement":[{"@type":"ListItem","position":1,"name":"Domovsk\u00e1 str\u00e1nka","item":"https:\/\/www.slovklima.sk\/hu\/"},{"@type":"ListItem","position":2,"name":"Term\u00e9kek","item":"https:\/\/www.slovklima.sk\/termekek\/"},{"@type":"ListItem","position":3,"name":"Manometer digit\u00e1lny Bosch"}]},{"@type":"WebSite","@id":"https:\/\/www.slovklima.sk\/#website","url":"https:\/\/www.slovklima.sk\/","name":"SLOVKLIMA DEIMOS group, s.r.o.","description":"","publisher":{"@id":"https:\/\/www.slovklima.sk\/#organization"},"alternateName":"SLOVKLIMA","potentialAction":[{"@type":"SearchAction","target":{"@type":"EntryPoint","urlTemplate":"https:\/\/www.slovklima.sk\/?s={search_term_string}"},"query-input":{"@type":"PropertyValueSpecification","valueRequired":true,"valueName":"search_term_string"}}],"inLanguage":"hu"},{"@type":"Organization","@id":"https:\/\/www.slovklima.sk\/#organization","name":"SLOVKLIMA DEIMOS group, s.r.o.","alternateName":"SLOVKLIMA","url":"https:\/\/www.slovklima.sk\/","logo":{"@type":"ImageObject","inLanguage":"hu","@id":"https:\/\/www.slovklima.sk\/#\/schema\/logo\/image\/","url":"https:\/\/www.slovklima.sk\/wp-content\/uploads\/2022\/12\/slovklima-logo-black.svg","contentUrl":"https:\/\/www.slovklima.sk\/wp-content\/uploads\/2022\/12\/slovklima-logo-black.svg","width":3218,"height":698,"caption":"SLOVKLIMA DEIMOS group, s.r.o."},"image":{"@id":"https:\/\/www.slovklima.sk\/#\/schema\/logo\/image\/"}}]}},"_links":{"self":[{"href":"https:\/\/www.slovklima.sk\/hu\/wp-json\/wp\/v2\/product\/15372","targetHints":{"allow":["GET"]}}],"collection":[{"href":"https:\/\/www.slovklima.sk\/hu\/wp-json\/wp\/v2\/product"}],"about":[{"href":"https:\/\/www.slovklima.sk\/hu\/wp-json\/wp\/v2\/types\/product"}],"wp:featuredmedia":[{"embeddable":true,"href":"https:\/\/www.slovklima.sk\/hu\/wp-json\/wp\/v2\/media\/15375"}],"wp:attachment":[{"href":"https:\/\/www.slovklima.sk\/hu\/wp-json\/wp\/v2\/media?parent=15372"}],"wp:term":[{"taxonomy":"product_brand","embeddable":true,"href":"https:\/\/www.slovklima.sk\/hu\/wp-json\/wp\/v2\/product_brand?post=15372"},{"taxonomy":"product_cat","embeddable":true,"href":"https:\/\/www.slovklima.sk\/hu\/wp-json\/wp\/v2\/product_cat?post=15372"},{"taxonomy":"product_tag","embeddable":true,"href":"https:\/\/www.slovklima.sk\/hu\/wp-json\/wp\/v2\/product_tag?post=15372"}],"curies":[{"name":"wp","href":"https:\/\/api.w.org\/{rel}","templated":true}]}}