{"id":15300,"date":"2025-06-04T07:07:37","date_gmt":"2025-06-04T05:07:37","guid":{"rendered":"https:\/\/www.slovklima.sk\/?post_type=product&#038;p=15300"},"modified":"2025-06-04T07:17:36","modified_gmt":"2025-06-04T05:17:36","slug":"vaha-digitalna-bosch","status":"publish","type":"product","link":"https:\/\/www.slovklima.sk\/hu\/produkt\/vaha-digitalna-bosch\/","title":{"rendered":"V\u00e1ha digit\u00e1lna Bosch"},"content":{"rendered":"","protected":false},"excerpt":{"rendered":"<p>Digit\u00e1lna v\u00e1ha Bosch je presn\u00e1 elektronick\u00e1 v\u00e1ha ur\u010den\u00e1 na meranie mno\u017estva chladiva pri plnen\u00ed a servise klimatiza\u010dn\u00fdch a chladiacich syst\u00e9mov. M\u00e1 kapacitu a\u017e 100 kg, rozl\u00ed\u0161enie 0,01 kg a jednoduch\u00e9 ovl\u00e1danie s tromi tla\u010didlami. V\u010faka robustnej kon\u0161trukcii, prenosn\u00e9mu kufr\u00edku a bat\u00e9riov\u00e9mu nap\u00e1janiu je ide\u00e1lna pre mobiln\u00fdch technikov.<\/p>\n","protected":false},"featured_media":15303,"template":"","meta":[],"product_brand":[],"product_cat":[371,370,372],"product_tag":[],"class_list":{"0":"post-15300","1":"product","2":"type-product","3":"status-publish","4":"has-post-thumbnail","6":"product_cat-eszkozok","7":"product_cat-professzionalis-hutes","8":"product_cat-vakuumgepek-szivogepek-merlegek","10":"first","11":"instock","12":"shipping-taxable","13":"product-type-simple"},"yoast_head":"<!-- This site is optimized with the Yoast SEO plugin v24.3 - https:\/\/yoast.com\/wordpress\/plugins\/seo\/ -->\n<title>V\u00e1ha digit\u00e1lna Bosch | SLOVKLIMA DEIMOS group, s.r.o.<\/title>\n<meta name=\"robots\" content=\"index, follow, max-snippet:-1, max-image-preview:large, max-video-preview:-1\" \/>\n<link rel=\"canonical\" href=\"https:\/\/www.slovklima.sk\/hu\/produkt\/vaha-digitalna-bosch\/\" \/>\n<meta property=\"og:locale\" content=\"hu_HU\" \/>\n<meta property=\"og:type\" content=\"article\" \/>\n<meta property=\"og:title\" content=\"V\u00e1ha digit\u00e1lna Bosch | SLOVKLIMA DEIMOS group, s.r.o.\" \/>\n<meta property=\"og:description\" content=\"Digit\u00e1lna v\u00e1ha Bosch je presn\u00e1 elektronick\u00e1 v\u00e1ha ur\u010den\u00e1 na meranie mno\u017estva chladiva pri plnen\u00ed a servise klimatiza\u010dn\u00fdch a chladiacich syst\u00e9mov. M\u00e1 kapacitu a\u017e 100 kg, rozl\u00ed\u0161enie 0,01 kg a jednoduch\u00e9 ovl\u00e1danie s tromi tla\u010didlami. V\u010faka robustnej kon\u0161trukcii, prenosn\u00e9mu kufr\u00edku a bat\u00e9riov\u00e9mu nap\u00e1janiu je ide\u00e1lna pre mobiln\u00fdch technikov.\" \/>\n<meta property=\"og:url\" content=\"https:\/\/www.slovklima.sk\/hu\/produkt\/vaha-digitalna-bosch\/\" \/>\n<meta property=\"og:site_name\" content=\"SLOVKLIMA DEIMOS group, s.r.o.\" \/>\n<meta property=\"article:modified_time\" content=\"2025-06-04T05:17:36+00:00\" \/>\n<meta property=\"og:image\" content=\"https:\/\/www.slovklima.sk\/wp-content\/uploads\/2025\/06\/Vaha_digitalna_TIF9030E.png\" \/>\n\t<meta property=\"og:image:width\" content=\"800\" \/>\n\t<meta property=\"og:image:height\" content=\"1000\" \/>\n\t<meta property=\"og:image:type\" content=\"image\/png\" \/>\n<meta name=\"twitter:card\" content=\"summary_large_image\" \/>\n<script type=\"application\/ld+json\" class=\"yoast-schema-graph\">{\"@context\":\"https:\/\/schema.org\",\"@graph\":[{\"@type\":\"WebPage\",\"@id\":\"https:\/\/www.slovklima.sk\/hu\/produkt\/vaha-digitalna-bosch\/\",\"url\":\"https:\/\/www.slovklima.sk\/hu\/produkt\/vaha-digitalna-bosch\/\",\"name\":\"V\u00e1ha digit\u00e1lna Bosch | SLOVKLIMA DEIMOS group, s.r.o.\",\"isPartOf\":{\"@id\":\"https:\/\/www.slovklima.sk\/#website\"},\"primaryImageOfPage\":{\"@id\":\"https:\/\/www.slovklima.sk\/hu\/produkt\/vaha-digitalna-bosch\/#primaryimage\"},\"image\":{\"@id\":\"https:\/\/www.slovklima.sk\/hu\/produkt\/vaha-digitalna-bosch\/#primaryimage\"},\"thumbnailUrl\":\"https:\/\/www.slovklima.sk\/wp-content\/uploads\/2025\/06\/Vaha_digitalna_TIF9030E.jpg\",\"datePublished\":\"2025-06-04T05:07:37+00:00\",\"dateModified\":\"2025-06-04T05:17:36+00:00\",\"breadcrumb\":{\"@id\":\"https:\/\/www.slovklima.sk\/hu\/produkt\/vaha-digitalna-bosch\/#breadcrumb\"},\"inLanguage\":\"hu\",\"potentialAction\":[{\"@type\":\"ReadAction\",\"target\":[\"https:\/\/www.slovklima.sk\/hu\/produkt\/vaha-digitalna-bosch\/\"]}]},{\"@type\":\"ImageObject\",\"inLanguage\":\"hu\",\"@id\":\"https:\/\/www.slovklima.sk\/hu\/produkt\/vaha-digitalna-bosch\/#primaryimage\",\"url\":\"https:\/\/www.slovklima.sk\/wp-content\/uploads\/2025\/06\/Vaha_digitalna_TIF9030E.jpg\",\"contentUrl\":\"https:\/\/www.slovklima.sk\/wp-content\/uploads\/2025\/06\/Vaha_digitalna_TIF9030E.jpg\",\"width\":800,\"height\":1000},{\"@type\":\"BreadcrumbList\",\"@id\":\"https:\/\/www.slovklima.sk\/hu\/produkt\/vaha-digitalna-bosch\/#breadcrumb\",\"itemListElement\":[{\"@type\":\"ListItem\",\"position\":1,\"name\":\"Domovsk\u00e1 str\u00e1nka\",\"item\":\"https:\/\/www.slovklima.sk\/hu\/\"},{\"@type\":\"ListItem\",\"position\":2,\"name\":\"Term\u00e9kek\",\"item\":\"https:\/\/www.slovklima.sk\/termekek\/\"},{\"@type\":\"ListItem\",\"position\":3,\"name\":\"V\u00e1ha digit\u00e1lna Bosch\"}]},{\"@type\":\"WebSite\",\"@id\":\"https:\/\/www.slovklima.sk\/#website\",\"url\":\"https:\/\/www.slovklima.sk\/\",\"name\":\"SLOVKLIMA DEIMOS group, s.r.o.\",\"description\":\"\",\"publisher\":{\"@id\":\"https:\/\/www.slovklima.sk\/#organization\"},\"alternateName\":\"SLOVKLIMA\",\"potentialAction\":[{\"@type\":\"SearchAction\",\"target\":{\"@type\":\"EntryPoint\",\"urlTemplate\":\"https:\/\/www.slovklima.sk\/?s={search_term_string}\"},\"query-input\":{\"@type\":\"PropertyValueSpecification\",\"valueRequired\":true,\"valueName\":\"search_term_string\"}}],\"inLanguage\":\"hu\"},{\"@type\":\"Organization\",\"@id\":\"https:\/\/www.slovklima.sk\/#organization\",\"name\":\"SLOVKLIMA DEIMOS group, s.r.o.\",\"alternateName\":\"SLOVKLIMA\",\"url\":\"https:\/\/www.slovklima.sk\/\",\"logo\":{\"@type\":\"ImageObject\",\"inLanguage\":\"hu\",\"@id\":\"https:\/\/www.slovklima.sk\/#\/schema\/logo\/image\/\",\"url\":\"https:\/\/www.slovklima.sk\/wp-content\/uploads\/2022\/12\/slovklima-logo-black.svg\",\"contentUrl\":\"https:\/\/www.slovklima.sk\/wp-content\/uploads\/2022\/12\/slovklima-logo-black.svg\",\"width\":3218,\"height\":698,\"caption\":\"SLOVKLIMA DEIMOS group, s.r.o.\"},\"image\":{\"@id\":\"https:\/\/www.slovklima.sk\/#\/schema\/logo\/image\/\"}}]}<\/script>\n<!-- \/ Yoast SEO plugin. -->","yoast_head_json":{"title":"V\u00e1ha digit\u00e1lna Bosch | SLOVKLIMA DEIMOS group, s.r.o.","robots":{"index":"index","follow":"follow","max-snippet":"max-snippet:-1","max-image-preview":"max-image-preview:large","max-video-preview":"max-video-preview:-1"},"canonical":"https:\/\/www.slovklima.sk\/hu\/produkt\/vaha-digitalna-bosch\/","og_locale":"hu_HU","og_type":"article","og_title":"V\u00e1ha digit\u00e1lna Bosch | SLOVKLIMA DEIMOS group, s.r.o.","og_description":"Digit\u00e1lna v\u00e1ha Bosch je presn\u00e1 elektronick\u00e1 v\u00e1ha ur\u010den\u00e1 na meranie mno\u017estva chladiva pri plnen\u00ed a servise klimatiza\u010dn\u00fdch a chladiacich syst\u00e9mov. M\u00e1 kapacitu a\u017e 100 kg, rozl\u00ed\u0161enie 0,01 kg a jednoduch\u00e9 ovl\u00e1danie s tromi tla\u010didlami. V\u010faka robustnej kon\u0161trukcii, prenosn\u00e9mu kufr\u00edku a bat\u00e9riov\u00e9mu nap\u00e1janiu je ide\u00e1lna pre mobiln\u00fdch technikov.","og_url":"https:\/\/www.slovklima.sk\/hu\/produkt\/vaha-digitalna-bosch\/","og_site_name":"SLOVKLIMA DEIMOS group, s.r.o.","article_modified_time":"2025-06-04T05:17:36+00:00","og_image":[{"width":800,"height":1000,"url":"https:\/\/www.slovklima.sk\/wp-content\/uploads\/2025\/06\/Vaha_digitalna_TIF9030E.png","type":"image\/png"}],"twitter_card":"summary_large_image","schema":{"@context":"https:\/\/schema.org","@graph":[{"@type":"WebPage","@id":"https:\/\/www.slovklima.sk\/hu\/produkt\/vaha-digitalna-bosch\/","url":"https:\/\/www.slovklima.sk\/hu\/produkt\/vaha-digitalna-bosch\/","name":"V\u00e1ha digit\u00e1lna Bosch | SLOVKLIMA DEIMOS group, s.r.o.","isPartOf":{"@id":"https:\/\/www.slovklima.sk\/#website"},"primaryImageOfPage":{"@id":"https:\/\/www.slovklima.sk\/hu\/produkt\/vaha-digitalna-bosch\/#primaryimage"},"image":{"@id":"https:\/\/www.slovklima.sk\/hu\/produkt\/vaha-digitalna-bosch\/#primaryimage"},"thumbnailUrl":"https:\/\/www.slovklima.sk\/wp-content\/uploads\/2025\/06\/Vaha_digitalna_TIF9030E.jpg","datePublished":"2025-06-04T05:07:37+00:00","dateModified":"2025-06-04T05:17:36+00:00","breadcrumb":{"@id":"https:\/\/www.slovklima.sk\/hu\/produkt\/vaha-digitalna-bosch\/#breadcrumb"},"inLanguage":"hu","potentialAction":[{"@type":"ReadAction","target":["https:\/\/www.slovklima.sk\/hu\/produkt\/vaha-digitalna-bosch\/"]}]},{"@type":"ImageObject","inLanguage":"hu","@id":"https:\/\/www.slovklima.sk\/hu\/produkt\/vaha-digitalna-bosch\/#primaryimage","url":"https:\/\/www.slovklima.sk\/wp-content\/uploads\/2025\/06\/Vaha_digitalna_TIF9030E.jpg","contentUrl":"https:\/\/www.slovklima.sk\/wp-content\/uploads\/2025\/06\/Vaha_digitalna_TIF9030E.jpg","width":800,"height":1000},{"@type":"BreadcrumbList","@id":"https:\/\/www.slovklima.sk\/hu\/produkt\/vaha-digitalna-bosch\/#breadcrumb","itemListElement":[{"@type":"ListItem","position":1,"name":"Domovsk\u00e1 str\u00e1nka","item":"https:\/\/www.slovklima.sk\/hu\/"},{"@type":"ListItem","position":2,"name":"Term\u00e9kek","item":"https:\/\/www.slovklima.sk\/termekek\/"},{"@type":"ListItem","position":3,"name":"V\u00e1ha digit\u00e1lna Bosch"}]},{"@type":"WebSite","@id":"https:\/\/www.slovklima.sk\/#website","url":"https:\/\/www.slovklima.sk\/","name":"SLOVKLIMA DEIMOS group, s.r.o.","description":"","publisher":{"@id":"https:\/\/www.slovklima.sk\/#organization"},"alternateName":"SLOVKLIMA","potentialAction":[{"@type":"SearchAction","target":{"@type":"EntryPoint","urlTemplate":"https:\/\/www.slovklima.sk\/?s={search_term_string}"},"query-input":{"@type":"PropertyValueSpecification","valueRequired":true,"valueName":"search_term_string"}}],"inLanguage":"hu"},{"@type":"Organization","@id":"https:\/\/www.slovklima.sk\/#organization","name":"SLOVKLIMA DEIMOS group, s.r.o.","alternateName":"SLOVKLIMA","url":"https:\/\/www.slovklima.sk\/","logo":{"@type":"ImageObject","inLanguage":"hu","@id":"https:\/\/www.slovklima.sk\/#\/schema\/logo\/image\/","url":"https:\/\/www.slovklima.sk\/wp-content\/uploads\/2022\/12\/slovklima-logo-black.svg","contentUrl":"https:\/\/www.slovklima.sk\/wp-content\/uploads\/2022\/12\/slovklima-logo-black.svg","width":3218,"height":698,"caption":"SLOVKLIMA DEIMOS group, s.r.o."},"image":{"@id":"https:\/\/www.slovklima.sk\/#\/schema\/logo\/image\/"}}]}},"_links":{"self":[{"href":"https:\/\/www.slovklima.sk\/hu\/wp-json\/wp\/v2\/product\/15300","targetHints":{"allow":["GET"]}}],"collection":[{"href":"https:\/\/www.slovklima.sk\/hu\/wp-json\/wp\/v2\/product"}],"about":[{"href":"https:\/\/www.slovklima.sk\/hu\/wp-json\/wp\/v2\/types\/product"}],"wp:featuredmedia":[{"embeddable":true,"href":"https:\/\/www.slovklima.sk\/hu\/wp-json\/wp\/v2\/media\/15303"}],"wp:attachment":[{"href":"https:\/\/www.slovklima.sk\/hu\/wp-json\/wp\/v2\/media?parent=15300"}],"wp:term":[{"taxonomy":"product_brand","embeddable":true,"href":"https:\/\/www.slovklima.sk\/hu\/wp-json\/wp\/v2\/product_brand?post=15300"},{"taxonomy":"product_cat","embeddable":true,"href":"https:\/\/www.slovklima.sk\/hu\/wp-json\/wp\/v2\/product_cat?post=15300"},{"taxonomy":"product_tag","embeddable":true,"href":"https:\/\/www.slovklima.sk\/hu\/wp-json\/wp\/v2\/product_tag?post=15300"}],"curies":[{"name":"wp","href":"https:\/\/api.w.org\/{rel}","templated":true}]}}