{"id":14019,"date":"2025-03-17T16:07:17","date_gmt":"2025-03-17T15:07:17","guid":{"rendered":"https:\/\/www.slovklima.sk\/produkt\/toshiba-seiya-classic-2-split-r32\/"},"modified":"2026-03-17T08:28:01","modified_gmt":"2026-03-17T07:28:01","slug":"toshiba-seiya-classic-2-split-r32","status":"publish","type":"product","link":"https:\/\/www.slovklima.sk\/hu\/produkt\/toshiba-seiya-classic-2-split-r32\/","title":{"rendered":"TOSHIBA SEIYA CLASSIC 2 osztott R32"},"content":{"rendered":"<section class=\"wpb-content-wrapper\"><p>[vc_row][vc_column el_class=&#8221;table-style&#8221; woodmart_css_id=&#8221;67d83c6714df5&#8243; parallax_scroll=&#8221;no&#8221; woodmart_sticky_column=&#8221;false&#8221; wd_collapsible_content_switcher=&#8221;no&#8221; wd_column_role_offcanvas_desktop=&#8221;no&#8221; wd_column_role_offcanvas_tablet=&#8221;no&#8221; wd_column_role_offcanvas_mobile=&#8221;no&#8221; wd_column_role_content_desktop=&#8221;no&#8221; wd_column_role_content_tablet=&#8221;no&#8221; wd_column_role_content_mobile=&#8221;no&#8221; mobile_bg_img_hidden=&#8221;no&#8221; tablet_bg_img_hidden=&#8221;no&#8221; woodmart_parallax=&#8221;0&#8243; woodmart_box_shadow=&#8221;no&#8221; responsive_spacing=&#8221;eyJwYXJhbV90eXBlIjoid29vZG1hcnRfcmVzcG9uc2l2ZV9zcGFjaW5nIiwic2VsZWN0b3JfaWQiOiI2N2Q4M2M2NzE0ZGY1Iiwic2hvcnRjb2RlIjoidmNfY29sdW1uIiwiZGF0YSI6eyJ0YWJsZXQiOnt9LCJtb2JpbGUiOnt9fX0=&#8221; mobile_reset_margin=&#8221;no&#8221; tablet_reset_margin=&#8221;no&#8221; wd_z_index=&#8221;no&#8221;][vc_column_text woodmart_inline=&#8221;no&#8221; text_larger=&#8221;no&#8221;]<\/p>\n<table>\n<thead>\n<tr>\n<th>Model SEYIA CHLASSIC 2<em> (belt\u00e9ri + k\u00fclt\u00e9ri egys\u00e9g)<\/em><\/th>\n<th>Teljes\u00edtm\u00e9ny<em>kW<\/em><\/th>\n<th>Energiaoszt\u00e1ly <em>h\u0171t\u00e9s\/f\u0171t\u00e9s<\/em><\/th>\n<th>Seasonal efficiency <em>SEER\/SCOP<\/em><\/th>\n<th>M\u00e9ret mm <em>(belt\u00e9ri + k\u00fclt\u00e9ri egys\u00e9g)<\/em><\/th>\n<\/tr>\n<\/thead>\n<tbody>\n<tr>\n<td>RAS-B10B2KVG-E2 \/ B2AVG-E2<\/td>\n<td>2,5 \/ 3,2<\/td>\n<td>A++ \/ A+<\/td>\n<td>6,1 \/ 4,0<\/td>\n<td>288x770x225 \/ 530x660x240<\/td>\n<\/tr>\n<tr>\n<td>RAS-B13B2KVG-E2 \/ B2AVG-E2<\/td>\n<td>3,3 \/ 3,6<\/td>\n<td>A++ \/ A+<\/td>\n<td>6,1 \/ 4,0<\/td>\n<td>288x770x225 \/ 530x660x240<\/td>\n<\/tr>\n<tr>\n<td>RAS-B16B2KVG-E2 \/ B2AVG-E2<\/td>\n<td>4,2 \/ 5,0<\/td>\n<td>A++ \/ A+<\/td>\n<td>6,1 \/ 4,0<\/td>\n<td>293x798x230 \/ 550x780x290<\/td>\n<\/tr>\n<tr>\n<td>RAS-B18B2KVG-E2 \/ B2AVG-E2<\/td>\n<td>5,0 \/ 5,4<\/td>\n<td>A++ \/ A+<\/td>\n<td>6,1 \/ 4,0<\/td>\n<td>293x798x230 \/ 550x780x290<\/td>\n<\/tr>\n<tr>\n<td>RAS-B24B2KVG-E2 \/ B2AVG-E2<\/td>\n<td>6,5 \/ 7,0<\/td>\n<td>A++ \/ A+<\/td>\n<td>6,1 \/ 4,0<\/td>\n<td>320x1050x250 \/ 550x780x290<\/td>\n<\/tr>\n<\/tbody>\n<\/table>\n<p><span data-mce-type=\"bookmark\" style=\"display: inline-block; width: 0px; overflow: hidden; line-height: 0;\" class=\"mce_SELRES_start\">\ufeff<\/span>[\/vc_column_text][\/vc_column][\/vc_row]<\/p>\n<\/section>","protected":false},"excerpt":{"rendered":"<p><strong>\u00daJ SEIYA<\/strong><br \/>\nA SEIYA CLASSIC 2 egy fali l\u00e9gkondicion\u00e1l\u00f3, amelyet kis \u00e9s k\u00f6zepes m\u00e9ret\u0171 helyis\u00e9gek hat\u00e9kony h\u0171t\u00e9s\u00e9re \u00e9s f\u0171t\u00e9s\u00e9re terveztek. Az inverteres technol\u00f3gi\u00e1nak k\u00f6sz\u00f6nhet\u0151en stabil teljes\u00edtm\u00e9nyt ny\u00fajt alacsony energiafogyaszt\u00e1s mellett. Az Ultra Quiet funkci\u00f3 m\u00e1r 19 dB-t\u0151l csendes m\u0171k\u00f6d\u00e9st biztos\u00edt, \u00edgy ide\u00e1lis h\u00e1l\u00f3szob\u00e1kba, gyerekszob\u00e1kba \u00e9s irod\u00e1kba.<\/p>\n<ul>\n<li>Kompakt feltal\u00e1l\u00f3 BASIC vonal<\/li>\n<li>A++ energiaoszt\u00e1ly h\u0171t\u00e9si \u00fczemm\u00f3dban \u00e9s A+ f\u0171t\u00e9si \u00fczemm\u00f3dban<\/li>\n<li>Porsz\u0171r\u0151 a k\u00e9sz\u00fcl\u00e9kben<\/li>\n<li>Standard vez\u00e9rl\u0151 tartoz\u00e9k<\/li>\n<li>El\u0151re el\u0151k\u00e9sz\u00edtett Wifi modul (a belt\u00e9ri egys\u00e9gbe integr\u00e1lhat\u00f3)<\/li>\n<li>Energiafigyel\u00e9s: Single split \u00e9s Multi NEXT eset\u00e9n<\/li>\n<li>\u00dczemi \u00e9rt\u00e9k: -15 \u00e9s +46\u00b0C k\u00f6z\u00f6tt h\u0171t\u00e9s eset\u00e9n \/ -15 \u00e9s +24\u00b0C k\u00f6z\u00f6tt f\u0171t\u00e9s eset\u00e9n<\/li>\n<\/ul>\n<div class=\"product-icons\"><img decoding=\"async\" class=\"alignnone size-full wp-image-14008\" title=\"Kompakt feltal\u00e1l\u00f3 BASIC vonal\" src=\"\/wp-content\/uploads\/2025\/03\/icon-basic-line.jpg\" alt=\"\" width=\"151\" height=\"151\" \/><img decoding=\"async\" class=\"size-full wp-image-8537\" title=\"A++ energiaoszt\u00e1ly h\u0171t\u00e9si \u00fczemm\u00f3dban \u00e9s A+ f\u0171t\u00e9si \u00fczemm\u00f3dban\" src=\"\/wp-content\/uploads\/2024\/03\/energeticka-trieda.jpg\" alt=\"Energetick\u00e1 trieda\" width=\"151\" height=\"151\" \/><img decoding=\"async\" class=\"alignnone size-full wp-image-8452\" title=\"Porsz\u0171r\u0151 a k\u00e9sz\u00fcl\u00e9kben\" src=\"\/wp-content\/uploads\/2024\/03\/prachovy-filter.jpg\" alt=\"\" width=\"151\" height=\"151\" \/><img decoding=\"async\" class=\"alignnone size-medium wp-image-8955\" title=\"Standard vez\u00e9rl\u0151 tartoz\u00e9k\" src=\"\/wp-content\/uploads\/2024\/04\/icon-dialkove-ovladanie-300x300.jpg\" alt=\"\" width=\"300\" height=\"300\" srcset=\"https:\/\/www.slovklima.sk\/wp-content\/uploads\/2024\/04\/icon-dialkove-ovladanie-300x300.jpg 300w, https:\/\/www.slovklima.sk\/wp-content\/uploads\/2024\/04\/icon-dialkove-ovladanie-150x150.jpg 150w, https:\/\/www.slovklima.sk\/wp-content\/uploads\/2024\/04\/icon-dialkove-ovladanie.jpg 328w\" sizes=\"(max-width: 300px) 100vw, 300px\" \/><img decoding=\"async\" class=\"alignnone size-medium wp-image-8947\" title=\"El\u0151re el\u0151k\u00e9sz\u00edtett Wifi modul (a belt\u00e9ri egys\u00e9gbe integr\u00e1lhat\u00f3)\" src=\"\/wp-content\/uploads\/2024\/04\/icon-wifi-ovladanie-300x300.jpg\" alt=\"\" width=\"300\" height=\"300\" srcset=\"https:\/\/www.slovklima.sk\/wp-content\/uploads\/2024\/04\/icon-wifi-ovladanie-300x300.jpg 300w, https:\/\/www.slovklima.sk\/wp-content\/uploads\/2024\/04\/icon-wifi-ovladanie-150x150.jpg 150w, https:\/\/www.slovklima.sk\/wp-content\/uploads\/2024\/04\/icon-wifi-ovladanie.jpg 328w\" sizes=\"(max-width: 300px) 100vw, 300px\" \/><img decoding=\"async\" class=\"alignnone size-medium wp-image-14011\" title=\"Energiafigyel\u00e9s: Single split \u00e9s Multi NEXT eset\u00e9n\" src=\"\/wp-content\/uploads\/2025\/03\/icon-energy-monitoring.jpg\" alt=\"\" width=\"151\" height=\"151\" \/><img decoding=\"async\" class=\"alignnone size-medium wp-image-14014\" title=\"\u00dczemi \u00e9rt\u00e9k: -15 \u00e9s +46\u00b0C k\u00f6z\u00f6tt h\u0171t\u00e9s eset\u00e9n \/ -15 \u00e9s +24\u00b0C k\u00f6z\u00f6tt f\u0171t\u00e9s eset\u00e9n\" src=\"\/wp-content\/uploads\/2025\/03\/icon-prevadzkova-hodnota.jpg\" alt=\"\" width=\"151\" height=\"151\" \/>\n<\/div>\n","protected":false},"featured_media":14003,"template":"","meta":[],"product_brand":[],"product_cat":[357,353,360,414],"product_tag":[],"class_list":{"0":"post-14019","1":"product","2":"type-product","3":"status-publish","4":"has-post-thumbnail","6":"product_cat-lakossagi-egysegek","7":"product_cat-legkondicionalas","8":"product_cat-single-split-hu","9":"product_cat-toshiba-hu-4","11":"first","12":"instock","13":"taxable","14":"shipping-taxable","15":"product-type-simple"},"yoast_head":"<!-- This site is optimized with the Yoast SEO plugin v24.3 - https:\/\/yoast.com\/wordpress\/plugins\/seo\/ -->\n<title>TOSHIBA SEIYA CLASSIC 2 osztott R32 | SLOVKLIMA DEIMOS group, s.r.o.<\/title>\n<meta name=\"robots\" content=\"index, follow, max-snippet:-1, max-image-preview:large, max-video-preview:-1\" \/>\n<link rel=\"canonical\" href=\"https:\/\/www.slovklima.sk\/hu\/produkt\/toshiba-seiya-classic-2-split-r32\/\" \/>\n<meta property=\"og:locale\" content=\"hu_HU\" \/>\n<meta property=\"og:type\" content=\"article\" \/>\n<meta property=\"og:title\" content=\"TOSHIBA SEIYA CLASSIC 2 osztott R32 | SLOVKLIMA DEIMOS group, s.r.o.\" \/>\n<meta property=\"og:description\" content=\"\u00daJ SEIYA A SEIYA CLASSIC 2 egy fali l\u00e9gkondicion\u00e1l\u00f3, amelyet kis \u00e9s k\u00f6zepes m\u00e9ret\u0171 helyis\u00e9gek hat\u00e9kony h\u0171t\u00e9s\u00e9re \u00e9s f\u0171t\u00e9s\u00e9re terveztek. Az inverteres technol\u00f3gi\u00e1nak k\u00f6sz\u00f6nhet\u0151en stabil teljes\u00edtm\u00e9nyt ny\u00fajt alacsony energiafogyaszt\u00e1s mellett. Az Ultra Quiet funkci\u00f3 m\u00e1r 19 dB-t\u0151l csendes m\u0171k\u00f6d\u00e9st biztos\u00edt, \u00edgy ide\u00e1lis h\u00e1l\u00f3szob\u00e1kba, gyerekszob\u00e1kba \u00e9s irod\u00e1kba.   Kompakt feltal\u00e1l\u00f3 BASIC vonal  A++ energiaoszt\u00e1ly h\u0171t\u00e9si \u00fczemm\u00f3dban \u00e9s A+ f\u0171t\u00e9si \u00fczemm\u00f3dban  Porsz\u0171r\u0151 a k\u00e9sz\u00fcl\u00e9kben  Standard vez\u00e9rl\u0151 tartoz\u00e9k  El\u0151re el\u0151k\u00e9sz\u00edtett Wifi modul (a belt\u00e9ri egys\u00e9gbe integr\u00e1lhat\u00f3)  Energiafigyel\u00e9s: Single split \u00e9s Multi NEXT eset\u00e9n  \u00dczemi \u00e9rt\u00e9k: -15 \u00e9s +46\u00b0C k\u00f6z\u00f6tt h\u0171t\u00e9s eset\u00e9n \/ -15 \u00e9s +24\u00b0C k\u00f6z\u00f6tt f\u0171t\u00e9s eset\u00e9n\" \/>\n<meta property=\"og:url\" content=\"https:\/\/www.slovklima.sk\/hu\/produkt\/toshiba-seiya-classic-2-split-r32\/\" \/>\n<meta property=\"og:site_name\" content=\"SLOVKLIMA DEIMOS group, s.r.o.\" \/>\n<meta property=\"article:modified_time\" content=\"2026-03-17T07:28:01+00:00\" \/>\n<meta property=\"og:image\" content=\"https:\/\/www.slovklima.sk\/wp-content\/uploads\/2025\/03\/toshiba-seiya-classic-2-split-r32-1.jpg\" \/>\n\t<meta property=\"og:image:width\" content=\"800\" \/>\n\t<meta property=\"og:image:height\" content=\"1000\" \/>\n\t<meta property=\"og:image:type\" content=\"image\/jpeg\" \/>\n<meta name=\"twitter:card\" content=\"summary_large_image\" \/>\n<meta name=\"twitter:label1\" content=\"Becs\u00fclt olvas\u00e1si id\u0151\" \/>\n\t<meta name=\"twitter:data1\" content=\"1 perc\" \/>\n<script type=\"application\/ld+json\" class=\"yoast-schema-graph\">{\"@context\":\"https:\/\/schema.org\",\"@graph\":[{\"@type\":\"WebPage\",\"@id\":\"https:\/\/www.slovklima.sk\/hu\/produkt\/toshiba-seiya-classic-2-split-r32\/\",\"url\":\"https:\/\/www.slovklima.sk\/hu\/produkt\/toshiba-seiya-classic-2-split-r32\/\",\"name\":\"TOSHIBA SEIYA CLASSIC 2 osztott R32 | SLOVKLIMA DEIMOS group, s.r.o.\",\"isPartOf\":{\"@id\":\"https:\/\/www.slovklima.sk\/#website\"},\"primaryImageOfPage\":{\"@id\":\"https:\/\/www.slovklima.sk\/hu\/produkt\/toshiba-seiya-classic-2-split-r32\/#primaryimage\"},\"image\":{\"@id\":\"https:\/\/www.slovklima.sk\/hu\/produkt\/toshiba-seiya-classic-2-split-r32\/#primaryimage\"},\"thumbnailUrl\":\"https:\/\/www.slovklima.sk\/wp-content\/uploads\/2025\/03\/toshiba-seiya-classic-2-split-r32-1.jpg\",\"datePublished\":\"2025-03-17T15:07:17+00:00\",\"dateModified\":\"2026-03-17T07:28:01+00:00\",\"breadcrumb\":{\"@id\":\"https:\/\/www.slovklima.sk\/hu\/produkt\/toshiba-seiya-classic-2-split-r32\/#breadcrumb\"},\"inLanguage\":\"hu\",\"potentialAction\":[{\"@type\":\"ReadAction\",\"target\":[\"https:\/\/www.slovklima.sk\/hu\/produkt\/toshiba-seiya-classic-2-split-r32\/\"]}]},{\"@type\":\"ImageObject\",\"inLanguage\":\"hu\",\"@id\":\"https:\/\/www.slovklima.sk\/hu\/produkt\/toshiba-seiya-classic-2-split-r32\/#primaryimage\",\"url\":\"https:\/\/www.slovklima.sk\/wp-content\/uploads\/2025\/03\/toshiba-seiya-classic-2-split-r32-1.jpg\",\"contentUrl\":\"https:\/\/www.slovklima.sk\/wp-content\/uploads\/2025\/03\/toshiba-seiya-classic-2-split-r32-1.jpg\",\"width\":800,\"height\":1000,\"caption\":\"TOSHIBA SEIYA CLASSIC 2 Split R32\"},{\"@type\":\"BreadcrumbList\",\"@id\":\"https:\/\/www.slovklima.sk\/hu\/produkt\/toshiba-seiya-classic-2-split-r32\/#breadcrumb\",\"itemListElement\":[{\"@type\":\"ListItem\",\"position\":1,\"name\":\"Domovsk\u00e1 str\u00e1nka\",\"item\":\"https:\/\/www.slovklima.sk\/hu\/\"},{\"@type\":\"ListItem\",\"position\":2,\"name\":\"Term\u00e9kek\",\"item\":\"https:\/\/www.slovklima.sk\/termekek\/\"},{\"@type\":\"ListItem\",\"position\":3,\"name\":\"TOSHIBA SEIYA CLASSIC 2 osztott R32\"}]},{\"@type\":\"WebSite\",\"@id\":\"https:\/\/www.slovklima.sk\/#website\",\"url\":\"https:\/\/www.slovklima.sk\/\",\"name\":\"SLOVKLIMA DEIMOS group, s.r.o.\",\"description\":\"\",\"publisher\":{\"@id\":\"https:\/\/www.slovklima.sk\/#organization\"},\"alternateName\":\"SLOVKLIMA\",\"potentialAction\":[{\"@type\":\"SearchAction\",\"target\":{\"@type\":\"EntryPoint\",\"urlTemplate\":\"https:\/\/www.slovklima.sk\/?s={search_term_string}\"},\"query-input\":{\"@type\":\"PropertyValueSpecification\",\"valueRequired\":true,\"valueName\":\"search_term_string\"}}],\"inLanguage\":\"hu\"},{\"@type\":\"Organization\",\"@id\":\"https:\/\/www.slovklima.sk\/#organization\",\"name\":\"SLOVKLIMA DEIMOS group, s.r.o.\",\"alternateName\":\"SLOVKLIMA\",\"url\":\"https:\/\/www.slovklima.sk\/\",\"logo\":{\"@type\":\"ImageObject\",\"inLanguage\":\"hu\",\"@id\":\"https:\/\/www.slovklima.sk\/#\/schema\/logo\/image\/\",\"url\":\"https:\/\/www.slovklima.sk\/wp-content\/uploads\/2022\/12\/slovklima-logo-black.svg\",\"contentUrl\":\"https:\/\/www.slovklima.sk\/wp-content\/uploads\/2022\/12\/slovklima-logo-black.svg\",\"width\":3218,\"height\":698,\"caption\":\"SLOVKLIMA DEIMOS group, s.r.o.\"},\"image\":{\"@id\":\"https:\/\/www.slovklima.sk\/#\/schema\/logo\/image\/\"}}]}<\/script>\n<!-- \/ Yoast SEO plugin. -->","yoast_head_json":{"title":"TOSHIBA SEIYA CLASSIC 2 osztott R32 | SLOVKLIMA DEIMOS group, s.r.o.","robots":{"index":"index","follow":"follow","max-snippet":"max-snippet:-1","max-image-preview":"max-image-preview:large","max-video-preview":"max-video-preview:-1"},"canonical":"https:\/\/www.slovklima.sk\/hu\/produkt\/toshiba-seiya-classic-2-split-r32\/","og_locale":"hu_HU","og_type":"article","og_title":"TOSHIBA SEIYA CLASSIC 2 osztott R32 | SLOVKLIMA DEIMOS group, s.r.o.","og_description":"\u00daJ SEIYA A SEIYA CLASSIC 2 egy fali l\u00e9gkondicion\u00e1l\u00f3, amelyet kis \u00e9s k\u00f6zepes m\u00e9ret\u0171 helyis\u00e9gek hat\u00e9kony h\u0171t\u00e9s\u00e9re \u00e9s f\u0171t\u00e9s\u00e9re terveztek. Az inverteres technol\u00f3gi\u00e1nak k\u00f6sz\u00f6nhet\u0151en stabil teljes\u00edtm\u00e9nyt ny\u00fajt alacsony energiafogyaszt\u00e1s mellett. Az Ultra Quiet funkci\u00f3 m\u00e1r 19 dB-t\u0151l csendes m\u0171k\u00f6d\u00e9st biztos\u00edt, \u00edgy ide\u00e1lis h\u00e1l\u00f3szob\u00e1kba, gyerekszob\u00e1kba \u00e9s irod\u00e1kba.   Kompakt feltal\u00e1l\u00f3 BASIC vonal  A++ energiaoszt\u00e1ly h\u0171t\u00e9si \u00fczemm\u00f3dban \u00e9s A+ f\u0171t\u00e9si \u00fczemm\u00f3dban  Porsz\u0171r\u0151 a k\u00e9sz\u00fcl\u00e9kben  Standard vez\u00e9rl\u0151 tartoz\u00e9k  El\u0151re el\u0151k\u00e9sz\u00edtett Wifi modul (a belt\u00e9ri egys\u00e9gbe integr\u00e1lhat\u00f3)  Energiafigyel\u00e9s: Single split \u00e9s Multi NEXT eset\u00e9n  \u00dczemi \u00e9rt\u00e9k: -15 \u00e9s +46\u00b0C k\u00f6z\u00f6tt h\u0171t\u00e9s eset\u00e9n \/ -15 \u00e9s +24\u00b0C k\u00f6z\u00f6tt f\u0171t\u00e9s eset\u00e9n","og_url":"https:\/\/www.slovklima.sk\/hu\/produkt\/toshiba-seiya-classic-2-split-r32\/","og_site_name":"SLOVKLIMA DEIMOS group, s.r.o.","article_modified_time":"2026-03-17T07:28:01+00:00","og_image":[{"width":800,"height":1000,"url":"https:\/\/www.slovklima.sk\/wp-content\/uploads\/2025\/03\/toshiba-seiya-classic-2-split-r32-1.jpg","type":"image\/jpeg"}],"twitter_card":"summary_large_image","twitter_misc":{"Becs\u00fclt olvas\u00e1si id\u0151":"1 perc"},"schema":{"@context":"https:\/\/schema.org","@graph":[{"@type":"WebPage","@id":"https:\/\/www.slovklima.sk\/hu\/produkt\/toshiba-seiya-classic-2-split-r32\/","url":"https:\/\/www.slovklima.sk\/hu\/produkt\/toshiba-seiya-classic-2-split-r32\/","name":"TOSHIBA SEIYA CLASSIC 2 osztott R32 | SLOVKLIMA DEIMOS group, s.r.o.","isPartOf":{"@id":"https:\/\/www.slovklima.sk\/#website"},"primaryImageOfPage":{"@id":"https:\/\/www.slovklima.sk\/hu\/produkt\/toshiba-seiya-classic-2-split-r32\/#primaryimage"},"image":{"@id":"https:\/\/www.slovklima.sk\/hu\/produkt\/toshiba-seiya-classic-2-split-r32\/#primaryimage"},"thumbnailUrl":"https:\/\/www.slovklima.sk\/wp-content\/uploads\/2025\/03\/toshiba-seiya-classic-2-split-r32-1.jpg","datePublished":"2025-03-17T15:07:17+00:00","dateModified":"2026-03-17T07:28:01+00:00","breadcrumb":{"@id":"https:\/\/www.slovklima.sk\/hu\/produkt\/toshiba-seiya-classic-2-split-r32\/#breadcrumb"},"inLanguage":"hu","potentialAction":[{"@type":"ReadAction","target":["https:\/\/www.slovklima.sk\/hu\/produkt\/toshiba-seiya-classic-2-split-r32\/"]}]},{"@type":"ImageObject","inLanguage":"hu","@id":"https:\/\/www.slovklima.sk\/hu\/produkt\/toshiba-seiya-classic-2-split-r32\/#primaryimage","url":"https:\/\/www.slovklima.sk\/wp-content\/uploads\/2025\/03\/toshiba-seiya-classic-2-split-r32-1.jpg","contentUrl":"https:\/\/www.slovklima.sk\/wp-content\/uploads\/2025\/03\/toshiba-seiya-classic-2-split-r32-1.jpg","width":800,"height":1000,"caption":"TOSHIBA SEIYA CLASSIC 2 Split R32"},{"@type":"BreadcrumbList","@id":"https:\/\/www.slovklima.sk\/hu\/produkt\/toshiba-seiya-classic-2-split-r32\/#breadcrumb","itemListElement":[{"@type":"ListItem","position":1,"name":"Domovsk\u00e1 str\u00e1nka","item":"https:\/\/www.slovklima.sk\/hu\/"},{"@type":"ListItem","position":2,"name":"Term\u00e9kek","item":"https:\/\/www.slovklima.sk\/termekek\/"},{"@type":"ListItem","position":3,"name":"TOSHIBA SEIYA CLASSIC 2 osztott R32"}]},{"@type":"WebSite","@id":"https:\/\/www.slovklima.sk\/#website","url":"https:\/\/www.slovklima.sk\/","name":"SLOVKLIMA DEIMOS group, s.r.o.","description":"","publisher":{"@id":"https:\/\/www.slovklima.sk\/#organization"},"alternateName":"SLOVKLIMA","potentialAction":[{"@type":"SearchAction","target":{"@type":"EntryPoint","urlTemplate":"https:\/\/www.slovklima.sk\/?s={search_term_string}"},"query-input":{"@type":"PropertyValueSpecification","valueRequired":true,"valueName":"search_term_string"}}],"inLanguage":"hu"},{"@type":"Organization","@id":"https:\/\/www.slovklima.sk\/#organization","name":"SLOVKLIMA DEIMOS group, s.r.o.","alternateName":"SLOVKLIMA","url":"https:\/\/www.slovklima.sk\/","logo":{"@type":"ImageObject","inLanguage":"hu","@id":"https:\/\/www.slovklima.sk\/#\/schema\/logo\/image\/","url":"https:\/\/www.slovklima.sk\/wp-content\/uploads\/2022\/12\/slovklima-logo-black.svg","contentUrl":"https:\/\/www.slovklima.sk\/wp-content\/uploads\/2022\/12\/slovklima-logo-black.svg","width":3218,"height":698,"caption":"SLOVKLIMA DEIMOS group, s.r.o."},"image":{"@id":"https:\/\/www.slovklima.sk\/#\/schema\/logo\/image\/"}}]}},"_links":{"self":[{"href":"https:\/\/www.slovklima.sk\/hu\/wp-json\/wp\/v2\/product\/14019","targetHints":{"allow":["GET"]}}],"collection":[{"href":"https:\/\/www.slovklima.sk\/hu\/wp-json\/wp\/v2\/product"}],"about":[{"href":"https:\/\/www.slovklima.sk\/hu\/wp-json\/wp\/v2\/types\/product"}],"wp:featuredmedia":[{"embeddable":true,"href":"https:\/\/www.slovklima.sk\/hu\/wp-json\/wp\/v2\/media\/14003"}],"wp:attachment":[{"href":"https:\/\/www.slovklima.sk\/hu\/wp-json\/wp\/v2\/media?parent=14019"}],"wp:term":[{"taxonomy":"product_brand","embeddable":true,"href":"https:\/\/www.slovklima.sk\/hu\/wp-json\/wp\/v2\/product_brand?post=14019"},{"taxonomy":"product_cat","embeddable":true,"href":"https:\/\/www.slovklima.sk\/hu\/wp-json\/wp\/v2\/product_cat?post=14019"},{"taxonomy":"product_tag","embeddable":true,"href":"https:\/\/www.slovklima.sk\/hu\/wp-json\/wp\/v2\/product_tag?post=14019"}],"curies":[{"name":"wp","href":"https:\/\/api.w.org\/{rel}","templated":true}]}}