{"id":13984,"date":"2025-03-12T11:04:14","date_gmt":"2025-03-12T10:04:14","guid":{"rendered":"https:\/\/www.slovklima.sk\/produkt\/gree-airy-split-r32\/"},"modified":"2026-03-17T08:28:18","modified_gmt":"2026-03-17T07:28:18","slug":"gree-airy-split-r32","status":"publish","type":"product","link":"https:\/\/www.slovklima.sk\/hu\/produkt\/gree-airy-split-r32\/","title":{"rendered":"GREE AIRY osztott R32"},"content":{"rendered":"<section class=\"wpb-content-wrapper\"><p>[vc_row][vc_column el_class=&#8221;table-style&#8221; woodmart_css_id=&#8221;67d15fbd9bb44&#8243; parallax_scroll=&#8221;no&#8221; woodmart_sticky_column=&#8221;false&#8221; wd_collapsible_content_switcher=&#8221;no&#8221; wd_column_role_offcanvas_desktop=&#8221;no&#8221; wd_column_role_offcanvas_tablet=&#8221;no&#8221; wd_column_role_offcanvas_mobile=&#8221;no&#8221; wd_column_role_content_desktop=&#8221;no&#8221; wd_column_role_content_tablet=&#8221;no&#8221; wd_column_role_content_mobile=&#8221;no&#8221; mobile_bg_img_hidden=&#8221;no&#8221; tablet_bg_img_hidden=&#8221;no&#8221; woodmart_parallax=&#8221;0&#8243; woodmart_box_shadow=&#8221;no&#8221; responsive_spacing=&#8221;eyJwYXJhbV90eXBlIjoid29vZG1hcnRfcmVzcG9uc2l2ZV9zcGFjaW5nIiwic2VsZWN0b3JfaWQiOiI2N2QxNWZiZDliYjQ0Iiwic2hvcnRjb2RlIjoidmNfY29sdW1uIiwiZGF0YSI6eyJ0YWJsZXQiOnt9LCJtb2JpbGUiOnt9fX0=&#8221; mobile_reset_margin=&#8221;no&#8221; tablet_reset_margin=&#8221;no&#8221; wd_z_index=&#8221;no&#8221;][vc_column_text woodmart_inline=&#8221;no&#8221; text_larger=&#8221;no&#8221;]<\/p>\n<table>\n<thead>\n<tr>\n<th>Model Airy<em> (belt\u00e9ri + k\u00fclt\u00e9ri egys\u00e9g)<\/em><\/th>\n<th>Teljes\u00edtm\u00e9ny<em>kW<\/em><\/th>\n<th>Energiaoszt\u00e1ly <em>h\u0171t\u00e9s\/f\u0171t\u00e9s<\/em><\/th>\n<th>Seasonal efficiency <em>SEER\/SCOP<\/em><\/th>\n<th>M\u00e9ret mm <em>(belt\u00e9ri + k\u00fclt\u00e9ri egys\u00e9g)<\/em><\/th>\n<th>Sz\u00ednes<\/th>\n<\/tr>\n<\/thead>\n<tbody>\n<tr>\n<td>GWH09AVCXB-K6DNA1B\/I+O<\/td>\n<td>2,7 \/ 3,0<\/td>\n<td>A+++ \/ A++<\/td>\n<td>9,0 \/ 4,6<\/td>\n<td>292x907x200 \/ 555x732x330<\/td>\n<td>feh\u00e9r\/ez\u00fcst<\/td>\n<\/tr>\n<tr>\n<td>GWH12AVCXD-K6DNA1A\/I+O<\/td>\n<td>3,5 \/ 3,8<\/td>\n<td>A+++ \/ A++<\/td>\n<td>8,5 \/ 4,6<\/td>\n<td>292x907x200 \/ 555x802x350<\/td>\n<td>feh\u00e9r\/ez\u00fcst<\/td>\n<\/tr>\n<tr>\n<td>GWH18AVDXE-K6DNA1A\/I+O<\/td>\n<td>5,3 \/ 5,6<\/td>\n<td>A+++ \/ A++<\/td>\n<td>8,0 \/ 4,6<\/td>\n<td>347x970x257 \/ 555x873x376<\/td>\n<td>feh\u00e9r\/ez\u00fcst<\/td>\n<\/tr>\n<\/tbody>\n<\/table>\n<p> [\/vc_column_text][\/vc_column][\/vc_row]<\/p>\n<\/section>","protected":false},"excerpt":{"rendered":"<p><strong>FRISS\u00cdTETT EZ\u00dcST VAGY FEH\u00c9R<\/strong><br \/>\nAz AIRY a Prestige Limited sorozat\u00fa l\u00e9gkondicion\u00e1l\u00f3k k\u00f6z\u00fcl kiemelkedik vonz\u00f3 megjelen\u00e9s\u00e9vel \u00e9s cs\u00facsfelszerelts\u00e9g\u00e9vel. Ez a cs\u00facstechnol\u00f3gi\u00e1s modell eleg\u00e1ns feh\u00e9r \u00e9s ez\u00fcst kivitelben k\u00e9sz\u00fcl, amely t\u00f6k\u00e9letesen illeszkedik a modern bels\u0151 terekbe. Opcion\u00e1lis frissleveg\u0151-modul is rendelhet\u0151 hozz\u00e1 h\u0151visszanyer\u00e9ssel a m\u00e9g hat\u00e9konyabb szell\u0151z\u00e9s \u00e9s az energiatakar\u00e9koss\u00e1g \u00e9rdek\u00e9ben.<\/p>\n<ul>\n<li>P\u00e1ratartalom-szab\u00e1lyoz\u00e1s a k\u00e9nyelmes leveg\u0151\u00e9rt<\/li>\n<li>UV sz\u0171r\u0151<\/li>\n<li>Friss leveg\u0151 funkci\u00f3 h\u0151visszanyer\u00e9ssel (opcion\u00e1lis tartoz\u00e9kkal)<\/li>\n<li>Wi-Fi vez\u00e9rl\u00e9s<\/li>\n<li>3D l\u00e9g\u00e1raml\u00e1s az egyenletes eloszt\u00e1s \u00e9rdek\u00e9ben<\/li>\n<li>Hideg plazmasz\u0171r\u0151 a leveg\u0151 tiszt\u00edt\u00e1s\u00e1hoz<\/li>\n<li>Be\u00e9p\u00edtett h\u0151m\u00e9r\u0151 a t\u00e1vir\u00e1ny\u00edt\u00f3ban (I FEEL funkci\u00f3)<\/li>\n<li>H\u0151m\u00e9rs\u00e9klet-szab\u00e1lyoz\u00e1s ak\u00e1r 8\u00b0C-ig<\/li>\n<li>Csendes, zajtalan kialak\u00edt\u00e1s a maxim\u00e1lis k\u00e9nyelem\u00e9rt<\/li>\n<li>F\u0171t\u00e9s ak\u00e1r -25\u00b0C k\u00fcls\u0151 h\u0151m\u00e9rs\u00e9kletig<\/li>\n<\/ul>\n<div class=\"product-icons\"><img decoding=\"async\" src=\"\/wp-content\/uploads\/2023\/09\/3d-vzduch.jpg\" alt=\"\" width=\"151\" height=\"151\" class=\"alignnone size-full wp-image-8993\" title=\"3D l\u00e9g\u00e1raml\u00e1s az egyenletes eloszt\u00e1s\u00e9rt\"><img decoding=\"async\" src=\"\/wp-content\/uploads\/2024\/04\/icon-wifi-ovladanie-300x300.jpg\" alt=\"\" width=\"300\" height=\"300\" class=\"alignnone size-medium wp-image-8947\" title=\"Wi-Fi vez\u00e9rl\u00e9s\" srcset=\"https:\/\/www.slovklima.sk\/wp-content\/uploads\/2024\/04\/icon-wifi-ovladanie-300x300.jpg 300w, https:\/\/www.slovklima.sk\/wp-content\/uploads\/2024\/04\/icon-wifi-ovladanie-150x150.jpg 150w, https:\/\/www.slovklima.sk\/wp-content\/uploads\/2024\/04\/icon-wifi-ovladanie.jpg 328w\" sizes=\"(max-width: 300px) 100vw, 300px\" \/><img decoding=\"async\" src=\"\/wp-content\/uploads\/2024\/03\/plazmovy-filter.jpg\" alt=\"\" width=\"151\" height=\"151\" class=\"alignnone size-full wp-image-8450\" title=\"Hideg plazmasz\u0171r\u0151 a friss leveg\u0151\u00e9rt\"><img decoding=\"async\" src=\"\/wp-content\/uploads\/2024\/04\/icon-ifeel-300x300.jpg\" alt=\"\" width=\"300\" height=\"300\" class=\"alignnone size-medium wp-image-8959\" title=\"Be\u00e9p\u00edtett h\u0151m\u00e9r\u0151 a t\u00e1vir\u00e1ny\u00edt\u00f3ban (I FEEL)\" srcset=\"https:\/\/www.slovklima.sk\/wp-content\/uploads\/2024\/04\/icon-ifeel-300x300.jpg 300w, https:\/\/www.slovklima.sk\/wp-content\/uploads\/2024\/04\/icon-ifeel-150x150.jpg 150w, https:\/\/www.slovklima.sk\/wp-content\/uploads\/2024\/04\/icon-ifeel.jpg 328w\" sizes=\"(max-width: 300px) 100vw, 300px\" \/><img decoding=\"async\" src=\"\/wp-content\/uploads\/2023\/09\/icon-vyhrievanie-8c.jpg\" alt=\"\" width=\"151\" height=\"151\" class=\"alignnone size-full wp-image-8997\" title=\"H\u0151m\u00e9rs\u00e9klet szab\u00e1lyoz\u00e1s ak\u00e1r 8\u00b0C-ig\"><img decoding=\"async\" src=\"\/wp-content\/uploads\/2024\/04\/icon-tichy-rezim-300x300.jpg\" alt=\"\" width=\"300\" height=\"300\" class=\"alignnone size-medium wp-image-8972\" title=\"Csendes, zajmentes kialak\u00edt\u00e1s a maxim\u00e1lis k\u00e9nyelem\u00e9rt\" srcset=\"https:\/\/www.slovklima.sk\/wp-content\/uploads\/2024\/04\/icon-tichy-rezim-300x300.jpg 300w, https:\/\/www.slovklima.sk\/wp-content\/uploads\/2024\/04\/icon-tichy-rezim-150x150.jpg 150w, https:\/\/www.slovklima.sk\/wp-content\/uploads\/2024\/04\/icon-tichy-rezim.jpg 328w\" sizes=\"(max-width: 300px) 100vw, 300px\" \/><img decoding=\"async\" src=\"\/wp-content\/uploads\/2024\/04\/icon-vyhrievanie-minus25c.jpg\" alt=\"\" width=\"151\" height=\"151\" class=\"alignnone size-full wp-image-9011\" title=\"F\u0171t\u00e9s ak\u00e1r -25\u00b0C k\u00fcls\u0151 h\u0151m\u00e9rs\u00e9kletig\"><img decoding=\"async\" src=\"https:\/\/www.slovklima.sk\/wp-content\/uploads\/2024\/10\/icon-sterilizacia-uv-ziarenim.jpg\" title=\"UV sz\u0171r\u0151\" alt=\"\" width=\"151\" height=\"147\" class=\"alignnone size-full wp-image-12669\" \/><img decoding=\"async\" src=\"\/wp-content\/uploads\/2025\/03\/icon-regulacia-vlhkosti.jpg\" title=\"P\u00e1ratartalom-szab\u00e1lyoz\u00e1s a k\u00e9nyelmes leveg\u0151\u00e9rt\" alt=\"\" width=\"151\" height=\"151\" class=\"alignnone size-full wp-image-13977\" \/><img decoding=\"async\" src=\"https:\/\/www.slovklima.sk\/wp-content\/uploads\/2025\/03\/icon-rekuperacia-vzduchu.jpg\" alt=\"\" width=\"151\" height=\"151\" class=\"alignnone size-full wp-image-13980\" title=\"Friss leveg\u0151 funkci\u00f3 h\u0151visszanyer\u00e9ssel (opcion\u00e1lis tartoz\u00e9k)\" \/><\/div>\n","protected":false},"featured_media":13970,"template":"","meta":[],"product_brand":[],"product_cat":[363,357,353,360],"product_tag":[],"class_list":{"0":"post-13984","1":"product","2":"type-product","3":"status-publish","4":"has-post-thumbnail","6":"product_cat-gree-hu-2","7":"product_cat-lakossagi-egysegek","8":"product_cat-legkondicionalas","9":"product_cat-single-split-hu","11":"first","12":"instock","13":"shipping-taxable","14":"product-type-simple"},"yoast_head":"<!-- This site is optimized with the Yoast SEO plugin v24.3 - https:\/\/yoast.com\/wordpress\/plugins\/seo\/ -->\n<title>GREE AIRY osztott R32 | SLOVKLIMA DEIMOS group, s.r.o.<\/title>\n<meta name=\"robots\" content=\"index, follow, max-snippet:-1, max-image-preview:large, max-video-preview:-1\" \/>\n<link rel=\"canonical\" href=\"https:\/\/www.slovklima.sk\/hu\/produkt\/gree-airy-split-r32\/\" \/>\n<meta property=\"og:locale\" content=\"hu_HU\" \/>\n<meta property=\"og:type\" content=\"article\" \/>\n<meta property=\"og:title\" content=\"GREE AIRY osztott R32 | SLOVKLIMA DEIMOS group, s.r.o.\" \/>\n<meta property=\"og:description\" content=\"FRISS\u00cdTETT EZ\u00dcST VAGY FEH\u00c9R Az AIRY a Prestige Limited sorozat\u00fa l\u00e9gkondicion\u00e1l\u00f3k k\u00f6z\u00fcl kiemelkedik vonz\u00f3 megjelen\u00e9s\u00e9vel \u00e9s cs\u00facsfelszerelts\u00e9g\u00e9vel. Ez a cs\u00facstechnol\u00f3gi\u00e1s modell eleg\u00e1ns feh\u00e9r \u00e9s ez\u00fcst kivitelben k\u00e9sz\u00fcl, amely t\u00f6k\u00e9letesen illeszkedik a modern bels\u0151 terekbe. Opcion\u00e1lis frissleveg\u0151-modul is rendelhet\u0151 hozz\u00e1 h\u0151visszanyer\u00e9ssel a m\u00e9g hat\u00e9konyabb szell\u0151z\u00e9s \u00e9s az energiatakar\u00e9koss\u00e1g \u00e9rdek\u00e9ben.    P\u00e1ratartalom-szab\u00e1lyoz\u00e1s a k\u00e9nyelmes leveg\u0151\u00e9rt   UV sz\u0171r\u0151   Friss leveg\u0151 funkci\u00f3 h\u0151visszanyer\u00e9ssel (opcion\u00e1lis tartoz\u00e9kkal)   Wi-Fi vez\u00e9rl\u00e9s   3D l\u00e9g\u00e1raml\u00e1s az egyenletes eloszt\u00e1s \u00e9rdek\u00e9ben   Hideg plazmasz\u0171r\u0151 a leveg\u0151 tiszt\u00edt\u00e1s\u00e1hoz   Be\u00e9p\u00edtett h\u0151m\u00e9r\u0151 a t\u00e1vir\u00e1ny\u00edt\u00f3ban (I FEEL funkci\u00f3)   H\u0151m\u00e9rs\u00e9klet-szab\u00e1lyoz\u00e1s ak\u00e1r 8\u00b0C-ig   Csendes, zajtalan kialak\u00edt\u00e1s a maxim\u00e1lis k\u00e9nyelem\u00e9rt   F\u0171t\u00e9s ak\u00e1r -25\u00b0C k\u00fcls\u0151 h\u0151m\u00e9rs\u00e9kletig\" \/>\n<meta property=\"og:url\" content=\"https:\/\/www.slovklima.sk\/hu\/produkt\/gree-airy-split-r32\/\" \/>\n<meta property=\"og:site_name\" content=\"SLOVKLIMA DEIMOS group, s.r.o.\" \/>\n<meta property=\"article:modified_time\" content=\"2026-03-17T07:28:18+00:00\" \/>\n<meta property=\"og:image\" content=\"https:\/\/www.slovklima.sk\/wp-content\/uploads\/2025\/03\/gree-airy-split-r32-1.jpg\" \/>\n\t<meta property=\"og:image:width\" content=\"800\" \/>\n\t<meta property=\"og:image:height\" content=\"1000\" \/>\n\t<meta property=\"og:image:type\" content=\"image\/jpeg\" \/>\n<meta name=\"twitter:card\" content=\"summary_large_image\" \/>\n<meta name=\"twitter:label1\" content=\"Becs\u00fclt olvas\u00e1si id\u0151\" \/>\n\t<meta name=\"twitter:data1\" content=\"1 perc\" \/>\n<script type=\"application\/ld+json\" class=\"yoast-schema-graph\">{\"@context\":\"https:\/\/schema.org\",\"@graph\":[{\"@type\":\"WebPage\",\"@id\":\"https:\/\/www.slovklima.sk\/hu\/produkt\/gree-airy-split-r32\/\",\"url\":\"https:\/\/www.slovklima.sk\/hu\/produkt\/gree-airy-split-r32\/\",\"name\":\"GREE AIRY osztott R32 | SLOVKLIMA DEIMOS group, s.r.o.\",\"isPartOf\":{\"@id\":\"https:\/\/www.slovklima.sk\/#website\"},\"primaryImageOfPage\":{\"@id\":\"https:\/\/www.slovklima.sk\/hu\/produkt\/gree-airy-split-r32\/#primaryimage\"},\"image\":{\"@id\":\"https:\/\/www.slovklima.sk\/hu\/produkt\/gree-airy-split-r32\/#primaryimage\"},\"thumbnailUrl\":\"https:\/\/www.slovklima.sk\/wp-content\/uploads\/2025\/03\/gree-airy-split-r32-1.jpg\",\"datePublished\":\"2025-03-12T10:04:14+00:00\",\"dateModified\":\"2026-03-17T07:28:18+00:00\",\"breadcrumb\":{\"@id\":\"https:\/\/www.slovklima.sk\/hu\/produkt\/gree-airy-split-r32\/#breadcrumb\"},\"inLanguage\":\"hu\",\"potentialAction\":[{\"@type\":\"ReadAction\",\"target\":[\"https:\/\/www.slovklima.sk\/hu\/produkt\/gree-airy-split-r32\/\"]}]},{\"@type\":\"ImageObject\",\"inLanguage\":\"hu\",\"@id\":\"https:\/\/www.slovklima.sk\/hu\/produkt\/gree-airy-split-r32\/#primaryimage\",\"url\":\"https:\/\/www.slovklima.sk\/wp-content\/uploads\/2025\/03\/gree-airy-split-r32-1.jpg\",\"contentUrl\":\"https:\/\/www.slovklima.sk\/wp-content\/uploads\/2025\/03\/gree-airy-split-r32-1.jpg\",\"width\":800,\"height\":1000,\"caption\":\"GREE AIRY split R32\"},{\"@type\":\"BreadcrumbList\",\"@id\":\"https:\/\/www.slovklima.sk\/hu\/produkt\/gree-airy-split-r32\/#breadcrumb\",\"itemListElement\":[{\"@type\":\"ListItem\",\"position\":1,\"name\":\"Domovsk\u00e1 str\u00e1nka\",\"item\":\"https:\/\/www.slovklima.sk\/hu\/\"},{\"@type\":\"ListItem\",\"position\":2,\"name\":\"Term\u00e9kek\",\"item\":\"https:\/\/www.slovklima.sk\/termekek\/\"},{\"@type\":\"ListItem\",\"position\":3,\"name\":\"GREE AIRY osztott R32\"}]},{\"@type\":\"WebSite\",\"@id\":\"https:\/\/www.slovklima.sk\/#website\",\"url\":\"https:\/\/www.slovklima.sk\/\",\"name\":\"SLOVKLIMA DEIMOS group, s.r.o.\",\"description\":\"\",\"publisher\":{\"@id\":\"https:\/\/www.slovklima.sk\/#organization\"},\"alternateName\":\"SLOVKLIMA\",\"potentialAction\":[{\"@type\":\"SearchAction\",\"target\":{\"@type\":\"EntryPoint\",\"urlTemplate\":\"https:\/\/www.slovklima.sk\/?s={search_term_string}\"},\"query-input\":{\"@type\":\"PropertyValueSpecification\",\"valueRequired\":true,\"valueName\":\"search_term_string\"}}],\"inLanguage\":\"hu\"},{\"@type\":\"Organization\",\"@id\":\"https:\/\/www.slovklima.sk\/#organization\",\"name\":\"SLOVKLIMA DEIMOS group, s.r.o.\",\"alternateName\":\"SLOVKLIMA\",\"url\":\"https:\/\/www.slovklima.sk\/\",\"logo\":{\"@type\":\"ImageObject\",\"inLanguage\":\"hu\",\"@id\":\"https:\/\/www.slovklima.sk\/#\/schema\/logo\/image\/\",\"url\":\"https:\/\/www.slovklima.sk\/wp-content\/uploads\/2022\/12\/slovklima-logo-black.svg\",\"contentUrl\":\"https:\/\/www.slovklima.sk\/wp-content\/uploads\/2022\/12\/slovklima-logo-black.svg\",\"width\":3218,\"height\":698,\"caption\":\"SLOVKLIMA DEIMOS group, s.r.o.\"},\"image\":{\"@id\":\"https:\/\/www.slovklima.sk\/#\/schema\/logo\/image\/\"}}]}<\/script>\n<!-- \/ Yoast SEO plugin. -->","yoast_head_json":{"title":"GREE AIRY osztott R32 | SLOVKLIMA DEIMOS group, s.r.o.","robots":{"index":"index","follow":"follow","max-snippet":"max-snippet:-1","max-image-preview":"max-image-preview:large","max-video-preview":"max-video-preview:-1"},"canonical":"https:\/\/www.slovklima.sk\/hu\/produkt\/gree-airy-split-r32\/","og_locale":"hu_HU","og_type":"article","og_title":"GREE AIRY osztott R32 | SLOVKLIMA DEIMOS group, s.r.o.","og_description":"FRISS\u00cdTETT EZ\u00dcST VAGY FEH\u00c9R Az AIRY a Prestige Limited sorozat\u00fa l\u00e9gkondicion\u00e1l\u00f3k k\u00f6z\u00fcl kiemelkedik vonz\u00f3 megjelen\u00e9s\u00e9vel \u00e9s cs\u00facsfelszerelts\u00e9g\u00e9vel. Ez a cs\u00facstechnol\u00f3gi\u00e1s modell eleg\u00e1ns feh\u00e9r \u00e9s ez\u00fcst kivitelben k\u00e9sz\u00fcl, amely t\u00f6k\u00e9letesen illeszkedik a modern bels\u0151 terekbe. Opcion\u00e1lis frissleveg\u0151-modul is rendelhet\u0151 hozz\u00e1 h\u0151visszanyer\u00e9ssel a m\u00e9g hat\u00e9konyabb szell\u0151z\u00e9s \u00e9s az energiatakar\u00e9koss\u00e1g \u00e9rdek\u00e9ben.    P\u00e1ratartalom-szab\u00e1lyoz\u00e1s a k\u00e9nyelmes leveg\u0151\u00e9rt   UV sz\u0171r\u0151   Friss leveg\u0151 funkci\u00f3 h\u0151visszanyer\u00e9ssel (opcion\u00e1lis tartoz\u00e9kkal)   Wi-Fi vez\u00e9rl\u00e9s   3D l\u00e9g\u00e1raml\u00e1s az egyenletes eloszt\u00e1s \u00e9rdek\u00e9ben   Hideg plazmasz\u0171r\u0151 a leveg\u0151 tiszt\u00edt\u00e1s\u00e1hoz   Be\u00e9p\u00edtett h\u0151m\u00e9r\u0151 a t\u00e1vir\u00e1ny\u00edt\u00f3ban (I FEEL funkci\u00f3)   H\u0151m\u00e9rs\u00e9klet-szab\u00e1lyoz\u00e1s ak\u00e1r 8\u00b0C-ig   Csendes, zajtalan kialak\u00edt\u00e1s a maxim\u00e1lis k\u00e9nyelem\u00e9rt   F\u0171t\u00e9s ak\u00e1r -25\u00b0C k\u00fcls\u0151 h\u0151m\u00e9rs\u00e9kletig","og_url":"https:\/\/www.slovklima.sk\/hu\/produkt\/gree-airy-split-r32\/","og_site_name":"SLOVKLIMA DEIMOS group, s.r.o.","article_modified_time":"2026-03-17T07:28:18+00:00","og_image":[{"width":800,"height":1000,"url":"https:\/\/www.slovklima.sk\/wp-content\/uploads\/2025\/03\/gree-airy-split-r32-1.jpg","type":"image\/jpeg"}],"twitter_card":"summary_large_image","twitter_misc":{"Becs\u00fclt olvas\u00e1si id\u0151":"1 perc"},"schema":{"@context":"https:\/\/schema.org","@graph":[{"@type":"WebPage","@id":"https:\/\/www.slovklima.sk\/hu\/produkt\/gree-airy-split-r32\/","url":"https:\/\/www.slovklima.sk\/hu\/produkt\/gree-airy-split-r32\/","name":"GREE AIRY osztott R32 | SLOVKLIMA DEIMOS group, s.r.o.","isPartOf":{"@id":"https:\/\/www.slovklima.sk\/#website"},"primaryImageOfPage":{"@id":"https:\/\/www.slovklima.sk\/hu\/produkt\/gree-airy-split-r32\/#primaryimage"},"image":{"@id":"https:\/\/www.slovklima.sk\/hu\/produkt\/gree-airy-split-r32\/#primaryimage"},"thumbnailUrl":"https:\/\/www.slovklima.sk\/wp-content\/uploads\/2025\/03\/gree-airy-split-r32-1.jpg","datePublished":"2025-03-12T10:04:14+00:00","dateModified":"2026-03-17T07:28:18+00:00","breadcrumb":{"@id":"https:\/\/www.slovklima.sk\/hu\/produkt\/gree-airy-split-r32\/#breadcrumb"},"inLanguage":"hu","potentialAction":[{"@type":"ReadAction","target":["https:\/\/www.slovklima.sk\/hu\/produkt\/gree-airy-split-r32\/"]}]},{"@type":"ImageObject","inLanguage":"hu","@id":"https:\/\/www.slovklima.sk\/hu\/produkt\/gree-airy-split-r32\/#primaryimage","url":"https:\/\/www.slovklima.sk\/wp-content\/uploads\/2025\/03\/gree-airy-split-r32-1.jpg","contentUrl":"https:\/\/www.slovklima.sk\/wp-content\/uploads\/2025\/03\/gree-airy-split-r32-1.jpg","width":800,"height":1000,"caption":"GREE AIRY split R32"},{"@type":"BreadcrumbList","@id":"https:\/\/www.slovklima.sk\/hu\/produkt\/gree-airy-split-r32\/#breadcrumb","itemListElement":[{"@type":"ListItem","position":1,"name":"Domovsk\u00e1 str\u00e1nka","item":"https:\/\/www.slovklima.sk\/hu\/"},{"@type":"ListItem","position":2,"name":"Term\u00e9kek","item":"https:\/\/www.slovklima.sk\/termekek\/"},{"@type":"ListItem","position":3,"name":"GREE AIRY osztott R32"}]},{"@type":"WebSite","@id":"https:\/\/www.slovklima.sk\/#website","url":"https:\/\/www.slovklima.sk\/","name":"SLOVKLIMA DEIMOS group, s.r.o.","description":"","publisher":{"@id":"https:\/\/www.slovklima.sk\/#organization"},"alternateName":"SLOVKLIMA","potentialAction":[{"@type":"SearchAction","target":{"@type":"EntryPoint","urlTemplate":"https:\/\/www.slovklima.sk\/?s={search_term_string}"},"query-input":{"@type":"PropertyValueSpecification","valueRequired":true,"valueName":"search_term_string"}}],"inLanguage":"hu"},{"@type":"Organization","@id":"https:\/\/www.slovklima.sk\/#organization","name":"SLOVKLIMA DEIMOS group, s.r.o.","alternateName":"SLOVKLIMA","url":"https:\/\/www.slovklima.sk\/","logo":{"@type":"ImageObject","inLanguage":"hu","@id":"https:\/\/www.slovklima.sk\/#\/schema\/logo\/image\/","url":"https:\/\/www.slovklima.sk\/wp-content\/uploads\/2022\/12\/slovklima-logo-black.svg","contentUrl":"https:\/\/www.slovklima.sk\/wp-content\/uploads\/2022\/12\/slovklima-logo-black.svg","width":3218,"height":698,"caption":"SLOVKLIMA DEIMOS group, s.r.o."},"image":{"@id":"https:\/\/www.slovklima.sk\/#\/schema\/logo\/image\/"}}]}},"_links":{"self":[{"href":"https:\/\/www.slovklima.sk\/hu\/wp-json\/wp\/v2\/product\/13984","targetHints":{"allow":["GET"]}}],"collection":[{"href":"https:\/\/www.slovklima.sk\/hu\/wp-json\/wp\/v2\/product"}],"about":[{"href":"https:\/\/www.slovklima.sk\/hu\/wp-json\/wp\/v2\/types\/product"}],"wp:featuredmedia":[{"embeddable":true,"href":"https:\/\/www.slovklima.sk\/hu\/wp-json\/wp\/v2\/media\/13970"}],"wp:attachment":[{"href":"https:\/\/www.slovklima.sk\/hu\/wp-json\/wp\/v2\/media?parent=13984"}],"wp:term":[{"taxonomy":"product_brand","embeddable":true,"href":"https:\/\/www.slovklima.sk\/hu\/wp-json\/wp\/v2\/product_brand?post=13984"},{"taxonomy":"product_cat","embeddable":true,"href":"https:\/\/www.slovklima.sk\/hu\/wp-json\/wp\/v2\/product_cat?post=13984"},{"taxonomy":"product_tag","embeddable":true,"href":"https:\/\/www.slovklima.sk\/hu\/wp-json\/wp\/v2\/product_tag?post=13984"}],"curies":[{"name":"wp","href":"https:\/\/api.w.org\/{rel}","templated":true}]}}