{"id":13961,"date":"2025-03-12T10:41:38","date_gmt":"2025-03-12T09:41:38","guid":{"rendered":"https:\/\/www.slovklima.sk\/produkt\/gree-fairy-pro-split-r32\/"},"modified":"2026-03-17T08:29:04","modified_gmt":"2026-03-17T07:29:04","slug":"gree-fairy-pro-split-r32","status":"publish","type":"product","link":"https:\/\/www.slovklima.sk\/hu\/produkt\/gree-fairy-pro-split-r32\/","title":{"rendered":"GREE FAIRY PRO osztott R32"},"content":{"rendered":"<section class=\"wpb-content-wrapper\"><p>[vc_row][vc_column el_class=&#8221;table-style&#8221; woodmart_css_id=&#8221;67d15744b5b77&#8243; parallax_scroll=&#8221;no&#8221; woodmart_sticky_column=&#8221;false&#8221; wd_collapsible_content_switcher=&#8221;no&#8221; wd_column_role_offcanvas_desktop=&#8221;no&#8221; wd_column_role_offcanvas_tablet=&#8221;no&#8221; wd_column_role_offcanvas_mobile=&#8221;no&#8221; wd_column_role_content_desktop=&#8221;no&#8221; wd_column_role_content_tablet=&#8221;no&#8221; wd_column_role_content_mobile=&#8221;no&#8221; mobile_bg_img_hidden=&#8221;no&#8221; tablet_bg_img_hidden=&#8221;no&#8221; woodmart_parallax=&#8221;0&#8243; woodmart_box_shadow=&#8221;no&#8221; responsive_spacing=&#8221;eyJwYXJhbV90eXBlIjoid29vZG1hcnRfcmVzcG9uc2l2ZV9zcGFjaW5nIiwic2VsZWN0b3JfaWQiOiI2N2QxNTc0NGI1Yjc3Iiwic2hvcnRjb2RlIjoidmNfY29sdW1uIiwiZGF0YSI6eyJ0YWJsZXQiOnt9LCJtb2JpbGUiOnt9fX0=&#8221; mobile_reset_margin=&#8221;no&#8221; tablet_reset_margin=&#8221;no&#8221; wd_z_index=&#8221;no&#8221;][vc_column_text woodmart_inline=&#8221;no&#8221; text_larger=&#8221;no&#8221;]<\/p>\n<table>\n<thead>\n<tr>\n<th>Model Fairy pro<em> (belt\u00e9ri + k\u00fclt\u00e9ri egys\u00e9g)<\/em><\/th>\n<th>Teljes\u00edtm\u00e9ny<em>kW<\/em><\/th>\n<th>Energiaoszt\u00e1ly <em>h\u0171t\u00e9s\/f\u0171t\u00e9s<\/em><\/th>\n<th>Seasonal efficiency <em>SEER\/SCOP<\/em><\/th>\n<th>M\u00e9ret mm <em>(belt\u00e9ri + k\u00fclt\u00e9ri egys\u00e9g)<\/em><\/th>\n<\/tr>\n<\/thead>\n<tbody>\n<tr>\n<td>GWH09ACCXB-K6DNA1G\/I+O<\/td>\n<td>2,7 \/ 3,0<\/td>\n<td>A+++ \/ A++<\/td>\n<td>8,5 \/ 4,6<\/td>\n<td>294x889x212 \/ 555x732x330<\/td>\n<\/tr>\n<tr>\n<td>GWH12ACCXD-K6DNA1D\/I+O<\/td>\n<td>3,5 \/ 3,8<\/td>\n<td>A+++ \/ A++<\/td>\n<td>8,5 \/ 4,8<\/td>\n<td>294x889x212 \/ 555x802x350<\/td>\n<\/tr>\n<\/tbody>\n<\/table>\n<p>[\/vc_column_text][\/vc_column][\/vc_row]<\/p>\n<\/section>","protected":false},"excerpt":{"rendered":"<p><strong>MEGB\u00cdZHAT\u00d3S\u00c1G EG\u00c9SZ \u00c9VBEN<\/strong><br \/>\nA FAIRY PRO kl\u00edmaberendez\u00e9s eleg\u00e1ns \u00e9s modern diz\u00e1jnt k\u00edn\u00e1l, amely b\u00e1rmilyen bels\u0151 t\u00e9rbe illeszkedik. A be\u00e9p\u00edtett Wi-Fi modullal k\u00e9nyelmesen vez\u00e9relheti a l\u00e9gkondicion\u00e1l\u00f3t telefonj\u00e1r\u00f3l, b\u00e1rhol is tart\u00f3zkodik. A be\u00e9p\u00edtett t\u00e9li funkci\u00f3k m\u00e9g -25\u00b0C-os k\u00fcls\u0151 h\u0151m\u00e9rs\u00e9kleten is biztos\u00edtj\u00e1k a zavartalan m\u0171k\u00f6d\u00e9st. Ez a rendszer megakad\u00e1lyozza a j\u00e9gk\u00e9pz\u0151d\u00e9st \u00e9s zavartalan m\u0171k\u00f6d\u00e9st biztos\u00edt m\u00e9g hideg id\u0151ben is. Ezekkel a funkci\u00f3kkal biztos lehet benne, hogy l\u00e9gkondicion\u00e1l\u00f3ja eg\u00e9sz \u00e9vben hat\u00e9kony \u00e9s megb\u00edzhat\u00f3 lesz.<\/p>\n<ul>\n<li>Wi-Fi vez\u00e9rl\u00e9s<\/li>\n<li>3D l\u00e9g\u00e1raml\u00e1s az egyenletes eloszt\u00e1s \u00e9rdek\u00e9ben<\/li>\n<li>Hideg plazmasz\u0171r\u0151 a friss \u00e9s eg\u00e9szs\u00e9ges leveg\u0151\u00e9rt<\/li>\n<li>Be\u00e9p\u00edtett h\u0151m\u00e9r\u0151 a t\u00e1vir\u00e1ny\u00edt\u00f3ban (I FEEL funkci\u00f3)<\/li>\n<li>H\u0151m\u00e9rs\u00e9klet-szab\u00e1lyoz\u00e1s ak\u00e1r 8\u00b0C-ig<\/li>\n<li>F\u0171t\u00e9s ak\u00e1r -25\u00b0C k\u00fcls\u0151 h\u0151m\u00e9rs\u00e9kletig<\/li>\n<li>7 sebess\u00e9ges ventil\u00e1tor a l\u00e9g\u00e1raml\u00e1s szem\u00e9lyre szab\u00e1s\u00e1hoz<\/li>\n<\/ul>\n<div class=\"product-icons\"><img decoding=\"async\" src=\"\/wp-content\/uploads\/2023\/09\/3d-vzduch.jpg\" alt=\"\" width=\"151\" height=\"151\" class=\"alignnone size-full wp-image-8993\" title=\"3D l\u00e9g\u00e1raml\u00e1s az egyenletes eloszt\u00e1s\u00e9rt\" \/><img decoding=\"async\" src=\"\/wp-content\/uploads\/2024\/04\/icon-wifi-ovladanie-300x300.jpg\" alt=\"\" width=\"300\" height=\"300\" class=\"alignnone size-medium wp-image-8947\" title=\"Wi-Fi vez\u00e9rl\u00e9s\" srcset=\"https:\/\/www.slovklima.sk\/wp-content\/uploads\/2024\/04\/icon-wifi-ovladanie-300x300.jpg 300w, https:\/\/www.slovklima.sk\/wp-content\/uploads\/2024\/04\/icon-wifi-ovladanie-150x150.jpg 150w, https:\/\/www.slovklima.sk\/wp-content\/uploads\/2024\/04\/icon-wifi-ovladanie.jpg 328w\" sizes=\"(max-width: 300px) 100vw, 300px\" \/><img decoding=\"async\" src=\"\/wp-content\/uploads\/2024\/03\/plazmovy-filter.jpg\" alt=\"\" width=\"151\" height=\"151\" class=\"alignnone size-full wp-image-8450\" title=\"Hideg plazmasz\u0171r\u0151 a friss leveg\u0151\u00e9rt\" \/><img decoding=\"async\" src=\"\/wp-content\/uploads\/2024\/04\/icon-ifeel-300x300.jpg\" alt=\"\" width=\"300\" height=\"300\" class=\"alignnone size-medium wp-image-8959\" title=\"Be\u00e9p\u00edtett h\u0151m\u00e9r\u0151 a t\u00e1vir\u00e1ny\u00edt\u00f3ban (I FEEL)\" srcset=\"https:\/\/www.slovklima.sk\/wp-content\/uploads\/2024\/04\/icon-ifeel-300x300.jpg 300w, https:\/\/www.slovklima.sk\/wp-content\/uploads\/2024\/04\/icon-ifeel-150x150.jpg 150w, https:\/\/www.slovklima.sk\/wp-content\/uploads\/2024\/04\/icon-ifeel.jpg 328w\" sizes=\"(max-width: 300px) 100vw, 300px\" \/><img decoding=\"async\" src=\"\/wp-content\/uploads\/2023\/09\/icon-vyhrievanie-8c.jpg\" alt=\"\" width=\"151\" height=\"151\" class=\"alignnone size-full wp-image-8997\" title=\"H\u0151m\u00e9rs\u00e9klet szab\u00e1lyoz\u00e1s ak\u00e1r 8\u00b0C-ig\" \/><img decoding=\"async\" title=\" 7 sebess\u00e9ges ventil\u00e1tor a testreszabott l\u00e9g\u00e1raml\u00e1shoz\" src=\"\/wp-content\/uploads\/2023\/10\/icon-7-rychlosti-ventilatora.jpg\" alt=\"\" width=\"151\" height=\"151\" class=\"alignnone size-full wp-image-10447\" \/><img decoding=\"async\" src=\"\/wp-content\/uploads\/2024\/04\/icon-vyhrievanie-minus25c.jpg\" alt=\"\" width=\"151\" height=\"151\" class=\"alignnone size-full wp-image-9011\" title=\"F\u0171t\u00e9s ak\u00e1r -25\u00b0C k\u00fcls\u0151 h\u0151m\u00e9rs\u00e9kletig\" \/>\n<\/div>\n","protected":false},"featured_media":13956,"template":"","meta":[],"product_brand":[],"product_cat":[363,357,353,360],"product_tag":[],"class_list":{"0":"post-13961","1":"product","2":"type-product","3":"status-publish","4":"has-post-thumbnail","6":"product_cat-gree-hu-2","7":"product_cat-lakossagi-egysegek","8":"product_cat-legkondicionalas","9":"product_cat-single-split-hu","11":"first","12":"instock","13":"shipping-taxable","14":"product-type-simple"},"yoast_head":"<!-- This site is optimized with the Yoast SEO plugin v24.3 - https:\/\/yoast.com\/wordpress\/plugins\/seo\/ -->\n<title>GREE FAIRY PRO osztott R32 | SLOVKLIMA DEIMOS group, s.r.o.<\/title>\n<meta name=\"robots\" content=\"index, follow, max-snippet:-1, max-image-preview:large, max-video-preview:-1\" \/>\n<link rel=\"canonical\" href=\"https:\/\/www.slovklima.sk\/hu\/produkt\/gree-fairy-pro-split-r32\/\" \/>\n<meta property=\"og:locale\" content=\"hu_HU\" \/>\n<meta property=\"og:type\" content=\"article\" \/>\n<meta property=\"og:title\" content=\"GREE FAIRY PRO osztott R32 | SLOVKLIMA DEIMOS group, s.r.o.\" \/>\n<meta property=\"og:description\" content=\"MEGB\u00cdZHAT\u00d3S\u00c1G EG\u00c9SZ \u00c9VBEN A FAIRY PRO kl\u00edmaberendez\u00e9s eleg\u00e1ns \u00e9s modern diz\u00e1jnt k\u00edn\u00e1l, amely b\u00e1rmilyen bels\u0151 t\u00e9rbe illeszkedik. A be\u00e9p\u00edtett Wi-Fi modullal k\u00e9nyelmesen vez\u00e9relheti a l\u00e9gkondicion\u00e1l\u00f3t telefonj\u00e1r\u00f3l, b\u00e1rhol is tart\u00f3zkodik. A be\u00e9p\u00edtett t\u00e9li funkci\u00f3k m\u00e9g -25\u00b0C-os k\u00fcls\u0151 h\u0151m\u00e9rs\u00e9kleten is biztos\u00edtj\u00e1k a zavartalan m\u0171k\u00f6d\u00e9st. Ez a rendszer megakad\u00e1lyozza a j\u00e9gk\u00e9pz\u0151d\u00e9st \u00e9s zavartalan m\u0171k\u00f6d\u00e9st biztos\u00edt m\u00e9g hideg id\u0151ben is. Ezekkel a funkci\u00f3kkal biztos lehet benne, hogy l\u00e9gkondicion\u00e1l\u00f3ja eg\u00e9sz \u00e9vben hat\u00e9kony \u00e9s megb\u00edzhat\u00f3 lesz.    Wi-Fi vez\u00e9rl\u00e9s   3D l\u00e9g\u00e1raml\u00e1s az egyenletes eloszt\u00e1s \u00e9rdek\u00e9ben   Hideg plazmasz\u0171r\u0151 a friss \u00e9s eg\u00e9szs\u00e9ges leveg\u0151\u00e9rt   Be\u00e9p\u00edtett h\u0151m\u00e9r\u0151 a t\u00e1vir\u00e1ny\u00edt\u00f3ban (I FEEL funkci\u00f3)   H\u0151m\u00e9rs\u00e9klet-szab\u00e1lyoz\u00e1s ak\u00e1r 8\u00b0C-ig   F\u0171t\u00e9s ak\u00e1r -25\u00b0C k\u00fcls\u0151 h\u0151m\u00e9rs\u00e9kletig   7 sebess\u00e9ges ventil\u00e1tor a l\u00e9g\u00e1raml\u00e1s szem\u00e9lyre szab\u00e1s\u00e1hoz\" \/>\n<meta property=\"og:url\" content=\"https:\/\/www.slovklima.sk\/hu\/produkt\/gree-fairy-pro-split-r32\/\" \/>\n<meta property=\"og:site_name\" content=\"SLOVKLIMA DEIMOS group, s.r.o.\" \/>\n<meta property=\"article:modified_time\" content=\"2026-03-17T07:29:04+00:00\" \/>\n<meta property=\"og:image\" content=\"https:\/\/www.slovklima.sk\/wp-content\/uploads\/2025\/03\/gree-fairy-pro-split-r32-1.jpg\" \/>\n\t<meta property=\"og:image:width\" content=\"800\" \/>\n\t<meta property=\"og:image:height\" content=\"1000\" \/>\n\t<meta property=\"og:image:type\" content=\"image\/jpeg\" \/>\n<meta name=\"twitter:card\" content=\"summary_large_image\" \/>\n<meta name=\"twitter:label1\" content=\"Becs\u00fclt olvas\u00e1si id\u0151\" \/>\n\t<meta name=\"twitter:data1\" content=\"1 perc\" \/>\n<script type=\"application\/ld+json\" class=\"yoast-schema-graph\">{\"@context\":\"https:\/\/schema.org\",\"@graph\":[{\"@type\":\"WebPage\",\"@id\":\"https:\/\/www.slovklima.sk\/hu\/produkt\/gree-fairy-pro-split-r32\/\",\"url\":\"https:\/\/www.slovklima.sk\/hu\/produkt\/gree-fairy-pro-split-r32\/\",\"name\":\"GREE FAIRY PRO osztott R32 | SLOVKLIMA DEIMOS group, s.r.o.\",\"isPartOf\":{\"@id\":\"https:\/\/www.slovklima.sk\/#website\"},\"primaryImageOfPage\":{\"@id\":\"https:\/\/www.slovklima.sk\/hu\/produkt\/gree-fairy-pro-split-r32\/#primaryimage\"},\"image\":{\"@id\":\"https:\/\/www.slovklima.sk\/hu\/produkt\/gree-fairy-pro-split-r32\/#primaryimage\"},\"thumbnailUrl\":\"https:\/\/www.slovklima.sk\/wp-content\/uploads\/2025\/03\/gree-fairy-pro-split-r32-1.jpg\",\"datePublished\":\"2025-03-12T09:41:38+00:00\",\"dateModified\":\"2026-03-17T07:29:04+00:00\",\"breadcrumb\":{\"@id\":\"https:\/\/www.slovklima.sk\/hu\/produkt\/gree-fairy-pro-split-r32\/#breadcrumb\"},\"inLanguage\":\"hu\",\"potentialAction\":[{\"@type\":\"ReadAction\",\"target\":[\"https:\/\/www.slovklima.sk\/hu\/produkt\/gree-fairy-pro-split-r32\/\"]}]},{\"@type\":\"ImageObject\",\"inLanguage\":\"hu\",\"@id\":\"https:\/\/www.slovklima.sk\/hu\/produkt\/gree-fairy-pro-split-r32\/#primaryimage\",\"url\":\"https:\/\/www.slovklima.sk\/wp-content\/uploads\/2025\/03\/gree-fairy-pro-split-r32-1.jpg\",\"contentUrl\":\"https:\/\/www.slovklima.sk\/wp-content\/uploads\/2025\/03\/gree-fairy-pro-split-r32-1.jpg\",\"width\":800,\"height\":1000,\"caption\":\"GREE FAIRY PRO split R32\"},{\"@type\":\"BreadcrumbList\",\"@id\":\"https:\/\/www.slovklima.sk\/hu\/produkt\/gree-fairy-pro-split-r32\/#breadcrumb\",\"itemListElement\":[{\"@type\":\"ListItem\",\"position\":1,\"name\":\"Domovsk\u00e1 str\u00e1nka\",\"item\":\"https:\/\/www.slovklima.sk\/hu\/\"},{\"@type\":\"ListItem\",\"position\":2,\"name\":\"Term\u00e9kek\",\"item\":\"https:\/\/www.slovklima.sk\/termekek\/\"},{\"@type\":\"ListItem\",\"position\":3,\"name\":\"GREE FAIRY PRO osztott R32\"}]},{\"@type\":\"WebSite\",\"@id\":\"https:\/\/www.slovklima.sk\/#website\",\"url\":\"https:\/\/www.slovklima.sk\/\",\"name\":\"SLOVKLIMA DEIMOS group, s.r.o.\",\"description\":\"\",\"publisher\":{\"@id\":\"https:\/\/www.slovklima.sk\/#organization\"},\"alternateName\":\"SLOVKLIMA\",\"potentialAction\":[{\"@type\":\"SearchAction\",\"target\":{\"@type\":\"EntryPoint\",\"urlTemplate\":\"https:\/\/www.slovklima.sk\/?s={search_term_string}\"},\"query-input\":{\"@type\":\"PropertyValueSpecification\",\"valueRequired\":true,\"valueName\":\"search_term_string\"}}],\"inLanguage\":\"hu\"},{\"@type\":\"Organization\",\"@id\":\"https:\/\/www.slovklima.sk\/#organization\",\"name\":\"SLOVKLIMA DEIMOS group, s.r.o.\",\"alternateName\":\"SLOVKLIMA\",\"url\":\"https:\/\/www.slovklima.sk\/\",\"logo\":{\"@type\":\"ImageObject\",\"inLanguage\":\"hu\",\"@id\":\"https:\/\/www.slovklima.sk\/#\/schema\/logo\/image\/\",\"url\":\"https:\/\/www.slovklima.sk\/wp-content\/uploads\/2022\/12\/slovklima-logo-black.svg\",\"contentUrl\":\"https:\/\/www.slovklima.sk\/wp-content\/uploads\/2022\/12\/slovklima-logo-black.svg\",\"width\":3218,\"height\":698,\"caption\":\"SLOVKLIMA DEIMOS group, s.r.o.\"},\"image\":{\"@id\":\"https:\/\/www.slovklima.sk\/#\/schema\/logo\/image\/\"}}]}<\/script>\n<!-- \/ Yoast SEO plugin. -->","yoast_head_json":{"title":"GREE FAIRY PRO osztott R32 | SLOVKLIMA DEIMOS group, s.r.o.","robots":{"index":"index","follow":"follow","max-snippet":"max-snippet:-1","max-image-preview":"max-image-preview:large","max-video-preview":"max-video-preview:-1"},"canonical":"https:\/\/www.slovklima.sk\/hu\/produkt\/gree-fairy-pro-split-r32\/","og_locale":"hu_HU","og_type":"article","og_title":"GREE FAIRY PRO osztott R32 | SLOVKLIMA DEIMOS group, s.r.o.","og_description":"MEGB\u00cdZHAT\u00d3S\u00c1G EG\u00c9SZ \u00c9VBEN A FAIRY PRO kl\u00edmaberendez\u00e9s eleg\u00e1ns \u00e9s modern diz\u00e1jnt k\u00edn\u00e1l, amely b\u00e1rmilyen bels\u0151 t\u00e9rbe illeszkedik. A be\u00e9p\u00edtett Wi-Fi modullal k\u00e9nyelmesen vez\u00e9relheti a l\u00e9gkondicion\u00e1l\u00f3t telefonj\u00e1r\u00f3l, b\u00e1rhol is tart\u00f3zkodik. A be\u00e9p\u00edtett t\u00e9li funkci\u00f3k m\u00e9g -25\u00b0C-os k\u00fcls\u0151 h\u0151m\u00e9rs\u00e9kleten is biztos\u00edtj\u00e1k a zavartalan m\u0171k\u00f6d\u00e9st. Ez a rendszer megakad\u00e1lyozza a j\u00e9gk\u00e9pz\u0151d\u00e9st \u00e9s zavartalan m\u0171k\u00f6d\u00e9st biztos\u00edt m\u00e9g hideg id\u0151ben is. Ezekkel a funkci\u00f3kkal biztos lehet benne, hogy l\u00e9gkondicion\u00e1l\u00f3ja eg\u00e9sz \u00e9vben hat\u00e9kony \u00e9s megb\u00edzhat\u00f3 lesz.    Wi-Fi vez\u00e9rl\u00e9s   3D l\u00e9g\u00e1raml\u00e1s az egyenletes eloszt\u00e1s \u00e9rdek\u00e9ben   Hideg plazmasz\u0171r\u0151 a friss \u00e9s eg\u00e9szs\u00e9ges leveg\u0151\u00e9rt   Be\u00e9p\u00edtett h\u0151m\u00e9r\u0151 a t\u00e1vir\u00e1ny\u00edt\u00f3ban (I FEEL funkci\u00f3)   H\u0151m\u00e9rs\u00e9klet-szab\u00e1lyoz\u00e1s ak\u00e1r 8\u00b0C-ig   F\u0171t\u00e9s ak\u00e1r -25\u00b0C k\u00fcls\u0151 h\u0151m\u00e9rs\u00e9kletig   7 sebess\u00e9ges ventil\u00e1tor a l\u00e9g\u00e1raml\u00e1s szem\u00e9lyre szab\u00e1s\u00e1hoz","og_url":"https:\/\/www.slovklima.sk\/hu\/produkt\/gree-fairy-pro-split-r32\/","og_site_name":"SLOVKLIMA DEIMOS group, s.r.o.","article_modified_time":"2026-03-17T07:29:04+00:00","og_image":[{"width":800,"height":1000,"url":"https:\/\/www.slovklima.sk\/wp-content\/uploads\/2025\/03\/gree-fairy-pro-split-r32-1.jpg","type":"image\/jpeg"}],"twitter_card":"summary_large_image","twitter_misc":{"Becs\u00fclt olvas\u00e1si id\u0151":"1 perc"},"schema":{"@context":"https:\/\/schema.org","@graph":[{"@type":"WebPage","@id":"https:\/\/www.slovklima.sk\/hu\/produkt\/gree-fairy-pro-split-r32\/","url":"https:\/\/www.slovklima.sk\/hu\/produkt\/gree-fairy-pro-split-r32\/","name":"GREE FAIRY PRO osztott R32 | SLOVKLIMA DEIMOS group, s.r.o.","isPartOf":{"@id":"https:\/\/www.slovklima.sk\/#website"},"primaryImageOfPage":{"@id":"https:\/\/www.slovklima.sk\/hu\/produkt\/gree-fairy-pro-split-r32\/#primaryimage"},"image":{"@id":"https:\/\/www.slovklima.sk\/hu\/produkt\/gree-fairy-pro-split-r32\/#primaryimage"},"thumbnailUrl":"https:\/\/www.slovklima.sk\/wp-content\/uploads\/2025\/03\/gree-fairy-pro-split-r32-1.jpg","datePublished":"2025-03-12T09:41:38+00:00","dateModified":"2026-03-17T07:29:04+00:00","breadcrumb":{"@id":"https:\/\/www.slovklima.sk\/hu\/produkt\/gree-fairy-pro-split-r32\/#breadcrumb"},"inLanguage":"hu","potentialAction":[{"@type":"ReadAction","target":["https:\/\/www.slovklima.sk\/hu\/produkt\/gree-fairy-pro-split-r32\/"]}]},{"@type":"ImageObject","inLanguage":"hu","@id":"https:\/\/www.slovklima.sk\/hu\/produkt\/gree-fairy-pro-split-r32\/#primaryimage","url":"https:\/\/www.slovklima.sk\/wp-content\/uploads\/2025\/03\/gree-fairy-pro-split-r32-1.jpg","contentUrl":"https:\/\/www.slovklima.sk\/wp-content\/uploads\/2025\/03\/gree-fairy-pro-split-r32-1.jpg","width":800,"height":1000,"caption":"GREE FAIRY PRO split R32"},{"@type":"BreadcrumbList","@id":"https:\/\/www.slovklima.sk\/hu\/produkt\/gree-fairy-pro-split-r32\/#breadcrumb","itemListElement":[{"@type":"ListItem","position":1,"name":"Domovsk\u00e1 str\u00e1nka","item":"https:\/\/www.slovklima.sk\/hu\/"},{"@type":"ListItem","position":2,"name":"Term\u00e9kek","item":"https:\/\/www.slovklima.sk\/termekek\/"},{"@type":"ListItem","position":3,"name":"GREE FAIRY PRO osztott R32"}]},{"@type":"WebSite","@id":"https:\/\/www.slovklima.sk\/#website","url":"https:\/\/www.slovklima.sk\/","name":"SLOVKLIMA DEIMOS group, s.r.o.","description":"","publisher":{"@id":"https:\/\/www.slovklima.sk\/#organization"},"alternateName":"SLOVKLIMA","potentialAction":[{"@type":"SearchAction","target":{"@type":"EntryPoint","urlTemplate":"https:\/\/www.slovklima.sk\/?s={search_term_string}"},"query-input":{"@type":"PropertyValueSpecification","valueRequired":true,"valueName":"search_term_string"}}],"inLanguage":"hu"},{"@type":"Organization","@id":"https:\/\/www.slovklima.sk\/#organization","name":"SLOVKLIMA DEIMOS group, s.r.o.","alternateName":"SLOVKLIMA","url":"https:\/\/www.slovklima.sk\/","logo":{"@type":"ImageObject","inLanguage":"hu","@id":"https:\/\/www.slovklima.sk\/#\/schema\/logo\/image\/","url":"https:\/\/www.slovklima.sk\/wp-content\/uploads\/2022\/12\/slovklima-logo-black.svg","contentUrl":"https:\/\/www.slovklima.sk\/wp-content\/uploads\/2022\/12\/slovklima-logo-black.svg","width":3218,"height":698,"caption":"SLOVKLIMA DEIMOS group, s.r.o."},"image":{"@id":"https:\/\/www.slovklima.sk\/#\/schema\/logo\/image\/"}}]}},"_links":{"self":[{"href":"https:\/\/www.slovklima.sk\/hu\/wp-json\/wp\/v2\/product\/13961","targetHints":{"allow":["GET"]}}],"collection":[{"href":"https:\/\/www.slovklima.sk\/hu\/wp-json\/wp\/v2\/product"}],"about":[{"href":"https:\/\/www.slovklima.sk\/hu\/wp-json\/wp\/v2\/types\/product"}],"wp:featuredmedia":[{"embeddable":true,"href":"https:\/\/www.slovklima.sk\/hu\/wp-json\/wp\/v2\/media\/13956"}],"wp:attachment":[{"href":"https:\/\/www.slovklima.sk\/hu\/wp-json\/wp\/v2\/media?parent=13961"}],"wp:term":[{"taxonomy":"product_brand","embeddable":true,"href":"https:\/\/www.slovklima.sk\/hu\/wp-json\/wp\/v2\/product_brand?post=13961"},{"taxonomy":"product_cat","embeddable":true,"href":"https:\/\/www.slovklima.sk\/hu\/wp-json\/wp\/v2\/product_cat?post=13961"},{"taxonomy":"product_tag","embeddable":true,"href":"https:\/\/www.slovklima.sk\/hu\/wp-json\/wp\/v2\/product_tag?post=13961"}],"curies":[{"name":"wp","href":"https:\/\/api.w.org\/{rel}","templated":true}]}}