{"id":13257,"date":"2025-02-05T12:19:46","date_gmt":"2025-02-05T11:19:46","guid":{"rendered":"https:\/\/www.slovklima.sk\/produkt\/aux-ai-therma-split-r32\/"},"modified":"2026-03-17T08:34:16","modified_gmt":"2026-03-17T07:34:16","slug":"aux-ai-therma-split-r32","status":"publish","type":"product","link":"https:\/\/www.slovklima.sk\/hu\/produkt\/aux-ai-therma-split-r32\/","title":{"rendered":"AUX AI THERMA osztott R32"},"content":{"rendered":"<section class=\"wpb-content-wrapper\"><p>[vc_row][vc_column el_class=&#8221;table-style&#8221; woodmart_css_id=&#8221;67a37f93e87d4&#8243; parallax_scroll=&#8221;no&#8221; woodmart_sticky_column=&#8221;false&#8221; wd_collapsible_content_switcher=&#8221;no&#8221; wd_column_role_offcanvas_desktop=&#8221;no&#8221; wd_column_role_offcanvas_tablet=&#8221;no&#8221; wd_column_role_offcanvas_mobile=&#8221;no&#8221; wd_column_role_content_desktop=&#8221;no&#8221; wd_column_role_content_tablet=&#8221;no&#8221; wd_column_role_content_mobile=&#8221;no&#8221; mobile_bg_img_hidden=&#8221;no&#8221; tablet_bg_img_hidden=&#8221;no&#8221; woodmart_parallax=&#8221;0&#8243; woodmart_box_shadow=&#8221;no&#8221; responsive_spacing=&#8221;eyJwYXJhbV90eXBlIjoid29vZG1hcnRfcmVzcG9uc2l2ZV9zcGFjaW5nIiwic2VsZWN0b3JfaWQiOiI2N2EzN2Y5M2U4N2Q0Iiwic2hvcnRjb2RlIjoidmNfY29sdW1uIiwiZGF0YSI6eyJ0YWJsZXQiOnt9LCJtb2JpbGUiOnt9fX0=&#8221; mobile_reset_margin=&#8221;no&#8221; tablet_reset_margin=&#8221;no&#8221; wd_z_index=&#8221;no&#8221;][vc_column_text woodmart_inline=&#8221;no&#8221; text_larger=&#8221;no&#8221;]<\/p>\n<table>\n<thead>\n<tr>\n<th>Modell<em>belt\u00e9ri + k\u00fclt\u00e9ri egys\u00e9g<\/em><\/th>\n<th>Spir\u00e1l<\/th>\n<th>Teljes\u00edtm\u00e9ny<em>kW (padl\u00f3f\u0171t\u00e9s + h\u0171t\u00e9s)<\/em><\/th>\n<th>M\u00e9ret<em>belt\u00e9ri + k\u00fclt\u00e9ri egys\u00e9g<\/em><\/th>\n<\/tr>\n<\/thead>\n<tbody>\n<tr>\n<td>ACHP-H04\/4R3HA\/I + ACHP-H04\/4R3HA\/O<\/td>\n<td>3<\/td>\n<td>4,3 \/ 4,5<\/td>\n<td>420\u00d7270\u00d7790 \/ 700\u00d7350\u00d7900<\/td>\n<\/tr>\n<tr>\n<td>ACHP-H06\/4R3HA\/I + ACHP-H06\/4R3HA\/O<\/td>\n<td>3<\/td>\n<td>6,25 \/ 6,6<\/td>\n<td>420\u00d7270\u00d7790 \/ 700\u00d7350\u00d7900<\/td>\n<\/tr>\n<tr>\n<td>ACHP-H08\/4R3HA\/I + ACHP-H08\/4R3HA\/O<\/td>\n<td>3<\/td>\n<td>8,4 \/ 8,45<\/td>\n<td>420\u00d7270\u00d7790 \/ 805\u00d7395\u00d7970<\/td>\n<\/tr>\n<tr>\n<td>ACHP-H10\/4R3HA\/I + ACHP-H10\/4R3HA\/O<\/td>\n<td>3<\/td>\n<td>10,0 \/ 10,0<\/td>\n<td>420\u00d7270\u00d7790 \/ 805\u00d7395\u00d7970<\/td>\n<\/tr>\n<tr>\n<td>ACHP-H12\/4R3HA\/I + ACHP-H12\/4R3HA\/O<\/td>\n<td>3<\/td>\n<td>12,2 \/ 12,0<\/td>\n<td>420\u00d7270\u00d7790 \/ 870\u00d7480\u00d71060<\/td>\n<\/tr>\n<tr>\n<td>ACHP-H14\/4R3HA\/I + ACHP-H14\/4R3HA\/O<\/td>\n<td>3<\/td>\n<td>14,5 \/ 13,6<\/td>\n<td>420\u00d7270\u00d7790 \/ 870\u00d7480\u00d71060<\/td>\n<\/tr>\n<tr>\n<td>ACHP-H16\/4R3HA\/I + ACHP-H16\/4R3HA\/O<\/td>\n<td>3<\/td>\n<td>16,1 \/ 15,0<\/td>\n<td>420\u00d7270\u00d7790 \/ 870\u00d7480\u00d71060<\/td>\n<\/tr>\n<tr>\n<td>ACHP-H12\/5R3HA\/I + ACHP-H12\/5R3HA\/O<\/td>\n<td>9<\/td>\n<td>12,2 \/ 12<\/td>\n<td>420\u00d7270\u00d7790 \/ 870\u00d7480\u00d71060<\/td>\n<\/tr>\n<tr>\n<td>ACHP-H14\/5R3HA\/I + ACHP-H14\/5R3HA\/O<\/td>\n<td>9<\/td>\n<td>14,5 \/ 13,6<\/td>\n<td>420\u00d7270\u00d7790 \/ 870\u00d7480\u00d71060<\/td>\n<\/tr>\n<tr>\n<td>ACHP-H16\/5R3HA\/I + ACHP-H16\/5R3HA\/O<\/td>\n<td>9<\/td>\n<td>16,1 \/ 15,0<\/td>\n<td>420\u00d7270\u00d7790 \/ 870\u00d7480\u00d71060<\/td>\n<\/tr>\n<\/tbody>\n<\/table>\n<p>[\/vc_column_text][\/vc_column][\/vc_row]<\/p>\n<\/section>","protected":false},"excerpt":{"rendered":"<p>A Split \u2013 hydrobox R32 egy olyan h\u0151szivatty\u00fa t\u00edpus, amely hat\u00e9konyan hasznos\u00edtja a leveg\u0151 energi\u00e1j\u00e1t a radi\u00e1torok \u00e9s padl\u00f3f\u0171t\u00e9s v\u00edz\u00e9nek meleg\u00edt\u00e9s\u00e9re, ez\u00e1ltal seg\u00edt cs\u00f6kkenteni a villamosenergia-k\u00f6lts\u00e9geket. Ezeket a h\u0151szivatty\u00fakat \u00fagy tervezt\u00e9k, hogy optim\u00e1lis m\u0171k\u00f6d\u00e9st biztos\u00edtsanak m\u00e9g nagyon alacsony k\u00fcls\u0151 h\u0151m\u00e9rs\u00e9kleten is, ak\u00e1r -20 \u00b0C-ig.<\/p>\n","protected":false},"featured_media":13223,"template":"","meta":[],"product_brand":[],"product_cat":[419,479],"product_tag":[],"class_list":{"0":"post-13257","1":"product","2":"type-product","3":"status-publish","4":"has-post-thumbnail","6":"product_cat-hoszivattyuk","7":"product_cat-aux-ai-therma-hu","9":"first","10":"instock","11":"shipping-taxable","12":"product-type-simple"},"yoast_head":"<!-- This site is optimized with the Yoast SEO plugin v24.3 - https:\/\/yoast.com\/wordpress\/plugins\/seo\/ -->\n<title>AUX AI THERMA osztott R32 | SLOVKLIMA DEIMOS group, s.r.o.<\/title>\n<meta name=\"robots\" content=\"index, follow, max-snippet:-1, max-image-preview:large, max-video-preview:-1\" \/>\n<link rel=\"canonical\" href=\"https:\/\/www.slovklima.sk\/hu\/produkt\/aux-ai-therma-split-r32\/\" \/>\n<meta property=\"og:locale\" content=\"hu_HU\" \/>\n<meta property=\"og:type\" content=\"article\" \/>\n<meta property=\"og:title\" content=\"AUX AI THERMA osztott R32 | SLOVKLIMA DEIMOS group, s.r.o.\" \/>\n<meta property=\"og:description\" content=\"A Split \u2013 hydrobox R32 egy olyan h\u0151szivatty\u00fa t\u00edpus, amely hat\u00e9konyan hasznos\u00edtja a leveg\u0151 energi\u00e1j\u00e1t a radi\u00e1torok \u00e9s padl\u00f3f\u0171t\u00e9s v\u00edz\u00e9nek meleg\u00edt\u00e9s\u00e9re, ez\u00e1ltal seg\u00edt cs\u00f6kkenteni a villamosenergia-k\u00f6lts\u00e9geket. Ezeket a h\u0151szivatty\u00fakat \u00fagy tervezt\u00e9k, hogy optim\u00e1lis m\u0171k\u00f6d\u00e9st biztos\u00edtsanak m\u00e9g nagyon alacsony k\u00fcls\u0151 h\u0151m\u00e9rs\u00e9kleten is, ak\u00e1r -20 \u00b0C-ig.\" \/>\n<meta property=\"og:url\" content=\"https:\/\/www.slovklima.sk\/hu\/produkt\/aux-ai-therma-split-r32\/\" \/>\n<meta property=\"og:site_name\" content=\"SLOVKLIMA DEIMOS group, s.r.o.\" \/>\n<meta property=\"article:modified_time\" content=\"2026-03-17T07:34:16+00:00\" \/>\n<meta property=\"og:image\" content=\"https:\/\/www.slovklima.sk\/wp-content\/uploads\/2025\/02\/aux-ai-therma-split-r32-1.jpg\" \/>\n\t<meta property=\"og:image:width\" content=\"800\" \/>\n\t<meta property=\"og:image:height\" content=\"1000\" \/>\n\t<meta property=\"og:image:type\" content=\"image\/jpeg\" \/>\n<meta name=\"twitter:card\" content=\"summary_large_image\" \/>\n<meta name=\"twitter:label1\" content=\"Becs\u00fclt olvas\u00e1si id\u0151\" \/>\n\t<meta name=\"twitter:data1\" content=\"1 perc\" \/>\n<script type=\"application\/ld+json\" class=\"yoast-schema-graph\">{\"@context\":\"https:\/\/schema.org\",\"@graph\":[{\"@type\":\"WebPage\",\"@id\":\"https:\/\/www.slovklima.sk\/hu\/produkt\/aux-ai-therma-split-r32\/\",\"url\":\"https:\/\/www.slovklima.sk\/hu\/produkt\/aux-ai-therma-split-r32\/\",\"name\":\"AUX AI THERMA osztott R32 | SLOVKLIMA DEIMOS group, s.r.o.\",\"isPartOf\":{\"@id\":\"https:\/\/www.slovklima.sk\/#website\"},\"primaryImageOfPage\":{\"@id\":\"https:\/\/www.slovklima.sk\/hu\/produkt\/aux-ai-therma-split-r32\/#primaryimage\"},\"image\":{\"@id\":\"https:\/\/www.slovklima.sk\/hu\/produkt\/aux-ai-therma-split-r32\/#primaryimage\"},\"thumbnailUrl\":\"https:\/\/www.slovklima.sk\/wp-content\/uploads\/2025\/02\/aux-ai-therma-split-r32-1.jpg\",\"datePublished\":\"2025-02-05T11:19:46+00:00\",\"dateModified\":\"2026-03-17T07:34:16+00:00\",\"breadcrumb\":{\"@id\":\"https:\/\/www.slovklima.sk\/hu\/produkt\/aux-ai-therma-split-r32\/#breadcrumb\"},\"inLanguage\":\"hu\",\"potentialAction\":[{\"@type\":\"ReadAction\",\"target\":[\"https:\/\/www.slovklima.sk\/hu\/produkt\/aux-ai-therma-split-r32\/\"]}]},{\"@type\":\"ImageObject\",\"inLanguage\":\"hu\",\"@id\":\"https:\/\/www.slovklima.sk\/hu\/produkt\/aux-ai-therma-split-r32\/#primaryimage\",\"url\":\"https:\/\/www.slovklima.sk\/wp-content\/uploads\/2025\/02\/aux-ai-therma-split-r32-1.jpg\",\"contentUrl\":\"https:\/\/www.slovklima.sk\/wp-content\/uploads\/2025\/02\/aux-ai-therma-split-r32-1.jpg\",\"width\":800,\"height\":1000,\"caption\":\"AUX AI THERMA Split R32\"},{\"@type\":\"BreadcrumbList\",\"@id\":\"https:\/\/www.slovklima.sk\/hu\/produkt\/aux-ai-therma-split-r32\/#breadcrumb\",\"itemListElement\":[{\"@type\":\"ListItem\",\"position\":1,\"name\":\"Domovsk\u00e1 str\u00e1nka\",\"item\":\"https:\/\/www.slovklima.sk\/hu\/\"},{\"@type\":\"ListItem\",\"position\":2,\"name\":\"Term\u00e9kek\",\"item\":\"https:\/\/www.slovklima.sk\/termekek\/\"},{\"@type\":\"ListItem\",\"position\":3,\"name\":\"AUX AI THERMA osztott R32\"}]},{\"@type\":\"WebSite\",\"@id\":\"https:\/\/www.slovklima.sk\/#website\",\"url\":\"https:\/\/www.slovklima.sk\/\",\"name\":\"SLOVKLIMA DEIMOS group, s.r.o.\",\"description\":\"\",\"publisher\":{\"@id\":\"https:\/\/www.slovklima.sk\/#organization\"},\"alternateName\":\"SLOVKLIMA\",\"potentialAction\":[{\"@type\":\"SearchAction\",\"target\":{\"@type\":\"EntryPoint\",\"urlTemplate\":\"https:\/\/www.slovklima.sk\/?s={search_term_string}\"},\"query-input\":{\"@type\":\"PropertyValueSpecification\",\"valueRequired\":true,\"valueName\":\"search_term_string\"}}],\"inLanguage\":\"hu\"},{\"@type\":\"Organization\",\"@id\":\"https:\/\/www.slovklima.sk\/#organization\",\"name\":\"SLOVKLIMA DEIMOS group, s.r.o.\",\"alternateName\":\"SLOVKLIMA\",\"url\":\"https:\/\/www.slovklima.sk\/\",\"logo\":{\"@type\":\"ImageObject\",\"inLanguage\":\"hu\",\"@id\":\"https:\/\/www.slovklima.sk\/#\/schema\/logo\/image\/\",\"url\":\"https:\/\/www.slovklima.sk\/wp-content\/uploads\/2022\/12\/slovklima-logo-black.svg\",\"contentUrl\":\"https:\/\/www.slovklima.sk\/wp-content\/uploads\/2022\/12\/slovklima-logo-black.svg\",\"width\":3218,\"height\":698,\"caption\":\"SLOVKLIMA DEIMOS group, s.r.o.\"},\"image\":{\"@id\":\"https:\/\/www.slovklima.sk\/#\/schema\/logo\/image\/\"}}]}<\/script>\n<!-- \/ Yoast SEO plugin. -->","yoast_head_json":{"title":"AUX AI THERMA osztott R32 | SLOVKLIMA DEIMOS group, s.r.o.","robots":{"index":"index","follow":"follow","max-snippet":"max-snippet:-1","max-image-preview":"max-image-preview:large","max-video-preview":"max-video-preview:-1"},"canonical":"https:\/\/www.slovklima.sk\/hu\/produkt\/aux-ai-therma-split-r32\/","og_locale":"hu_HU","og_type":"article","og_title":"AUX AI THERMA osztott R32 | SLOVKLIMA DEIMOS group, s.r.o.","og_description":"A Split \u2013 hydrobox R32 egy olyan h\u0151szivatty\u00fa t\u00edpus, amely hat\u00e9konyan hasznos\u00edtja a leveg\u0151 energi\u00e1j\u00e1t a radi\u00e1torok \u00e9s padl\u00f3f\u0171t\u00e9s v\u00edz\u00e9nek meleg\u00edt\u00e9s\u00e9re, ez\u00e1ltal seg\u00edt cs\u00f6kkenteni a villamosenergia-k\u00f6lts\u00e9geket. Ezeket a h\u0151szivatty\u00fakat \u00fagy tervezt\u00e9k, hogy optim\u00e1lis m\u0171k\u00f6d\u00e9st biztos\u00edtsanak m\u00e9g nagyon alacsony k\u00fcls\u0151 h\u0151m\u00e9rs\u00e9kleten is, ak\u00e1r -20 \u00b0C-ig.","og_url":"https:\/\/www.slovklima.sk\/hu\/produkt\/aux-ai-therma-split-r32\/","og_site_name":"SLOVKLIMA DEIMOS group, s.r.o.","article_modified_time":"2026-03-17T07:34:16+00:00","og_image":[{"width":800,"height":1000,"url":"https:\/\/www.slovklima.sk\/wp-content\/uploads\/2025\/02\/aux-ai-therma-split-r32-1.jpg","type":"image\/jpeg"}],"twitter_card":"summary_large_image","twitter_misc":{"Becs\u00fclt olvas\u00e1si id\u0151":"1 perc"},"schema":{"@context":"https:\/\/schema.org","@graph":[{"@type":"WebPage","@id":"https:\/\/www.slovklima.sk\/hu\/produkt\/aux-ai-therma-split-r32\/","url":"https:\/\/www.slovklima.sk\/hu\/produkt\/aux-ai-therma-split-r32\/","name":"AUX AI THERMA osztott R32 | SLOVKLIMA DEIMOS group, s.r.o.","isPartOf":{"@id":"https:\/\/www.slovklima.sk\/#website"},"primaryImageOfPage":{"@id":"https:\/\/www.slovklima.sk\/hu\/produkt\/aux-ai-therma-split-r32\/#primaryimage"},"image":{"@id":"https:\/\/www.slovklima.sk\/hu\/produkt\/aux-ai-therma-split-r32\/#primaryimage"},"thumbnailUrl":"https:\/\/www.slovklima.sk\/wp-content\/uploads\/2025\/02\/aux-ai-therma-split-r32-1.jpg","datePublished":"2025-02-05T11:19:46+00:00","dateModified":"2026-03-17T07:34:16+00:00","breadcrumb":{"@id":"https:\/\/www.slovklima.sk\/hu\/produkt\/aux-ai-therma-split-r32\/#breadcrumb"},"inLanguage":"hu","potentialAction":[{"@type":"ReadAction","target":["https:\/\/www.slovklima.sk\/hu\/produkt\/aux-ai-therma-split-r32\/"]}]},{"@type":"ImageObject","inLanguage":"hu","@id":"https:\/\/www.slovklima.sk\/hu\/produkt\/aux-ai-therma-split-r32\/#primaryimage","url":"https:\/\/www.slovklima.sk\/wp-content\/uploads\/2025\/02\/aux-ai-therma-split-r32-1.jpg","contentUrl":"https:\/\/www.slovklima.sk\/wp-content\/uploads\/2025\/02\/aux-ai-therma-split-r32-1.jpg","width":800,"height":1000,"caption":"AUX AI THERMA Split R32"},{"@type":"BreadcrumbList","@id":"https:\/\/www.slovklima.sk\/hu\/produkt\/aux-ai-therma-split-r32\/#breadcrumb","itemListElement":[{"@type":"ListItem","position":1,"name":"Domovsk\u00e1 str\u00e1nka","item":"https:\/\/www.slovklima.sk\/hu\/"},{"@type":"ListItem","position":2,"name":"Term\u00e9kek","item":"https:\/\/www.slovklima.sk\/termekek\/"},{"@type":"ListItem","position":3,"name":"AUX AI THERMA osztott R32"}]},{"@type":"WebSite","@id":"https:\/\/www.slovklima.sk\/#website","url":"https:\/\/www.slovklima.sk\/","name":"SLOVKLIMA DEIMOS group, s.r.o.","description":"","publisher":{"@id":"https:\/\/www.slovklima.sk\/#organization"},"alternateName":"SLOVKLIMA","potentialAction":[{"@type":"SearchAction","target":{"@type":"EntryPoint","urlTemplate":"https:\/\/www.slovklima.sk\/?s={search_term_string}"},"query-input":{"@type":"PropertyValueSpecification","valueRequired":true,"valueName":"search_term_string"}}],"inLanguage":"hu"},{"@type":"Organization","@id":"https:\/\/www.slovklima.sk\/#organization","name":"SLOVKLIMA DEIMOS group, s.r.o.","alternateName":"SLOVKLIMA","url":"https:\/\/www.slovklima.sk\/","logo":{"@type":"ImageObject","inLanguage":"hu","@id":"https:\/\/www.slovklima.sk\/#\/schema\/logo\/image\/","url":"https:\/\/www.slovklima.sk\/wp-content\/uploads\/2022\/12\/slovklima-logo-black.svg","contentUrl":"https:\/\/www.slovklima.sk\/wp-content\/uploads\/2022\/12\/slovklima-logo-black.svg","width":3218,"height":698,"caption":"SLOVKLIMA DEIMOS group, s.r.o."},"image":{"@id":"https:\/\/www.slovklima.sk\/#\/schema\/logo\/image\/"}}]}},"_links":{"self":[{"href":"https:\/\/www.slovklima.sk\/hu\/wp-json\/wp\/v2\/product\/13257","targetHints":{"allow":["GET"]}}],"collection":[{"href":"https:\/\/www.slovklima.sk\/hu\/wp-json\/wp\/v2\/product"}],"about":[{"href":"https:\/\/www.slovklima.sk\/hu\/wp-json\/wp\/v2\/types\/product"}],"wp:featuredmedia":[{"embeddable":true,"href":"https:\/\/www.slovklima.sk\/hu\/wp-json\/wp\/v2\/media\/13223"}],"wp:attachment":[{"href":"https:\/\/www.slovklima.sk\/hu\/wp-json\/wp\/v2\/media?parent=13257"}],"wp:term":[{"taxonomy":"product_brand","embeddable":true,"href":"https:\/\/www.slovklima.sk\/hu\/wp-json\/wp\/v2\/product_brand?post=13257"},{"taxonomy":"product_cat","embeddable":true,"href":"https:\/\/www.slovklima.sk\/hu\/wp-json\/wp\/v2\/product_cat?post=13257"},{"taxonomy":"product_tag","embeddable":true,"href":"https:\/\/www.slovklima.sk\/hu\/wp-json\/wp\/v2\/product_tag?post=13257"}],"curies":[{"name":"wp","href":"https:\/\/api.w.org\/{rel}","templated":true}]}}