{"id":13062,"date":"2024-10-30T10:24:04","date_gmt":"2024-10-30T09:24:04","guid":{"rendered":"https:\/\/www.slovklima.sk\/produkt\/aux-cac-legcsatornas-egyseg-r32\/"},"modified":"2024-11-29T20:29:33","modified_gmt":"2024-11-29T19:29:33","slug":"aux-cac-legcsatornas-egyseg-r32","status":"publish","type":"product","link":"https:\/\/www.slovklima.sk\/hu\/produkt\/aux-cac-legcsatornas-egyseg-r32\/","title":{"rendered":"AUX CAC L\u00e9gcsatorn\u00e1s egys\u00e9g R32"},"content":{"rendered":"<section class=\"wpb-content-wrapper\"><p>[vc_row][vc_column el_class=&#8221;table-style&#8221; woodmart_css_id=&#8221;6721fb261edaa&#8221; parallax_scroll=&#8221;no&#8221; woodmart_sticky_column=&#8221;false&#8221; wd_collapsible_content_switcher=&#8221;no&#8221; wd_column_role_offcanvas_desktop=&#8221;no&#8221; wd_column_role_offcanvas_tablet=&#8221;no&#8221; wd_column_role_offcanvas_mobile=&#8221;no&#8221; wd_column_role_content_desktop=&#8221;no&#8221; wd_column_role_content_tablet=&#8221;no&#8221; wd_column_role_content_mobile=&#8221;no&#8221; mobile_bg_img_hidden=&#8221;no&#8221; tablet_bg_img_hidden=&#8221;no&#8221; woodmart_parallax=&#8221;0&#8243; woodmart_box_shadow=&#8221;no&#8221; responsive_spacing=&#8221;eyJwYXJhbV90eXBlIjoid29vZG1hcnRfcmVzcG9uc2l2ZV9zcGFjaW5nIiwic2VsZWN0b3JfaWQiOiI2NzIxZmIyNjFlZGFhIiwic2hvcnRjb2RlIjoidmNfY29sdW1uIiwiZGF0YSI6eyJ0YWJsZXQiOnt9LCJtb2JpbGUiOnt9fX0=&#8221; mobile_reset_margin=&#8221;no&#8221; tablet_reset_margin=&#8221;no&#8221; wd_z_index=&#8221;no&#8221;][vc_column_text woodmart_inline=&#8221;no&#8221; text_larger=&#8221;no&#8221;]<\/p>\n<table>\n<thead>\n<tr>\n<th>Model<em>belt\u00e9ri + k\u00fclt\u00e9ri egys\u00e9g<\/em><\/th>\n<th>Teljes\u00edtm\u00e9ny<em>kW<\/em><\/th>\n<th>Energiaoszt\u00e1ly &#8211; h\u0171t\u00e9s\/f\u0171t\u00e9s<\/th>\n<th>Szezon\u00e1lis hat\u00e9konys\u00e1g &#8211; SEER\/SCOP<em>W\/W<\/em><\/th>\n<th>M\u00e9retek<em>mm(belt\u00e9ri + k\u00fclt\u00e9ri egys\u00e9g)<\/em><\/th>\n<\/tr>\n<\/thead>\n<tbody>\n<tr>\n<td>AUMD-H12\/NDR3HM2B + AL-H12\/NDR3HB2(U)<\/td>\n<td>3,52 \/ 3,81<\/td>\n<td>A++ \/ A+<\/td>\n<td>6,1 \/ 4,0<\/td>\n<td>700x700x245 \/ 709x280x536<\/td>\n<\/tr>\n<tr>\n<td>AUMD-H18\/NDR3HM2B + AL-H18\/NDR3HB2(U)<\/td>\n<td>5,28 \/ 5,60<\/td>\n<td>A++ \/ A+<\/td>\n<td>6,1 \/ 4,0<\/td>\n<td>700x700x245 \/ 785x300x555<\/td>\n<\/tr>\n<tr>\n<td>AUMD-H24\/NDR3HM2B + AL-H24\/NDR3HB2(U)<\/td>\n<td>7,03 \/ 7,91<\/td>\n<td>A++ \/ A+<\/td>\n<td>6,1 \/ 4,0<\/td>\n<td>1000x700x245 \/ 900x350x700<\/td>\n<\/tr>\n<tr>\n<td>AUMD-H30\/NDR3HC + AL-H30\/NDR3HB2(U)<\/td>\n<td>8,65 \/ 9,20<\/td>\n<td>A++ \/ A+<\/td>\n<td>6,1 \/ 4,1<\/td>\n<td>1000x700x245 \/ 900x350x700<\/td>\n<\/tr>\n<tr>\n<td>AUMD-H36\/NDR3HC + AL-H36\/NDR3C2(U)<\/td>\n<td>10,55 \/ 11,15<\/td>\n<td>A++ \/ A+<\/td>\n<td>6,1 \/ 4,0<\/td>\n<td>1400x700x245 \/ 970x395x805<\/td>\n<\/tr>\n<tr>\n<td>AUMD-H42\/NDR3HC + AL-H42\/NDR3C2(U)<\/td>\n<td>12,10 \/ 13,50<\/td>\n<td>A++ \/ A+<\/td>\n<td>&#8211;<\/td>\n<td>1400x700x245 \/ 970x395x805<\/td>\n<\/tr>\n<tr>\n<td>AUMD-H48\/SDR3HC + AL-H48\/SDR3C2(U)<\/td>\n<td>14,00 \/ 16,00<\/td>\n<td>A++ \/ A+<\/td>\n<td>&#8211;<\/td>\n<td>1400x700x245 \/ 940x370x1325<\/td>\n<\/tr>\n<tr>\n<td>AUMD-H60\/SDR3HC + AL-H60\/SDR3C2(U)<\/td>\n<td>16,00 \/ 17,00<\/td>\n<td>A++ \/ A+<\/td>\n<td>&#8211;<\/td>\n<td>1400x700x245 \/ 940x370x1325<\/td>\n<\/tr>\n<\/tbody>\n<\/table>\n<p>[\/vc_column_text][\/vc_column][\/vc_row]<\/p>\n<\/section>","protected":false},"excerpt":{"rendered":"<p><strong>A MEGFELEL\u0150 KIALAK\u00cdT\u00c1S ALACSONY BELMAGASS\u00c1GHOZ<\/strong><\/p>\n<p>M<strong>indig k\u00e9nyelmes \u00e9s hat\u00e9kony h\u0171t\u00e9s m\u00e9g nagy helyis\u00e9gekben is<\/strong> Hat\u00e9kony \u00e9s diszkr\u00e9t egys\u00e9gek, amelyek a legnagyobb szabads\u00e1got k\u00edn\u00e1lj\u00e1k a telep\u00edt\u00e9s kialak\u00edt\u00e1s\u00e1ban. A kiv\u00e9telesen lapos burkolatkialak\u00edt\u00e1snak k\u00f6sz\u00f6nhet\u0151en alacsony belmagass\u00e1g\u00fa helyis\u00e9gekbe is j\u00f3l illeszkednek. Az ak\u00e1r 160 Pa-ig \u00e1ll\u00edthat\u00f3 diff\u00fazi\u00f3s nyom\u00e1s lehet\u0151v\u00e9 teszi hossz\u00fa szell\u0151z\u0151csatorn\u00e1k haszn\u00e1lat\u00e1t, az ESP automatikus vez\u00e9rl\u00e9si funkci\u00f3 pedig mindenkor k\u00e9nyelmes h\u0171t\u00e9st \u00e9s f\u0171t\u00e9st garant\u00e1l, f\u00fcggetlen\u00fcl a berendez\u00e9s hossz\u00e1t\u00f3l.<br \/>\nB <strong>e\u00e9p\u00edtett kondenz\u00e1tumszivatty\u00fa<\/strong> A csatorn\u00e1s k\u00e9sz\u00fcl\u00e9k ut\u00f3lagosan felszerelhet\u0151 kondenz\u00e1tumszivatty\u00faval a kondenz\u00e1tum elvezet\u00e9s\u00e9hez a kondenz\u00e1tumt\u00e1rol\u00f3 tart\u00e1ly szintje felett 70 cm-ig.<br \/>\nK <strong>\u00e9tf\u00e9le l\u00e9gbesz\u00edv\u00e1si lehet\u0151s\u00e9g<\/strong> A csatorn\u00e1s egys\u00e9g kialak\u00edt\u00e1sa k\u00e9tf\u00e9le m\u00f3don teszi lehet\u0151v\u00e9 a t\u00e1pcs\u0151 elhelyez\u00e9s\u00e9t, ami nagy szabads\u00e1got biztos\u00edt a berendez\u00e9s kialak\u00edt\u00e1s\u00e1ban. A l\u00e9gbevezet\u00e9s alapesetben a k\u00e9sz\u00fcl\u00e9k h\u00e1ts\u00f3 r\u00e9sz\u00e9n tal\u00e1lhat\u00f3. Ha a helyis\u00e9g elrendez\u00e9se megk\u00edv\u00e1nja, a leveg\u0151 az als\u00f3 bemeneti ny\u00edl\u00e1son kereszt\u00fcl is besz\u00edvhat\u00f3 (opcion\u00e1lis).<br \/>\nA <strong>utomatikus ESP-szab\u00e1lyoz\u00e1s<\/strong> Az automatikus statikus nyom\u00e1sszab\u00e1lyoz\u00e1s (ESP) funkci\u00f3 k\u00e9nyelmes helyis\u00e9gk\u00f6r\u00fclm\u00e9nyeket biztos\u00edt alacsony zajszint mellett. A ventil\u00e1tor fordulatsz\u00e1ma \u00e9s a besz\u00e1ll\u00edtott leveg\u0151 mennyis\u00e9ge automatikusan a szell\u0151z\u0151csatorna hossz\u00e1hoz igazodik, \u00edgy a l\u00e9gcsatorna hossz\u00e1t\u00f3l f\u00fcggetlen\u00fcl mindig \u00e1lland\u00f3 l\u00e9g\u00e1raml\u00e1s biztos\u00edtott.  <\/p>\n<ul>\n<li style=\"list-style-type: none;\">\n<ul>\n<li>Friss leveg\u0151 bemenet<\/li>\n<li>Rugalmas h\u00e1ts\u00f3 \u00e9s als\u00f3 l\u00e9gbesz\u00edv\u00e1si lehet\u0151s\u00e9gek (opcion\u00e1lis)<\/li>\n<li>Kivehet\u0151 vez\u00e9rl\u0151doboz<\/li>\n<li>A lefoly\u00e1s ir\u00e1ny\u00e1nak k\u00e9t m\u00f3dja<\/li>\n<li>Nagy kapacit\u00e1s\u00fa W-t\u00edpus\u00fa sz\u0171r\u0151panel<\/li>\n<\/ul>\n<\/li>\n<\/ul>\n<div class=\"product-icons\"><img decoding=\"async\" class=\"alignnone size-full wp-image-12703\" title=\"H\u0171t\u0151k\u00f6zeg R32\" src=\"\/wp-content\/uploads\/2024\/10\/icon-chladivo-r32.jpg\" alt=\"\" width=\"151\" height=\"151\"><img decoding=\"async\" class=\"alignnone size-full wp-image-9018\" title=\"Automatikus \u00fczemm\u00f3d\" src=\"\/wp-content\/uploads\/2024\/04\/icon-automaticka-prevadzka.jpg\" alt=\"\" width=\"151\" height=\"151\"><img decoding=\"async\" class=\"alignnone size-full wp-image-12707\" title=\"H\u0171t\u00e9s \u00fczemm\u00f3d\" src=\"\/wp-content\/uploads\/2024\/10\/icon-chladiaci-rezim.jpg\" alt=\"\" width=\"151\" height=\"147\"><img decoding=\"async\" class=\"alignnone size-full wp-image-9019\" title=\"Dehidrat\u00e1l\u00e1si m\u00f3d\" src=\"\/wp-content\/uploads\/2024\/04\/icon-odvlhcovanie.jpg\" alt=\"\" width=\"151\" height=\"151\"><img decoding=\"async\" class=\"alignnone size-full wp-image-12654\" title=\"Ventil\u00e1tor \u00fczemm\u00f3d\" src=\"\/wp-content\/uploads\/2024\/10\/icon-rezim-ventilatora.jpg\" alt=\"\" width=\"151\" height=\"151\"><img decoding=\"async\" class=\"alignnone size-full wp-image-12657\" title=\"F\u0171t\u00e9s \u00fczemm\u00f3d\" src=\"\/wp-content\/uploads\/2024\/10\/icon-rezim-vyhrievania.jpg\" alt=\"\" width=\"151\" height=\"151\"><img decoding=\"async\" class=\"alignnone size-medium wp-image-8963\" title=\"Gyors h\u0171t\u00e9s \u00e9s f\u0171t\u00e9s\" src=\"\/wp-content\/uploads\/2024\/04\/icon-rychle-chlad-kuren-300x300.jpg\" alt=\"\" width=\"300\" height=\"300\" srcset=\"https:\/\/www.slovklima.sk\/wp-content\/uploads\/2024\/04\/icon-rychle-chlad-kuren-300x300.jpg 300w, https:\/\/www.slovklima.sk\/wp-content\/uploads\/2024\/04\/icon-rychle-chlad-kuren-150x150.jpg 150w, https:\/\/www.slovklima.sk\/wp-content\/uploads\/2024\/04\/icon-rychle-chlad-kuren.jpg 328w\" sizes=\"(max-width: 300px) 100vw, 300px\" \/><img decoding=\"async\" class=\"alignnone size-full wp-image-8998\" title=\"F\u0171t\u00e9s -22\u00b0C-on\" src=\"\/wp-content\/uploads\/2023\/09\/icon-vyhrievanie-minus22c.jpg\" alt=\"\" width=\"151\" height=\"151\"><img decoding=\"async\" class=\"alignnone size-full wp-image-7891\" title=\"Vezet\u00e9kes vez\u00e9rl\u0151\" src=\"\/wp-content\/uploads\/2023\/10\/Dialkove_ovladanie_kablove.png\" alt=\"\" width=\"151\" height=\"151\"><img decoding=\"async\" class=\"alignnone size-medium wp-image-8952\" title=\"Automatikus \u00fajraind\u00edt\u00e1s\" src=\"\/wp-content\/uploads\/2024\/04\/icon-autorestart-300x300.jpg\" alt=\"\" width=\"300\" height=\"300\" srcset=\"https:\/\/www.slovklima.sk\/wp-content\/uploads\/2024\/04\/icon-autorestart-300x300.jpg 300w, https:\/\/www.slovklima.sk\/wp-content\/uploads\/2024\/04\/icon-autorestart-150x150.jpg 150w, https:\/\/www.slovklima.sk\/wp-content\/uploads\/2024\/04\/icon-autorestart.jpg 328w\" sizes=\"(max-width: 300px) 100vw, 300px\" \/><img decoding=\"async\" class=\"alignnone size-medium wp-image-12726\" title=\"H\u0171t\u00e9s alacsony k\u00fcls\u0151 h\u0151m\u00e9rs\u00e9kleten\" src=\"\/wp-content\/uploads\/2024\/10\/icon-chladenie-pri-nizkych-vonkajsich-teplotach.jpg\" alt=\"\" width=\"151\" height=\"151\"><img decoding=\"async\" class=\"alignnone size-full wp-image-8428\" title=\"Intelligens leolvaszt\u00e1s\" src=\"\/wp-content\/uploads\/2024\/03\/inteligentne-odmrazovanie.jpg\" alt=\"intelligens leolvaszt\u00e1s\" width=\"151\" height=\"151\"><img decoding=\"async\" class=\"alignnone size-medium wp-image-12729\" title=\"Inverter technol\u00f3gia\" src=\"\/wp-content\/uploads\/2024\/10\/icon-invertorova-technologia.jpg\" alt=\"\" width=\"151\" height=\"140\"><img decoding=\"async\" class=\"alignnone size-medium wp-image-8969\" title=\"Hidrofil alum\u00edniumb\u00f3l k\u00e9sz\u00fclt peng\u00e9k\" src=\"\/wp-content\/uploads\/2024\/04\/icon-hydrofilne-vostiny-300x300.jpg\" alt=\"\" width=\"300\" height=\"300\" srcset=\"https:\/\/www.slovklima.sk\/wp-content\/uploads\/2024\/04\/icon-hydrofilne-vostiny-300x300.jpg 300w, https:\/\/www.slovklima.sk\/wp-content\/uploads\/2024\/04\/icon-hydrofilne-vostiny-150x150.jpg 150w, https:\/\/www.slovklima.sk\/wp-content\/uploads\/2024\/04\/icon-hydrofilne-vostiny.jpg 328w\" sizes=\"(max-width: 300px) 100vw, 300px\" \/><img decoding=\"async\" class=\"alignnone size-full wp-image-12697\" title=\"Tart\u00f3s l\u00e9gsz\u0171r\u0151\" src=\"https:\/\/www.slovklima.sk\/wp-content\/uploads\/2024\/10\/icon-odolny-vzduchovy-filter.jpg\" alt=\"\" width=\"151\" height=\"147\"><\/div>\n","protected":false},"featured_media":12766,"template":"","meta":[],"product_brand":[],"product_cat":[459,364,353],"product_tag":[],"class_list":{"0":"post-13062","1":"product","2":"type-product","3":"status-publish","4":"has-post-thumbnail","6":"product_cat-aux-hu-3","7":"product_cat-kereskedelmi-egysegek","8":"product_cat-legkondicionalas","10":"first","11":"instock","12":"shipping-taxable","13":"product-type-simple"},"yoast_head":"<!-- This site is optimized with the Yoast SEO plugin v24.3 - https:\/\/yoast.com\/wordpress\/plugins\/seo\/ -->\n<title>AUX CAC L\u00e9gcsatorn\u00e1s egys\u00e9g R32 | SLOVKLIMA DEIMOS group, s.r.o.<\/title>\n<meta name=\"robots\" content=\"index, follow, max-snippet:-1, max-image-preview:large, max-video-preview:-1\" \/>\n<link rel=\"canonical\" href=\"https:\/\/www.slovklima.sk\/hu\/produkt\/aux-cac-legcsatornas-egyseg-r32\/\" \/>\n<meta property=\"og:locale\" content=\"hu_HU\" \/>\n<meta property=\"og:type\" content=\"article\" \/>\n<meta property=\"og:title\" content=\"AUX CAC L\u00e9gcsatorn\u00e1s egys\u00e9g R32 | SLOVKLIMA DEIMOS group, s.r.o.\" \/>\n<meta property=\"og:description\" content=\"A MEGFELEL\u0150 KIALAK\u00cdT\u00c1S ALACSONY BELMAGASS\u00c1GHOZ Mindig k\u00e9nyelmes \u00e9s hat\u00e9kony h\u0171t\u00e9s m\u00e9g nagy helyis\u00e9gekben is Hat\u00e9kony \u00e9s diszkr\u00e9t egys\u00e9gek, amelyek a legnagyobb szabads\u00e1got k\u00edn\u00e1lj\u00e1k a telep\u00edt\u00e9s kialak\u00edt\u00e1s\u00e1ban. A kiv\u00e9telesen lapos burkolatkialak\u00edt\u00e1snak k\u00f6sz\u00f6nhet\u0151en alacsony belmagass\u00e1g\u00fa helyis\u00e9gekbe is j\u00f3l illeszkednek. Az ak\u00e1r 160 Pa-ig \u00e1ll\u00edthat\u00f3 diff\u00fazi\u00f3s nyom\u00e1s lehet\u0151v\u00e9 teszi hossz\u00fa szell\u0151z\u0151csatorn\u00e1k haszn\u00e1lat\u00e1t, az ESP automatikus vez\u00e9rl\u00e9si funkci\u00f3 pedig mindenkor k\u00e9nyelmes h\u0171t\u00e9st \u00e9s f\u0171t\u00e9st garant\u00e1l, f\u00fcggetlen\u00fcl a berendez\u00e9s hossz\u00e1t\u00f3l. B e\u00e9p\u00edtett kondenz\u00e1tumszivatty\u00fa A csatorn\u00e1s k\u00e9sz\u00fcl\u00e9k ut\u00f3lagosan felszerelhet\u0151 kondenz\u00e1tumszivatty\u00faval a kondenz\u00e1tum elvezet\u00e9s\u00e9hez a kondenz\u00e1tumt\u00e1rol\u00f3 tart\u00e1ly szintje felett 70 cm-ig. K \u00e9tf\u00e9le l\u00e9gbesz\u00edv\u00e1si lehet\u0151s\u00e9g A csatorn\u00e1s egys\u00e9g kialak\u00edt\u00e1sa k\u00e9tf\u00e9le m\u00f3don teszi lehet\u0151v\u00e9 a t\u00e1pcs\u0151 elhelyez\u00e9s\u00e9t, ami nagy szabads\u00e1got biztos\u00edt a berendez\u00e9s kialak\u00edt\u00e1s\u00e1ban. A l\u00e9gbevezet\u00e9s alapesetben a k\u00e9sz\u00fcl\u00e9k h\u00e1ts\u00f3 r\u00e9sz\u00e9n tal\u00e1lhat\u00f3. Ha a helyis\u00e9g elrendez\u00e9se megk\u00edv\u00e1nja, a leveg\u0151 az als\u00f3 bemeneti ny\u00edl\u00e1son kereszt\u00fcl is besz\u00edvhat\u00f3 (opcion\u00e1lis). A utomatikus ESP-szab\u00e1lyoz\u00e1s Az automatikus statikus nyom\u00e1sszab\u00e1lyoz\u00e1s (ESP) funkci\u00f3 k\u00e9nyelmes helyis\u00e9gk\u00f6r\u00fclm\u00e9nyeket biztos\u00edt alacsony zajszint mellett. A ventil\u00e1tor fordulatsz\u00e1ma \u00e9s a besz\u00e1ll\u00edtott leveg\u0151 mennyis\u00e9ge automatikusan a szell\u0151z\u0151csatorna hossz\u00e1hoz igazodik, \u00edgy a l\u00e9gcsatorna hossz\u00e1t\u00f3l f\u00fcggetlen\u00fcl mindig \u00e1lland\u00f3 l\u00e9g\u00e1raml\u00e1s biztos\u00edtott.          Friss leveg\u0151 bemenet  Rugalmas h\u00e1ts\u00f3 \u00e9s als\u00f3 l\u00e9gbesz\u00edv\u00e1si lehet\u0151s\u00e9gek (opcion\u00e1lis)  Kivehet\u0151 vez\u00e9rl\u0151doboz  A lefoly\u00e1s ir\u00e1ny\u00e1nak k\u00e9t m\u00f3dja  Nagy kapacit\u00e1s\u00fa W-t\u00edpus\u00fa sz\u0171r\u0151panel\" \/>\n<meta property=\"og:url\" content=\"https:\/\/www.slovklima.sk\/hu\/produkt\/aux-cac-legcsatornas-egyseg-r32\/\" \/>\n<meta property=\"og:site_name\" content=\"SLOVKLIMA DEIMOS group, s.r.o.\" \/>\n<meta property=\"article:modified_time\" content=\"2024-11-29T19:29:33+00:00\" \/>\n<meta property=\"og:image\" content=\"https:\/\/www.slovklima.sk\/wp-content\/uploads\/2024\/10\/aux-cac-kanalova-jednotka-r32.jpg\" \/>\n\t<meta property=\"og:image:width\" content=\"800\" \/>\n\t<meta property=\"og:image:height\" content=\"1000\" \/>\n\t<meta property=\"og:image:type\" content=\"image\/jpeg\" \/>\n<meta name=\"twitter:card\" content=\"summary_large_image\" \/>\n<meta name=\"twitter:label1\" content=\"Becs\u00fclt olvas\u00e1si id\u0151\" \/>\n\t<meta name=\"twitter:data1\" content=\"1 perc\" \/>\n<script type=\"application\/ld+json\" class=\"yoast-schema-graph\">{\"@context\":\"https:\/\/schema.org\",\"@graph\":[{\"@type\":\"WebPage\",\"@id\":\"https:\/\/www.slovklima.sk\/hu\/produkt\/aux-cac-legcsatornas-egyseg-r32\/\",\"url\":\"https:\/\/www.slovklima.sk\/hu\/produkt\/aux-cac-legcsatornas-egyseg-r32\/\",\"name\":\"AUX CAC L\u00e9gcsatorn\u00e1s egys\u00e9g R32 | SLOVKLIMA DEIMOS group, s.r.o.\",\"isPartOf\":{\"@id\":\"https:\/\/www.slovklima.sk\/#website\"},\"primaryImageOfPage\":{\"@id\":\"https:\/\/www.slovklima.sk\/hu\/produkt\/aux-cac-legcsatornas-egyseg-r32\/#primaryimage\"},\"image\":{\"@id\":\"https:\/\/www.slovklima.sk\/hu\/produkt\/aux-cac-legcsatornas-egyseg-r32\/#primaryimage\"},\"thumbnailUrl\":\"https:\/\/www.slovklima.sk\/wp-content\/uploads\/2024\/10\/aux-cac-kanalova-jednotka-r32.jpg\",\"datePublished\":\"2024-10-30T09:24:04+00:00\",\"dateModified\":\"2024-11-29T19:29:33+00:00\",\"breadcrumb\":{\"@id\":\"https:\/\/www.slovklima.sk\/hu\/produkt\/aux-cac-legcsatornas-egyseg-r32\/#breadcrumb\"},\"inLanguage\":\"hu\",\"potentialAction\":[{\"@type\":\"ReadAction\",\"target\":[\"https:\/\/www.slovklima.sk\/hu\/produkt\/aux-cac-legcsatornas-egyseg-r32\/\"]}]},{\"@type\":\"ImageObject\",\"inLanguage\":\"hu\",\"@id\":\"https:\/\/www.slovklima.sk\/hu\/produkt\/aux-cac-legcsatornas-egyseg-r32\/#primaryimage\",\"url\":\"https:\/\/www.slovklima.sk\/wp-content\/uploads\/2024\/10\/aux-cac-kanalova-jednotka-r32.jpg\",\"contentUrl\":\"https:\/\/www.slovklima.sk\/wp-content\/uploads\/2024\/10\/aux-cac-kanalova-jednotka-r32.jpg\",\"width\":800,\"height\":1000,\"caption\":\"AUX CAC L\u00e9gcsatorn\u00e1s egys\u00e9g R32\"},{\"@type\":\"BreadcrumbList\",\"@id\":\"https:\/\/www.slovklima.sk\/hu\/produkt\/aux-cac-legcsatornas-egyseg-r32\/#breadcrumb\",\"itemListElement\":[{\"@type\":\"ListItem\",\"position\":1,\"name\":\"Domovsk\u00e1 str\u00e1nka\",\"item\":\"https:\/\/www.slovklima.sk\/hu\/\"},{\"@type\":\"ListItem\",\"position\":2,\"name\":\"Term\u00e9kek\",\"item\":\"https:\/\/www.slovklima.sk\/termekek\/\"},{\"@type\":\"ListItem\",\"position\":3,\"name\":\"AUX CAC L\u00e9gcsatorn\u00e1s egys\u00e9g R32\"}]},{\"@type\":\"WebSite\",\"@id\":\"https:\/\/www.slovklima.sk\/#website\",\"url\":\"https:\/\/www.slovklima.sk\/\",\"name\":\"SLOVKLIMA DEIMOS group, s.r.o.\",\"description\":\"\",\"publisher\":{\"@id\":\"https:\/\/www.slovklima.sk\/#organization\"},\"alternateName\":\"SLOVKLIMA\",\"potentialAction\":[{\"@type\":\"SearchAction\",\"target\":{\"@type\":\"EntryPoint\",\"urlTemplate\":\"https:\/\/www.slovklima.sk\/?s={search_term_string}\"},\"query-input\":{\"@type\":\"PropertyValueSpecification\",\"valueRequired\":true,\"valueName\":\"search_term_string\"}}],\"inLanguage\":\"hu\"},{\"@type\":\"Organization\",\"@id\":\"https:\/\/www.slovklima.sk\/#organization\",\"name\":\"SLOVKLIMA DEIMOS group, s.r.o.\",\"alternateName\":\"SLOVKLIMA\",\"url\":\"https:\/\/www.slovklima.sk\/\",\"logo\":{\"@type\":\"ImageObject\",\"inLanguage\":\"hu\",\"@id\":\"https:\/\/www.slovklima.sk\/#\/schema\/logo\/image\/\",\"url\":\"https:\/\/www.slovklima.sk\/wp-content\/uploads\/2022\/12\/slovklima-logo-black.svg\",\"contentUrl\":\"https:\/\/www.slovklima.sk\/wp-content\/uploads\/2022\/12\/slovklima-logo-black.svg\",\"width\":3218,\"height\":698,\"caption\":\"SLOVKLIMA DEIMOS group, s.r.o.\"},\"image\":{\"@id\":\"https:\/\/www.slovklima.sk\/#\/schema\/logo\/image\/\"}}]}<\/script>\n<!-- \/ Yoast SEO plugin. -->","yoast_head_json":{"title":"AUX CAC L\u00e9gcsatorn\u00e1s egys\u00e9g R32 | SLOVKLIMA DEIMOS group, s.r.o.","robots":{"index":"index","follow":"follow","max-snippet":"max-snippet:-1","max-image-preview":"max-image-preview:large","max-video-preview":"max-video-preview:-1"},"canonical":"https:\/\/www.slovklima.sk\/hu\/produkt\/aux-cac-legcsatornas-egyseg-r32\/","og_locale":"hu_HU","og_type":"article","og_title":"AUX CAC L\u00e9gcsatorn\u00e1s egys\u00e9g R32 | SLOVKLIMA DEIMOS group, s.r.o.","og_description":"A MEGFELEL\u0150 KIALAK\u00cdT\u00c1S ALACSONY BELMAGASS\u00c1GHOZ Mindig k\u00e9nyelmes \u00e9s hat\u00e9kony h\u0171t\u00e9s m\u00e9g nagy helyis\u00e9gekben is Hat\u00e9kony \u00e9s diszkr\u00e9t egys\u00e9gek, amelyek a legnagyobb szabads\u00e1got k\u00edn\u00e1lj\u00e1k a telep\u00edt\u00e9s kialak\u00edt\u00e1s\u00e1ban. A kiv\u00e9telesen lapos burkolatkialak\u00edt\u00e1snak k\u00f6sz\u00f6nhet\u0151en alacsony belmagass\u00e1g\u00fa helyis\u00e9gekbe is j\u00f3l illeszkednek. Az ak\u00e1r 160 Pa-ig \u00e1ll\u00edthat\u00f3 diff\u00fazi\u00f3s nyom\u00e1s lehet\u0151v\u00e9 teszi hossz\u00fa szell\u0151z\u0151csatorn\u00e1k haszn\u00e1lat\u00e1t, az ESP automatikus vez\u00e9rl\u00e9si funkci\u00f3 pedig mindenkor k\u00e9nyelmes h\u0171t\u00e9st \u00e9s f\u0171t\u00e9st garant\u00e1l, f\u00fcggetlen\u00fcl a berendez\u00e9s hossz\u00e1t\u00f3l. B e\u00e9p\u00edtett kondenz\u00e1tumszivatty\u00fa A csatorn\u00e1s k\u00e9sz\u00fcl\u00e9k ut\u00f3lagosan felszerelhet\u0151 kondenz\u00e1tumszivatty\u00faval a kondenz\u00e1tum elvezet\u00e9s\u00e9hez a kondenz\u00e1tumt\u00e1rol\u00f3 tart\u00e1ly szintje felett 70 cm-ig. K \u00e9tf\u00e9le l\u00e9gbesz\u00edv\u00e1si lehet\u0151s\u00e9g A csatorn\u00e1s egys\u00e9g kialak\u00edt\u00e1sa k\u00e9tf\u00e9le m\u00f3don teszi lehet\u0151v\u00e9 a t\u00e1pcs\u0151 elhelyez\u00e9s\u00e9t, ami nagy szabads\u00e1got biztos\u00edt a berendez\u00e9s kialak\u00edt\u00e1s\u00e1ban. A l\u00e9gbevezet\u00e9s alapesetben a k\u00e9sz\u00fcl\u00e9k h\u00e1ts\u00f3 r\u00e9sz\u00e9n tal\u00e1lhat\u00f3. Ha a helyis\u00e9g elrendez\u00e9se megk\u00edv\u00e1nja, a leveg\u0151 az als\u00f3 bemeneti ny\u00edl\u00e1son kereszt\u00fcl is besz\u00edvhat\u00f3 (opcion\u00e1lis). A utomatikus ESP-szab\u00e1lyoz\u00e1s Az automatikus statikus nyom\u00e1sszab\u00e1lyoz\u00e1s (ESP) funkci\u00f3 k\u00e9nyelmes helyis\u00e9gk\u00f6r\u00fclm\u00e9nyeket biztos\u00edt alacsony zajszint mellett. A ventil\u00e1tor fordulatsz\u00e1ma \u00e9s a besz\u00e1ll\u00edtott leveg\u0151 mennyis\u00e9ge automatikusan a szell\u0151z\u0151csatorna hossz\u00e1hoz igazodik, \u00edgy a l\u00e9gcsatorna hossz\u00e1t\u00f3l f\u00fcggetlen\u00fcl mindig \u00e1lland\u00f3 l\u00e9g\u00e1raml\u00e1s biztos\u00edtott.          Friss leveg\u0151 bemenet  Rugalmas h\u00e1ts\u00f3 \u00e9s als\u00f3 l\u00e9gbesz\u00edv\u00e1si lehet\u0151s\u00e9gek (opcion\u00e1lis)  Kivehet\u0151 vez\u00e9rl\u0151doboz  A lefoly\u00e1s ir\u00e1ny\u00e1nak k\u00e9t m\u00f3dja  Nagy kapacit\u00e1s\u00fa W-t\u00edpus\u00fa sz\u0171r\u0151panel","og_url":"https:\/\/www.slovklima.sk\/hu\/produkt\/aux-cac-legcsatornas-egyseg-r32\/","og_site_name":"SLOVKLIMA DEIMOS group, s.r.o.","article_modified_time":"2024-11-29T19:29:33+00:00","og_image":[{"width":800,"height":1000,"url":"https:\/\/www.slovklima.sk\/wp-content\/uploads\/2024\/10\/aux-cac-kanalova-jednotka-r32.jpg","type":"image\/jpeg"}],"twitter_card":"summary_large_image","twitter_misc":{"Becs\u00fclt olvas\u00e1si id\u0151":"1 perc"},"schema":{"@context":"https:\/\/schema.org","@graph":[{"@type":"WebPage","@id":"https:\/\/www.slovklima.sk\/hu\/produkt\/aux-cac-legcsatornas-egyseg-r32\/","url":"https:\/\/www.slovklima.sk\/hu\/produkt\/aux-cac-legcsatornas-egyseg-r32\/","name":"AUX CAC L\u00e9gcsatorn\u00e1s egys\u00e9g R32 | SLOVKLIMA DEIMOS group, s.r.o.","isPartOf":{"@id":"https:\/\/www.slovklima.sk\/#website"},"primaryImageOfPage":{"@id":"https:\/\/www.slovklima.sk\/hu\/produkt\/aux-cac-legcsatornas-egyseg-r32\/#primaryimage"},"image":{"@id":"https:\/\/www.slovklima.sk\/hu\/produkt\/aux-cac-legcsatornas-egyseg-r32\/#primaryimage"},"thumbnailUrl":"https:\/\/www.slovklima.sk\/wp-content\/uploads\/2024\/10\/aux-cac-kanalova-jednotka-r32.jpg","datePublished":"2024-10-30T09:24:04+00:00","dateModified":"2024-11-29T19:29:33+00:00","breadcrumb":{"@id":"https:\/\/www.slovklima.sk\/hu\/produkt\/aux-cac-legcsatornas-egyseg-r32\/#breadcrumb"},"inLanguage":"hu","potentialAction":[{"@type":"ReadAction","target":["https:\/\/www.slovklima.sk\/hu\/produkt\/aux-cac-legcsatornas-egyseg-r32\/"]}]},{"@type":"ImageObject","inLanguage":"hu","@id":"https:\/\/www.slovklima.sk\/hu\/produkt\/aux-cac-legcsatornas-egyseg-r32\/#primaryimage","url":"https:\/\/www.slovklima.sk\/wp-content\/uploads\/2024\/10\/aux-cac-kanalova-jednotka-r32.jpg","contentUrl":"https:\/\/www.slovklima.sk\/wp-content\/uploads\/2024\/10\/aux-cac-kanalova-jednotka-r32.jpg","width":800,"height":1000,"caption":"AUX CAC L\u00e9gcsatorn\u00e1s egys\u00e9g R32"},{"@type":"BreadcrumbList","@id":"https:\/\/www.slovklima.sk\/hu\/produkt\/aux-cac-legcsatornas-egyseg-r32\/#breadcrumb","itemListElement":[{"@type":"ListItem","position":1,"name":"Domovsk\u00e1 str\u00e1nka","item":"https:\/\/www.slovklima.sk\/hu\/"},{"@type":"ListItem","position":2,"name":"Term\u00e9kek","item":"https:\/\/www.slovklima.sk\/termekek\/"},{"@type":"ListItem","position":3,"name":"AUX CAC L\u00e9gcsatorn\u00e1s egys\u00e9g R32"}]},{"@type":"WebSite","@id":"https:\/\/www.slovklima.sk\/#website","url":"https:\/\/www.slovklima.sk\/","name":"SLOVKLIMA DEIMOS group, s.r.o.","description":"","publisher":{"@id":"https:\/\/www.slovklima.sk\/#organization"},"alternateName":"SLOVKLIMA","potentialAction":[{"@type":"SearchAction","target":{"@type":"EntryPoint","urlTemplate":"https:\/\/www.slovklima.sk\/?s={search_term_string}"},"query-input":{"@type":"PropertyValueSpecification","valueRequired":true,"valueName":"search_term_string"}}],"inLanguage":"hu"},{"@type":"Organization","@id":"https:\/\/www.slovklima.sk\/#organization","name":"SLOVKLIMA DEIMOS group, s.r.o.","alternateName":"SLOVKLIMA","url":"https:\/\/www.slovklima.sk\/","logo":{"@type":"ImageObject","inLanguage":"hu","@id":"https:\/\/www.slovklima.sk\/#\/schema\/logo\/image\/","url":"https:\/\/www.slovklima.sk\/wp-content\/uploads\/2022\/12\/slovklima-logo-black.svg","contentUrl":"https:\/\/www.slovklima.sk\/wp-content\/uploads\/2022\/12\/slovklima-logo-black.svg","width":3218,"height":698,"caption":"SLOVKLIMA DEIMOS group, s.r.o."},"image":{"@id":"https:\/\/www.slovklima.sk\/#\/schema\/logo\/image\/"}}]}},"_links":{"self":[{"href":"https:\/\/www.slovklima.sk\/hu\/wp-json\/wp\/v2\/product\/13062","targetHints":{"allow":["GET"]}}],"collection":[{"href":"https:\/\/www.slovklima.sk\/hu\/wp-json\/wp\/v2\/product"}],"about":[{"href":"https:\/\/www.slovklima.sk\/hu\/wp-json\/wp\/v2\/types\/product"}],"wp:featuredmedia":[{"embeddable":true,"href":"https:\/\/www.slovklima.sk\/hu\/wp-json\/wp\/v2\/media\/12766"}],"wp:attachment":[{"href":"https:\/\/www.slovklima.sk\/hu\/wp-json\/wp\/v2\/media?parent=13062"}],"wp:term":[{"taxonomy":"product_brand","embeddable":true,"href":"https:\/\/www.slovklima.sk\/hu\/wp-json\/wp\/v2\/product_brand?post=13062"},{"taxonomy":"product_cat","embeddable":true,"href":"https:\/\/www.slovklima.sk\/hu\/wp-json\/wp\/v2\/product_cat?post=13062"},{"taxonomy":"product_tag","embeddable":true,"href":"https:\/\/www.slovklima.sk\/hu\/wp-json\/wp\/v2\/product_tag?post=13062"}],"curies":[{"name":"wp","href":"https:\/\/api.w.org\/{rel}","templated":true}]}}