{"id":13061,"date":"2024-10-30T09:44:11","date_gmt":"2024-10-30T08:44:11","guid":{"rendered":"https:\/\/www.slovklima.sk\/produkt\/aux-cac-kazettas-egyseg-r32\/"},"modified":"2024-11-29T20:22:44","modified_gmt":"2024-11-29T19:22:44","slug":"aux-cac-kazettas-egyseg-r32","status":"publish","type":"product","link":"https:\/\/www.slovklima.sk\/hu\/produkt\/aux-cac-kazettas-egyseg-r32\/","title":{"rendered":"AUX CAC Kazett\u00e1s egys\u00e9g R32"},"content":{"rendered":"<section class=\"wpb-content-wrapper\"><p>[vc_row][vc_column el_class=&#8221;table-style&#8221; woodmart_css_id=&#8221;6721f21e4e614&#8243; parallax_scroll=&#8221;no&#8221; woodmart_sticky_column=&#8221;false&#8221; wd_collapsible_content_switcher=&#8221;no&#8221; wd_column_role_offcanvas_desktop=&#8221;no&#8221; wd_column_role_offcanvas_tablet=&#8221;no&#8221; wd_column_role_offcanvas_mobile=&#8221;no&#8221; wd_column_role_content_desktop=&#8221;no&#8221; wd_column_role_content_tablet=&#8221;no&#8221; wd_column_role_content_mobile=&#8221;no&#8221; mobile_bg_img_hidden=&#8221;no&#8221; tablet_bg_img_hidden=&#8221;no&#8221; woodmart_parallax=&#8221;0&#8243; woodmart_box_shadow=&#8221;no&#8221; responsive_spacing=&#8221;eyJwYXJhbV90eXBlIjoid29vZG1hcnRfcmVzcG9uc2l2ZV9zcGFjaW5nIiwic2VsZWN0b3JfaWQiOiI2NzIxZjIxZTRlNjE0Iiwic2hvcnRjb2RlIjoidmNfY29sdW1uIiwiZGF0YSI6eyJ0YWJsZXQiOnt9LCJtb2JpbGUiOnt9fX0=&#8221; mobile_reset_margin=&#8221;no&#8221; tablet_reset_margin=&#8221;no&#8221; wd_z_index=&#8221;no&#8221;][vc_column_text woodmart_inline=&#8221;no&#8221; text_larger=&#8221;no&#8221;]<\/p>\n<table>\n<thead>\n<tr>\n<th>Model<em>belt\u00e9ri + k\u00fclt\u00e9ri egys\u00e9g<\/em><\/th>\n<th>Teljes\u00edtm\u00e9ny<em>kW<\/em><\/th>\n<th>Energiaoszt\u00e1ly &#8211; h\u0171t\u00e9s\/f\u0171t\u00e9s<\/th>\n<th>Szezon\u00e1lis hat\u00e9konys\u00e1g &#8211; SEER\/SCOP<em>W\/W<\/em><\/th>\n<th>M\u00e9retek<em>mm(belt\u00e9ri + k\u00fclt\u00e9ri egys\u00e9g)<\/em><\/th>\n<\/tr>\n<\/thead>\n<tbody>\n<tr>\n<td>AUCA-H12\/4DR3HYAB + AL-H12\/NDR3HB2(U)<\/td>\n<td>3,52 \/ 3,81<\/td>\n<td>A++ \/ A+<\/td>\n<td>6,1 \/ 4,0<\/td>\n<td>570x570x260 \/ 709x280x536<\/td>\n<\/tr>\n<tr>\n<td>AUCA-H18\/4DR3HYAB + AL-H18\/NDR3HB2(U)<\/td>\n<td>5,28 \/ 5,60<\/td>\n<td>A++ \/ A+<\/td>\n<td>6,1 \/ 4,0<\/td>\n<td>570x570x260 \/ 785x300x555<\/td>\n<\/tr>\n<tr>\n<td>AUCA-H24\/4DR3HYAB + AL-H24\/NDR3HB2(U)<\/td>\n<td>7,03 \/ 7,91<\/td>\n<td>A++ \/ A+<\/td>\n<td>6,1 \/ 4,0<\/td>\n<td>840x840x246 \/ 900x350x700<\/td>\n<\/tr>\n<tr>\n<td>AUCA-H36\/NDR3HYCB + AL-H36\/NDR3C2(U)<\/td>\n<td>10,55 \/ 11,15<\/td>\n<td>A++ \/ A+<\/td>\n<td>6,1 \/ 4,0<\/td>\n<td>840x840x288 \/ 970x395x805<\/td>\n<\/tr>\n<tr>\n<td>AUCA-H42\/NDR3HYCB + AL-H42\/NDR3C2(U)<\/td>\n<td>12,10 \/ 13,50<\/td>\n<td>A++ \/ A+<\/td>\n<td>&#8211;<\/td>\n<td>840x840x288 \/ 970x395x805<\/td>\n<\/tr>\n<tr>\n<td>AUCA-H48\/SDR3HYCB + AL-H48\/SDR3C2(U)<\/td>\n<td>14,00 \/ 16,00<\/td>\n<td>A++ \/ A+<\/td>\n<td>&#8211;<\/td>\n<td>840x840x288 \/ 940x370x1325<\/td>\n<\/tr>\n<tr>\n<td>AUCA-H60\/SDR3HYCB + AL-H60\/SDR3C2(U)<\/td>\n<td>16,00 \/ 17,00<\/td>\n<td>A++ \/ A+<\/td>\n<td>&#8211;<\/td>\n<td>840x840x288 \/ 940x370x1325<\/td>\n<\/tr>\n<\/tbody>\n<\/table>\n<p>[\/vc_column_text][\/vc_column][\/vc_row]<\/p>\n<\/section>","protected":false},"excerpt":{"rendered":"<p><strong>RUGALMAS EGYS\u00c9G OTTHONI \u00c9S \u00dcZLETI FELHASZN\u00c1L\u00c1SRA<\/strong><\/p>\n<p>B<strong>e\u00e9p\u00edtett kondenzv\u00edzszivatty\u00fa<\/strong> A kazett\u00e1s egys\u00e9g alapfelszerelts\u00e9gk\u00e9nt kondenzv\u00edzszivatty\u00faval van felszerelve, amely lehet\u0151v\u00e9 teszi a kondenzv\u00edz elvezet\u00e9s\u00e9t a kondenz\u00e1tumt\u00e1rol\u00f3 tart\u00e1ly szintje felett 120 cm magass\u00e1gban.<br \/>\n3 <strong>60\u00b0-os k\u00f6rk\u00f6r\u00f6s l\u00e9gbevezet\u00e9s<\/strong> A speci\u00e1lisan kialak\u00edtott dekorat\u00edv paneles kialak\u00edt\u00e1snak k\u00f6sz\u00f6nhet\u0151en a kazett\u00e1s l\u00e9gkondicion\u00e1l\u00f3 a helyis\u00e9g minden sark\u00e1t k\u00e9pes leh\u0171teni \u00e9s maxim\u00e1lis k\u00e9nyelmet biztos\u00edtani. A panel sarkaiban tal\u00e1lhat\u00f3 tov\u00e1bbi kivezet\u00e9sek lehet\u0151v\u00e9 teszik a leveg\u0151 minden ir\u00e1nyba t\u00f6rt\u00e9n\u0151 bef\u00fav\u00e1s\u00e1t, \u00edgy kik\u00fcsz\u00f6b\u00f6lve az egyenl\u0151tlen h\u0151m\u00e9rs\u00e9klet-eloszl\u00e1s\u00fa z\u00f3n\u00e1k kialakul\u00e1s\u00e1nak lehet\u0151s\u00e9g\u00e9t. A k\u00f6rk\u00f6r\u00f6s l\u00e9gkibocs\u00e1t\u00e1si technol\u00f3gia 360\u00b0-os h\u0171t\u00f6tt leveg\u0151ell\u00e1t\u00e1st biztos\u00edt, \u00e9s garant\u00e1lja a helyis\u00e9gek hat\u00e9kony l\u00e9gkondicion\u00e1l\u00e1s\u00e1t, m\u00e9g a nagy alapter\u00fclet\u0171 helyis\u00e9gek eset\u00e9ben is.<br \/>\nF <strong>rissleveg\u0151-bevezet\u00e9s \u00e9s optimaliz\u00e1lt elektromos szekr\u00e9ny<\/strong> A kazett\u00e1s egys\u00e9g fedel\u00e9n frissleveg\u0151-bevezet\u0151 ny\u00edl\u00e1s tal\u00e1lhat\u00f3. Ez lehet\u0151v\u00e9 teszi, hogy a k\u00e9sz\u00fcl\u00e9k k\u00edv\u00fclr\u0151l friss leveg\u0151t juttasson a helyis\u00e9gbe. A friss k\u00fcls\u0151 leveg\u0151 bevitele jav\u00edtja a belt\u00e9ri leveg\u0151 min\u0151s\u00e9g\u00e9t, biztos\u00edtva az eg\u00e9szs\u00e9get \u00e9s a k\u00e9nyelmet. Az optimaliz\u00e1lt elektromos szekr\u00e9ny k\u00f6nny\u0171 szervizelhet\u0151s\u00e9get \u00e9s magas t\u0171z\u00e1ll\u00f3s\u00e1got biztos\u00edt.<\/p>\n<ul>\n<li style=\"list-style-type: none;\">\n<ul>\n<li>5-szeres h\u0151cser\u00e9l\u0151, amely nagyobb fel\u00fcleten k\u00e9pes h\u0151cser\u00e9re<\/li>\n<li>Nagy l\u00e9gmennyis\u00e9g a spir\u00e1lventil\u00e1tor nagy \u00e1tm\u00e9r\u0151je miatt<\/li>\n<li>A l\u00e9g\u00e1raml\u00e1si t\u00e1vols\u00e1g megfelel a magas terek l\u00e9gell\u00e1t\u00e1s\u00e1ra vonatkoz\u00f3 k\u00f6vetelm\u00e9nyeknek<\/li>\n<li>Alv\u00f3 \u00fczemm\u00f3d<\/li>\n<li>Kijelz\u0151 funkci\u00f3<\/li>\n<li>Automatikus tiszt\u00edt\u00e1s<\/li>\n<li>T\u0171zv\u00e9delmi fedezet<\/li>\n<li>A k\u00e9sz\u00fcl\u00e9k vastags\u00e1ga 246 mm<\/li>\n<li>Kivehet\u0151 r\u00e1cs<\/li>\n<li>Heti id\u0151z\u00edt\u0151<\/li>\n<\/ul>\n<\/li>\n<\/ul>\n<div class=\"product-icons\"><img decoding=\"async\" class=\"alignnone size-full wp-image-12703\" title=\"H\u0171t\u0151k\u00f6zeg R32\" src=\"\/wp-content\/uploads\/2024\/10\/icon-chladivo-r32.jpg\" alt=\"\" width=\"151\" height=\"151\"><img decoding=\"async\" class=\"alignnone size-full wp-image-9018\" title=\"Automatikus \u00fczemm\u00f3d\" src=\"\/wp-content\/uploads\/2024\/04\/icon-automaticka-prevadzka.jpg\" alt=\"\" width=\"151\" height=\"151\"><img decoding=\"async\" class=\"alignnone size-full wp-image-12707\" title=\"H\u0171t\u00e9s \u00fczemm\u00f3d\" src=\"\/wp-content\/uploads\/2024\/10\/icon-chladiaci-rezim.jpg\" alt=\"\" width=\"151\" height=\"147\"><img decoding=\"async\" class=\"alignnone size-full wp-image-9019\" title=\"Dehidrat\u00e1l\u00e1si m\u00f3d\" src=\"\/wp-content\/uploads\/2024\/04\/icon-odvlhcovanie.jpg\" alt=\"\" width=\"151\" height=\"151\"><img decoding=\"async\" class=\"alignnone size-full wp-image-12654\" title=\"Ventil\u00e1tor \u00fczemm\u00f3d\" src=\"\/wp-content\/uploads\/2024\/10\/icon-rezim-ventilatora.jpg\" alt=\"\" width=\"151\" height=\"151\"><img decoding=\"async\" class=\"alignnone size-full wp-image-12657\" title=\"F\u0171t\u00e9s \u00fczemm\u00f3d\" src=\"\/wp-content\/uploads\/2024\/10\/icon-rezim-vyhrievania.jpg\" alt=\"\" width=\"151\" height=\"151\"><img decoding=\"async\" class=\"alignnone size-medium wp-image-8963\" title=\"Gyors h\u0171t\u00e9s \u00e9s f\u0171t\u00e9s\" src=\"\/wp-content\/uploads\/2024\/04\/icon-rychle-chlad-kuren-300x300.jpg\" alt=\"\" width=\"300\" height=\"300\" srcset=\"https:\/\/www.slovklima.sk\/wp-content\/uploads\/2024\/04\/icon-rychle-chlad-kuren-300x300.jpg 300w, https:\/\/www.slovklima.sk\/wp-content\/uploads\/2024\/04\/icon-rychle-chlad-kuren-150x150.jpg 150w, https:\/\/www.slovklima.sk\/wp-content\/uploads\/2024\/04\/icon-rychle-chlad-kuren.jpg 328w\" sizes=\"(max-width: 300px) 100vw, 300px\" \/><img decoding=\"async\" class=\"alignnone size-full wp-image-8998\" title=\"F\u0171t\u00e9s -22\u00b0C-on\" src=\"\/wp-content\/uploads\/2023\/09\/icon-vyhrievanie-minus22c.jpg\" alt=\"\" width=\"151\" height=\"151\"><img decoding=\"async\" class=\"alignnone size-full wp-image-7891\" title=\"Vezet\u00e9kes vez\u00e9rl\u0151\" src=\"\/wp-content\/uploads\/2023\/10\/Dialkove_ovladanie_kablove.png\" alt=\"\" width=\"151\" height=\"151\"><img decoding=\"async\" class=\"alignnone size-medium wp-image-8952\" title=\"Automatikus \u00fajraind\u00edt\u00e1s\" src=\"\/wp-content\/uploads\/2024\/04\/icon-autorestart-300x300.jpg\" alt=\"\" width=\"300\" height=\"300\" srcset=\"https:\/\/www.slovklima.sk\/wp-content\/uploads\/2024\/04\/icon-autorestart-300x300.jpg 300w, https:\/\/www.slovklima.sk\/wp-content\/uploads\/2024\/04\/icon-autorestart-150x150.jpg 150w, https:\/\/www.slovklima.sk\/wp-content\/uploads\/2024\/04\/icon-autorestart.jpg 328w\" sizes=\"(max-width: 300px) 100vw, 300px\" \/><img decoding=\"async\" class=\"alignnone size-medium wp-image-12726\" title=\"H\u0171t\u00e9s alacsony k\u00fcls\u0151 h\u0151m\u00e9rs\u00e9kleten\" src=\"\/wp-content\/uploads\/2024\/10\/icon-chladenie-pri-nizkych-vonkajsich-teplotach.jpg\" alt=\"\" width=\"151\" height=\"151\"><img decoding=\"async\" class=\"alignnone size-full wp-image-8428\" title=\"Intelligens leolvaszt\u00e1s\" src=\"\/wp-content\/uploads\/2024\/03\/inteligentne-odmrazovanie.jpg\" alt=\"intelligens leolvaszt\u00e1s\" width=\"151\" height=\"151\"><img decoding=\"async\" class=\"alignnone size-medium wp-image-12729\" title=\"Inverter technol\u00f3gia\" src=\"\/wp-content\/uploads\/2024\/10\/icon-invertorova-technologia.jpg\" alt=\"\" width=\"151\" height=\"140\"><img decoding=\"async\" class=\"alignnone size-medium wp-image-8969\" title=\"Hidrofil alum\u00edniumb\u00f3l k\u00e9sz\u00fclt peng\u00e9k\" src=\"\/wp-content\/uploads\/2024\/04\/icon-hydrofilne-vostiny-300x300.jpg\" alt=\"\" width=\"300\" height=\"300\" srcset=\"https:\/\/www.slovklima.sk\/wp-content\/uploads\/2024\/04\/icon-hydrofilne-vostiny-300x300.jpg 300w, https:\/\/www.slovklima.sk\/wp-content\/uploads\/2024\/04\/icon-hydrofilne-vostiny-150x150.jpg 150w, https:\/\/www.slovklima.sk\/wp-content\/uploads\/2024\/04\/icon-hydrofilne-vostiny.jpg 328w\" sizes=\"(max-width: 300px) 100vw, 300px\" \/><img decoding=\"async\" class=\"alignnone size-full wp-image-12746\" title=\"Moshat\u00f3 l\u00e9gsz\u0171r\u0151\" src=\"\/wp-content\/uploads\/2024\/10\/icon-umyvatelny-vzduchovy-filter.jpg\" alt=\"\" width=\"151\" height=\"151\"><\/div>\n","protected":false},"featured_media":12751,"template":"","meta":[],"product_brand":[],"product_cat":[459,364,353],"product_tag":[],"class_list":{"0":"post-13061","1":"product","2":"type-product","3":"status-publish","4":"has-post-thumbnail","6":"product_cat-aux-hu-3","7":"product_cat-kereskedelmi-egysegek","8":"product_cat-legkondicionalas","10":"first","11":"instock","12":"shipping-taxable","13":"product-type-simple"},"yoast_head":"<!-- This site is optimized with the Yoast SEO plugin v24.3 - https:\/\/yoast.com\/wordpress\/plugins\/seo\/ -->\n<title>AUX CAC Kazett\u00e1s egys\u00e9g R32 | SLOVKLIMA DEIMOS group, s.r.o.<\/title>\n<meta name=\"robots\" content=\"index, follow, max-snippet:-1, max-image-preview:large, max-video-preview:-1\" \/>\n<link rel=\"canonical\" href=\"https:\/\/www.slovklima.sk\/hu\/produkt\/aux-cac-kazettas-egyseg-r32\/\" \/>\n<meta property=\"og:locale\" content=\"hu_HU\" \/>\n<meta property=\"og:type\" content=\"article\" \/>\n<meta property=\"og:title\" content=\"AUX CAC Kazett\u00e1s egys\u00e9g R32 | SLOVKLIMA DEIMOS group, s.r.o.\" \/>\n<meta property=\"og:description\" content=\"RUGALMAS EGYS\u00c9G OTTHONI \u00c9S \u00dcZLETI FELHASZN\u00c1L\u00c1SRA  Be\u00e9p\u00edtett kondenzv\u00edzszivatty\u00fa A kazett\u00e1s egys\u00e9g alapfelszerelts\u00e9gk\u00e9nt kondenzv\u00edzszivatty\u00faval van felszerelve, amely lehet\u0151v\u00e9 teszi a kondenzv\u00edz elvezet\u00e9s\u00e9t a kondenz\u00e1tumt\u00e1rol\u00f3 tart\u00e1ly szintje felett 120 cm magass\u00e1gban. 3 60\u00b0-os k\u00f6rk\u00f6r\u00f6s l\u00e9gbevezet\u00e9s A speci\u00e1lisan kialak\u00edtott dekorat\u00edv paneles kialak\u00edt\u00e1snak k\u00f6sz\u00f6nhet\u0151en a kazett\u00e1s l\u00e9gkondicion\u00e1l\u00f3 a helyis\u00e9g minden sark\u00e1t k\u00e9pes leh\u0171teni \u00e9s maxim\u00e1lis k\u00e9nyelmet biztos\u00edtani. A panel sarkaiban tal\u00e1lhat\u00f3 tov\u00e1bbi kivezet\u00e9sek lehet\u0151v\u00e9 teszik a leveg\u0151 minden ir\u00e1nyba t\u00f6rt\u00e9n\u0151 bef\u00fav\u00e1s\u00e1t, \u00edgy kik\u00fcsz\u00f6b\u00f6lve az egyenl\u0151tlen h\u0151m\u00e9rs\u00e9klet-eloszl\u00e1s\u00fa z\u00f3n\u00e1k kialakul\u00e1s\u00e1nak lehet\u0151s\u00e9g\u00e9t. A k\u00f6rk\u00f6r\u00f6s l\u00e9gkibocs\u00e1t\u00e1si technol\u00f3gia 360\u00b0-os h\u0171t\u00f6tt leveg\u0151ell\u00e1t\u00e1st biztos\u00edt, \u00e9s garant\u00e1lja a helyis\u00e9gek hat\u00e9kony l\u00e9gkondicion\u00e1l\u00e1s\u00e1t, m\u00e9g a nagy alapter\u00fclet\u0171 helyis\u00e9gek eset\u00e9ben is. F rissleveg\u0151-bevezet\u00e9s \u00e9s optimaliz\u00e1lt elektromos szekr\u00e9ny A kazett\u00e1s egys\u00e9g fedel\u00e9n frissleveg\u0151-bevezet\u0151 ny\u00edl\u00e1s tal\u00e1lhat\u00f3. Ez lehet\u0151v\u00e9 teszi, hogy a k\u00e9sz\u00fcl\u00e9k k\u00edv\u00fclr\u0151l friss leveg\u0151t juttasson a helyis\u00e9gbe. A friss k\u00fcls\u0151 leveg\u0151 bevitele jav\u00edtja a belt\u00e9ri leveg\u0151 min\u0151s\u00e9g\u00e9t, biztos\u00edtva az eg\u00e9szs\u00e9get \u00e9s a k\u00e9nyelmet. Az optimaliz\u00e1lt elektromos szekr\u00e9ny k\u00f6nny\u0171 szervizelhet\u0151s\u00e9get \u00e9s magas t\u0171z\u00e1ll\u00f3s\u00e1got biztos\u00edt.             5-szeres h\u0151cser\u00e9l\u0151, amely nagyobb fel\u00fcleten k\u00e9pes h\u0151cser\u00e9re  Nagy l\u00e9gmennyis\u00e9g a spir\u00e1lventil\u00e1tor nagy \u00e1tm\u00e9r\u0151je miatt  A l\u00e9g\u00e1raml\u00e1si t\u00e1vols\u00e1g megfelel a magas terek l\u00e9gell\u00e1t\u00e1s\u00e1ra vonatkoz\u00f3 k\u00f6vetelm\u00e9nyeknek  Alv\u00f3 \u00fczemm\u00f3d  Kijelz\u0151 funkci\u00f3  Automatikus tiszt\u00edt\u00e1s  T\u0171zv\u00e9delmi fedezet  A k\u00e9sz\u00fcl\u00e9k vastags\u00e1ga 246 mm  Kivehet\u0151 r\u00e1cs  Heti id\u0151z\u00edt\u0151\" \/>\n<meta property=\"og:url\" content=\"https:\/\/www.slovklima.sk\/hu\/produkt\/aux-cac-kazettas-egyseg-r32\/\" \/>\n<meta property=\"og:site_name\" content=\"SLOVKLIMA DEIMOS group, s.r.o.\" \/>\n<meta property=\"article:modified_time\" content=\"2024-11-29T19:22:44+00:00\" \/>\n<meta property=\"og:image\" content=\"https:\/\/www.slovklima.sk\/wp-content\/uploads\/2024\/10\/aux-cac-kazetova-jednotka-r32.jpg\" \/>\n\t<meta property=\"og:image:width\" content=\"800\" \/>\n\t<meta property=\"og:image:height\" content=\"1000\" \/>\n\t<meta property=\"og:image:type\" content=\"image\/jpeg\" \/>\n<meta name=\"twitter:card\" content=\"summary_large_image\" \/>\n<meta name=\"twitter:label1\" content=\"Becs\u00fclt olvas\u00e1si id\u0151\" \/>\n\t<meta name=\"twitter:data1\" content=\"1 perc\" \/>\n<script type=\"application\/ld+json\" class=\"yoast-schema-graph\">{\"@context\":\"https:\/\/schema.org\",\"@graph\":[{\"@type\":\"WebPage\",\"@id\":\"https:\/\/www.slovklima.sk\/hu\/produkt\/aux-cac-kazettas-egyseg-r32\/\",\"url\":\"https:\/\/www.slovklima.sk\/hu\/produkt\/aux-cac-kazettas-egyseg-r32\/\",\"name\":\"AUX CAC Kazett\u00e1s egys\u00e9g R32 | SLOVKLIMA DEIMOS group, s.r.o.\",\"isPartOf\":{\"@id\":\"https:\/\/www.slovklima.sk\/#website\"},\"primaryImageOfPage\":{\"@id\":\"https:\/\/www.slovklima.sk\/hu\/produkt\/aux-cac-kazettas-egyseg-r32\/#primaryimage\"},\"image\":{\"@id\":\"https:\/\/www.slovklima.sk\/hu\/produkt\/aux-cac-kazettas-egyseg-r32\/#primaryimage\"},\"thumbnailUrl\":\"https:\/\/www.slovklima.sk\/wp-content\/uploads\/2024\/10\/aux-cac-kazetova-jednotka-r32.jpg\",\"datePublished\":\"2024-10-30T08:44:11+00:00\",\"dateModified\":\"2024-11-29T19:22:44+00:00\",\"breadcrumb\":{\"@id\":\"https:\/\/www.slovklima.sk\/hu\/produkt\/aux-cac-kazettas-egyseg-r32\/#breadcrumb\"},\"inLanguage\":\"hu\",\"potentialAction\":[{\"@type\":\"ReadAction\",\"target\":[\"https:\/\/www.slovklima.sk\/hu\/produkt\/aux-cac-kazettas-egyseg-r32\/\"]}]},{\"@type\":\"ImageObject\",\"inLanguage\":\"hu\",\"@id\":\"https:\/\/www.slovklima.sk\/hu\/produkt\/aux-cac-kazettas-egyseg-r32\/#primaryimage\",\"url\":\"https:\/\/www.slovklima.sk\/wp-content\/uploads\/2024\/10\/aux-cac-kazetova-jednotka-r32.jpg\",\"contentUrl\":\"https:\/\/www.slovklima.sk\/wp-content\/uploads\/2024\/10\/aux-cac-kazetova-jednotka-r32.jpg\",\"width\":800,\"height\":1000,\"caption\":\"AUX CAC Kazett\u00e1s egys\u00e9g R32\"},{\"@type\":\"BreadcrumbList\",\"@id\":\"https:\/\/www.slovklima.sk\/hu\/produkt\/aux-cac-kazettas-egyseg-r32\/#breadcrumb\",\"itemListElement\":[{\"@type\":\"ListItem\",\"position\":1,\"name\":\"Domovsk\u00e1 str\u00e1nka\",\"item\":\"https:\/\/www.slovklima.sk\/hu\/\"},{\"@type\":\"ListItem\",\"position\":2,\"name\":\"Term\u00e9kek\",\"item\":\"https:\/\/www.slovklima.sk\/termekek\/\"},{\"@type\":\"ListItem\",\"position\":3,\"name\":\"AUX CAC Kazett\u00e1s egys\u00e9g R32\"}]},{\"@type\":\"WebSite\",\"@id\":\"https:\/\/www.slovklima.sk\/#website\",\"url\":\"https:\/\/www.slovklima.sk\/\",\"name\":\"SLOVKLIMA DEIMOS group, s.r.o.\",\"description\":\"\",\"publisher\":{\"@id\":\"https:\/\/www.slovklima.sk\/#organization\"},\"alternateName\":\"SLOVKLIMA\",\"potentialAction\":[{\"@type\":\"SearchAction\",\"target\":{\"@type\":\"EntryPoint\",\"urlTemplate\":\"https:\/\/www.slovklima.sk\/?s={search_term_string}\"},\"query-input\":{\"@type\":\"PropertyValueSpecification\",\"valueRequired\":true,\"valueName\":\"search_term_string\"}}],\"inLanguage\":\"hu\"},{\"@type\":\"Organization\",\"@id\":\"https:\/\/www.slovklima.sk\/#organization\",\"name\":\"SLOVKLIMA DEIMOS group, s.r.o.\",\"alternateName\":\"SLOVKLIMA\",\"url\":\"https:\/\/www.slovklima.sk\/\",\"logo\":{\"@type\":\"ImageObject\",\"inLanguage\":\"hu\",\"@id\":\"https:\/\/www.slovklima.sk\/#\/schema\/logo\/image\/\",\"url\":\"https:\/\/www.slovklima.sk\/wp-content\/uploads\/2022\/12\/slovklima-logo-black.svg\",\"contentUrl\":\"https:\/\/www.slovklima.sk\/wp-content\/uploads\/2022\/12\/slovklima-logo-black.svg\",\"width\":3218,\"height\":698,\"caption\":\"SLOVKLIMA DEIMOS group, s.r.o.\"},\"image\":{\"@id\":\"https:\/\/www.slovklima.sk\/#\/schema\/logo\/image\/\"}}]}<\/script>\n<!-- \/ Yoast SEO plugin. -->","yoast_head_json":{"title":"AUX CAC Kazett\u00e1s egys\u00e9g R32 | SLOVKLIMA DEIMOS group, s.r.o.","robots":{"index":"index","follow":"follow","max-snippet":"max-snippet:-1","max-image-preview":"max-image-preview:large","max-video-preview":"max-video-preview:-1"},"canonical":"https:\/\/www.slovklima.sk\/hu\/produkt\/aux-cac-kazettas-egyseg-r32\/","og_locale":"hu_HU","og_type":"article","og_title":"AUX CAC Kazett\u00e1s egys\u00e9g R32 | SLOVKLIMA DEIMOS group, s.r.o.","og_description":"RUGALMAS EGYS\u00c9G OTTHONI \u00c9S \u00dcZLETI FELHASZN\u00c1L\u00c1SRA  Be\u00e9p\u00edtett kondenzv\u00edzszivatty\u00fa A kazett\u00e1s egys\u00e9g alapfelszerelts\u00e9gk\u00e9nt kondenzv\u00edzszivatty\u00faval van felszerelve, amely lehet\u0151v\u00e9 teszi a kondenzv\u00edz elvezet\u00e9s\u00e9t a kondenz\u00e1tumt\u00e1rol\u00f3 tart\u00e1ly szintje felett 120 cm magass\u00e1gban. 3 60\u00b0-os k\u00f6rk\u00f6r\u00f6s l\u00e9gbevezet\u00e9s A speci\u00e1lisan kialak\u00edtott dekorat\u00edv paneles kialak\u00edt\u00e1snak k\u00f6sz\u00f6nhet\u0151en a kazett\u00e1s l\u00e9gkondicion\u00e1l\u00f3 a helyis\u00e9g minden sark\u00e1t k\u00e9pes leh\u0171teni \u00e9s maxim\u00e1lis k\u00e9nyelmet biztos\u00edtani. A panel sarkaiban tal\u00e1lhat\u00f3 tov\u00e1bbi kivezet\u00e9sek lehet\u0151v\u00e9 teszik a leveg\u0151 minden ir\u00e1nyba t\u00f6rt\u00e9n\u0151 bef\u00fav\u00e1s\u00e1t, \u00edgy kik\u00fcsz\u00f6b\u00f6lve az egyenl\u0151tlen h\u0151m\u00e9rs\u00e9klet-eloszl\u00e1s\u00fa z\u00f3n\u00e1k kialakul\u00e1s\u00e1nak lehet\u0151s\u00e9g\u00e9t. A k\u00f6rk\u00f6r\u00f6s l\u00e9gkibocs\u00e1t\u00e1si technol\u00f3gia 360\u00b0-os h\u0171t\u00f6tt leveg\u0151ell\u00e1t\u00e1st biztos\u00edt, \u00e9s garant\u00e1lja a helyis\u00e9gek hat\u00e9kony l\u00e9gkondicion\u00e1l\u00e1s\u00e1t, m\u00e9g a nagy alapter\u00fclet\u0171 helyis\u00e9gek eset\u00e9ben is. F rissleveg\u0151-bevezet\u00e9s \u00e9s optimaliz\u00e1lt elektromos szekr\u00e9ny A kazett\u00e1s egys\u00e9g fedel\u00e9n frissleveg\u0151-bevezet\u0151 ny\u00edl\u00e1s tal\u00e1lhat\u00f3. Ez lehet\u0151v\u00e9 teszi, hogy a k\u00e9sz\u00fcl\u00e9k k\u00edv\u00fclr\u0151l friss leveg\u0151t juttasson a helyis\u00e9gbe. A friss k\u00fcls\u0151 leveg\u0151 bevitele jav\u00edtja a belt\u00e9ri leveg\u0151 min\u0151s\u00e9g\u00e9t, biztos\u00edtva az eg\u00e9szs\u00e9get \u00e9s a k\u00e9nyelmet. Az optimaliz\u00e1lt elektromos szekr\u00e9ny k\u00f6nny\u0171 szervizelhet\u0151s\u00e9get \u00e9s magas t\u0171z\u00e1ll\u00f3s\u00e1got biztos\u00edt.             5-szeres h\u0151cser\u00e9l\u0151, amely nagyobb fel\u00fcleten k\u00e9pes h\u0151cser\u00e9re  Nagy l\u00e9gmennyis\u00e9g a spir\u00e1lventil\u00e1tor nagy \u00e1tm\u00e9r\u0151je miatt  A l\u00e9g\u00e1raml\u00e1si t\u00e1vols\u00e1g megfelel a magas terek l\u00e9gell\u00e1t\u00e1s\u00e1ra vonatkoz\u00f3 k\u00f6vetelm\u00e9nyeknek  Alv\u00f3 \u00fczemm\u00f3d  Kijelz\u0151 funkci\u00f3  Automatikus tiszt\u00edt\u00e1s  T\u0171zv\u00e9delmi fedezet  A k\u00e9sz\u00fcl\u00e9k vastags\u00e1ga 246 mm  Kivehet\u0151 r\u00e1cs  Heti id\u0151z\u00edt\u0151","og_url":"https:\/\/www.slovklima.sk\/hu\/produkt\/aux-cac-kazettas-egyseg-r32\/","og_site_name":"SLOVKLIMA DEIMOS group, s.r.o.","article_modified_time":"2024-11-29T19:22:44+00:00","og_image":[{"width":800,"height":1000,"url":"https:\/\/www.slovklima.sk\/wp-content\/uploads\/2024\/10\/aux-cac-kazetova-jednotka-r32.jpg","type":"image\/jpeg"}],"twitter_card":"summary_large_image","twitter_misc":{"Becs\u00fclt olvas\u00e1si id\u0151":"1 perc"},"schema":{"@context":"https:\/\/schema.org","@graph":[{"@type":"WebPage","@id":"https:\/\/www.slovklima.sk\/hu\/produkt\/aux-cac-kazettas-egyseg-r32\/","url":"https:\/\/www.slovklima.sk\/hu\/produkt\/aux-cac-kazettas-egyseg-r32\/","name":"AUX CAC Kazett\u00e1s egys\u00e9g R32 | SLOVKLIMA DEIMOS group, s.r.o.","isPartOf":{"@id":"https:\/\/www.slovklima.sk\/#website"},"primaryImageOfPage":{"@id":"https:\/\/www.slovklima.sk\/hu\/produkt\/aux-cac-kazettas-egyseg-r32\/#primaryimage"},"image":{"@id":"https:\/\/www.slovklima.sk\/hu\/produkt\/aux-cac-kazettas-egyseg-r32\/#primaryimage"},"thumbnailUrl":"https:\/\/www.slovklima.sk\/wp-content\/uploads\/2024\/10\/aux-cac-kazetova-jednotka-r32.jpg","datePublished":"2024-10-30T08:44:11+00:00","dateModified":"2024-11-29T19:22:44+00:00","breadcrumb":{"@id":"https:\/\/www.slovklima.sk\/hu\/produkt\/aux-cac-kazettas-egyseg-r32\/#breadcrumb"},"inLanguage":"hu","potentialAction":[{"@type":"ReadAction","target":["https:\/\/www.slovklima.sk\/hu\/produkt\/aux-cac-kazettas-egyseg-r32\/"]}]},{"@type":"ImageObject","inLanguage":"hu","@id":"https:\/\/www.slovklima.sk\/hu\/produkt\/aux-cac-kazettas-egyseg-r32\/#primaryimage","url":"https:\/\/www.slovklima.sk\/wp-content\/uploads\/2024\/10\/aux-cac-kazetova-jednotka-r32.jpg","contentUrl":"https:\/\/www.slovklima.sk\/wp-content\/uploads\/2024\/10\/aux-cac-kazetova-jednotka-r32.jpg","width":800,"height":1000,"caption":"AUX CAC Kazett\u00e1s egys\u00e9g R32"},{"@type":"BreadcrumbList","@id":"https:\/\/www.slovklima.sk\/hu\/produkt\/aux-cac-kazettas-egyseg-r32\/#breadcrumb","itemListElement":[{"@type":"ListItem","position":1,"name":"Domovsk\u00e1 str\u00e1nka","item":"https:\/\/www.slovklima.sk\/hu\/"},{"@type":"ListItem","position":2,"name":"Term\u00e9kek","item":"https:\/\/www.slovklima.sk\/termekek\/"},{"@type":"ListItem","position":3,"name":"AUX CAC Kazett\u00e1s egys\u00e9g R32"}]},{"@type":"WebSite","@id":"https:\/\/www.slovklima.sk\/#website","url":"https:\/\/www.slovklima.sk\/","name":"SLOVKLIMA DEIMOS group, s.r.o.","description":"","publisher":{"@id":"https:\/\/www.slovklima.sk\/#organization"},"alternateName":"SLOVKLIMA","potentialAction":[{"@type":"SearchAction","target":{"@type":"EntryPoint","urlTemplate":"https:\/\/www.slovklima.sk\/?s={search_term_string}"},"query-input":{"@type":"PropertyValueSpecification","valueRequired":true,"valueName":"search_term_string"}}],"inLanguage":"hu"},{"@type":"Organization","@id":"https:\/\/www.slovklima.sk\/#organization","name":"SLOVKLIMA DEIMOS group, s.r.o.","alternateName":"SLOVKLIMA","url":"https:\/\/www.slovklima.sk\/","logo":{"@type":"ImageObject","inLanguage":"hu","@id":"https:\/\/www.slovklima.sk\/#\/schema\/logo\/image\/","url":"https:\/\/www.slovklima.sk\/wp-content\/uploads\/2022\/12\/slovklima-logo-black.svg","contentUrl":"https:\/\/www.slovklima.sk\/wp-content\/uploads\/2022\/12\/slovklima-logo-black.svg","width":3218,"height":698,"caption":"SLOVKLIMA DEIMOS group, s.r.o."},"image":{"@id":"https:\/\/www.slovklima.sk\/#\/schema\/logo\/image\/"}}]}},"_links":{"self":[{"href":"https:\/\/www.slovklima.sk\/hu\/wp-json\/wp\/v2\/product\/13061","targetHints":{"allow":["GET"]}}],"collection":[{"href":"https:\/\/www.slovklima.sk\/hu\/wp-json\/wp\/v2\/product"}],"about":[{"href":"https:\/\/www.slovklima.sk\/hu\/wp-json\/wp\/v2\/types\/product"}],"wp:featuredmedia":[{"embeddable":true,"href":"https:\/\/www.slovklima.sk\/hu\/wp-json\/wp\/v2\/media\/12751"}],"wp:attachment":[{"href":"https:\/\/www.slovklima.sk\/hu\/wp-json\/wp\/v2\/media?parent=13061"}],"wp:term":[{"taxonomy":"product_brand","embeddable":true,"href":"https:\/\/www.slovklima.sk\/hu\/wp-json\/wp\/v2\/product_brand?post=13061"},{"taxonomy":"product_cat","embeddable":true,"href":"https:\/\/www.slovklima.sk\/hu\/wp-json\/wp\/v2\/product_cat?post=13061"},{"taxonomy":"product_tag","embeddable":true,"href":"https:\/\/www.slovklima.sk\/hu\/wp-json\/wp\/v2\/product_tag?post=13061"}],"curies":[{"name":"wp","href":"https:\/\/api.w.org\/{rel}","templated":true}]}}