{"id":12947,"date":"2024-10-29T13:22:11","date_gmt":"2024-10-29T12:22:11","guid":{"rendered":"https:\/\/www.slovklima.sk\/produkt\/aux-c-smart-split-r32\/"},"modified":"2026-03-10T07:43:22","modified_gmt":"2026-03-10T06:43:22","slug":"aux-c-smart-osztott-r32","status":"publish","type":"product","link":"https:\/\/www.slovklima.sk\/hu\/produkt\/aux-c-smart-osztott-r32\/","title":{"rendered":"AUX C-SMART CA osztott R32"},"content":{"rendered":"<section class=\"wpb-content-wrapper\"><p>[vc_row][vc_column el_class=&#8221;table-style&#8221; woodmart_css_id=&#8221;6720d907cd814&#8243; parallax_scroll=&#8221;no&#8221; woodmart_sticky_column=&#8221;false&#8221; wd_collapsible_content_switcher=&#8221;no&#8221; wd_column_role_offcanvas_desktop=&#8221;no&#8221; wd_column_role_offcanvas_tablet=&#8221;no&#8221; wd_column_role_offcanvas_mobile=&#8221;no&#8221; wd_column_role_content_desktop=&#8221;no&#8221; wd_column_role_content_tablet=&#8221;no&#8221; wd_column_role_content_mobile=&#8221;no&#8221; mobile_bg_img_hidden=&#8221;no&#8221; tablet_bg_img_hidden=&#8221;no&#8221; woodmart_parallax=&#8221;0&#8243; woodmart_box_shadow=&#8221;no&#8221; responsive_spacing=&#8221;eyJwYXJhbV90eXBlIjoid29vZG1hcnRfcmVzcG9uc2l2ZV9zcGFjaW5nIiwic2VsZWN0b3JfaWQiOiI2NzIwZDkwN2NkODE0Iiwic2hvcnRjb2RlIjoidmNfY29sdW1uIiwiZGF0YSI6eyJ0YWJsZXQiOnt9LCJtb2JpbGUiOnt9fX0=&#8221; mobile_reset_margin=&#8221;no&#8221; tablet_reset_margin=&#8221;no&#8221; wd_z_index=&#8221;no&#8221;][vc_column_text woodmart_inline=&#8221;no&#8221; text_larger=&#8221;no&#8221;]<\/p>\n<table>\n<thead>\n<tr>\n<th>Model<em>belt\u00e9ri + k\u00fclt\u00e9ri egys\u00e9g<\/em><\/th>\n<th>Teljes\u00edtm\u00e9ny<em>kW<\/em><\/th>\n<th>Energiaoszt\u00e1ly &#8211; h\u0171t\u00e9s\/f\u0171t\u00e9s<\/th>\n<th>Szezon\u00e1lis hat\u00e9konys\u00e1g &#8211; SEER\/SCOP<em>W\/W<\/em><\/th>\n<th>M\u00e9retek<em>mm(belt\u00e9ri + k\u00fclt\u00e9ri egys\u00e9g)<\/em><\/th>\n<\/tr>\n<\/thead>\n<tbody>\n<tr>\n<td>ASW-H09B7A4\/CAR3DI-D0 + AS-H09B7A4\/CAR3DI-D0<\/td>\n<td>2,7 \/ 3,3<\/td>\n<td>A+++ \/ A++<\/td>\n<td>8,5 \/ 4,6<\/td>\n<td>774x202x299 \/ 709x536x280<\/td>\n<\/tr>\n<tr>\n<td>ASW-H12C5A4\/CAR3DI-D0 + AS-H12C5A4\/CAR3DI-D0<\/td>\n<td>3,5 \/ 4,2<\/td>\n<td>A+++ \/ A++<\/td>\n<td>8,5 \/ 4,6<\/td>\n<td>834x202x299 \/ 705x530x279<\/td>\n<\/tr>\n<tr>\n<td>ASW-H18E3A4\/CAR3DI-C7 + AS-H18E3A4\/CAR3DI-C7<\/td>\n<td>5,4 \/ 5,8<\/td>\n<td>A+++ \/ A++<\/td>\n<td>8,8 \/ 4,6<\/td>\n<td>1145x230x331 \/ 785x555x300<\/td>\n<\/tr>\n<tr>\n<td>ASW-H24F4A4\/CAR3DI-C8 + AS-H24F4A4\/CAR3DI-C8<\/td>\n<td>7,3 \/ 7,4<\/td>\n<td>A+++ \/ A++<\/td>\n<td>8,7 \/ 4,6<\/td>\n<td>1145x230x331 \/ 800x700x350<\/td>\n<\/tr>\n<\/tbody>\n<\/table>\n<p>[\/vc_column_text][\/vc_column][\/vc_row]<\/p>\n<\/section>","protected":false},"excerpt":{"rendered":"<p><strong>AUX C-SMART CA osztott R32<\/strong><\/p>\n<ul>\n<li>A+++\/A++ energiaoszt\u00e1ly<\/li>\n<li>Pr\u00e9mium belt\u00e9ri egys\u00e9g kialak\u00edt\u00e1sa<\/li>\n<li>3206 mikro-lyukak, amelyek kik\u00fcsz\u00f6b\u00f6lik a huzatot<\/li>\n<li>\u201e\u00c9rzem\u201d funkci\u00f3<\/li>\n<li>PM 2.5 sz\u0171r\u0151<\/li>\n<li>A belt\u00e9ri egys\u00e9g h\u0151cser\u00e9l\u0151j\u00e9nek aranyozott lamell\u00e1i<\/li>\n<\/ul>\n<div class=\"product-icons\">\n<img decoding=\"async\" src=\"\/wp-content\/uploads\/2024\/10\/icon-pohotovostny-rezim-1.jpg\" title=\"K\u00e9szenl\u00e9ti \u00fczemm\u00f3d\" alt=\"\" width=\"151\" height=\"151\" class=\"alignnone size-full wp-image-12599\"><img decoding=\"async\" src=\"\/wp-content\/uploads\/2024\/10\/icon-sterilizacia-57c-1.jpg\" alt=\"\" title=\"Steriliz\u00e1l\u00e1s 57\u02daC\" width=\"151\" height=\"151\" class=\"alignnone size-full wp-image-12602\"><img decoding=\"async\" src=\"\/wp-content\/uploads\/2024\/04\/icon-ifeel-300x300.jpg\" title=\"\u201e\u00c9rzem\u201d funkci\u00f3\" alt=\"\" width=\"300\" height=\"300\" class=\"alignnone size-medium wp-image-8959\" srcset=\"https:\/\/www.slovklima.sk\/wp-content\/uploads\/2024\/04\/icon-ifeel-300x300.jpg 300w, https:\/\/www.slovklima.sk\/wp-content\/uploads\/2024\/04\/icon-ifeel-150x150.jpg 150w, https:\/\/www.slovklima.sk\/wp-content\/uploads\/2024\/04\/icon-ifeel.jpg 328w\" sizes=\"(max-width: 300px) 100vw, 300px\" \/><img decoding=\"async\" src=\"\/wp-content\/uploads\/2024\/03\/tlacidlo-turbo.jpg\" title=\"\u201eTurbo\u201d funkci\u00f3\" alt=\"\" width=\"151\" height=\"151\" class=\"alignnone size-full wp-image-8425\"><img decoding=\"async\" src=\"\/wp-content\/uploads\/2024\/10\/icon-anti-cold-air.jpg\" alt=\"\" width=\"151\" height=\"151\" title=\"\u201eAnti-Cold air\u201d funkci\u00f3\" class=\"alignnone size-full wp-image-12645\"><img decoding=\"async\" src=\"\/wp-content\/uploads\/2024\/04\/icon-nocny-rezim-prevadzky.jpg\" title=\"\u00c9jszakai \u00fczemm\u00f3d\" alt=\"\" width=\"151\" height=\"151\" class=\"alignnone size-full wp-image-9010\"><img decoding=\"async\" src=\"\/wp-content\/uploads\/2024\/10\/icon-rezim-ventilatora.jpg\" title=\"Ventil\u00e1tor \u00fczemm\u00f3d\" alt=\"\" width=\"151\" height=\"151\" class=\"alignnone size-medium wp-image-12654\"><img decoding=\"async\" src=\"\/wp-content\/uploads\/2024\/10\/icon-rezim-vyhrievania.jpg\" title=\"F\u0171t\u00e9s \u00fczemm\u00f3d\" alt=\"\" width=\"151\" height=\"151\" class=\"alignnone size-medium wp-image-12657\"><img decoding=\"async\" src=\"\/wp-content\/uploads\/2024\/04\/icon-rychle-chlad-kuren-300x300.jpg\" title=\"Gyors h\u0171t\u00e9s \u00e9s f\u0171t\u00e9s\" alt=\"\" width=\"300\" height=\"300\" class=\"alignnone size-medium wp-image-8963\" srcset=\"https:\/\/www.slovklima.sk\/wp-content\/uploads\/2024\/04\/icon-rychle-chlad-kuren-300x300.jpg 300w, https:\/\/www.slovklima.sk\/wp-content\/uploads\/2024\/04\/icon-rychle-chlad-kuren-150x150.jpg 150w, https:\/\/www.slovklima.sk\/wp-content\/uploads\/2024\/04\/icon-rychle-chlad-kuren.jpg 328w\" sizes=\"(max-width: 300px) 100vw, 300px\" \/><img decoding=\"async\" src=\"\/wp-content\/uploads\/2024\/10\/icon-temperovanie-8c.jpg\" title=\"Temper\u00e1l\u00e1s 8\u00b0C\" alt=\"\" width=\"151\" height=\"151\" class=\"alignnone size-full wp-image-12636\"><img decoding=\"async\" src=\"\/wp-content\/uploads\/2024\/04\/icon-tichy-rezim-300x300.jpg\" title=\"Csendes m\u0171k\u00f6d\u00e9s\" alt=\"\" width=\"300\" height=\"300\" class=\"alignnone size-medium wp-image-8972\" srcset=\"https:\/\/www.slovklima.sk\/wp-content\/uploads\/2024\/04\/icon-tichy-rezim-300x300.jpg 300w, https:\/\/www.slovklima.sk\/wp-content\/uploads\/2024\/04\/icon-tichy-rezim-150x150.jpg 150w, https:\/\/www.slovklima.sk\/wp-content\/uploads\/2024\/04\/icon-tichy-rezim.jpg 328w\" sizes=\"(max-width: 300px) 100vw, 300px\" \/><img decoding=\"async\" src=\"\/wp-content\/uploads\/2024\/03\/wifi.jpg\" title=\"Be\u00e9p\u00edtett WiFi modul\" alt=\"\" width=\"151\" height=\"151\" class=\"alignnone size-full wp-image-8438\"><img decoding=\"async\" src=\"\/wp-content\/uploads\/2024\/04\/icon-autorestart-300x300.jpg\" alt=\"\" width=\"300\" height=\"300\" title=\"Automatikus \u00fajraind\u00edt\u00e1s\" class=\"alignnone size-medium wp-image-8952\" srcset=\"https:\/\/www.slovklima.sk\/wp-content\/uploads\/2024\/04\/icon-autorestart-300x300.jpg 300w, https:\/\/www.slovklima.sk\/wp-content\/uploads\/2024\/04\/icon-autorestart-150x150.jpg 150w, https:\/\/www.slovklima.sk\/wp-content\/uploads\/2024\/04\/icon-autorestart.jpg 328w\" sizes=\"(max-width: 300px) 100vw, 300px\" \/><img decoding=\"async\" src=\"\/wp-content\/uploads\/2024\/10\/icon-odolny-kryt-voci-korozii.jpg\" title=\"Korr\u00f3zi\u00f3\u00e1ll\u00f3 bor\u00edt\u00e1s\" alt=\"\" width=\"151\" height=\"151\" class=\"alignnone size-medium wp-image-12660\"><img decoding=\"async\" src=\"\/wp-content\/uploads\/2024\/10\/icon-pozlatene-rebra-vymennika-vnutornej-jednotky.jpg\" title=\"A belt\u00e9ri egys\u00e9g h\u0151cser\u00e9l\u0151j\u00e9nek aranyozott lamell\u00e1i\" alt=\"\" width=\"151\" height=\"151\" class=\"alignnone size-medium wp-image-12663\"><img decoding=\"async\" src=\"\/wp-content\/uploads\/2024\/10\/icon-pozlatene-rebra-vymennika-vonkajsej-jednotky.jpg\" alt=\"\" title=\"A k\u00fclt\u00e9ri egys\u00e9g h\u0151cser\u00e9l\u0151j\u00e9nek aranyozott lamell\u00e1i\" width=\"151\" height=\"151\" class=\"alignnone size-full wp-image-12633\"><img decoding=\"async\" src=\"\/wp-content\/uploads\/2024\/10\/icon-filter-pm2-5.jpg\" title=\"PM 2.5 sz\u0171r\u0151\" alt=\"\" width=\"151\" height=\"151\" class=\"alignnone size-medium wp-image-12666\"><img decoding=\"async\" src=\"\/wp-content\/uploads\/2024\/10\/icon-ochrana-proti-plesniam-1.jpg\" title=\"Pen\u00e9szv\u00e9delmi funkci\u00f3\" alt=\"\" width=\"151\" height=\"151\" class=\"alignnone size-full wp-image-12596\"><img decoding=\"async\" src=\"\/wp-content\/uploads\/2024\/04\/icon-samocistenie-300x300.jpg\" title=\"\u00d6ntiszt\u00edt\u00f3 funkci\u00f3\" alt=\"\" width=\"300\" height=\"300\" class=\"alignnone size-medium wp-image-8958\" srcset=\"https:\/\/www.slovklima.sk\/wp-content\/uploads\/2024\/04\/icon-samocistenie-300x300.jpg 300w, https:\/\/www.slovklima.sk\/wp-content\/uploads\/2024\/04\/icon-samocistenie-150x150.jpg 150w, https:\/\/www.slovklima.sk\/wp-content\/uploads\/2024\/04\/icon-samocistenie.jpg 328w\" sizes=\"(max-width: 300px) 100vw, 300px\" \/><img decoding=\"async\" src=\"\/wp-content\/uploads\/2024\/10\/icon-sterilizacia-uv-ziarenim.jpg\" alt=\"\" title=\"UV steriliz\u00e1l\u00e1s\" width=\"151\" height=\"147\" class=\"alignnone size-medium wp-image-12669\"><\/p>\n","protected":false},"featured_media":12674,"template":"","meta":[],"product_brand":[],"product_cat":[361,357,353,360],"product_tag":[],"class_list":{"0":"post-12947","1":"product","2":"type-product","3":"status-publish","4":"has-post-thumbnail","6":"product_cat-aux-hu","7":"product_cat-lakossagi-egysegek","8":"product_cat-legkondicionalas","9":"product_cat-single-split-hu","11":"first","12":"instock","13":"shipping-taxable","14":"product-type-simple"},"yoast_head":"<!-- This site is optimized with the Yoast SEO plugin v24.3 - https:\/\/yoast.com\/wordpress\/plugins\/seo\/ -->\n<title>AUX C-SMART CA osztott R32 | SLOVKLIMA DEIMOS group, s.r.o.<\/title>\n<meta name=\"robots\" content=\"index, follow, max-snippet:-1, max-image-preview:large, max-video-preview:-1\" \/>\n<link rel=\"canonical\" href=\"https:\/\/www.slovklima.sk\/hu\/produkt\/aux-c-smart-osztott-r32\/\" \/>\n<meta property=\"og:locale\" content=\"hu_HU\" \/>\n<meta property=\"og:type\" content=\"article\" \/>\n<meta property=\"og:title\" content=\"AUX C-SMART CA osztott R32 | SLOVKLIMA DEIMOS group, s.r.o.\" \/>\n<meta property=\"og:description\" content=\"AUX C-SMART CA osztott R32  A+++\/A++ energiaoszt\u00e1ly Pr\u00e9mium belt\u00e9ri egys\u00e9g kialak\u00edt\u00e1sa 3206 mikro-lyukak, amelyek kik\u00fcsz\u00f6b\u00f6lik a huzatot \u201e\u00c9rzem\u201d funkci\u00f3 PM 2.5 sz\u0171r\u0151 A belt\u00e9ri egys\u00e9g h\u0151cser\u00e9l\u0151j\u00e9nek aranyozott lamell\u00e1i\" \/>\n<meta property=\"og:url\" content=\"https:\/\/www.slovklima.sk\/hu\/produkt\/aux-c-smart-osztott-r32\/\" \/>\n<meta property=\"og:site_name\" content=\"SLOVKLIMA DEIMOS group, s.r.o.\" \/>\n<meta property=\"article:modified_time\" content=\"2026-03-10T06:43:22+00:00\" \/>\n<meta property=\"og:image\" content=\"https:\/\/www.slovklima.sk\/wp-content\/uploads\/2024\/10\/aux-c-smart-split-r32.jpg\" \/>\n\t<meta property=\"og:image:width\" content=\"800\" \/>\n\t<meta property=\"og:image:height\" content=\"1000\" \/>\n\t<meta property=\"og:image:type\" content=\"image\/jpeg\" \/>\n<meta name=\"twitter:card\" content=\"summary_large_image\" \/>\n<meta name=\"twitter:label1\" content=\"Becs\u00fclt olvas\u00e1si id\u0151\" \/>\n\t<meta name=\"twitter:data1\" content=\"1 perc\" \/>\n<script type=\"application\/ld+json\" class=\"yoast-schema-graph\">{\"@context\":\"https:\/\/schema.org\",\"@graph\":[{\"@type\":\"WebPage\",\"@id\":\"https:\/\/www.slovklima.sk\/hu\/produkt\/aux-c-smart-osztott-r32\/\",\"url\":\"https:\/\/www.slovklima.sk\/hu\/produkt\/aux-c-smart-osztott-r32\/\",\"name\":\"AUX C-SMART CA osztott R32 | SLOVKLIMA DEIMOS group, s.r.o.\",\"isPartOf\":{\"@id\":\"https:\/\/www.slovklima.sk\/#website\"},\"primaryImageOfPage\":{\"@id\":\"https:\/\/www.slovklima.sk\/hu\/produkt\/aux-c-smart-osztott-r32\/#primaryimage\"},\"image\":{\"@id\":\"https:\/\/www.slovklima.sk\/hu\/produkt\/aux-c-smart-osztott-r32\/#primaryimage\"},\"thumbnailUrl\":\"https:\/\/www.slovklima.sk\/wp-content\/uploads\/2024\/10\/aux-c-smart-split-r32.jpg\",\"datePublished\":\"2024-10-29T12:22:11+00:00\",\"dateModified\":\"2026-03-10T06:43:22+00:00\",\"breadcrumb\":{\"@id\":\"https:\/\/www.slovklima.sk\/hu\/produkt\/aux-c-smart-osztott-r32\/#breadcrumb\"},\"inLanguage\":\"hu\",\"potentialAction\":[{\"@type\":\"ReadAction\",\"target\":[\"https:\/\/www.slovklima.sk\/hu\/produkt\/aux-c-smart-osztott-r32\/\"]}]},{\"@type\":\"ImageObject\",\"inLanguage\":\"hu\",\"@id\":\"https:\/\/www.slovklima.sk\/hu\/produkt\/aux-c-smart-osztott-r32\/#primaryimage\",\"url\":\"https:\/\/www.slovklima.sk\/wp-content\/uploads\/2024\/10\/aux-c-smart-split-r32.jpg\",\"contentUrl\":\"https:\/\/www.slovklima.sk\/wp-content\/uploads\/2024\/10\/aux-c-smart-split-r32.jpg\",\"width\":800,\"height\":1000,\"caption\":\"AUX C-SMART split R32\"},{\"@type\":\"BreadcrumbList\",\"@id\":\"https:\/\/www.slovklima.sk\/hu\/produkt\/aux-c-smart-osztott-r32\/#breadcrumb\",\"itemListElement\":[{\"@type\":\"ListItem\",\"position\":1,\"name\":\"Domovsk\u00e1 str\u00e1nka\",\"item\":\"https:\/\/www.slovklima.sk\/hu\/\"},{\"@type\":\"ListItem\",\"position\":2,\"name\":\"Term\u00e9kek\",\"item\":\"https:\/\/www.slovklima.sk\/termekek\/\"},{\"@type\":\"ListItem\",\"position\":3,\"name\":\"AUX C-SMART CA osztott R32\"}]},{\"@type\":\"WebSite\",\"@id\":\"https:\/\/www.slovklima.sk\/#website\",\"url\":\"https:\/\/www.slovklima.sk\/\",\"name\":\"SLOVKLIMA DEIMOS group, s.r.o.\",\"description\":\"\",\"publisher\":{\"@id\":\"https:\/\/www.slovklima.sk\/#organization\"},\"alternateName\":\"SLOVKLIMA\",\"potentialAction\":[{\"@type\":\"SearchAction\",\"target\":{\"@type\":\"EntryPoint\",\"urlTemplate\":\"https:\/\/www.slovklima.sk\/?s={search_term_string}\"},\"query-input\":{\"@type\":\"PropertyValueSpecification\",\"valueRequired\":true,\"valueName\":\"search_term_string\"}}],\"inLanguage\":\"hu\"},{\"@type\":\"Organization\",\"@id\":\"https:\/\/www.slovklima.sk\/#organization\",\"name\":\"SLOVKLIMA DEIMOS group, s.r.o.\",\"alternateName\":\"SLOVKLIMA\",\"url\":\"https:\/\/www.slovklima.sk\/\",\"logo\":{\"@type\":\"ImageObject\",\"inLanguage\":\"hu\",\"@id\":\"https:\/\/www.slovklima.sk\/#\/schema\/logo\/image\/\",\"url\":\"https:\/\/www.slovklima.sk\/wp-content\/uploads\/2022\/12\/slovklima-logo-black.svg\",\"contentUrl\":\"https:\/\/www.slovklima.sk\/wp-content\/uploads\/2022\/12\/slovklima-logo-black.svg\",\"width\":3218,\"height\":698,\"caption\":\"SLOVKLIMA DEIMOS group, s.r.o.\"},\"image\":{\"@id\":\"https:\/\/www.slovklima.sk\/#\/schema\/logo\/image\/\"}}]}<\/script>\n<!-- \/ Yoast SEO plugin. -->","yoast_head_json":{"title":"AUX C-SMART CA osztott R32 | SLOVKLIMA DEIMOS group, s.r.o.","robots":{"index":"index","follow":"follow","max-snippet":"max-snippet:-1","max-image-preview":"max-image-preview:large","max-video-preview":"max-video-preview:-1"},"canonical":"https:\/\/www.slovklima.sk\/hu\/produkt\/aux-c-smart-osztott-r32\/","og_locale":"hu_HU","og_type":"article","og_title":"AUX C-SMART CA osztott R32 | SLOVKLIMA DEIMOS group, s.r.o.","og_description":"AUX C-SMART CA osztott R32  A+++\/A++ energiaoszt\u00e1ly Pr\u00e9mium belt\u00e9ri egys\u00e9g kialak\u00edt\u00e1sa 3206 mikro-lyukak, amelyek kik\u00fcsz\u00f6b\u00f6lik a huzatot \u201e\u00c9rzem\u201d funkci\u00f3 PM 2.5 sz\u0171r\u0151 A belt\u00e9ri egys\u00e9g h\u0151cser\u00e9l\u0151j\u00e9nek aranyozott lamell\u00e1i","og_url":"https:\/\/www.slovklima.sk\/hu\/produkt\/aux-c-smart-osztott-r32\/","og_site_name":"SLOVKLIMA DEIMOS group, s.r.o.","article_modified_time":"2026-03-10T06:43:22+00:00","og_image":[{"width":800,"height":1000,"url":"https:\/\/www.slovklima.sk\/wp-content\/uploads\/2024\/10\/aux-c-smart-split-r32.jpg","type":"image\/jpeg"}],"twitter_card":"summary_large_image","twitter_misc":{"Becs\u00fclt olvas\u00e1si id\u0151":"1 perc"},"schema":{"@context":"https:\/\/schema.org","@graph":[{"@type":"WebPage","@id":"https:\/\/www.slovklima.sk\/hu\/produkt\/aux-c-smart-osztott-r32\/","url":"https:\/\/www.slovklima.sk\/hu\/produkt\/aux-c-smart-osztott-r32\/","name":"AUX C-SMART CA osztott R32 | SLOVKLIMA DEIMOS group, s.r.o.","isPartOf":{"@id":"https:\/\/www.slovklima.sk\/#website"},"primaryImageOfPage":{"@id":"https:\/\/www.slovklima.sk\/hu\/produkt\/aux-c-smart-osztott-r32\/#primaryimage"},"image":{"@id":"https:\/\/www.slovklima.sk\/hu\/produkt\/aux-c-smart-osztott-r32\/#primaryimage"},"thumbnailUrl":"https:\/\/www.slovklima.sk\/wp-content\/uploads\/2024\/10\/aux-c-smart-split-r32.jpg","datePublished":"2024-10-29T12:22:11+00:00","dateModified":"2026-03-10T06:43:22+00:00","breadcrumb":{"@id":"https:\/\/www.slovklima.sk\/hu\/produkt\/aux-c-smart-osztott-r32\/#breadcrumb"},"inLanguage":"hu","potentialAction":[{"@type":"ReadAction","target":["https:\/\/www.slovklima.sk\/hu\/produkt\/aux-c-smart-osztott-r32\/"]}]},{"@type":"ImageObject","inLanguage":"hu","@id":"https:\/\/www.slovklima.sk\/hu\/produkt\/aux-c-smart-osztott-r32\/#primaryimage","url":"https:\/\/www.slovklima.sk\/wp-content\/uploads\/2024\/10\/aux-c-smart-split-r32.jpg","contentUrl":"https:\/\/www.slovklima.sk\/wp-content\/uploads\/2024\/10\/aux-c-smart-split-r32.jpg","width":800,"height":1000,"caption":"AUX C-SMART split R32"},{"@type":"BreadcrumbList","@id":"https:\/\/www.slovklima.sk\/hu\/produkt\/aux-c-smart-osztott-r32\/#breadcrumb","itemListElement":[{"@type":"ListItem","position":1,"name":"Domovsk\u00e1 str\u00e1nka","item":"https:\/\/www.slovklima.sk\/hu\/"},{"@type":"ListItem","position":2,"name":"Term\u00e9kek","item":"https:\/\/www.slovklima.sk\/termekek\/"},{"@type":"ListItem","position":3,"name":"AUX C-SMART CA osztott R32"}]},{"@type":"WebSite","@id":"https:\/\/www.slovklima.sk\/#website","url":"https:\/\/www.slovklima.sk\/","name":"SLOVKLIMA DEIMOS group, s.r.o.","description":"","publisher":{"@id":"https:\/\/www.slovklima.sk\/#organization"},"alternateName":"SLOVKLIMA","potentialAction":[{"@type":"SearchAction","target":{"@type":"EntryPoint","urlTemplate":"https:\/\/www.slovklima.sk\/?s={search_term_string}"},"query-input":{"@type":"PropertyValueSpecification","valueRequired":true,"valueName":"search_term_string"}}],"inLanguage":"hu"},{"@type":"Organization","@id":"https:\/\/www.slovklima.sk\/#organization","name":"SLOVKLIMA DEIMOS group, s.r.o.","alternateName":"SLOVKLIMA","url":"https:\/\/www.slovklima.sk\/","logo":{"@type":"ImageObject","inLanguage":"hu","@id":"https:\/\/www.slovklima.sk\/#\/schema\/logo\/image\/","url":"https:\/\/www.slovklima.sk\/wp-content\/uploads\/2022\/12\/slovklima-logo-black.svg","contentUrl":"https:\/\/www.slovklima.sk\/wp-content\/uploads\/2022\/12\/slovklima-logo-black.svg","width":3218,"height":698,"caption":"SLOVKLIMA DEIMOS group, s.r.o."},"image":{"@id":"https:\/\/www.slovklima.sk\/#\/schema\/logo\/image\/"}}]}},"_links":{"self":[{"href":"https:\/\/www.slovklima.sk\/hu\/wp-json\/wp\/v2\/product\/12947","targetHints":{"allow":["GET"]}}],"collection":[{"href":"https:\/\/www.slovklima.sk\/hu\/wp-json\/wp\/v2\/product"}],"about":[{"href":"https:\/\/www.slovklima.sk\/hu\/wp-json\/wp\/v2\/types\/product"}],"wp:featuredmedia":[{"embeddable":true,"href":"https:\/\/www.slovklima.sk\/hu\/wp-json\/wp\/v2\/media\/12674"}],"wp:attachment":[{"href":"https:\/\/www.slovklima.sk\/hu\/wp-json\/wp\/v2\/media?parent=12947"}],"wp:term":[{"taxonomy":"product_brand","embeddable":true,"href":"https:\/\/www.slovklima.sk\/hu\/wp-json\/wp\/v2\/product_brand?post=12947"},{"taxonomy":"product_cat","embeddable":true,"href":"https:\/\/www.slovklima.sk\/hu\/wp-json\/wp\/v2\/product_cat?post=12947"},{"taxonomy":"product_tag","embeddable":true,"href":"https:\/\/www.slovklima.sk\/hu\/wp-json\/wp\/v2\/product_tag?post=12947"}],"curies":[{"name":"wp","href":"https:\/\/api.w.org\/{rel}","templated":true}]}}