{"id":12945,"date":"2024-10-29T08:47:56","date_gmt":"2024-10-29T07:47:56","guid":{"rendered":"https:\/\/www.slovklima.sk\/produkt\/aux-q-smart-split-r32\/"},"modified":"2026-03-05T11:32:40","modified_gmt":"2026-03-05T10:32:40","slug":"aux-q-smart-osztott-r32","status":"publish","type":"product","link":"https:\/\/www.slovklima.sk\/hu\/produkt\/aux-q-smart-osztott-r32\/","title":{"rendered":"AUX Q-SMART osztott R32"},"content":{"rendered":"<section class=\"wpb-content-wrapper\"><p>[vc_row][vc_column el_class=&#8221;table-style&#8221; woodmart_css_id=&#8221;67209369dca3c&#8221; parallax_scroll=&#8221;no&#8221; woodmart_sticky_column=&#8221;false&#8221; wd_collapsible_content_switcher=&#8221;no&#8221; wd_column_role_offcanvas_desktop=&#8221;no&#8221; wd_column_role_offcanvas_tablet=&#8221;no&#8221; wd_column_role_offcanvas_mobile=&#8221;no&#8221; wd_column_role_content_desktop=&#8221;no&#8221; wd_column_role_content_tablet=&#8221;no&#8221; wd_column_role_content_mobile=&#8221;no&#8221; mobile_bg_img_hidden=&#8221;no&#8221; tablet_bg_img_hidden=&#8221;no&#8221; woodmart_parallax=&#8221;0&#8243; woodmart_box_shadow=&#8221;no&#8221; responsive_spacing=&#8221;eyJwYXJhbV90eXBlIjoid29vZG1hcnRfcmVzcG9uc2l2ZV9zcGFjaW5nIiwic2VsZWN0b3JfaWQiOiI2NzIwOTM2OWRjYTNjIiwic2hvcnRjb2RlIjoidmNfY29sdW1uIiwiZGF0YSI6eyJ0YWJsZXQiOnt9LCJtb2JpbGUiOnt9fX0=&#8221; mobile_reset_margin=&#8221;no&#8221; tablet_reset_margin=&#8221;no&#8221; wd_z_index=&#8221;no&#8221;][vc_column_text woodmart_inline=&#8221;no&#8221; text_larger=&#8221;no&#8221;]<\/p>\n<table>\n<thead>\n<tr>\n<th>Model<em>belt\u00e9ri + k\u00fclt\u00e9ri egys\u00e9g<\/em><\/th>\n<th>Teljes\u00edtm\u00e9ny<em>kW<\/em><\/th>\n<th>Energiaoszt\u00e1ly &#8211; h\u0171t\u00e9s\/f\u0171t\u00e9s<\/th>\n<th>Szezon\u00e1lis hat\u00e9konys\u00e1g &#8211; SEER\/SCOP<em>W\/W<\/em><\/th>\n<th>M\u00e9retek<em>mm(belt\u00e9ri + k\u00fclt\u00e9ri egys\u00e9g)<\/em><\/th>\n<\/tr>\n<\/thead>\n<tbody>\n<tr>\n<td>ASW-H09B6B4\/QCR3DI-C0 + AS-H09B6B4\/QCR3DI-C0<\/td>\n<td>2,6 \/ 2,6<\/td>\n<td>A++ \/ A+<\/td>\n<td>6,1 \/ 4,0<\/td>\n<td>708x192x281 \/ 650x455x278<\/td>\n<\/tr>\n<tr>\n<td>ASW-H12C5B4\/QCR3DI-C0 + AS-H12C5B4\/QCR3DI-C0<\/td>\n<td>3,5 \/ 3,8<\/td>\n<td>A++ \/ A+<\/td>\n<td>6,2 \/ 4,0<\/td>\n<td>761x200x295 \/ 705x530x279<\/td>\n<\/tr>\n<tr>\n<td>ASW-H18E3G4\/QCR3DI-C0 + AS-H18E3G4\/QCR3DI-C0<\/td>\n<td>5,1 \/ 5,2<\/td>\n<td>A++ \/ A+<\/td>\n<td>6,8 \/ 4,0<\/td>\n<td>960x222x315 \/ 709x537x281<\/td>\n<\/tr>\n<tr>\n<td>ASW-H24F7C4\/QCR3DI-B9 + AS-H24F7C4\/QCR3DI-B9<\/td>\n<td>7,2 \/ 7,2<\/td>\n<td>A++ \/ A+<\/td>\n<td>6,1 \/ 4,0<\/td>\n<td>1089x227x328 \/ 825x655x335<\/td>\n<\/tr>\n<\/tbody>\n<\/table>\n<p> [\/vc_column_text][\/vc_column][\/vc_row]<\/p>\n<\/section>","protected":false},"excerpt":{"rendered":"<p><strong>MIN\u0150S\u00c9GET ELFOGADHAT\u00d3 \u00c1RON<\/strong><br \/>\nA Q-SMART fejlett technol\u00f3gi\u00e1val rendelkezik, magas min\u0151s\u00e9ggel \u00e9s eszt\u00e9tikus kialak\u00edt\u00e1ssal kombin\u00e1lva. Kiv\u00e1l\u00f3, a legapr\u00f3bb r\u00e9szletekig kifinomult formatervez\u00e9s jellemzi, amelyet a leg\u00fajabb lakberendez\u00e9si trendek szellem\u00e9ben terveztek, t\u00f6k\u00e9letesen illeszkedik az eleg\u00e1ns bels\u0151 terekbe, \u00e9s finoman kiemeli azok st\u00edlus\u00e1t. <\/p>\n<ul>\n<li>A++\/A+ energiaoszt\u00e1ly<\/li>\n<li>UV steriliz\u00e1l\u00e1s<\/li>\n<li>4D leveg\u0151ell\u00e1t\u00e1s<\/li>\n<li>Antibakteri\u00e1lis sz\u0171r\u0151<\/li>\n<li>Be\u00e9p\u00edtett WI-FI modul<\/li>\n<\/ul>\n<div class=\"product-icons\">\n<img decoding=\"async\" src=\"\/wp-content\/uploads\/2024\/10\/icon-pohotovostny-rezim-1.jpg\" title=\"K\u00e9szenl\u00e9ti \u00fczemm\u00f3d\" alt=\"\" width=\"151\" height=\"151\" class=\"alignnone size-full wp-image-12599\"><img decoding=\"async\" src=\"\/wp-content\/uploads\/2024\/10\/icon-sterilizacia-57c-1.jpg\" title=\"Steriliz\u00e1l\u00e1s 57\u02daC\" alt=\"\" width=\"151\" height=\"151\" class=\"alignnone size-full wp-image-12602\"><img decoding=\"async\" src=\"\/wp-content\/uploads\/2024\/04\/icon-ifeel-300x300.jpg\" title=\"\u201e\u00c9rzem\u201d funkci\u00f3\" alt=\"\" width=\"300\" height=\"300\" class=\"alignnone size-medium wp-image-8959\" srcset=\"https:\/\/www.slovklima.sk\/wp-content\/uploads\/2024\/04\/icon-ifeel-300x300.jpg 300w, https:\/\/www.slovklima.sk\/wp-content\/uploads\/2024\/04\/icon-ifeel-150x150.jpg 150w, https:\/\/www.slovklima.sk\/wp-content\/uploads\/2024\/04\/icon-ifeel.jpg 328w\" sizes=\"(max-width: 300px) 100vw, 300px\" \/><img decoding=\"async\" src=\"\/wp-content\/uploads\/2024\/03\/tlacidlo-turbo.jpg\" alt=\"\" width=\"151\" height=\"151\" title=\"\u201eTurbo\u201d funkci\u00f3\" class=\"alignnone size-full wp-image-8425\"><img decoding=\"async\" src=\"\/wp-content\/uploads\/2024\/04\/icon-rychle-chlad-kuren-300x300.jpg\" title=\"Gyors h\u0171t\u00e9s \u00e9s f\u0171t\u00e9s\" alt=\"\" width=\"300\" height=\"300\" class=\"alignnone size-medium wp-image-8963\" srcset=\"https:\/\/www.slovklima.sk\/wp-content\/uploads\/2024\/04\/icon-rychle-chlad-kuren-300x300.jpg 300w, https:\/\/www.slovklima.sk\/wp-content\/uploads\/2024\/04\/icon-rychle-chlad-kuren-150x150.jpg 150w, https:\/\/www.slovklima.sk\/wp-content\/uploads\/2024\/04\/icon-rychle-chlad-kuren.jpg 328w\" sizes=\"(max-width: 300px) 100vw, 300px\" \/><img decoding=\"async\" src=\"\/wp-content\/uploads\/2024\/10\/icon-vertikalny-pohyb-lamiel-1.jpg\" title=\"A lap\u00e1tok f\u00fcgg\u0151leges mozg\u00e1sa\" alt=\"\" width=\"151\" height=\"151\" class=\"alignnone size-full wp-image-12590\"><img decoding=\"async\" src=\"\/wp-content\/uploads\/2024\/04\/icon-wifi-ovladanie-300x300.jpg\" title=\"Vezet\u00e9k n\u00e9lk\u00fcli vez\u00e9rl\u0151\" alt=\"\" width=\"300\" height=\"300\" class=\"alignnone size-medium wp-image-8947\" srcset=\"https:\/\/www.slovklima.sk\/wp-content\/uploads\/2024\/04\/icon-wifi-ovladanie-300x300.jpg 300w, https:\/\/www.slovklima.sk\/wp-content\/uploads\/2024\/04\/icon-wifi-ovladanie-150x150.jpg 150w, https:\/\/www.slovklima.sk\/wp-content\/uploads\/2024\/04\/icon-wifi-ovladanie.jpg 328w\" sizes=\"(max-width: 300px) 100vw, 300px\" \/><img decoding=\"async\" src=\"\/wp-content\/uploads\/2024\/03\/spinacie-hodiny.jpg\" title=\"Id\u0151kapcsol\u00f3\" alt=\"\" width=\"151\" height=\"151\" class=\"alignnone size-full wp-image-8434\"><img decoding=\"async\" src=\"\/wp-content\/uploads\/2023\/09\/icon-led-displej.jpg\" alt=\"\" width=\"151\" height=\"151\" title=\"LED kijelz\u0151\" class=\"alignnone size-full wp-image-8996\"><img decoding=\"async\" src=\"\/wp-content\/uploads\/2024\/03\/wifi.jpg\" title=\"Be\u00e9p\u00edtett WiFi modul\" alt=\"\" width=\"151\" height=\"151\" class=\"alignnone size-full wp-image-8438\"><img decoding=\"async\" src=\"\/wp-content\/uploads\/2024\/03\/inteligentne-odmrazovanie.jpg\" title=\"Intelligens leolvaszt\u00e1s\" alt=\"intelligens leolvaszt\u00e1s\" width=\"151\" height=\"151\" class=\"alignnone size-full wp-image-8428\"><img decoding=\"async\" src=\"\/wp-content\/uploads\/2024\/10\/icon-antibakterialny-filter-1.jpg\" title=\"Antibakteri\u00e1lis sz\u0171r\u0151\" alt=\"\" width=\"151\" height=\"151\" class=\"alignnone size-full wp-image-12593\"><img decoding=\"async\" src=\"\/wp-content\/uploads\/2024\/10\/icon-ochrana-proti-plesniam-1.jpg\" title=\"Pen\u00e9szv\u00e9delmi funkci\u00f3\" alt=\"\" width=\"151\" height=\"151\" class=\"alignnone size-full wp-image-12596\"><\/div>\n","protected":false},"featured_media":12573,"template":"","meta":[],"product_brand":[],"product_cat":[361,357,353,360],"product_tag":[],"class_list":{"0":"post-12945","1":"product","2":"type-product","3":"status-publish","4":"has-post-thumbnail","6":"product_cat-aux-hu","7":"product_cat-lakossagi-egysegek","8":"product_cat-legkondicionalas","9":"product_cat-single-split-hu","11":"first","12":"instock","13":"shipping-taxable","14":"product-type-simple"},"yoast_head":"<!-- This site is optimized with the Yoast SEO plugin v24.3 - https:\/\/yoast.com\/wordpress\/plugins\/seo\/ -->\n<title>AUX Q-SMART osztott R32 | SLOVKLIMA DEIMOS group, s.r.o.<\/title>\n<meta name=\"robots\" content=\"index, follow, max-snippet:-1, max-image-preview:large, max-video-preview:-1\" \/>\n<link rel=\"canonical\" href=\"https:\/\/www.slovklima.sk\/hu\/produkt\/aux-q-smart-osztott-r32\/\" \/>\n<meta property=\"og:locale\" content=\"hu_HU\" \/>\n<meta property=\"og:type\" content=\"article\" \/>\n<meta property=\"og:title\" content=\"AUX Q-SMART osztott R32 | SLOVKLIMA DEIMOS group, s.r.o.\" \/>\n<meta property=\"og:description\" content=\"MIN\u0150S\u00c9GET ELFOGADHAT\u00d3 \u00c1RON A Q-SMART fejlett technol\u00f3gi\u00e1val rendelkezik, magas min\u0151s\u00e9ggel \u00e9s eszt\u00e9tikus kialak\u00edt\u00e1ssal kombin\u00e1lva. Kiv\u00e1l\u00f3, a legapr\u00f3bb r\u00e9szletekig kifinomult formatervez\u00e9s jellemzi, amelyet a leg\u00fajabb lakberendez\u00e9si trendek szellem\u00e9ben terveztek, t\u00f6k\u00e9letesen illeszkedik az eleg\u00e1ns bels\u0151 terekbe, \u00e9s finoman kiemeli azok st\u00edlus\u00e1t.    A++\/A+ energiaoszt\u00e1ly UV steriliz\u00e1l\u00e1s 4D leveg\u0151ell\u00e1t\u00e1s Antibakteri\u00e1lis sz\u0171r\u0151 Be\u00e9p\u00edtett WI-FI modul\" \/>\n<meta property=\"og:url\" content=\"https:\/\/www.slovklima.sk\/hu\/produkt\/aux-q-smart-osztott-r32\/\" \/>\n<meta property=\"og:site_name\" content=\"SLOVKLIMA DEIMOS group, s.r.o.\" \/>\n<meta property=\"article:modified_time\" content=\"2026-03-05T10:32:40+00:00\" \/>\n<meta property=\"og:image\" content=\"https:\/\/www.slovklima.sk\/wp-content\/uploads\/2024\/10\/aux-q-smart-split-r32.jpg\" \/>\n\t<meta property=\"og:image:width\" content=\"800\" \/>\n\t<meta property=\"og:image:height\" content=\"1000\" \/>\n\t<meta property=\"og:image:type\" content=\"image\/jpeg\" \/>\n<meta name=\"twitter:card\" content=\"summary_large_image\" \/>\n<meta name=\"twitter:label1\" content=\"Becs\u00fclt olvas\u00e1si id\u0151\" \/>\n\t<meta name=\"twitter:data1\" content=\"1 perc\" \/>\n<script type=\"application\/ld+json\" class=\"yoast-schema-graph\">{\"@context\":\"https:\/\/schema.org\",\"@graph\":[{\"@type\":\"WebPage\",\"@id\":\"https:\/\/www.slovklima.sk\/hu\/produkt\/aux-q-smart-osztott-r32\/\",\"url\":\"https:\/\/www.slovklima.sk\/hu\/produkt\/aux-q-smart-osztott-r32\/\",\"name\":\"AUX Q-SMART osztott R32 | SLOVKLIMA DEIMOS group, s.r.o.\",\"isPartOf\":{\"@id\":\"https:\/\/www.slovklima.sk\/#website\"},\"primaryImageOfPage\":{\"@id\":\"https:\/\/www.slovklima.sk\/hu\/produkt\/aux-q-smart-osztott-r32\/#primaryimage\"},\"image\":{\"@id\":\"https:\/\/www.slovklima.sk\/hu\/produkt\/aux-q-smart-osztott-r32\/#primaryimage\"},\"thumbnailUrl\":\"https:\/\/www.slovklima.sk\/wp-content\/uploads\/2024\/10\/aux-q-smart-split-r32.jpg\",\"datePublished\":\"2024-10-29T07:47:56+00:00\",\"dateModified\":\"2026-03-05T10:32:40+00:00\",\"breadcrumb\":{\"@id\":\"https:\/\/www.slovklima.sk\/hu\/produkt\/aux-q-smart-osztott-r32\/#breadcrumb\"},\"inLanguage\":\"hu\",\"potentialAction\":[{\"@type\":\"ReadAction\",\"target\":[\"https:\/\/www.slovklima.sk\/hu\/produkt\/aux-q-smart-osztott-r32\/\"]}]},{\"@type\":\"ImageObject\",\"inLanguage\":\"hu\",\"@id\":\"https:\/\/www.slovklima.sk\/hu\/produkt\/aux-q-smart-osztott-r32\/#primaryimage\",\"url\":\"https:\/\/www.slovklima.sk\/wp-content\/uploads\/2024\/10\/aux-q-smart-split-r32.jpg\",\"contentUrl\":\"https:\/\/www.slovklima.sk\/wp-content\/uploads\/2024\/10\/aux-q-smart-split-r32.jpg\",\"width\":800,\"height\":1000,\"caption\":\"AUX Q-SMART split R32\"},{\"@type\":\"BreadcrumbList\",\"@id\":\"https:\/\/www.slovklima.sk\/hu\/produkt\/aux-q-smart-osztott-r32\/#breadcrumb\",\"itemListElement\":[{\"@type\":\"ListItem\",\"position\":1,\"name\":\"Domovsk\u00e1 str\u00e1nka\",\"item\":\"https:\/\/www.slovklima.sk\/hu\/\"},{\"@type\":\"ListItem\",\"position\":2,\"name\":\"Term\u00e9kek\",\"item\":\"https:\/\/www.slovklima.sk\/termekek\/\"},{\"@type\":\"ListItem\",\"position\":3,\"name\":\"AUX Q-SMART osztott R32\"}]},{\"@type\":\"WebSite\",\"@id\":\"https:\/\/www.slovklima.sk\/#website\",\"url\":\"https:\/\/www.slovklima.sk\/\",\"name\":\"SLOVKLIMA DEIMOS group, s.r.o.\",\"description\":\"\",\"publisher\":{\"@id\":\"https:\/\/www.slovklima.sk\/#organization\"},\"alternateName\":\"SLOVKLIMA\",\"potentialAction\":[{\"@type\":\"SearchAction\",\"target\":{\"@type\":\"EntryPoint\",\"urlTemplate\":\"https:\/\/www.slovklima.sk\/?s={search_term_string}\"},\"query-input\":{\"@type\":\"PropertyValueSpecification\",\"valueRequired\":true,\"valueName\":\"search_term_string\"}}],\"inLanguage\":\"hu\"},{\"@type\":\"Organization\",\"@id\":\"https:\/\/www.slovklima.sk\/#organization\",\"name\":\"SLOVKLIMA DEIMOS group, s.r.o.\",\"alternateName\":\"SLOVKLIMA\",\"url\":\"https:\/\/www.slovklima.sk\/\",\"logo\":{\"@type\":\"ImageObject\",\"inLanguage\":\"hu\",\"@id\":\"https:\/\/www.slovklima.sk\/#\/schema\/logo\/image\/\",\"url\":\"https:\/\/www.slovklima.sk\/wp-content\/uploads\/2022\/12\/slovklima-logo-black.svg\",\"contentUrl\":\"https:\/\/www.slovklima.sk\/wp-content\/uploads\/2022\/12\/slovklima-logo-black.svg\",\"width\":3218,\"height\":698,\"caption\":\"SLOVKLIMA DEIMOS group, s.r.o.\"},\"image\":{\"@id\":\"https:\/\/www.slovklima.sk\/#\/schema\/logo\/image\/\"}}]}<\/script>\n<!-- \/ Yoast SEO plugin. -->","yoast_head_json":{"title":"AUX Q-SMART osztott R32 | SLOVKLIMA DEIMOS group, s.r.o.","robots":{"index":"index","follow":"follow","max-snippet":"max-snippet:-1","max-image-preview":"max-image-preview:large","max-video-preview":"max-video-preview:-1"},"canonical":"https:\/\/www.slovklima.sk\/hu\/produkt\/aux-q-smart-osztott-r32\/","og_locale":"hu_HU","og_type":"article","og_title":"AUX Q-SMART osztott R32 | SLOVKLIMA DEIMOS group, s.r.o.","og_description":"MIN\u0150S\u00c9GET ELFOGADHAT\u00d3 \u00c1RON A Q-SMART fejlett technol\u00f3gi\u00e1val rendelkezik, magas min\u0151s\u00e9ggel \u00e9s eszt\u00e9tikus kialak\u00edt\u00e1ssal kombin\u00e1lva. Kiv\u00e1l\u00f3, a legapr\u00f3bb r\u00e9szletekig kifinomult formatervez\u00e9s jellemzi, amelyet a leg\u00fajabb lakberendez\u00e9si trendek szellem\u00e9ben terveztek, t\u00f6k\u00e9letesen illeszkedik az eleg\u00e1ns bels\u0151 terekbe, \u00e9s finoman kiemeli azok st\u00edlus\u00e1t.    A++\/A+ energiaoszt\u00e1ly UV steriliz\u00e1l\u00e1s 4D leveg\u0151ell\u00e1t\u00e1s Antibakteri\u00e1lis sz\u0171r\u0151 Be\u00e9p\u00edtett WI-FI modul","og_url":"https:\/\/www.slovklima.sk\/hu\/produkt\/aux-q-smart-osztott-r32\/","og_site_name":"SLOVKLIMA DEIMOS group, s.r.o.","article_modified_time":"2026-03-05T10:32:40+00:00","og_image":[{"width":800,"height":1000,"url":"https:\/\/www.slovklima.sk\/wp-content\/uploads\/2024\/10\/aux-q-smart-split-r32.jpg","type":"image\/jpeg"}],"twitter_card":"summary_large_image","twitter_misc":{"Becs\u00fclt olvas\u00e1si id\u0151":"1 perc"},"schema":{"@context":"https:\/\/schema.org","@graph":[{"@type":"WebPage","@id":"https:\/\/www.slovklima.sk\/hu\/produkt\/aux-q-smart-osztott-r32\/","url":"https:\/\/www.slovklima.sk\/hu\/produkt\/aux-q-smart-osztott-r32\/","name":"AUX Q-SMART osztott R32 | SLOVKLIMA DEIMOS group, s.r.o.","isPartOf":{"@id":"https:\/\/www.slovklima.sk\/#website"},"primaryImageOfPage":{"@id":"https:\/\/www.slovklima.sk\/hu\/produkt\/aux-q-smart-osztott-r32\/#primaryimage"},"image":{"@id":"https:\/\/www.slovklima.sk\/hu\/produkt\/aux-q-smart-osztott-r32\/#primaryimage"},"thumbnailUrl":"https:\/\/www.slovklima.sk\/wp-content\/uploads\/2024\/10\/aux-q-smart-split-r32.jpg","datePublished":"2024-10-29T07:47:56+00:00","dateModified":"2026-03-05T10:32:40+00:00","breadcrumb":{"@id":"https:\/\/www.slovklima.sk\/hu\/produkt\/aux-q-smart-osztott-r32\/#breadcrumb"},"inLanguage":"hu","potentialAction":[{"@type":"ReadAction","target":["https:\/\/www.slovklima.sk\/hu\/produkt\/aux-q-smart-osztott-r32\/"]}]},{"@type":"ImageObject","inLanguage":"hu","@id":"https:\/\/www.slovklima.sk\/hu\/produkt\/aux-q-smart-osztott-r32\/#primaryimage","url":"https:\/\/www.slovklima.sk\/wp-content\/uploads\/2024\/10\/aux-q-smart-split-r32.jpg","contentUrl":"https:\/\/www.slovklima.sk\/wp-content\/uploads\/2024\/10\/aux-q-smart-split-r32.jpg","width":800,"height":1000,"caption":"AUX Q-SMART split R32"},{"@type":"BreadcrumbList","@id":"https:\/\/www.slovklima.sk\/hu\/produkt\/aux-q-smart-osztott-r32\/#breadcrumb","itemListElement":[{"@type":"ListItem","position":1,"name":"Domovsk\u00e1 str\u00e1nka","item":"https:\/\/www.slovklima.sk\/hu\/"},{"@type":"ListItem","position":2,"name":"Term\u00e9kek","item":"https:\/\/www.slovklima.sk\/termekek\/"},{"@type":"ListItem","position":3,"name":"AUX Q-SMART osztott R32"}]},{"@type":"WebSite","@id":"https:\/\/www.slovklima.sk\/#website","url":"https:\/\/www.slovklima.sk\/","name":"SLOVKLIMA DEIMOS group, s.r.o.","description":"","publisher":{"@id":"https:\/\/www.slovklima.sk\/#organization"},"alternateName":"SLOVKLIMA","potentialAction":[{"@type":"SearchAction","target":{"@type":"EntryPoint","urlTemplate":"https:\/\/www.slovklima.sk\/?s={search_term_string}"},"query-input":{"@type":"PropertyValueSpecification","valueRequired":true,"valueName":"search_term_string"}}],"inLanguage":"hu"},{"@type":"Organization","@id":"https:\/\/www.slovklima.sk\/#organization","name":"SLOVKLIMA DEIMOS group, s.r.o.","alternateName":"SLOVKLIMA","url":"https:\/\/www.slovklima.sk\/","logo":{"@type":"ImageObject","inLanguage":"hu","@id":"https:\/\/www.slovklima.sk\/#\/schema\/logo\/image\/","url":"https:\/\/www.slovklima.sk\/wp-content\/uploads\/2022\/12\/slovklima-logo-black.svg","contentUrl":"https:\/\/www.slovklima.sk\/wp-content\/uploads\/2022\/12\/slovklima-logo-black.svg","width":3218,"height":698,"caption":"SLOVKLIMA DEIMOS group, s.r.o."},"image":{"@id":"https:\/\/www.slovklima.sk\/#\/schema\/logo\/image\/"}}]}},"_links":{"self":[{"href":"https:\/\/www.slovklima.sk\/hu\/wp-json\/wp\/v2\/product\/12945","targetHints":{"allow":["GET"]}}],"collection":[{"href":"https:\/\/www.slovklima.sk\/hu\/wp-json\/wp\/v2\/product"}],"about":[{"href":"https:\/\/www.slovklima.sk\/hu\/wp-json\/wp\/v2\/types\/product"}],"wp:featuredmedia":[{"embeddable":true,"href":"https:\/\/www.slovklima.sk\/hu\/wp-json\/wp\/v2\/media\/12573"}],"wp:attachment":[{"href":"https:\/\/www.slovklima.sk\/hu\/wp-json\/wp\/v2\/media?parent=12945"}],"wp:term":[{"taxonomy":"product_brand","embeddable":true,"href":"https:\/\/www.slovklima.sk\/hu\/wp-json\/wp\/v2\/product_brand?post=12945"},{"taxonomy":"product_cat","embeddable":true,"href":"https:\/\/www.slovklima.sk\/hu\/wp-json\/wp\/v2\/product_cat?post=12945"},{"taxonomy":"product_tag","embeddable":true,"href":"https:\/\/www.slovklima.sk\/hu\/wp-json\/wp\/v2\/product_tag?post=12945"}],"curies":[{"name":"wp","href":"https:\/\/api.w.org\/{rel}","templated":true}]}}