{"id":12931,"date":"2024-11-01T20:39:16","date_gmt":"2024-11-01T19:39:16","guid":{"rendered":"https:\/\/www.slovklima.sk\/produkt\/aux-fali-egyseg-szabadon-valaszthato-r32\/"},"modified":"2026-03-05T11:03:28","modified_gmt":"2026-03-05T10:03:28","slug":"aux-oldalfali-egyseg-free-match-r32","status":"publish","type":"product","link":"https:\/\/www.slovklima.sk\/hu\/produkt\/aux-oldalfali-egyseg-free-match-r32\/","title":{"rendered":"AUX Oldalfali egys\u00e9g free match R32"},"content":{"rendered":"<section class=\"wpb-content-wrapper\"><p>[vc_row][vc_column el_class=&#8221;table-style&#8221; woodmart_css_id=&#8221;67252f6d0fbea&#8221; parallax_scroll=&#8221;no&#8221; woodmart_sticky_column=&#8221;false&#8221; wd_collapsible_content_switcher=&#8221;no&#8221; wd_column_role_offcanvas_desktop=&#8221;no&#8221; wd_column_role_offcanvas_tablet=&#8221;no&#8221; wd_column_role_offcanvas_mobile=&#8221;no&#8221; wd_column_role_content_desktop=&#8221;no&#8221; wd_column_role_content_tablet=&#8221;no&#8221; wd_column_role_content_mobile=&#8221;no&#8221; mobile_bg_img_hidden=&#8221;no&#8221; tablet_bg_img_hidden=&#8221;no&#8221; woodmart_parallax=&#8221;0&#8243; woodmart_box_shadow=&#8221;no&#8221; responsive_spacing=&#8221;eyJwYXJhbV90eXBlIjoid29vZG1hcnRfcmVzcG9uc2l2ZV9zcGFjaW5nIiwic2VsZWN0b3JfaWQiOiI2NzI1MmY2ZDBmYmVhIiwic2hvcnRjb2RlIjoidmNfY29sdW1uIiwiZGF0YSI6eyJ0YWJsZXQiOnt9LCJtb2JpbGUiOnt9fX0=&#8221; mobile_reset_margin=&#8221;no&#8221; tablet_reset_margin=&#8221;no&#8221; wd_z_index=&#8221;no&#8221;][vc_column_text woodmart_inline=&#8221;no&#8221; text_larger=&#8221;no&#8221;]<\/p>\n<table>\n<thead>\n<tr>\n<th>Modell<em>Q-SMARTAjt\u00f3egys\u00e9g<\/em><\/th>\n<th><em>Teljes\u00edtm\u00e9nykW<\/em><\/th>\n<th><em>WxHxDmm<\/em><\/th>\n<\/tr>\n<\/thead>\n<tbody>\n<tr>\n<td>AMWM-H07\/4R3B(Q*)<\/td>\n<td>2,05 \/ 2,15<\/td>\n<td>708x282x193<\/td>\n<\/tr>\n<tr>\n<td>AMWM-H09\/4R3B(Q*)<\/td>\n<td>2,60 \/ 2,93<\/td>\n<td>708x282x193<\/td>\n<\/tr>\n<tr>\n<td>AMWM-H12\/4R3B(Q*)<\/td>\n<td>3,52 \/ 3,80<\/td>\n<td>762x295x200<\/td>\n<\/tr>\n<tr>\n<td>AMWM-H18\/4R3A(Q*)<\/td>\n<td>5,28 \/ 5,37<\/td>\n<td>960x316x222<\/td>\n<\/tr>\n<tr>\n<td>AMWM-H24\/4R3A(Q*)<\/td>\n<td>6,90 \/ 7,05<\/td>\n<td>1089x328x227<\/td>\n<\/tr>\n<\/tbody>\n<\/table>\n<p>[\/vc_column_text][vc_column_text woodmart_inline=&#8221;no&#8221; text_larger=&#8221;no&#8221;]<\/p>\n<table>\n<tbody>\n<tr>\n<th>J-SMART <em>modellAjt\u00f3egys\u00e9g<\/em><\/th>\n<th><em>Teljes\u00edtm\u00e9nykW<\/em><\/th>\n<th><em>WxHxDmm<\/em><\/th>\n<\/tr>\n<\/tbody>\n<tbody>\n<tr>\n<td>AMWM-H07\/4R3C(J*)<\/td>\n<td>2,05 \/ 2,35<\/td>\n<td>792x201x292<\/td>\n<\/tr>\n<tr>\n<td>AMWM-H09\/4R3C(J*)<\/td>\n<td>2,64 \/ 2,93<\/td>\n<td>792x201x292<\/td>\n<\/tr>\n<tr>\n<td>AMWM-H12\/4R3C(J*)<\/td>\n<td>3,52 \/ 3,81<\/td>\n<td>792x201x292<\/td>\n<\/tr>\n<tr>\n<td>AMWM-H18\/4R3C(J*)<\/td>\n<td>5,27 \/ 5,38<\/td>\n<td>940x224x316<\/td>\n<\/tr>\n<tr>\n<td>AMWM-H24\/4R3A(J*)<\/td>\n<td>6,90 \/ 7,05<\/td>\n<td>1132x232x330<\/td>\n<\/tr>\n<\/tbody>\n<\/table>\n<p>[\/vc_column_text][vc_column_text woodmart_inline=&#8221;no&#8221; text_larger=&#8221;no&#8221;]<\/p>\n<table>\n<thead>\n<tr>\n<th>C-SMART CA <em>modellAjt\u00f3egys\u00e9g<\/em><\/th>\n<th><em>Teljes\u00edtm\u00e9nykW<\/em><\/th>\n<th><em>WxHxDmm<\/em><\/th>\n<\/tr>\n<\/thead>\n<tbody>\n<tr>\n<td>AMWM-H07\/4R3A(C*)<\/td>\n<td>2,05 \/ 2,35<\/td>\n<td>774x298x202<\/td>\n<\/tr>\n<tr>\n<td>AMWM-H09\/4R3A(C*)<\/td>\n<td>2,64 \/ 2,93<\/td>\n<td>774x298x202<\/td>\n<\/tr>\n<tr>\n<td>AMWM-H12\/4R3A(C*)<\/td>\n<td>3,52 \/ 3,81<\/td>\n<td>774x298x202<\/td>\n<\/tr>\n<tr>\n<td>AMWM-H18\/4R3A(C*)<\/td>\n<td>5,27 \/ 5,38<\/td>\n<td>1002x318x223<\/td>\n<\/tr>\n<tr>\n<td>AMWM-H24\/4R3A(C*)<\/td>\n<td>6,90 \/ 7,05<\/td>\n<td>1145x332x230<\/td>\n<\/tr>\n<\/tbody>\n<\/table>\n<p>[\/vc_column_text][vc_column_text woodmart_inline=&#8221;no&#8221; text_larger=&#8221;no&#8221;]<\/p>\n<table>\n<thead>\n<tr>\n<th>Model <strong>C-SMART CCB FEKETE <\/strong> <em>vn\u00fatorn\u00e1 jednotka<\/em><\/th>\n<th><em>Teljes\u00edtm\u00e9nykW<\/em><\/th>\n<th><em>WxHxDmm<\/em><\/th>\n<\/tr>\n<\/thead>\n<tbody>\n<tr>\n<td>AMWM-H07\/4R3(CCB)<\/td>\n<td>2,05 \/ 2,35<\/td>\n<td>774 \u00d7 202 \u00d7 298<\/td>\n<\/tr>\n<tr>\n<td>AMWM-H09\/4R3(CCB)<\/td>\n<td>2,64 \/ 2,93<\/td>\n<td>774 \u00d7 202 \u00d7 298<\/td>\n<\/tr>\n<tr>\n<td>AMWM-H12\/4R3(CCB)<\/td>\n<td>3,52 \/ 3,81<\/td>\n<td>774 \u00d7 202 \u00d7 298<\/td>\n<\/tr>\n<tr>\n<td>AMWM-H18\/4R3(CCB)<\/td>\n<td>5,27 \/ 5,38<\/td>\n<td>1002 \u00d7 223 \u00d7 318<\/td>\n<\/tr>\n<\/tbody>\n<\/table>\n<p>[\/vc_column_text][\/vc_column][\/vc_row]<\/p>\n<\/section>","protected":false},"excerpt":{"rendered":"<p><strong>Q-SMART &#8211; MIN\u0150S\u00c9G MEGFELEL\u0150 \u00c1RON<\/strong><br \/>\nA Q-SMART fejlett technol\u00f3gi\u00e1t \u00f6tv\u00f6z magas min\u0151s\u00e9ggel \u00e9s eszt\u00e9tikus kialak\u00edt\u00e1ssal. A legapr\u00f3bb r\u00e9szletekig kifinomult, a leg\u00fajabb lakberendez\u00e9si trendek szellem\u00e9ben tervezett, kiemelked\u0151 formatervez\u00e9s jellemzi, amely t\u00f6k\u00e9letesen illeszkedik az eleg\u00e1ns bels\u0151 terekbe, \u00e9s finoman kiemeli azok st\u00edlus\u00e1t.<\/p>\n<p><strong>J-SMART &#8211; K\u00c9SZ\u00cdT\u00c9S PATENT\u00c1LT LAMELL\u00c1KKAL<\/strong><br \/>\nA k\u00e9sz\u00fcl\u00e9kek meger\u0151s\u00edtett, mechanikailag ellen\u00e1ll\u00f3 h\u00e1zzal rendelkeznek, levehet\u0151 als\u00f3 fed\u00e9llel, szabadalmaztatott halsz\u00e1lka alak\u00fa f\u00fcgg\u0151leges l\u00e9glamell\u00e1kkal \u00e9s k\u00e9tr\u00e9teg\u0171 v\u00edzszintes l\u00e9glamell\u00e1val, amely t\u00f6k\u00e9letesen igaz\u00edtja a l\u00e9g\u00e1raml\u00e1s ir\u00e1ny\u00e1t a k\u00e9sz\u00fcl\u00e9k m\u0171k\u00f6d\u00e9si m\u00f3dj\u00e1hoz. Az egyszer\u0171 form\u00e1j\u00fa \u00e9s matt fel\u00fclet\u0171 feh\u00e9r burkolat j\u00f3l illeszkedik a jelenlegi diz\u00e1jntrendekhez.<\/p>\n<p><strong>C-SMART CA &#8211; \u00c1LTAL\u00c1NOS D\u00cdSZ\u00cdT\u00c9S 3206 NY\u00cdL\u00c1SZ\u00c1RVAL<\/strong><br \/>\nA sorozatba tartoz\u00f3 l\u00e9gkondicion\u00e1l\u00f3k kiv\u00e1l\u00f3 gy\u00e1rt\u00e1si pontoss\u00e1g\u00e1nak \u00e9s eszt\u00e9tik\u00e1j\u00e1nak kombin\u00e1ci\u00f3ja, valamint eleg\u00e1ns formatervez\u00e9s\u00fck nemcsak a k\u00fcl\u00f6nb\u00f6z\u0151 bels\u0151 elrendez\u00e9sekhez val\u00f3 t\u00f6k\u00e9letes alkalmazkod\u00e1st garant\u00e1lja, hanem eleg\u00e1ns \u00e9s finom dekor\u00e1ci\u00f3s elemet is alkotnak.<\/p>\n<p><strong>C-SMART CCB FEKETE \u2013 ST\u00cdLUSOS WIND FREE<\/strong><br \/>\nA C-SMART CCB fekete egy modern split inverteres l\u00e9gkondicion\u00e1l\u00f3, amelyet k\u00e9nyelmes h\u0171t\u00e9s \u00e9s hat\u00e9kony f\u0171t\u00e9s c\u00e9lj\u00e1ra terveztek otthoni \u00e9s kereskedelmi helyis\u00e9gek sz\u00e1m\u00e1ra. Eleg\u00e1ns, fekete, f\u00e9nyes kialak\u00edt\u00e1st \u00f6tv\u00f6z magas energiahat\u00e9konys\u00e1ggal, csendes m\u0171k\u00f6d\u00e9ssel \u00e9s megb\u00edzhat\u00f3 teljes\u00edtm\u00e9nnyel eg\u00e9sz \u00e9vben.<\/p>\n","protected":false},"featured_media":12795,"template":"","meta":[],"product_brand":[],"product_cat":[457,357,353,358],"product_tag":[],"class_list":{"0":"post-12931","1":"product","2":"type-product","3":"status-publish","4":"has-post-thumbnail","6":"product_cat-aux-hu-2","7":"product_cat-lakossagi-egysegek","8":"product_cat-legkondicionalas","9":"product_cat-multi-split-hu","11":"first","12":"instock","13":"shipping-taxable","14":"product-type-simple"},"yoast_head":"<!-- This site is optimized with the Yoast SEO plugin v24.3 - https:\/\/yoast.com\/wordpress\/plugins\/seo\/ -->\n<title>AUX Oldalfali egys\u00e9g free match R32 | SLOVKLIMA DEIMOS group, s.r.o.<\/title>\n<meta name=\"robots\" content=\"index, follow, max-snippet:-1, max-image-preview:large, max-video-preview:-1\" \/>\n<link rel=\"canonical\" href=\"https:\/\/www.slovklima.sk\/hu\/produkt\/aux-oldalfali-egyseg-free-match-r32\/\" \/>\n<meta property=\"og:locale\" content=\"hu_HU\" \/>\n<meta property=\"og:type\" content=\"article\" \/>\n<meta property=\"og:title\" content=\"AUX Oldalfali egys\u00e9g free match R32 | SLOVKLIMA DEIMOS group, s.r.o.\" \/>\n<meta property=\"og:description\" content=\"Q-SMART - MIN\u0150S\u00c9G MEGFELEL\u0150 \u00c1RON A Q-SMART fejlett technol\u00f3gi\u00e1t \u00f6tv\u00f6z magas min\u0151s\u00e9ggel \u00e9s eszt\u00e9tikus kialak\u00edt\u00e1ssal. A legapr\u00f3bb r\u00e9szletekig kifinomult, a leg\u00fajabb lakberendez\u00e9si trendek szellem\u00e9ben tervezett, kiemelked\u0151 formatervez\u00e9s jellemzi, amely t\u00f6k\u00e9letesen illeszkedik az eleg\u00e1ns bels\u0151 terekbe, \u00e9s finoman kiemeli azok st\u00edlus\u00e1t.  J-SMART - K\u00c9SZ\u00cdT\u00c9S PATENT\u00c1LT LAMELL\u00c1KKAL A k\u00e9sz\u00fcl\u00e9kek meger\u0151s\u00edtett, mechanikailag ellen\u00e1ll\u00f3 h\u00e1zzal rendelkeznek, levehet\u0151 als\u00f3 fed\u00e9llel, szabadalmaztatott halsz\u00e1lka alak\u00fa f\u00fcgg\u0151leges l\u00e9glamell\u00e1kkal \u00e9s k\u00e9tr\u00e9teg\u0171 v\u00edzszintes l\u00e9glamell\u00e1val, amely t\u00f6k\u00e9letesen igaz\u00edtja a l\u00e9g\u00e1raml\u00e1s ir\u00e1ny\u00e1t a k\u00e9sz\u00fcl\u00e9k m\u0171k\u00f6d\u00e9si m\u00f3dj\u00e1hoz. Az egyszer\u0171 form\u00e1j\u00fa \u00e9s matt fel\u00fclet\u0171 feh\u00e9r burkolat j\u00f3l illeszkedik a jelenlegi diz\u00e1jntrendekhez.  C-SMART CA - \u00c1LTAL\u00c1NOS D\u00cdSZ\u00cdT\u00c9S 3206 NY\u00cdL\u00c1SZ\u00c1RVAL A sorozatba tartoz\u00f3 l\u00e9gkondicion\u00e1l\u00f3k kiv\u00e1l\u00f3 gy\u00e1rt\u00e1si pontoss\u00e1g\u00e1nak \u00e9s eszt\u00e9tik\u00e1j\u00e1nak kombin\u00e1ci\u00f3ja, valamint eleg\u00e1ns formatervez\u00e9s\u00fck nemcsak a k\u00fcl\u00f6nb\u00f6z\u0151 bels\u0151 elrendez\u00e9sekhez val\u00f3 t\u00f6k\u00e9letes alkalmazkod\u00e1st garant\u00e1lja, hanem eleg\u00e1ns \u00e9s finom dekor\u00e1ci\u00f3s elemet is alkotnak.  C-SMART CCB FEKETE \u2013 ST\u00cdLUSOS WIND FREE A C-SMART CCB fekete egy modern split inverteres l\u00e9gkondicion\u00e1l\u00f3, amelyet k\u00e9nyelmes h\u0171t\u00e9s \u00e9s hat\u00e9kony f\u0171t\u00e9s c\u00e9lj\u00e1ra terveztek otthoni \u00e9s kereskedelmi helyis\u00e9gek sz\u00e1m\u00e1ra. Eleg\u00e1ns, fekete, f\u00e9nyes kialak\u00edt\u00e1st \u00f6tv\u00f6z magas energiahat\u00e9konys\u00e1ggal, csendes m\u0171k\u00f6d\u00e9ssel \u00e9s megb\u00edzhat\u00f3 teljes\u00edtm\u00e9nnyel eg\u00e9sz \u00e9vben.\" \/>\n<meta property=\"og:url\" content=\"https:\/\/www.slovklima.sk\/hu\/produkt\/aux-oldalfali-egyseg-free-match-r32\/\" \/>\n<meta property=\"og:site_name\" content=\"SLOVKLIMA DEIMOS group, s.r.o.\" \/>\n<meta property=\"article:modified_time\" content=\"2026-03-05T10:03:28+00:00\" \/>\n<meta property=\"og:image\" content=\"https:\/\/www.slovklima.sk\/wp-content\/uploads\/2024\/11\/aux-nastenna-jednotka-free-match-r32-qsmart.jpg\" \/>\n\t<meta property=\"og:image:width\" content=\"800\" \/>\n\t<meta property=\"og:image:height\" content=\"1000\" \/>\n\t<meta property=\"og:image:type\" content=\"image\/jpeg\" \/>\n<meta name=\"twitter:card\" content=\"summary_large_image\" \/>\n<meta name=\"twitter:label1\" content=\"Becs\u00fclt olvas\u00e1si id\u0151\" \/>\n\t<meta name=\"twitter:data1\" content=\"2 perc\" \/>\n<script type=\"application\/ld+json\" class=\"yoast-schema-graph\">{\"@context\":\"https:\/\/schema.org\",\"@graph\":[{\"@type\":\"WebPage\",\"@id\":\"https:\/\/www.slovklima.sk\/hu\/produkt\/aux-oldalfali-egyseg-free-match-r32\/\",\"url\":\"https:\/\/www.slovklima.sk\/hu\/produkt\/aux-oldalfali-egyseg-free-match-r32\/\",\"name\":\"AUX Oldalfali egys\u00e9g free match R32 | SLOVKLIMA DEIMOS group, s.r.o.\",\"isPartOf\":{\"@id\":\"https:\/\/www.slovklima.sk\/#website\"},\"primaryImageOfPage\":{\"@id\":\"https:\/\/www.slovklima.sk\/hu\/produkt\/aux-oldalfali-egyseg-free-match-r32\/#primaryimage\"},\"image\":{\"@id\":\"https:\/\/www.slovklima.sk\/hu\/produkt\/aux-oldalfali-egyseg-free-match-r32\/#primaryimage\"},\"thumbnailUrl\":\"https:\/\/www.slovklima.sk\/wp-content\/uploads\/2024\/11\/aux-nastenna-jednotka-free-match-r32-qsmart.jpg\",\"datePublished\":\"2024-11-01T19:39:16+00:00\",\"dateModified\":\"2026-03-05T10:03:28+00:00\",\"breadcrumb\":{\"@id\":\"https:\/\/www.slovklima.sk\/hu\/produkt\/aux-oldalfali-egyseg-free-match-r32\/#breadcrumb\"},\"inLanguage\":\"hu\",\"potentialAction\":[{\"@type\":\"ReadAction\",\"target\":[\"https:\/\/www.slovklima.sk\/hu\/produkt\/aux-oldalfali-egyseg-free-match-r32\/\"]}]},{\"@type\":\"ImageObject\",\"inLanguage\":\"hu\",\"@id\":\"https:\/\/www.slovklima.sk\/hu\/produkt\/aux-oldalfali-egyseg-free-match-r32\/#primaryimage\",\"url\":\"https:\/\/www.slovklima.sk\/wp-content\/uploads\/2024\/11\/aux-nastenna-jednotka-free-match-r32-qsmart.jpg\",\"contentUrl\":\"https:\/\/www.slovklima.sk\/wp-content\/uploads\/2024\/11\/aux-nastenna-jednotka-free-match-r32-qsmart.jpg\",\"width\":800,\"height\":1000,\"caption\":\"AUX fali egys\u00e9g szabadon v\u00e1laszthat\u00f3 R32 Q-SMART\"},{\"@type\":\"BreadcrumbList\",\"@id\":\"https:\/\/www.slovklima.sk\/hu\/produkt\/aux-oldalfali-egyseg-free-match-r32\/#breadcrumb\",\"itemListElement\":[{\"@type\":\"ListItem\",\"position\":1,\"name\":\"Domovsk\u00e1 str\u00e1nka\",\"item\":\"https:\/\/www.slovklima.sk\/hu\/\"},{\"@type\":\"ListItem\",\"position\":2,\"name\":\"Term\u00e9kek\",\"item\":\"https:\/\/www.slovklima.sk\/termekek\/\"},{\"@type\":\"ListItem\",\"position\":3,\"name\":\"AUX Oldalfali egys\u00e9g free match R32\"}]},{\"@type\":\"WebSite\",\"@id\":\"https:\/\/www.slovklima.sk\/#website\",\"url\":\"https:\/\/www.slovklima.sk\/\",\"name\":\"SLOVKLIMA DEIMOS group, s.r.o.\",\"description\":\"\",\"publisher\":{\"@id\":\"https:\/\/www.slovklima.sk\/#organization\"},\"alternateName\":\"SLOVKLIMA\",\"potentialAction\":[{\"@type\":\"SearchAction\",\"target\":{\"@type\":\"EntryPoint\",\"urlTemplate\":\"https:\/\/www.slovklima.sk\/?s={search_term_string}\"},\"query-input\":{\"@type\":\"PropertyValueSpecification\",\"valueRequired\":true,\"valueName\":\"search_term_string\"}}],\"inLanguage\":\"hu\"},{\"@type\":\"Organization\",\"@id\":\"https:\/\/www.slovklima.sk\/#organization\",\"name\":\"SLOVKLIMA DEIMOS group, s.r.o.\",\"alternateName\":\"SLOVKLIMA\",\"url\":\"https:\/\/www.slovklima.sk\/\",\"logo\":{\"@type\":\"ImageObject\",\"inLanguage\":\"hu\",\"@id\":\"https:\/\/www.slovklima.sk\/#\/schema\/logo\/image\/\",\"url\":\"https:\/\/www.slovklima.sk\/wp-content\/uploads\/2022\/12\/slovklima-logo-black.svg\",\"contentUrl\":\"https:\/\/www.slovklima.sk\/wp-content\/uploads\/2022\/12\/slovklima-logo-black.svg\",\"width\":3218,\"height\":698,\"caption\":\"SLOVKLIMA DEIMOS group, s.r.o.\"},\"image\":{\"@id\":\"https:\/\/www.slovklima.sk\/#\/schema\/logo\/image\/\"}}]}<\/script>\n<!-- \/ Yoast SEO plugin. -->","yoast_head_json":{"title":"AUX Oldalfali egys\u00e9g free match R32 | SLOVKLIMA DEIMOS group, s.r.o.","robots":{"index":"index","follow":"follow","max-snippet":"max-snippet:-1","max-image-preview":"max-image-preview:large","max-video-preview":"max-video-preview:-1"},"canonical":"https:\/\/www.slovklima.sk\/hu\/produkt\/aux-oldalfali-egyseg-free-match-r32\/","og_locale":"hu_HU","og_type":"article","og_title":"AUX Oldalfali egys\u00e9g free match R32 | SLOVKLIMA DEIMOS group, s.r.o.","og_description":"Q-SMART - MIN\u0150S\u00c9G MEGFELEL\u0150 \u00c1RON A Q-SMART fejlett technol\u00f3gi\u00e1t \u00f6tv\u00f6z magas min\u0151s\u00e9ggel \u00e9s eszt\u00e9tikus kialak\u00edt\u00e1ssal. A legapr\u00f3bb r\u00e9szletekig kifinomult, a leg\u00fajabb lakberendez\u00e9si trendek szellem\u00e9ben tervezett, kiemelked\u0151 formatervez\u00e9s jellemzi, amely t\u00f6k\u00e9letesen illeszkedik az eleg\u00e1ns bels\u0151 terekbe, \u00e9s finoman kiemeli azok st\u00edlus\u00e1t.  J-SMART - K\u00c9SZ\u00cdT\u00c9S PATENT\u00c1LT LAMELL\u00c1KKAL A k\u00e9sz\u00fcl\u00e9kek meger\u0151s\u00edtett, mechanikailag ellen\u00e1ll\u00f3 h\u00e1zzal rendelkeznek, levehet\u0151 als\u00f3 fed\u00e9llel, szabadalmaztatott halsz\u00e1lka alak\u00fa f\u00fcgg\u0151leges l\u00e9glamell\u00e1kkal \u00e9s k\u00e9tr\u00e9teg\u0171 v\u00edzszintes l\u00e9glamell\u00e1val, amely t\u00f6k\u00e9letesen igaz\u00edtja a l\u00e9g\u00e1raml\u00e1s ir\u00e1ny\u00e1t a k\u00e9sz\u00fcl\u00e9k m\u0171k\u00f6d\u00e9si m\u00f3dj\u00e1hoz. Az egyszer\u0171 form\u00e1j\u00fa \u00e9s matt fel\u00fclet\u0171 feh\u00e9r burkolat j\u00f3l illeszkedik a jelenlegi diz\u00e1jntrendekhez.  C-SMART CA - \u00c1LTAL\u00c1NOS D\u00cdSZ\u00cdT\u00c9S 3206 NY\u00cdL\u00c1SZ\u00c1RVAL A sorozatba tartoz\u00f3 l\u00e9gkondicion\u00e1l\u00f3k kiv\u00e1l\u00f3 gy\u00e1rt\u00e1si pontoss\u00e1g\u00e1nak \u00e9s eszt\u00e9tik\u00e1j\u00e1nak kombin\u00e1ci\u00f3ja, valamint eleg\u00e1ns formatervez\u00e9s\u00fck nemcsak a k\u00fcl\u00f6nb\u00f6z\u0151 bels\u0151 elrendez\u00e9sekhez val\u00f3 t\u00f6k\u00e9letes alkalmazkod\u00e1st garant\u00e1lja, hanem eleg\u00e1ns \u00e9s finom dekor\u00e1ci\u00f3s elemet is alkotnak.  C-SMART CCB FEKETE \u2013 ST\u00cdLUSOS WIND FREE A C-SMART CCB fekete egy modern split inverteres l\u00e9gkondicion\u00e1l\u00f3, amelyet k\u00e9nyelmes h\u0171t\u00e9s \u00e9s hat\u00e9kony f\u0171t\u00e9s c\u00e9lj\u00e1ra terveztek otthoni \u00e9s kereskedelmi helyis\u00e9gek sz\u00e1m\u00e1ra. Eleg\u00e1ns, fekete, f\u00e9nyes kialak\u00edt\u00e1st \u00f6tv\u00f6z magas energiahat\u00e9konys\u00e1ggal, csendes m\u0171k\u00f6d\u00e9ssel \u00e9s megb\u00edzhat\u00f3 teljes\u00edtm\u00e9nnyel eg\u00e9sz \u00e9vben.","og_url":"https:\/\/www.slovklima.sk\/hu\/produkt\/aux-oldalfali-egyseg-free-match-r32\/","og_site_name":"SLOVKLIMA DEIMOS group, s.r.o.","article_modified_time":"2026-03-05T10:03:28+00:00","og_image":[{"width":800,"height":1000,"url":"https:\/\/www.slovklima.sk\/wp-content\/uploads\/2024\/11\/aux-nastenna-jednotka-free-match-r32-qsmart.jpg","type":"image\/jpeg"}],"twitter_card":"summary_large_image","twitter_misc":{"Becs\u00fclt olvas\u00e1si id\u0151":"2 perc"},"schema":{"@context":"https:\/\/schema.org","@graph":[{"@type":"WebPage","@id":"https:\/\/www.slovklima.sk\/hu\/produkt\/aux-oldalfali-egyseg-free-match-r32\/","url":"https:\/\/www.slovklima.sk\/hu\/produkt\/aux-oldalfali-egyseg-free-match-r32\/","name":"AUX Oldalfali egys\u00e9g free match R32 | SLOVKLIMA DEIMOS group, s.r.o.","isPartOf":{"@id":"https:\/\/www.slovklima.sk\/#website"},"primaryImageOfPage":{"@id":"https:\/\/www.slovklima.sk\/hu\/produkt\/aux-oldalfali-egyseg-free-match-r32\/#primaryimage"},"image":{"@id":"https:\/\/www.slovklima.sk\/hu\/produkt\/aux-oldalfali-egyseg-free-match-r32\/#primaryimage"},"thumbnailUrl":"https:\/\/www.slovklima.sk\/wp-content\/uploads\/2024\/11\/aux-nastenna-jednotka-free-match-r32-qsmart.jpg","datePublished":"2024-11-01T19:39:16+00:00","dateModified":"2026-03-05T10:03:28+00:00","breadcrumb":{"@id":"https:\/\/www.slovklima.sk\/hu\/produkt\/aux-oldalfali-egyseg-free-match-r32\/#breadcrumb"},"inLanguage":"hu","potentialAction":[{"@type":"ReadAction","target":["https:\/\/www.slovklima.sk\/hu\/produkt\/aux-oldalfali-egyseg-free-match-r32\/"]}]},{"@type":"ImageObject","inLanguage":"hu","@id":"https:\/\/www.slovklima.sk\/hu\/produkt\/aux-oldalfali-egyseg-free-match-r32\/#primaryimage","url":"https:\/\/www.slovklima.sk\/wp-content\/uploads\/2024\/11\/aux-nastenna-jednotka-free-match-r32-qsmart.jpg","contentUrl":"https:\/\/www.slovklima.sk\/wp-content\/uploads\/2024\/11\/aux-nastenna-jednotka-free-match-r32-qsmart.jpg","width":800,"height":1000,"caption":"AUX fali egys\u00e9g szabadon v\u00e1laszthat\u00f3 R32 Q-SMART"},{"@type":"BreadcrumbList","@id":"https:\/\/www.slovklima.sk\/hu\/produkt\/aux-oldalfali-egyseg-free-match-r32\/#breadcrumb","itemListElement":[{"@type":"ListItem","position":1,"name":"Domovsk\u00e1 str\u00e1nka","item":"https:\/\/www.slovklima.sk\/hu\/"},{"@type":"ListItem","position":2,"name":"Term\u00e9kek","item":"https:\/\/www.slovklima.sk\/termekek\/"},{"@type":"ListItem","position":3,"name":"AUX Oldalfali egys\u00e9g free match R32"}]},{"@type":"WebSite","@id":"https:\/\/www.slovklima.sk\/#website","url":"https:\/\/www.slovklima.sk\/","name":"SLOVKLIMA DEIMOS group, s.r.o.","description":"","publisher":{"@id":"https:\/\/www.slovklima.sk\/#organization"},"alternateName":"SLOVKLIMA","potentialAction":[{"@type":"SearchAction","target":{"@type":"EntryPoint","urlTemplate":"https:\/\/www.slovklima.sk\/?s={search_term_string}"},"query-input":{"@type":"PropertyValueSpecification","valueRequired":true,"valueName":"search_term_string"}}],"inLanguage":"hu"},{"@type":"Organization","@id":"https:\/\/www.slovklima.sk\/#organization","name":"SLOVKLIMA DEIMOS group, s.r.o.","alternateName":"SLOVKLIMA","url":"https:\/\/www.slovklima.sk\/","logo":{"@type":"ImageObject","inLanguage":"hu","@id":"https:\/\/www.slovklima.sk\/#\/schema\/logo\/image\/","url":"https:\/\/www.slovklima.sk\/wp-content\/uploads\/2022\/12\/slovklima-logo-black.svg","contentUrl":"https:\/\/www.slovklima.sk\/wp-content\/uploads\/2022\/12\/slovklima-logo-black.svg","width":3218,"height":698,"caption":"SLOVKLIMA DEIMOS group, s.r.o."},"image":{"@id":"https:\/\/www.slovklima.sk\/#\/schema\/logo\/image\/"}}]}},"_links":{"self":[{"href":"https:\/\/www.slovklima.sk\/hu\/wp-json\/wp\/v2\/product\/12931","targetHints":{"allow":["GET"]}}],"collection":[{"href":"https:\/\/www.slovklima.sk\/hu\/wp-json\/wp\/v2\/product"}],"about":[{"href":"https:\/\/www.slovklima.sk\/hu\/wp-json\/wp\/v2\/types\/product"}],"wp:featuredmedia":[{"embeddable":true,"href":"https:\/\/www.slovklima.sk\/hu\/wp-json\/wp\/v2\/media\/12795"}],"wp:attachment":[{"href":"https:\/\/www.slovklima.sk\/hu\/wp-json\/wp\/v2\/media?parent=12931"}],"wp:term":[{"taxonomy":"product_brand","embeddable":true,"href":"https:\/\/www.slovklima.sk\/hu\/wp-json\/wp\/v2\/product_brand?post=12931"},{"taxonomy":"product_cat","embeddable":true,"href":"https:\/\/www.slovklima.sk\/hu\/wp-json\/wp\/v2\/product_cat?post=12931"},{"taxonomy":"product_tag","embeddable":true,"href":"https:\/\/www.slovklima.sk\/hu\/wp-json\/wp\/v2\/product_tag?post=12931"}],"curies":[{"name":"wp","href":"https:\/\/api.w.org\/{rel}","templated":true}]}}