{"id":12911,"date":"2024-11-01T21:46:01","date_gmt":"2024-11-01T20:46:01","guid":{"rendered":"https:\/\/www.slovklima.sk\/produkt\/aux-parkanyegyseg-szabadon-valaszthato-r32\/"},"modified":"2024-11-29T20:18:51","modified_gmt":"2024-11-29T19:18:51","slug":"aux-parapet-egyseg-free-match-r32","status":"publish","type":"product","link":"https:\/\/www.slovklima.sk\/hu\/produkt\/aux-parapet-egyseg-free-match-r32\/","title":{"rendered":"AUX Parapet egys\u00e9g free match R32"},"content":{"rendered":"<section class=\"wpb-content-wrapper\"><p>[vc_row][vc_column el_class=&#8221;table-style&#8221; woodmart_css_id=&#8221;67253e7d8b53b&#8221; parallax_scroll=&#8221;no&#8221; woodmart_sticky_column=&#8221;false&#8221; wd_collapsible_content_switcher=&#8221;no&#8221; wd_column_role_offcanvas_desktop=&#8221;no&#8221; wd_column_role_offcanvas_tablet=&#8221;no&#8221; wd_column_role_offcanvas_mobile=&#8221;no&#8221; wd_column_role_content_desktop=&#8221;no&#8221; wd_column_role_content_tablet=&#8221;no&#8221; wd_column_role_content_mobile=&#8221;no&#8221; mobile_bg_img_hidden=&#8221;no&#8221; tablet_bg_img_hidden=&#8221;no&#8221; woodmart_parallax=&#8221;0&#8243; woodmart_box_shadow=&#8221;no&#8221; responsive_spacing=&#8221;eyJwYXJhbV90eXBlIjoid29vZG1hcnRfcmVzcG9uc2l2ZV9zcGFjaW5nIiwic2VsZWN0b3JfaWQiOiI2NzI1M2U3ZDhiNTNiIiwic2hvcnRjb2RlIjoidmNfY29sdW1uIiwiZGF0YSI6eyJ0YWJsZXQiOnt9LCJtb2JpbGUiOnt9fX0=&#8221; mobile_reset_margin=&#8221;no&#8221; tablet_reset_margin=&#8221;no&#8221; wd_z_index=&#8221;no&#8221;][vc_column_text woodmart_inline=&#8221;no&#8221; text_larger=&#8221;no&#8221;]<\/p>\n<table>\n<thead>\n<tr>\n<th>Modell CONSOLE<em>belt\u00e9ri egys\u00e9g<\/em><\/th>\n<th>Teljes\u00edtm\u00e9ny<em>kW<\/em><\/th>\n<th>M\u00e9ret<em>mm<\/em><\/th>\n<\/tr>\n<\/thead>\n<tbody>\n<tr>\n<td>AUCO-H09\/4DR3HA<\/td>\n<td>2,60 \/ 2,80<\/td>\n<td>700x225x600<\/td>\n<\/tr>\n<tr>\n<td>AUCO-H12\/4DR3HA<\/td>\n<td>3,50 \/ 3,50<\/td>\n<td>700x225x600<\/td>\n<\/tr>\n<tr>\n<td>AUCO-H18\/4DR3HA<\/td>\n<td>4,70 \/ 5,00<\/td>\n<td>700x225x600<\/td>\n<\/tr>\n<\/tbody>\n<\/table>\n<p>[\/vc_column_text][\/vc_column][\/vc_row]<\/p>\n<\/section>","protected":false},"excerpt":{"rendered":"<p><strong>K\u00c9NYELEM FALRA SZEREL\u00c9S N\u00c9LK\u00dcL<\/strong><br \/>\nA parapet egys\u00e9gek hat\u00e9kony \u00e9s kompakt egys\u00e9gek, amelyek ide\u00e1lisak kereskedelmi \u00e9s lak\u00f3terekbe egyar\u00e1nt. Vonz\u00f3 kialak\u00edt\u00e1suknak k\u00f6sz\u00f6nhet\u0151en t\u00f6k\u00e9letesen illeszkednek egy l\u00e9gkondicion\u00e1lt helyis\u00e9gbe. <\/p>\n<div class=\"product-icons\"><img decoding=\"async\" src=\"\/wp-content\/uploads\/2024\/10\/icon-chladivo-r32.jpg\" alt=\"\" title=\"H\u0171t\u0151k\u00f6zeg R32\" width=\"151\" height=\"151\" class=\"alignnone size-full wp-image-12703\"><img decoding=\"async\" src=\"\/wp-content\/uploads\/2024\/04\/icon-automaticka-prevadzka.jpg\" alt=\"\" title=\"Automatikus \u00fczemm\u00f3d\" width=\"151\" height=\"151\" class=\"alignnone size-full wp-image-9018\"><img decoding=\"async\" src=\"\/wp-content\/uploads\/2024\/10\/icon-chladiaci-rezim.jpg\" alt=\"\" title=\"H\u0171t\u00e9s \u00fczemm\u00f3d\" width=\"151\" height=\"147\" class=\"alignnone size-full wp-image-12707\"><img decoding=\"async\" src=\"\/wp-content\/uploads\/2024\/04\/icon-odvlhcovanie.jpg\" alt=\"\" title=\"P\u00e1ramentes\u00edt\u0151 \u00fczemm\u00f3d\" width=\"151\" height=\"151\" class=\"alignnone size-full wp-image-9019\"><img decoding=\"async\" src=\"\/wp-content\/uploads\/2024\/10\/icon-rezim-ventilatora.jpg\" alt=\"\" title=\"Ventil\u00e1tor \u00fczemm\u00f3d\" width=\"151\" height=\"151\" class=\"alignnone size-full wp-image-12654\"><img decoding=\"async\" src=\"\/wp-content\/uploads\/2024\/10\/icon-rezim-vyhrievania.jpg\" alt=\"\" title=\"F\u0171t\u00e9s \u00fczemm\u00f3d\" width=\"151\" height=\"151\" class=\"alignnone size-full wp-image-12657\"><img decoding=\"async\" src=\"\/wp-content\/uploads\/2024\/04\/icon-rychle-chlad-kuren-300x300.jpg\" alt=\"\" title=\"Gyors h\u0171t\u00e9s \u00e9s f\u0171t\u00e9s\" width=\"300\" height=\"300\" class=\"alignnone size-medium wp-image-8963\" srcset=\"https:\/\/www.slovklima.sk\/wp-content\/uploads\/2024\/04\/icon-rychle-chlad-kuren-300x300.jpg 300w, https:\/\/www.slovklima.sk\/wp-content\/uploads\/2024\/04\/icon-rychle-chlad-kuren-150x150.jpg 150w, https:\/\/www.slovklima.sk\/wp-content\/uploads\/2024\/04\/icon-rychle-chlad-kuren.jpg 328w\" sizes=\"(max-width: 300px) 100vw, 300px\" \/><img decoding=\"async\" src=\"\/wp-content\/uploads\/2023\/09\/icon-vyhrievanie-minus22c.jpg\" alt=\"\" title=\"F\u0171t\u00e9s -22\u00b0C-on\" width=\"151\" height=\"151\" class=\"alignnone size-full wp-image-8998\"><img decoding=\"async\" src=\"\/wp-content\/uploads\/2024\/04\/icon-wifi-ovladanie-300x300.jpg\" alt=\"\" title=\"Vezet\u00e9k n\u00e9lk\u00fcli vez\u00e9rl\u0151\" width=\"300\" height=\"300\" class=\"alignnone size-medium wp-image-8947\" srcset=\"https:\/\/www.slovklima.sk\/wp-content\/uploads\/2024\/04\/icon-wifi-ovladanie-300x300.jpg 300w, https:\/\/www.slovklima.sk\/wp-content\/uploads\/2024\/04\/icon-wifi-ovladanie-150x150.jpg 150w, https:\/\/www.slovklima.sk\/wp-content\/uploads\/2024\/04\/icon-wifi-ovladanie.jpg 328w\" sizes=\"(max-width: 300px) 100vw, 300px\" \/><img decoding=\"async\" src=\"\/wp-content\/uploads\/2024\/03\/inteligentne-odmrazovanie.jpg\" alt=\"intelligens leolvaszt\u00e1s\" title=\"Intelligens leolvaszt\u00e1s\" width=\"151\" height=\"151\" class=\"alignnone size-full wp-image-8428\"><img decoding=\"async\" src=\"\/wp-content\/uploads\/2024\/04\/icon-hydrofilne-vostiny-300x300.jpg\" alt=\"\" title=\"Hidrofil alum\u00edniumb\u00f3l k\u00e9sz\u00fclt peng\u00e9k\" width=\"300\" height=\"300\" class=\"alignnone size-medium wp-image-8969\" srcset=\"https:\/\/www.slovklima.sk\/wp-content\/uploads\/2024\/04\/icon-hydrofilne-vostiny-300x300.jpg 300w, https:\/\/www.slovklima.sk\/wp-content\/uploads\/2024\/04\/icon-hydrofilne-vostiny-150x150.jpg 150w, https:\/\/www.slovklima.sk\/wp-content\/uploads\/2024\/04\/icon-hydrofilne-vostiny.jpg 328w\" sizes=\"(max-width: 300px) 100vw, 300px\" \/><img decoding=\"async\" src=\"\/wp-content\/uploads\/2024\/10\/icon-odolny-vzduchovy-filter.jpg\" alt=\"\" title=\"Tart\u00f3s l\u00e9gsz\u0171r\u0151\" width=\"151\" height=\"147\" class=\"alignnone size-full wp-image-12697\">\n<\/div>\n","protected":false},"featured_media":12843,"template":"","meta":[],"product_brand":[],"product_cat":[457,357,353,358],"product_tag":[],"class_list":{"0":"post-12911","1":"product","2":"type-product","3":"status-publish","4":"has-post-thumbnail","6":"product_cat-aux-hu-2","7":"product_cat-lakossagi-egysegek","8":"product_cat-legkondicionalas","9":"product_cat-multi-split-hu","11":"first","12":"instock","13":"shipping-taxable","14":"product-type-simple"},"yoast_head":"<!-- This site is optimized with the Yoast SEO plugin v24.3 - https:\/\/yoast.com\/wordpress\/plugins\/seo\/ -->\n<title>AUX Parapet egys\u00e9g free match R32 | SLOVKLIMA DEIMOS group, s.r.o.<\/title>\n<meta name=\"robots\" content=\"index, follow, max-snippet:-1, max-image-preview:large, max-video-preview:-1\" \/>\n<link rel=\"canonical\" href=\"https:\/\/www.slovklima.sk\/hu\/produkt\/aux-parapet-egyseg-free-match-r32\/\" \/>\n<meta property=\"og:locale\" content=\"hu_HU\" \/>\n<meta property=\"og:type\" content=\"article\" \/>\n<meta property=\"og:title\" content=\"AUX Parapet egys\u00e9g free match R32 | SLOVKLIMA DEIMOS group, s.r.o.\" \/>\n<meta property=\"og:description\" content=\"K\u00c9NYELEM FALRA SZEREL\u00c9S N\u00c9LK\u00dcL A parapet egys\u00e9gek hat\u00e9kony \u00e9s kompakt egys\u00e9gek, amelyek ide\u00e1lisak kereskedelmi \u00e9s lak\u00f3terekbe egyar\u00e1nt. Vonz\u00f3 kialak\u00edt\u00e1suknak k\u00f6sz\u00f6nhet\u0151en t\u00f6k\u00e9letesen illeszkednek egy l\u00e9gkondicion\u00e1lt helyis\u00e9gbe.\" \/>\n<meta property=\"og:url\" content=\"https:\/\/www.slovklima.sk\/hu\/produkt\/aux-parapet-egyseg-free-match-r32\/\" \/>\n<meta property=\"og:site_name\" content=\"SLOVKLIMA DEIMOS group, s.r.o.\" \/>\n<meta property=\"article:modified_time\" content=\"2024-11-29T19:18:51+00:00\" \/>\n<meta property=\"og:image\" content=\"https:\/\/www.slovklima.sk\/wp-content\/uploads\/2024\/11\/aux-parapetna-jednotka-free-match-r32.jpg\" \/>\n\t<meta property=\"og:image:width\" content=\"800\" \/>\n\t<meta property=\"og:image:height\" content=\"1000\" \/>\n\t<meta property=\"og:image:type\" content=\"image\/jpeg\" \/>\n<meta name=\"twitter:card\" content=\"summary_large_image\" \/>\n<meta name=\"twitter:label1\" content=\"Becs\u00fclt olvas\u00e1si id\u0151\" \/>\n\t<meta name=\"twitter:data1\" content=\"1 perc\" \/>\n<script type=\"application\/ld+json\" class=\"yoast-schema-graph\">{\"@context\":\"https:\/\/schema.org\",\"@graph\":[{\"@type\":\"WebPage\",\"@id\":\"https:\/\/www.slovklima.sk\/hu\/produkt\/aux-parapet-egyseg-free-match-r32\/\",\"url\":\"https:\/\/www.slovklima.sk\/hu\/produkt\/aux-parapet-egyseg-free-match-r32\/\",\"name\":\"AUX Parapet egys\u00e9g free match R32 | SLOVKLIMA DEIMOS group, s.r.o.\",\"isPartOf\":{\"@id\":\"https:\/\/www.slovklima.sk\/#website\"},\"primaryImageOfPage\":{\"@id\":\"https:\/\/www.slovklima.sk\/hu\/produkt\/aux-parapet-egyseg-free-match-r32\/#primaryimage\"},\"image\":{\"@id\":\"https:\/\/www.slovklima.sk\/hu\/produkt\/aux-parapet-egyseg-free-match-r32\/#primaryimage\"},\"thumbnailUrl\":\"https:\/\/www.slovklima.sk\/wp-content\/uploads\/2024\/11\/aux-parapetna-jednotka-free-match-r32.jpg\",\"datePublished\":\"2024-11-01T20:46:01+00:00\",\"dateModified\":\"2024-11-29T19:18:51+00:00\",\"breadcrumb\":{\"@id\":\"https:\/\/www.slovklima.sk\/hu\/produkt\/aux-parapet-egyseg-free-match-r32\/#breadcrumb\"},\"inLanguage\":\"hu\",\"potentialAction\":[{\"@type\":\"ReadAction\",\"target\":[\"https:\/\/www.slovklima.sk\/hu\/produkt\/aux-parapet-egyseg-free-match-r32\/\"]}]},{\"@type\":\"ImageObject\",\"inLanguage\":\"hu\",\"@id\":\"https:\/\/www.slovklima.sk\/hu\/produkt\/aux-parapet-egyseg-free-match-r32\/#primaryimage\",\"url\":\"https:\/\/www.slovklima.sk\/wp-content\/uploads\/2024\/11\/aux-parapetna-jednotka-free-match-r32.jpg\",\"contentUrl\":\"https:\/\/www.slovklima.sk\/wp-content\/uploads\/2024\/11\/aux-parapetna-jednotka-free-match-r32.jpg\",\"width\":800,\"height\":1000,\"caption\":\"AUX P\u00e1rk\u00e1nyegys\u00e9g szabadon v\u00e1laszthat\u00f3 R32\"},{\"@type\":\"BreadcrumbList\",\"@id\":\"https:\/\/www.slovklima.sk\/hu\/produkt\/aux-parapet-egyseg-free-match-r32\/#breadcrumb\",\"itemListElement\":[{\"@type\":\"ListItem\",\"position\":1,\"name\":\"Domovsk\u00e1 str\u00e1nka\",\"item\":\"https:\/\/www.slovklima.sk\/hu\/\"},{\"@type\":\"ListItem\",\"position\":2,\"name\":\"Term\u00e9kek\",\"item\":\"https:\/\/www.slovklima.sk\/termekek\/\"},{\"@type\":\"ListItem\",\"position\":3,\"name\":\"AUX Parapet egys\u00e9g free match R32\"}]},{\"@type\":\"WebSite\",\"@id\":\"https:\/\/www.slovklima.sk\/#website\",\"url\":\"https:\/\/www.slovklima.sk\/\",\"name\":\"SLOVKLIMA DEIMOS group, s.r.o.\",\"description\":\"\",\"publisher\":{\"@id\":\"https:\/\/www.slovklima.sk\/#organization\"},\"alternateName\":\"SLOVKLIMA\",\"potentialAction\":[{\"@type\":\"SearchAction\",\"target\":{\"@type\":\"EntryPoint\",\"urlTemplate\":\"https:\/\/www.slovklima.sk\/?s={search_term_string}\"},\"query-input\":{\"@type\":\"PropertyValueSpecification\",\"valueRequired\":true,\"valueName\":\"search_term_string\"}}],\"inLanguage\":\"hu\"},{\"@type\":\"Organization\",\"@id\":\"https:\/\/www.slovklima.sk\/#organization\",\"name\":\"SLOVKLIMA DEIMOS group, s.r.o.\",\"alternateName\":\"SLOVKLIMA\",\"url\":\"https:\/\/www.slovklima.sk\/\",\"logo\":{\"@type\":\"ImageObject\",\"inLanguage\":\"hu\",\"@id\":\"https:\/\/www.slovklima.sk\/#\/schema\/logo\/image\/\",\"url\":\"https:\/\/www.slovklima.sk\/wp-content\/uploads\/2022\/12\/slovklima-logo-black.svg\",\"contentUrl\":\"https:\/\/www.slovklima.sk\/wp-content\/uploads\/2022\/12\/slovklima-logo-black.svg\",\"width\":3218,\"height\":698,\"caption\":\"SLOVKLIMA DEIMOS group, s.r.o.\"},\"image\":{\"@id\":\"https:\/\/www.slovklima.sk\/#\/schema\/logo\/image\/\"}}]}<\/script>\n<!-- \/ Yoast SEO plugin. -->","yoast_head_json":{"title":"AUX Parapet egys\u00e9g free match R32 | SLOVKLIMA DEIMOS group, s.r.o.","robots":{"index":"index","follow":"follow","max-snippet":"max-snippet:-1","max-image-preview":"max-image-preview:large","max-video-preview":"max-video-preview:-1"},"canonical":"https:\/\/www.slovklima.sk\/hu\/produkt\/aux-parapet-egyseg-free-match-r32\/","og_locale":"hu_HU","og_type":"article","og_title":"AUX Parapet egys\u00e9g free match R32 | SLOVKLIMA DEIMOS group, s.r.o.","og_description":"K\u00c9NYELEM FALRA SZEREL\u00c9S N\u00c9LK\u00dcL A parapet egys\u00e9gek hat\u00e9kony \u00e9s kompakt egys\u00e9gek, amelyek ide\u00e1lisak kereskedelmi \u00e9s lak\u00f3terekbe egyar\u00e1nt. Vonz\u00f3 kialak\u00edt\u00e1suknak k\u00f6sz\u00f6nhet\u0151en t\u00f6k\u00e9letesen illeszkednek egy l\u00e9gkondicion\u00e1lt helyis\u00e9gbe.","og_url":"https:\/\/www.slovklima.sk\/hu\/produkt\/aux-parapet-egyseg-free-match-r32\/","og_site_name":"SLOVKLIMA DEIMOS group, s.r.o.","article_modified_time":"2024-11-29T19:18:51+00:00","og_image":[{"width":800,"height":1000,"url":"https:\/\/www.slovklima.sk\/wp-content\/uploads\/2024\/11\/aux-parapetna-jednotka-free-match-r32.jpg","type":"image\/jpeg"}],"twitter_card":"summary_large_image","twitter_misc":{"Becs\u00fclt olvas\u00e1si id\u0151":"1 perc"},"schema":{"@context":"https:\/\/schema.org","@graph":[{"@type":"WebPage","@id":"https:\/\/www.slovklima.sk\/hu\/produkt\/aux-parapet-egyseg-free-match-r32\/","url":"https:\/\/www.slovklima.sk\/hu\/produkt\/aux-parapet-egyseg-free-match-r32\/","name":"AUX Parapet egys\u00e9g free match R32 | SLOVKLIMA DEIMOS group, s.r.o.","isPartOf":{"@id":"https:\/\/www.slovklima.sk\/#website"},"primaryImageOfPage":{"@id":"https:\/\/www.slovklima.sk\/hu\/produkt\/aux-parapet-egyseg-free-match-r32\/#primaryimage"},"image":{"@id":"https:\/\/www.slovklima.sk\/hu\/produkt\/aux-parapet-egyseg-free-match-r32\/#primaryimage"},"thumbnailUrl":"https:\/\/www.slovklima.sk\/wp-content\/uploads\/2024\/11\/aux-parapetna-jednotka-free-match-r32.jpg","datePublished":"2024-11-01T20:46:01+00:00","dateModified":"2024-11-29T19:18:51+00:00","breadcrumb":{"@id":"https:\/\/www.slovklima.sk\/hu\/produkt\/aux-parapet-egyseg-free-match-r32\/#breadcrumb"},"inLanguage":"hu","potentialAction":[{"@type":"ReadAction","target":["https:\/\/www.slovklima.sk\/hu\/produkt\/aux-parapet-egyseg-free-match-r32\/"]}]},{"@type":"ImageObject","inLanguage":"hu","@id":"https:\/\/www.slovklima.sk\/hu\/produkt\/aux-parapet-egyseg-free-match-r32\/#primaryimage","url":"https:\/\/www.slovklima.sk\/wp-content\/uploads\/2024\/11\/aux-parapetna-jednotka-free-match-r32.jpg","contentUrl":"https:\/\/www.slovklima.sk\/wp-content\/uploads\/2024\/11\/aux-parapetna-jednotka-free-match-r32.jpg","width":800,"height":1000,"caption":"AUX P\u00e1rk\u00e1nyegys\u00e9g szabadon v\u00e1laszthat\u00f3 R32"},{"@type":"BreadcrumbList","@id":"https:\/\/www.slovklima.sk\/hu\/produkt\/aux-parapet-egyseg-free-match-r32\/#breadcrumb","itemListElement":[{"@type":"ListItem","position":1,"name":"Domovsk\u00e1 str\u00e1nka","item":"https:\/\/www.slovklima.sk\/hu\/"},{"@type":"ListItem","position":2,"name":"Term\u00e9kek","item":"https:\/\/www.slovklima.sk\/termekek\/"},{"@type":"ListItem","position":3,"name":"AUX Parapet egys\u00e9g free match R32"}]},{"@type":"WebSite","@id":"https:\/\/www.slovklima.sk\/#website","url":"https:\/\/www.slovklima.sk\/","name":"SLOVKLIMA DEIMOS group, s.r.o.","description":"","publisher":{"@id":"https:\/\/www.slovklima.sk\/#organization"},"alternateName":"SLOVKLIMA","potentialAction":[{"@type":"SearchAction","target":{"@type":"EntryPoint","urlTemplate":"https:\/\/www.slovklima.sk\/?s={search_term_string}"},"query-input":{"@type":"PropertyValueSpecification","valueRequired":true,"valueName":"search_term_string"}}],"inLanguage":"hu"},{"@type":"Organization","@id":"https:\/\/www.slovklima.sk\/#organization","name":"SLOVKLIMA DEIMOS group, s.r.o.","alternateName":"SLOVKLIMA","url":"https:\/\/www.slovklima.sk\/","logo":{"@type":"ImageObject","inLanguage":"hu","@id":"https:\/\/www.slovklima.sk\/#\/schema\/logo\/image\/","url":"https:\/\/www.slovklima.sk\/wp-content\/uploads\/2022\/12\/slovklima-logo-black.svg","contentUrl":"https:\/\/www.slovklima.sk\/wp-content\/uploads\/2022\/12\/slovklima-logo-black.svg","width":3218,"height":698,"caption":"SLOVKLIMA DEIMOS group, s.r.o."},"image":{"@id":"https:\/\/www.slovklima.sk\/#\/schema\/logo\/image\/"}}]}},"_links":{"self":[{"href":"https:\/\/www.slovklima.sk\/hu\/wp-json\/wp\/v2\/product\/12911","targetHints":{"allow":["GET"]}}],"collection":[{"href":"https:\/\/www.slovklima.sk\/hu\/wp-json\/wp\/v2\/product"}],"about":[{"href":"https:\/\/www.slovklima.sk\/hu\/wp-json\/wp\/v2\/types\/product"}],"wp:featuredmedia":[{"embeddable":true,"href":"https:\/\/www.slovklima.sk\/hu\/wp-json\/wp\/v2\/media\/12843"}],"wp:attachment":[{"href":"https:\/\/www.slovklima.sk\/hu\/wp-json\/wp\/v2\/media?parent=12911"}],"wp:term":[{"taxonomy":"product_brand","embeddable":true,"href":"https:\/\/www.slovklima.sk\/hu\/wp-json\/wp\/v2\/product_brand?post=12911"},{"taxonomy":"product_cat","embeddable":true,"href":"https:\/\/www.slovklima.sk\/hu\/wp-json\/wp\/v2\/product_cat?post=12911"},{"taxonomy":"product_tag","embeddable":true,"href":"https:\/\/www.slovklima.sk\/hu\/wp-json\/wp\/v2\/product_tag?post=12911"}],"curies":[{"name":"wp","href":"https:\/\/api.w.org\/{rel}","templated":true}]}}