{"id":12903,"date":"2024-11-01T23:21:49","date_gmt":"2024-11-01T22:21:49","guid":{"rendered":"https:\/\/www.slovklima.sk\/produkt\/aux-kulteri-egyseg-szabadon-valaszthato-r32\/"},"modified":"2024-11-09T13:09:33","modified_gmt":"2024-11-09T12:09:33","slug":"aux-kulteri-egyseg-szabadon-valaszthato-r32","status":"publish","type":"product","link":"https:\/\/www.slovklima.sk\/hu\/produkt\/aux-kulteri-egyseg-szabadon-valaszthato-r32\/","title":{"rendered":"AUX K\u00fclt\u00e9ri egys\u00e9g free match R32"},"content":{"rendered":"<section class=\"wpb-content-wrapper\"><p>[vc_row][vc_column el_class=&#8221;table-style&#8221; woodmart_css_id=&#8221;672554ce4d2de&#8221; parallax_scroll=&#8221;no&#8221; woodmart_sticky_column=&#8221;false&#8221; wd_collapsible_content_switcher=&#8221;no&#8221; wd_column_role_offcanvas_desktop=&#8221;no&#8221; wd_column_role_offcanvas_tablet=&#8221;no&#8221; wd_column_role_offcanvas_mobile=&#8221;no&#8221; wd_column_role_content_desktop=&#8221;no&#8221; wd_column_role_content_tablet=&#8221;no&#8221; wd_column_role_content_mobile=&#8221;no&#8221; mobile_bg_img_hidden=&#8221;no&#8221; tablet_bg_img_hidden=&#8221;no&#8221; woodmart_parallax=&#8221;0&#8243; woodmart_box_shadow=&#8221;no&#8221; responsive_spacing=&#8221;eyJwYXJhbV90eXBlIjoid29vZG1hcnRfcmVzcG9uc2l2ZV9zcGFjaW5nIiwic2VsZWN0b3JfaWQiOiI2NzI1NTRjZTRkMmRlIiwic2hvcnRjb2RlIjoidmNfY29sdW1uIiwiZGF0YSI6eyJ0YWJsZXQiOnt9LCJtb2JpbGUiOnt9fX0=&#8221; mobile_reset_margin=&#8221;no&#8221; tablet_reset_margin=&#8221;no&#8221; wd_z_index=&#8221;no&#8221;][vc_column_text woodmart_inline=&#8221;no&#8221; text_larger=&#8221;no&#8221;]<\/p>\n<table>\n<thead>\n<tr>\n<th>Model<em>k\u00fclt\u00e9ri egys\u00e9g<\/em><\/th>\n<th>Teljes\u00edtm\u00e9ny<em>kW<\/em><\/th>\n<th>Energiaoszt\u00e1ly &#8211; h\u0171t\u00e9s\/f\u0171t\u00e9s<\/th>\n<th>Szezon\u00e1lis hat\u00e9konys\u00e1g &#8211; SEER\/SCOP<\/th>\n<th>Csatlakoztatott belt\u00e9ri egys\u00e9gek sz\u00e1ma min\/max<\/th>\n<\/tr>\n<\/thead>\n<tbody>\n<tr>\n<td>AM2-H14\/4DR3C<\/td>\n<td>4,1 \/ 4,5<\/td>\n<td>A++\/A+<\/td>\n<td>6,15 \/ 4,12<\/td>\n<td>1 \/ 2<\/td>\n<\/tr>\n<tr>\n<td>AM2-H18\/4DR3C<\/td>\n<td>5,3 \/ 5,6<\/td>\n<td>A++\/A+<\/td>\n<td>6,13 \/ 4,09<\/td>\n<td>1 \/ 2<\/td>\n<\/tr>\n<tr>\n<td>AM3-H21\/4DR3C<\/td>\n<td>6,2 \/ 6,6<\/td>\n<td>A++\/A+<\/td>\n<td>6,13 \/ 4,19<\/td>\n<td>1 \/ 3<\/td>\n<\/tr>\n<tr>\n<td>AM3-H27\/4DR3C<\/td>\n<td>7,9 \/ 8,2<\/td>\n<td>A++\/A+<\/td>\n<td>6,19 \/ 4,08<\/td>\n<td>1 \/ 3<\/td>\n<\/tr>\n<tr>\n<td>AM4-H28\/4DR3C<\/td>\n<td>8,2 \/ 8,8<\/td>\n<td>A++\/A+<\/td>\n<td>6,15 \/ 4,10<\/td>\n<td>1 \/ 4<\/td>\n<\/tr>\n<tr>\n<td>AM4-H36\/4DR3<\/td>\n<td>10,5 \/ 11,0<\/td>\n<td>A++\/A+<\/td>\n<td>6,15 \/ 4,12<\/td>\n<td>1 \/ 4<\/td>\n<\/tr>\n<tr>\n<td>AM5-H42\/4DR3<\/td>\n<td>12,0 \/ 13,0<\/td>\n<td>A++\/A+<\/td>\n<td>6,14 \/ 4,04<\/td>\n<td>1 \/ 5<\/td>\n<\/tr>\n<\/tbody>\n<\/table>\n<p>[\/vc_column_text][\/vc_column][\/vc_row]<\/p>\n<\/section>","protected":false},"excerpt":{"rendered":"<p><strong>1-5 BELT\u00c9RI EGYS\u00c9G EGYIDEJ\u0170 KOMBIN\u00c1CI\u00d3JA<\/strong><br \/>\nA belt\u00e9ri egys\u00e9g \u00e9s a k\u00fclt\u00e9ri egys\u00e9g kombin\u00e1ci\u00f3s ar\u00e1nya magas, ami megfelel a k\u00fcl\u00f6nb\u00f6z\u0151 szuperm\u00e9r\u0151 alkalmaz\u00e1sok k\u00f6vetelm\u00e9nyeinek.<\/p>\n<ul>\n<li>Nagy hat\u00e9konys\u00e1g\u00fa DC inverteres kompresszor<\/li>\n<li>180\u00b0 szinuszos vez\u00e9rl\u00e9s<\/li>\n<li>T\u00f6bbsz\u00f6r\u00f6s v\u00e9delem<\/li>\n<li>F\u00fcggetlen EXV vez\u00e9rl\u00e9s (gyors h\u0171t\u00e9s \u00e9s f\u0171t\u00e9s)<\/li>\n<\/ul>\n","protected":false},"featured_media":12889,"template":"","meta":[],"product_brand":[],"product_cat":[457,357,353,358],"product_tag":[],"class_list":{"0":"post-12903","1":"product","2":"type-product","3":"status-publish","4":"has-post-thumbnail","6":"product_cat-aux-hu-2","7":"product_cat-lakossagi-egysegek","8":"product_cat-legkondicionalas","9":"product_cat-multi-split-hu","11":"first","12":"instock","13":"shipping-taxable","14":"product-type-simple"},"yoast_head":"<!-- This site is optimized with the Yoast SEO plugin v24.3 - https:\/\/yoast.com\/wordpress\/plugins\/seo\/ -->\n<title>AUX K\u00fclt\u00e9ri egys\u00e9g free match R32 | SLOVKLIMA DEIMOS group, s.r.o.<\/title>\n<meta name=\"robots\" content=\"index, follow, max-snippet:-1, max-image-preview:large, max-video-preview:-1\" \/>\n<link rel=\"canonical\" href=\"https:\/\/www.slovklima.sk\/hu\/produkt\/aux-kulteri-egyseg-szabadon-valaszthato-r32\/\" \/>\n<meta property=\"og:locale\" content=\"hu_HU\" \/>\n<meta property=\"og:type\" content=\"article\" \/>\n<meta property=\"og:title\" content=\"AUX K\u00fclt\u00e9ri egys\u00e9g free match R32 | SLOVKLIMA DEIMOS group, s.r.o.\" \/>\n<meta property=\"og:description\" content=\"1-5 BELT\u00c9RI EGYS\u00c9G EGYIDEJ\u0170 KOMBIN\u00c1CI\u00d3JA A belt\u00e9ri egys\u00e9g \u00e9s a k\u00fclt\u00e9ri egys\u00e9g kombin\u00e1ci\u00f3s ar\u00e1nya magas, ami megfelel a k\u00fcl\u00f6nb\u00f6z\u0151 szuperm\u00e9r\u0151 alkalmaz\u00e1sok k\u00f6vetelm\u00e9nyeinek. Nagy hat\u00e9konys\u00e1g\u00fa DC inverteres kompresszor 180\u00b0 szinuszos vez\u00e9rl\u00e9s T\u00f6bbsz\u00f6r\u00f6s v\u00e9delem F\u00fcggetlen EXV vez\u00e9rl\u00e9s (gyors h\u0171t\u00e9s \u00e9s f\u0171t\u00e9s)\" \/>\n<meta property=\"og:url\" content=\"https:\/\/www.slovklima.sk\/hu\/produkt\/aux-kulteri-egyseg-szabadon-valaszthato-r32\/\" \/>\n<meta property=\"og:site_name\" content=\"SLOVKLIMA DEIMOS group, s.r.o.\" \/>\n<meta property=\"article:modified_time\" content=\"2024-11-09T12:09:33+00:00\" \/>\n<meta property=\"og:image\" content=\"https:\/\/www.slovklima.sk\/wp-content\/uploads\/2024\/11\/aux-vonkajsia-jednotka-free-match-r32.jpg\" \/>\n\t<meta property=\"og:image:width\" content=\"800\" \/>\n\t<meta property=\"og:image:height\" content=\"1000\" \/>\n\t<meta property=\"og:image:type\" content=\"image\/jpeg\" \/>\n<meta name=\"twitter:card\" content=\"summary_large_image\" \/>\n<meta name=\"twitter:label1\" content=\"Becs\u00fclt olvas\u00e1si id\u0151\" \/>\n\t<meta name=\"twitter:data1\" content=\"1 perc\" \/>\n<script type=\"application\/ld+json\" class=\"yoast-schema-graph\">{\"@context\":\"https:\/\/schema.org\",\"@graph\":[{\"@type\":\"WebPage\",\"@id\":\"https:\/\/www.slovklima.sk\/hu\/produkt\/aux-kulteri-egyseg-szabadon-valaszthato-r32\/\",\"url\":\"https:\/\/www.slovklima.sk\/hu\/produkt\/aux-kulteri-egyseg-szabadon-valaszthato-r32\/\",\"name\":\"AUX K\u00fclt\u00e9ri egys\u00e9g free match R32 | SLOVKLIMA DEIMOS group, s.r.o.\",\"isPartOf\":{\"@id\":\"https:\/\/www.slovklima.sk\/#website\"},\"primaryImageOfPage\":{\"@id\":\"https:\/\/www.slovklima.sk\/hu\/produkt\/aux-kulteri-egyseg-szabadon-valaszthato-r32\/#primaryimage\"},\"image\":{\"@id\":\"https:\/\/www.slovklima.sk\/hu\/produkt\/aux-kulteri-egyseg-szabadon-valaszthato-r32\/#primaryimage\"},\"thumbnailUrl\":\"https:\/\/www.slovklima.sk\/wp-content\/uploads\/2024\/11\/aux-vonkajsia-jednotka-free-match-r32.jpg\",\"datePublished\":\"2024-11-01T22:21:49+00:00\",\"dateModified\":\"2024-11-09T12:09:33+00:00\",\"breadcrumb\":{\"@id\":\"https:\/\/www.slovklima.sk\/hu\/produkt\/aux-kulteri-egyseg-szabadon-valaszthato-r32\/#breadcrumb\"},\"inLanguage\":\"hu\",\"potentialAction\":[{\"@type\":\"ReadAction\",\"target\":[\"https:\/\/www.slovklima.sk\/hu\/produkt\/aux-kulteri-egyseg-szabadon-valaszthato-r32\/\"]}]},{\"@type\":\"ImageObject\",\"inLanguage\":\"hu\",\"@id\":\"https:\/\/www.slovklima.sk\/hu\/produkt\/aux-kulteri-egyseg-szabadon-valaszthato-r32\/#primaryimage\",\"url\":\"https:\/\/www.slovklima.sk\/wp-content\/uploads\/2024\/11\/aux-vonkajsia-jednotka-free-match-r32.jpg\",\"contentUrl\":\"https:\/\/www.slovklima.sk\/wp-content\/uploads\/2024\/11\/aux-vonkajsia-jednotka-free-match-r32.jpg\",\"width\":800,\"height\":1000,\"caption\":\"AUX K\u00fclt\u00e9ri egys\u00e9g free match R32\"},{\"@type\":\"BreadcrumbList\",\"@id\":\"https:\/\/www.slovklima.sk\/hu\/produkt\/aux-kulteri-egyseg-szabadon-valaszthato-r32\/#breadcrumb\",\"itemListElement\":[{\"@type\":\"ListItem\",\"position\":1,\"name\":\"Domovsk\u00e1 str\u00e1nka\",\"item\":\"https:\/\/www.slovklima.sk\/hu\/\"},{\"@type\":\"ListItem\",\"position\":2,\"name\":\"Term\u00e9kek\",\"item\":\"https:\/\/www.slovklima.sk\/termekek\/\"},{\"@type\":\"ListItem\",\"position\":3,\"name\":\"AUX K\u00fclt\u00e9ri egys\u00e9g free match R32\"}]},{\"@type\":\"WebSite\",\"@id\":\"https:\/\/www.slovklima.sk\/#website\",\"url\":\"https:\/\/www.slovklima.sk\/\",\"name\":\"SLOVKLIMA DEIMOS group, s.r.o.\",\"description\":\"\",\"publisher\":{\"@id\":\"https:\/\/www.slovklima.sk\/#organization\"},\"alternateName\":\"SLOVKLIMA\",\"potentialAction\":[{\"@type\":\"SearchAction\",\"target\":{\"@type\":\"EntryPoint\",\"urlTemplate\":\"https:\/\/www.slovklima.sk\/?s={search_term_string}\"},\"query-input\":{\"@type\":\"PropertyValueSpecification\",\"valueRequired\":true,\"valueName\":\"search_term_string\"}}],\"inLanguage\":\"hu\"},{\"@type\":\"Organization\",\"@id\":\"https:\/\/www.slovklima.sk\/#organization\",\"name\":\"SLOVKLIMA DEIMOS group, s.r.o.\",\"alternateName\":\"SLOVKLIMA\",\"url\":\"https:\/\/www.slovklima.sk\/\",\"logo\":{\"@type\":\"ImageObject\",\"inLanguage\":\"hu\",\"@id\":\"https:\/\/www.slovklima.sk\/#\/schema\/logo\/image\/\",\"url\":\"https:\/\/www.slovklima.sk\/wp-content\/uploads\/2022\/12\/slovklima-logo-black.svg\",\"contentUrl\":\"https:\/\/www.slovklima.sk\/wp-content\/uploads\/2022\/12\/slovklima-logo-black.svg\",\"width\":3218,\"height\":698,\"caption\":\"SLOVKLIMA DEIMOS group, s.r.o.\"},\"image\":{\"@id\":\"https:\/\/www.slovklima.sk\/#\/schema\/logo\/image\/\"}}]}<\/script>\n<!-- \/ Yoast SEO plugin. -->","yoast_head_json":{"title":"AUX K\u00fclt\u00e9ri egys\u00e9g free match R32 | SLOVKLIMA DEIMOS group, s.r.o.","robots":{"index":"index","follow":"follow","max-snippet":"max-snippet:-1","max-image-preview":"max-image-preview:large","max-video-preview":"max-video-preview:-1"},"canonical":"https:\/\/www.slovklima.sk\/hu\/produkt\/aux-kulteri-egyseg-szabadon-valaszthato-r32\/","og_locale":"hu_HU","og_type":"article","og_title":"AUX K\u00fclt\u00e9ri egys\u00e9g free match R32 | SLOVKLIMA DEIMOS group, s.r.o.","og_description":"1-5 BELT\u00c9RI EGYS\u00c9G EGYIDEJ\u0170 KOMBIN\u00c1CI\u00d3JA A belt\u00e9ri egys\u00e9g \u00e9s a k\u00fclt\u00e9ri egys\u00e9g kombin\u00e1ci\u00f3s ar\u00e1nya magas, ami megfelel a k\u00fcl\u00f6nb\u00f6z\u0151 szuperm\u00e9r\u0151 alkalmaz\u00e1sok k\u00f6vetelm\u00e9nyeinek. Nagy hat\u00e9konys\u00e1g\u00fa DC inverteres kompresszor 180\u00b0 szinuszos vez\u00e9rl\u00e9s T\u00f6bbsz\u00f6r\u00f6s v\u00e9delem F\u00fcggetlen EXV vez\u00e9rl\u00e9s (gyors h\u0171t\u00e9s \u00e9s f\u0171t\u00e9s)","og_url":"https:\/\/www.slovklima.sk\/hu\/produkt\/aux-kulteri-egyseg-szabadon-valaszthato-r32\/","og_site_name":"SLOVKLIMA DEIMOS group, s.r.o.","article_modified_time":"2024-11-09T12:09:33+00:00","og_image":[{"width":800,"height":1000,"url":"https:\/\/www.slovklima.sk\/wp-content\/uploads\/2024\/11\/aux-vonkajsia-jednotka-free-match-r32.jpg","type":"image\/jpeg"}],"twitter_card":"summary_large_image","twitter_misc":{"Becs\u00fclt olvas\u00e1si id\u0151":"1 perc"},"schema":{"@context":"https:\/\/schema.org","@graph":[{"@type":"WebPage","@id":"https:\/\/www.slovklima.sk\/hu\/produkt\/aux-kulteri-egyseg-szabadon-valaszthato-r32\/","url":"https:\/\/www.slovklima.sk\/hu\/produkt\/aux-kulteri-egyseg-szabadon-valaszthato-r32\/","name":"AUX K\u00fclt\u00e9ri egys\u00e9g free match R32 | SLOVKLIMA DEIMOS group, s.r.o.","isPartOf":{"@id":"https:\/\/www.slovklima.sk\/#website"},"primaryImageOfPage":{"@id":"https:\/\/www.slovklima.sk\/hu\/produkt\/aux-kulteri-egyseg-szabadon-valaszthato-r32\/#primaryimage"},"image":{"@id":"https:\/\/www.slovklima.sk\/hu\/produkt\/aux-kulteri-egyseg-szabadon-valaszthato-r32\/#primaryimage"},"thumbnailUrl":"https:\/\/www.slovklima.sk\/wp-content\/uploads\/2024\/11\/aux-vonkajsia-jednotka-free-match-r32.jpg","datePublished":"2024-11-01T22:21:49+00:00","dateModified":"2024-11-09T12:09:33+00:00","breadcrumb":{"@id":"https:\/\/www.slovklima.sk\/hu\/produkt\/aux-kulteri-egyseg-szabadon-valaszthato-r32\/#breadcrumb"},"inLanguage":"hu","potentialAction":[{"@type":"ReadAction","target":["https:\/\/www.slovklima.sk\/hu\/produkt\/aux-kulteri-egyseg-szabadon-valaszthato-r32\/"]}]},{"@type":"ImageObject","inLanguage":"hu","@id":"https:\/\/www.slovklima.sk\/hu\/produkt\/aux-kulteri-egyseg-szabadon-valaszthato-r32\/#primaryimage","url":"https:\/\/www.slovklima.sk\/wp-content\/uploads\/2024\/11\/aux-vonkajsia-jednotka-free-match-r32.jpg","contentUrl":"https:\/\/www.slovklima.sk\/wp-content\/uploads\/2024\/11\/aux-vonkajsia-jednotka-free-match-r32.jpg","width":800,"height":1000,"caption":"AUX K\u00fclt\u00e9ri egys\u00e9g free match R32"},{"@type":"BreadcrumbList","@id":"https:\/\/www.slovklima.sk\/hu\/produkt\/aux-kulteri-egyseg-szabadon-valaszthato-r32\/#breadcrumb","itemListElement":[{"@type":"ListItem","position":1,"name":"Domovsk\u00e1 str\u00e1nka","item":"https:\/\/www.slovklima.sk\/hu\/"},{"@type":"ListItem","position":2,"name":"Term\u00e9kek","item":"https:\/\/www.slovklima.sk\/termekek\/"},{"@type":"ListItem","position":3,"name":"AUX K\u00fclt\u00e9ri egys\u00e9g free match R32"}]},{"@type":"WebSite","@id":"https:\/\/www.slovklima.sk\/#website","url":"https:\/\/www.slovklima.sk\/","name":"SLOVKLIMA DEIMOS group, s.r.o.","description":"","publisher":{"@id":"https:\/\/www.slovklima.sk\/#organization"},"alternateName":"SLOVKLIMA","potentialAction":[{"@type":"SearchAction","target":{"@type":"EntryPoint","urlTemplate":"https:\/\/www.slovklima.sk\/?s={search_term_string}"},"query-input":{"@type":"PropertyValueSpecification","valueRequired":true,"valueName":"search_term_string"}}],"inLanguage":"hu"},{"@type":"Organization","@id":"https:\/\/www.slovklima.sk\/#organization","name":"SLOVKLIMA DEIMOS group, s.r.o.","alternateName":"SLOVKLIMA","url":"https:\/\/www.slovklima.sk\/","logo":{"@type":"ImageObject","inLanguage":"hu","@id":"https:\/\/www.slovklima.sk\/#\/schema\/logo\/image\/","url":"https:\/\/www.slovklima.sk\/wp-content\/uploads\/2022\/12\/slovklima-logo-black.svg","contentUrl":"https:\/\/www.slovklima.sk\/wp-content\/uploads\/2022\/12\/slovklima-logo-black.svg","width":3218,"height":698,"caption":"SLOVKLIMA DEIMOS group, s.r.o."},"image":{"@id":"https:\/\/www.slovklima.sk\/#\/schema\/logo\/image\/"}}]}},"_links":{"self":[{"href":"https:\/\/www.slovklima.sk\/hu\/wp-json\/wp\/v2\/product\/12903","targetHints":{"allow":["GET"]}}],"collection":[{"href":"https:\/\/www.slovklima.sk\/hu\/wp-json\/wp\/v2\/product"}],"about":[{"href":"https:\/\/www.slovklima.sk\/hu\/wp-json\/wp\/v2\/types\/product"}],"wp:featuredmedia":[{"embeddable":true,"href":"https:\/\/www.slovklima.sk\/hu\/wp-json\/wp\/v2\/media\/12889"}],"wp:attachment":[{"href":"https:\/\/www.slovklima.sk\/hu\/wp-json\/wp\/v2\/media?parent=12903"}],"wp:term":[{"taxonomy":"product_brand","embeddable":true,"href":"https:\/\/www.slovklima.sk\/hu\/wp-json\/wp\/v2\/product_brand?post=12903"},{"taxonomy":"product_cat","embeddable":true,"href":"https:\/\/www.slovklima.sk\/hu\/wp-json\/wp\/v2\/product_cat?post=12903"},{"taxonomy":"product_tag","embeddable":true,"href":"https:\/\/www.slovklima.sk\/hu\/wp-json\/wp\/v2\/product_tag?post=12903"}],"curies":[{"name":"wp","href":"https:\/\/api.w.org\/{rel}","templated":true}]}}