{"id":12224,"date":"2023-11-11T22:43:15","date_gmt":"2023-11-11T21:43:15","guid":{"rendered":"https:\/\/www.slovklima.sk\/produkt\/toshiba-console-multi-r32\/"},"modified":"2024-06-07T10:49:52","modified_gmt":"2024-06-07T08:49:52","slug":"toshiba-console-multi-r32","status":"publish","type":"product","link":"https:\/\/www.slovklima.sk\/hu\/produkt\/toshiba-console-multi-r32\/","title":{"rendered":"TOSHIBA CONSOLE multi R32"},"content":{"rendered":"<section class=\"wpb-content-wrapper\"><p>[vc_row][vc_column el_class=&#8221;table-style&#8221; woodmart_css_id=&#8221;654ff5dbab7f8&#8243; parallax_scroll=&#8221;no&#8221; woodmart_sticky_column=&#8221;false&#8221; wd_collapsible_content_switcher=&#8221;no&#8221; wd_column_role_offcanvas_desktop=&#8221;no&#8221; wd_column_role_offcanvas_tablet=&#8221;no&#8221; wd_column_role_offcanvas_mobile=&#8221;no&#8221; wd_column_role_content_desktop=&#8221;no&#8221; wd_column_role_content_tablet=&#8221;no&#8221; wd_column_role_content_mobile=&#8221;no&#8221; mobile_bg_img_hidden=&#8221;no&#8221; tablet_bg_img_hidden=&#8221;no&#8221; woodmart_parallax=&#8221;0&#8243; woodmart_box_shadow=&#8221;no&#8221; responsive_spacing=&#8221;eyJwYXJhbV90eXBlIjoid29vZG1hcnRfcmVzcG9uc2l2ZV9zcGFjaW5nIiwic2VsZWN0b3JfaWQiOiI2NTRmZjVkYmFiN2Y4Iiwic2hvcnRjb2RlIjoidmNfY29sdW1uIiwiZGF0YSI6eyJ0YWJsZXQiOnt9LCJtb2JpbGUiOnt9fX0=&#8221; mobile_reset_margin=&#8221;no&#8221; tablet_reset_margin=&#8221;no&#8221; wd_z_index=&#8221;no&#8221;][vc_column_text woodmart_inline=&#8221;no&#8221; text_larger=&#8221;no&#8221;]<\/p>\n<table>\n<thead>\n<tr>\n<th style=\"text-align: left;\"><em>Belt\u00e9ri egys\u00e9g<\/em> modell<\/th>\n<th style=\"text-align: center;\">Teljes\u00edtm\u00e9ny <em>kW<\/em><\/th>\n<th style=\"text-align: center;\">BxHxT <em>mm<\/em><\/th>\n<\/tr>\n<\/thead>\n<tbody>\n<tr>\n<td>RAS-B10J2FVG-E<\/td>\n<td style=\"text-align: center;\">2,5 \/ 3,2<\/td>\n<td style=\"text-align: center;\">700x600x220<\/td>\n<\/tr>\n<tr>\n<td>RAS-B13J2FVG-E<\/td>\n<td style=\"text-align: center;\">3,5 \/ 4,2<\/td>\n<td style=\"text-align: center;\">700x600x220<\/td>\n<\/tr>\n<tr>\n<td>RAS-B18J2FVG-E<\/td>\n<td style=\"text-align: center;\">5,0 \/ 6,0<\/td>\n<td style=\"text-align: center;\">700x600x220<\/td>\n<\/tr>\n<\/tbody>\n<\/table>\n<p>[\/vc_column_text][\/vc_column][\/vc_row]<\/p>\n<\/section>","protected":false},"excerpt":{"rendered":"<p><strong>MINDEN HELYIS\u00c9GBE MEGFELEL\u0150 P\u00c1RK\u00c1NYEGYS\u00c9G<\/strong><\/p>\n<ul>\n<li>A k\u00e9sz\u00fcl\u00e9k be\u00e1ll\u00edt\u00e1sai k\u00f6zvetlen\u00fcl a t\u00e1vir\u00e1ny\u00edt\u00f3val vagy a k\u00e9sz\u00fcl\u00e9k kezel\u0151elem\u00e9n kereszt\u00fcl v\u00e9gezhet\u0151k el (ez sz\u00fcks\u00e9g eset\u00e9n z\u00e1rhat\u00f3 is &#8211; gyermekz\u00e1r).<\/li>\n<li>Nagyon alacsony m\u0171k\u00f6d\u00e9si zaj (a nagym\u00e9ret\u0171 radi\u00e1lis ventil\u00e1tor optim\u00e1lis l\u00e9geloszt\u00e1st biztos\u00edt rendk\u00edv\u00fcl alacsony zajszint mellett, alacsony ventil\u00e1torfordulatsz\u00e1mon)<\/li>\n<li>V\u00e1ltoztathat\u00f3 l\u00e9gkif\u00fav\u00e1s vez\u00e9rl\u00e9s (a t\u00e1vir\u00e1ny\u00edt\u00f3n l\u00e9v\u0151 gomb seg\u00edts\u00e9g\u00e9vel be\u00e1ll\u00edthatja a bef\u00fajt hideg vagy meleg leveg\u0151 ir\u00e1ny\u00e1t, csak a f\u0171t\u00e9sn\u00e9l a padl\u00f3 ment\u00e9n t\u00f6rt\u00e9n\u0151 l\u00e9g\u00e1raml\u00e1s rendk\u00edv\u00fcl hat\u00e9kony \u00e9s kellemes).<\/li>\n<li>Padl\u00f3f\u0171t\u00e9si hat\u00e1s (amikor a &#8222;padl\u00f3f\u0171t\u00e9si \u00fczemm\u00f3d&#8221; aktiv\u00e1lva van, rendk\u00edv\u00fcl meleg leveg\u0151 f\u00faj\u00f3dik a k\u00e9sz\u00fcl\u00e9k alj\u00e1n, de alacsony \u00e1raml\u00e1si sebess\u00e9ggel).<\/li>\n<li>IAQ sz\u0171r\u0151rendszer<\/li>\n<li>&#8222;Csendes&#8221; \u00fczemm\u00f3d (a t\u00e1vvez\u00e9rl\u0151n l\u00e9v\u0151 &#8222;Csendes&#8221; gomb aktiv\u00e1l\u00e1sa a belt\u00e9ri egys\u00e9g ventil\u00e1tor\u00e1nak fordulatsz\u00e1m\u00e1t nagyon alacsony fordulatsz\u00e1mra kapcsolja, \u00edgy a k\u00e9sz\u00fcl\u00e9k nagyon halkan m\u0171k\u00f6dik).<\/li>\n<\/ul>\n<div class=\"product-icons\"><img decoding=\"async\" class=\"alignnone size-full wp-image-7894\" title=\"Energiatakar\u00e9koss\u00e1gi funkci\u00f3\" src=\"\/wp-content\/uploads\/2023\/10\/Uspora_energie.png\" alt=\"\" width=\"151\" height=\"151\"><img decoding=\"async\" class=\"alignnone size-medium wp-image-7893\" title=\"I-Feel funkci\u00f3\" src=\"\/wp-content\/uploads\/2023\/10\/I-Feel.png\" alt=\"\" width=\"151\" height=\"151\"><img decoding=\"async\" class=\"alignnone size-medium wp-image-7892\" title=\"Higi\u00e9nikus sz\u0171r\u0151\" src=\"\/wp-content\/uploads\/2023\/10\/Hyg_filter.png\" alt=\"\" width=\"151\" height=\"151\"><img decoding=\"async\" class=\"alignnone size-medium wp-image-7891\" title=\"Vezet\u00e9kes t\u00e1vir\u00e1ny\u00edt\u00f3\" src=\"\/wp-content\/uploads\/2023\/10\/Dialkove_ovladanie_kablove.png\" alt=\"\" width=\"151\" height=\"151\"><img decoding=\"async\" class=\"alignnone wp-image-7890 size-full\" title=\"Hideg plazma gener\u00e1tor\" src=\"\/wp-content\/uploads\/2023\/10\/Cold_generator.png\" alt=\"\" width=\"151\" height=\"151\"><img decoding=\"async\" class=\"alignnone size-medium wp-image-7889\" title=\"Automatikus tiszt\u00edt\u00e1si funkci\u00f3\" src=\"\/wp-content\/uploads\/2023\/10\/Automaticke_cistenie.png\" alt=\"\" width=\"151\" height=\"151\"><img decoding=\"async\" class=\"alignnone size-full wp-image-7888\" title=\"24 \u00f3r\u00e1s id\u0151z\u00edt\u0151\" src=\"\/wp-content\/uploads\/2023\/10\/24h_casovac.png\" alt=\"\" width=\"151\" height=\"151\"><img decoding=\"async\" class=\"alignnone size-full wp-image-7887\" title=\"Wifi vez\u00e9rl\u00e9s\" src=\"\/wp-content\/uploads\/2023\/10\/Wi-Fi_ovladanie.png\" alt=\"\" width=\"151\" height=\"151\"><\/div>\n","protected":false},"featured_media":12218,"template":"","meta":[],"product_brand":[],"product_cat":[357,353,358,366],"product_tag":[],"class_list":{"0":"post-12224","1":"product","2":"type-product","3":"status-publish","4":"has-post-thumbnail","6":"product_cat-lakossagi-egysegek","7":"product_cat-legkondicionalas","8":"product_cat-multi-split-hu","9":"product_cat-toshiba-hu-2","11":"first","12":"instock","13":"shipping-taxable","14":"product-type-simple"},"yoast_head":"<!-- This site is optimized with the Yoast SEO plugin v24.3 - https:\/\/yoast.com\/wordpress\/plugins\/seo\/ -->\n<title>TOSHIBA CONSOLE multi R32 | SLOVKLIMA DEIMOS group, s.r.o.<\/title>\n<meta name=\"robots\" content=\"index, follow, max-snippet:-1, max-image-preview:large, max-video-preview:-1\" \/>\n<link rel=\"canonical\" href=\"https:\/\/www.slovklima.sk\/hu\/produkt\/toshiba-console-multi-r32\/\" \/>\n<meta property=\"og:locale\" content=\"hu_HU\" \/>\n<meta property=\"og:type\" content=\"article\" \/>\n<meta property=\"og:title\" content=\"TOSHIBA CONSOLE multi R32 | SLOVKLIMA DEIMOS group, s.r.o.\" \/>\n<meta property=\"og:description\" content=\"MINDEN HELYIS\u00c9GBE MEGFELEL\u0150 P\u00c1RK\u00c1NYEGYS\u00c9G  A k\u00e9sz\u00fcl\u00e9k be\u00e1ll\u00edt\u00e1sai k\u00f6zvetlen\u00fcl a t\u00e1vir\u00e1ny\u00edt\u00f3val vagy a k\u00e9sz\u00fcl\u00e9k kezel\u0151elem\u00e9n kereszt\u00fcl v\u00e9gezhet\u0151k el (ez sz\u00fcks\u00e9g eset\u00e9n z\u00e1rhat\u00f3 is - gyermekz\u00e1r).  Nagyon alacsony m\u0171k\u00f6d\u00e9si zaj (a nagym\u00e9ret\u0171 radi\u00e1lis ventil\u00e1tor optim\u00e1lis l\u00e9geloszt\u00e1st biztos\u00edt rendk\u00edv\u00fcl alacsony zajszint mellett, alacsony ventil\u00e1torfordulatsz\u00e1mon)  V\u00e1ltoztathat\u00f3 l\u00e9gkif\u00fav\u00e1s vez\u00e9rl\u00e9s (a t\u00e1vir\u00e1ny\u00edt\u00f3n l\u00e9v\u0151 gomb seg\u00edts\u00e9g\u00e9vel be\u00e1ll\u00edthatja a bef\u00fajt hideg vagy meleg leveg\u0151 ir\u00e1ny\u00e1t, csak a f\u0171t\u00e9sn\u00e9l a padl\u00f3 ment\u00e9n t\u00f6rt\u00e9n\u0151 l\u00e9g\u00e1raml\u00e1s rendk\u00edv\u00fcl hat\u00e9kony \u00e9s kellemes).  Padl\u00f3f\u0171t\u00e9si hat\u00e1s (amikor a &quot;padl\u00f3f\u0171t\u00e9si \u00fczemm\u00f3d&quot; aktiv\u00e1lva van, rendk\u00edv\u00fcl meleg leveg\u0151 f\u00faj\u00f3dik a k\u00e9sz\u00fcl\u00e9k alj\u00e1n, de alacsony \u00e1raml\u00e1si sebess\u00e9ggel).  IAQ sz\u0171r\u0151rendszer  &quot;Csendes&quot; \u00fczemm\u00f3d (a t\u00e1vvez\u00e9rl\u0151n l\u00e9v\u0151 &quot;Csendes&quot; gomb aktiv\u00e1l\u00e1sa a belt\u00e9ri egys\u00e9g ventil\u00e1tor\u00e1nak fordulatsz\u00e1m\u00e1t nagyon alacsony fordulatsz\u00e1mra kapcsolja, \u00edgy a k\u00e9sz\u00fcl\u00e9k nagyon halkan m\u0171k\u00f6dik).\" \/>\n<meta property=\"og:url\" content=\"https:\/\/www.slovklima.sk\/hu\/produkt\/toshiba-console-multi-r32\/\" \/>\n<meta property=\"og:site_name\" content=\"SLOVKLIMA DEIMOS group, s.r.o.\" \/>\n<meta property=\"article:modified_time\" content=\"2024-06-07T08:49:52+00:00\" \/>\n<meta property=\"og:image\" content=\"https:\/\/www.slovklima.sk\/wp-content\/uploads\/2023\/11\/toshiba-console-inverter-split-parapetna-jednotka.jpg\" \/>\n\t<meta property=\"og:image:width\" content=\"800\" \/>\n\t<meta property=\"og:image:height\" content=\"1000\" \/>\n\t<meta property=\"og:image:type\" content=\"image\/jpeg\" \/>\n<meta name=\"twitter:card\" content=\"summary_large_image\" \/>\n<meta name=\"twitter:label1\" content=\"Becs\u00fclt olvas\u00e1si id\u0151\" \/>\n\t<meta name=\"twitter:data1\" content=\"1 perc\" \/>\n<script type=\"application\/ld+json\" class=\"yoast-schema-graph\">{\"@context\":\"https:\/\/schema.org\",\"@graph\":[{\"@type\":\"WebPage\",\"@id\":\"https:\/\/www.slovklima.sk\/hu\/produkt\/toshiba-console-multi-r32\/\",\"url\":\"https:\/\/www.slovklima.sk\/hu\/produkt\/toshiba-console-multi-r32\/\",\"name\":\"TOSHIBA CONSOLE multi R32 | SLOVKLIMA DEIMOS group, s.r.o.\",\"isPartOf\":{\"@id\":\"https:\/\/www.slovklima.sk\/#website\"},\"primaryImageOfPage\":{\"@id\":\"https:\/\/www.slovklima.sk\/hu\/produkt\/toshiba-console-multi-r32\/#primaryimage\"},\"image\":{\"@id\":\"https:\/\/www.slovklima.sk\/hu\/produkt\/toshiba-console-multi-r32\/#primaryimage\"},\"thumbnailUrl\":\"https:\/\/www.slovklima.sk\/wp-content\/uploads\/2023\/11\/toshiba-console-inverter-split-parapetna-jednotka.jpg\",\"datePublished\":\"2023-11-11T21:43:15+00:00\",\"dateModified\":\"2024-06-07T08:49:52+00:00\",\"breadcrumb\":{\"@id\":\"https:\/\/www.slovklima.sk\/hu\/produkt\/toshiba-console-multi-r32\/#breadcrumb\"},\"inLanguage\":\"hu\",\"potentialAction\":[{\"@type\":\"ReadAction\",\"target\":[\"https:\/\/www.slovklima.sk\/hu\/produkt\/toshiba-console-multi-r32\/\"]}]},{\"@type\":\"ImageObject\",\"inLanguage\":\"hu\",\"@id\":\"https:\/\/www.slovklima.sk\/hu\/produkt\/toshiba-console-multi-r32\/#primaryimage\",\"url\":\"https:\/\/www.slovklima.sk\/wp-content\/uploads\/2023\/11\/toshiba-console-inverter-split-parapetna-jednotka.jpg\",\"contentUrl\":\"https:\/\/www.slovklima.sk\/wp-content\/uploads\/2023\/11\/toshiba-console-inverter-split-parapetna-jednotka.jpg\",\"width\":800,\"height\":1000,\"caption\":\"TOSHIBA CONSOLE Inverter Split (parapet egys\u00e9g) 32\"},{\"@type\":\"BreadcrumbList\",\"@id\":\"https:\/\/www.slovklima.sk\/hu\/produkt\/toshiba-console-multi-r32\/#breadcrumb\",\"itemListElement\":[{\"@type\":\"ListItem\",\"position\":1,\"name\":\"Domovsk\u00e1 str\u00e1nka\",\"item\":\"https:\/\/www.slovklima.sk\/hu\/\"},{\"@type\":\"ListItem\",\"position\":2,\"name\":\"Term\u00e9kek\",\"item\":\"https:\/\/www.slovklima.sk\/termekek\/\"},{\"@type\":\"ListItem\",\"position\":3,\"name\":\"TOSHIBA CONSOLE multi R32\"}]},{\"@type\":\"WebSite\",\"@id\":\"https:\/\/www.slovklima.sk\/#website\",\"url\":\"https:\/\/www.slovklima.sk\/\",\"name\":\"SLOVKLIMA DEIMOS group, s.r.o.\",\"description\":\"\",\"publisher\":{\"@id\":\"https:\/\/www.slovklima.sk\/#organization\"},\"alternateName\":\"SLOVKLIMA\",\"potentialAction\":[{\"@type\":\"SearchAction\",\"target\":{\"@type\":\"EntryPoint\",\"urlTemplate\":\"https:\/\/www.slovklima.sk\/?s={search_term_string}\"},\"query-input\":{\"@type\":\"PropertyValueSpecification\",\"valueRequired\":true,\"valueName\":\"search_term_string\"}}],\"inLanguage\":\"hu\"},{\"@type\":\"Organization\",\"@id\":\"https:\/\/www.slovklima.sk\/#organization\",\"name\":\"SLOVKLIMA DEIMOS group, s.r.o.\",\"alternateName\":\"SLOVKLIMA\",\"url\":\"https:\/\/www.slovklima.sk\/\",\"logo\":{\"@type\":\"ImageObject\",\"inLanguage\":\"hu\",\"@id\":\"https:\/\/www.slovklima.sk\/#\/schema\/logo\/image\/\",\"url\":\"https:\/\/www.slovklima.sk\/wp-content\/uploads\/2022\/12\/slovklima-logo-black.svg\",\"contentUrl\":\"https:\/\/www.slovklima.sk\/wp-content\/uploads\/2022\/12\/slovklima-logo-black.svg\",\"width\":3218,\"height\":698,\"caption\":\"SLOVKLIMA DEIMOS group, s.r.o.\"},\"image\":{\"@id\":\"https:\/\/www.slovklima.sk\/#\/schema\/logo\/image\/\"}}]}<\/script>\n<!-- \/ Yoast SEO plugin. -->","yoast_head_json":{"title":"TOSHIBA CONSOLE multi R32 | SLOVKLIMA DEIMOS group, s.r.o.","robots":{"index":"index","follow":"follow","max-snippet":"max-snippet:-1","max-image-preview":"max-image-preview:large","max-video-preview":"max-video-preview:-1"},"canonical":"https:\/\/www.slovklima.sk\/hu\/produkt\/toshiba-console-multi-r32\/","og_locale":"hu_HU","og_type":"article","og_title":"TOSHIBA CONSOLE multi R32 | SLOVKLIMA DEIMOS group, s.r.o.","og_description":"MINDEN HELYIS\u00c9GBE MEGFELEL\u0150 P\u00c1RK\u00c1NYEGYS\u00c9G  A k\u00e9sz\u00fcl\u00e9k be\u00e1ll\u00edt\u00e1sai k\u00f6zvetlen\u00fcl a t\u00e1vir\u00e1ny\u00edt\u00f3val vagy a k\u00e9sz\u00fcl\u00e9k kezel\u0151elem\u00e9n kereszt\u00fcl v\u00e9gezhet\u0151k el (ez sz\u00fcks\u00e9g eset\u00e9n z\u00e1rhat\u00f3 is - gyermekz\u00e1r).  Nagyon alacsony m\u0171k\u00f6d\u00e9si zaj (a nagym\u00e9ret\u0171 radi\u00e1lis ventil\u00e1tor optim\u00e1lis l\u00e9geloszt\u00e1st biztos\u00edt rendk\u00edv\u00fcl alacsony zajszint mellett, alacsony ventil\u00e1torfordulatsz\u00e1mon)  V\u00e1ltoztathat\u00f3 l\u00e9gkif\u00fav\u00e1s vez\u00e9rl\u00e9s (a t\u00e1vir\u00e1ny\u00edt\u00f3n l\u00e9v\u0151 gomb seg\u00edts\u00e9g\u00e9vel be\u00e1ll\u00edthatja a bef\u00fajt hideg vagy meleg leveg\u0151 ir\u00e1ny\u00e1t, csak a f\u0171t\u00e9sn\u00e9l a padl\u00f3 ment\u00e9n t\u00f6rt\u00e9n\u0151 l\u00e9g\u00e1raml\u00e1s rendk\u00edv\u00fcl hat\u00e9kony \u00e9s kellemes).  Padl\u00f3f\u0171t\u00e9si hat\u00e1s (amikor a \"padl\u00f3f\u0171t\u00e9si \u00fczemm\u00f3d\" aktiv\u00e1lva van, rendk\u00edv\u00fcl meleg leveg\u0151 f\u00faj\u00f3dik a k\u00e9sz\u00fcl\u00e9k alj\u00e1n, de alacsony \u00e1raml\u00e1si sebess\u00e9ggel).  IAQ sz\u0171r\u0151rendszer  \"Csendes\" \u00fczemm\u00f3d (a t\u00e1vvez\u00e9rl\u0151n l\u00e9v\u0151 \"Csendes\" gomb aktiv\u00e1l\u00e1sa a belt\u00e9ri egys\u00e9g ventil\u00e1tor\u00e1nak fordulatsz\u00e1m\u00e1t nagyon alacsony fordulatsz\u00e1mra kapcsolja, \u00edgy a k\u00e9sz\u00fcl\u00e9k nagyon halkan m\u0171k\u00f6dik).","og_url":"https:\/\/www.slovklima.sk\/hu\/produkt\/toshiba-console-multi-r32\/","og_site_name":"SLOVKLIMA DEIMOS group, s.r.o.","article_modified_time":"2024-06-07T08:49:52+00:00","og_image":[{"width":800,"height":1000,"url":"https:\/\/www.slovklima.sk\/wp-content\/uploads\/2023\/11\/toshiba-console-inverter-split-parapetna-jednotka.jpg","type":"image\/jpeg"}],"twitter_card":"summary_large_image","twitter_misc":{"Becs\u00fclt olvas\u00e1si id\u0151":"1 perc"},"schema":{"@context":"https:\/\/schema.org","@graph":[{"@type":"WebPage","@id":"https:\/\/www.slovklima.sk\/hu\/produkt\/toshiba-console-multi-r32\/","url":"https:\/\/www.slovklima.sk\/hu\/produkt\/toshiba-console-multi-r32\/","name":"TOSHIBA CONSOLE multi R32 | SLOVKLIMA DEIMOS group, s.r.o.","isPartOf":{"@id":"https:\/\/www.slovklima.sk\/#website"},"primaryImageOfPage":{"@id":"https:\/\/www.slovklima.sk\/hu\/produkt\/toshiba-console-multi-r32\/#primaryimage"},"image":{"@id":"https:\/\/www.slovklima.sk\/hu\/produkt\/toshiba-console-multi-r32\/#primaryimage"},"thumbnailUrl":"https:\/\/www.slovklima.sk\/wp-content\/uploads\/2023\/11\/toshiba-console-inverter-split-parapetna-jednotka.jpg","datePublished":"2023-11-11T21:43:15+00:00","dateModified":"2024-06-07T08:49:52+00:00","breadcrumb":{"@id":"https:\/\/www.slovklima.sk\/hu\/produkt\/toshiba-console-multi-r32\/#breadcrumb"},"inLanguage":"hu","potentialAction":[{"@type":"ReadAction","target":["https:\/\/www.slovklima.sk\/hu\/produkt\/toshiba-console-multi-r32\/"]}]},{"@type":"ImageObject","inLanguage":"hu","@id":"https:\/\/www.slovklima.sk\/hu\/produkt\/toshiba-console-multi-r32\/#primaryimage","url":"https:\/\/www.slovklima.sk\/wp-content\/uploads\/2023\/11\/toshiba-console-inverter-split-parapetna-jednotka.jpg","contentUrl":"https:\/\/www.slovklima.sk\/wp-content\/uploads\/2023\/11\/toshiba-console-inverter-split-parapetna-jednotka.jpg","width":800,"height":1000,"caption":"TOSHIBA CONSOLE Inverter Split (parapet egys\u00e9g) 32"},{"@type":"BreadcrumbList","@id":"https:\/\/www.slovklima.sk\/hu\/produkt\/toshiba-console-multi-r32\/#breadcrumb","itemListElement":[{"@type":"ListItem","position":1,"name":"Domovsk\u00e1 str\u00e1nka","item":"https:\/\/www.slovklima.sk\/hu\/"},{"@type":"ListItem","position":2,"name":"Term\u00e9kek","item":"https:\/\/www.slovklima.sk\/termekek\/"},{"@type":"ListItem","position":3,"name":"TOSHIBA CONSOLE multi R32"}]},{"@type":"WebSite","@id":"https:\/\/www.slovklima.sk\/#website","url":"https:\/\/www.slovklima.sk\/","name":"SLOVKLIMA DEIMOS group, s.r.o.","description":"","publisher":{"@id":"https:\/\/www.slovklima.sk\/#organization"},"alternateName":"SLOVKLIMA","potentialAction":[{"@type":"SearchAction","target":{"@type":"EntryPoint","urlTemplate":"https:\/\/www.slovklima.sk\/?s={search_term_string}"},"query-input":{"@type":"PropertyValueSpecification","valueRequired":true,"valueName":"search_term_string"}}],"inLanguage":"hu"},{"@type":"Organization","@id":"https:\/\/www.slovklima.sk\/#organization","name":"SLOVKLIMA DEIMOS group, s.r.o.","alternateName":"SLOVKLIMA","url":"https:\/\/www.slovklima.sk\/","logo":{"@type":"ImageObject","inLanguage":"hu","@id":"https:\/\/www.slovklima.sk\/#\/schema\/logo\/image\/","url":"https:\/\/www.slovklima.sk\/wp-content\/uploads\/2022\/12\/slovklima-logo-black.svg","contentUrl":"https:\/\/www.slovklima.sk\/wp-content\/uploads\/2022\/12\/slovklima-logo-black.svg","width":3218,"height":698,"caption":"SLOVKLIMA DEIMOS group, s.r.o."},"image":{"@id":"https:\/\/www.slovklima.sk\/#\/schema\/logo\/image\/"}}]}},"_links":{"self":[{"href":"https:\/\/www.slovklima.sk\/hu\/wp-json\/wp\/v2\/product\/12224","targetHints":{"allow":["GET"]}}],"collection":[{"href":"https:\/\/www.slovklima.sk\/hu\/wp-json\/wp\/v2\/product"}],"about":[{"href":"https:\/\/www.slovklima.sk\/hu\/wp-json\/wp\/v2\/types\/product"}],"wp:featuredmedia":[{"embeddable":true,"href":"https:\/\/www.slovklima.sk\/hu\/wp-json\/wp\/v2\/media\/12218"}],"wp:attachment":[{"href":"https:\/\/www.slovklima.sk\/hu\/wp-json\/wp\/v2\/media?parent=12224"}],"wp:term":[{"taxonomy":"product_brand","embeddable":true,"href":"https:\/\/www.slovklima.sk\/hu\/wp-json\/wp\/v2\/product_brand?post=12224"},{"taxonomy":"product_cat","embeddable":true,"href":"https:\/\/www.slovklima.sk\/hu\/wp-json\/wp\/v2\/product_cat?post=12224"},{"taxonomy":"product_tag","embeddable":true,"href":"https:\/\/www.slovklima.sk\/hu\/wp-json\/wp\/v2\/product_tag?post=12224"}],"curies":[{"name":"wp","href":"https:\/\/api.w.org\/{rel}","templated":true}]}}