{"id":12215,"date":"2023-11-08T14:11:49","date_gmt":"2023-11-08T13:11:49","guid":{"rendered":"https:\/\/www.slovklima.sk\/produkt\/toshiba-console-osztott-r32\/"},"modified":"2024-06-07T10:49:52","modified_gmt":"2024-06-07T08:49:52","slug":"toshiba-console-osztott-r32","status":"publish","type":"product","link":"https:\/\/www.slovklima.sk\/hu\/produkt\/toshiba-console-osztott-r32\/","title":{"rendered":"TOSHIBA CONSOLE osztott R32"},"content":{"rendered":"<section class=\"wpb-content-wrapper\"><p>[vc_row][vc_column el_class=&#8221;table-style&#8221; woodmart_css_id=&#8221;654fefe64c426&#8243; parallax_scroll=&#8221;no&#8221; woodmart_sticky_column=&#8221;false&#8221; wd_collapsible_content_switcher=&#8221;no&#8221; wd_column_role_offcanvas_desktop=&#8221;no&#8221; wd_column_role_offcanvas_tablet=&#8221;no&#8221; wd_column_role_offcanvas_mobile=&#8221;no&#8221; wd_column_role_content_desktop=&#8221;no&#8221; wd_column_role_content_tablet=&#8221;no&#8221; wd_column_role_content_mobile=&#8221;no&#8221; mobile_bg_img_hidden=&#8221;no&#8221; tablet_bg_img_hidden=&#8221;no&#8221; woodmart_parallax=&#8221;0&#8243; woodmart_box_shadow=&#8221;no&#8221; responsive_spacing=&#8221;eyJwYXJhbV90eXBlIjoid29vZG1hcnRfcmVzcG9uc2l2ZV9zcGFjaW5nIiwic2VsZWN0b3JfaWQiOiI2NTRmZWZlNjRjNDI2Iiwic2hvcnRjb2RlIjoidmNfY29sdW1uIiwiZGF0YSI6eyJ0YWJsZXQiOnt9LCJtb2JpbGUiOnt9fX0=&#8221; mobile_reset_margin=&#8221;no&#8221; tablet_reset_margin=&#8221;no&#8221; wd_z_index=&#8221;no&#8221;][vc_column_text woodmart_inline=&#8221;no&#8221; text_larger=&#8221;no&#8221;]<\/p>\n<table>\n<thead>\n<tr>\n<th>Modell <em>(belt\u00e9ri + k\u00fclt\u00e9ri egys\u00e9g)<\/em><\/th>\n<th style=\"text-align: center;\">Teljes\u00edtm\u00e9ny <em>kW<\/em><\/th>\n<th style=\"text-align: center;\">Energiaoszt\u00e1ly &#8211; h\u0171t\u00e9s\/f\u0171t\u00e9s<\/th>\n<th style=\"text-align: center;\">Szezon\u00e1lis hat\u00e9konys\u00e1g &#8211; SEER\/SCOP<\/th>\n<th style=\"text-align: center;\">BxHxT mm (belt\u00e9ri + k\u00fclt\u00e9ri egys\u00e9g) <\/th>\n<\/tr>\n<\/thead>\n<tbody>\n<tr>\n<td style=\"text-align: left;\">RAS-B10J2FVG-E \/ J2AVSG-E1<\/td>\n<td style=\"text-align: center;\">2,5 \/ 3,2<\/td>\n<td style=\"text-align: center;\">A++ \/ A++<\/td>\n<td style=\"text-align: center;\">7,2 \/ 4,7<\/td>\n<td style=\"text-align: center;\">700x600x220 \/ 780x550x290<\/td>\n<\/tr>\n<tr>\n<td style=\"text-align: left;\">RAS-B13J2FVG-E \/ J2AVSG-E1<\/td>\n<td style=\"text-align: center;\">3,5 \/ 4,2<\/td>\n<td style=\"text-align: center;\">A++ \/ A++<\/td>\n<td style=\"text-align: center;\">7,0 \/ 4,7<\/td>\n<td style=\"text-align: center;\">700x600x220 \/ 780x550x290<\/td>\n<\/tr>\n<tr>\n<td style=\"text-align: left;\">RAS-B18J2FVG-E \/ J2AVSG-E1<\/td>\n<td style=\"text-align: center;\">5,0 \/ 6,0<\/td>\n<td style=\"text-align: center;\">A++ \/ A++<\/td>\n<td style=\"text-align: center;\">6,8 \/ 4,6<\/td>\n<td style=\"text-align: center;\">700x600x220 \/ 780x550x290<\/td>\n<\/tr>\n<\/tbody>\n<\/table>\n<p>[\/vc_column_text][\/vc_column][\/vc_row]<\/p>\n<\/section>","protected":false},"excerpt":{"rendered":"<p><strong>MINDEN HELYIS\u00c9GBE MEGFELEL\u0150 P\u00c1RK\u00c1NYEGYS\u00c9G<\/strong><\/p>\n<p>A parapet egys\u00e9g kisebb, mint egy hagyom\u00e1nyos f\u0171t\u0151test, de f\u0171t\u00e9si \u00e9s h\u0171t\u00e9si funkci\u00f3kkal rendelkezik. K\u00fcl\u00f6nb\u00f6z\u0151 l\u00e9gkivezet\u00e9sek \u00e9s szell\u0151z\u00e9si sebess\u00e9gek k\u00f6z\u00fcl v\u00e1laszthat. Az egyed\u00fcl\u00e1ll\u00f3 padl\u00f3f\u0171t\u00e9s garant\u00e1lja a meleg l\u00e1bakat. Egy speci\u00e1lis IAQ-sz\u0171r\u0151 enzimekkel tiszt\u00edtja a szoba leveg\u0151j\u00e9t.<\/p>\n<ul>\n<li>Nagyon j\u00f3 energiahat\u00e9konys\u00e1g (ak\u00e1r A++)<\/li>\n<li>Hibrid DC inverter technol\u00f3gia<\/li>\n<li>Rendk\u00edv\u00fcl magas hat\u00e1sfok r\u00e9szterhel\u00e9s\u0171 rendszerben<\/li>\n<li>K\u00e9t l\u00e9gkivezet\u00e9s<\/li>\n<\/ul>\n<div class=\"product-icons\"><img decoding=\"async\" class=\"alignnone size-full wp-image-8538\" title=\"H\u0171t\u0151teljes\u00edtm\u00e9ny 2,50 - 5,00 kW\" src=\"https:\/\/www.slovklima.sk\/wp-content\/uploads\/2024\/03\/chladiaci-vykon.jpg\" alt=\"H\u0171t\u00e9si teljes\u00edtm\u00e9ny\" width=\"151\" height=\"151\"><img decoding=\"async\" class=\"alignnone size-full wp-image-8534\" title=\"F\u0171t\u00e9si teljes\u00edtm\u00e9ny 3,20 - 6,00 kW\" src=\"https:\/\/www.slovklima.sk\/wp-content\/uploads\/2024\/03\/vykurovaci-vykon.jpg\" alt=\"f\u0171t\u00e9si teljes\u00edtm\u00e9ny\" width=\"151\" height=\"151\"><img decoding=\"async\" class=\"alignnone size-full wp-image-8944\" title=\"Elektromos teljes\u00edtm\u00e9ny (min.\/n\u00e9vleges\/maxim\u00e1lis) 0,19 - 2,55 kW\" src=\"https:\/\/www.slovklima.sk\/wp-content\/uploads\/2023\/10\/el-prikon-ch.jpg\" alt=\"\" width=\"151\" height=\"151\"><img decoding=\"async\" class=\"alignnone size-full wp-image-8945\" title=\"Elektromos teljes\u00edtm\u00e9ny (min.\/nom.\/max.) 0,16 - 2,75 kW\" src=\"https:\/\/www.slovklima.sk\/wp-content\/uploads\/2023\/10\/el-prikon-te.jpg\" alt=\"\" width=\"151\" height=\"151\"><img decoding=\"async\" class=\"alignnone size-full wp-image-8539\" title=\"M\u00e9retek (magass\u00e1g \u00d7 sz\u00e9less\u00e9g \u00d7 magass\u00e1g) 600 x700 x 220 - 600 x 700 x 220 mm\" src=\"https:\/\/www.slovklima.sk\/wp-content\/uploads\/2024\/03\/rozmery.jpg\" alt=\"\" width=\"151\" height=\"151\"><img decoding=\"async\" class=\"size-full wp-image-8536\" title=\"Hangteljes\u00edtm\u00e9nyszint 52 - 60 dB(A)\" src=\"https:\/\/www.slovklima.sk\/wp-content\/uploads\/2024\/03\/akusticky-tlak.jpg\" alt=\"\" width=\"151\" height=\"151\"><img decoding=\"async\" class=\"alignnone size-full wp-image-8943\" title=\"Mindenre kiterjed\u0151 konfigur\u00e1ci\u00f3\" src=\"https:\/\/www.slovklima.sk\/wp-content\/uploads\/2023\/10\/konfiguracia2.jpg\" alt=\"\" width=\"151\" height=\"151\"><img decoding=\"async\" class=\"alignnone size-medium wp-image-9024\" title=\"A+++ energiaoszt\u00e1ly\" src=\"https:\/\/www.slovklima.sk\/wp-content\/uploads\/2023\/11\/icon-energeticka-trieda-ch.jpg\" alt=\"\" width=\"151\" height=\"151\"><\/div>\n","protected":false},"featured_media":12218,"template":"","meta":[],"product_brand":[],"product_cat":[357,353,360,414],"product_tag":[],"class_list":{"0":"post-12215","1":"product","2":"type-product","3":"status-publish","4":"has-post-thumbnail","6":"product_cat-lakossagi-egysegek","7":"product_cat-legkondicionalas","8":"product_cat-single-split-hu","9":"product_cat-toshiba-hu-4","11":"first","12":"instock","13":"shipping-taxable","14":"product-type-simple"},"yoast_head":"<!-- This site is optimized with the Yoast SEO plugin v24.3 - https:\/\/yoast.com\/wordpress\/plugins\/seo\/ -->\n<title>TOSHIBA CONSOLE osztott R32 | SLOVKLIMA DEIMOS group, s.r.o.<\/title>\n<meta name=\"robots\" content=\"index, follow, max-snippet:-1, max-image-preview:large, max-video-preview:-1\" \/>\n<link rel=\"canonical\" href=\"https:\/\/www.slovklima.sk\/hu\/produkt\/toshiba-console-osztott-r32\/\" \/>\n<meta property=\"og:locale\" content=\"hu_HU\" \/>\n<meta property=\"og:type\" content=\"article\" \/>\n<meta property=\"og:title\" content=\"TOSHIBA CONSOLE osztott R32 | SLOVKLIMA DEIMOS group, s.r.o.\" \/>\n<meta property=\"og:description\" content=\"MINDEN HELYIS\u00c9GBE MEGFELEL\u0150 P\u00c1RK\u00c1NYEGYS\u00c9G A parapet egys\u00e9g kisebb, mint egy hagyom\u00e1nyos f\u0171t\u0151test, de f\u0171t\u00e9si \u00e9s h\u0171t\u00e9si funkci\u00f3kkal rendelkezik. K\u00fcl\u00f6nb\u00f6z\u0151 l\u00e9gkivezet\u00e9sek \u00e9s szell\u0151z\u00e9si sebess\u00e9gek k\u00f6z\u00fcl v\u00e1laszthat. Az egyed\u00fcl\u00e1ll\u00f3 padl\u00f3f\u0171t\u00e9s garant\u00e1lja a meleg l\u00e1bakat. Egy speci\u00e1lis IAQ-sz\u0171r\u0151 enzimekkel tiszt\u00edtja a szoba leveg\u0151j\u00e9t.  Nagyon j\u00f3 energiahat\u00e9konys\u00e1g (ak\u00e1r A++)  Hibrid DC inverter technol\u00f3gia  Rendk\u00edv\u00fcl magas hat\u00e1sfok r\u00e9szterhel\u00e9s\u0171 rendszerben  K\u00e9t l\u00e9gkivezet\u00e9s\" \/>\n<meta property=\"og:url\" content=\"https:\/\/www.slovklima.sk\/hu\/produkt\/toshiba-console-osztott-r32\/\" \/>\n<meta property=\"og:site_name\" content=\"SLOVKLIMA DEIMOS group, s.r.o.\" \/>\n<meta property=\"article:modified_time\" content=\"2024-06-07T08:49:52+00:00\" \/>\n<meta property=\"og:image\" content=\"https:\/\/www.slovklima.sk\/wp-content\/uploads\/2023\/11\/toshiba-console-inverter-split-parapetna-jednotka.jpg\" \/>\n\t<meta property=\"og:image:width\" content=\"800\" \/>\n\t<meta property=\"og:image:height\" content=\"1000\" \/>\n\t<meta property=\"og:image:type\" content=\"image\/jpeg\" \/>\n<meta name=\"twitter:card\" content=\"summary_large_image\" \/>\n<meta name=\"twitter:label1\" content=\"Becs\u00fclt olvas\u00e1si id\u0151\" \/>\n\t<meta name=\"twitter:data1\" content=\"1 perc\" \/>\n<script type=\"application\/ld+json\" class=\"yoast-schema-graph\">{\"@context\":\"https:\/\/schema.org\",\"@graph\":[{\"@type\":\"WebPage\",\"@id\":\"https:\/\/www.slovklima.sk\/hu\/produkt\/toshiba-console-osztott-r32\/\",\"url\":\"https:\/\/www.slovklima.sk\/hu\/produkt\/toshiba-console-osztott-r32\/\",\"name\":\"TOSHIBA CONSOLE osztott R32 | SLOVKLIMA DEIMOS group, s.r.o.\",\"isPartOf\":{\"@id\":\"https:\/\/www.slovklima.sk\/#website\"},\"primaryImageOfPage\":{\"@id\":\"https:\/\/www.slovklima.sk\/hu\/produkt\/toshiba-console-osztott-r32\/#primaryimage\"},\"image\":{\"@id\":\"https:\/\/www.slovklima.sk\/hu\/produkt\/toshiba-console-osztott-r32\/#primaryimage\"},\"thumbnailUrl\":\"https:\/\/www.slovklima.sk\/wp-content\/uploads\/2023\/11\/toshiba-console-inverter-split-parapetna-jednotka.jpg\",\"datePublished\":\"2023-11-08T13:11:49+00:00\",\"dateModified\":\"2024-06-07T08:49:52+00:00\",\"breadcrumb\":{\"@id\":\"https:\/\/www.slovklima.sk\/hu\/produkt\/toshiba-console-osztott-r32\/#breadcrumb\"},\"inLanguage\":\"hu\",\"potentialAction\":[{\"@type\":\"ReadAction\",\"target\":[\"https:\/\/www.slovklima.sk\/hu\/produkt\/toshiba-console-osztott-r32\/\"]}]},{\"@type\":\"ImageObject\",\"inLanguage\":\"hu\",\"@id\":\"https:\/\/www.slovklima.sk\/hu\/produkt\/toshiba-console-osztott-r32\/#primaryimage\",\"url\":\"https:\/\/www.slovklima.sk\/wp-content\/uploads\/2023\/11\/toshiba-console-inverter-split-parapetna-jednotka.jpg\",\"contentUrl\":\"https:\/\/www.slovklima.sk\/wp-content\/uploads\/2023\/11\/toshiba-console-inverter-split-parapetna-jednotka.jpg\",\"width\":800,\"height\":1000,\"caption\":\"TOSHIBA CONSOLE Inverter Split (parapet egys\u00e9g) 32\"},{\"@type\":\"BreadcrumbList\",\"@id\":\"https:\/\/www.slovklima.sk\/hu\/produkt\/toshiba-console-osztott-r32\/#breadcrumb\",\"itemListElement\":[{\"@type\":\"ListItem\",\"position\":1,\"name\":\"Domovsk\u00e1 str\u00e1nka\",\"item\":\"https:\/\/www.slovklima.sk\/hu\/\"},{\"@type\":\"ListItem\",\"position\":2,\"name\":\"Term\u00e9kek\",\"item\":\"https:\/\/www.slovklima.sk\/termekek\/\"},{\"@type\":\"ListItem\",\"position\":3,\"name\":\"TOSHIBA CONSOLE osztott R32\"}]},{\"@type\":\"WebSite\",\"@id\":\"https:\/\/www.slovklima.sk\/#website\",\"url\":\"https:\/\/www.slovklima.sk\/\",\"name\":\"SLOVKLIMA DEIMOS group, s.r.o.\",\"description\":\"\",\"publisher\":{\"@id\":\"https:\/\/www.slovklima.sk\/#organization\"},\"alternateName\":\"SLOVKLIMA\",\"potentialAction\":[{\"@type\":\"SearchAction\",\"target\":{\"@type\":\"EntryPoint\",\"urlTemplate\":\"https:\/\/www.slovklima.sk\/?s={search_term_string}\"},\"query-input\":{\"@type\":\"PropertyValueSpecification\",\"valueRequired\":true,\"valueName\":\"search_term_string\"}}],\"inLanguage\":\"hu\"},{\"@type\":\"Organization\",\"@id\":\"https:\/\/www.slovklima.sk\/#organization\",\"name\":\"SLOVKLIMA DEIMOS group, s.r.o.\",\"alternateName\":\"SLOVKLIMA\",\"url\":\"https:\/\/www.slovklima.sk\/\",\"logo\":{\"@type\":\"ImageObject\",\"inLanguage\":\"hu\",\"@id\":\"https:\/\/www.slovklima.sk\/#\/schema\/logo\/image\/\",\"url\":\"https:\/\/www.slovklima.sk\/wp-content\/uploads\/2022\/12\/slovklima-logo-black.svg\",\"contentUrl\":\"https:\/\/www.slovklima.sk\/wp-content\/uploads\/2022\/12\/slovklima-logo-black.svg\",\"width\":3218,\"height\":698,\"caption\":\"SLOVKLIMA DEIMOS group, s.r.o.\"},\"image\":{\"@id\":\"https:\/\/www.slovklima.sk\/#\/schema\/logo\/image\/\"}}]}<\/script>\n<!-- \/ Yoast SEO plugin. -->","yoast_head_json":{"title":"TOSHIBA CONSOLE osztott R32 | SLOVKLIMA DEIMOS group, s.r.o.","robots":{"index":"index","follow":"follow","max-snippet":"max-snippet:-1","max-image-preview":"max-image-preview:large","max-video-preview":"max-video-preview:-1"},"canonical":"https:\/\/www.slovklima.sk\/hu\/produkt\/toshiba-console-osztott-r32\/","og_locale":"hu_HU","og_type":"article","og_title":"TOSHIBA CONSOLE osztott R32 | SLOVKLIMA DEIMOS group, s.r.o.","og_description":"MINDEN HELYIS\u00c9GBE MEGFELEL\u0150 P\u00c1RK\u00c1NYEGYS\u00c9G A parapet egys\u00e9g kisebb, mint egy hagyom\u00e1nyos f\u0171t\u0151test, de f\u0171t\u00e9si \u00e9s h\u0171t\u00e9si funkci\u00f3kkal rendelkezik. K\u00fcl\u00f6nb\u00f6z\u0151 l\u00e9gkivezet\u00e9sek \u00e9s szell\u0151z\u00e9si sebess\u00e9gek k\u00f6z\u00fcl v\u00e1laszthat. Az egyed\u00fcl\u00e1ll\u00f3 padl\u00f3f\u0171t\u00e9s garant\u00e1lja a meleg l\u00e1bakat. Egy speci\u00e1lis IAQ-sz\u0171r\u0151 enzimekkel tiszt\u00edtja a szoba leveg\u0151j\u00e9t.  Nagyon j\u00f3 energiahat\u00e9konys\u00e1g (ak\u00e1r A++)  Hibrid DC inverter technol\u00f3gia  Rendk\u00edv\u00fcl magas hat\u00e1sfok r\u00e9szterhel\u00e9s\u0171 rendszerben  K\u00e9t l\u00e9gkivezet\u00e9s","og_url":"https:\/\/www.slovklima.sk\/hu\/produkt\/toshiba-console-osztott-r32\/","og_site_name":"SLOVKLIMA DEIMOS group, s.r.o.","article_modified_time":"2024-06-07T08:49:52+00:00","og_image":[{"width":800,"height":1000,"url":"https:\/\/www.slovklima.sk\/wp-content\/uploads\/2023\/11\/toshiba-console-inverter-split-parapetna-jednotka.jpg","type":"image\/jpeg"}],"twitter_card":"summary_large_image","twitter_misc":{"Becs\u00fclt olvas\u00e1si id\u0151":"1 perc"},"schema":{"@context":"https:\/\/schema.org","@graph":[{"@type":"WebPage","@id":"https:\/\/www.slovklima.sk\/hu\/produkt\/toshiba-console-osztott-r32\/","url":"https:\/\/www.slovklima.sk\/hu\/produkt\/toshiba-console-osztott-r32\/","name":"TOSHIBA CONSOLE osztott R32 | SLOVKLIMA DEIMOS group, s.r.o.","isPartOf":{"@id":"https:\/\/www.slovklima.sk\/#website"},"primaryImageOfPage":{"@id":"https:\/\/www.slovklima.sk\/hu\/produkt\/toshiba-console-osztott-r32\/#primaryimage"},"image":{"@id":"https:\/\/www.slovklima.sk\/hu\/produkt\/toshiba-console-osztott-r32\/#primaryimage"},"thumbnailUrl":"https:\/\/www.slovklima.sk\/wp-content\/uploads\/2023\/11\/toshiba-console-inverter-split-parapetna-jednotka.jpg","datePublished":"2023-11-08T13:11:49+00:00","dateModified":"2024-06-07T08:49:52+00:00","breadcrumb":{"@id":"https:\/\/www.slovklima.sk\/hu\/produkt\/toshiba-console-osztott-r32\/#breadcrumb"},"inLanguage":"hu","potentialAction":[{"@type":"ReadAction","target":["https:\/\/www.slovklima.sk\/hu\/produkt\/toshiba-console-osztott-r32\/"]}]},{"@type":"ImageObject","inLanguage":"hu","@id":"https:\/\/www.slovklima.sk\/hu\/produkt\/toshiba-console-osztott-r32\/#primaryimage","url":"https:\/\/www.slovklima.sk\/wp-content\/uploads\/2023\/11\/toshiba-console-inverter-split-parapetna-jednotka.jpg","contentUrl":"https:\/\/www.slovklima.sk\/wp-content\/uploads\/2023\/11\/toshiba-console-inverter-split-parapetna-jednotka.jpg","width":800,"height":1000,"caption":"TOSHIBA CONSOLE Inverter Split (parapet egys\u00e9g) 32"},{"@type":"BreadcrumbList","@id":"https:\/\/www.slovklima.sk\/hu\/produkt\/toshiba-console-osztott-r32\/#breadcrumb","itemListElement":[{"@type":"ListItem","position":1,"name":"Domovsk\u00e1 str\u00e1nka","item":"https:\/\/www.slovklima.sk\/hu\/"},{"@type":"ListItem","position":2,"name":"Term\u00e9kek","item":"https:\/\/www.slovklima.sk\/termekek\/"},{"@type":"ListItem","position":3,"name":"TOSHIBA CONSOLE osztott R32"}]},{"@type":"WebSite","@id":"https:\/\/www.slovklima.sk\/#website","url":"https:\/\/www.slovklima.sk\/","name":"SLOVKLIMA DEIMOS group, s.r.o.","description":"","publisher":{"@id":"https:\/\/www.slovklima.sk\/#organization"},"alternateName":"SLOVKLIMA","potentialAction":[{"@type":"SearchAction","target":{"@type":"EntryPoint","urlTemplate":"https:\/\/www.slovklima.sk\/?s={search_term_string}"},"query-input":{"@type":"PropertyValueSpecification","valueRequired":true,"valueName":"search_term_string"}}],"inLanguage":"hu"},{"@type":"Organization","@id":"https:\/\/www.slovklima.sk\/#organization","name":"SLOVKLIMA DEIMOS group, s.r.o.","alternateName":"SLOVKLIMA","url":"https:\/\/www.slovklima.sk\/","logo":{"@type":"ImageObject","inLanguage":"hu","@id":"https:\/\/www.slovklima.sk\/#\/schema\/logo\/image\/","url":"https:\/\/www.slovklima.sk\/wp-content\/uploads\/2022\/12\/slovklima-logo-black.svg","contentUrl":"https:\/\/www.slovklima.sk\/wp-content\/uploads\/2022\/12\/slovklima-logo-black.svg","width":3218,"height":698,"caption":"SLOVKLIMA DEIMOS group, s.r.o."},"image":{"@id":"https:\/\/www.slovklima.sk\/#\/schema\/logo\/image\/"}}]}},"_links":{"self":[{"href":"https:\/\/www.slovklima.sk\/hu\/wp-json\/wp\/v2\/product\/12215","targetHints":{"allow":["GET"]}}],"collection":[{"href":"https:\/\/www.slovklima.sk\/hu\/wp-json\/wp\/v2\/product"}],"about":[{"href":"https:\/\/www.slovklima.sk\/hu\/wp-json\/wp\/v2\/types\/product"}],"wp:featuredmedia":[{"embeddable":true,"href":"https:\/\/www.slovklima.sk\/hu\/wp-json\/wp\/v2\/media\/12218"}],"wp:attachment":[{"href":"https:\/\/www.slovklima.sk\/hu\/wp-json\/wp\/v2\/media?parent=12215"}],"wp:term":[{"taxonomy":"product_brand","embeddable":true,"href":"https:\/\/www.slovklima.sk\/hu\/wp-json\/wp\/v2\/product_brand?post=12215"},{"taxonomy":"product_cat","embeddable":true,"href":"https:\/\/www.slovklima.sk\/hu\/wp-json\/wp\/v2\/product_cat?post=12215"},{"taxonomy":"product_tag","embeddable":true,"href":"https:\/\/www.slovklima.sk\/hu\/wp-json\/wp\/v2\/product_tag?post=12215"}],"curies":[{"name":"wp","href":"https:\/\/api.w.org\/{rel}","templated":true}]}}