{"id":12195,"date":"2023-11-08T09:57:03","date_gmt":"2023-11-08T08:57:03","guid":{"rendered":"https:\/\/www.slovklima.sk\/produkt\/toshiba-shorai-edge-osztott-r32\/"},"modified":"2024-06-07T10:49:52","modified_gmt":"2024-06-07T08:49:52","slug":"toshiba-shorai-edge-osztott-r32","status":"publish","type":"product","link":"https:\/\/www.slovklima.sk\/hu\/produkt\/toshiba-shorai-edge-osztott-r32\/","title":{"rendered":"TOSHIBA SHORAI EDGE osztott R32"},"content":{"rendered":"<section class=\"wpb-content-wrapper\"><p>[vc_row][vc_column el_class=&#8221;table-style&#8221; woodmart_css_id=&#8221;654b4dd9d5678&#8243; parallax_scroll=&#8221;no&#8221; woodmart_sticky_column=&#8221;false&#8221; wd_collapsible_content_switcher=&#8221;no&#8221; wd_column_role_offcanvas_desktop=&#8221;no&#8221; wd_column_role_offcanvas_tablet=&#8221;no&#8221; wd_column_role_offcanvas_mobile=&#8221;no&#8221; wd_column_role_content_desktop=&#8221;no&#8221; wd_column_role_content_tablet=&#8221;no&#8221; wd_column_role_content_mobile=&#8221;no&#8221; mobile_bg_img_hidden=&#8221;no&#8221; tablet_bg_img_hidden=&#8221;no&#8221; woodmart_parallax=&#8221;0&#8243; woodmart_box_shadow=&#8221;no&#8221; responsive_spacing=&#8221;eyJwYXJhbV90eXBlIjoid29vZG1hcnRfcmVzcG9uc2l2ZV9zcGFjaW5nIiwic2VsZWN0b3JfaWQiOiI2NTRiNGRkOWQ1Njc4Iiwic2hvcnRjb2RlIjoidmNfY29sdW1uIiwiZGF0YSI6eyJ0YWJsZXQiOnt9LCJtb2JpbGUiOnt9fX0=&#8221; mobile_reset_margin=&#8221;no&#8221; tablet_reset_margin=&#8221;no&#8221; wd_z_index=&#8221;no&#8221;][vc_column_text woodmart_inline=&#8221;no&#8221; text_larger=&#8221;no&#8221;]<\/p>\n<table>\n<thead>\n<tr>\n<th>Modell <em>(belt\u00e9ri + k\u00fclt\u00e9ri egys\u00e9g)<\/em><\/th>\n<th style=\"text-align: center;\">Teljes\u00edtm\u00e9ny <em>kW<\/em><\/th>\n<th style=\"text-align: center;\">Energiaoszt\u00e1ly &#8211; h\u0171t\u00e9s\/f\u0171t\u00e9s<\/th>\n<th style=\"text-align: center;\">Szezon\u00e1lis hat\u00e9konys\u00e1g &#8211; SEER\/SCOP<\/th>\n<th style=\"text-align: center;\">BxHxT <em>mm (belt\u00e9ri + k\u00fclt\u00e9ri egys\u00e9g)<\/em><\/th>\n<\/tr>\n<\/thead>\n<tbody>\n<tr>\n<td>RAS-B07J2KVSG-E \/ J2AVSG-E1<\/td>\n<td style=\"text-align: center;\">2,0 \/ 2,5<\/td>\n<td style=\"text-align: center;\">A+++ \/ A+++<\/td>\n<td style=\"text-align: center;\">8,5 \/ 5,1<\/td>\n<td style=\"text-align: center;\">800x293x226 \/ 780x550x290<\/td>\n<\/tr>\n<tr>\n<td>RAS-B10J2KVSG-E \/ J2AVSG-E1<\/td>\n<td style=\"text-align: center;\">2,5 \/ 3,2<\/td>\n<td style=\"text-align: center;\">A+++ \/ A+++<\/td>\n<td style=\"text-align: center;\">8,6 \/ 5,1<\/td>\n<td style=\"text-align: center;\">800x293x226 \/ 780x550x290<\/td>\n<\/tr>\n<tr>\n<td>RAS-B13J2KVSG-E \/ J2AVSG-E1<\/td>\n<td style=\"text-align: center;\">3,5 \/ 4,2<\/td>\n<td style=\"text-align: center;\">A+++ \/ A+++<\/td>\n<td style=\"text-align: center;\">8,6 \/ 5,1<\/td>\n<td style=\"text-align: center;\">800x293x226 \/ 780x550x290<\/td>\n<\/tr>\n<tr>\n<td>RAS-B16J2KVSG-E \/ J2AVSG-E1<\/td>\n<td style=\"text-align: center;\">4,6 \/ 5,5<\/td>\n<td style=\"text-align: center;\">A++ \/ A++<\/td>\n<td style=\"text-align: center;\">7,8 \/ 4,6<\/td>\n<td style=\"text-align: center;\">800x293x226 \/ 780x550x290<\/td>\n<\/tr>\n<tr>\n<td>RAS-18J2KVSG-E \/ J2AVSG-E1<\/td>\n<td style=\"text-align: center;\">5,0 \/ 6,0<\/td>\n<td style=\"text-align: center;\">A++ \/ A++<\/td>\n<td style=\"text-align: center;\">7,8 \/ 4,6<\/td>\n<td style=\"text-align: center;\">1053x320x245 \/ 780x550x290<\/td>\n<\/tr>\n<tr>\n<td>RAS-B22J2KVSG-E \/ J2AVSG-E1<\/td>\n<td style=\"text-align: center;\">6,1 \/ 7,0<\/td>\n<td style=\"text-align: center;\">A++ \/ A++<\/td>\n<td style=\"text-align: center;\">7,3 \/ 4,6<\/td>\n<td style=\"text-align: center;\">1053x320x245 \/ 780x550x290<\/td>\n<\/tr>\n<tr>\n<td>RAS-B24J2KVSG-E \/ J2AVSG-E1<\/td>\n<td style=\"text-align: center;\">7,0 \/ 8,0<\/td>\n<td style=\"text-align: center;\">A++ \/ A+<\/td>\n<td style=\"text-align: center;\">6,3 \/ 4,1<\/td>\n<td style=\"text-align: center;\">1053x320x245 \/ 800x630x300<\/td>\n<\/tr>\n<\/tbody>\n<\/table>\n<p>[\/vc_column_text][\/vc_column][\/vc_row]<\/p>\n<\/section>","protected":false},"excerpt":{"rendered":"<p><strong>SOKOLDAL\u00da UNIVERZ\u00c1LIS MODELL<\/strong><\/p>\n<p>St\u00edlusos fali szekr\u00e9ny matt kialak\u00edt\u00e1ssal \u00e9s l\u00e1that\u00f3 illeszt\u00e9sek n\u00e9lk\u00fcl. Maxim\u00e1lis energiahat\u00e9konys\u00e1g Ultra-Pure l\u00e9gsz\u0171r\u0151vel \u00e9s k\u00e9nyelmes t\u00e1vir\u00e1ny\u00edt\u00f3val kombin\u00e1lva. A 3D l\u00e9geloszt\u00e1s \u00e9s a Careflow huzatmentes l\u00e9g\u00e1raml\u00e1st biztos\u00edt a helyis\u00e9gben.<\/p>\n<ul>\n<li>Nagyon magas energiahat\u00e9konys\u00e1g (A+++)<\/li>\n<li>Hibrid DC inverter technol\u00f3gia<\/li>\n<li>Rendk\u00edv\u00fcl magas hat\u00e1sfok r\u00e9szterhel\u00e9s\u0171 rendszerben<\/li>\n<li>Csendes m\u0171k\u00f6d\u00e9s a belt\u00e9ri \u00e9s a k\u00fclt\u00e9ri egys\u00e9gekben<\/li>\n<li>Sz\u00ednes LED kijelz\u0151k f\u00e9nyer\u0151szab\u00e1lyoz\u00e1si lehet\u0151s\u00e9ggel<\/li>\n<li>Vezet\u00e9kes t\u00e1vir\u00e1ny\u00edt\u00f3k\u00e9nt haszn\u00e1lhat\u00f3 infrav\u00f6r\u00f6s t\u00e1vir\u00e1ny\u00edt\u00f3<\/li>\n<li>K\u00e9nyelem huzat n\u00e9lk\u00fcl: 3D l\u00e9g\u00e1raml\u00e1s (18, 22, 24)<\/li>\n<li>Intelligens leveg\u0151gazd\u00e1lkod\u00e1s: a Hada Careflow<\/li>\n<\/ul>\n<div class=\"product-icons\"><img decoding=\"async\" class=\"alignnone size-full wp-image-8538\" title=\"H\u0171t\u00e9si teljes\u00edtm\u00e9ny 2 - 7 kW\" src=\"https:\/\/www.slovklima.sk\/wp-content\/uploads\/2024\/03\/chladiaci-vykon.jpg\" alt=\"H\u0171t\u00e9si teljes\u00edtm\u00e9ny\" width=\"151\" height=\"151\"><img decoding=\"async\" class=\"alignnone size-full wp-image-8534\" title=\"F\u0171t\u00e9si teljes\u00edtm\u00e9ny 2,50 - 8,00 kW\" src=\"https:\/\/www.slovklima.sk\/wp-content\/uploads\/2024\/03\/vykurovaci-vykon.jpg\" alt=\"f\u0171t\u00e9si teljes\u00edtm\u00e9ny\" width=\"151\" height=\"151\"><img decoding=\"async\" class=\"alignnone size-full wp-image-8944\" title=\"Elektromos teljes\u00edtm\u00e9ny (min.\/n\u00e9vleges\/maxim\u00e1lis) 0,19 - 2,55 kW\" src=\"https:\/\/www.slovklima.sk\/wp-content\/uploads\/2023\/10\/el-prikon-ch.jpg\" alt=\"\" width=\"151\" height=\"151\"><img decoding=\"async\" class=\"alignnone size-full wp-image-8945\" title=\"Elektromos teljes\u00edtm\u00e9ny (min.\/nom.\/max.) 0,16 - 2,75 kW\" src=\"https:\/\/www.slovklima.sk\/wp-content\/uploads\/2023\/10\/el-prikon-te.jpg\" alt=\"\" width=\"151\" height=\"151\"><img decoding=\"async\" class=\"alignnone size-full wp-image-8539\" title=\"M\u00e9retek (magass\u00e1g \u00d7 sz\u00e9less\u00e9g \u00d7 m\u00e9lys\u00e9g) 550 x 780 x 290 - 630 x 800 x 300 mm\" src=\"https:\/\/www.slovklima.sk\/wp-content\/uploads\/2024\/03\/rozmery.jpg\" alt=\"\" width=\"151\" height=\"151\"><img decoding=\"async\" class=\"size-full wp-image-8536\" title=\"Hangteljes\u00edtm\u00e9nyszint 53 - 61 dB(A)\" src=\"https:\/\/www.slovklima.sk\/wp-content\/uploads\/2024\/03\/akusticky-tlak.jpg\" alt=\"\" width=\"151\" height=\"151\"><img decoding=\"async\" class=\"alignnone size-full wp-image-8943\" title=\"Mindenre kiterjed\u0151 konfigur\u00e1ci\u00f3\" src=\"https:\/\/www.slovklima.sk\/wp-content\/uploads\/2023\/10\/konfiguracia2.jpg\" alt=\"\" width=\"151\" height=\"151\"><img decoding=\"async\" class=\"alignnone size-full wp-image-9023\" title=\"Energiaoszt\u00e1ly A+++ - A+\" src=\"https:\/\/www.slovklima.sk\/wp-content\/uploads\/2023\/11\/icon-energeticka-trieda-ku.jpg\" alt=\"\" width=\"151\" height=\"151\"><img decoding=\"async\" class=\"alignnone size-medium wp-image-9024\" title=\"A+++ - A+++ energiaoszt\u00e1ly\" src=\"https:\/\/www.slovklima.sk\/wp-content\/uploads\/2023\/11\/icon-energeticka-trieda-ch.jpg\" alt=\"\" width=\"151\" height=\"151\"><\/div>\n","protected":false},"featured_media":12196,"template":"","meta":[],"product_brand":[],"product_cat":[357,353,360,414],"product_tag":[],"class_list":{"0":"post-12195","1":"product","2":"type-product","3":"status-publish","4":"has-post-thumbnail","6":"product_cat-lakossagi-egysegek","7":"product_cat-legkondicionalas","8":"product_cat-single-split-hu","9":"product_cat-toshiba-hu-4","11":"first","12":"instock","13":"featured","14":"taxable","15":"shipping-taxable","16":"product-type-simple"},"yoast_head":"<!-- This site is optimized with the Yoast SEO plugin v24.3 - https:\/\/yoast.com\/wordpress\/plugins\/seo\/ -->\n<title>TOSHIBA SHORAI EDGE osztott R32 | SLOVKLIMA DEIMOS group, s.r.o.<\/title>\n<meta name=\"robots\" content=\"index, follow, max-snippet:-1, max-image-preview:large, max-video-preview:-1\" \/>\n<link rel=\"canonical\" href=\"https:\/\/www.slovklima.sk\/hu\/produkt\/toshiba-shorai-edge-osztott-r32\/\" \/>\n<meta property=\"og:locale\" content=\"hu_HU\" \/>\n<meta property=\"og:type\" content=\"article\" \/>\n<meta property=\"og:title\" content=\"TOSHIBA SHORAI EDGE osztott R32 | SLOVKLIMA DEIMOS group, s.r.o.\" \/>\n<meta property=\"og:description\" content=\"SOKOLDAL\u00da UNIVERZ\u00c1LIS MODELL St\u00edlusos fali szekr\u00e9ny matt kialak\u00edt\u00e1ssal \u00e9s l\u00e1that\u00f3 illeszt\u00e9sek n\u00e9lk\u00fcl. Maxim\u00e1lis energiahat\u00e9konys\u00e1g Ultra-Pure l\u00e9gsz\u0171r\u0151vel \u00e9s k\u00e9nyelmes t\u00e1vir\u00e1ny\u00edt\u00f3val kombin\u00e1lva. A 3D l\u00e9geloszt\u00e1s \u00e9s a Careflow huzatmentes l\u00e9g\u00e1raml\u00e1st biztos\u00edt a helyis\u00e9gben.  Nagyon magas energiahat\u00e9konys\u00e1g (A+++)  Hibrid DC inverter technol\u00f3gia  Rendk\u00edv\u00fcl magas hat\u00e1sfok r\u00e9szterhel\u00e9s\u0171 rendszerben  Csendes m\u0171k\u00f6d\u00e9s a belt\u00e9ri \u00e9s a k\u00fclt\u00e9ri egys\u00e9gekben  Sz\u00ednes LED kijelz\u0151k f\u00e9nyer\u0151szab\u00e1lyoz\u00e1si lehet\u0151s\u00e9ggel  Vezet\u00e9kes t\u00e1vir\u00e1ny\u00edt\u00f3k\u00e9nt haszn\u00e1lhat\u00f3 infrav\u00f6r\u00f6s t\u00e1vir\u00e1ny\u00edt\u00f3  K\u00e9nyelem huzat n\u00e9lk\u00fcl: 3D l\u00e9g\u00e1raml\u00e1s (18, 22, 24)  Intelligens leveg\u0151gazd\u00e1lkod\u00e1s: a Hada Careflow\" \/>\n<meta property=\"og:url\" content=\"https:\/\/www.slovklima.sk\/hu\/produkt\/toshiba-shorai-edge-osztott-r32\/\" \/>\n<meta property=\"og:site_name\" content=\"SLOVKLIMA DEIMOS group, s.r.o.\" \/>\n<meta property=\"article:modified_time\" content=\"2024-06-07T08:49:52+00:00\" \/>\n<meta property=\"og:image\" content=\"https:\/\/www.slovklima.sk\/wp-content\/uploads\/2023\/11\/toshiba-shorai-edge-inverter-split.jpg\" \/>\n\t<meta property=\"og:image:width\" content=\"800\" \/>\n\t<meta property=\"og:image:height\" content=\"1000\" \/>\n\t<meta property=\"og:image:type\" content=\"image\/jpeg\" \/>\n<meta name=\"twitter:card\" content=\"summary_large_image\" \/>\n<meta name=\"twitter:label1\" content=\"Becs\u00fclt olvas\u00e1si id\u0151\" \/>\n\t<meta name=\"twitter:data1\" content=\"1 perc\" \/>\n<script type=\"application\/ld+json\" class=\"yoast-schema-graph\">{\"@context\":\"https:\/\/schema.org\",\"@graph\":[{\"@type\":\"WebPage\",\"@id\":\"https:\/\/www.slovklima.sk\/hu\/produkt\/toshiba-shorai-edge-osztott-r32\/\",\"url\":\"https:\/\/www.slovklima.sk\/hu\/produkt\/toshiba-shorai-edge-osztott-r32\/\",\"name\":\"TOSHIBA SHORAI EDGE osztott R32 | SLOVKLIMA DEIMOS group, s.r.o.\",\"isPartOf\":{\"@id\":\"https:\/\/www.slovklima.sk\/#website\"},\"primaryImageOfPage\":{\"@id\":\"https:\/\/www.slovklima.sk\/hu\/produkt\/toshiba-shorai-edge-osztott-r32\/#primaryimage\"},\"image\":{\"@id\":\"https:\/\/www.slovklima.sk\/hu\/produkt\/toshiba-shorai-edge-osztott-r32\/#primaryimage\"},\"thumbnailUrl\":\"https:\/\/www.slovklima.sk\/wp-content\/uploads\/2023\/11\/toshiba-shorai-edge-inverter-split.jpg\",\"datePublished\":\"2023-11-08T08:57:03+00:00\",\"dateModified\":\"2024-06-07T08:49:52+00:00\",\"breadcrumb\":{\"@id\":\"https:\/\/www.slovklima.sk\/hu\/produkt\/toshiba-shorai-edge-osztott-r32\/#breadcrumb\"},\"inLanguage\":\"hu\",\"potentialAction\":[{\"@type\":\"ReadAction\",\"target\":[\"https:\/\/www.slovklima.sk\/hu\/produkt\/toshiba-shorai-edge-osztott-r32\/\"]}]},{\"@type\":\"ImageObject\",\"inLanguage\":\"hu\",\"@id\":\"https:\/\/www.slovklima.sk\/hu\/produkt\/toshiba-shorai-edge-osztott-r32\/#primaryimage\",\"url\":\"https:\/\/www.slovklima.sk\/wp-content\/uploads\/2023\/11\/toshiba-shorai-edge-inverter-split.jpg\",\"contentUrl\":\"https:\/\/www.slovklima.sk\/wp-content\/uploads\/2023\/11\/toshiba-shorai-edge-inverter-split.jpg\",\"width\":800,\"height\":1000},{\"@type\":\"BreadcrumbList\",\"@id\":\"https:\/\/www.slovklima.sk\/hu\/produkt\/toshiba-shorai-edge-osztott-r32\/#breadcrumb\",\"itemListElement\":[{\"@type\":\"ListItem\",\"position\":1,\"name\":\"Domovsk\u00e1 str\u00e1nka\",\"item\":\"https:\/\/www.slovklima.sk\/hu\/\"},{\"@type\":\"ListItem\",\"position\":2,\"name\":\"Term\u00e9kek\",\"item\":\"https:\/\/www.slovklima.sk\/termekek\/\"},{\"@type\":\"ListItem\",\"position\":3,\"name\":\"TOSHIBA SHORAI EDGE osztott R32\"}]},{\"@type\":\"WebSite\",\"@id\":\"https:\/\/www.slovklima.sk\/#website\",\"url\":\"https:\/\/www.slovklima.sk\/\",\"name\":\"SLOVKLIMA DEIMOS group, s.r.o.\",\"description\":\"\",\"publisher\":{\"@id\":\"https:\/\/www.slovklima.sk\/#organization\"},\"alternateName\":\"SLOVKLIMA\",\"potentialAction\":[{\"@type\":\"SearchAction\",\"target\":{\"@type\":\"EntryPoint\",\"urlTemplate\":\"https:\/\/www.slovklima.sk\/?s={search_term_string}\"},\"query-input\":{\"@type\":\"PropertyValueSpecification\",\"valueRequired\":true,\"valueName\":\"search_term_string\"}}],\"inLanguage\":\"hu\"},{\"@type\":\"Organization\",\"@id\":\"https:\/\/www.slovklima.sk\/#organization\",\"name\":\"SLOVKLIMA DEIMOS group, s.r.o.\",\"alternateName\":\"SLOVKLIMA\",\"url\":\"https:\/\/www.slovklima.sk\/\",\"logo\":{\"@type\":\"ImageObject\",\"inLanguage\":\"hu\",\"@id\":\"https:\/\/www.slovklima.sk\/#\/schema\/logo\/image\/\",\"url\":\"https:\/\/www.slovklima.sk\/wp-content\/uploads\/2022\/12\/slovklima-logo-black.svg\",\"contentUrl\":\"https:\/\/www.slovklima.sk\/wp-content\/uploads\/2022\/12\/slovklima-logo-black.svg\",\"width\":3218,\"height\":698,\"caption\":\"SLOVKLIMA DEIMOS group, s.r.o.\"},\"image\":{\"@id\":\"https:\/\/www.slovklima.sk\/#\/schema\/logo\/image\/\"}}]}<\/script>\n<!-- \/ Yoast SEO plugin. -->","yoast_head_json":{"title":"TOSHIBA SHORAI EDGE osztott R32 | SLOVKLIMA DEIMOS group, s.r.o.","robots":{"index":"index","follow":"follow","max-snippet":"max-snippet:-1","max-image-preview":"max-image-preview:large","max-video-preview":"max-video-preview:-1"},"canonical":"https:\/\/www.slovklima.sk\/hu\/produkt\/toshiba-shorai-edge-osztott-r32\/","og_locale":"hu_HU","og_type":"article","og_title":"TOSHIBA SHORAI EDGE osztott R32 | SLOVKLIMA DEIMOS group, s.r.o.","og_description":"SOKOLDAL\u00da UNIVERZ\u00c1LIS MODELL St\u00edlusos fali szekr\u00e9ny matt kialak\u00edt\u00e1ssal \u00e9s l\u00e1that\u00f3 illeszt\u00e9sek n\u00e9lk\u00fcl. Maxim\u00e1lis energiahat\u00e9konys\u00e1g Ultra-Pure l\u00e9gsz\u0171r\u0151vel \u00e9s k\u00e9nyelmes t\u00e1vir\u00e1ny\u00edt\u00f3val kombin\u00e1lva. A 3D l\u00e9geloszt\u00e1s \u00e9s a Careflow huzatmentes l\u00e9g\u00e1raml\u00e1st biztos\u00edt a helyis\u00e9gben.  Nagyon magas energiahat\u00e9konys\u00e1g (A+++)  Hibrid DC inverter technol\u00f3gia  Rendk\u00edv\u00fcl magas hat\u00e1sfok r\u00e9szterhel\u00e9s\u0171 rendszerben  Csendes m\u0171k\u00f6d\u00e9s a belt\u00e9ri \u00e9s a k\u00fclt\u00e9ri egys\u00e9gekben  Sz\u00ednes LED kijelz\u0151k f\u00e9nyer\u0151szab\u00e1lyoz\u00e1si lehet\u0151s\u00e9ggel  Vezet\u00e9kes t\u00e1vir\u00e1ny\u00edt\u00f3k\u00e9nt haszn\u00e1lhat\u00f3 infrav\u00f6r\u00f6s t\u00e1vir\u00e1ny\u00edt\u00f3  K\u00e9nyelem huzat n\u00e9lk\u00fcl: 3D l\u00e9g\u00e1raml\u00e1s (18, 22, 24)  Intelligens leveg\u0151gazd\u00e1lkod\u00e1s: a Hada Careflow","og_url":"https:\/\/www.slovklima.sk\/hu\/produkt\/toshiba-shorai-edge-osztott-r32\/","og_site_name":"SLOVKLIMA DEIMOS group, s.r.o.","article_modified_time":"2024-06-07T08:49:52+00:00","og_image":[{"width":800,"height":1000,"url":"https:\/\/www.slovklima.sk\/wp-content\/uploads\/2023\/11\/toshiba-shorai-edge-inverter-split.jpg","type":"image\/jpeg"}],"twitter_card":"summary_large_image","twitter_misc":{"Becs\u00fclt olvas\u00e1si id\u0151":"1 perc"},"schema":{"@context":"https:\/\/schema.org","@graph":[{"@type":"WebPage","@id":"https:\/\/www.slovklima.sk\/hu\/produkt\/toshiba-shorai-edge-osztott-r32\/","url":"https:\/\/www.slovklima.sk\/hu\/produkt\/toshiba-shorai-edge-osztott-r32\/","name":"TOSHIBA SHORAI EDGE osztott R32 | SLOVKLIMA DEIMOS group, s.r.o.","isPartOf":{"@id":"https:\/\/www.slovklima.sk\/#website"},"primaryImageOfPage":{"@id":"https:\/\/www.slovklima.sk\/hu\/produkt\/toshiba-shorai-edge-osztott-r32\/#primaryimage"},"image":{"@id":"https:\/\/www.slovklima.sk\/hu\/produkt\/toshiba-shorai-edge-osztott-r32\/#primaryimage"},"thumbnailUrl":"https:\/\/www.slovklima.sk\/wp-content\/uploads\/2023\/11\/toshiba-shorai-edge-inverter-split.jpg","datePublished":"2023-11-08T08:57:03+00:00","dateModified":"2024-06-07T08:49:52+00:00","breadcrumb":{"@id":"https:\/\/www.slovklima.sk\/hu\/produkt\/toshiba-shorai-edge-osztott-r32\/#breadcrumb"},"inLanguage":"hu","potentialAction":[{"@type":"ReadAction","target":["https:\/\/www.slovklima.sk\/hu\/produkt\/toshiba-shorai-edge-osztott-r32\/"]}]},{"@type":"ImageObject","inLanguage":"hu","@id":"https:\/\/www.slovklima.sk\/hu\/produkt\/toshiba-shorai-edge-osztott-r32\/#primaryimage","url":"https:\/\/www.slovklima.sk\/wp-content\/uploads\/2023\/11\/toshiba-shorai-edge-inverter-split.jpg","contentUrl":"https:\/\/www.slovklima.sk\/wp-content\/uploads\/2023\/11\/toshiba-shorai-edge-inverter-split.jpg","width":800,"height":1000},{"@type":"BreadcrumbList","@id":"https:\/\/www.slovklima.sk\/hu\/produkt\/toshiba-shorai-edge-osztott-r32\/#breadcrumb","itemListElement":[{"@type":"ListItem","position":1,"name":"Domovsk\u00e1 str\u00e1nka","item":"https:\/\/www.slovklima.sk\/hu\/"},{"@type":"ListItem","position":2,"name":"Term\u00e9kek","item":"https:\/\/www.slovklima.sk\/termekek\/"},{"@type":"ListItem","position":3,"name":"TOSHIBA SHORAI EDGE osztott R32"}]},{"@type":"WebSite","@id":"https:\/\/www.slovklima.sk\/#website","url":"https:\/\/www.slovklima.sk\/","name":"SLOVKLIMA DEIMOS group, s.r.o.","description":"","publisher":{"@id":"https:\/\/www.slovklima.sk\/#organization"},"alternateName":"SLOVKLIMA","potentialAction":[{"@type":"SearchAction","target":{"@type":"EntryPoint","urlTemplate":"https:\/\/www.slovklima.sk\/?s={search_term_string}"},"query-input":{"@type":"PropertyValueSpecification","valueRequired":true,"valueName":"search_term_string"}}],"inLanguage":"hu"},{"@type":"Organization","@id":"https:\/\/www.slovklima.sk\/#organization","name":"SLOVKLIMA DEIMOS group, s.r.o.","alternateName":"SLOVKLIMA","url":"https:\/\/www.slovklima.sk\/","logo":{"@type":"ImageObject","inLanguage":"hu","@id":"https:\/\/www.slovklima.sk\/#\/schema\/logo\/image\/","url":"https:\/\/www.slovklima.sk\/wp-content\/uploads\/2022\/12\/slovklima-logo-black.svg","contentUrl":"https:\/\/www.slovklima.sk\/wp-content\/uploads\/2022\/12\/slovklima-logo-black.svg","width":3218,"height":698,"caption":"SLOVKLIMA DEIMOS group, s.r.o."},"image":{"@id":"https:\/\/www.slovklima.sk\/#\/schema\/logo\/image\/"}}]}},"_links":{"self":[{"href":"https:\/\/www.slovklima.sk\/hu\/wp-json\/wp\/v2\/product\/12195","targetHints":{"allow":["GET"]}}],"collection":[{"href":"https:\/\/www.slovklima.sk\/hu\/wp-json\/wp\/v2\/product"}],"about":[{"href":"https:\/\/www.slovklima.sk\/hu\/wp-json\/wp\/v2\/types\/product"}],"wp:featuredmedia":[{"embeddable":true,"href":"https:\/\/www.slovklima.sk\/hu\/wp-json\/wp\/v2\/media\/12196"}],"wp:attachment":[{"href":"https:\/\/www.slovklima.sk\/hu\/wp-json\/wp\/v2\/media?parent=12195"}],"wp:term":[{"taxonomy":"product_brand","embeddable":true,"href":"https:\/\/www.slovklima.sk\/hu\/wp-json\/wp\/v2\/product_brand?post=12195"},{"taxonomy":"product_cat","embeddable":true,"href":"https:\/\/www.slovklima.sk\/hu\/wp-json\/wp\/v2\/product_cat?post=12195"},{"taxonomy":"product_tag","embeddable":true,"href":"https:\/\/www.slovklima.sk\/hu\/wp-json\/wp\/v2\/product_tag?post=12195"}],"curies":[{"name":"wp","href":"https:\/\/api.w.org\/{rel}","templated":true}]}}