{"id":12108,"date":"2024-03-15T13:22:16","date_gmt":"2024-03-15T12:22:16","guid":{"rendered":"https:\/\/www.slovklima.sk\/produkt\/dorin-kondenzacios-egysegek\/"},"modified":"2024-03-15T13:22:16","modified_gmt":"2024-03-15T12:22:16","slug":"dorin-kondenzacios-egysegek","status":"publish","type":"product","link":"https:\/\/www.slovklima.sk\/hu\/produkt\/dorin-kondenzacios-egysegek\/","title":{"rendered":"DORIN Kondenz\u00e1ci\u00f3s egys\u00e9gek"},"content":{"rendered":"<p>A Dorin kondenz\u00e1ci\u00f3s egys\u00e9geket nagyobb kapacit\u00e1s\u00fa ipari h\u0171t\u00e9sre haszn\u00e1lj\u00e1k. A kondenz\u00e1ci\u00f3s egys\u00e9geket Olaszorsz\u00e1gban gy\u00e1rtj\u00e1k.<\/p>\n<p>Tov\u00e1bbi inform\u00e1ci\u00f3 az egyes term\u00e9kekr\u0151l \u00e9s el\u00e9rhet\u0151s\u00e9g\u00fckr\u0151l k\u00e9r\u00e9sre \u00e1ll rendelkez\u00e9sre. Vegye fel vel\u00fcnk vagy a legk\u00f6zelebbi DTN group, s.r.o. fi\u00f3kkal a kapcsolatot.<\/p>\n","protected":false},"excerpt":{"rendered":"<p>A Dorin kondenz\u00e1ci\u00f3s egys\u00e9geket nagyobb kapacit\u00e1s\u00fa ipari h\u0171t\u00e9sre haszn\u00e1lj\u00e1k. A kondenz\u00e1ci\u00f3s egys\u00e9geket Olaszorsz\u00e1gban gy\u00e1rtj\u00e1k.<\/p>\n","protected":false},"featured_media":17232,"template":"","meta":[],"product_brand":[],"product_cat":[441,432,370],"product_tag":[],"class_list":{"0":"post-12108","1":"product","2":"type-product","3":"status-publish","4":"has-post-thumbnail","6":"product_cat-dorin-kondenzacios-egysegek","7":"product_cat-kondenzacios-egysegek","8":"product_cat-professzionalis-hutes","10":"first","11":"instock","12":"shipping-taxable","13":"product-type-simple"},"yoast_head":"<!-- This site is optimized with the Yoast SEO plugin v24.3 - https:\/\/yoast.com\/wordpress\/plugins\/seo\/ -->\n<title>DORIN Kondenz\u00e1ci\u00f3s egys\u00e9gek | SLOVKLIMA DEIMOS group, s.r.o.<\/title>\n<meta name=\"robots\" content=\"index, follow, max-snippet:-1, max-image-preview:large, max-video-preview:-1\" \/>\n<link rel=\"canonical\" href=\"https:\/\/www.slovklima.sk\/hu\/produkt\/dorin-kondenzacios-egysegek\/\" \/>\n<meta property=\"og:locale\" content=\"hu_HU\" \/>\n<meta property=\"og:type\" content=\"article\" \/>\n<meta property=\"og:title\" content=\"DORIN Kondenz\u00e1ci\u00f3s egys\u00e9gek | SLOVKLIMA DEIMOS group, s.r.o.\" \/>\n<meta property=\"og:description\" content=\"A Dorin kondenz\u00e1ci\u00f3s egys\u00e9geket nagyobb kapacit\u00e1s\u00fa ipari h\u0171t\u00e9sre haszn\u00e1lj\u00e1k. A kondenz\u00e1ci\u00f3s egys\u00e9geket Olaszorsz\u00e1gban gy\u00e1rtj\u00e1k.\" \/>\n<meta property=\"og:url\" content=\"https:\/\/www.slovklima.sk\/hu\/produkt\/dorin-kondenzacios-egysegek\/\" \/>\n<meta property=\"og:site_name\" content=\"SLOVKLIMA DEIMOS group, s.r.o.\" \/>\n<meta property=\"og:image\" content=\"https:\/\/www.slovklima.sk\/wp-content\/uploads\/2025\/07\/Kondenzacne-jednotky-Dorin_1.jpg\" \/>\n\t<meta property=\"og:image:width\" content=\"800\" \/>\n\t<meta property=\"og:image:height\" content=\"1000\" \/>\n\t<meta property=\"og:image:type\" content=\"image\/jpeg\" \/>\n<meta name=\"twitter:card\" content=\"summary_large_image\" \/>\n<script type=\"application\/ld+json\" class=\"yoast-schema-graph\">{\"@context\":\"https:\/\/schema.org\",\"@graph\":[{\"@type\":\"WebPage\",\"@id\":\"https:\/\/www.slovklima.sk\/hu\/produkt\/dorin-kondenzacios-egysegek\/\",\"url\":\"https:\/\/www.slovklima.sk\/hu\/produkt\/dorin-kondenzacios-egysegek\/\",\"name\":\"DORIN Kondenz\u00e1ci\u00f3s egys\u00e9gek | SLOVKLIMA DEIMOS group, s.r.o.\",\"isPartOf\":{\"@id\":\"https:\/\/www.slovklima.sk\/#website\"},\"primaryImageOfPage\":{\"@id\":\"https:\/\/www.slovklima.sk\/hu\/produkt\/dorin-kondenzacios-egysegek\/#primaryimage\"},\"image\":{\"@id\":\"https:\/\/www.slovklima.sk\/hu\/produkt\/dorin-kondenzacios-egysegek\/#primaryimage\"},\"thumbnailUrl\":\"https:\/\/www.slovklima.sk\/wp-content\/uploads\/2025\/07\/Kondenzacne-jednotky-Dorin_1.jpg\",\"datePublished\":\"2024-03-15T12:22:16+00:00\",\"dateModified\":\"2024-03-15T12:22:16+00:00\",\"breadcrumb\":{\"@id\":\"https:\/\/www.slovklima.sk\/hu\/produkt\/dorin-kondenzacios-egysegek\/#breadcrumb\"},\"inLanguage\":\"hu\",\"potentialAction\":[{\"@type\":\"ReadAction\",\"target\":[\"https:\/\/www.slovklima.sk\/hu\/produkt\/dorin-kondenzacios-egysegek\/\"]}]},{\"@type\":\"ImageObject\",\"inLanguage\":\"hu\",\"@id\":\"https:\/\/www.slovklima.sk\/hu\/produkt\/dorin-kondenzacios-egysegek\/#primaryimage\",\"url\":\"https:\/\/www.slovklima.sk\/wp-content\/uploads\/2025\/07\/Kondenzacne-jednotky-Dorin_1.jpg\",\"contentUrl\":\"https:\/\/www.slovklima.sk\/wp-content\/uploads\/2025\/07\/Kondenzacne-jednotky-Dorin_1.jpg\",\"width\":800,\"height\":1000},{\"@type\":\"BreadcrumbList\",\"@id\":\"https:\/\/www.slovklima.sk\/hu\/produkt\/dorin-kondenzacios-egysegek\/#breadcrumb\",\"itemListElement\":[{\"@type\":\"ListItem\",\"position\":1,\"name\":\"Domovsk\u00e1 str\u00e1nka\",\"item\":\"https:\/\/www.slovklima.sk\/hu\/\"},{\"@type\":\"ListItem\",\"position\":2,\"name\":\"Term\u00e9kek\",\"item\":\"https:\/\/www.slovklima.sk\/termekek\/\"},{\"@type\":\"ListItem\",\"position\":3,\"name\":\"DORIN Kondenz\u00e1ci\u00f3s egys\u00e9gek\"}]},{\"@type\":\"WebSite\",\"@id\":\"https:\/\/www.slovklima.sk\/#website\",\"url\":\"https:\/\/www.slovklima.sk\/\",\"name\":\"SLOVKLIMA DEIMOS group, s.r.o.\",\"description\":\"\",\"publisher\":{\"@id\":\"https:\/\/www.slovklima.sk\/#organization\"},\"alternateName\":\"SLOVKLIMA\",\"potentialAction\":[{\"@type\":\"SearchAction\",\"target\":{\"@type\":\"EntryPoint\",\"urlTemplate\":\"https:\/\/www.slovklima.sk\/?s={search_term_string}\"},\"query-input\":{\"@type\":\"PropertyValueSpecification\",\"valueRequired\":true,\"valueName\":\"search_term_string\"}}],\"inLanguage\":\"hu\"},{\"@type\":\"Organization\",\"@id\":\"https:\/\/www.slovklima.sk\/#organization\",\"name\":\"SLOVKLIMA DEIMOS group, s.r.o.\",\"alternateName\":\"SLOVKLIMA\",\"url\":\"https:\/\/www.slovklima.sk\/\",\"logo\":{\"@type\":\"ImageObject\",\"inLanguage\":\"hu\",\"@id\":\"https:\/\/www.slovklima.sk\/#\/schema\/logo\/image\/\",\"url\":\"https:\/\/www.slovklima.sk\/wp-content\/uploads\/2022\/12\/slovklima-logo-black.svg\",\"contentUrl\":\"https:\/\/www.slovklima.sk\/wp-content\/uploads\/2022\/12\/slovklima-logo-black.svg\",\"width\":3218,\"height\":698,\"caption\":\"SLOVKLIMA DEIMOS group, s.r.o.\"},\"image\":{\"@id\":\"https:\/\/www.slovklima.sk\/#\/schema\/logo\/image\/\"}}]}<\/script>\n<!-- \/ Yoast SEO plugin. -->","yoast_head_json":{"title":"DORIN Kondenz\u00e1ci\u00f3s egys\u00e9gek | SLOVKLIMA DEIMOS group, s.r.o.","robots":{"index":"index","follow":"follow","max-snippet":"max-snippet:-1","max-image-preview":"max-image-preview:large","max-video-preview":"max-video-preview:-1"},"canonical":"https:\/\/www.slovklima.sk\/hu\/produkt\/dorin-kondenzacios-egysegek\/","og_locale":"hu_HU","og_type":"article","og_title":"DORIN Kondenz\u00e1ci\u00f3s egys\u00e9gek | SLOVKLIMA DEIMOS group, s.r.o.","og_description":"A Dorin kondenz\u00e1ci\u00f3s egys\u00e9geket nagyobb kapacit\u00e1s\u00fa ipari h\u0171t\u00e9sre haszn\u00e1lj\u00e1k. A kondenz\u00e1ci\u00f3s egys\u00e9geket Olaszorsz\u00e1gban gy\u00e1rtj\u00e1k.","og_url":"https:\/\/www.slovklima.sk\/hu\/produkt\/dorin-kondenzacios-egysegek\/","og_site_name":"SLOVKLIMA DEIMOS group, s.r.o.","og_image":[{"width":800,"height":1000,"url":"https:\/\/www.slovklima.sk\/wp-content\/uploads\/2025\/07\/Kondenzacne-jednotky-Dorin_1.jpg","type":"image\/jpeg"}],"twitter_card":"summary_large_image","schema":{"@context":"https:\/\/schema.org","@graph":[{"@type":"WebPage","@id":"https:\/\/www.slovklima.sk\/hu\/produkt\/dorin-kondenzacios-egysegek\/","url":"https:\/\/www.slovklima.sk\/hu\/produkt\/dorin-kondenzacios-egysegek\/","name":"DORIN Kondenz\u00e1ci\u00f3s egys\u00e9gek | SLOVKLIMA DEIMOS group, s.r.o.","isPartOf":{"@id":"https:\/\/www.slovklima.sk\/#website"},"primaryImageOfPage":{"@id":"https:\/\/www.slovklima.sk\/hu\/produkt\/dorin-kondenzacios-egysegek\/#primaryimage"},"image":{"@id":"https:\/\/www.slovklima.sk\/hu\/produkt\/dorin-kondenzacios-egysegek\/#primaryimage"},"thumbnailUrl":"https:\/\/www.slovklima.sk\/wp-content\/uploads\/2025\/07\/Kondenzacne-jednotky-Dorin_1.jpg","datePublished":"2024-03-15T12:22:16+00:00","dateModified":"2024-03-15T12:22:16+00:00","breadcrumb":{"@id":"https:\/\/www.slovklima.sk\/hu\/produkt\/dorin-kondenzacios-egysegek\/#breadcrumb"},"inLanguage":"hu","potentialAction":[{"@type":"ReadAction","target":["https:\/\/www.slovklima.sk\/hu\/produkt\/dorin-kondenzacios-egysegek\/"]}]},{"@type":"ImageObject","inLanguage":"hu","@id":"https:\/\/www.slovklima.sk\/hu\/produkt\/dorin-kondenzacios-egysegek\/#primaryimage","url":"https:\/\/www.slovklima.sk\/wp-content\/uploads\/2025\/07\/Kondenzacne-jednotky-Dorin_1.jpg","contentUrl":"https:\/\/www.slovklima.sk\/wp-content\/uploads\/2025\/07\/Kondenzacne-jednotky-Dorin_1.jpg","width":800,"height":1000},{"@type":"BreadcrumbList","@id":"https:\/\/www.slovklima.sk\/hu\/produkt\/dorin-kondenzacios-egysegek\/#breadcrumb","itemListElement":[{"@type":"ListItem","position":1,"name":"Domovsk\u00e1 str\u00e1nka","item":"https:\/\/www.slovklima.sk\/hu\/"},{"@type":"ListItem","position":2,"name":"Term\u00e9kek","item":"https:\/\/www.slovklima.sk\/termekek\/"},{"@type":"ListItem","position":3,"name":"DORIN Kondenz\u00e1ci\u00f3s egys\u00e9gek"}]},{"@type":"WebSite","@id":"https:\/\/www.slovklima.sk\/#website","url":"https:\/\/www.slovklima.sk\/","name":"SLOVKLIMA DEIMOS group, s.r.o.","description":"","publisher":{"@id":"https:\/\/www.slovklima.sk\/#organization"},"alternateName":"SLOVKLIMA","potentialAction":[{"@type":"SearchAction","target":{"@type":"EntryPoint","urlTemplate":"https:\/\/www.slovklima.sk\/?s={search_term_string}"},"query-input":{"@type":"PropertyValueSpecification","valueRequired":true,"valueName":"search_term_string"}}],"inLanguage":"hu"},{"@type":"Organization","@id":"https:\/\/www.slovklima.sk\/#organization","name":"SLOVKLIMA DEIMOS group, s.r.o.","alternateName":"SLOVKLIMA","url":"https:\/\/www.slovklima.sk\/","logo":{"@type":"ImageObject","inLanguage":"hu","@id":"https:\/\/www.slovklima.sk\/#\/schema\/logo\/image\/","url":"https:\/\/www.slovklima.sk\/wp-content\/uploads\/2022\/12\/slovklima-logo-black.svg","contentUrl":"https:\/\/www.slovklima.sk\/wp-content\/uploads\/2022\/12\/slovklima-logo-black.svg","width":3218,"height":698,"caption":"SLOVKLIMA DEIMOS group, s.r.o."},"image":{"@id":"https:\/\/www.slovklima.sk\/#\/schema\/logo\/image\/"}}]}},"_links":{"self":[{"href":"https:\/\/www.slovklima.sk\/hu\/wp-json\/wp\/v2\/product\/12108","targetHints":{"allow":["GET"]}}],"collection":[{"href":"https:\/\/www.slovklima.sk\/hu\/wp-json\/wp\/v2\/product"}],"about":[{"href":"https:\/\/www.slovklima.sk\/hu\/wp-json\/wp\/v2\/types\/product"}],"wp:featuredmedia":[{"embeddable":true,"href":"https:\/\/www.slovklima.sk\/hu\/wp-json\/wp\/v2\/media\/17232"}],"wp:attachment":[{"href":"https:\/\/www.slovklima.sk\/hu\/wp-json\/wp\/v2\/media?parent=12108"}],"wp:term":[{"taxonomy":"product_brand","embeddable":true,"href":"https:\/\/www.slovklima.sk\/hu\/wp-json\/wp\/v2\/product_brand?post=12108"},{"taxonomy":"product_cat","embeddable":true,"href":"https:\/\/www.slovklima.sk\/hu\/wp-json\/wp\/v2\/product_cat?post=12108"},{"taxonomy":"product_tag","embeddable":true,"href":"https:\/\/www.slovklima.sk\/hu\/wp-json\/wp\/v2\/product_tag?post=12108"}],"curies":[{"name":"wp","href":"https:\/\/api.w.org\/{rel}","templated":true}]}}