{"id":12089,"date":"2024-03-15T12:58:41","date_gmt":"2024-03-15T11:58:41","guid":{"rendered":"https:\/\/www.slovklima.sk\/produkt\/embraco-kondenzacios-egysegek\/"},"modified":"2024-03-15T12:58:41","modified_gmt":"2024-03-15T11:58:41","slug":"embraco-kondenzacios-egysegek","status":"publish","type":"product","link":"https:\/\/www.slovklima.sk\/hu\/produkt\/embraco-kondenzacios-egysegek\/","title":{"rendered":"EMBRACO kondenz\u00e1ci\u00f3s egys\u00e9gek"},"content":{"rendered":"<p>Az Embraco h\u0171t\u0151kompresszorok \u00e9s kondenz\u00e1ci\u00f3s egys\u00e9gek multinacion\u00e1lis gy\u00e1rt\u00f3ja. Sz\u00e9lesk\u00f6r\u0171, hat\u00e9kony \u00e9s versenyk\u00e9pes term\u00e9kportf\u00f3li\u00f3t hoz l\u00e9tre k\u00fcl\u00f6nb\u00f6z\u0151 alkalmaz\u00e1sokhoz, p\u00e9ld\u00e1ul otthoni, \u00e9lelmiszeripari, \u00e9lelmiszer-kiskereskedelmi, kiskereskedelmi \u00e9s orvosi alkalmaz\u00e1sokhoz. Megold\u00e1sait olyan innov\u00e1ci\u00f3k k\u00fcl\u00f6nb\u00f6ztetik meg, amelyek meghaladj\u00e1k a legig\u00e9nyesebb \u00fcgyf\u00e9lelv\u00e1r\u00e1sokat. Egyik \u00fczem\u00fck Szlov\u00e1ki\u00e1ban tal\u00e1lhat\u00f3, \u00e9s ez a gy\u00e1rt\u00f3 egyetlen olyan \u00fczeme, ahol kondenz\u00e1ci\u00f3s egys\u00e9geket is gy\u00e1rtanak. A 0,1 kW-t\u00f3l 5 kW-ig terjed\u0151 kondenz\u00e1ci\u00f3s egys\u00e9gek teljes portf\u00f3li\u00f3ja, a szabv\u00e1nyos kondenz\u00e1ci\u00f3s egys\u00e9gek portf\u00f3li\u00f3i minden alkalmaz\u00e1shoz alkalmasak. A legfontosabb jellemz\u0151k k\u00f6z\u00e9 tartozik a nagy hat\u00e9konys\u00e1g \u00e9s megb\u00edzhat\u00f3s\u00e1g, a leg\u00fajabb ECODESIGN \u00e9s HFC jogszab\u00e1lyoknak megfelel\u0151en. A portf\u00f3li\u00f3 sz\u00e1mos lehet\u0151s\u00e9get k\u00edn\u00e1l az R290 term\u00e9szetes h\u0171t\u0151k\u00f6zeg korai alkalmaz\u00f3i sz\u00e1m\u00e1ra is. Minden egys\u00e9g a leg\u00fajabb Embraco kompresszor-technol\u00f3gi\u00e1kra \u00e9p\u00fcl, bele\u00e9rtve a leg\u00fajabb fejleszt\u00e9seket, mint p\u00e9ld\u00e1ul az EMC, az NJX \u00e9s a Scroll term\u00e9kcsal\u00e1d. Az EDP (Evaporation Drain Pan) sorozatot a felolvasztott v\u00edz t\u00e1rol\u00e1s\u00e1ra szolg\u00e1l\u00f3 kivehet\u0151 t\u00e1lc\u00e1val \u00e9s a p\u00e1rologtat\u00e1si folyamat felgyors\u00edt\u00e1s\u00e1ra szolg\u00e1l\u00f3 forr\u00f3 hurokkal sz\u00e1ll\u00edtjuk.<\/p>\n<p>Tov\u00e1bbi inform\u00e1ci\u00f3 az egyes term\u00e9kekr\u0151l \u00e9s el\u00e9rhet\u0151s\u00e9g\u00fckr\u0151l k\u00e9r\u00e9sre \u00e1ll rendelkez\u00e9sre. Vegye fel vel\u00fcnk vagy a legk\u00f6zelebbi DTN group, s.r.o. fi\u00f3kkal a kapcsolatot.<\/p>\n","protected":false},"excerpt":{"rendered":"<p>Az Embraco h\u0171t\u0151kompresszorok \u00e9s kondenz\u00e1ci\u00f3s egys\u00e9gek multinacion\u00e1lis gy\u00e1rt\u00f3ja. Sz\u00e9lesk\u00f6r\u0171, hat\u00e9kony \u00e9s versenyk\u00e9pes term\u00e9kportf\u00f3li\u00f3t hoz l\u00e9tre k\u00fcl\u00f6nb\u00f6z\u0151 alkalmaz\u00e1sokhoz, p\u00e9ld\u00e1ul otthoni, \u00e9lelmiszeripari, \u00e9lelmiszer-kiskereskedelmi, kiskereskedelmi \u00e9s orvosi alkalmaz\u00e1sokhoz. Megold\u00e1sait olyan innov\u00e1ci\u00f3k k\u00fcl\u00f6nb\u00f6ztetik meg, amelyek meghaladj\u00e1k a legig\u00e9nyesebb \u00fcgyf\u00e9lelv\u00e1r\u00e1sokat. Egyik \u00fczem\u00fck Szlov\u00e1ki\u00e1ban tal\u00e1lhat\u00f3, \u00e9s ez a gy\u00e1rt\u00f3 egyetlen olyan \u00fczeme, ahol kondenz\u00e1ci\u00f3s egys\u00e9geket is gy\u00e1rtanak. A 0,1 kW-t\u00f3l 5 kW-ig terjed\u0151 kondenz\u00e1ci\u00f3s egys\u00e9gek teljes portf\u00f3li\u00f3ja, a szabv\u00e1nyos kondenz\u00e1ci\u00f3s egys\u00e9gek portf\u00f3li\u00f3i minden alkalmaz\u00e1shoz alkalmasak. A legfontosabb jellemz\u0151k k\u00f6z\u00e9 tartozik a nagy hat\u00e9konys\u00e1g \u00e9s megb\u00edzhat\u00f3s\u00e1g a leg\u00fajabb ECODESIGN \u00e9s HFC jogszab\u00e1lyoknak megfelel\u0151en. A portf\u00f3li\u00f3 sz\u00e1mos lehet\u0151s\u00e9get k\u00edn\u00e1l az R290 term\u00e9szetes h\u0171t\u0151k\u00f6zeg korai alkalmaz\u00f3i sz\u00e1m\u00e1ra is. Minden egys\u00e9g a leg\u00fajabb Embraco kompresszor-technol\u00f3gi\u00e1kra \u00e9p\u00fcl, bele\u00e9rtve a leg\u00fajabb fejleszt\u00e9seket, mint p\u00e9ld\u00e1ul az EMC, az NJX \u00e9s a Scroll term\u00e9kcsal\u00e1d. Az EDP (Evaporation Drain Pan) sorozatot a felolvasztott v\u00edz t\u00e1rol\u00e1s\u00e1ra szolg\u00e1l\u00f3 kivehet\u0151 t\u00e1lc\u00e1val \u00e9s a p\u00e1rologtat\u00e1si folyamat felgyors\u00edt\u00e1s\u00e1ra szolg\u00e1l\u00f3 forr\u00f3 hurokkal sz\u00e1ll\u00edtjuk.<\/p>\n","protected":false},"featured_media":17238,"template":"","meta":[],"product_brand":[],"product_cat":[433,432,370],"product_tag":[],"class_list":{"0":"post-12089","1":"product","2":"type-product","3":"status-publish","4":"has-post-thumbnail","6":"product_cat-embraco-kondenzacios-egysegek","7":"product_cat-kondenzacios-egysegek","8":"product_cat-professzionalis-hutes","10":"first","11":"instock","12":"featured","13":"shipping-taxable","14":"product-type-simple"},"yoast_head":"<!-- This site is optimized with the Yoast SEO plugin v24.3 - https:\/\/yoast.com\/wordpress\/plugins\/seo\/ -->\n<title>EMBRACO kondenz\u00e1ci\u00f3s egys\u00e9gek | SLOVKLIMA DEIMOS group, s.r.o.<\/title>\n<meta name=\"robots\" content=\"index, follow, max-snippet:-1, max-image-preview:large, max-video-preview:-1\" \/>\n<link rel=\"canonical\" href=\"https:\/\/www.slovklima.sk\/hu\/produkt\/embraco-kondenzacios-egysegek\/\" \/>\n<meta property=\"og:locale\" content=\"hu_HU\" \/>\n<meta property=\"og:type\" content=\"article\" \/>\n<meta property=\"og:title\" content=\"EMBRACO kondenz\u00e1ci\u00f3s egys\u00e9gek | SLOVKLIMA DEIMOS group, s.r.o.\" \/>\n<meta property=\"og:description\" content=\"Az Embraco h\u0171t\u0151kompresszorok \u00e9s kondenz\u00e1ci\u00f3s egys\u00e9gek multinacion\u00e1lis gy\u00e1rt\u00f3ja. Sz\u00e9lesk\u00f6r\u0171, hat\u00e9kony \u00e9s versenyk\u00e9pes term\u00e9kportf\u00f3li\u00f3t hoz l\u00e9tre k\u00fcl\u00f6nb\u00f6z\u0151 alkalmaz\u00e1sokhoz, p\u00e9ld\u00e1ul otthoni, \u00e9lelmiszeripari, \u00e9lelmiszer-kiskereskedelmi, kiskereskedelmi \u00e9s orvosi alkalmaz\u00e1sokhoz. Megold\u00e1sait olyan innov\u00e1ci\u00f3k k\u00fcl\u00f6nb\u00f6ztetik meg, amelyek meghaladj\u00e1k a legig\u00e9nyesebb \u00fcgyf\u00e9lelv\u00e1r\u00e1sokat. Egyik \u00fczem\u00fck Szlov\u00e1ki\u00e1ban tal\u00e1lhat\u00f3, \u00e9s ez a gy\u00e1rt\u00f3 egyetlen olyan \u00fczeme, ahol kondenz\u00e1ci\u00f3s egys\u00e9geket is gy\u00e1rtanak. A 0,1 kW-t\u00f3l 5 kW-ig terjed\u0151 kondenz\u00e1ci\u00f3s egys\u00e9gek teljes portf\u00f3li\u00f3ja, a szabv\u00e1nyos kondenz\u00e1ci\u00f3s egys\u00e9gek portf\u00f3li\u00f3i minden alkalmaz\u00e1shoz alkalmasak. A legfontosabb jellemz\u0151k k\u00f6z\u00e9 tartozik a nagy hat\u00e9konys\u00e1g \u00e9s megb\u00edzhat\u00f3s\u00e1g a leg\u00fajabb ECODESIGN \u00e9s HFC jogszab\u00e1lyoknak megfelel\u0151en. A portf\u00f3li\u00f3 sz\u00e1mos lehet\u0151s\u00e9get k\u00edn\u00e1l az R290 term\u00e9szetes h\u0171t\u0151k\u00f6zeg korai alkalmaz\u00f3i sz\u00e1m\u00e1ra is. Minden egys\u00e9g a leg\u00fajabb Embraco kompresszor-technol\u00f3gi\u00e1kra \u00e9p\u00fcl, bele\u00e9rtve a leg\u00fajabb fejleszt\u00e9seket, mint p\u00e9ld\u00e1ul az EMC, az NJX \u00e9s a Scroll term\u00e9kcsal\u00e1d. Az EDP (Evaporation Drain Pan) sorozatot a felolvasztott v\u00edz t\u00e1rol\u00e1s\u00e1ra szolg\u00e1l\u00f3 kivehet\u0151 t\u00e1lc\u00e1val \u00e9s a p\u00e1rologtat\u00e1si folyamat felgyors\u00edt\u00e1s\u00e1ra szolg\u00e1l\u00f3 forr\u00f3 hurokkal sz\u00e1ll\u00edtjuk.\" \/>\n<meta property=\"og:url\" content=\"https:\/\/www.slovklima.sk\/hu\/produkt\/embraco-kondenzacios-egysegek\/\" \/>\n<meta property=\"og:site_name\" content=\"SLOVKLIMA DEIMOS group, s.r.o.\" \/>\n<meta property=\"og:image\" content=\"https:\/\/www.slovklima.sk\/wp-content\/uploads\/2025\/07\/Kondenzacne-jednotky-Embraco.jpg\" \/>\n\t<meta property=\"og:image:width\" content=\"800\" \/>\n\t<meta property=\"og:image:height\" content=\"1000\" \/>\n\t<meta property=\"og:image:type\" content=\"image\/jpeg\" \/>\n<meta name=\"twitter:card\" content=\"summary_large_image\" \/>\n<meta name=\"twitter:label1\" content=\"Becs\u00fclt olvas\u00e1si id\u0151\" \/>\n\t<meta name=\"twitter:data1\" content=\"1 perc\" \/>\n<script type=\"application\/ld+json\" class=\"yoast-schema-graph\">{\"@context\":\"https:\/\/schema.org\",\"@graph\":[{\"@type\":\"WebPage\",\"@id\":\"https:\/\/www.slovklima.sk\/hu\/produkt\/embraco-kondenzacios-egysegek\/\",\"url\":\"https:\/\/www.slovklima.sk\/hu\/produkt\/embraco-kondenzacios-egysegek\/\",\"name\":\"EMBRACO kondenz\u00e1ci\u00f3s egys\u00e9gek | SLOVKLIMA DEIMOS group, s.r.o.\",\"isPartOf\":{\"@id\":\"https:\/\/www.slovklima.sk\/#website\"},\"primaryImageOfPage\":{\"@id\":\"https:\/\/www.slovklima.sk\/hu\/produkt\/embraco-kondenzacios-egysegek\/#primaryimage\"},\"image\":{\"@id\":\"https:\/\/www.slovklima.sk\/hu\/produkt\/embraco-kondenzacios-egysegek\/#primaryimage\"},\"thumbnailUrl\":\"https:\/\/www.slovklima.sk\/wp-content\/uploads\/2025\/07\/Kondenzacne-jednotky-Embraco.jpg\",\"datePublished\":\"2024-03-15T11:58:41+00:00\",\"dateModified\":\"2024-03-15T11:58:41+00:00\",\"breadcrumb\":{\"@id\":\"https:\/\/www.slovklima.sk\/hu\/produkt\/embraco-kondenzacios-egysegek\/#breadcrumb\"},\"inLanguage\":\"hu\",\"potentialAction\":[{\"@type\":\"ReadAction\",\"target\":[\"https:\/\/www.slovklima.sk\/hu\/produkt\/embraco-kondenzacios-egysegek\/\"]}]},{\"@type\":\"ImageObject\",\"inLanguage\":\"hu\",\"@id\":\"https:\/\/www.slovklima.sk\/hu\/produkt\/embraco-kondenzacios-egysegek\/#primaryimage\",\"url\":\"https:\/\/www.slovklima.sk\/wp-content\/uploads\/2025\/07\/Kondenzacne-jednotky-Embraco.jpg\",\"contentUrl\":\"https:\/\/www.slovklima.sk\/wp-content\/uploads\/2025\/07\/Kondenzacne-jednotky-Embraco.jpg\",\"width\":800,\"height\":1000},{\"@type\":\"BreadcrumbList\",\"@id\":\"https:\/\/www.slovklima.sk\/hu\/produkt\/embraco-kondenzacios-egysegek\/#breadcrumb\",\"itemListElement\":[{\"@type\":\"ListItem\",\"position\":1,\"name\":\"Domovsk\u00e1 str\u00e1nka\",\"item\":\"https:\/\/www.slovklima.sk\/hu\/\"},{\"@type\":\"ListItem\",\"position\":2,\"name\":\"Term\u00e9kek\",\"item\":\"https:\/\/www.slovklima.sk\/termekek\/\"},{\"@type\":\"ListItem\",\"position\":3,\"name\":\"EMBRACO kondenz\u00e1ci\u00f3s egys\u00e9gek\"}]},{\"@type\":\"WebSite\",\"@id\":\"https:\/\/www.slovklima.sk\/#website\",\"url\":\"https:\/\/www.slovklima.sk\/\",\"name\":\"SLOVKLIMA DEIMOS group, s.r.o.\",\"description\":\"\",\"publisher\":{\"@id\":\"https:\/\/www.slovklima.sk\/#organization\"},\"alternateName\":\"SLOVKLIMA\",\"potentialAction\":[{\"@type\":\"SearchAction\",\"target\":{\"@type\":\"EntryPoint\",\"urlTemplate\":\"https:\/\/www.slovklima.sk\/?s={search_term_string}\"},\"query-input\":{\"@type\":\"PropertyValueSpecification\",\"valueRequired\":true,\"valueName\":\"search_term_string\"}}],\"inLanguage\":\"hu\"},{\"@type\":\"Organization\",\"@id\":\"https:\/\/www.slovklima.sk\/#organization\",\"name\":\"SLOVKLIMA DEIMOS group, s.r.o.\",\"alternateName\":\"SLOVKLIMA\",\"url\":\"https:\/\/www.slovklima.sk\/\",\"logo\":{\"@type\":\"ImageObject\",\"inLanguage\":\"hu\",\"@id\":\"https:\/\/www.slovklima.sk\/#\/schema\/logo\/image\/\",\"url\":\"https:\/\/www.slovklima.sk\/wp-content\/uploads\/2022\/12\/slovklima-logo-black.svg\",\"contentUrl\":\"https:\/\/www.slovklima.sk\/wp-content\/uploads\/2022\/12\/slovklima-logo-black.svg\",\"width\":3218,\"height\":698,\"caption\":\"SLOVKLIMA DEIMOS group, s.r.o.\"},\"image\":{\"@id\":\"https:\/\/www.slovklima.sk\/#\/schema\/logo\/image\/\"}}]}<\/script>\n<!-- \/ Yoast SEO plugin. -->","yoast_head_json":{"title":"EMBRACO kondenz\u00e1ci\u00f3s egys\u00e9gek | SLOVKLIMA DEIMOS group, s.r.o.","robots":{"index":"index","follow":"follow","max-snippet":"max-snippet:-1","max-image-preview":"max-image-preview:large","max-video-preview":"max-video-preview:-1"},"canonical":"https:\/\/www.slovklima.sk\/hu\/produkt\/embraco-kondenzacios-egysegek\/","og_locale":"hu_HU","og_type":"article","og_title":"EMBRACO kondenz\u00e1ci\u00f3s egys\u00e9gek | SLOVKLIMA DEIMOS group, s.r.o.","og_description":"Az Embraco h\u0171t\u0151kompresszorok \u00e9s kondenz\u00e1ci\u00f3s egys\u00e9gek multinacion\u00e1lis gy\u00e1rt\u00f3ja. Sz\u00e9lesk\u00f6r\u0171, hat\u00e9kony \u00e9s versenyk\u00e9pes term\u00e9kportf\u00f3li\u00f3t hoz l\u00e9tre k\u00fcl\u00f6nb\u00f6z\u0151 alkalmaz\u00e1sokhoz, p\u00e9ld\u00e1ul otthoni, \u00e9lelmiszeripari, \u00e9lelmiszer-kiskereskedelmi, kiskereskedelmi \u00e9s orvosi alkalmaz\u00e1sokhoz. Megold\u00e1sait olyan innov\u00e1ci\u00f3k k\u00fcl\u00f6nb\u00f6ztetik meg, amelyek meghaladj\u00e1k a legig\u00e9nyesebb \u00fcgyf\u00e9lelv\u00e1r\u00e1sokat. Egyik \u00fczem\u00fck Szlov\u00e1ki\u00e1ban tal\u00e1lhat\u00f3, \u00e9s ez a gy\u00e1rt\u00f3 egyetlen olyan \u00fczeme, ahol kondenz\u00e1ci\u00f3s egys\u00e9geket is gy\u00e1rtanak. A 0,1 kW-t\u00f3l 5 kW-ig terjed\u0151 kondenz\u00e1ci\u00f3s egys\u00e9gek teljes portf\u00f3li\u00f3ja, a szabv\u00e1nyos kondenz\u00e1ci\u00f3s egys\u00e9gek portf\u00f3li\u00f3i minden alkalmaz\u00e1shoz alkalmasak. A legfontosabb jellemz\u0151k k\u00f6z\u00e9 tartozik a nagy hat\u00e9konys\u00e1g \u00e9s megb\u00edzhat\u00f3s\u00e1g a leg\u00fajabb ECODESIGN \u00e9s HFC jogszab\u00e1lyoknak megfelel\u0151en. A portf\u00f3li\u00f3 sz\u00e1mos lehet\u0151s\u00e9get k\u00edn\u00e1l az R290 term\u00e9szetes h\u0171t\u0151k\u00f6zeg korai alkalmaz\u00f3i sz\u00e1m\u00e1ra is. Minden egys\u00e9g a leg\u00fajabb Embraco kompresszor-technol\u00f3gi\u00e1kra \u00e9p\u00fcl, bele\u00e9rtve a leg\u00fajabb fejleszt\u00e9seket, mint p\u00e9ld\u00e1ul az EMC, az NJX \u00e9s a Scroll term\u00e9kcsal\u00e1d. Az EDP (Evaporation Drain Pan) sorozatot a felolvasztott v\u00edz t\u00e1rol\u00e1s\u00e1ra szolg\u00e1l\u00f3 kivehet\u0151 t\u00e1lc\u00e1val \u00e9s a p\u00e1rologtat\u00e1si folyamat felgyors\u00edt\u00e1s\u00e1ra szolg\u00e1l\u00f3 forr\u00f3 hurokkal sz\u00e1ll\u00edtjuk.","og_url":"https:\/\/www.slovklima.sk\/hu\/produkt\/embraco-kondenzacios-egysegek\/","og_site_name":"SLOVKLIMA DEIMOS group, s.r.o.","og_image":[{"width":800,"height":1000,"url":"https:\/\/www.slovklima.sk\/wp-content\/uploads\/2025\/07\/Kondenzacne-jednotky-Embraco.jpg","type":"image\/jpeg"}],"twitter_card":"summary_large_image","twitter_misc":{"Becs\u00fclt olvas\u00e1si id\u0151":"1 perc"},"schema":{"@context":"https:\/\/schema.org","@graph":[{"@type":"WebPage","@id":"https:\/\/www.slovklima.sk\/hu\/produkt\/embraco-kondenzacios-egysegek\/","url":"https:\/\/www.slovklima.sk\/hu\/produkt\/embraco-kondenzacios-egysegek\/","name":"EMBRACO kondenz\u00e1ci\u00f3s egys\u00e9gek | SLOVKLIMA DEIMOS group, s.r.o.","isPartOf":{"@id":"https:\/\/www.slovklima.sk\/#website"},"primaryImageOfPage":{"@id":"https:\/\/www.slovklima.sk\/hu\/produkt\/embraco-kondenzacios-egysegek\/#primaryimage"},"image":{"@id":"https:\/\/www.slovklima.sk\/hu\/produkt\/embraco-kondenzacios-egysegek\/#primaryimage"},"thumbnailUrl":"https:\/\/www.slovklima.sk\/wp-content\/uploads\/2025\/07\/Kondenzacne-jednotky-Embraco.jpg","datePublished":"2024-03-15T11:58:41+00:00","dateModified":"2024-03-15T11:58:41+00:00","breadcrumb":{"@id":"https:\/\/www.slovklima.sk\/hu\/produkt\/embraco-kondenzacios-egysegek\/#breadcrumb"},"inLanguage":"hu","potentialAction":[{"@type":"ReadAction","target":["https:\/\/www.slovklima.sk\/hu\/produkt\/embraco-kondenzacios-egysegek\/"]}]},{"@type":"ImageObject","inLanguage":"hu","@id":"https:\/\/www.slovklima.sk\/hu\/produkt\/embraco-kondenzacios-egysegek\/#primaryimage","url":"https:\/\/www.slovklima.sk\/wp-content\/uploads\/2025\/07\/Kondenzacne-jednotky-Embraco.jpg","contentUrl":"https:\/\/www.slovklima.sk\/wp-content\/uploads\/2025\/07\/Kondenzacne-jednotky-Embraco.jpg","width":800,"height":1000},{"@type":"BreadcrumbList","@id":"https:\/\/www.slovklima.sk\/hu\/produkt\/embraco-kondenzacios-egysegek\/#breadcrumb","itemListElement":[{"@type":"ListItem","position":1,"name":"Domovsk\u00e1 str\u00e1nka","item":"https:\/\/www.slovklima.sk\/hu\/"},{"@type":"ListItem","position":2,"name":"Term\u00e9kek","item":"https:\/\/www.slovklima.sk\/termekek\/"},{"@type":"ListItem","position":3,"name":"EMBRACO kondenz\u00e1ci\u00f3s egys\u00e9gek"}]},{"@type":"WebSite","@id":"https:\/\/www.slovklima.sk\/#website","url":"https:\/\/www.slovklima.sk\/","name":"SLOVKLIMA DEIMOS group, s.r.o.","description":"","publisher":{"@id":"https:\/\/www.slovklima.sk\/#organization"},"alternateName":"SLOVKLIMA","potentialAction":[{"@type":"SearchAction","target":{"@type":"EntryPoint","urlTemplate":"https:\/\/www.slovklima.sk\/?s={search_term_string}"},"query-input":{"@type":"PropertyValueSpecification","valueRequired":true,"valueName":"search_term_string"}}],"inLanguage":"hu"},{"@type":"Organization","@id":"https:\/\/www.slovklima.sk\/#organization","name":"SLOVKLIMA DEIMOS group, s.r.o.","alternateName":"SLOVKLIMA","url":"https:\/\/www.slovklima.sk\/","logo":{"@type":"ImageObject","inLanguage":"hu","@id":"https:\/\/www.slovklima.sk\/#\/schema\/logo\/image\/","url":"https:\/\/www.slovklima.sk\/wp-content\/uploads\/2022\/12\/slovklima-logo-black.svg","contentUrl":"https:\/\/www.slovklima.sk\/wp-content\/uploads\/2022\/12\/slovklima-logo-black.svg","width":3218,"height":698,"caption":"SLOVKLIMA DEIMOS group, s.r.o."},"image":{"@id":"https:\/\/www.slovklima.sk\/#\/schema\/logo\/image\/"}}]}},"_links":{"self":[{"href":"https:\/\/www.slovklima.sk\/hu\/wp-json\/wp\/v2\/product\/12089","targetHints":{"allow":["GET"]}}],"collection":[{"href":"https:\/\/www.slovklima.sk\/hu\/wp-json\/wp\/v2\/product"}],"about":[{"href":"https:\/\/www.slovklima.sk\/hu\/wp-json\/wp\/v2\/types\/product"}],"wp:featuredmedia":[{"embeddable":true,"href":"https:\/\/www.slovklima.sk\/hu\/wp-json\/wp\/v2\/media\/17238"}],"wp:attachment":[{"href":"https:\/\/www.slovklima.sk\/hu\/wp-json\/wp\/v2\/media?parent=12089"}],"wp:term":[{"taxonomy":"product_brand","embeddable":true,"href":"https:\/\/www.slovklima.sk\/hu\/wp-json\/wp\/v2\/product_brand?post=12089"},{"taxonomy":"product_cat","embeddable":true,"href":"https:\/\/www.slovklima.sk\/hu\/wp-json\/wp\/v2\/product_cat?post=12089"},{"taxonomy":"product_tag","embeddable":true,"href":"https:\/\/www.slovklima.sk\/hu\/wp-json\/wp\/v2\/product_tag?post=12089"}],"curies":[{"name":"wp","href":"https:\/\/api.w.org\/{rel}","templated":true}]}}