{"id":12064,"date":"2024-03-14T23:02:16","date_gmt":"2024-03-14T22:02:16","guid":{"rendered":"https:\/\/www.slovklima.sk\/produkt\/toshiba-rav-kazetta-4-utas-egyseg-standard-r32\/"},"modified":"2024-06-07T10:48:58","modified_gmt":"2024-06-07T08:48:58","slug":"toshiba-rav-kazetta-4-utas-egyseg-standard-r32","status":"publish","type":"product","link":"https:\/\/www.slovklima.sk\/hu\/produkt\/toshiba-rav-kazetta-4-utas-egyseg-standard-r32\/","title":{"rendered":"TOSHIBA RAV kazetta 4 utas egys\u00e9g STANDARD R32"},"content":{"rendered":"<section class=\"wpb-content-wrapper\"><p>[vc_row][vc_column el_class=&#8221;table-style&#8221; woodmart_css_id=&#8221;65f3764a3be6b&#8221; parallax_scroll=&#8221;no&#8221; woodmart_sticky_column=&#8221;false&#8221; wd_collapsible_content_switcher=&#8221;no&#8221; wd_column_role_offcanvas_desktop=&#8221;no&#8221; wd_column_role_offcanvas_tablet=&#8221;no&#8221; wd_column_role_offcanvas_mobile=&#8221;no&#8221; wd_column_role_content_desktop=&#8221;no&#8221; wd_column_role_content_tablet=&#8221;no&#8221; wd_column_role_content_mobile=&#8221;no&#8221; mobile_bg_img_hidden=&#8221;no&#8221; tablet_bg_img_hidden=&#8221;no&#8221; woodmart_parallax=&#8221;0&#8243; woodmart_box_shadow=&#8221;no&#8221; responsive_spacing=&#8221;eyJwYXJhbV90eXBlIjoid29vZG1hcnRfcmVzcG9uc2l2ZV9zcGFjaW5nIiwic2VsZWN0b3JfaWQiOiI2NWYzNzY0YTNiZTZiIiwic2hvcnRjb2RlIjoidmNfY29sdW1uIiwiZGF0YSI6eyJ0YWJsZXQiOnt9LCJtb2JpbGUiOnt9fX0=&#8221; mobile_reset_margin=&#8221;no&#8221; tablet_reset_margin=&#8221;no&#8221; wd_z_index=&#8221;no&#8221;][vc_column_text woodmart_inline=&#8221;no&#8221; text_larger=&#8221;no&#8221;]<\/p>\n<table>\n<thead>\n<tr>\n<th><em>Belt\u00e9ri egys\u00e9g<\/em> modell<\/th>\n<th style=\"text-align: center;\">Teljes\u00edtm\u00e9ny <em>kW<\/em><\/th>\n<th style=\"text-align: center;\">Energiaoszt\u00e1ly &#8211; h\u0171t\u00e9s\/f\u0171t\u00e9s<\/th>\n<th style=\"text-align: center;\">BxHxT <em>mm<\/em><\/th>\n<th style=\"text-align: center;\">Kompatibilit\u00e1s a k\u00fclt\u00e9ri egys\u00e9gek <em>sorozat\u00e1val<\/em><\/th>\n<\/tr>\n<\/thead>\n<tbody>\n<tr>\n<td style=\"text-align: left;\">RAV-HM561UTP-E<\/td>\n<td style=\"text-align: center;\">5,0 \/ 5,3<\/td>\n<td style=\"text-align: center;\">a k\u00fclt\u00e9ri egys\u00e9g t\u00edpus\u00e1t\u00f3l f\u00fcgg<\/td>\n<td style=\"text-align: center;\">840x256x840<\/td>\n<td style=\"text-align: center;\">DI-NEXT, SDI, DI-C<\/td>\n<\/tr>\n<tr>\n<td>RAV-HM801UTP-E<\/td>\n<td style=\"text-align: center;\">6,7 \/ 7,7<\/td>\n<td style=\"text-align: center;\">a k\u00fclt\u00e9ri egys\u00e9g t\u00edpus\u00e1t\u00f3l f\u00fcgg<\/td>\n<td style=\"text-align: center;\">840x256x840<\/td>\n<td style=\"text-align: center;\">DI-NEXT, SDI, DI-C<\/td>\n<\/tr>\n<tr>\n<td>RAV-HM901UTP-E<\/td>\n<td style=\"text-align: center;\">8,0 \/ 8,6<\/td>\n<td style=\"text-align: center;\">a k\u00fclt\u00e9ri egys\u00e9g t\u00edpus\u00e1t\u00f3l f\u00fcgg<\/td>\n<td style=\"text-align: center;\">840x319x840<\/td>\n<td style=\"text-align: center;\">DI-NEXT, SDI, DI-C<\/td>\n<\/tr>\n<tr>\n<td>RAV-HM1101UTP-E<\/td>\n<td style=\"text-align: center;\">9,5 \/ 11,2<\/td>\n<td style=\"text-align: center;\">a k\u00fclt\u00e9ri egys\u00e9g t\u00edpus\u00e1t\u00f3l f\u00fcgg<\/td>\n<td style=\"text-align: center;\">840x319x840<\/td>\n<td style=\"text-align: center;\">DI-NEXT, SDI, DI-C<\/td>\n<\/tr>\n<tr>\n<td>RAV-HM1401UTP-E<\/td>\n<td style=\"text-align: center;\">12,1 \/ 13,0<\/td>\n<td style=\"text-align: center;\">a k\u00fclt\u00e9ri egys\u00e9g t\u00edpus\u00e1t\u00f3l f\u00fcgg<\/td>\n<td style=\"text-align: center;\">840x319x840<\/td>\n<td style=\"text-align: center;\">DI-NEXT, SDI, DI-C<\/td>\n<\/tr>\n<tr>\n<td>RAV-HM1601UTP-E<\/td>\n<td style=\"text-align: center;\">14,0 \/ 16,0<\/td>\n<td style=\"text-align: center;\">a k\u00fclt\u00e9ri egys\u00e9g t\u00edpus\u00e1t\u00f3l f\u00fcgg<\/td>\n<td style=\"text-align: center;\">840x319x840<\/td>\n<td style=\"text-align: center;\">DI-NEXT, SDI, DI-C<\/td>\n<\/tr>\n<\/tbody>\n<\/table>\n<p>[\/vc_column_text][\/vc_column][\/vc_row]<\/p>\n<\/section>","protected":false},"excerpt":{"rendered":"<p><strong>360\u00b0 CLASSICS<\/strong><\/p>\n<p>4-utas szabv\u00e1nyos kazetta egyszob\u00e1s RAV rendszerekhez a CLASSIC, a digit\u00e1lis inverter, a digit\u00e1lis inverter, a szuper digit\u00e1lis inverter \u00e9s a BIG digit\u00e1lis inverter k\u00fclt\u00e9ri egys\u00e9geivel val\u00f3 kombin\u00e1ci\u00f3hoz R32 h\u0171t\u0151k\u00f6zeghez. Egy\u00e9ni k\u00e9nyelem m\u00e9g nagy terekben is, nagy teljes\u00edtm\u00e9nyfelv\u00e9tellel. Hat teljes\u00edtm\u00e9nyszintben kaphat\u00f3 5,0 \u00e9s 14,0 kW k\u00f6z\u00f6tt.<\/p>\n<p><strong>Kompatibilis a DI-NEXT, SDI \u00e9s DI-C k\u00fclt\u00e9ri egys\u00e9gekkel.<\/strong><\/p>\n<div class=\"product-icons\"><img decoding=\"async\" class=\"alignnone size-full wp-image-8455\" title=\"Teljes\u00edtm\u00e9nyv\u00e1laszt\u00e1s: teljes\u00edtm\u00e9nykorl\u00e1toz\u00e1s \u00e9s \u00edgy 25, 50 vagy 75%-os energiamegtakar\u00edt\u00e1s\" src=\"\/wp-content\/uploads\/2024\/03\/power-selection.jpg\" alt=\"\" width=\"151\" height=\"151\"><img decoding=\"async\" class=\"alignnone size-medium wp-image-8454\" title=\"El\u0151re be\u00e1ll\u00edtott \u00fczemm\u00f3d: gombnyom\u00e1sra aktiv\u00e1lja az egyes be\u00e1ll\u00edt\u00e1sokat.\" src=\"\/wp-content\/uploads\/2024\/03\/rezim-preset.jpg\" alt=\"\" width=\"151\" height=\"151\"><img decoding=\"async\" class=\"alignnone size-medium wp-image-8453\" title=\"Padl\u00f3 \u00fczemm\u00f3d: term\u00e9szetes padl\u00f3f\u0171t\u00e9s a nagyobb k\u00e9nyelem \u00e9rdek\u00e9ben\" src=\"\/wp-content\/uploads\/2024\/03\/rezim-floor.jpg\" alt=\"\" width=\"151\" height=\"151\"><img decoding=\"async\" class=\"alignnone size-medium wp-image-8452\" title=\"Porsz\u0171r\u0151: moshat\u00f3 sz\u0171r\u0151 a durva szennyez\u0151d\u00e9sek ellen\" src=\"\/wp-content\/uploads\/2024\/03\/prachovy-filter.jpg\" alt=\"\" width=\"151\" height=\"151\"><img decoding=\"async\" class=\"alignnone size-medium wp-image-8450\" title=\"Plazmasz\u0171r\u0151 (tiszta \u00fczemm\u00f3d): elektrosztatikus sz\u0171r\u0151rendszer\" src=\"\/wp-content\/uploads\/2024\/03\/plazmovy-filter.jpg\" alt=\"\" width=\"151\" height=\"151\"><img decoding=\"async\" class=\"alignnone size-medium wp-image-8449\" title=\"One Touch \u00fczemm\u00f3d: teljesen automatikus m\u0171k\u00f6d\u00e9s az \u00d6nre szabottan\" src=\"\/wp-content\/uploads\/2024\/03\/one-touch.jpg\" alt=\"\" width=\"151\" height=\"151\"><img decoding=\"async\" class=\"alignnone size-medium wp-image-8448\" title=\"Akt\u00edv sz\u00e9n-katechin sz\u0171r\u0151: tiszt\u00edt\u00f3 sz\u0171r\u0151 z\u00f6ld tea enzimekkel\" src=\"\/wp-content\/uploads\/2024\/03\/karbon-filter.jpg\" alt=\"\" width=\"151\" height=\"151\"><img decoding=\"async\" class=\"alignnone size-medium wp-image-8447\" title=\"L\u00e9gioniz\u00e1tor: negat\u00edv ionok veszik k\u00f6r\u00fcl a leveg\u0151ben l\u00e9v\u0151 szennyez\u0151d\u00e9sr\u00e9szecsk\u00e9ket. A por, a pollen \u00e9s a f\u00fcst semleges\u00fcl.\" src=\"\/wp-content\/uploads\/2024\/03\/ionizator-vbzduchu.jpg\" alt=\"\" width=\"151\" height=\"151\"><img decoding=\"async\" class=\"alignnone size-medium wp-image-8446\" title=\"IAQ sz\u0171r\u0151: term\u00e9szetes anyagokb\u00f3l k\u00e9sz\u00fclt finom sz\u0171r\u0151\" src=\"\/wp-content\/uploads\/2024\/03\/iaq-filter.jpg\" alt=\"\" width=\"151\" height=\"151\"><img decoding=\"async\" class=\"alignnone size-medium wp-image-8445\" title=\"H\u0171t\u00e9s: a k\u00e9sz\u00fcl\u00e9k k\u00e9pes h\u0171teni \u00e9s megszabadulni a nedvess\u00e9gt\u0151l.\" src=\"\/wp-content\/uploads\/2024\/03\/chladenie.jpg\" alt=\"\" width=\"151\" height=\"151\"><img decoding=\"async\" class=\"alignnone size-medium wp-image-8444\" title=\"Hi Power: K\u00fcl\u00f6n\u00f6sen er\u0151s l\u00e9g\u00e1raml\u00e1s a k\u00edv\u00e1nt h\u0151m\u00e9rs\u00e9klet gyors el\u00e9r\u00e9s\u00e9hez\" src=\"\/wp-content\/uploads\/2024\/03\/hi-power.jpg\" alt=\"\" width=\"151\" height=\"151\"><img decoding=\"async\" class=\"alignnone size-medium wp-image-8443\" title=\"\u00d6ntiszt\u00edt\u00f3 funkci\u00f3: a kondenzv\u00edz akt\u00edv felhaszn\u00e1l\u00e1sa a tiszt\u00edt\u00e1shoz\" src=\"\/wp-content\/uploads\/2024\/03\/funkcia-samocistenia.jpg\" alt=\"\" width=\"151\" height=\"151\"><img decoding=\"async\" class=\"alignnone size-medium wp-image-8442\" title=\"K\u00e9nyelmes alv\u00e1s: 2 \u00b0C-os fokozatos h\u0151m\u00e9rs\u00e9klet-emelked\u00e9s reggelig.\" src=\"\/wp-content\/uploads\/2024\/03\/comfort.sleep_.jpg\" alt=\"\" width=\"151\" height=\"151\"><img decoding=\"async\" class=\"alignnone size-medium wp-image-8441\" title=\"Id\u0151z\u00edtett kikapcsol\u00e1s: a k\u00e9sz\u00fcl\u00e9k kikapcsol\u00e1sa a kiv\u00e1lasztott id\u0151pontban (30 perc -12 \u00f3ra).\" src=\"\/wp-content\/uploads\/2024\/03\/casovac-off.jpg\" alt=\"\" width=\"151\" height=\"151\"><img decoding=\"async\" class=\"alignnone size-medium wp-image-8440\" title=\"Automatikus \u00fajraind\u00edt\u00e1s: \u00e1ramkimarad\u00e1s ut\u00e1n\" src=\"\/wp-content\/uploads\/2024\/03\/automaticky-restart-1.jpg\" alt=\"\" width=\"151\" height=\"151\"><img decoding=\"async\" class=\"alignnone size-medium wp-image-8439\" title=\"\u00d6ndiagnosztika: a k\u00e9sz\u00fcl\u00e9k megfelel\u0151 m\u0171k\u00f6d\u00e9s\u00e9nek ellen\u0151rz\u00e9se\" src=\"\/wp-content\/uploads\/2024\/03\/autodiagnostika.jpg\" alt=\"\" width=\"151\" height=\"151\"><img decoding=\"async\" class=\"alignnone size-medium wp-image-8438\" title=\"WIFI-kapcsolattal: a k\u00e9sz\u00fcl\u00e9k opcion\u00e1lis vez\u00e9rl\u00e9se okostelefonon kereszt\u00fcl\" src=\"\/wp-content\/uploads\/2024\/03\/wifi.jpg\" alt=\"\" width=\"151\" height=\"151\"><img decoding=\"async\" class=\"alignnone size-medium wp-image-8437\" title=\"F\u0171t\u00e9s: a k\u00e9sz\u00fcl\u00e9k alkalmas f\u0171t\u00e9sre\" src=\"\/wp-content\/uploads\/2024\/03\/vykurovanie.jpg\" alt=\"\" width=\"151\" height=\"151\"><img decoding=\"async\" class=\"alignnone size-medium wp-image-8436\" title=\"Heti id\u0151z\u00edt\u0151: ak\u00e1r n\u00e9gy be\u00e1ll\u00edt\u00e1s naponta \u00e9s h\u00e9t hetente\" src=\"\/wp-content\/uploads\/2024\/03\/tyzdenny-casovac.jpg\" alt=\"\" width=\"151\" height=\"151\"><img decoding=\"async\" class=\"alignnone size-medium wp-image-8435\" title=\"Csendes \u00fczemm\u00f3d: K\u00fcl\u00f6n\u00f6sen alacsony zajszint - suttog\u00f3 \u00fczemm\u00f3d\" src=\"\/wp-content\/uploads\/2024\/03\/tichy-rezim.jpg\" alt=\"\" width=\"151\" height=\"151\"><img decoding=\"async\" class=\"alignnone size-full wp-image-8434\" title=\"Kapcsol\u00f3\u00f3ra (id\u0151z\u00edt\u0151): a be- \u00e9s kikapcsol\u00e1si id\u0151 egy\u00e9ni programoz\u00e1sa\" src=\"\/wp-content\/uploads\/2024\/03\/spinacie-hodiny.jpg\" alt=\"\" width=\"151\" height=\"151\"><\/div>\n","protected":false},"featured_media":12065,"template":"","meta":[],"product_brand":[],"product_cat":[364,353,365],"product_tag":[],"class_list":{"0":"post-12064","1":"product","2":"type-product","3":"status-publish","4":"has-post-thumbnail","6":"product_cat-kereskedelmi-egysegek","7":"product_cat-legkondicionalas","8":"product_cat-toshiba-hu","10":"first","11":"instock","12":"shipping-taxable","13":"product-type-simple"},"yoast_head":"<!-- This site is optimized with the Yoast SEO plugin v24.3 - https:\/\/yoast.com\/wordpress\/plugins\/seo\/ -->\n<title>TOSHIBA RAV kazetta 4 utas egys\u00e9g STANDARD R32 | SLOVKLIMA DEIMOS group, s.r.o.<\/title>\n<meta name=\"robots\" content=\"index, follow, max-snippet:-1, max-image-preview:large, max-video-preview:-1\" \/>\n<link rel=\"canonical\" href=\"https:\/\/www.slovklima.sk\/hu\/produkt\/toshiba-rav-kazetta-4-utas-egyseg-standard-r32\/\" \/>\n<meta property=\"og:locale\" content=\"hu_HU\" \/>\n<meta property=\"og:type\" content=\"article\" \/>\n<meta property=\"og:title\" content=\"TOSHIBA RAV kazetta 4 utas egys\u00e9g STANDARD R32 | SLOVKLIMA DEIMOS group, s.r.o.\" \/>\n<meta property=\"og:description\" content=\"360\u00b0 CLASSICS 4-utas szabv\u00e1nyos kazetta egyszob\u00e1s RAV rendszerekhez a CLASSIC, a digit\u00e1lis inverter, a digit\u00e1lis inverter, a szuper digit\u00e1lis inverter \u00e9s a BIG digit\u00e1lis inverter k\u00fclt\u00e9ri egys\u00e9geivel val\u00f3 kombin\u00e1ci\u00f3hoz R32 h\u0171t\u0151k\u00f6zeghez. Egy\u00e9ni k\u00e9nyelem m\u00e9g nagy terekben is, nagy teljes\u00edtm\u00e9nyfelv\u00e9tellel. Hat teljes\u00edtm\u00e9nyszintben kaphat\u00f3 5,0 \u00e9s 14,0 kW k\u00f6z\u00f6tt. Kompatibilis a DI-NEXT, SDI \u00e9s DI-C k\u00fclt\u00e9ri egys\u00e9gekkel.\" \/>\n<meta property=\"og:url\" content=\"https:\/\/www.slovklima.sk\/hu\/produkt\/toshiba-rav-kazetta-4-utas-egyseg-standard-r32\/\" \/>\n<meta property=\"og:site_name\" content=\"SLOVKLIMA DEIMOS group, s.r.o.\" \/>\n<meta property=\"article:modified_time\" content=\"2024-06-07T08:48:58+00:00\" \/>\n<meta property=\"og:image\" content=\"https:\/\/www.slovklima.sk\/wp-content\/uploads\/2024\/03\/toshiba-rav-vnutorna-standard-kazeta-jednotka.jpg\" \/>\n\t<meta property=\"og:image:width\" content=\"800\" \/>\n\t<meta property=\"og:image:height\" content=\"1000\" \/>\n\t<meta property=\"og:image:type\" content=\"image\/jpeg\" \/>\n<meta name=\"twitter:card\" content=\"summary_large_image\" \/>\n<meta name=\"twitter:label1\" content=\"Becs\u00fclt olvas\u00e1si id\u0151\" \/>\n\t<meta name=\"twitter:data1\" content=\"1 perc\" \/>\n<script type=\"application\/ld+json\" class=\"yoast-schema-graph\">{\"@context\":\"https:\/\/schema.org\",\"@graph\":[{\"@type\":\"WebPage\",\"@id\":\"https:\/\/www.slovklima.sk\/hu\/produkt\/toshiba-rav-kazetta-4-utas-egyseg-standard-r32\/\",\"url\":\"https:\/\/www.slovklima.sk\/hu\/produkt\/toshiba-rav-kazetta-4-utas-egyseg-standard-r32\/\",\"name\":\"TOSHIBA RAV kazetta 4 utas egys\u00e9g STANDARD R32 | SLOVKLIMA DEIMOS group, s.r.o.\",\"isPartOf\":{\"@id\":\"https:\/\/www.slovklima.sk\/#website\"},\"primaryImageOfPage\":{\"@id\":\"https:\/\/www.slovklima.sk\/hu\/produkt\/toshiba-rav-kazetta-4-utas-egyseg-standard-r32\/#primaryimage\"},\"image\":{\"@id\":\"https:\/\/www.slovklima.sk\/hu\/produkt\/toshiba-rav-kazetta-4-utas-egyseg-standard-r32\/#primaryimage\"},\"thumbnailUrl\":\"https:\/\/www.slovklima.sk\/wp-content\/uploads\/2024\/03\/toshiba-rav-vnutorna-standard-kazeta-jednotka.jpg\",\"datePublished\":\"2024-03-14T22:02:16+00:00\",\"dateModified\":\"2024-06-07T08:48:58+00:00\",\"breadcrumb\":{\"@id\":\"https:\/\/www.slovklima.sk\/hu\/produkt\/toshiba-rav-kazetta-4-utas-egyseg-standard-r32\/#breadcrumb\"},\"inLanguage\":\"hu\",\"potentialAction\":[{\"@type\":\"ReadAction\",\"target\":[\"https:\/\/www.slovklima.sk\/hu\/produkt\/toshiba-rav-kazetta-4-utas-egyseg-standard-r32\/\"]}]},{\"@type\":\"ImageObject\",\"inLanguage\":\"hu\",\"@id\":\"https:\/\/www.slovklima.sk\/hu\/produkt\/toshiba-rav-kazetta-4-utas-egyseg-standard-r32\/#primaryimage\",\"url\":\"https:\/\/www.slovklima.sk\/wp-content\/uploads\/2024\/03\/toshiba-rav-vnutorna-standard-kazeta-jednotka.jpg\",\"contentUrl\":\"https:\/\/www.slovklima.sk\/wp-content\/uploads\/2024\/03\/toshiba-rav-vnutorna-standard-kazeta-jednotka.jpg\",\"width\":800,\"height\":1000},{\"@type\":\"BreadcrumbList\",\"@id\":\"https:\/\/www.slovklima.sk\/hu\/produkt\/toshiba-rav-kazetta-4-utas-egyseg-standard-r32\/#breadcrumb\",\"itemListElement\":[{\"@type\":\"ListItem\",\"position\":1,\"name\":\"Domovsk\u00e1 str\u00e1nka\",\"item\":\"https:\/\/www.slovklima.sk\/hu\/\"},{\"@type\":\"ListItem\",\"position\":2,\"name\":\"Term\u00e9kek\",\"item\":\"https:\/\/www.slovklima.sk\/termekek\/\"},{\"@type\":\"ListItem\",\"position\":3,\"name\":\"TOSHIBA RAV kazetta 4 utas egys\u00e9g STANDARD R32\"}]},{\"@type\":\"WebSite\",\"@id\":\"https:\/\/www.slovklima.sk\/#website\",\"url\":\"https:\/\/www.slovklima.sk\/\",\"name\":\"SLOVKLIMA DEIMOS group, s.r.o.\",\"description\":\"\",\"publisher\":{\"@id\":\"https:\/\/www.slovklima.sk\/#organization\"},\"alternateName\":\"SLOVKLIMA\",\"potentialAction\":[{\"@type\":\"SearchAction\",\"target\":{\"@type\":\"EntryPoint\",\"urlTemplate\":\"https:\/\/www.slovklima.sk\/?s={search_term_string}\"},\"query-input\":{\"@type\":\"PropertyValueSpecification\",\"valueRequired\":true,\"valueName\":\"search_term_string\"}}],\"inLanguage\":\"hu\"},{\"@type\":\"Organization\",\"@id\":\"https:\/\/www.slovklima.sk\/#organization\",\"name\":\"SLOVKLIMA DEIMOS group, s.r.o.\",\"alternateName\":\"SLOVKLIMA\",\"url\":\"https:\/\/www.slovklima.sk\/\",\"logo\":{\"@type\":\"ImageObject\",\"inLanguage\":\"hu\",\"@id\":\"https:\/\/www.slovklima.sk\/#\/schema\/logo\/image\/\",\"url\":\"https:\/\/www.slovklima.sk\/wp-content\/uploads\/2022\/12\/slovklima-logo-black.svg\",\"contentUrl\":\"https:\/\/www.slovklima.sk\/wp-content\/uploads\/2022\/12\/slovklima-logo-black.svg\",\"width\":3218,\"height\":698,\"caption\":\"SLOVKLIMA DEIMOS group, s.r.o.\"},\"image\":{\"@id\":\"https:\/\/www.slovklima.sk\/#\/schema\/logo\/image\/\"}}]}<\/script>\n<!-- \/ Yoast SEO plugin. -->","yoast_head_json":{"title":"TOSHIBA RAV kazetta 4 utas egys\u00e9g STANDARD R32 | SLOVKLIMA DEIMOS group, s.r.o.","robots":{"index":"index","follow":"follow","max-snippet":"max-snippet:-1","max-image-preview":"max-image-preview:large","max-video-preview":"max-video-preview:-1"},"canonical":"https:\/\/www.slovklima.sk\/hu\/produkt\/toshiba-rav-kazetta-4-utas-egyseg-standard-r32\/","og_locale":"hu_HU","og_type":"article","og_title":"TOSHIBA RAV kazetta 4 utas egys\u00e9g STANDARD R32 | SLOVKLIMA DEIMOS group, s.r.o.","og_description":"360\u00b0 CLASSICS 4-utas szabv\u00e1nyos kazetta egyszob\u00e1s RAV rendszerekhez a CLASSIC, a digit\u00e1lis inverter, a digit\u00e1lis inverter, a szuper digit\u00e1lis inverter \u00e9s a BIG digit\u00e1lis inverter k\u00fclt\u00e9ri egys\u00e9geivel val\u00f3 kombin\u00e1ci\u00f3hoz R32 h\u0171t\u0151k\u00f6zeghez. Egy\u00e9ni k\u00e9nyelem m\u00e9g nagy terekben is, nagy teljes\u00edtm\u00e9nyfelv\u00e9tellel. Hat teljes\u00edtm\u00e9nyszintben kaphat\u00f3 5,0 \u00e9s 14,0 kW k\u00f6z\u00f6tt. Kompatibilis a DI-NEXT, SDI \u00e9s DI-C k\u00fclt\u00e9ri egys\u00e9gekkel.","og_url":"https:\/\/www.slovklima.sk\/hu\/produkt\/toshiba-rav-kazetta-4-utas-egyseg-standard-r32\/","og_site_name":"SLOVKLIMA DEIMOS group, s.r.o.","article_modified_time":"2024-06-07T08:48:58+00:00","og_image":[{"width":800,"height":1000,"url":"https:\/\/www.slovklima.sk\/wp-content\/uploads\/2024\/03\/toshiba-rav-vnutorna-standard-kazeta-jednotka.jpg","type":"image\/jpeg"}],"twitter_card":"summary_large_image","twitter_misc":{"Becs\u00fclt olvas\u00e1si id\u0151":"1 perc"},"schema":{"@context":"https:\/\/schema.org","@graph":[{"@type":"WebPage","@id":"https:\/\/www.slovklima.sk\/hu\/produkt\/toshiba-rav-kazetta-4-utas-egyseg-standard-r32\/","url":"https:\/\/www.slovklima.sk\/hu\/produkt\/toshiba-rav-kazetta-4-utas-egyseg-standard-r32\/","name":"TOSHIBA RAV kazetta 4 utas egys\u00e9g STANDARD R32 | SLOVKLIMA DEIMOS group, s.r.o.","isPartOf":{"@id":"https:\/\/www.slovklima.sk\/#website"},"primaryImageOfPage":{"@id":"https:\/\/www.slovklima.sk\/hu\/produkt\/toshiba-rav-kazetta-4-utas-egyseg-standard-r32\/#primaryimage"},"image":{"@id":"https:\/\/www.slovklima.sk\/hu\/produkt\/toshiba-rav-kazetta-4-utas-egyseg-standard-r32\/#primaryimage"},"thumbnailUrl":"https:\/\/www.slovklima.sk\/wp-content\/uploads\/2024\/03\/toshiba-rav-vnutorna-standard-kazeta-jednotka.jpg","datePublished":"2024-03-14T22:02:16+00:00","dateModified":"2024-06-07T08:48:58+00:00","breadcrumb":{"@id":"https:\/\/www.slovklima.sk\/hu\/produkt\/toshiba-rav-kazetta-4-utas-egyseg-standard-r32\/#breadcrumb"},"inLanguage":"hu","potentialAction":[{"@type":"ReadAction","target":["https:\/\/www.slovklima.sk\/hu\/produkt\/toshiba-rav-kazetta-4-utas-egyseg-standard-r32\/"]}]},{"@type":"ImageObject","inLanguage":"hu","@id":"https:\/\/www.slovklima.sk\/hu\/produkt\/toshiba-rav-kazetta-4-utas-egyseg-standard-r32\/#primaryimage","url":"https:\/\/www.slovklima.sk\/wp-content\/uploads\/2024\/03\/toshiba-rav-vnutorna-standard-kazeta-jednotka.jpg","contentUrl":"https:\/\/www.slovklima.sk\/wp-content\/uploads\/2024\/03\/toshiba-rav-vnutorna-standard-kazeta-jednotka.jpg","width":800,"height":1000},{"@type":"BreadcrumbList","@id":"https:\/\/www.slovklima.sk\/hu\/produkt\/toshiba-rav-kazetta-4-utas-egyseg-standard-r32\/#breadcrumb","itemListElement":[{"@type":"ListItem","position":1,"name":"Domovsk\u00e1 str\u00e1nka","item":"https:\/\/www.slovklima.sk\/hu\/"},{"@type":"ListItem","position":2,"name":"Term\u00e9kek","item":"https:\/\/www.slovklima.sk\/termekek\/"},{"@type":"ListItem","position":3,"name":"TOSHIBA RAV kazetta 4 utas egys\u00e9g STANDARD R32"}]},{"@type":"WebSite","@id":"https:\/\/www.slovklima.sk\/#website","url":"https:\/\/www.slovklima.sk\/","name":"SLOVKLIMA DEIMOS group, s.r.o.","description":"","publisher":{"@id":"https:\/\/www.slovklima.sk\/#organization"},"alternateName":"SLOVKLIMA","potentialAction":[{"@type":"SearchAction","target":{"@type":"EntryPoint","urlTemplate":"https:\/\/www.slovklima.sk\/?s={search_term_string}"},"query-input":{"@type":"PropertyValueSpecification","valueRequired":true,"valueName":"search_term_string"}}],"inLanguage":"hu"},{"@type":"Organization","@id":"https:\/\/www.slovklima.sk\/#organization","name":"SLOVKLIMA DEIMOS group, s.r.o.","alternateName":"SLOVKLIMA","url":"https:\/\/www.slovklima.sk\/","logo":{"@type":"ImageObject","inLanguage":"hu","@id":"https:\/\/www.slovklima.sk\/#\/schema\/logo\/image\/","url":"https:\/\/www.slovklima.sk\/wp-content\/uploads\/2022\/12\/slovklima-logo-black.svg","contentUrl":"https:\/\/www.slovklima.sk\/wp-content\/uploads\/2022\/12\/slovklima-logo-black.svg","width":3218,"height":698,"caption":"SLOVKLIMA DEIMOS group, s.r.o."},"image":{"@id":"https:\/\/www.slovklima.sk\/#\/schema\/logo\/image\/"}}]}},"_links":{"self":[{"href":"https:\/\/www.slovklima.sk\/hu\/wp-json\/wp\/v2\/product\/12064","targetHints":{"allow":["GET"]}}],"collection":[{"href":"https:\/\/www.slovklima.sk\/hu\/wp-json\/wp\/v2\/product"}],"about":[{"href":"https:\/\/www.slovklima.sk\/hu\/wp-json\/wp\/v2\/types\/product"}],"wp:featuredmedia":[{"embeddable":true,"href":"https:\/\/www.slovklima.sk\/hu\/wp-json\/wp\/v2\/media\/12065"}],"wp:attachment":[{"href":"https:\/\/www.slovklima.sk\/hu\/wp-json\/wp\/v2\/media?parent=12064"}],"wp:term":[{"taxonomy":"product_brand","embeddable":true,"href":"https:\/\/www.slovklima.sk\/hu\/wp-json\/wp\/v2\/product_brand?post=12064"},{"taxonomy":"product_cat","embeddable":true,"href":"https:\/\/www.slovklima.sk\/hu\/wp-json\/wp\/v2\/product_cat?post=12064"},{"taxonomy":"product_tag","embeddable":true,"href":"https:\/\/www.slovklima.sk\/hu\/wp-json\/wp\/v2\/product_tag?post=12064"}],"curies":[{"name":"wp","href":"https:\/\/api.w.org\/{rel}","templated":true}]}}