{"id":12060,"date":"2024-03-13T19:19:37","date_gmt":"2024-03-13T18:19:37","guid":{"rendered":"https:\/\/www.slovklima.sk\/produkt\/gree-u-match-fali-egyseg-r32\/"},"modified":"2024-06-07T10:48:57","modified_gmt":"2024-06-07T08:48:57","slug":"gree-u-match-fali-egyseg-r32","status":"publish","type":"product","link":"https:\/\/www.slovklima.sk\/hu\/produkt\/gree-u-match-fali-egyseg-r32\/","title":{"rendered":"GREE U-MATCH fali egys\u00e9g R32"},"content":{"rendered":"<section class=\"wpb-content-wrapper\"><p>[vc_row][vc_column el_class=&#8221;table-style&#8221; woodmart_css_id=&#8221;65f1ef28835a3&#8243; parallax_scroll=&#8221;no&#8221; woodmart_sticky_column=&#8221;false&#8221; wd_collapsible_content_switcher=&#8221;no&#8221; wd_column_role_offcanvas_desktop=&#8221;no&#8221; wd_column_role_offcanvas_tablet=&#8221;no&#8221; wd_column_role_offcanvas_mobile=&#8221;no&#8221; wd_column_role_content_desktop=&#8221;no&#8221; wd_column_role_content_tablet=&#8221;no&#8221; wd_column_role_content_mobile=&#8221;no&#8221; mobile_bg_img_hidden=&#8221;no&#8221; tablet_bg_img_hidden=&#8221;no&#8221; woodmart_parallax=&#8221;0&#8243; woodmart_box_shadow=&#8221;no&#8221; responsive_spacing=&#8221;eyJwYXJhbV90eXBlIjoid29vZG1hcnRfcmVzcG9uc2l2ZV9zcGFjaW5nIiwic2VsZWN0b3JfaWQiOiI2NWYxZWYyODgzNWEzIiwic2hvcnRjb2RlIjoidmNfY29sdW1uIiwiZGF0YSI6eyJ0YWJsZXQiOnt9LCJtb2JpbGUiOnt9fX0=&#8221; mobile_reset_margin=&#8221;no&#8221; tablet_reset_margin=&#8221;no&#8221; wd_z_index=&#8221;no&#8221;][vc_column_text woodmart_inline=&#8221;no&#8221; text_larger=&#8221;no&#8221;]<\/p>\n<table>\n<thead>\n<tr>\n<th>Modell <em>(belt\u00e9ri + k\u00fclt\u00e9ri egys\u00e9g)<\/em><\/th>\n<th style=\"text-align: center;\">Teljes\u00edtm\u00e9ny <em>kW<\/em><\/th>\n<th style=\"text-align: center;\">Energiaoszt\u00e1ly &#8211; h\u0171t\u00e9s\/f\u0171t\u00e9s<\/th>\n<th style=\"text-align: center;\">Szezon\u00e1lis hat\u00e9konys\u00e1g &#8211; SEER\/SCOP<\/th>\n<th style=\"text-align: center;\">BxHxT <em>mm (belt\u00e9ri + k\u00fclt\u00e9ri egys\u00e9g)<\/em><\/th>\n<th style=\"text-align: center;\">T\u00e1pegys\u00e9g <em>V<\/em><\/th>\n<\/tr>\n<\/thead>\n<tbody>\n<tr>\n<td>GUD71G\/A-T + GUD71W\/NhA-T<\/td>\n<td style=\"text-align: center;\">7,0 \/ 8,0<\/td>\n<td style=\"text-align: center;\">A++ \/ A+<\/td>\n<td style=\"text-align: center;\">6,8 \/ 4,0<\/td>\n<td style=\"text-align: center;\">1078x325x246 \/ 892x698x340<\/td>\n<td style=\"text-align: center;\">230<\/td>\n<\/tr>\n<tr>\n<td>GUD100G\/A-T + GUD100W\/NhA-T<\/td>\n<td style=\"text-align: center;\">10,0 \/ 12,0<\/td>\n<td style=\"text-align: center;\">A++ \/ A+<\/td>\n<td style=\"text-align: center;\">6,1 \/ 4,0<\/td>\n<td style=\"text-align: center;\">1350x326x253 \/ 940x820x460<\/td>\n<td style=\"text-align: center;\">230<\/td>\n<\/tr>\n<tr>\n<td>GUD100G\/A-T + GUD100W\/NhA-X<\/td>\n<td style=\"text-align: center;\">10,0 \/ 12,0<\/td>\n<td style=\"text-align: center;\">A++ \/ A+<\/td>\n<td style=\"text-align: center;\">6,1 \/ 4,0<\/td>\n<td style=\"text-align: center;\">1350x326x253 \/ 940x820x460<\/td>\n<td style=\"text-align: center;\">380<\/td>\n<\/tr>\n<\/tbody>\n<\/table>\n<p>[\/vc_column_text][\/vc_column][\/vc_row]<\/p>\n<\/section>","protected":false},"excerpt":{"rendered":"<ul>\n<li>Kompakt m\u00e9ret \u00e9s eleg\u00e1ns kialak\u00edt\u00e1s<\/li>\n<li>3 fokozat\u00fa ventil\u00e1tor + tov\u00e1bbi TURBO fokozat<\/li>\n<li>K\u00fcls\u0151 ON\/OFF bemenet (ablak\u00e9rintkez\u0151, ajt\u00f3k\u00e1rtya)<\/li>\n<li>Kimenet plazmasz\u0171r\u0151h\u00f6z<\/li>\n<li>Energiatakar\u00e9kos ventil\u00e1tor EC-motorral<\/li>\n<li>A YAP1F6 infrav\u00f6r\u00f6s vez\u00e9rl\u0151 tartoz\u00e9k<\/li>\n<li>Az Xk117 fali vezet\u00e9kes vez\u00e9rl\u0151 opcion\u00e1lis tartoz\u00e9k.<\/li>\n<\/ul>\n","protected":false},"featured_media":12061,"template":"","meta":[],"product_brand":[],"product_cat":[424,364,353],"product_tag":[],"class_list":{"0":"post-12060","1":"product","2":"type-product","3":"status-publish","4":"has-post-thumbnail","6":"product_cat-gree-hu-4","7":"product_cat-kereskedelmi-egysegek","8":"product_cat-legkondicionalas","10":"first","11":"instock","12":"shipping-taxable","13":"product-type-simple"},"yoast_head":"<!-- This site is optimized with the Yoast SEO plugin v24.3 - https:\/\/yoast.com\/wordpress\/plugins\/seo\/ -->\n<title>GREE U-MATCH fali egys\u00e9g R32 | SLOVKLIMA DEIMOS group, s.r.o.<\/title>\n<meta name=\"robots\" content=\"index, follow, max-snippet:-1, max-image-preview:large, max-video-preview:-1\" \/>\n<link rel=\"canonical\" href=\"https:\/\/www.slovklima.sk\/hu\/produkt\/gree-u-match-fali-egyseg-r32\/\" \/>\n<meta property=\"og:locale\" content=\"hu_HU\" \/>\n<meta property=\"og:type\" content=\"article\" \/>\n<meta property=\"og:title\" content=\"GREE U-MATCH fali egys\u00e9g R32 | SLOVKLIMA DEIMOS group, s.r.o.\" \/>\n<meta property=\"og:description\" content=\"Kompakt m\u00e9ret \u00e9s eleg\u00e1ns kialak\u00edt\u00e1s  3 fokozat\u00fa ventil\u00e1tor + tov\u00e1bbi TURBO fokozat  K\u00fcls\u0151 ON\/OFF bemenet (ablak\u00e9rintkez\u0151, ajt\u00f3k\u00e1rtya)  Kimenet plazmasz\u0171r\u0151h\u00f6z  Energiatakar\u00e9kos ventil\u00e1tor EC-motorral  A YAP1F6 infrav\u00f6r\u00f6s vez\u00e9rl\u0151 tartoz\u00e9k  Az Xk117 fali vezet\u00e9kes vez\u00e9rl\u0151 opcion\u00e1lis tartoz\u00e9k.\" \/>\n<meta property=\"og:url\" content=\"https:\/\/www.slovklima.sk\/hu\/produkt\/gree-u-match-fali-egyseg-r32\/\" \/>\n<meta property=\"og:site_name\" content=\"SLOVKLIMA DEIMOS group, s.r.o.\" \/>\n<meta property=\"article:modified_time\" content=\"2024-06-07T08:48:57+00:00\" \/>\n<meta property=\"og:image\" content=\"https:\/\/www.slovklima.sk\/wp-content\/uploads\/2024\/03\/umatch-vnutorna-nastenna-jednotka1.jpg\" \/>\n\t<meta property=\"og:image:width\" content=\"800\" \/>\n\t<meta property=\"og:image:height\" content=\"1000\" \/>\n\t<meta property=\"og:image:type\" content=\"image\/jpeg\" \/>\n<meta name=\"twitter:card\" content=\"summary_large_image\" \/>\n<meta name=\"twitter:label1\" content=\"Becs\u00fclt olvas\u00e1si id\u0151\" \/>\n\t<meta name=\"twitter:data1\" content=\"1 perc\" \/>\n<script type=\"application\/ld+json\" class=\"yoast-schema-graph\">{\"@context\":\"https:\/\/schema.org\",\"@graph\":[{\"@type\":\"WebPage\",\"@id\":\"https:\/\/www.slovklima.sk\/hu\/produkt\/gree-u-match-fali-egyseg-r32\/\",\"url\":\"https:\/\/www.slovklima.sk\/hu\/produkt\/gree-u-match-fali-egyseg-r32\/\",\"name\":\"GREE U-MATCH fali egys\u00e9g R32 | SLOVKLIMA DEIMOS group, s.r.o.\",\"isPartOf\":{\"@id\":\"https:\/\/www.slovklima.sk\/#website\"},\"primaryImageOfPage\":{\"@id\":\"https:\/\/www.slovklima.sk\/hu\/produkt\/gree-u-match-fali-egyseg-r32\/#primaryimage\"},\"image\":{\"@id\":\"https:\/\/www.slovklima.sk\/hu\/produkt\/gree-u-match-fali-egyseg-r32\/#primaryimage\"},\"thumbnailUrl\":\"https:\/\/www.slovklima.sk\/wp-content\/uploads\/2024\/03\/umatch-vnutorna-nastenna-jednotka1.jpg\",\"datePublished\":\"2024-03-13T18:19:37+00:00\",\"dateModified\":\"2024-06-07T08:48:57+00:00\",\"breadcrumb\":{\"@id\":\"https:\/\/www.slovklima.sk\/hu\/produkt\/gree-u-match-fali-egyseg-r32\/#breadcrumb\"},\"inLanguage\":\"hu\",\"potentialAction\":[{\"@type\":\"ReadAction\",\"target\":[\"https:\/\/www.slovklima.sk\/hu\/produkt\/gree-u-match-fali-egyseg-r32\/\"]}]},{\"@type\":\"ImageObject\",\"inLanguage\":\"hu\",\"@id\":\"https:\/\/www.slovklima.sk\/hu\/produkt\/gree-u-match-fali-egyseg-r32\/#primaryimage\",\"url\":\"https:\/\/www.slovklima.sk\/wp-content\/uploads\/2024\/03\/umatch-vnutorna-nastenna-jednotka1.jpg\",\"contentUrl\":\"https:\/\/www.slovklima.sk\/wp-content\/uploads\/2024\/03\/umatch-vnutorna-nastenna-jednotka1.jpg\",\"width\":800,\"height\":1000},{\"@type\":\"BreadcrumbList\",\"@id\":\"https:\/\/www.slovklima.sk\/hu\/produkt\/gree-u-match-fali-egyseg-r32\/#breadcrumb\",\"itemListElement\":[{\"@type\":\"ListItem\",\"position\":1,\"name\":\"Domovsk\u00e1 str\u00e1nka\",\"item\":\"https:\/\/www.slovklima.sk\/hu\/\"},{\"@type\":\"ListItem\",\"position\":2,\"name\":\"Term\u00e9kek\",\"item\":\"https:\/\/www.slovklima.sk\/termekek\/\"},{\"@type\":\"ListItem\",\"position\":3,\"name\":\"GREE U-MATCH fali egys\u00e9g R32\"}]},{\"@type\":\"WebSite\",\"@id\":\"https:\/\/www.slovklima.sk\/#website\",\"url\":\"https:\/\/www.slovklima.sk\/\",\"name\":\"SLOVKLIMA DEIMOS group, s.r.o.\",\"description\":\"\",\"publisher\":{\"@id\":\"https:\/\/www.slovklima.sk\/#organization\"},\"alternateName\":\"SLOVKLIMA\",\"potentialAction\":[{\"@type\":\"SearchAction\",\"target\":{\"@type\":\"EntryPoint\",\"urlTemplate\":\"https:\/\/www.slovklima.sk\/?s={search_term_string}\"},\"query-input\":{\"@type\":\"PropertyValueSpecification\",\"valueRequired\":true,\"valueName\":\"search_term_string\"}}],\"inLanguage\":\"hu\"},{\"@type\":\"Organization\",\"@id\":\"https:\/\/www.slovklima.sk\/#organization\",\"name\":\"SLOVKLIMA DEIMOS group, s.r.o.\",\"alternateName\":\"SLOVKLIMA\",\"url\":\"https:\/\/www.slovklima.sk\/\",\"logo\":{\"@type\":\"ImageObject\",\"inLanguage\":\"hu\",\"@id\":\"https:\/\/www.slovklima.sk\/#\/schema\/logo\/image\/\",\"url\":\"https:\/\/www.slovklima.sk\/wp-content\/uploads\/2022\/12\/slovklima-logo-black.svg\",\"contentUrl\":\"https:\/\/www.slovklima.sk\/wp-content\/uploads\/2022\/12\/slovklima-logo-black.svg\",\"width\":3218,\"height\":698,\"caption\":\"SLOVKLIMA DEIMOS group, s.r.o.\"},\"image\":{\"@id\":\"https:\/\/www.slovklima.sk\/#\/schema\/logo\/image\/\"}}]}<\/script>\n<!-- \/ Yoast SEO plugin. -->","yoast_head_json":{"title":"GREE U-MATCH fali egys\u00e9g R32 | SLOVKLIMA DEIMOS group, s.r.o.","robots":{"index":"index","follow":"follow","max-snippet":"max-snippet:-1","max-image-preview":"max-image-preview:large","max-video-preview":"max-video-preview:-1"},"canonical":"https:\/\/www.slovklima.sk\/hu\/produkt\/gree-u-match-fali-egyseg-r32\/","og_locale":"hu_HU","og_type":"article","og_title":"GREE U-MATCH fali egys\u00e9g R32 | SLOVKLIMA DEIMOS group, s.r.o.","og_description":"Kompakt m\u00e9ret \u00e9s eleg\u00e1ns kialak\u00edt\u00e1s  3 fokozat\u00fa ventil\u00e1tor + tov\u00e1bbi TURBO fokozat  K\u00fcls\u0151 ON\/OFF bemenet (ablak\u00e9rintkez\u0151, ajt\u00f3k\u00e1rtya)  Kimenet plazmasz\u0171r\u0151h\u00f6z  Energiatakar\u00e9kos ventil\u00e1tor EC-motorral  A YAP1F6 infrav\u00f6r\u00f6s vez\u00e9rl\u0151 tartoz\u00e9k  Az Xk117 fali vezet\u00e9kes vez\u00e9rl\u0151 opcion\u00e1lis tartoz\u00e9k.","og_url":"https:\/\/www.slovklima.sk\/hu\/produkt\/gree-u-match-fali-egyseg-r32\/","og_site_name":"SLOVKLIMA DEIMOS group, s.r.o.","article_modified_time":"2024-06-07T08:48:57+00:00","og_image":[{"width":800,"height":1000,"url":"https:\/\/www.slovklima.sk\/wp-content\/uploads\/2024\/03\/umatch-vnutorna-nastenna-jednotka1.jpg","type":"image\/jpeg"}],"twitter_card":"summary_large_image","twitter_misc":{"Becs\u00fclt olvas\u00e1si id\u0151":"1 perc"},"schema":{"@context":"https:\/\/schema.org","@graph":[{"@type":"WebPage","@id":"https:\/\/www.slovklima.sk\/hu\/produkt\/gree-u-match-fali-egyseg-r32\/","url":"https:\/\/www.slovklima.sk\/hu\/produkt\/gree-u-match-fali-egyseg-r32\/","name":"GREE U-MATCH fali egys\u00e9g R32 | SLOVKLIMA DEIMOS group, s.r.o.","isPartOf":{"@id":"https:\/\/www.slovklima.sk\/#website"},"primaryImageOfPage":{"@id":"https:\/\/www.slovklima.sk\/hu\/produkt\/gree-u-match-fali-egyseg-r32\/#primaryimage"},"image":{"@id":"https:\/\/www.slovklima.sk\/hu\/produkt\/gree-u-match-fali-egyseg-r32\/#primaryimage"},"thumbnailUrl":"https:\/\/www.slovklima.sk\/wp-content\/uploads\/2024\/03\/umatch-vnutorna-nastenna-jednotka1.jpg","datePublished":"2024-03-13T18:19:37+00:00","dateModified":"2024-06-07T08:48:57+00:00","breadcrumb":{"@id":"https:\/\/www.slovklima.sk\/hu\/produkt\/gree-u-match-fali-egyseg-r32\/#breadcrumb"},"inLanguage":"hu","potentialAction":[{"@type":"ReadAction","target":["https:\/\/www.slovklima.sk\/hu\/produkt\/gree-u-match-fali-egyseg-r32\/"]}]},{"@type":"ImageObject","inLanguage":"hu","@id":"https:\/\/www.slovklima.sk\/hu\/produkt\/gree-u-match-fali-egyseg-r32\/#primaryimage","url":"https:\/\/www.slovklima.sk\/wp-content\/uploads\/2024\/03\/umatch-vnutorna-nastenna-jednotka1.jpg","contentUrl":"https:\/\/www.slovklima.sk\/wp-content\/uploads\/2024\/03\/umatch-vnutorna-nastenna-jednotka1.jpg","width":800,"height":1000},{"@type":"BreadcrumbList","@id":"https:\/\/www.slovklima.sk\/hu\/produkt\/gree-u-match-fali-egyseg-r32\/#breadcrumb","itemListElement":[{"@type":"ListItem","position":1,"name":"Domovsk\u00e1 str\u00e1nka","item":"https:\/\/www.slovklima.sk\/hu\/"},{"@type":"ListItem","position":2,"name":"Term\u00e9kek","item":"https:\/\/www.slovklima.sk\/termekek\/"},{"@type":"ListItem","position":3,"name":"GREE U-MATCH fali egys\u00e9g R32"}]},{"@type":"WebSite","@id":"https:\/\/www.slovklima.sk\/#website","url":"https:\/\/www.slovklima.sk\/","name":"SLOVKLIMA DEIMOS group, s.r.o.","description":"","publisher":{"@id":"https:\/\/www.slovklima.sk\/#organization"},"alternateName":"SLOVKLIMA","potentialAction":[{"@type":"SearchAction","target":{"@type":"EntryPoint","urlTemplate":"https:\/\/www.slovklima.sk\/?s={search_term_string}"},"query-input":{"@type":"PropertyValueSpecification","valueRequired":true,"valueName":"search_term_string"}}],"inLanguage":"hu"},{"@type":"Organization","@id":"https:\/\/www.slovklima.sk\/#organization","name":"SLOVKLIMA DEIMOS group, s.r.o.","alternateName":"SLOVKLIMA","url":"https:\/\/www.slovklima.sk\/","logo":{"@type":"ImageObject","inLanguage":"hu","@id":"https:\/\/www.slovklima.sk\/#\/schema\/logo\/image\/","url":"https:\/\/www.slovklima.sk\/wp-content\/uploads\/2022\/12\/slovklima-logo-black.svg","contentUrl":"https:\/\/www.slovklima.sk\/wp-content\/uploads\/2022\/12\/slovklima-logo-black.svg","width":3218,"height":698,"caption":"SLOVKLIMA DEIMOS group, s.r.o."},"image":{"@id":"https:\/\/www.slovklima.sk\/#\/schema\/logo\/image\/"}}]}},"_links":{"self":[{"href":"https:\/\/www.slovklima.sk\/hu\/wp-json\/wp\/v2\/product\/12060","targetHints":{"allow":["GET"]}}],"collection":[{"href":"https:\/\/www.slovklima.sk\/hu\/wp-json\/wp\/v2\/product"}],"about":[{"href":"https:\/\/www.slovklima.sk\/hu\/wp-json\/wp\/v2\/types\/product"}],"wp:featuredmedia":[{"embeddable":true,"href":"https:\/\/www.slovklima.sk\/hu\/wp-json\/wp\/v2\/media\/12061"}],"wp:attachment":[{"href":"https:\/\/www.slovklima.sk\/hu\/wp-json\/wp\/v2\/media?parent=12060"}],"wp:term":[{"taxonomy":"product_brand","embeddable":true,"href":"https:\/\/www.slovklima.sk\/hu\/wp-json\/wp\/v2\/product_brand?post=12060"},{"taxonomy":"product_cat","embeddable":true,"href":"https:\/\/www.slovklima.sk\/hu\/wp-json\/wp\/v2\/product_cat?post=12060"},{"taxonomy":"product_tag","embeddable":true,"href":"https:\/\/www.slovklima.sk\/hu\/wp-json\/wp\/v2\/product_tag?post=12060"}],"curies":[{"name":"wp","href":"https:\/\/api.w.org\/{rel}","templated":true}]}}