{"id":12054,"date":"2024-03-14T16:43:07","date_gmt":"2024-03-14T15:43:07","guid":{"rendered":"https:\/\/www.slovklima.sk\/produkt\/toshiba-rav-kazetta-1-utas-egyseg-flat-r32\/"},"modified":"2024-06-07T10:48:57","modified_gmt":"2024-06-07T08:48:57","slug":"toshiba-rav-kazetta-1-utas-egyseg-flat-r32","status":"publish","type":"product","link":"https:\/\/www.slovklima.sk\/hu\/produkt\/toshiba-rav-kazetta-1-utas-egyseg-flat-r32\/","title":{"rendered":"TOSHIBA RAV kazetta 1-utas egys\u00e9g FLAT R32"},"content":{"rendered":"<section class=\"wpb-content-wrapper\"><p>[vc_row][vc_column el_class=&#8221;table-style&#8221; woodmart_css_id=&#8221;65f31c08257a7&#8243; parallax_scroll=&#8221;no&#8221; woodmart_sticky_column=&#8221;false&#8221; wd_collapsible_content_switcher=&#8221;no&#8221; wd_column_role_offcanvas_desktop=&#8221;no&#8221; wd_column_role_offcanvas_tablet=&#8221;no&#8221; wd_column_role_offcanvas_mobile=&#8221;no&#8221; wd_column_role_content_desktop=&#8221;no&#8221; wd_column_role_content_tablet=&#8221;no&#8221; wd_column_role_content_mobile=&#8221;no&#8221; mobile_bg_img_hidden=&#8221;no&#8221; tablet_bg_img_hidden=&#8221;no&#8221; woodmart_parallax=&#8221;0&#8243; woodmart_box_shadow=&#8221;no&#8221; responsive_spacing=&#8221;eyJwYXJhbV90eXBlIjoid29vZG1hcnRfcmVzcG9uc2l2ZV9zcGFjaW5nIiwic2VsZWN0b3JfaWQiOiI2NWYzMWMwODI1N2E3Iiwic2hvcnRjb2RlIjoidmNfY29sdW1uIiwiZGF0YSI6eyJ0YWJsZXQiOnt9LCJtb2JpbGUiOnt9fX0=&#8221; mobile_reset_margin=&#8221;no&#8221; tablet_reset_margin=&#8221;no&#8221; wd_z_index=&#8221;no&#8221;][vc_column_text woodmart_inline=&#8221;no&#8221; text_larger=&#8221;no&#8221;]<\/p>\n<table>\n<thead>\n<tr>\n<th><em>Belt\u00e9ri egys\u00e9g<\/em> modell<\/th>\n<th style=\"text-align: center;\">Teljes\u00edtm\u00e9ny <em>kW<\/em><\/th>\n<th style=\"text-align: center;\">Energiaoszt\u00e1ly &#8211; h\u0171t\u00e9s\/f\u0171t\u00e9s<\/th>\n<th style=\"text-align: center;\"><em>WxHxDmm<\/em><\/th>\n<th style=\"text-align: center;\">Kompatibilit\u00e1s a k\u00fclt\u00e9ri egys\u00e9gek <em>sorozat\u00e1val<\/em><\/th>\n<\/tr>\n<\/thead>\n<tbody>\n<tr>\n<td>RAV-HM301U1TP-E<\/td>\n<td style=\"text-align: center;\">2,5 \/ 3,4<\/td>\n<td style=\"text-align: center;\">a k\u00fclt\u00e9ri egys\u00e9g t\u00edpus\u00e1t\u00f3l f\u00fcgg<\/td>\n<td style=\"text-align: center;\">990x150x450<\/td>\n<td style=\"text-align: center;\">DI-NEXT<\/td>\n<\/tr>\n<tr>\n<td>RAV-HM401U1TP-E<\/td>\n<td style=\"text-align: center;\">3,6 \/ 4,0<\/td>\n<td style=\"text-align: center;\">a k\u00fclt\u00e9ri egys\u00e9g t\u00edpus\u00e1t\u00f3l f\u00fcgg<\/td>\n<td style=\"text-align: center;\">990x150x450<\/td>\n<td style=\"text-align: center;\">DI-NEXT<\/td>\n<\/tr>\n<\/tbody>\n<\/table>\n<p>[\/vc_column_text][\/vc_column][\/vc_row]<\/p>\n<\/section>","protected":false},"excerpt":{"rendered":"<p><strong>TERVEZ\u00c9SI KAZETTAEGYS\u00c9G<\/strong><\/p>\n<p>Egyutas FLAT kazett\u00e1s egys\u00e9g egyter\u0171 RAV-rendszerekhez, kombin\u00e1lhat\u00f3 NEXT digit\u00e1lis inverteres k\u00fclt\u00e9ri egys\u00e9gekkel R32 h\u0171t\u0151k\u00f6zeghez. T\u00f6k\u00e9letes v\u00e1lasz a tervez\u00e9s, a belt\u00e9ri leveg\u0151min\u0151s\u00e9g \u00e9s az energiahat\u00e9konys\u00e1g szigor\u00fa k\u00f6vetelm\u00e9nyeire. K\u00e9t teljes\u00edtm\u00e9nyszinten kaphat\u00f3: 2,5 \u00e9s 3,6 kW.<\/p>\n<p><strong>Kompatibilis a DI-NEXT k\u00fclt\u00e9ri egys\u00e9gekkel.<\/strong><\/p>\n<ul>\n<li>Magas energiahat\u00e9konys\u00e1g<\/li>\n<li>Nagy teljes\u00edtm\u00e9ny\u0171 h\u0151cser\u00e9l\u0151<\/li>\n<li>Csendes 3 fokozat\u00fa ventil\u00e1tor<\/li>\n<li>Csendes funkci\u00f3<\/li>\n<li>Opcion\u00e1lis foglalts\u00e1g\u00e9rz\u00e9kel\u0151 berendez\u00e9s a nagyobb energiamegtakar\u00edt\u00e1s el\u00e9r\u00e9se \u00e9rdek\u00e9ben<\/li>\n<li>\u00d6ndiagnosztikai rendszer<\/li>\n<\/ul>\n<div class=\"product-icons\"><img decoding=\"async\" class=\"alignnone size-full wp-image-8538\" title=\"H\u0171t\u00e9si teljes\u00edtm\u00e9ny: 2,50 - 3,60 kW\" src=\"\/wp-content\/uploads\/2024\/03\/chladiaci-vykon.jpg\" alt=\"H\u0171t\u00e9si teljes\u00edtm\u00e9ny\" width=\"151\" height=\"151\"><img decoding=\"async\" class=\"alignnone size-full wp-image-8534\" title=\"F\u0171t\u00e9si teljes\u00edtm\u00e9ny 3,40 - 4,00 kW\" src=\"\/wp-content\/uploads\/2024\/03\/vykurovaci-vykon.jpg\" alt=\"f\u0171t\u00e9si teljes\u00edtm\u00e9ny\" width=\"151\" height=\"151\"><img decoding=\"async\" class=\"alignnone size-full wp-image-8536\" title=\"Hangnyom\u00e1sszint (alacsony\/k\u00f6zepes\/magas) 30 - 40 dB(A)\" src=\"\/wp-content\/uploads\/2024\/03\/akusticky-tlak.jpg\" alt=\"Hangnyom\u00e1sszint\" width=\"151\" height=\"151\"><img decoding=\"async\" class=\"alignnone size-full wp-image-8535\" title=\"L\u00e9gteljes\u00edtm\u00e9ny 290 - 540 m\u00b3\/h\" src=\"\/wp-content\/uploads\/2024\/03\/vzduchovy-vykon.jpg\" alt=\"l\u00e9gier\u0151\" width=\"151\" height=\"151\"><img decoding=\"async\" class=\"alignnone size-full wp-image-8539\" title=\"M\u00e9retek (magass\u00e1g \u00d7 sz\u00e9less\u00e9g \u00d7 m\u00e9lys\u00e9g) 150 x 990 x 450 mm\" src=\"\/wp-content\/uploads\/2024\/03\/rozmery.jpg\" alt=\"M\u00e9retek\" width=\"151\" height=\"151\"><\/div>\n","protected":false},"featured_media":12055,"template":"","meta":[],"product_brand":[],"product_cat":[364,353,365],"product_tag":[],"class_list":{"0":"post-12054","1":"product","2":"type-product","3":"status-publish","4":"has-post-thumbnail","6":"product_cat-kereskedelmi-egysegek","7":"product_cat-legkondicionalas","8":"product_cat-toshiba-hu","10":"first","11":"instock","12":"shipping-taxable","13":"product-type-simple"},"yoast_head":"<!-- This site is optimized with the Yoast SEO plugin v24.3 - https:\/\/yoast.com\/wordpress\/plugins\/seo\/ -->\n<title>TOSHIBA RAV kazetta 1-utas egys\u00e9g FLAT R32 | SLOVKLIMA DEIMOS group, s.r.o.<\/title>\n<meta name=\"robots\" content=\"index, follow, max-snippet:-1, max-image-preview:large, max-video-preview:-1\" \/>\n<link rel=\"canonical\" href=\"https:\/\/www.slovklima.sk\/hu\/produkt\/toshiba-rav-kazetta-1-utas-egyseg-flat-r32\/\" \/>\n<meta property=\"og:locale\" content=\"hu_HU\" \/>\n<meta property=\"og:type\" content=\"article\" \/>\n<meta property=\"og:title\" content=\"TOSHIBA RAV kazetta 1-utas egys\u00e9g FLAT R32 | SLOVKLIMA DEIMOS group, s.r.o.\" \/>\n<meta property=\"og:description\" content=\"TERVEZ\u00c9SI KAZETTAEGYS\u00c9G Egyutas FLAT kazett\u00e1s egys\u00e9g egyter\u0171 RAV-rendszerekhez, kombin\u00e1lhat\u00f3 NEXT digit\u00e1lis inverteres k\u00fclt\u00e9ri egys\u00e9gekkel R32 h\u0171t\u0151k\u00f6zeghez. T\u00f6k\u00e9letes v\u00e1lasz a tervez\u00e9s, a belt\u00e9ri leveg\u0151min\u0151s\u00e9g \u00e9s az energiahat\u00e9konys\u00e1g szigor\u00fa k\u00f6vetelm\u00e9nyeire. K\u00e9t teljes\u00edtm\u00e9nyszinten kaphat\u00f3: 2,5 \u00e9s 3,6 kW. Kompatibilis a DI-NEXT k\u00fclt\u00e9ri egys\u00e9gekkel.  Magas energiahat\u00e9konys\u00e1g  Nagy teljes\u00edtm\u00e9ny\u0171 h\u0151cser\u00e9l\u0151  Csendes 3 fokozat\u00fa ventil\u00e1tor  Csendes funkci\u00f3  Opcion\u00e1lis foglalts\u00e1g\u00e9rz\u00e9kel\u0151 berendez\u00e9s a nagyobb energiamegtakar\u00edt\u00e1s el\u00e9r\u00e9se \u00e9rdek\u00e9ben  \u00d6ndiagnosztikai rendszer\" \/>\n<meta property=\"og:url\" content=\"https:\/\/www.slovklima.sk\/hu\/produkt\/toshiba-rav-kazetta-1-utas-egyseg-flat-r32\/\" \/>\n<meta property=\"og:site_name\" content=\"SLOVKLIMA DEIMOS group, s.r.o.\" \/>\n<meta property=\"article:modified_time\" content=\"2024-06-07T08:48:57+00:00\" \/>\n<meta property=\"og:image\" content=\"https:\/\/www.slovklima.sk\/wp-content\/uploads\/2024\/03\/toshiba-rav-vnutorna-jednocestna-kazeta-jednotka.jpg\" \/>\n\t<meta property=\"og:image:width\" content=\"800\" \/>\n\t<meta property=\"og:image:height\" content=\"1000\" \/>\n\t<meta property=\"og:image:type\" content=\"image\/jpeg\" \/>\n<meta name=\"twitter:card\" content=\"summary_large_image\" \/>\n<meta name=\"twitter:label1\" content=\"Becs\u00fclt olvas\u00e1si id\u0151\" \/>\n\t<meta name=\"twitter:data1\" content=\"1 perc\" \/>\n<script type=\"application\/ld+json\" class=\"yoast-schema-graph\">{\"@context\":\"https:\/\/schema.org\",\"@graph\":[{\"@type\":\"WebPage\",\"@id\":\"https:\/\/www.slovklima.sk\/hu\/produkt\/toshiba-rav-kazetta-1-utas-egyseg-flat-r32\/\",\"url\":\"https:\/\/www.slovklima.sk\/hu\/produkt\/toshiba-rav-kazetta-1-utas-egyseg-flat-r32\/\",\"name\":\"TOSHIBA RAV kazetta 1-utas egys\u00e9g FLAT R32 | SLOVKLIMA DEIMOS group, s.r.o.\",\"isPartOf\":{\"@id\":\"https:\/\/www.slovklima.sk\/#website\"},\"primaryImageOfPage\":{\"@id\":\"https:\/\/www.slovklima.sk\/hu\/produkt\/toshiba-rav-kazetta-1-utas-egyseg-flat-r32\/#primaryimage\"},\"image\":{\"@id\":\"https:\/\/www.slovklima.sk\/hu\/produkt\/toshiba-rav-kazetta-1-utas-egyseg-flat-r32\/#primaryimage\"},\"thumbnailUrl\":\"https:\/\/www.slovklima.sk\/wp-content\/uploads\/2024\/03\/toshiba-rav-vnutorna-jednocestna-kazeta-jednotka.jpg\",\"datePublished\":\"2024-03-14T15:43:07+00:00\",\"dateModified\":\"2024-06-07T08:48:57+00:00\",\"breadcrumb\":{\"@id\":\"https:\/\/www.slovklima.sk\/hu\/produkt\/toshiba-rav-kazetta-1-utas-egyseg-flat-r32\/#breadcrumb\"},\"inLanguage\":\"hu\",\"potentialAction\":[{\"@type\":\"ReadAction\",\"target\":[\"https:\/\/www.slovklima.sk\/hu\/produkt\/toshiba-rav-kazetta-1-utas-egyseg-flat-r32\/\"]}]},{\"@type\":\"ImageObject\",\"inLanguage\":\"hu\",\"@id\":\"https:\/\/www.slovklima.sk\/hu\/produkt\/toshiba-rav-kazetta-1-utas-egyseg-flat-r32\/#primaryimage\",\"url\":\"https:\/\/www.slovklima.sk\/wp-content\/uploads\/2024\/03\/toshiba-rav-vnutorna-jednocestna-kazeta-jednotka.jpg\",\"contentUrl\":\"https:\/\/www.slovklima.sk\/wp-content\/uploads\/2024\/03\/toshiba-rav-vnutorna-jednocestna-kazeta-jednotka.jpg\",\"width\":800,\"height\":1000},{\"@type\":\"BreadcrumbList\",\"@id\":\"https:\/\/www.slovklima.sk\/hu\/produkt\/toshiba-rav-kazetta-1-utas-egyseg-flat-r32\/#breadcrumb\",\"itemListElement\":[{\"@type\":\"ListItem\",\"position\":1,\"name\":\"Domovsk\u00e1 str\u00e1nka\",\"item\":\"https:\/\/www.slovklima.sk\/hu\/\"},{\"@type\":\"ListItem\",\"position\":2,\"name\":\"Term\u00e9kek\",\"item\":\"https:\/\/www.slovklima.sk\/termekek\/\"},{\"@type\":\"ListItem\",\"position\":3,\"name\":\"TOSHIBA RAV kazetta 1-utas egys\u00e9g FLAT R32\"}]},{\"@type\":\"WebSite\",\"@id\":\"https:\/\/www.slovklima.sk\/#website\",\"url\":\"https:\/\/www.slovklima.sk\/\",\"name\":\"SLOVKLIMA DEIMOS group, s.r.o.\",\"description\":\"\",\"publisher\":{\"@id\":\"https:\/\/www.slovklima.sk\/#organization\"},\"alternateName\":\"SLOVKLIMA\",\"potentialAction\":[{\"@type\":\"SearchAction\",\"target\":{\"@type\":\"EntryPoint\",\"urlTemplate\":\"https:\/\/www.slovklima.sk\/?s={search_term_string}\"},\"query-input\":{\"@type\":\"PropertyValueSpecification\",\"valueRequired\":true,\"valueName\":\"search_term_string\"}}],\"inLanguage\":\"hu\"},{\"@type\":\"Organization\",\"@id\":\"https:\/\/www.slovklima.sk\/#organization\",\"name\":\"SLOVKLIMA DEIMOS group, s.r.o.\",\"alternateName\":\"SLOVKLIMA\",\"url\":\"https:\/\/www.slovklima.sk\/\",\"logo\":{\"@type\":\"ImageObject\",\"inLanguage\":\"hu\",\"@id\":\"https:\/\/www.slovklima.sk\/#\/schema\/logo\/image\/\",\"url\":\"https:\/\/www.slovklima.sk\/wp-content\/uploads\/2022\/12\/slovklima-logo-black.svg\",\"contentUrl\":\"https:\/\/www.slovklima.sk\/wp-content\/uploads\/2022\/12\/slovklima-logo-black.svg\",\"width\":3218,\"height\":698,\"caption\":\"SLOVKLIMA DEIMOS group, s.r.o.\"},\"image\":{\"@id\":\"https:\/\/www.slovklima.sk\/#\/schema\/logo\/image\/\"}}]}<\/script>\n<!-- \/ Yoast SEO plugin. -->","yoast_head_json":{"title":"TOSHIBA RAV kazetta 1-utas egys\u00e9g FLAT R32 | SLOVKLIMA DEIMOS group, s.r.o.","robots":{"index":"index","follow":"follow","max-snippet":"max-snippet:-1","max-image-preview":"max-image-preview:large","max-video-preview":"max-video-preview:-1"},"canonical":"https:\/\/www.slovklima.sk\/hu\/produkt\/toshiba-rav-kazetta-1-utas-egyseg-flat-r32\/","og_locale":"hu_HU","og_type":"article","og_title":"TOSHIBA RAV kazetta 1-utas egys\u00e9g FLAT R32 | SLOVKLIMA DEIMOS group, s.r.o.","og_description":"TERVEZ\u00c9SI KAZETTAEGYS\u00c9G Egyutas FLAT kazett\u00e1s egys\u00e9g egyter\u0171 RAV-rendszerekhez, kombin\u00e1lhat\u00f3 NEXT digit\u00e1lis inverteres k\u00fclt\u00e9ri egys\u00e9gekkel R32 h\u0171t\u0151k\u00f6zeghez. T\u00f6k\u00e9letes v\u00e1lasz a tervez\u00e9s, a belt\u00e9ri leveg\u0151min\u0151s\u00e9g \u00e9s az energiahat\u00e9konys\u00e1g szigor\u00fa k\u00f6vetelm\u00e9nyeire. K\u00e9t teljes\u00edtm\u00e9nyszinten kaphat\u00f3: 2,5 \u00e9s 3,6 kW. Kompatibilis a DI-NEXT k\u00fclt\u00e9ri egys\u00e9gekkel.  Magas energiahat\u00e9konys\u00e1g  Nagy teljes\u00edtm\u00e9ny\u0171 h\u0151cser\u00e9l\u0151  Csendes 3 fokozat\u00fa ventil\u00e1tor  Csendes funkci\u00f3  Opcion\u00e1lis foglalts\u00e1g\u00e9rz\u00e9kel\u0151 berendez\u00e9s a nagyobb energiamegtakar\u00edt\u00e1s el\u00e9r\u00e9se \u00e9rdek\u00e9ben  \u00d6ndiagnosztikai rendszer","og_url":"https:\/\/www.slovklima.sk\/hu\/produkt\/toshiba-rav-kazetta-1-utas-egyseg-flat-r32\/","og_site_name":"SLOVKLIMA DEIMOS group, s.r.o.","article_modified_time":"2024-06-07T08:48:57+00:00","og_image":[{"width":800,"height":1000,"url":"https:\/\/www.slovklima.sk\/wp-content\/uploads\/2024\/03\/toshiba-rav-vnutorna-jednocestna-kazeta-jednotka.jpg","type":"image\/jpeg"}],"twitter_card":"summary_large_image","twitter_misc":{"Becs\u00fclt olvas\u00e1si id\u0151":"1 perc"},"schema":{"@context":"https:\/\/schema.org","@graph":[{"@type":"WebPage","@id":"https:\/\/www.slovklima.sk\/hu\/produkt\/toshiba-rav-kazetta-1-utas-egyseg-flat-r32\/","url":"https:\/\/www.slovklima.sk\/hu\/produkt\/toshiba-rav-kazetta-1-utas-egyseg-flat-r32\/","name":"TOSHIBA RAV kazetta 1-utas egys\u00e9g FLAT R32 | SLOVKLIMA DEIMOS group, s.r.o.","isPartOf":{"@id":"https:\/\/www.slovklima.sk\/#website"},"primaryImageOfPage":{"@id":"https:\/\/www.slovklima.sk\/hu\/produkt\/toshiba-rav-kazetta-1-utas-egyseg-flat-r32\/#primaryimage"},"image":{"@id":"https:\/\/www.slovklima.sk\/hu\/produkt\/toshiba-rav-kazetta-1-utas-egyseg-flat-r32\/#primaryimage"},"thumbnailUrl":"https:\/\/www.slovklima.sk\/wp-content\/uploads\/2024\/03\/toshiba-rav-vnutorna-jednocestna-kazeta-jednotka.jpg","datePublished":"2024-03-14T15:43:07+00:00","dateModified":"2024-06-07T08:48:57+00:00","breadcrumb":{"@id":"https:\/\/www.slovklima.sk\/hu\/produkt\/toshiba-rav-kazetta-1-utas-egyseg-flat-r32\/#breadcrumb"},"inLanguage":"hu","potentialAction":[{"@type":"ReadAction","target":["https:\/\/www.slovklima.sk\/hu\/produkt\/toshiba-rav-kazetta-1-utas-egyseg-flat-r32\/"]}]},{"@type":"ImageObject","inLanguage":"hu","@id":"https:\/\/www.slovklima.sk\/hu\/produkt\/toshiba-rav-kazetta-1-utas-egyseg-flat-r32\/#primaryimage","url":"https:\/\/www.slovklima.sk\/wp-content\/uploads\/2024\/03\/toshiba-rav-vnutorna-jednocestna-kazeta-jednotka.jpg","contentUrl":"https:\/\/www.slovklima.sk\/wp-content\/uploads\/2024\/03\/toshiba-rav-vnutorna-jednocestna-kazeta-jednotka.jpg","width":800,"height":1000},{"@type":"BreadcrumbList","@id":"https:\/\/www.slovklima.sk\/hu\/produkt\/toshiba-rav-kazetta-1-utas-egyseg-flat-r32\/#breadcrumb","itemListElement":[{"@type":"ListItem","position":1,"name":"Domovsk\u00e1 str\u00e1nka","item":"https:\/\/www.slovklima.sk\/hu\/"},{"@type":"ListItem","position":2,"name":"Term\u00e9kek","item":"https:\/\/www.slovklima.sk\/termekek\/"},{"@type":"ListItem","position":3,"name":"TOSHIBA RAV kazetta 1-utas egys\u00e9g FLAT R32"}]},{"@type":"WebSite","@id":"https:\/\/www.slovklima.sk\/#website","url":"https:\/\/www.slovklima.sk\/","name":"SLOVKLIMA DEIMOS group, s.r.o.","description":"","publisher":{"@id":"https:\/\/www.slovklima.sk\/#organization"},"alternateName":"SLOVKLIMA","potentialAction":[{"@type":"SearchAction","target":{"@type":"EntryPoint","urlTemplate":"https:\/\/www.slovklima.sk\/?s={search_term_string}"},"query-input":{"@type":"PropertyValueSpecification","valueRequired":true,"valueName":"search_term_string"}}],"inLanguage":"hu"},{"@type":"Organization","@id":"https:\/\/www.slovklima.sk\/#organization","name":"SLOVKLIMA DEIMOS group, s.r.o.","alternateName":"SLOVKLIMA","url":"https:\/\/www.slovklima.sk\/","logo":{"@type":"ImageObject","inLanguage":"hu","@id":"https:\/\/www.slovklima.sk\/#\/schema\/logo\/image\/","url":"https:\/\/www.slovklima.sk\/wp-content\/uploads\/2022\/12\/slovklima-logo-black.svg","contentUrl":"https:\/\/www.slovklima.sk\/wp-content\/uploads\/2022\/12\/slovklima-logo-black.svg","width":3218,"height":698,"caption":"SLOVKLIMA DEIMOS group, s.r.o."},"image":{"@id":"https:\/\/www.slovklima.sk\/#\/schema\/logo\/image\/"}}]}},"_links":{"self":[{"href":"https:\/\/www.slovklima.sk\/hu\/wp-json\/wp\/v2\/product\/12054","targetHints":{"allow":["GET"]}}],"collection":[{"href":"https:\/\/www.slovklima.sk\/hu\/wp-json\/wp\/v2\/product"}],"about":[{"href":"https:\/\/www.slovklima.sk\/hu\/wp-json\/wp\/v2\/types\/product"}],"wp:featuredmedia":[{"embeddable":true,"href":"https:\/\/www.slovklima.sk\/hu\/wp-json\/wp\/v2\/media\/12055"}],"wp:attachment":[{"href":"https:\/\/www.slovklima.sk\/hu\/wp-json\/wp\/v2\/media?parent=12054"}],"wp:term":[{"taxonomy":"product_brand","embeddable":true,"href":"https:\/\/www.slovklima.sk\/hu\/wp-json\/wp\/v2\/product_brand?post=12054"},{"taxonomy":"product_cat","embeddable":true,"href":"https:\/\/www.slovklima.sk\/hu\/wp-json\/wp\/v2\/product_cat?post=12054"},{"taxonomy":"product_tag","embeddable":true,"href":"https:\/\/www.slovklima.sk\/hu\/wp-json\/wp\/v2\/product_tag?post=12054"}],"curies":[{"name":"wp","href":"https:\/\/api.w.org\/{rel}","templated":true}]}}