{"id":12039,"date":"2024-03-12T22:51:30","date_gmt":"2024-03-12T21:51:30","guid":{"rendered":"https:\/\/www.slovklima.sk\/produkt\/gree-u-match-csatornaegyseg-r32\/"},"modified":"2024-06-07T10:48:57","modified_gmt":"2024-06-07T08:48:57","slug":"gree-u-match-csatornaegyseg-r32","status":"publish","type":"product","link":"https:\/\/www.slovklima.sk\/hu\/produkt\/gree-u-match-csatornaegyseg-r32\/","title":{"rendered":"GREE U-MATCH csatornaegys\u00e9g R32"},"content":{"rendered":"<section class=\"wpb-content-wrapper\"><p>[vc_row][vc_column el_class=&#8221;table-style&#8221; woodmart_css_id=&#8221;65f1e72f624c8&#8243; parallax_scroll=&#8221;no&#8221; woodmart_sticky_column=&#8221;false&#8221; wd_collapsible_content_switcher=&#8221;no&#8221; wd_column_role_offcanvas_desktop=&#8221;no&#8221; wd_column_role_offcanvas_tablet=&#8221;no&#8221; wd_column_role_offcanvas_mobile=&#8221;no&#8221; wd_column_role_content_desktop=&#8221;no&#8221; wd_column_role_content_tablet=&#8221;no&#8221; wd_column_role_content_mobile=&#8221;no&#8221; mobile_bg_img_hidden=&#8221;no&#8221; tablet_bg_img_hidden=&#8221;no&#8221; woodmart_parallax=&#8221;0&#8243; woodmart_box_shadow=&#8221;no&#8221; responsive_spacing=&#8221;eyJwYXJhbV90eXBlIjoid29vZG1hcnRfcmVzcG9uc2l2ZV9zcGFjaW5nIiwic2VsZWN0b3JfaWQiOiI2NWYxZTcyZjYyNGM4Iiwic2hvcnRjb2RlIjoidmNfY29sdW1uIiwiZGF0YSI6eyJ0YWJsZXQiOnt9LCJtb2JpbGUiOnt9fX0=&#8221; mobile_reset_margin=&#8221;no&#8221; tablet_reset_margin=&#8221;no&#8221; wd_z_index=&#8221;no&#8221;][vc_column_text woodmart_inline=&#8221;no&#8221; text_larger=&#8221;no&#8221;]<\/p>\n<table>\n<thead>\n<tr>\n<th style=\"text-align: left;\">Modell <em>(belt\u00e9ri + k\u00fclt\u00e9ri egys\u00e9g)<\/em><\/th>\n<th style=\"text-align: center;\">Teljes\u00edtm\u00e9ny <em>kW<\/em><\/th>\n<th style=\"text-align: center;\">Energiaoszt\u00e1ly &#8211; h\u0171t\u00e9s\/f\u0171t\u00e9s<\/th>\n<th style=\"text-align: center;\">Szezon\u00e1lis hat\u00e9konys\u00e1g &#8211; SEER\/SCOP<\/th>\n<th style=\"text-align: center;\">BxHxT <em>mm (belt\u00e9ri + k\u00fclt\u00e9ri egys\u00e9g)<\/em><\/th>\n<th style=\"text-align: center;\">T\u00e1pegys\u00e9g <em>V<\/em><\/th>\n<\/tr>\n<\/thead>\n<tbody>\n<tr>\n<td>GUD35PS\/A-T + GUDWNhA-T<\/td>\n<td style=\"text-align: center;\">3,5 \/ 4,0<\/td>\n<td style=\"text-align: center;\">A++ \/ A+<\/td>\n<td style=\"text-align: center;\">6,1 \/ 4,0<\/td>\n<td style=\"text-align: center;\">700x200x450 \/ 818x596x302<\/td>\n<td style=\"text-align: center;\">230<\/td>\n<\/tr>\n<tr>\n<td>GUD50PS\/A-T + GUDWNhA-T<\/td>\n<td style=\"text-align: center;\">5,0 \/ 5,5<\/td>\n<td style=\"text-align: center;\">A++ \/ A+<\/td>\n<td style=\"text-align: center;\">6,1 \/ 4,0<\/td>\n<td style=\"text-align: center;\">1000x200x450 \/ 818x596x302<\/td>\n<td style=\"text-align: center;\">230<\/td>\n<\/tr>\n<tr>\n<td>GUD71PS\/A-T + GUDWNhA-T<\/td>\n<td style=\"text-align: center;\">7,0 \/ 8,0<\/td>\n<td style=\"text-align: center;\">A++ \/ A+<\/td>\n<td style=\"text-align: center;\">6,8 \/ 4,0<\/td>\n<td style=\"text-align: center;\">1300x220x450 \/ 892x698x340<\/td>\n<td style=\"text-align: center;\">230<\/td>\n<\/tr>\n<tr>\n<td>GUD100PHS\/A-T + GUDWNhA-T<\/td>\n<td style=\"text-align: center;\">10,0 \/ 12,0<\/td>\n<td style=\"text-align: center;\">A++ \/ A+<\/td>\n<td style=\"text-align: center;\">6,1 \/ 4,0<\/td>\n<td style=\"text-align: center;\">1000x300x700 \/ 940x820x460<\/td>\n<td style=\"text-align: center;\">230<\/td>\n<\/tr>\n<tr>\n<td>GUD125PHS\/A-T + GUDWNhA-T<\/td>\n<td style=\"text-align: center;\">12,1 \/ 13,5<\/td>\n<td style=\"text-align: center;\">A+ \/ A<\/td>\n<td style=\"text-align: center;\">5,8 \/ 3,8<\/td>\n<td style=\"text-align: center;\">1400x300x700 \/ 940x820x460<\/td>\n<td style=\"text-align: center;\">230<\/td>\n<\/tr>\n<tr>\n<td>GUD140PHS\/A-T + GUDWNhA-T<\/td>\n<td style=\"text-align: center;\">13,4 \/ 15,5<\/td>\n<td style=\"text-align: center;\">A++\/A<\/td>\n<td style=\"text-align: center;\">6,1 \/ 3,8<\/td>\n<td style=\"text-align: center;\">1400x300x700 \/ 940x820x460<\/td>\n<td style=\"text-align: center;\">230<\/td>\n<\/tr>\n<tr>\n<td>GUD100PHS\/A-T + GUDWNhA-X<\/td>\n<td style=\"text-align: center;\">10,0 \/ 12,0<\/td>\n<td style=\"text-align: center;\">A++ \/ A+<\/td>\n<td style=\"text-align: center;\">6,1 \/ 4,0<\/td>\n<td style=\"text-align: center;\">1000x300x700 \/ 940x820x460<\/td>\n<td style=\"text-align: center;\">380<\/td>\n<\/tr>\n<tr>\n<td>GUD125PHS\/A-T + GUDWNhA-X<\/td>\n<td style=\"text-align: center;\">12,1 \/ 13,5<\/td>\n<td style=\"text-align: center;\">A+ \/ A<\/td>\n<td style=\"text-align: center;\">5,8 \/ 3,8<\/td>\n<td style=\"text-align: center;\">1400x300x700 \/ 940x820x460<\/td>\n<td style=\"text-align: center;\">380<\/td>\n<\/tr>\n<tr>\n<td>GUD140PHS\/A-T + GUDWNhA-X<\/td>\n<td style=\"text-align: center;\">13,4 \/ 15,0<\/td>\n<td style=\"text-align: center;\">A+ \/ A<\/td>\n<td style=\"text-align: center;\">5,4 \/ 3,7<\/td>\n<td style=\"text-align: center;\">1400x300x700 \/ 940x820x460<\/td>\n<td style=\"text-align: center;\">380<\/td>\n<\/tr>\n<tr>\n<td>GUD160PHS\/A-T + GUDWNhA-X<\/td>\n<td style=\"text-align: center;\">16,0 \/ 17,0<\/td>\n<td style=\"text-align: center;\">A++ \/ A+<\/td>\n<td style=\"text-align: center;\">6,1 \/ 4,0<\/td>\n<td style=\"text-align: center;\">1400x300x700 \/ 900x1345x340<\/td>\n<td style=\"text-align: center;\">380<\/td>\n<\/tr>\n<\/tbody>\n<\/table>\n<p>[\/vc_column_text][\/vc_column][\/vc_row]<\/p>\n<\/section>","protected":false},"excerpt":{"rendered":"<ul>\n<li>4 ventil\u00e1tor sebess\u00e9gfokozat<\/li>\n<li>K\u00e9nyelmes h\u0151m\u00e9rs\u00e9klet-szab\u00e1lyoz\u00e1s &#8222;I FEEL&#8221; funkci\u00f3val<\/li>\n<li>8 \u00b0C-os temper\u00e1l\u00e1si funkci\u00f3<\/li>\n<li>Automatikus \u00fajraind\u00edt\u00e1s<\/li>\n<li>Infrav\u00f6r\u00f6s t\u00e1vir\u00e1ny\u00edt\u00f3<\/li>\n<li>Fali vezet\u00e9kes vez\u00e9rl\u0151<\/li>\n<li>Kondenz\u00e1tumszivatty\u00fa 1 m v\u00edzkiszor\u00edt\u00e1ssal<\/li>\n<\/ul>\n<div class=\"product-icons\"><img decoding=\"async\" class=\"alignnone size-full wp-image-7888\" title=\"Id\u0151z\u00edt\u0151\" src=\"\/wp-content\/uploads\/2023\/10\/24h_casovac.png\" alt=\"Id\u0151z\u00edt\u0151\" width=\"151\" height=\"151\"><img decoding=\"async\" class=\"alignnone size-full wp-image-8423\" title=\"Ind\u00edt\u00e1s m\u00e9g alacsony fesz\u00fclts\u00e9gen is\" src=\"\/wp-content\/uploads\/2024\/03\/nizke-napatie.jpg\" alt=\"alacsony fesz\u00fclts\u00e9g\" width=\"151\" height=\"151\"><img decoding=\"async\" class=\"alignnone size-full wp-image-8431\" title=\"K\u00f6nny\u0171 karbantart\u00e1s\" src=\"\/wp-content\/uploads\/2024\/03\/jednoducha-udrzba.jpg\" alt=\"k\u00f6nny\u0171 karbantart\u00e1s\" width=\"151\" height=\"151\"><img decoding=\"async\" class=\"alignnone size-medium wp-image-8430\" title=\"Sz\u00e9les \u00fczemi h\u0151m\u00e9rs\u00e9klet-tartom\u00e1ny\" src=\"\/wp-content\/uploads\/2024\/03\/rozsah-teplot.jpg\" alt=\"sz\u00e9les \u00fczemi h\u0151m\u00e9rs\u00e9klet-tartom\u00e1ny\" width=\"151\" height=\"151\"><img decoding=\"async\" class=\"alignnone size-medium wp-image-8429\" title=\"\u00c1tfog\u00f3 v\u00e9delem\" src=\"\/wp-content\/uploads\/2024\/03\/komplexna-ochrana.jpg\" alt=\"\u00e1tfog\u00f3 v\u00e9delem\" width=\"151\" height=\"151\"><img decoding=\"async\" class=\"alignnone size-medium wp-image-8428\" title=\"Intelligens leolvaszt\u00e1s\" src=\"\/wp-content\/uploads\/2024\/03\/inteligentne-odmrazovanie.jpg\" alt=\"intelligens leolvaszt\u00e1s\" width=\"151\" height=\"151\"><img decoding=\"async\" class=\"alignnone size-medium wp-image-8427\" title=\"Automatikus \u00fajraind\u00edt\u00e1s\" src=\"\/wp-content\/uploads\/2024\/03\/automaticky-restart.jpg\" alt=\"automatikus \u00fajraind\u00edt\u00e1s\" width=\"151\" height=\"151\"><img decoding=\"async\" class=\"alignnone size-medium wp-image-8426\" title=\"Automatikus diagnosztika\" src=\"\/wp-content\/uploads\/2024\/03\/automaticka-diagnostika.jpg\" alt=\"automatikus diagnosztika\" width=\"151\" height=\"151\"><img decoding=\"async\" class=\"alignnone size-medium wp-image-8425\" title=\"Turbo gomb\" src=\"\/wp-content\/uploads\/2024\/03\/tlacidlo-turbo.jpg\" alt=\"turb\u00f3 gomb\" width=\"151\" height=\"151\"><img decoding=\"async\" class=\"alignnone size-medium wp-image-8424\" title=\"Integr\u00e1lt kondenz\u00e1tumszivatty\u00fa\" src=\"\/wp-content\/uploads\/2024\/03\/integrovane-cerpadlo.jpg\" alt=\"be\u00e9p\u00edtett szivatty\u00fa\" width=\"151\" height=\"151\"><\/div>\n","protected":false},"featured_media":12040,"template":"","meta":[],"product_brand":[],"product_cat":[424,364,353],"product_tag":[],"class_list":{"0":"post-12039","1":"product","2":"type-product","3":"status-publish","4":"has-post-thumbnail","6":"product_cat-gree-hu-4","7":"product_cat-kereskedelmi-egysegek","8":"product_cat-legkondicionalas","10":"first","11":"instock","12":"shipping-taxable","13":"product-type-simple"},"yoast_head":"<!-- This site is optimized with the Yoast SEO plugin v24.3 - https:\/\/yoast.com\/wordpress\/plugins\/seo\/ -->\n<title>GREE U-MATCH csatornaegys\u00e9g R32 | SLOVKLIMA DEIMOS group, s.r.o.<\/title>\n<meta name=\"robots\" content=\"index, follow, max-snippet:-1, max-image-preview:large, max-video-preview:-1\" \/>\n<link rel=\"canonical\" href=\"https:\/\/www.slovklima.sk\/hu\/produkt\/gree-u-match-csatornaegyseg-r32\/\" \/>\n<meta property=\"og:locale\" content=\"hu_HU\" \/>\n<meta property=\"og:type\" content=\"article\" \/>\n<meta property=\"og:title\" content=\"GREE U-MATCH csatornaegys\u00e9g R32 | SLOVKLIMA DEIMOS group, s.r.o.\" \/>\n<meta property=\"og:description\" content=\"4 ventil\u00e1tor sebess\u00e9gfokozat  K\u00e9nyelmes h\u0151m\u00e9rs\u00e9klet-szab\u00e1lyoz\u00e1s &quot;I FEEL&quot; funkci\u00f3val  8 \u00b0C-os temper\u00e1l\u00e1si funkci\u00f3  Automatikus \u00fajraind\u00edt\u00e1s  Infrav\u00f6r\u00f6s t\u00e1vir\u00e1ny\u00edt\u00f3  Fali vezet\u00e9kes vez\u00e9rl\u0151  Kondenz\u00e1tumszivatty\u00fa 1 m v\u00edzkiszor\u00edt\u00e1ssal\" \/>\n<meta property=\"og:url\" content=\"https:\/\/www.slovklima.sk\/hu\/produkt\/gree-u-match-csatornaegyseg-r32\/\" \/>\n<meta property=\"og:site_name\" content=\"SLOVKLIMA DEIMOS group, s.r.o.\" \/>\n<meta property=\"article:modified_time\" content=\"2024-06-07T08:48:57+00:00\" \/>\n<meta property=\"og:image\" content=\"https:\/\/www.slovklima.sk\/wp-content\/uploads\/2024\/03\/umatch-vnutorna-kanalova-jednotka.jpg\" \/>\n\t<meta property=\"og:image:width\" content=\"800\" \/>\n\t<meta property=\"og:image:height\" content=\"1000\" \/>\n\t<meta property=\"og:image:type\" content=\"image\/jpeg\" \/>\n<meta name=\"twitter:card\" content=\"summary_large_image\" \/>\n<meta name=\"twitter:label1\" content=\"Becs\u00fclt olvas\u00e1si id\u0151\" \/>\n\t<meta name=\"twitter:data1\" content=\"1 perc\" \/>\n<script type=\"application\/ld+json\" class=\"yoast-schema-graph\">{\"@context\":\"https:\/\/schema.org\",\"@graph\":[{\"@type\":\"WebPage\",\"@id\":\"https:\/\/www.slovklima.sk\/hu\/produkt\/gree-u-match-csatornaegyseg-r32\/\",\"url\":\"https:\/\/www.slovklima.sk\/hu\/produkt\/gree-u-match-csatornaegyseg-r32\/\",\"name\":\"GREE U-MATCH csatornaegys\u00e9g R32 | SLOVKLIMA DEIMOS group, s.r.o.\",\"isPartOf\":{\"@id\":\"https:\/\/www.slovklima.sk\/#website\"},\"primaryImageOfPage\":{\"@id\":\"https:\/\/www.slovklima.sk\/hu\/produkt\/gree-u-match-csatornaegyseg-r32\/#primaryimage\"},\"image\":{\"@id\":\"https:\/\/www.slovklima.sk\/hu\/produkt\/gree-u-match-csatornaegyseg-r32\/#primaryimage\"},\"thumbnailUrl\":\"https:\/\/www.slovklima.sk\/wp-content\/uploads\/2024\/03\/umatch-vnutorna-kanalova-jednotka.jpg\",\"datePublished\":\"2024-03-12T21:51:30+00:00\",\"dateModified\":\"2024-06-07T08:48:57+00:00\",\"breadcrumb\":{\"@id\":\"https:\/\/www.slovklima.sk\/hu\/produkt\/gree-u-match-csatornaegyseg-r32\/#breadcrumb\"},\"inLanguage\":\"hu\",\"potentialAction\":[{\"@type\":\"ReadAction\",\"target\":[\"https:\/\/www.slovklima.sk\/hu\/produkt\/gree-u-match-csatornaegyseg-r32\/\"]}]},{\"@type\":\"ImageObject\",\"inLanguage\":\"hu\",\"@id\":\"https:\/\/www.slovklima.sk\/hu\/produkt\/gree-u-match-csatornaegyseg-r32\/#primaryimage\",\"url\":\"https:\/\/www.slovklima.sk\/wp-content\/uploads\/2024\/03\/umatch-vnutorna-kanalova-jednotka.jpg\",\"contentUrl\":\"https:\/\/www.slovklima.sk\/wp-content\/uploads\/2024\/03\/umatch-vnutorna-kanalova-jednotka.jpg\",\"width\":800,\"height\":1000},{\"@type\":\"BreadcrumbList\",\"@id\":\"https:\/\/www.slovklima.sk\/hu\/produkt\/gree-u-match-csatornaegyseg-r32\/#breadcrumb\",\"itemListElement\":[{\"@type\":\"ListItem\",\"position\":1,\"name\":\"Domovsk\u00e1 str\u00e1nka\",\"item\":\"https:\/\/www.slovklima.sk\/hu\/\"},{\"@type\":\"ListItem\",\"position\":2,\"name\":\"Term\u00e9kek\",\"item\":\"https:\/\/www.slovklima.sk\/termekek\/\"},{\"@type\":\"ListItem\",\"position\":3,\"name\":\"GREE U-MATCH csatornaegys\u00e9g R32\"}]},{\"@type\":\"WebSite\",\"@id\":\"https:\/\/www.slovklima.sk\/#website\",\"url\":\"https:\/\/www.slovklima.sk\/\",\"name\":\"SLOVKLIMA DEIMOS group, s.r.o.\",\"description\":\"\",\"publisher\":{\"@id\":\"https:\/\/www.slovklima.sk\/#organization\"},\"alternateName\":\"SLOVKLIMA\",\"potentialAction\":[{\"@type\":\"SearchAction\",\"target\":{\"@type\":\"EntryPoint\",\"urlTemplate\":\"https:\/\/www.slovklima.sk\/?s={search_term_string}\"},\"query-input\":{\"@type\":\"PropertyValueSpecification\",\"valueRequired\":true,\"valueName\":\"search_term_string\"}}],\"inLanguage\":\"hu\"},{\"@type\":\"Organization\",\"@id\":\"https:\/\/www.slovklima.sk\/#organization\",\"name\":\"SLOVKLIMA DEIMOS group, s.r.o.\",\"alternateName\":\"SLOVKLIMA\",\"url\":\"https:\/\/www.slovklima.sk\/\",\"logo\":{\"@type\":\"ImageObject\",\"inLanguage\":\"hu\",\"@id\":\"https:\/\/www.slovklima.sk\/#\/schema\/logo\/image\/\",\"url\":\"https:\/\/www.slovklima.sk\/wp-content\/uploads\/2022\/12\/slovklima-logo-black.svg\",\"contentUrl\":\"https:\/\/www.slovklima.sk\/wp-content\/uploads\/2022\/12\/slovklima-logo-black.svg\",\"width\":3218,\"height\":698,\"caption\":\"SLOVKLIMA DEIMOS group, s.r.o.\"},\"image\":{\"@id\":\"https:\/\/www.slovklima.sk\/#\/schema\/logo\/image\/\"}}]}<\/script>\n<!-- \/ Yoast SEO plugin. -->","yoast_head_json":{"title":"GREE U-MATCH csatornaegys\u00e9g R32 | SLOVKLIMA DEIMOS group, s.r.o.","robots":{"index":"index","follow":"follow","max-snippet":"max-snippet:-1","max-image-preview":"max-image-preview:large","max-video-preview":"max-video-preview:-1"},"canonical":"https:\/\/www.slovklima.sk\/hu\/produkt\/gree-u-match-csatornaegyseg-r32\/","og_locale":"hu_HU","og_type":"article","og_title":"GREE U-MATCH csatornaegys\u00e9g R32 | SLOVKLIMA DEIMOS group, s.r.o.","og_description":"4 ventil\u00e1tor sebess\u00e9gfokozat  K\u00e9nyelmes h\u0151m\u00e9rs\u00e9klet-szab\u00e1lyoz\u00e1s \"I FEEL\" funkci\u00f3val  8 \u00b0C-os temper\u00e1l\u00e1si funkci\u00f3  Automatikus \u00fajraind\u00edt\u00e1s  Infrav\u00f6r\u00f6s t\u00e1vir\u00e1ny\u00edt\u00f3  Fali vezet\u00e9kes vez\u00e9rl\u0151  Kondenz\u00e1tumszivatty\u00fa 1 m v\u00edzkiszor\u00edt\u00e1ssal","og_url":"https:\/\/www.slovklima.sk\/hu\/produkt\/gree-u-match-csatornaegyseg-r32\/","og_site_name":"SLOVKLIMA DEIMOS group, s.r.o.","article_modified_time":"2024-06-07T08:48:57+00:00","og_image":[{"width":800,"height":1000,"url":"https:\/\/www.slovklima.sk\/wp-content\/uploads\/2024\/03\/umatch-vnutorna-kanalova-jednotka.jpg","type":"image\/jpeg"}],"twitter_card":"summary_large_image","twitter_misc":{"Becs\u00fclt olvas\u00e1si id\u0151":"1 perc"},"schema":{"@context":"https:\/\/schema.org","@graph":[{"@type":"WebPage","@id":"https:\/\/www.slovklima.sk\/hu\/produkt\/gree-u-match-csatornaegyseg-r32\/","url":"https:\/\/www.slovklima.sk\/hu\/produkt\/gree-u-match-csatornaegyseg-r32\/","name":"GREE U-MATCH csatornaegys\u00e9g R32 | SLOVKLIMA DEIMOS group, s.r.o.","isPartOf":{"@id":"https:\/\/www.slovklima.sk\/#website"},"primaryImageOfPage":{"@id":"https:\/\/www.slovklima.sk\/hu\/produkt\/gree-u-match-csatornaegyseg-r32\/#primaryimage"},"image":{"@id":"https:\/\/www.slovklima.sk\/hu\/produkt\/gree-u-match-csatornaegyseg-r32\/#primaryimage"},"thumbnailUrl":"https:\/\/www.slovklima.sk\/wp-content\/uploads\/2024\/03\/umatch-vnutorna-kanalova-jednotka.jpg","datePublished":"2024-03-12T21:51:30+00:00","dateModified":"2024-06-07T08:48:57+00:00","breadcrumb":{"@id":"https:\/\/www.slovklima.sk\/hu\/produkt\/gree-u-match-csatornaegyseg-r32\/#breadcrumb"},"inLanguage":"hu","potentialAction":[{"@type":"ReadAction","target":["https:\/\/www.slovklima.sk\/hu\/produkt\/gree-u-match-csatornaegyseg-r32\/"]}]},{"@type":"ImageObject","inLanguage":"hu","@id":"https:\/\/www.slovklima.sk\/hu\/produkt\/gree-u-match-csatornaegyseg-r32\/#primaryimage","url":"https:\/\/www.slovklima.sk\/wp-content\/uploads\/2024\/03\/umatch-vnutorna-kanalova-jednotka.jpg","contentUrl":"https:\/\/www.slovklima.sk\/wp-content\/uploads\/2024\/03\/umatch-vnutorna-kanalova-jednotka.jpg","width":800,"height":1000},{"@type":"BreadcrumbList","@id":"https:\/\/www.slovklima.sk\/hu\/produkt\/gree-u-match-csatornaegyseg-r32\/#breadcrumb","itemListElement":[{"@type":"ListItem","position":1,"name":"Domovsk\u00e1 str\u00e1nka","item":"https:\/\/www.slovklima.sk\/hu\/"},{"@type":"ListItem","position":2,"name":"Term\u00e9kek","item":"https:\/\/www.slovklima.sk\/termekek\/"},{"@type":"ListItem","position":3,"name":"GREE U-MATCH csatornaegys\u00e9g R32"}]},{"@type":"WebSite","@id":"https:\/\/www.slovklima.sk\/#website","url":"https:\/\/www.slovklima.sk\/","name":"SLOVKLIMA DEIMOS group, s.r.o.","description":"","publisher":{"@id":"https:\/\/www.slovklima.sk\/#organization"},"alternateName":"SLOVKLIMA","potentialAction":[{"@type":"SearchAction","target":{"@type":"EntryPoint","urlTemplate":"https:\/\/www.slovklima.sk\/?s={search_term_string}"},"query-input":{"@type":"PropertyValueSpecification","valueRequired":true,"valueName":"search_term_string"}}],"inLanguage":"hu"},{"@type":"Organization","@id":"https:\/\/www.slovklima.sk\/#organization","name":"SLOVKLIMA DEIMOS group, s.r.o.","alternateName":"SLOVKLIMA","url":"https:\/\/www.slovklima.sk\/","logo":{"@type":"ImageObject","inLanguage":"hu","@id":"https:\/\/www.slovklima.sk\/#\/schema\/logo\/image\/","url":"https:\/\/www.slovklima.sk\/wp-content\/uploads\/2022\/12\/slovklima-logo-black.svg","contentUrl":"https:\/\/www.slovklima.sk\/wp-content\/uploads\/2022\/12\/slovklima-logo-black.svg","width":3218,"height":698,"caption":"SLOVKLIMA DEIMOS group, s.r.o."},"image":{"@id":"https:\/\/www.slovklima.sk\/#\/schema\/logo\/image\/"}}]}},"_links":{"self":[{"href":"https:\/\/www.slovklima.sk\/hu\/wp-json\/wp\/v2\/product\/12039","targetHints":{"allow":["GET"]}}],"collection":[{"href":"https:\/\/www.slovklima.sk\/hu\/wp-json\/wp\/v2\/product"}],"about":[{"href":"https:\/\/www.slovklima.sk\/hu\/wp-json\/wp\/v2\/types\/product"}],"wp:featuredmedia":[{"embeddable":true,"href":"https:\/\/www.slovklima.sk\/hu\/wp-json\/wp\/v2\/media\/12040"}],"wp:attachment":[{"href":"https:\/\/www.slovklima.sk\/hu\/wp-json\/wp\/v2\/media?parent=12039"}],"wp:term":[{"taxonomy":"product_brand","embeddable":true,"href":"https:\/\/www.slovklima.sk\/hu\/wp-json\/wp\/v2\/product_brand?post=12039"},{"taxonomy":"product_cat","embeddable":true,"href":"https:\/\/www.slovklima.sk\/hu\/wp-json\/wp\/v2\/product_cat?post=12039"},{"taxonomy":"product_tag","embeddable":true,"href":"https:\/\/www.slovklima.sk\/hu\/wp-json\/wp\/v2\/product_tag?post=12039"}],"curies":[{"name":"wp","href":"https:\/\/api.w.org\/{rel}","templated":true}]}}