{"id":12001,"date":"2024-02-28T11:38:13","date_gmt":"2024-02-28T10:38:13","guid":{"rendered":"https:\/\/www.slovklima.sk\/produkt\/versati-iii-split-all-in-one-melegviz-tartallyal-r32\/"},"modified":"2026-03-17T08:37:50","modified_gmt":"2026-03-17T07:37:50","slug":"versati-iii-split-all-in-one-melegviz-tartallyal-r32","status":"publish","type":"product","link":"https:\/\/www.slovklima.sk\/hu\/produkt\/versati-iii-split-all-in-one-melegviz-tartallyal-r32\/","title":{"rendered":"VERSATI III osztott ALL IN ONE melegv\u00edz-tart\u00e1llyal R32"},"content":{"rendered":"<section class=\"wpb-content-wrapper\"><p>[vc_row][vc_column el_class=&#8221;table-style&#8221; woodmart_css_id=&#8221;65df0f2bc12ca&#8221; parallax_scroll=&#8221;no&#8221; woodmart_sticky_column=&#8221;false&#8221; wd_collapsible_content_switcher=&#8221;no&#8221; wd_column_role_offcanvas_desktop=&#8221;no&#8221; wd_column_role_offcanvas_tablet=&#8221;no&#8221; wd_column_role_offcanvas_mobile=&#8221;no&#8221; wd_column_role_content_desktop=&#8221;no&#8221; wd_column_role_content_tablet=&#8221;no&#8221; wd_column_role_content_mobile=&#8221;no&#8221; mobile_bg_img_hidden=&#8221;no&#8221; tablet_bg_img_hidden=&#8221;no&#8221; woodmart_parallax=&#8221;0&#8243; woodmart_box_shadow=&#8221;no&#8221; responsive_spacing=&#8221;eyJwYXJhbV90eXBlIjoid29vZG1hcnRfcmVzcG9uc2l2ZV9zcGFjaW5nIiwic2VsZWN0b3JfaWQiOiI2NWRmMGYyYmMxMmNhIiwic2hvcnRjb2RlIjoidmNfY29sdW1uIiwiZGF0YSI6eyJ0YWJsZXQiOnt9LCJtb2JpbGUiOnt9fX0=&#8221; mobile_reset_margin=&#8221;no&#8221; tablet_reset_margin=&#8221;no&#8221; wd_z_index=&#8221;no&#8221;][vc_column_text woodmart_inline=&#8221;no&#8221; text_larger=&#8221;no&#8221;]<\/p>\n<table>\n<thead>\n<tr>\n<th>Modell <em>(belt\u00e9ri + k\u00fclt\u00e9ri egys\u00e9g)<\/em><\/th>\n<th style=\"text-align: center;\">Teljes\u00edtm\u00e9ny <em>kW<\/em><\/th>\n<th style=\"text-align: center;\">BxHxT <em>mm (belt\u00e9ri + k\u00fclt\u00e9ri egys\u00e9g)<\/em><\/th>\n<\/tr>\n<\/thead>\n<tbody>\n<tr>\n<td>GRS-CQ6.0PdG\/NhH2-E(I), GRS-CQ6.0Pd\/NhH2-E(O)<\/td>\n<td style=\"text-align: center;\">6,0 \/ 5,8<\/td>\n<td style=\"text-align: center;\">600x1800x650 \/ 975x702x396<\/td>\n<\/tr>\n<tr>\n<td>GRS-CQ8.0PdG\/NhH2-E(I), GRS-CQ8.0Pd\/NhH2-E(O)<\/td>\n<td style=\"text-align: center;\">8,0 \/ 7,0<\/td>\n<td style=\"text-align: center;\">600x1800x650 \/ 982x787x395<\/td>\n<\/tr>\n<tr>\n<td>GRS-CQ8.0PdG\/NhH2-M(I), GRS-CQ8.0Pd\/NhH-M(O)<\/td>\n<td style=\"text-align: center;\">8,0 \/ 8,5<\/td>\n<td style=\"text-align: center;\">600x1800x650 \/ 982x787x395<\/td>\n<\/tr>\n<tr>\n<td>GRS-CQ10PdG\/NhH2-E(I), GRS-CQ10Pd\/NhH2-E(O)<\/td>\n<td style=\"text-align: center;\">9,5 \/ 8,5<\/td>\n<td style=\"text-align: center;\">600x1800x650 \/ 982x787x395<\/td>\n<\/tr>\n<tr>\n<td>GRS-CQ10PdG\/NhH2-M(I), GRS-CQ10Pd\/NhH-M(O)<\/td>\n<td style=\"text-align: center;\">9,5 \/ 8,5<\/td>\n<td style=\"text-align: center;\">600x1800x650 \/ 982x787x395<\/td>\n<\/tr>\n<tr>\n<td>GRS-CQ12.0PdG\/NhH2-M(I), GRS-CQ12.0Pd\/NhH-M(O)<\/td>\n<td style=\"text-align: center;\">12,0 \/ 11,0<\/td>\n<td style=\"text-align: center;\">600x1800x650 \/ 940x820x460<\/td>\n<\/tr>\n<tr>\n<td>GRS-CQ14.0PdG\/NhH2-M(I), GRS-CQ14.0Pd\/NhH-M(O)<\/td>\n<td style=\"text-align: center;\">14,0 \/ 12,6<\/td>\n<td style=\"text-align: center;\">600x1800x650 \/ 940x820x460<\/td>\n<\/tr>\n<tr>\n<td>GRS-CQ16.0PdG\/NhH2-M(I), GRS-CQ16.0Pd\/NhH-M(O)<\/td>\n<td style=\"text-align: center;\">15,5 \/ 13,0<\/td>\n<td style=\"text-align: center;\">600x1800x650 \/ 940x820x460<\/td>\n<\/tr>\n<\/tbody>\n<\/table>\n<p>[\/vc_column_text][\/vc_column][\/vc_row]<\/p>\n<\/section>","protected":false},"excerpt":{"rendered":"<p>A VERSATI III &#8222;All in one&#8221; 6, 8 \u00e9s 10 kW-os teljes\u00edtm\u00e9ny\u0171 v\u00e1ltozatban kaphat\u00f3, \u00e9s kifejezetten a korl\u00e1tozott m\u0171szaki t\u00e9rrel rendelkez\u0151 \u00faj \u00e9p\u00fcletekbe tervezt\u00e9k, ahol a hely optimaliz\u00e1l\u00e1sa kulcsfontoss\u00e1g\u00fa.<\/p>\n<p>Ez az &#8222;All in one&#8221; v\u00e1ltozat egy k\u00fclt\u00e9ri egys\u00e9get, egy hidromodult \u00e9s egy 200 literes melegv\u00edztart\u00e1lyt kombin\u00e1l, a tart\u00e1ly \u00e9s a hidromodul alkotja a belt\u00e9ri egys\u00e9get. Kompakt m\u00e9ret\u00e9nek k\u00f6sz\u00f6nhet\u0151en kiv\u00e1l\u00f3an alkalmas kis helyis\u00e9gekbe, ahol rendk\u00edv\u00fcl kompakt megold\u00e1sra van sz\u00fcks\u00e9g. Csatlakoztathat\u00f3 melegv\u00edz-, padl\u00f3f\u0171t\u00e9shez, fancoil egys\u00e9gekhez\/radi\u00e1torokhoz, napelemekhez, g\u00e1zkaz\u00e1nokhoz \u00e9s m\u00e9g sok m\u00e1shoz.<\/p>\n<p>A VERSATI III tartalmaz egy Wilo keringtet\u0151t PWM fordulatsz\u00e1m-szab\u00e1lyoz\u00e1ssal, egy Alpha Laval PHE lemezes h\u0151cser\u00e9l\u0151t \u00e9s egy szabadalmaztatott GREE k\u00e9tfokozat\u00fa rot\u00e1ci\u00f3s kompresszort. Az \u00faj kompresszor takar\u00e9kos \u00fczemm\u00f3ddal \u00e9s fokozatk\u00f6zi h\u0171t\u0151k\u00f6zeg-befecskendez\u00e9ssel kib\u0151v\u00edtett m\u0171k\u00f6d\u00e9si tartom\u00e1nyt \u00e9s nagyobb h\u0151\u00e1tad\u00e1st biztos\u00edt az elp\u00e1rologtat\u00f3ban. Alacsony h\u0151m\u00e9rs\u00e9kleten, ak\u00e1r -25 \u00b0C-ig is hat\u00e9konyan m\u0171k\u00f6dik.<\/p>\n<h3>DOKUMENTUMOK<\/h3>\n","protected":false},"featured_media":12002,"template":"","meta":[],"product_brand":[],"product_cat":[420,419],"product_tag":[],"class_list":{"0":"post-12001","1":"product","2":"type-product","3":"status-publish","4":"has-post-thumbnail","6":"product_cat-gree-versati-iii","7":"product_cat-hoszivattyuk","9":"first","10":"instock","11":"featured","12":"shipping-taxable","13":"product-type-simple"},"yoast_head":"<!-- This site is optimized with the Yoast SEO plugin v24.3 - https:\/\/yoast.com\/wordpress\/plugins\/seo\/ -->\n<title>VERSATI III osztott ALL IN ONE melegv\u00edz-tart\u00e1llyal R32 | SLOVKLIMA DEIMOS group, s.r.o.<\/title>\n<meta name=\"robots\" content=\"index, follow, max-snippet:-1, max-image-preview:large, max-video-preview:-1\" \/>\n<link rel=\"canonical\" href=\"https:\/\/www.slovklima.sk\/hu\/produkt\/versati-iii-split-all-in-one-melegviz-tartallyal-r32\/\" \/>\n<meta property=\"og:locale\" content=\"hu_HU\" \/>\n<meta property=\"og:type\" content=\"article\" \/>\n<meta property=\"og:title\" content=\"VERSATI III osztott ALL IN ONE melegv\u00edz-tart\u00e1llyal R32 | SLOVKLIMA DEIMOS group, s.r.o.\" \/>\n<meta property=\"og:description\" content=\"A VERSATI III &quot;All in one&quot; 6, 8 \u00e9s 10 kW-os teljes\u00edtm\u00e9ny\u0171 v\u00e1ltozatban kaphat\u00f3, \u00e9s kifejezetten a korl\u00e1tozott m\u0171szaki t\u00e9rrel rendelkez\u0151 \u00faj \u00e9p\u00fcletekbe tervezt\u00e9k, ahol a hely optimaliz\u00e1l\u00e1sa kulcsfontoss\u00e1g\u00fa.  Ez az &quot;All in one&quot; v\u00e1ltozat egy k\u00fclt\u00e9ri egys\u00e9get, egy hidromodult \u00e9s egy 200 literes melegv\u00edztart\u00e1lyt kombin\u00e1l, a tart\u00e1ly \u00e9s a hidromodul alkotja a belt\u00e9ri egys\u00e9get. Kompakt m\u00e9ret\u00e9nek k\u00f6sz\u00f6nhet\u0151en kiv\u00e1l\u00f3an alkalmas kis helyis\u00e9gekbe, ahol rendk\u00edv\u00fcl kompakt megold\u00e1sra van sz\u00fcks\u00e9g. Csatlakoztathat\u00f3 melegv\u00edz-, padl\u00f3f\u0171t\u00e9shez, fancoil egys\u00e9gekhez\/radi\u00e1torokhoz, napelemekhez, g\u00e1zkaz\u00e1nokhoz \u00e9s m\u00e9g sok m\u00e1shoz.  A VERSATI III tartalmaz egy Wilo keringtet\u0151t PWM fordulatsz\u00e1m-szab\u00e1lyoz\u00e1ssal, egy Alpha Laval PHE lemezes h\u0151cser\u00e9l\u0151t \u00e9s egy szabadalmaztatott GREE k\u00e9tfokozat\u00fa rot\u00e1ci\u00f3s kompresszort. Az \u00faj kompresszor takar\u00e9kos \u00fczemm\u00f3ddal \u00e9s fokozatk\u00f6zi h\u0171t\u0151k\u00f6zeg-befecskendez\u00e9ssel kib\u0151v\u00edtett m\u0171k\u00f6d\u00e9si tartom\u00e1nyt \u00e9s nagyobb h\u0151\u00e1tad\u00e1st biztos\u00edt az elp\u00e1rologtat\u00f3ban. Alacsony h\u0151m\u00e9rs\u00e9kleten, ak\u00e1r -25 \u00b0C-ig is hat\u00e9konyan m\u0171k\u00f6dik. DOKUMENTUMOK\" \/>\n<meta property=\"og:url\" content=\"https:\/\/www.slovklima.sk\/hu\/produkt\/versati-iii-split-all-in-one-melegviz-tartallyal-r32\/\" \/>\n<meta property=\"og:site_name\" content=\"SLOVKLIMA DEIMOS group, s.r.o.\" \/>\n<meta property=\"article:modified_time\" content=\"2026-03-17T07:37:50+00:00\" \/>\n<meta property=\"og:image\" content=\"https:\/\/www.slovklima.sk\/wp-content\/uploads\/2024\/02\/versati3-tepelne-all-in-one-cerpadlo.jpg\" \/>\n\t<meta property=\"og:image:width\" content=\"800\" \/>\n\t<meta property=\"og:image:height\" content=\"1000\" \/>\n\t<meta property=\"og:image:type\" content=\"image\/jpeg\" \/>\n<meta name=\"twitter:card\" content=\"summary_large_image\" \/>\n<meta name=\"twitter:label1\" content=\"Becs\u00fclt olvas\u00e1si id\u0151\" \/>\n\t<meta name=\"twitter:data1\" content=\"1 perc\" \/>\n<script type=\"application\/ld+json\" class=\"yoast-schema-graph\">{\"@context\":\"https:\/\/schema.org\",\"@graph\":[{\"@type\":\"WebPage\",\"@id\":\"https:\/\/www.slovklima.sk\/hu\/produkt\/versati-iii-split-all-in-one-melegviz-tartallyal-r32\/\",\"url\":\"https:\/\/www.slovklima.sk\/hu\/produkt\/versati-iii-split-all-in-one-melegviz-tartallyal-r32\/\",\"name\":\"VERSATI III osztott ALL IN ONE melegv\u00edz-tart\u00e1llyal R32 | SLOVKLIMA DEIMOS group, s.r.o.\",\"isPartOf\":{\"@id\":\"https:\/\/www.slovklima.sk\/#website\"},\"primaryImageOfPage\":{\"@id\":\"https:\/\/www.slovklima.sk\/hu\/produkt\/versati-iii-split-all-in-one-melegviz-tartallyal-r32\/#primaryimage\"},\"image\":{\"@id\":\"https:\/\/www.slovklima.sk\/hu\/produkt\/versati-iii-split-all-in-one-melegviz-tartallyal-r32\/#primaryimage\"},\"thumbnailUrl\":\"https:\/\/www.slovklima.sk\/wp-content\/uploads\/2024\/02\/versati3-tepelne-all-in-one-cerpadlo.jpg\",\"datePublished\":\"2024-02-28T10:38:13+00:00\",\"dateModified\":\"2026-03-17T07:37:50+00:00\",\"breadcrumb\":{\"@id\":\"https:\/\/www.slovklima.sk\/hu\/produkt\/versati-iii-split-all-in-one-melegviz-tartallyal-r32\/#breadcrumb\"},\"inLanguage\":\"hu\",\"potentialAction\":[{\"@type\":\"ReadAction\",\"target\":[\"https:\/\/www.slovklima.sk\/hu\/produkt\/versati-iii-split-all-in-one-melegviz-tartallyal-r32\/\"]}]},{\"@type\":\"ImageObject\",\"inLanguage\":\"hu\",\"@id\":\"https:\/\/www.slovklima.sk\/hu\/produkt\/versati-iii-split-all-in-one-melegviz-tartallyal-r32\/#primaryimage\",\"url\":\"https:\/\/www.slovklima.sk\/wp-content\/uploads\/2024\/02\/versati3-tepelne-all-in-one-cerpadlo.jpg\",\"contentUrl\":\"https:\/\/www.slovklima.sk\/wp-content\/uploads\/2024\/02\/versati3-tepelne-all-in-one-cerpadlo.jpg\",\"width\":800,\"height\":1000},{\"@type\":\"BreadcrumbList\",\"@id\":\"https:\/\/www.slovklima.sk\/hu\/produkt\/versati-iii-split-all-in-one-melegviz-tartallyal-r32\/#breadcrumb\",\"itemListElement\":[{\"@type\":\"ListItem\",\"position\":1,\"name\":\"Domovsk\u00e1 str\u00e1nka\",\"item\":\"https:\/\/www.slovklima.sk\/hu\/\"},{\"@type\":\"ListItem\",\"position\":2,\"name\":\"Term\u00e9kek\",\"item\":\"https:\/\/www.slovklima.sk\/termekek\/\"},{\"@type\":\"ListItem\",\"position\":3,\"name\":\"VERSATI III osztott ALL IN ONE melegv\u00edz-tart\u00e1llyal R32\"}]},{\"@type\":\"WebSite\",\"@id\":\"https:\/\/www.slovklima.sk\/#website\",\"url\":\"https:\/\/www.slovklima.sk\/\",\"name\":\"SLOVKLIMA DEIMOS group, s.r.o.\",\"description\":\"\",\"publisher\":{\"@id\":\"https:\/\/www.slovklima.sk\/#organization\"},\"alternateName\":\"SLOVKLIMA\",\"potentialAction\":[{\"@type\":\"SearchAction\",\"target\":{\"@type\":\"EntryPoint\",\"urlTemplate\":\"https:\/\/www.slovklima.sk\/?s={search_term_string}\"},\"query-input\":{\"@type\":\"PropertyValueSpecification\",\"valueRequired\":true,\"valueName\":\"search_term_string\"}}],\"inLanguage\":\"hu\"},{\"@type\":\"Organization\",\"@id\":\"https:\/\/www.slovklima.sk\/#organization\",\"name\":\"SLOVKLIMA DEIMOS group, s.r.o.\",\"alternateName\":\"SLOVKLIMA\",\"url\":\"https:\/\/www.slovklima.sk\/\",\"logo\":{\"@type\":\"ImageObject\",\"inLanguage\":\"hu\",\"@id\":\"https:\/\/www.slovklima.sk\/#\/schema\/logo\/image\/\",\"url\":\"https:\/\/www.slovklima.sk\/wp-content\/uploads\/2022\/12\/slovklima-logo-black.svg\",\"contentUrl\":\"https:\/\/www.slovklima.sk\/wp-content\/uploads\/2022\/12\/slovklima-logo-black.svg\",\"width\":3218,\"height\":698,\"caption\":\"SLOVKLIMA DEIMOS group, s.r.o.\"},\"image\":{\"@id\":\"https:\/\/www.slovklima.sk\/#\/schema\/logo\/image\/\"}}]}<\/script>\n<!-- \/ Yoast SEO plugin. -->","yoast_head_json":{"title":"VERSATI III osztott ALL IN ONE melegv\u00edz-tart\u00e1llyal R32 | SLOVKLIMA DEIMOS group, s.r.o.","robots":{"index":"index","follow":"follow","max-snippet":"max-snippet:-1","max-image-preview":"max-image-preview:large","max-video-preview":"max-video-preview:-1"},"canonical":"https:\/\/www.slovklima.sk\/hu\/produkt\/versati-iii-split-all-in-one-melegviz-tartallyal-r32\/","og_locale":"hu_HU","og_type":"article","og_title":"VERSATI III osztott ALL IN ONE melegv\u00edz-tart\u00e1llyal R32 | SLOVKLIMA DEIMOS group, s.r.o.","og_description":"A VERSATI III \"All in one\" 6, 8 \u00e9s 10 kW-os teljes\u00edtm\u00e9ny\u0171 v\u00e1ltozatban kaphat\u00f3, \u00e9s kifejezetten a korl\u00e1tozott m\u0171szaki t\u00e9rrel rendelkez\u0151 \u00faj \u00e9p\u00fcletekbe tervezt\u00e9k, ahol a hely optimaliz\u00e1l\u00e1sa kulcsfontoss\u00e1g\u00fa.  Ez az \"All in one\" v\u00e1ltozat egy k\u00fclt\u00e9ri egys\u00e9get, egy hidromodult \u00e9s egy 200 literes melegv\u00edztart\u00e1lyt kombin\u00e1l, a tart\u00e1ly \u00e9s a hidromodul alkotja a belt\u00e9ri egys\u00e9get. Kompakt m\u00e9ret\u00e9nek k\u00f6sz\u00f6nhet\u0151en kiv\u00e1l\u00f3an alkalmas kis helyis\u00e9gekbe, ahol rendk\u00edv\u00fcl kompakt megold\u00e1sra van sz\u00fcks\u00e9g. Csatlakoztathat\u00f3 melegv\u00edz-, padl\u00f3f\u0171t\u00e9shez, fancoil egys\u00e9gekhez\/radi\u00e1torokhoz, napelemekhez, g\u00e1zkaz\u00e1nokhoz \u00e9s m\u00e9g sok m\u00e1shoz.  A VERSATI III tartalmaz egy Wilo keringtet\u0151t PWM fordulatsz\u00e1m-szab\u00e1lyoz\u00e1ssal, egy Alpha Laval PHE lemezes h\u0151cser\u00e9l\u0151t \u00e9s egy szabadalmaztatott GREE k\u00e9tfokozat\u00fa rot\u00e1ci\u00f3s kompresszort. Az \u00faj kompresszor takar\u00e9kos \u00fczemm\u00f3ddal \u00e9s fokozatk\u00f6zi h\u0171t\u0151k\u00f6zeg-befecskendez\u00e9ssel kib\u0151v\u00edtett m\u0171k\u00f6d\u00e9si tartom\u00e1nyt \u00e9s nagyobb h\u0151\u00e1tad\u00e1st biztos\u00edt az elp\u00e1rologtat\u00f3ban. Alacsony h\u0151m\u00e9rs\u00e9kleten, ak\u00e1r -25 \u00b0C-ig is hat\u00e9konyan m\u0171k\u00f6dik. DOKUMENTUMOK","og_url":"https:\/\/www.slovklima.sk\/hu\/produkt\/versati-iii-split-all-in-one-melegviz-tartallyal-r32\/","og_site_name":"SLOVKLIMA DEIMOS group, s.r.o.","article_modified_time":"2026-03-17T07:37:50+00:00","og_image":[{"width":800,"height":1000,"url":"https:\/\/www.slovklima.sk\/wp-content\/uploads\/2024\/02\/versati3-tepelne-all-in-one-cerpadlo.jpg","type":"image\/jpeg"}],"twitter_card":"summary_large_image","twitter_misc":{"Becs\u00fclt olvas\u00e1si id\u0151":"1 perc"},"schema":{"@context":"https:\/\/schema.org","@graph":[{"@type":"WebPage","@id":"https:\/\/www.slovklima.sk\/hu\/produkt\/versati-iii-split-all-in-one-melegviz-tartallyal-r32\/","url":"https:\/\/www.slovklima.sk\/hu\/produkt\/versati-iii-split-all-in-one-melegviz-tartallyal-r32\/","name":"VERSATI III osztott ALL IN ONE melegv\u00edz-tart\u00e1llyal R32 | SLOVKLIMA DEIMOS group, s.r.o.","isPartOf":{"@id":"https:\/\/www.slovklima.sk\/#website"},"primaryImageOfPage":{"@id":"https:\/\/www.slovklima.sk\/hu\/produkt\/versati-iii-split-all-in-one-melegviz-tartallyal-r32\/#primaryimage"},"image":{"@id":"https:\/\/www.slovklima.sk\/hu\/produkt\/versati-iii-split-all-in-one-melegviz-tartallyal-r32\/#primaryimage"},"thumbnailUrl":"https:\/\/www.slovklima.sk\/wp-content\/uploads\/2024\/02\/versati3-tepelne-all-in-one-cerpadlo.jpg","datePublished":"2024-02-28T10:38:13+00:00","dateModified":"2026-03-17T07:37:50+00:00","breadcrumb":{"@id":"https:\/\/www.slovklima.sk\/hu\/produkt\/versati-iii-split-all-in-one-melegviz-tartallyal-r32\/#breadcrumb"},"inLanguage":"hu","potentialAction":[{"@type":"ReadAction","target":["https:\/\/www.slovklima.sk\/hu\/produkt\/versati-iii-split-all-in-one-melegviz-tartallyal-r32\/"]}]},{"@type":"ImageObject","inLanguage":"hu","@id":"https:\/\/www.slovklima.sk\/hu\/produkt\/versati-iii-split-all-in-one-melegviz-tartallyal-r32\/#primaryimage","url":"https:\/\/www.slovklima.sk\/wp-content\/uploads\/2024\/02\/versati3-tepelne-all-in-one-cerpadlo.jpg","contentUrl":"https:\/\/www.slovklima.sk\/wp-content\/uploads\/2024\/02\/versati3-tepelne-all-in-one-cerpadlo.jpg","width":800,"height":1000},{"@type":"BreadcrumbList","@id":"https:\/\/www.slovklima.sk\/hu\/produkt\/versati-iii-split-all-in-one-melegviz-tartallyal-r32\/#breadcrumb","itemListElement":[{"@type":"ListItem","position":1,"name":"Domovsk\u00e1 str\u00e1nka","item":"https:\/\/www.slovklima.sk\/hu\/"},{"@type":"ListItem","position":2,"name":"Term\u00e9kek","item":"https:\/\/www.slovklima.sk\/termekek\/"},{"@type":"ListItem","position":3,"name":"VERSATI III osztott ALL IN ONE melegv\u00edz-tart\u00e1llyal R32"}]},{"@type":"WebSite","@id":"https:\/\/www.slovklima.sk\/#website","url":"https:\/\/www.slovklima.sk\/","name":"SLOVKLIMA DEIMOS group, s.r.o.","description":"","publisher":{"@id":"https:\/\/www.slovklima.sk\/#organization"},"alternateName":"SLOVKLIMA","potentialAction":[{"@type":"SearchAction","target":{"@type":"EntryPoint","urlTemplate":"https:\/\/www.slovklima.sk\/?s={search_term_string}"},"query-input":{"@type":"PropertyValueSpecification","valueRequired":true,"valueName":"search_term_string"}}],"inLanguage":"hu"},{"@type":"Organization","@id":"https:\/\/www.slovklima.sk\/#organization","name":"SLOVKLIMA DEIMOS group, s.r.o.","alternateName":"SLOVKLIMA","url":"https:\/\/www.slovklima.sk\/","logo":{"@type":"ImageObject","inLanguage":"hu","@id":"https:\/\/www.slovklima.sk\/#\/schema\/logo\/image\/","url":"https:\/\/www.slovklima.sk\/wp-content\/uploads\/2022\/12\/slovklima-logo-black.svg","contentUrl":"https:\/\/www.slovklima.sk\/wp-content\/uploads\/2022\/12\/slovklima-logo-black.svg","width":3218,"height":698,"caption":"SLOVKLIMA DEIMOS group, s.r.o."},"image":{"@id":"https:\/\/www.slovklima.sk\/#\/schema\/logo\/image\/"}}]}},"_links":{"self":[{"href":"https:\/\/www.slovklima.sk\/hu\/wp-json\/wp\/v2\/product\/12001","targetHints":{"allow":["GET"]}}],"collection":[{"href":"https:\/\/www.slovklima.sk\/hu\/wp-json\/wp\/v2\/product"}],"about":[{"href":"https:\/\/www.slovklima.sk\/hu\/wp-json\/wp\/v2\/types\/product"}],"wp:featuredmedia":[{"embeddable":true,"href":"https:\/\/www.slovklima.sk\/hu\/wp-json\/wp\/v2\/media\/12002"}],"wp:attachment":[{"href":"https:\/\/www.slovklima.sk\/hu\/wp-json\/wp\/v2\/media?parent=12001"}],"wp:term":[{"taxonomy":"product_brand","embeddable":true,"href":"https:\/\/www.slovklima.sk\/hu\/wp-json\/wp\/v2\/product_brand?post=12001"},{"taxonomy":"product_cat","embeddable":true,"href":"https:\/\/www.slovklima.sk\/hu\/wp-json\/wp\/v2\/product_cat?post=12001"},{"taxonomy":"product_tag","embeddable":true,"href":"https:\/\/www.slovklima.sk\/hu\/wp-json\/wp\/v2\/product_tag?post=12001"}],"curies":[{"name":"wp","href":"https:\/\/api.w.org\/{rel}","templated":true}]}}