{"id":11994,"date":"2024-02-28T11:12:02","date_gmt":"2024-02-28T10:12:02","guid":{"rendered":"https:\/\/www.slovklima.sk\/produkt\/versati-iii-split-r32\/"},"modified":"2026-03-17T08:34:40","modified_gmt":"2026-03-17T07:34:40","slug":"versati-iii-split-r32","status":"publish","type":"product","link":"https:\/\/www.slovklima.sk\/hu\/produkt\/versati-iii-split-r32\/","title":{"rendered":"VERSATI III osztott R32"},"content":{"rendered":"<section class=\"wpb-content-wrapper\"><p>[vc_row][vc_column el_class=&#8221;table-style&#8221; woodmart_css_id=&#8221;65df070b1e2ce&#8221; parallax_scroll=&#8221;no&#8221; woodmart_sticky_column=&#8221;false&#8221; wd_collapsible_content_switcher=&#8221;no&#8221; wd_column_role_offcanvas_desktop=&#8221;no&#8221; wd_column_role_offcanvas_tablet=&#8221;no&#8221; wd_column_role_offcanvas_mobile=&#8221;no&#8221; wd_column_role_content_desktop=&#8221;no&#8221; wd_column_role_content_tablet=&#8221;no&#8221; wd_column_role_content_mobile=&#8221;no&#8221; mobile_bg_img_hidden=&#8221;no&#8221; tablet_bg_img_hidden=&#8221;no&#8221; woodmart_parallax=&#8221;0&#8243; woodmart_box_shadow=&#8221;no&#8221; responsive_spacing=&#8221;eyJwYXJhbV90eXBlIjoid29vZG1hcnRfcmVzcG9uc2l2ZV9zcGFjaW5nIiwic2VsZWN0b3JfaWQiOiI2NWRmMDcwYjFlMmNlIiwic2hvcnRjb2RlIjoidmNfY29sdW1uIiwiZGF0YSI6eyJ0YWJsZXQiOnt9LCJtb2JpbGUiOnt9fX0=&#8221; mobile_reset_margin=&#8221;no&#8221; tablet_reset_margin=&#8221;no&#8221; wd_z_index=&#8221;no&#8221;][vc_column_text woodmart_inline=&#8221;no&#8221; text_larger=&#8221;no&#8221;]<\/p>\n<table>\n<thead>\n<tr>\n<th>Modell <em>(belt\u00e9ri + k\u00fclt\u00e9ri egys\u00e9g)<\/em><\/th>\n<th style=\"text-align: center;\">Teljes\u00edtm\u00e9ny <em>kW<\/em><\/th>\n<th style=\"text-align: center;\">BxHxT <em>mm (belt\u00e9ri + k\u00fclt\u00e9ri egys\u00e9g)<\/em><\/th>\n<\/tr>\n<\/thead>\n<tbody>\n<tr>\n<td>GRS-CQ6.0Pd\/NhH-E(I), GRS-CQ6.0Pd\/NhH-E(O)<\/td>\n<td style=\"text-align: center;\">6,0\/ 5,8<\/td>\n<td style=\"text-align: center;\">460x860x318 \/ 975x702x396<\/td>\n<\/tr>\n<tr>\n<td>GRS-CQ8.0Pd\/NhH-E(I), GRS-CQ8.0Pd\/NhH-E(O)<\/td>\n<td style=\"text-align: center;\">8,0 \/ 7,0<\/td>\n<td style=\"text-align: center;\">460x860x318 \/ 982x787x395<\/td>\n<\/tr>\n<tr>\n<td>GRS-CQ8.0Pd\/NhH-M(I), GRS-CQ8.0Pd\/NhH-M(O)<\/td>\n<td style=\"text-align: center;\">8,0 \/ 7,0<\/td>\n<td style=\"text-align: center;\">460x860x318 \/ 982x787x395<\/td>\n<\/tr>\n<tr>\n<td>GRS-CQ10Pd\/NhH-E(I), GRS-CQ10Pd\/NhH-E(O)<\/td>\n<td style=\"text-align: center;\">9,5 \/ 8,5<\/td>\n<td style=\"text-align: center;\">460x860x318 \/ 982x787x395<\/td>\n<\/tr>\n<tr>\n<td>GRS-CQ10Pd\/NhH-M(I), GRS-CQ10Pd\/NhH-M(O)<\/td>\n<td style=\"text-align: center;\">10,0 \/ 10,0<\/td>\n<td style=\"text-align: center;\">460x860x318 \/ 982x787x395<\/td>\n<\/tr>\n<tr>\n<td>GRS-CQ12Pd\/NhH-M(I), GRS-CQ12Pd\/NhH-M(O)<\/td>\n<td style=\"text-align: center;\">12,0 \/ 11,0<\/td>\n<td style=\"text-align: center;\">460x860x318 \/ 940x820x460<\/td>\n<\/tr>\n<tr>\n<td>GRS-CQ14Pd\/NhH-M(I), GRS-CQ14Pd\/NhH-M(O)<\/td>\n<td style=\"text-align: center;\">14,0 \/ 12,6<\/td>\n<td style=\"text-align: center;\">460x860x318 \/ 940x820x460<\/td>\n<\/tr>\n<tr>\n<td>GRS-CQ16Pd\/NhH-M(I), GRS-CQ16Pd\/NhH-M(O)<\/td>\n<td style=\"text-align: center;\">15,5 \/ 13,0<\/td>\n<td style=\"text-align: center;\">460x860x318 \/ 940x820x460<\/td>\n<\/tr>\n<\/tbody>\n<\/table>\n<p>[\/vc_column_text][\/vc_column][\/vc_row]<\/p>\n<\/section>","protected":false},"excerpt":{"rendered":"<p>A Versati III split h\u0151szivatty\u00fa, amely 6, 8 \u00e9s 10 kW-os v\u00e1ltozatban kaphat\u00f3, rugalmas megold\u00e1st jelent padl\u00f3f\u0171t\u00e9s, radi\u00e1torok vagy fan-coilok f\u0171t\u00e9s\u00e9re. A be\u00e9p\u00edtett h\u00e1romutas szelepnek k\u00f6sz\u00f6nhet\u0151en eg\u00e9sz \u00e9vben melegv\u00edz-f\u0171t\u00e9si \u00fczemm\u00f3dban m\u0171k\u00f6dik, ny\u00e1ron pedig ak\u00e1r 7 \u00b0C-os h\u0171t\u00e9st is biztos\u00edt.<\/p>\n<p>A monoblokkos v\u00e1ltozathoz k\u00e9pest a split v\u00e1ltozat k\u00e9t r\u00e9szre van osztva: a h\u0171t\u0151k\u00f6zegk\u00f6r nagy r\u00e9sze a k\u00fclt\u00e9ri egys\u00e9gben, m\u00edg a hidrobox a belt\u00e9rben tal\u00e1lhat\u00f3. Ez az osztott v\u00e1ltozat ide\u00e1lis, ha a helyis\u00e9gben kev\u00e9s a hely, \u00e9s nincs sz\u00fcks\u00e9g melegv\u00edz-f\u0171t\u00e9sre. Ha puffertart\u00e1lyra vagy melegv\u00edztart\u00e1lyra van sz\u00fcks\u00e9g, azokat k\u00fcl\u00f6n kell felszerelni. Lehet\u0151s\u00e9g van melegv\u00edz-, padl\u00f3f\u0171t\u00e9s, fancoil egys\u00e9gek, v\u00edzt\u00e1rol\u00f3k, napelemek, g\u00e1zkaz\u00e1nok \u00e9s hasonl\u00f3k csatlakoztat\u00e1s\u00e1ra.<\/p>\n<p>A VERSATI III tartalmaz egy Wilo Invertor keringtet\u0151t, egy Alpha Laval PHE lemezcser\u00e9l\u0151t \u00e9s egy szabadalmaztatott GREE k\u00e9tfokozat\u00fa rot\u00e1ci\u00f3s kompresszort. Egy \u00faj kompresszor hozz\u00e1adott takar\u00e9koskod\u00f3val \u00e9s fokozatk\u00f6zi h\u0171t\u0151k\u00f6zeg-befecskendez\u00e9ssel megn\u00f6velt m\u0171k\u00f6d\u00e9si tartom\u00e1nyt \u00e9s nagyobb h\u0151\u00e1tad\u00e1st biztos\u00edt a p\u00e1rologtat\u00f3ban. Alacsony h\u0151m\u00e9rs\u00e9kleten, ak\u00e1r -25 \u00b0C-ig is hat\u00e9konyan m\u0171k\u00f6dik.<\/p>\n","protected":false},"featured_media":11996,"template":"","meta":[],"product_brand":[],"product_cat":[420,419],"product_tag":[],"class_list":{"0":"post-11994","1":"product","2":"type-product","3":"status-publish","4":"has-post-thumbnail","6":"product_cat-gree-versati-iii","7":"product_cat-hoszivattyuk","9":"first","10":"instock","11":"shipping-taxable","12":"product-type-simple"},"yoast_head":"<!-- This site is optimized with the Yoast SEO plugin v24.3 - https:\/\/yoast.com\/wordpress\/plugins\/seo\/ -->\n<title>VERSATI III osztott R32 | SLOVKLIMA DEIMOS group, s.r.o.<\/title>\n<meta name=\"robots\" content=\"index, follow, max-snippet:-1, max-image-preview:large, max-video-preview:-1\" \/>\n<link rel=\"canonical\" href=\"https:\/\/www.slovklima.sk\/hu\/produkt\/versati-iii-split-r32\/\" \/>\n<meta property=\"og:locale\" content=\"hu_HU\" \/>\n<meta property=\"og:type\" content=\"article\" \/>\n<meta property=\"og:title\" content=\"VERSATI III osztott R32 | SLOVKLIMA DEIMOS group, s.r.o.\" \/>\n<meta property=\"og:description\" content=\"A Versati III split h\u0151szivatty\u00fa, amely 6, 8 \u00e9s 10 kW-os v\u00e1ltozatban kaphat\u00f3, rugalmas megold\u00e1st jelent padl\u00f3f\u0171t\u00e9s, radi\u00e1torok vagy fan-coilok f\u0171t\u00e9s\u00e9re. A be\u00e9p\u00edtett h\u00e1romutas szelepnek k\u00f6sz\u00f6nhet\u0151en eg\u00e9sz \u00e9vben melegv\u00edz-f\u0171t\u00e9si \u00fczemm\u00f3dban m\u0171k\u00f6dik, ny\u00e1ron pedig ak\u00e1r 7 \u00b0C-os h\u0171t\u00e9st is biztos\u00edt.  A monoblokkos v\u00e1ltozathoz k\u00e9pest a split v\u00e1ltozat k\u00e9t r\u00e9szre van osztva: a h\u0171t\u0151k\u00f6zegk\u00f6r nagy r\u00e9sze a k\u00fclt\u00e9ri egys\u00e9gben, m\u00edg a hidrobox a belt\u00e9rben tal\u00e1lhat\u00f3. Ez az osztott v\u00e1ltozat ide\u00e1lis, ha a helyis\u00e9gben kev\u00e9s a hely, \u00e9s nincs sz\u00fcks\u00e9g melegv\u00edz-f\u0171t\u00e9sre. Ha puffertart\u00e1lyra vagy melegv\u00edztart\u00e1lyra van sz\u00fcks\u00e9g, azokat k\u00fcl\u00f6n kell felszerelni. Lehet\u0151s\u00e9g van melegv\u00edz-, padl\u00f3f\u0171t\u00e9s, fancoil egys\u00e9gek, v\u00edzt\u00e1rol\u00f3k, napelemek, g\u00e1zkaz\u00e1nok \u00e9s hasonl\u00f3k csatlakoztat\u00e1s\u00e1ra.  A VERSATI III tartalmaz egy Wilo Invertor keringtet\u0151t, egy Alpha Laval PHE lemezcser\u00e9l\u0151t \u00e9s egy szabadalmaztatott GREE k\u00e9tfokozat\u00fa rot\u00e1ci\u00f3s kompresszort. Egy \u00faj kompresszor hozz\u00e1adott takar\u00e9koskod\u00f3val \u00e9s fokozatk\u00f6zi h\u0171t\u0151k\u00f6zeg-befecskendez\u00e9ssel megn\u00f6velt m\u0171k\u00f6d\u00e9si tartom\u00e1nyt \u00e9s nagyobb h\u0151\u00e1tad\u00e1st biztos\u00edt a p\u00e1rologtat\u00f3ban. Alacsony h\u0151m\u00e9rs\u00e9kleten, ak\u00e1r -25 \u00b0C-ig is hat\u00e9konyan m\u0171k\u00f6dik.\" \/>\n<meta property=\"og:url\" content=\"https:\/\/www.slovklima.sk\/hu\/produkt\/versati-iii-split-r32\/\" \/>\n<meta property=\"og:site_name\" content=\"SLOVKLIMA DEIMOS group, s.r.o.\" \/>\n<meta property=\"article:modified_time\" content=\"2026-03-17T07:34:40+00:00\" \/>\n<meta property=\"og:image\" content=\"https:\/\/www.slovklima.sk\/wp-content\/uploads\/2024\/02\/toshiba-versati3-tepelne-o-split-cerpadlo.jpg\" \/>\n\t<meta property=\"og:image:width\" content=\"800\" \/>\n\t<meta property=\"og:image:height\" content=\"1000\" \/>\n\t<meta property=\"og:image:type\" content=\"image\/jpeg\" \/>\n<meta name=\"twitter:card\" content=\"summary_large_image\" \/>\n<meta name=\"twitter:label1\" content=\"Becs\u00fclt olvas\u00e1si id\u0151\" \/>\n\t<meta name=\"twitter:data1\" content=\"1 perc\" \/>\n<script type=\"application\/ld+json\" class=\"yoast-schema-graph\">{\"@context\":\"https:\/\/schema.org\",\"@graph\":[{\"@type\":\"WebPage\",\"@id\":\"https:\/\/www.slovklima.sk\/hu\/produkt\/versati-iii-split-r32\/\",\"url\":\"https:\/\/www.slovklima.sk\/hu\/produkt\/versati-iii-split-r32\/\",\"name\":\"VERSATI III osztott R32 | SLOVKLIMA DEIMOS group, s.r.o.\",\"isPartOf\":{\"@id\":\"https:\/\/www.slovklima.sk\/#website\"},\"primaryImageOfPage\":{\"@id\":\"https:\/\/www.slovklima.sk\/hu\/produkt\/versati-iii-split-r32\/#primaryimage\"},\"image\":{\"@id\":\"https:\/\/www.slovklima.sk\/hu\/produkt\/versati-iii-split-r32\/#primaryimage\"},\"thumbnailUrl\":\"https:\/\/www.slovklima.sk\/wp-content\/uploads\/2024\/02\/toshiba-versati3-tepelne-o-split-cerpadlo.jpg\",\"datePublished\":\"2024-02-28T10:12:02+00:00\",\"dateModified\":\"2026-03-17T07:34:40+00:00\",\"breadcrumb\":{\"@id\":\"https:\/\/www.slovklima.sk\/hu\/produkt\/versati-iii-split-r32\/#breadcrumb\"},\"inLanguage\":\"hu\",\"potentialAction\":[{\"@type\":\"ReadAction\",\"target\":[\"https:\/\/www.slovklima.sk\/hu\/produkt\/versati-iii-split-r32\/\"]}]},{\"@type\":\"ImageObject\",\"inLanguage\":\"hu\",\"@id\":\"https:\/\/www.slovklima.sk\/hu\/produkt\/versati-iii-split-r32\/#primaryimage\",\"url\":\"https:\/\/www.slovklima.sk\/wp-content\/uploads\/2024\/02\/toshiba-versati3-tepelne-o-split-cerpadlo.jpg\",\"contentUrl\":\"https:\/\/www.slovklima.sk\/wp-content\/uploads\/2024\/02\/toshiba-versati3-tepelne-o-split-cerpadlo.jpg\",\"width\":800,\"height\":1000},{\"@type\":\"BreadcrumbList\",\"@id\":\"https:\/\/www.slovklima.sk\/hu\/produkt\/versati-iii-split-r32\/#breadcrumb\",\"itemListElement\":[{\"@type\":\"ListItem\",\"position\":1,\"name\":\"Domovsk\u00e1 str\u00e1nka\",\"item\":\"https:\/\/www.slovklima.sk\/hu\/\"},{\"@type\":\"ListItem\",\"position\":2,\"name\":\"Term\u00e9kek\",\"item\":\"https:\/\/www.slovklima.sk\/termekek\/\"},{\"@type\":\"ListItem\",\"position\":3,\"name\":\"VERSATI III osztott R32\"}]},{\"@type\":\"WebSite\",\"@id\":\"https:\/\/www.slovklima.sk\/#website\",\"url\":\"https:\/\/www.slovklima.sk\/\",\"name\":\"SLOVKLIMA DEIMOS group, s.r.o.\",\"description\":\"\",\"publisher\":{\"@id\":\"https:\/\/www.slovklima.sk\/#organization\"},\"alternateName\":\"SLOVKLIMA\",\"potentialAction\":[{\"@type\":\"SearchAction\",\"target\":{\"@type\":\"EntryPoint\",\"urlTemplate\":\"https:\/\/www.slovklima.sk\/?s={search_term_string}\"},\"query-input\":{\"@type\":\"PropertyValueSpecification\",\"valueRequired\":true,\"valueName\":\"search_term_string\"}}],\"inLanguage\":\"hu\"},{\"@type\":\"Organization\",\"@id\":\"https:\/\/www.slovklima.sk\/#organization\",\"name\":\"SLOVKLIMA DEIMOS group, s.r.o.\",\"alternateName\":\"SLOVKLIMA\",\"url\":\"https:\/\/www.slovklima.sk\/\",\"logo\":{\"@type\":\"ImageObject\",\"inLanguage\":\"hu\",\"@id\":\"https:\/\/www.slovklima.sk\/#\/schema\/logo\/image\/\",\"url\":\"https:\/\/www.slovklima.sk\/wp-content\/uploads\/2022\/12\/slovklima-logo-black.svg\",\"contentUrl\":\"https:\/\/www.slovklima.sk\/wp-content\/uploads\/2022\/12\/slovklima-logo-black.svg\",\"width\":3218,\"height\":698,\"caption\":\"SLOVKLIMA DEIMOS group, s.r.o.\"},\"image\":{\"@id\":\"https:\/\/www.slovklima.sk\/#\/schema\/logo\/image\/\"}}]}<\/script>\n<!-- \/ Yoast SEO plugin. -->","yoast_head_json":{"title":"VERSATI III osztott R32 | SLOVKLIMA DEIMOS group, s.r.o.","robots":{"index":"index","follow":"follow","max-snippet":"max-snippet:-1","max-image-preview":"max-image-preview:large","max-video-preview":"max-video-preview:-1"},"canonical":"https:\/\/www.slovklima.sk\/hu\/produkt\/versati-iii-split-r32\/","og_locale":"hu_HU","og_type":"article","og_title":"VERSATI III osztott R32 | SLOVKLIMA DEIMOS group, s.r.o.","og_description":"A Versati III split h\u0151szivatty\u00fa, amely 6, 8 \u00e9s 10 kW-os v\u00e1ltozatban kaphat\u00f3, rugalmas megold\u00e1st jelent padl\u00f3f\u0171t\u00e9s, radi\u00e1torok vagy fan-coilok f\u0171t\u00e9s\u00e9re. A be\u00e9p\u00edtett h\u00e1romutas szelepnek k\u00f6sz\u00f6nhet\u0151en eg\u00e9sz \u00e9vben melegv\u00edz-f\u0171t\u00e9si \u00fczemm\u00f3dban m\u0171k\u00f6dik, ny\u00e1ron pedig ak\u00e1r 7 \u00b0C-os h\u0171t\u00e9st is biztos\u00edt.  A monoblokkos v\u00e1ltozathoz k\u00e9pest a split v\u00e1ltozat k\u00e9t r\u00e9szre van osztva: a h\u0171t\u0151k\u00f6zegk\u00f6r nagy r\u00e9sze a k\u00fclt\u00e9ri egys\u00e9gben, m\u00edg a hidrobox a belt\u00e9rben tal\u00e1lhat\u00f3. Ez az osztott v\u00e1ltozat ide\u00e1lis, ha a helyis\u00e9gben kev\u00e9s a hely, \u00e9s nincs sz\u00fcks\u00e9g melegv\u00edz-f\u0171t\u00e9sre. Ha puffertart\u00e1lyra vagy melegv\u00edztart\u00e1lyra van sz\u00fcks\u00e9g, azokat k\u00fcl\u00f6n kell felszerelni. Lehet\u0151s\u00e9g van melegv\u00edz-, padl\u00f3f\u0171t\u00e9s, fancoil egys\u00e9gek, v\u00edzt\u00e1rol\u00f3k, napelemek, g\u00e1zkaz\u00e1nok \u00e9s hasonl\u00f3k csatlakoztat\u00e1s\u00e1ra.  A VERSATI III tartalmaz egy Wilo Invertor keringtet\u0151t, egy Alpha Laval PHE lemezcser\u00e9l\u0151t \u00e9s egy szabadalmaztatott GREE k\u00e9tfokozat\u00fa rot\u00e1ci\u00f3s kompresszort. Egy \u00faj kompresszor hozz\u00e1adott takar\u00e9koskod\u00f3val \u00e9s fokozatk\u00f6zi h\u0171t\u0151k\u00f6zeg-befecskendez\u00e9ssel megn\u00f6velt m\u0171k\u00f6d\u00e9si tartom\u00e1nyt \u00e9s nagyobb h\u0151\u00e1tad\u00e1st biztos\u00edt a p\u00e1rologtat\u00f3ban. Alacsony h\u0151m\u00e9rs\u00e9kleten, ak\u00e1r -25 \u00b0C-ig is hat\u00e9konyan m\u0171k\u00f6dik.","og_url":"https:\/\/www.slovklima.sk\/hu\/produkt\/versati-iii-split-r32\/","og_site_name":"SLOVKLIMA DEIMOS group, s.r.o.","article_modified_time":"2026-03-17T07:34:40+00:00","og_image":[{"width":800,"height":1000,"url":"https:\/\/www.slovklima.sk\/wp-content\/uploads\/2024\/02\/toshiba-versati3-tepelne-o-split-cerpadlo.jpg","type":"image\/jpeg"}],"twitter_card":"summary_large_image","twitter_misc":{"Becs\u00fclt olvas\u00e1si id\u0151":"1 perc"},"schema":{"@context":"https:\/\/schema.org","@graph":[{"@type":"WebPage","@id":"https:\/\/www.slovklima.sk\/hu\/produkt\/versati-iii-split-r32\/","url":"https:\/\/www.slovklima.sk\/hu\/produkt\/versati-iii-split-r32\/","name":"VERSATI III osztott R32 | SLOVKLIMA DEIMOS group, s.r.o.","isPartOf":{"@id":"https:\/\/www.slovklima.sk\/#website"},"primaryImageOfPage":{"@id":"https:\/\/www.slovklima.sk\/hu\/produkt\/versati-iii-split-r32\/#primaryimage"},"image":{"@id":"https:\/\/www.slovklima.sk\/hu\/produkt\/versati-iii-split-r32\/#primaryimage"},"thumbnailUrl":"https:\/\/www.slovklima.sk\/wp-content\/uploads\/2024\/02\/toshiba-versati3-tepelne-o-split-cerpadlo.jpg","datePublished":"2024-02-28T10:12:02+00:00","dateModified":"2026-03-17T07:34:40+00:00","breadcrumb":{"@id":"https:\/\/www.slovklima.sk\/hu\/produkt\/versati-iii-split-r32\/#breadcrumb"},"inLanguage":"hu","potentialAction":[{"@type":"ReadAction","target":["https:\/\/www.slovklima.sk\/hu\/produkt\/versati-iii-split-r32\/"]}]},{"@type":"ImageObject","inLanguage":"hu","@id":"https:\/\/www.slovklima.sk\/hu\/produkt\/versati-iii-split-r32\/#primaryimage","url":"https:\/\/www.slovklima.sk\/wp-content\/uploads\/2024\/02\/toshiba-versati3-tepelne-o-split-cerpadlo.jpg","contentUrl":"https:\/\/www.slovklima.sk\/wp-content\/uploads\/2024\/02\/toshiba-versati3-tepelne-o-split-cerpadlo.jpg","width":800,"height":1000},{"@type":"BreadcrumbList","@id":"https:\/\/www.slovklima.sk\/hu\/produkt\/versati-iii-split-r32\/#breadcrumb","itemListElement":[{"@type":"ListItem","position":1,"name":"Domovsk\u00e1 str\u00e1nka","item":"https:\/\/www.slovklima.sk\/hu\/"},{"@type":"ListItem","position":2,"name":"Term\u00e9kek","item":"https:\/\/www.slovklima.sk\/termekek\/"},{"@type":"ListItem","position":3,"name":"VERSATI III osztott R32"}]},{"@type":"WebSite","@id":"https:\/\/www.slovklima.sk\/#website","url":"https:\/\/www.slovklima.sk\/","name":"SLOVKLIMA DEIMOS group, s.r.o.","description":"","publisher":{"@id":"https:\/\/www.slovklima.sk\/#organization"},"alternateName":"SLOVKLIMA","potentialAction":[{"@type":"SearchAction","target":{"@type":"EntryPoint","urlTemplate":"https:\/\/www.slovklima.sk\/?s={search_term_string}"},"query-input":{"@type":"PropertyValueSpecification","valueRequired":true,"valueName":"search_term_string"}}],"inLanguage":"hu"},{"@type":"Organization","@id":"https:\/\/www.slovklima.sk\/#organization","name":"SLOVKLIMA DEIMOS group, s.r.o.","alternateName":"SLOVKLIMA","url":"https:\/\/www.slovklima.sk\/","logo":{"@type":"ImageObject","inLanguage":"hu","@id":"https:\/\/www.slovklima.sk\/#\/schema\/logo\/image\/","url":"https:\/\/www.slovklima.sk\/wp-content\/uploads\/2022\/12\/slovklima-logo-black.svg","contentUrl":"https:\/\/www.slovklima.sk\/wp-content\/uploads\/2022\/12\/slovklima-logo-black.svg","width":3218,"height":698,"caption":"SLOVKLIMA DEIMOS group, s.r.o."},"image":{"@id":"https:\/\/www.slovklima.sk\/#\/schema\/logo\/image\/"}}]}},"_links":{"self":[{"href":"https:\/\/www.slovklima.sk\/hu\/wp-json\/wp\/v2\/product\/11994","targetHints":{"allow":["GET"]}}],"collection":[{"href":"https:\/\/www.slovklima.sk\/hu\/wp-json\/wp\/v2\/product"}],"about":[{"href":"https:\/\/www.slovklima.sk\/hu\/wp-json\/wp\/v2\/types\/product"}],"wp:featuredmedia":[{"embeddable":true,"href":"https:\/\/www.slovklima.sk\/hu\/wp-json\/wp\/v2\/media\/11996"}],"wp:attachment":[{"href":"https:\/\/www.slovklima.sk\/hu\/wp-json\/wp\/v2\/media?parent=11994"}],"wp:term":[{"taxonomy":"product_brand","embeddable":true,"href":"https:\/\/www.slovklima.sk\/hu\/wp-json\/wp\/v2\/product_brand?post=11994"},{"taxonomy":"product_cat","embeddable":true,"href":"https:\/\/www.slovklima.sk\/hu\/wp-json\/wp\/v2\/product_cat?post=11994"},{"taxonomy":"product_tag","embeddable":true,"href":"https:\/\/www.slovklima.sk\/hu\/wp-json\/wp\/v2\/product_tag?post=11994"}],"curies":[{"name":"wp","href":"https:\/\/api.w.org\/{rel}","templated":true}]}}