{"id":11991,"date":"2023-10-10T22:53:23","date_gmt":"2023-10-10T20:53:23","guid":{"rendered":"https:\/\/www.slovklima.sk\/produkt\/gree-console-split-r32\/"},"modified":"2026-03-17T08:36:10","modified_gmt":"2026-03-17T07:36:10","slug":"gree-console-split-r32","status":"publish","type":"product","link":"https:\/\/www.slovklima.sk\/hu\/produkt\/gree-console-split-r32\/","title":{"rendered":"GREE CONSOLE osztott R32"},"content":{"rendered":"<section class=\"wpb-content-wrapper\"><p>[vc_row][vc_column el_class=&#8221;table-style&#8221; woodmart_css_id=&#8221;6525ba4ec58a7&#8243; parallax_scroll=&#8221;no&#8221; woodmart_sticky_column=&#8221;false&#8221; wd_collapsible_content_switcher=&#8221;no&#8221; wd_column_role_offcanvas_desktop=&#8221;no&#8221; wd_column_role_offcanvas_tablet=&#8221;no&#8221; wd_column_role_offcanvas_mobile=&#8221;no&#8221; wd_column_role_content_desktop=&#8221;no&#8221; wd_column_role_content_tablet=&#8221;no&#8221; wd_column_role_content_mobile=&#8221;no&#8221; mobile_bg_img_hidden=&#8221;no&#8221; tablet_bg_img_hidden=&#8221;no&#8221; woodmart_parallax=&#8221;0&#8243; woodmart_box_shadow=&#8221;no&#8221; responsive_spacing=&#8221;eyJwYXJhbV90eXBlIjoid29vZG1hcnRfcmVzcG9uc2l2ZV9zcGFjaW5nIiwic2VsZWN0b3JfaWQiOiI2NTI1YmE0ZWM1OGE3Iiwic2hvcnRjb2RlIjoidmNfY29sdW1uIiwiZGF0YSI6eyJ0YWJsZXQiOnt9LCJtb2JpbGUiOnt9fX0=&#8221; mobile_reset_margin=&#8221;no&#8221; tablet_reset_margin=&#8221;no&#8221; wd_z_index=&#8221;no&#8221;][vc_column_text woodmart_inline=&#8221;no&#8221; text_larger=&#8221;no&#8221;]<\/p>\n<table>\n<thead>\n<tr>\n<th style=\"text-align: left;\">Modell <em>(belt\u00e9ri + k\u00fclt\u00e9ri egys\u00e9g)<\/em><\/th>\n<th style=\"text-align: center;\">Teljes\u00edtm\u00e9ny <em>kW<\/em><\/th>\n<th style=\"text-align: center;\">Energiaoszt\u00e1ly &#8211; h\u0171t\u00e9s\/f\u0171t\u00e9s<\/th>\n<th style=\"text-align: center;\">Szezon\u00e1lis hat\u00e9konys\u00e1g &#8211; SEER\/SCOP<\/th>\n<th style=\"text-align: center;\">BxHxT <em>mm (belt\u00e9ri + k\u00fclt\u00e9ri egys\u00e9g)<\/em><\/th>\n<\/tr>\n<\/thead>\n<tbody>\n<tr>\n<td>GEH09AA-K6DNA1F\/I+O<\/td>\n<td style=\"text-align: center;\">2,7 \/ 2,8<\/td>\n<td style=\"text-align: center;\">A++ \/ A+<\/td>\n<td style=\"text-align: center;\">6,8 \/ 4,1<\/td>\n<td style=\"text-align: center;\">700x600x215 \/ 782x540x320<\/td>\n<\/tr>\n<tr>\n<td>GEH12AA-K6DNA1A\/I+O<\/td>\n<td style=\"text-align: center;\">3,5 \/ 3,7<\/td>\n<td style=\"text-align: center;\">A++ \/ A+<\/td>\n<td style=\"text-align: center;\">7,0 \/ 4,0<\/td>\n<td style=\"text-align: center;\">700x600x215 \/ 848x596x320<\/td>\n<\/tr>\n<tr>\n<td>GEH18AA-K6DNA1E\/I+O<\/td>\n<td style=\"text-align: center;\">5,2 \/ 5,3<\/td>\n<td style=\"text-align: center;\">A++ \/ A+<\/td>\n<td style=\"text-align: center;\">7,0 \/ 4,0<\/td>\n<td style=\"text-align: center;\">700x600x215 \/ 965x700x396<\/td>\n<\/tr>\n<\/tbody>\n<\/table>\n<p>[\/vc_column_text][\/vc_column][\/vc_row]<\/p>\n<\/section>","protected":false},"excerpt":{"rendered":"<p><strong>P\u00c1RK\u00c1NY EGYS\u00c9G PADL\u00c1SRA MEGOLD\u00c1S<\/strong><\/p>\n<p>Kialak\u00edt\u00e1s\u00e1nak k\u00f6sz\u00f6nhet\u0151en a parapet egys\u00e9g nagyon hat\u00e9kony f\u0171t\u00e9si \u00e9s h\u0171t\u00e9si forr\u00e1s. F\u0171t\u00e9si \u00fczemm\u00f3dban meleg leveg\u0151t f\u00faj a padl\u00f3ra, h\u0171t\u00e9si \u00fczemm\u00f3dban pedig meleg leveg\u0151t f\u00faj a mennyezetre, \u00edgy biztos\u00edtva a maxim\u00e1lis h\u0151komfortot a lak\u00e1sban vagy az irod\u00e1ban.<\/p>\n<ul>\n<li>Be\u00e9p\u00edtett Wifi egys\u00e9g<\/li>\n<li>Fejlett DC inverter technol\u00f3gia<\/li>\n<li>Nagyon csendes m\u0171k\u00f6d\u00e9s<\/li>\n<li>Funkci\u00f3 8 \u00b0C (f\u0171t\u00e9skor)<\/li>\n<li>Infrav\u00f6r\u00f6s vez\u00e9rl\u0151 tartoz\u00e9k<\/li>\n<li>M\u0171k\u00f6d\u00e9si h\u0151m\u00e9rs\u00e9klet -15 \u00e9s +43\u00b0C k\u00f6z\u00f6tt h\u0171t\u00e9s eset\u00e9n \/ -22 \u00e9s +24\u00b0C k\u00f6z\u00f6tt f\u0171t\u00e9s eset\u00e9n<\/li>\n<li>Ide\u00e1lis megold\u00e1s tet\u0151t\u00e9ri szob\u00e1khoz<\/li>\n<\/ul>\n<div class=\"product-icons\"><img decoding=\"async\" class=\"alignnone size-full wp-image-8439\" title=\"Automatikus diagnosztika\" src=\"https:\/\/www.slovklima.sk\/wp-content\/uploads\/2024\/03\/autodiagnostika.jpg\" alt=\"\" width=\"151\" height=\"151\"><img decoding=\"async\" class=\"alignnone size-full wp-image-7888\" title=\"Id\u0151z\u00edt\u0151\" src=\"https:\/\/www.slovklima.sk\/wp-content\/uploads\/2023\/10\/24h_casovac.png\" alt=\"Id\u0151z\u00edt\u0151\" width=\"151\" height=\"151\"><img decoding=\"async\" class=\"alignnone size-full wp-image-8994\" title=\"K\u00e9nyelmes alv\u00f3 \u00fczemm\u00f3d\" src=\"https:\/\/www.slovklima.sk\/wp-content\/uploads\/2023\/09\/icon-komfortny-spanok.jpg\" alt=\"\" width=\"151\" height=\"151\"><img decoding=\"async\" class=\"alignnone size-full wp-image-8428\" title=\"Intelligens leolvaszt\u00e1s\" src=\"https:\/\/www.slovklima.sk\/wp-content\/uploads\/2024\/03\/inteligentne-odmrazovanie.jpg\" alt=\"intelligens leolvaszt\u00e1s\" width=\"151\" height=\"151\"><img decoding=\"async\" class=\"alignnone size-full wp-image-7893\" title=\"Ifeel\" src=\"https:\/\/www.slovklima.sk\/wp-content\/uploads\/2023\/10\/I-Feel.png\" alt=\"\" width=\"151\" height=\"151\"><img decoding=\"async\" class=\"alignnone size-full wp-image-8997\" title=\"F\u0171t\u00e9s 8\u00b0C\" src=\"https:\/\/www.slovklima.sk\/wp-content\/uploads\/2023\/09\/icon-vyhrievanie-8c.jpg\" alt=\"\" width=\"151\" height=\"151\"><img decoding=\"async\" class=\"alignnone size-full wp-image-7890\" title=\"Ion gener\u00e1tor\" src=\"https:\/\/www.slovklima.sk\/wp-content\/uploads\/2023\/10\/Cold_generator.png\" alt=\"\" width=\"151\" height=\"151\"><img decoding=\"async\" class=\"alignnone size-medium wp-image-8947\" title=\"Wifi vez\u00e9rl\u00e9s\" src=\"https:\/\/www.slovklima.sk\/wp-content\/uploads\/2024\/04\/icon-wifi-ovladanie-300x300.jpg\" alt=\"\" width=\"300\" height=\"300\" srcset=\"https:\/\/www.slovklima.sk\/wp-content\/uploads\/2024\/04\/icon-wifi-ovladanie-300x300.jpg 300w, https:\/\/www.slovklima.sk\/wp-content\/uploads\/2024\/04\/icon-wifi-ovladanie-150x150.jpg 150w, https:\/\/www.slovklima.sk\/wp-content\/uploads\/2024\/04\/icon-wifi-ovladanie.jpg 328w\" sizes=\"(max-width: 300px) 100vw, 300px\" \/><img decoding=\"async\" class=\"alignnone size-full wp-image-8425\" title=\"Turbo gomb\" src=\"https:\/\/www.slovklima.sk\/wp-content\/uploads\/2024\/03\/tlacidlo-turbo.jpg\" alt=\"\" width=\"151\" height=\"151\"><img decoding=\"async\" class=\"alignnone size-full wp-image-8998\" title=\"F\u0171t\u00e9s -22\u00b0C\" src=\"https:\/\/www.slovklima.sk\/wp-content\/uploads\/2023\/09\/icon-vyhrievanie-minus22c.jpg\" alt=\"\" width=\"151\" height=\"151\"><\/div>\n","protected":false},"featured_media":11992,"template":"","meta":[],"product_brand":[],"product_cat":[363,357,353,360],"product_tag":[],"class_list":{"0":"post-11991","1":"product","2":"type-product","3":"status-publish","4":"has-post-thumbnail","6":"product_cat-gree-hu-2","7":"product_cat-lakossagi-egysegek","8":"product_cat-legkondicionalas","9":"product_cat-single-split-hu","11":"first","12":"instock","13":"shipping-taxable","14":"product-type-simple"},"yoast_head":"<!-- This site is optimized with the Yoast SEO plugin v24.3 - https:\/\/yoast.com\/wordpress\/plugins\/seo\/ -->\n<title>GREE CONSOLE osztott R32 | SLOVKLIMA DEIMOS group, s.r.o.<\/title>\n<meta name=\"robots\" content=\"index, follow, max-snippet:-1, max-image-preview:large, max-video-preview:-1\" \/>\n<link rel=\"canonical\" href=\"https:\/\/www.slovklima.sk\/hu\/produkt\/gree-console-split-r32\/\" \/>\n<meta property=\"og:locale\" content=\"hu_HU\" \/>\n<meta property=\"og:type\" content=\"article\" \/>\n<meta property=\"og:title\" content=\"GREE CONSOLE osztott R32 | SLOVKLIMA DEIMOS group, s.r.o.\" \/>\n<meta property=\"og:description\" content=\"P\u00c1RK\u00c1NY EGYS\u00c9G PADL\u00c1SRA MEGOLD\u00c1S  Kialak\u00edt\u00e1s\u00e1nak k\u00f6sz\u00f6nhet\u0151en a parapet egys\u00e9g nagyon hat\u00e9kony f\u0171t\u00e9si \u00e9s h\u0171t\u00e9si forr\u00e1s. F\u0171t\u00e9si \u00fczemm\u00f3dban meleg leveg\u0151t f\u00faj a padl\u00f3ra, h\u0171t\u00e9si \u00fczemm\u00f3dban pedig meleg leveg\u0151t f\u00faj a mennyezetre, \u00edgy biztos\u00edtva a maxim\u00e1lis h\u0151komfortot a lak\u00e1sban vagy az irod\u00e1ban.   Be\u00e9p\u00edtett Wifi egys\u00e9g  Fejlett DC inverter technol\u00f3gia  Nagyon csendes m\u0171k\u00f6d\u00e9s  Funkci\u00f3 8 \u00b0C (f\u0171t\u00e9skor)  Infrav\u00f6r\u00f6s vez\u00e9rl\u0151 tartoz\u00e9k  M\u0171k\u00f6d\u00e9si h\u0151m\u00e9rs\u00e9klet -15 \u00e9s +43\u00b0C k\u00f6z\u00f6tt h\u0171t\u00e9s eset\u00e9n \/ -22 \u00e9s +24\u00b0C k\u00f6z\u00f6tt f\u0171t\u00e9s eset\u00e9n  Ide\u00e1lis megold\u00e1s tet\u0151t\u00e9ri szob\u00e1khoz\" \/>\n<meta property=\"og:url\" content=\"https:\/\/www.slovklima.sk\/hu\/produkt\/gree-console-split-r32\/\" \/>\n<meta property=\"og:site_name\" content=\"SLOVKLIMA DEIMOS group, s.r.o.\" \/>\n<meta property=\"article:modified_time\" content=\"2026-03-17T07:36:10+00:00\" \/>\n<meta property=\"og:image\" content=\"https:\/\/www.slovklima.sk\/wp-content\/uploads\/2023\/10\/konsole.jpg\" \/>\n\t<meta property=\"og:image:width\" content=\"800\" \/>\n\t<meta property=\"og:image:height\" content=\"1000\" \/>\n\t<meta property=\"og:image:type\" content=\"image\/jpeg\" \/>\n<meta name=\"twitter:card\" content=\"summary_large_image\" \/>\n<meta name=\"twitter:label1\" content=\"Becs\u00fclt olvas\u00e1si id\u0151\" \/>\n\t<meta name=\"twitter:data1\" content=\"1 perc\" \/>\n<script type=\"application\/ld+json\" class=\"yoast-schema-graph\">{\"@context\":\"https:\/\/schema.org\",\"@graph\":[{\"@type\":\"WebPage\",\"@id\":\"https:\/\/www.slovklima.sk\/hu\/produkt\/gree-console-split-r32\/\",\"url\":\"https:\/\/www.slovklima.sk\/hu\/produkt\/gree-console-split-r32\/\",\"name\":\"GREE CONSOLE osztott R32 | SLOVKLIMA DEIMOS group, s.r.o.\",\"isPartOf\":{\"@id\":\"https:\/\/www.slovklima.sk\/#website\"},\"primaryImageOfPage\":{\"@id\":\"https:\/\/www.slovklima.sk\/hu\/produkt\/gree-console-split-r32\/#primaryimage\"},\"image\":{\"@id\":\"https:\/\/www.slovklima.sk\/hu\/produkt\/gree-console-split-r32\/#primaryimage\"},\"thumbnailUrl\":\"https:\/\/www.slovklima.sk\/wp-content\/uploads\/2023\/10\/konsole.jpg\",\"datePublished\":\"2023-10-10T20:53:23+00:00\",\"dateModified\":\"2026-03-17T07:36:10+00:00\",\"breadcrumb\":{\"@id\":\"https:\/\/www.slovklima.sk\/hu\/produkt\/gree-console-split-r32\/#breadcrumb\"},\"inLanguage\":\"hu\",\"potentialAction\":[{\"@type\":\"ReadAction\",\"target\":[\"https:\/\/www.slovklima.sk\/hu\/produkt\/gree-console-split-r32\/\"]}]},{\"@type\":\"ImageObject\",\"inLanguage\":\"hu\",\"@id\":\"https:\/\/www.slovklima.sk\/hu\/produkt\/gree-console-split-r32\/#primaryimage\",\"url\":\"https:\/\/www.slovklima.sk\/wp-content\/uploads\/2023\/10\/konsole.jpg\",\"contentUrl\":\"https:\/\/www.slovklima.sk\/wp-content\/uploads\/2023\/10\/konsole.jpg\",\"width\":800,\"height\":1000,\"caption\":\"GREE Parapet belt\u00e9ri egys\u00e9g R32\"},{\"@type\":\"BreadcrumbList\",\"@id\":\"https:\/\/www.slovklima.sk\/hu\/produkt\/gree-console-split-r32\/#breadcrumb\",\"itemListElement\":[{\"@type\":\"ListItem\",\"position\":1,\"name\":\"Domovsk\u00e1 str\u00e1nka\",\"item\":\"https:\/\/www.slovklima.sk\/hu\/\"},{\"@type\":\"ListItem\",\"position\":2,\"name\":\"Term\u00e9kek\",\"item\":\"https:\/\/www.slovklima.sk\/termekek\/\"},{\"@type\":\"ListItem\",\"position\":3,\"name\":\"GREE CONSOLE osztott R32\"}]},{\"@type\":\"WebSite\",\"@id\":\"https:\/\/www.slovklima.sk\/#website\",\"url\":\"https:\/\/www.slovklima.sk\/\",\"name\":\"SLOVKLIMA DEIMOS group, s.r.o.\",\"description\":\"\",\"publisher\":{\"@id\":\"https:\/\/www.slovklima.sk\/#organization\"},\"alternateName\":\"SLOVKLIMA\",\"potentialAction\":[{\"@type\":\"SearchAction\",\"target\":{\"@type\":\"EntryPoint\",\"urlTemplate\":\"https:\/\/www.slovklima.sk\/?s={search_term_string}\"},\"query-input\":{\"@type\":\"PropertyValueSpecification\",\"valueRequired\":true,\"valueName\":\"search_term_string\"}}],\"inLanguage\":\"hu\"},{\"@type\":\"Organization\",\"@id\":\"https:\/\/www.slovklima.sk\/#organization\",\"name\":\"SLOVKLIMA DEIMOS group, s.r.o.\",\"alternateName\":\"SLOVKLIMA\",\"url\":\"https:\/\/www.slovklima.sk\/\",\"logo\":{\"@type\":\"ImageObject\",\"inLanguage\":\"hu\",\"@id\":\"https:\/\/www.slovklima.sk\/#\/schema\/logo\/image\/\",\"url\":\"https:\/\/www.slovklima.sk\/wp-content\/uploads\/2022\/12\/slovklima-logo-black.svg\",\"contentUrl\":\"https:\/\/www.slovklima.sk\/wp-content\/uploads\/2022\/12\/slovklima-logo-black.svg\",\"width\":3218,\"height\":698,\"caption\":\"SLOVKLIMA DEIMOS group, s.r.o.\"},\"image\":{\"@id\":\"https:\/\/www.slovklima.sk\/#\/schema\/logo\/image\/\"}}]}<\/script>\n<!-- \/ Yoast SEO plugin. -->","yoast_head_json":{"title":"GREE CONSOLE osztott R32 | SLOVKLIMA DEIMOS group, s.r.o.","robots":{"index":"index","follow":"follow","max-snippet":"max-snippet:-1","max-image-preview":"max-image-preview:large","max-video-preview":"max-video-preview:-1"},"canonical":"https:\/\/www.slovklima.sk\/hu\/produkt\/gree-console-split-r32\/","og_locale":"hu_HU","og_type":"article","og_title":"GREE CONSOLE osztott R32 | SLOVKLIMA DEIMOS group, s.r.o.","og_description":"P\u00c1RK\u00c1NY EGYS\u00c9G PADL\u00c1SRA MEGOLD\u00c1S  Kialak\u00edt\u00e1s\u00e1nak k\u00f6sz\u00f6nhet\u0151en a parapet egys\u00e9g nagyon hat\u00e9kony f\u0171t\u00e9si \u00e9s h\u0171t\u00e9si forr\u00e1s. F\u0171t\u00e9si \u00fczemm\u00f3dban meleg leveg\u0151t f\u00faj a padl\u00f3ra, h\u0171t\u00e9si \u00fczemm\u00f3dban pedig meleg leveg\u0151t f\u00faj a mennyezetre, \u00edgy biztos\u00edtva a maxim\u00e1lis h\u0151komfortot a lak\u00e1sban vagy az irod\u00e1ban.   Be\u00e9p\u00edtett Wifi egys\u00e9g  Fejlett DC inverter technol\u00f3gia  Nagyon csendes m\u0171k\u00f6d\u00e9s  Funkci\u00f3 8 \u00b0C (f\u0171t\u00e9skor)  Infrav\u00f6r\u00f6s vez\u00e9rl\u0151 tartoz\u00e9k  M\u0171k\u00f6d\u00e9si h\u0151m\u00e9rs\u00e9klet -15 \u00e9s +43\u00b0C k\u00f6z\u00f6tt h\u0171t\u00e9s eset\u00e9n \/ -22 \u00e9s +24\u00b0C k\u00f6z\u00f6tt f\u0171t\u00e9s eset\u00e9n  Ide\u00e1lis megold\u00e1s tet\u0151t\u00e9ri szob\u00e1khoz","og_url":"https:\/\/www.slovklima.sk\/hu\/produkt\/gree-console-split-r32\/","og_site_name":"SLOVKLIMA DEIMOS group, s.r.o.","article_modified_time":"2026-03-17T07:36:10+00:00","og_image":[{"width":800,"height":1000,"url":"https:\/\/www.slovklima.sk\/wp-content\/uploads\/2023\/10\/konsole.jpg","type":"image\/jpeg"}],"twitter_card":"summary_large_image","twitter_misc":{"Becs\u00fclt olvas\u00e1si id\u0151":"1 perc"},"schema":{"@context":"https:\/\/schema.org","@graph":[{"@type":"WebPage","@id":"https:\/\/www.slovklima.sk\/hu\/produkt\/gree-console-split-r32\/","url":"https:\/\/www.slovklima.sk\/hu\/produkt\/gree-console-split-r32\/","name":"GREE CONSOLE osztott R32 | SLOVKLIMA DEIMOS group, s.r.o.","isPartOf":{"@id":"https:\/\/www.slovklima.sk\/#website"},"primaryImageOfPage":{"@id":"https:\/\/www.slovklima.sk\/hu\/produkt\/gree-console-split-r32\/#primaryimage"},"image":{"@id":"https:\/\/www.slovklima.sk\/hu\/produkt\/gree-console-split-r32\/#primaryimage"},"thumbnailUrl":"https:\/\/www.slovklima.sk\/wp-content\/uploads\/2023\/10\/konsole.jpg","datePublished":"2023-10-10T20:53:23+00:00","dateModified":"2026-03-17T07:36:10+00:00","breadcrumb":{"@id":"https:\/\/www.slovklima.sk\/hu\/produkt\/gree-console-split-r32\/#breadcrumb"},"inLanguage":"hu","potentialAction":[{"@type":"ReadAction","target":["https:\/\/www.slovklima.sk\/hu\/produkt\/gree-console-split-r32\/"]}]},{"@type":"ImageObject","inLanguage":"hu","@id":"https:\/\/www.slovklima.sk\/hu\/produkt\/gree-console-split-r32\/#primaryimage","url":"https:\/\/www.slovklima.sk\/wp-content\/uploads\/2023\/10\/konsole.jpg","contentUrl":"https:\/\/www.slovklima.sk\/wp-content\/uploads\/2023\/10\/konsole.jpg","width":800,"height":1000,"caption":"GREE Parapet belt\u00e9ri egys\u00e9g R32"},{"@type":"BreadcrumbList","@id":"https:\/\/www.slovklima.sk\/hu\/produkt\/gree-console-split-r32\/#breadcrumb","itemListElement":[{"@type":"ListItem","position":1,"name":"Domovsk\u00e1 str\u00e1nka","item":"https:\/\/www.slovklima.sk\/hu\/"},{"@type":"ListItem","position":2,"name":"Term\u00e9kek","item":"https:\/\/www.slovklima.sk\/termekek\/"},{"@type":"ListItem","position":3,"name":"GREE CONSOLE osztott R32"}]},{"@type":"WebSite","@id":"https:\/\/www.slovklima.sk\/#website","url":"https:\/\/www.slovklima.sk\/","name":"SLOVKLIMA DEIMOS group, s.r.o.","description":"","publisher":{"@id":"https:\/\/www.slovklima.sk\/#organization"},"alternateName":"SLOVKLIMA","potentialAction":[{"@type":"SearchAction","target":{"@type":"EntryPoint","urlTemplate":"https:\/\/www.slovklima.sk\/?s={search_term_string}"},"query-input":{"@type":"PropertyValueSpecification","valueRequired":true,"valueName":"search_term_string"}}],"inLanguage":"hu"},{"@type":"Organization","@id":"https:\/\/www.slovklima.sk\/#organization","name":"SLOVKLIMA DEIMOS group, s.r.o.","alternateName":"SLOVKLIMA","url":"https:\/\/www.slovklima.sk\/","logo":{"@type":"ImageObject","inLanguage":"hu","@id":"https:\/\/www.slovklima.sk\/#\/schema\/logo\/image\/","url":"https:\/\/www.slovklima.sk\/wp-content\/uploads\/2022\/12\/slovklima-logo-black.svg","contentUrl":"https:\/\/www.slovklima.sk\/wp-content\/uploads\/2022\/12\/slovklima-logo-black.svg","width":3218,"height":698,"caption":"SLOVKLIMA DEIMOS group, s.r.o."},"image":{"@id":"https:\/\/www.slovklima.sk\/#\/schema\/logo\/image\/"}}]}},"_links":{"self":[{"href":"https:\/\/www.slovklima.sk\/hu\/wp-json\/wp\/v2\/product\/11991","targetHints":{"allow":["GET"]}}],"collection":[{"href":"https:\/\/www.slovklima.sk\/hu\/wp-json\/wp\/v2\/product"}],"about":[{"href":"https:\/\/www.slovklima.sk\/hu\/wp-json\/wp\/v2\/types\/product"}],"wp:featuredmedia":[{"embeddable":true,"href":"https:\/\/www.slovklima.sk\/hu\/wp-json\/wp\/v2\/media\/11992"}],"wp:attachment":[{"href":"https:\/\/www.slovklima.sk\/hu\/wp-json\/wp\/v2\/media?parent=11991"}],"wp:term":[{"taxonomy":"product_brand","embeddable":true,"href":"https:\/\/www.slovklima.sk\/hu\/wp-json\/wp\/v2\/product_brand?post=11991"},{"taxonomy":"product_cat","embeddable":true,"href":"https:\/\/www.slovklima.sk\/hu\/wp-json\/wp\/v2\/product_cat?post=11991"},{"taxonomy":"product_tag","embeddable":true,"href":"https:\/\/www.slovklima.sk\/hu\/wp-json\/wp\/v2\/product_tag?post=11991"}],"curies":[{"name":"wp","href":"https:\/\/api.w.org\/{rel}","templated":true}]}}