{"id":11975,"date":"2024-02-23T17:10:59","date_gmt":"2024-02-23T16:10:59","guid":{"rendered":"https:\/\/www.slovklima.sk\/produkt\/gree-kazettas-fancoil\/"},"modified":"2024-06-07T10:48:40","modified_gmt":"2024-06-07T08:48:40","slug":"gree-kazettas-fancoil","status":"publish","type":"product","link":"https:\/\/www.slovklima.sk\/hu\/produkt\/gree-kazettas-fancoil\/","title":{"rendered":"GREE kazett\u00e1s Fancoil"},"content":{"rendered":"<section class=\"wpb-content-wrapper\"><p>[vc_row][vc_column el_class=&#8221;table-style&#8221; woodmart_css_id=&#8221;65d8cc2127deb&#8221; parallax_scroll=&#8221;no&#8221; woodmart_sticky_column=&#8221;false&#8221; wd_collapsible_content_switcher=&#8221;no&#8221; wd_column_role_offcanvas_desktop=&#8221;no&#8221; wd_column_role_offcanvas_tablet=&#8221;no&#8221; wd_column_role_offcanvas_mobile=&#8221;no&#8221; wd_column_role_content_desktop=&#8221;no&#8221; wd_column_role_content_tablet=&#8221;no&#8221; wd_column_role_content_mobile=&#8221;no&#8221; mobile_bg_img_hidden=&#8221;no&#8221; tablet_bg_img_hidden=&#8221;no&#8221; woodmart_parallax=&#8221;0&#8243; woodmart_box_shadow=&#8221;no&#8221; responsive_spacing=&#8221;eyJwYXJhbV90eXBlIjoid29vZG1hcnRfcmVzcG9uc2l2ZV9zcGFjaW5nIiwic2VsZWN0b3JfaWQiOiI2NWQ4Y2MyMTI3ZGViIiwic2hvcnRjb2RlIjoidmNfY29sdW1uIiwiZGF0YSI6eyJ0YWJsZXQiOnt9LCJtb2JpbGUiOnt9fX0=&#8221; mobile_reset_margin=&#8221;no&#8221; tablet_reset_margin=&#8221;no&#8221; wd_z_index=&#8221;no&#8221;][vc_column_text woodmart_inline=&#8221;no&#8221; text_larger=&#8221;no&#8221;]<\/p>\n<table>\n<thead>\n<tr>\n<th style=\"text-align: left;\">Modell<\/th>\n<th style=\"text-align: center;\">Teljes\u00edtm\u00e9ny <em>kW<\/em><\/th>\n<th style=\"text-align: center;\">V\u00edzhozam <em>l\/s<\/em><\/th>\n<th style=\"text-align: center;\">BxHxT <em>mm<\/em><\/th>\n<\/tr>\n<\/thead>\n<tbody>\n<tr>\n<td>FP-51XD\/B-T<\/td>\n<td style=\"text-align: center;\">2,8 \/ 3,4<\/td>\n<td style=\"text-align: center;\">0,16<\/td>\n<td style=\"text-align: center;\">600x600x245<\/td>\n<\/tr>\n<tr>\n<td>FP-68XD\/B-T<\/td>\n<td style=\"text-align: center;\">5,0 \/ 6,5<\/td>\n<td style=\"text-align: center;\">0,20<\/td>\n<td style=\"text-align: center;\">600x600x245<\/td>\n<\/tr>\n<tr>\n<td>FP-85XD\/B-T<\/td>\n<td style=\"text-align: center;\">4,2 \/ 5,6<\/td>\n<td style=\"text-align: center;\">0,21<\/td>\n<td style=\"text-align: center;\">840x840x190<\/td>\n<\/tr>\n<tr>\n<td>FP-102XD\/B-T<\/td>\n<td style=\"text-align: center;\">5,0 \/ 6,5<\/td>\n<td style=\"text-align: center;\">0,24<\/td>\n<td style=\"text-align: center;\">840x840x190<\/td>\n<\/tr>\n<tr>\n<td>FP-125XD\/B-T<\/td>\n<td style=\"text-align: center;\">6,0 \/ 7,8<\/td>\n<td style=\"text-align: center;\">0,29<\/td>\n<td style=\"text-align: center;\">840x840x240<\/td>\n<\/tr>\n<tr>\n<td>FP-140XD\/B-T<\/td>\n<td style=\"text-align: center;\">8,0 \/ 9,0<\/td>\n<td style=\"text-align: center;\">0,38<\/td>\n<td style=\"text-align: center;\">840x840x240<\/td>\n<\/tr>\n<tr>\n<td>FP-160XD\/B-T<\/td>\n<td style=\"text-align: center;\">8,7 \/ 10,0<\/td>\n<td style=\"text-align: center;\">0,42<\/td>\n<td style=\"text-align: center;\">840x840x240<\/td>\n<\/tr>\n<tr>\n<td>FP-180XD\/B-T<\/td>\n<td style=\"text-align: center;\">9,5 \/ 11,0<\/td>\n<td style=\"text-align: center;\">0,45<\/td>\n<td style=\"text-align: center;\">840x840x320<\/td>\n<\/tr>\n<tr>\n<td>FP-200XD\/B-T<\/td>\n<td style=\"text-align: center;\">13,0 \/ 14,6<\/td>\n<td style=\"text-align: center;\">0,62<\/td>\n<td style=\"text-align: center;\">840x840x320<\/td>\n<\/tr>\n<\/tbody>\n<\/table>\n<p>[\/vc_column_text][\/vc_column][\/vc_row]<\/p>\n<\/section>","protected":false},"excerpt":{"rendered":"<ul>\n<li>K\u00e9tcs\u00f6ves rendszer (h\u0171t\u00e9sre vagy f\u0171t\u00e9sre haszn\u00e1lhat\u00f3)<\/li>\n<li>Kompakt m\u00e9retek<\/li>\n<li>3 ventil\u00e1tor sebess\u00e9g be\u00e1ll\u00edt\u00e1sa<\/li>\n<li>\u00c9jszakai \u00fczemm\u00f3d \u00e9s \u00f6ntiszt\u00edt\u00f3 funkci\u00f3<\/li>\n<li>K\u00f6nnyen moshat\u00f3 sz\u0171r\u0151<\/li>\n<li>Be\u00e9p\u00edtett kondenz\u00e1tumszivatty\u00fa 500 mm sz\u00e1ll\u00edt\u00e1si magass\u00e1ggal (a belt\u00e9ri egys\u00e9g als\u00f3 sz\u00e9l\u00e9t\u0151l)<\/li>\n<li>Infrav\u00f6r\u00f6s t\u00e1vir\u00e1ny\u00edt\u00f3 mell\u00e9kelve<\/li>\n<\/ul>\n","protected":false},"featured_media":11976,"template":"","meta":[],"product_brand":[],"product_cat":[356,353],"product_tag":[],"class_list":{"0":"post-11975","1":"product","2":"type-product","3":"status-publish","4":"has-post-thumbnail","6":"product_cat-hutok-es-fancoilok","7":"product_cat-legkondicionalas","9":"first","10":"instock","11":"shipping-taxable","12":"product-type-simple"},"yoast_head":"<!-- This site is optimized with the Yoast SEO plugin v24.3 - https:\/\/yoast.com\/wordpress\/plugins\/seo\/ -->\n<title>GREE kazett\u00e1s Fancoil | SLOVKLIMA DEIMOS group, s.r.o.<\/title>\n<meta name=\"robots\" content=\"index, follow, max-snippet:-1, max-image-preview:large, max-video-preview:-1\" \/>\n<link rel=\"canonical\" href=\"https:\/\/www.slovklima.sk\/hu\/produkt\/gree-kazettas-fancoil\/\" \/>\n<meta property=\"og:locale\" content=\"hu_HU\" \/>\n<meta property=\"og:type\" content=\"article\" \/>\n<meta property=\"og:title\" content=\"GREE kazett\u00e1s Fancoil | SLOVKLIMA DEIMOS group, s.r.o.\" \/>\n<meta property=\"og:description\" content=\"K\u00e9tcs\u00f6ves rendszer (h\u0171t\u00e9sre vagy f\u0171t\u00e9sre haszn\u00e1lhat\u00f3)  Kompakt m\u00e9retek  3 ventil\u00e1tor sebess\u00e9g be\u00e1ll\u00edt\u00e1sa  \u00c9jszakai \u00fczemm\u00f3d \u00e9s \u00f6ntiszt\u00edt\u00f3 funkci\u00f3  K\u00f6nnyen moshat\u00f3 sz\u0171r\u0151  Be\u00e9p\u00edtett kondenz\u00e1tumszivatty\u00fa 500 mm sz\u00e1ll\u00edt\u00e1si magass\u00e1ggal (a belt\u00e9ri egys\u00e9g als\u00f3 sz\u00e9l\u00e9t\u0151l)  Infrav\u00f6r\u00f6s t\u00e1vir\u00e1ny\u00edt\u00f3 mell\u00e9kelve\" \/>\n<meta property=\"og:url\" content=\"https:\/\/www.slovklima.sk\/hu\/produkt\/gree-kazettas-fancoil\/\" \/>\n<meta property=\"og:site_name\" content=\"SLOVKLIMA DEIMOS group, s.r.o.\" \/>\n<meta property=\"article:modified_time\" content=\"2024-06-07T08:48:40+00:00\" \/>\n<meta property=\"og:image\" content=\"https:\/\/www.slovklima.sk\/wp-content\/uploads\/2024\/02\/gree-kazetovy-fancoil.jpg\" \/>\n\t<meta property=\"og:image:width\" content=\"800\" \/>\n\t<meta property=\"og:image:height\" content=\"1000\" \/>\n\t<meta property=\"og:image:type\" content=\"image\/jpeg\" \/>\n<meta name=\"twitter:card\" content=\"summary_large_image\" \/>\n<meta name=\"twitter:label1\" content=\"Becs\u00fclt olvas\u00e1si id\u0151\" \/>\n\t<meta name=\"twitter:data1\" content=\"1 perc\" \/>\n<script type=\"application\/ld+json\" class=\"yoast-schema-graph\">{\"@context\":\"https:\/\/schema.org\",\"@graph\":[{\"@type\":\"WebPage\",\"@id\":\"https:\/\/www.slovklima.sk\/hu\/produkt\/gree-kazettas-fancoil\/\",\"url\":\"https:\/\/www.slovklima.sk\/hu\/produkt\/gree-kazettas-fancoil\/\",\"name\":\"GREE kazett\u00e1s Fancoil | SLOVKLIMA DEIMOS group, s.r.o.\",\"isPartOf\":{\"@id\":\"https:\/\/www.slovklima.sk\/#website\"},\"primaryImageOfPage\":{\"@id\":\"https:\/\/www.slovklima.sk\/hu\/produkt\/gree-kazettas-fancoil\/#primaryimage\"},\"image\":{\"@id\":\"https:\/\/www.slovklima.sk\/hu\/produkt\/gree-kazettas-fancoil\/#primaryimage\"},\"thumbnailUrl\":\"https:\/\/www.slovklima.sk\/wp-content\/uploads\/2024\/02\/gree-kazetovy-fancoil.jpg\",\"datePublished\":\"2024-02-23T16:10:59+00:00\",\"dateModified\":\"2024-06-07T08:48:40+00:00\",\"breadcrumb\":{\"@id\":\"https:\/\/www.slovklima.sk\/hu\/produkt\/gree-kazettas-fancoil\/#breadcrumb\"},\"inLanguage\":\"hu\",\"potentialAction\":[{\"@type\":\"ReadAction\",\"target\":[\"https:\/\/www.slovklima.sk\/hu\/produkt\/gree-kazettas-fancoil\/\"]}]},{\"@type\":\"ImageObject\",\"inLanguage\":\"hu\",\"@id\":\"https:\/\/www.slovklima.sk\/hu\/produkt\/gree-kazettas-fancoil\/#primaryimage\",\"url\":\"https:\/\/www.slovklima.sk\/wp-content\/uploads\/2024\/02\/gree-kazetovy-fancoil.jpg\",\"contentUrl\":\"https:\/\/www.slovklima.sk\/wp-content\/uploads\/2024\/02\/gree-kazetovy-fancoil.jpg\",\"width\":800,\"height\":1000},{\"@type\":\"BreadcrumbList\",\"@id\":\"https:\/\/www.slovklima.sk\/hu\/produkt\/gree-kazettas-fancoil\/#breadcrumb\",\"itemListElement\":[{\"@type\":\"ListItem\",\"position\":1,\"name\":\"Domovsk\u00e1 str\u00e1nka\",\"item\":\"https:\/\/www.slovklima.sk\/hu\/\"},{\"@type\":\"ListItem\",\"position\":2,\"name\":\"Term\u00e9kek\",\"item\":\"https:\/\/www.slovklima.sk\/termekek\/\"},{\"@type\":\"ListItem\",\"position\":3,\"name\":\"GREE kazett\u00e1s Fancoil\"}]},{\"@type\":\"WebSite\",\"@id\":\"https:\/\/www.slovklima.sk\/#website\",\"url\":\"https:\/\/www.slovklima.sk\/\",\"name\":\"SLOVKLIMA DEIMOS group, s.r.o.\",\"description\":\"\",\"publisher\":{\"@id\":\"https:\/\/www.slovklima.sk\/#organization\"},\"alternateName\":\"SLOVKLIMA\",\"potentialAction\":[{\"@type\":\"SearchAction\",\"target\":{\"@type\":\"EntryPoint\",\"urlTemplate\":\"https:\/\/www.slovklima.sk\/?s={search_term_string}\"},\"query-input\":{\"@type\":\"PropertyValueSpecification\",\"valueRequired\":true,\"valueName\":\"search_term_string\"}}],\"inLanguage\":\"hu\"},{\"@type\":\"Organization\",\"@id\":\"https:\/\/www.slovklima.sk\/#organization\",\"name\":\"SLOVKLIMA DEIMOS group, s.r.o.\",\"alternateName\":\"SLOVKLIMA\",\"url\":\"https:\/\/www.slovklima.sk\/\",\"logo\":{\"@type\":\"ImageObject\",\"inLanguage\":\"hu\",\"@id\":\"https:\/\/www.slovklima.sk\/#\/schema\/logo\/image\/\",\"url\":\"https:\/\/www.slovklima.sk\/wp-content\/uploads\/2022\/12\/slovklima-logo-black.svg\",\"contentUrl\":\"https:\/\/www.slovklima.sk\/wp-content\/uploads\/2022\/12\/slovklima-logo-black.svg\",\"width\":3218,\"height\":698,\"caption\":\"SLOVKLIMA DEIMOS group, s.r.o.\"},\"image\":{\"@id\":\"https:\/\/www.slovklima.sk\/#\/schema\/logo\/image\/\"}}]}<\/script>\n<!-- \/ Yoast SEO plugin. -->","yoast_head_json":{"title":"GREE kazett\u00e1s Fancoil | SLOVKLIMA DEIMOS group, s.r.o.","robots":{"index":"index","follow":"follow","max-snippet":"max-snippet:-1","max-image-preview":"max-image-preview:large","max-video-preview":"max-video-preview:-1"},"canonical":"https:\/\/www.slovklima.sk\/hu\/produkt\/gree-kazettas-fancoil\/","og_locale":"hu_HU","og_type":"article","og_title":"GREE kazett\u00e1s Fancoil | SLOVKLIMA DEIMOS group, s.r.o.","og_description":"K\u00e9tcs\u00f6ves rendszer (h\u0171t\u00e9sre vagy f\u0171t\u00e9sre haszn\u00e1lhat\u00f3)  Kompakt m\u00e9retek  3 ventil\u00e1tor sebess\u00e9g be\u00e1ll\u00edt\u00e1sa  \u00c9jszakai \u00fczemm\u00f3d \u00e9s \u00f6ntiszt\u00edt\u00f3 funkci\u00f3  K\u00f6nnyen moshat\u00f3 sz\u0171r\u0151  Be\u00e9p\u00edtett kondenz\u00e1tumszivatty\u00fa 500 mm sz\u00e1ll\u00edt\u00e1si magass\u00e1ggal (a belt\u00e9ri egys\u00e9g als\u00f3 sz\u00e9l\u00e9t\u0151l)  Infrav\u00f6r\u00f6s t\u00e1vir\u00e1ny\u00edt\u00f3 mell\u00e9kelve","og_url":"https:\/\/www.slovklima.sk\/hu\/produkt\/gree-kazettas-fancoil\/","og_site_name":"SLOVKLIMA DEIMOS group, s.r.o.","article_modified_time":"2024-06-07T08:48:40+00:00","og_image":[{"width":800,"height":1000,"url":"https:\/\/www.slovklima.sk\/wp-content\/uploads\/2024\/02\/gree-kazetovy-fancoil.jpg","type":"image\/jpeg"}],"twitter_card":"summary_large_image","twitter_misc":{"Becs\u00fclt olvas\u00e1si id\u0151":"1 perc"},"schema":{"@context":"https:\/\/schema.org","@graph":[{"@type":"WebPage","@id":"https:\/\/www.slovklima.sk\/hu\/produkt\/gree-kazettas-fancoil\/","url":"https:\/\/www.slovklima.sk\/hu\/produkt\/gree-kazettas-fancoil\/","name":"GREE kazett\u00e1s Fancoil | SLOVKLIMA DEIMOS group, s.r.o.","isPartOf":{"@id":"https:\/\/www.slovklima.sk\/#website"},"primaryImageOfPage":{"@id":"https:\/\/www.slovklima.sk\/hu\/produkt\/gree-kazettas-fancoil\/#primaryimage"},"image":{"@id":"https:\/\/www.slovklima.sk\/hu\/produkt\/gree-kazettas-fancoil\/#primaryimage"},"thumbnailUrl":"https:\/\/www.slovklima.sk\/wp-content\/uploads\/2024\/02\/gree-kazetovy-fancoil.jpg","datePublished":"2024-02-23T16:10:59+00:00","dateModified":"2024-06-07T08:48:40+00:00","breadcrumb":{"@id":"https:\/\/www.slovklima.sk\/hu\/produkt\/gree-kazettas-fancoil\/#breadcrumb"},"inLanguage":"hu","potentialAction":[{"@type":"ReadAction","target":["https:\/\/www.slovklima.sk\/hu\/produkt\/gree-kazettas-fancoil\/"]}]},{"@type":"ImageObject","inLanguage":"hu","@id":"https:\/\/www.slovklima.sk\/hu\/produkt\/gree-kazettas-fancoil\/#primaryimage","url":"https:\/\/www.slovklima.sk\/wp-content\/uploads\/2024\/02\/gree-kazetovy-fancoil.jpg","contentUrl":"https:\/\/www.slovklima.sk\/wp-content\/uploads\/2024\/02\/gree-kazetovy-fancoil.jpg","width":800,"height":1000},{"@type":"BreadcrumbList","@id":"https:\/\/www.slovklima.sk\/hu\/produkt\/gree-kazettas-fancoil\/#breadcrumb","itemListElement":[{"@type":"ListItem","position":1,"name":"Domovsk\u00e1 str\u00e1nka","item":"https:\/\/www.slovklima.sk\/hu\/"},{"@type":"ListItem","position":2,"name":"Term\u00e9kek","item":"https:\/\/www.slovklima.sk\/termekek\/"},{"@type":"ListItem","position":3,"name":"GREE kazett\u00e1s Fancoil"}]},{"@type":"WebSite","@id":"https:\/\/www.slovklima.sk\/#website","url":"https:\/\/www.slovklima.sk\/","name":"SLOVKLIMA DEIMOS group, s.r.o.","description":"","publisher":{"@id":"https:\/\/www.slovklima.sk\/#organization"},"alternateName":"SLOVKLIMA","potentialAction":[{"@type":"SearchAction","target":{"@type":"EntryPoint","urlTemplate":"https:\/\/www.slovklima.sk\/?s={search_term_string}"},"query-input":{"@type":"PropertyValueSpecification","valueRequired":true,"valueName":"search_term_string"}}],"inLanguage":"hu"},{"@type":"Organization","@id":"https:\/\/www.slovklima.sk\/#organization","name":"SLOVKLIMA DEIMOS group, s.r.o.","alternateName":"SLOVKLIMA","url":"https:\/\/www.slovklima.sk\/","logo":{"@type":"ImageObject","inLanguage":"hu","@id":"https:\/\/www.slovklima.sk\/#\/schema\/logo\/image\/","url":"https:\/\/www.slovklima.sk\/wp-content\/uploads\/2022\/12\/slovklima-logo-black.svg","contentUrl":"https:\/\/www.slovklima.sk\/wp-content\/uploads\/2022\/12\/slovklima-logo-black.svg","width":3218,"height":698,"caption":"SLOVKLIMA DEIMOS group, s.r.o."},"image":{"@id":"https:\/\/www.slovklima.sk\/#\/schema\/logo\/image\/"}}]}},"_links":{"self":[{"href":"https:\/\/www.slovklima.sk\/hu\/wp-json\/wp\/v2\/product\/11975","targetHints":{"allow":["GET"]}}],"collection":[{"href":"https:\/\/www.slovklima.sk\/hu\/wp-json\/wp\/v2\/product"}],"about":[{"href":"https:\/\/www.slovklima.sk\/hu\/wp-json\/wp\/v2\/types\/product"}],"wp:featuredmedia":[{"embeddable":true,"href":"https:\/\/www.slovklima.sk\/hu\/wp-json\/wp\/v2\/media\/11976"}],"wp:attachment":[{"href":"https:\/\/www.slovklima.sk\/hu\/wp-json\/wp\/v2\/media?parent=11975"}],"wp:term":[{"taxonomy":"product_brand","embeddable":true,"href":"https:\/\/www.slovklima.sk\/hu\/wp-json\/wp\/v2\/product_brand?post=11975"},{"taxonomy":"product_cat","embeddable":true,"href":"https:\/\/www.slovklima.sk\/hu\/wp-json\/wp\/v2\/product_cat?post=11975"},{"taxonomy":"product_tag","embeddable":true,"href":"https:\/\/www.slovklima.sk\/hu\/wp-json\/wp\/v2\/product_tag?post=11975"}],"curies":[{"name":"wp","href":"https:\/\/api.w.org\/{rel}","templated":true}]}}