{"id":11925,"date":"2024-06-05T17:06:54","date_gmt":"2024-06-05T15:06:54","guid":{"rendered":"https:\/\/www.slovklima.sk\/produkt\/toshiba-daiseikai-10-feher-r32-osztott-r32\/"},"modified":"2024-06-07T10:46:07","modified_gmt":"2024-06-07T08:46:07","slug":"toshiba-daiseikai-10-feher-r32-osztott-r32","status":"publish","type":"product","link":"https:\/\/www.slovklima.sk\/hu\/produkt\/toshiba-daiseikai-10-feher-r32-osztott-r32\/","title":{"rendered":"TOSHIBA DAISEIKAI 10 FEH\u00c9R R32 osztott R32"},"content":{"rendered":"<section class=\"wpb-content-wrapper\"><p>[vc_row][vc_column el_class=&#8221;table-style&#8221; woodmart_css_id=&#8221;652ce824bb55b&#8221; parallax_scroll=&#8221;no&#8221; woodmart_sticky_column=&#8221;false&#8221; wd_collapsible_content_switcher=&#8221;no&#8221; wd_column_role_offcanvas_desktop=&#8221;no&#8221; wd_column_role_offcanvas_tablet=&#8221;no&#8221; wd_column_role_offcanvas_mobile=&#8221;no&#8221; wd_column_role_content_desktop=&#8221;no&#8221; wd_column_role_content_tablet=&#8221;no&#8221; wd_column_role_content_mobile=&#8221;no&#8221; mobile_bg_img_hidden=&#8221;no&#8221; tablet_bg_img_hidden=&#8221;no&#8221; woodmart_parallax=&#8221;0&#8243; woodmart_box_shadow=&#8221;no&#8221; responsive_spacing=&#8221;eyJwYXJhbV90eXBlIjoid29vZG1hcnRfcmVzcG9uc2l2ZV9zcGFjaW5nIiwic2VsZWN0b3JfaWQiOiI2NTJjZTgyNGJiNTViIiwic2hvcnRjb2RlIjoidmNfY29sdW1uIiwiZGF0YSI6eyJ0YWJsZXQiOnt9LCJtb2JpbGUiOnt9fX0=&#8221; mobile_reset_margin=&#8221;no&#8221; tablet_reset_margin=&#8221;no&#8221; wd_z_index=&#8221;no&#8221;][vc_column_text woodmart_inline=&#8221;no&#8221; text_larger=&#8221;no&#8221;]<\/p>\n<table>\n<thead>\n<tr>\n<th style=\"text-align: left;\">Modell <em>(belt\u00e9ri + k\u00fclt\u00e9ri egys\u00e9g)<\/em><\/th>\n<th style=\"text-align: center;\">Teljes\u00edtm\u00e9ny <em>kW<\/em><\/th>\n<th style=\"text-align: center;\">Energiaoszt\u00e1ly &#8211; h\u0171t\u00e9s\/f\u0171t\u00e9s<\/th>\n<th style=\"text-align: center;\">Szezon\u00e1lis hat\u00e9konys\u00e1g &#8211; SEER\/SCOP<\/th>\n<th style=\"text-align: center;\">BxHxT <em>mm (belt\u00e9ri + k\u00fclt\u00e9ri egys\u00e9g)<\/em><\/th>\n<\/tr>\n<\/thead>\n<tbody>\n<tr>\n<td>RAS-B10S4KVPG-E \/ 10S4AVPG-E<\/td>\n<td style=\"text-align: center;\">2,5 \/ 3,2<\/td>\n<td style=\"text-align: center;\">A+++ \/ A+++<\/td>\n<td style=\"text-align: center;\">10,7 \/ 5,3<\/td>\n<td style=\"text-align: center;\">930x293x255 \/ 800x630x300<\/td>\n<\/tr>\n<tr>\n<td>RAS-B13S4KVPG-E \/ 13S4AVPG-E<\/td>\n<td style=\"text-align: center;\">3,5 \/ 4,0<\/td>\n<td style=\"text-align: center;\">A+++ \/ A+++<\/td>\n<td style=\"text-align: center;\">9,7 \/ 5,2<\/td>\n<td style=\"text-align: center;\">930x293x255 \/ 800x630x300<\/td>\n<\/tr>\n<tr>\n<td>RAS-B18S4KVPG-E \/ 18S4AVPG-E<\/td>\n<td style=\"text-align: center;\">5,0 \/ 6,0<\/td>\n<td style=\"text-align: center;\">A+++ \/ A+++<\/td>\n<td style=\"text-align: center;\">8,6 \/ 4,8<\/td>\n<td style=\"text-align: center;\">930x293x255 \/ 800x630x300<\/td>\n<\/tr>\n<\/tbody>\n<\/table>\n<p>[\/vc_column_text][\/vc_column][\/vc_row]<\/p>\n<\/section>","protected":false},"excerpt":{"rendered":"<p><strong>PR\u00c9MIUM DESIGN SINGLE-SPLIT<\/strong><\/p>\n<p>A Daiseikai 10 a legmagasabb szinten \u00f6tv\u00f6zi a diz\u00e1jnt \u00e9s a k\u00e9nyelmet. A k\u00fclt\u00e9ri \u00e9s belt\u00e9ri egys\u00e9g t\u00f6k\u00e9letes m\u0171k\u00f6d\u00e9si jellemz\u0151i id\u0151t\u00e1ll\u00f3 diz\u00e1jnnal p\u00e1rosulnak, matt feh\u00e9r vagy fa lamell\u00e1s dekor\u00e1ci\u00f3ban.<\/p>\n<ul>\n<li>Maxim\u00e1lis energiahat\u00e9konys\u00e1g (A+++) h\u0171t\u00e9si \u00e9s f\u0171t\u00e9si \u00fczemm\u00f3dban<\/li>\n<li>Plazmasz\u0171r\u0151 ioniz\u00e1torral, porsz\u0171r\u0151 \u00e9s Ultra Pure sz\u0171r\u0151cs\u00edk a k\u00e9sz\u00fcl\u00e9kben tal\u00e1lhat\u00f3<\/li>\n<li>Designer fekete infrav\u00f6r\u00f6s vez\u00e9rl\u0151 tartoz\u00e9k<\/li>\n<li>A Wifi modul a belt\u00e9ri egys\u00e9g szabv\u00e1nyos r\u00e9sze<\/li>\n<li>St\u00edlusos fa text\u00fara Reflect kivitelben<\/li>\n<\/ul>\n<div class=\"product-icons\"><img decoding=\"async\" class=\"size-full wp-image-8537 alignnone\" title=\"A+++ energiaoszt\u00e1ly\" src=\"https:\/\/www.slovklima.sk\/wp-content\/uploads\/2024\/03\/energeticka-trieda.jpg\" alt=\"\" width=\"151\" height=\"151\"><img decoding=\"async\" class=\"size-full wp-image-8538 alignnone\" title=\"H\u0171t\u00e9si teljes\u00edtm\u00e9ny 2,50 - 4,50 kW\" src=\"https:\/\/www.slovklima.sk\/wp-content\/uploads\/2024\/03\/chladiaci-vykon.jpg\" alt=\"\" width=\"151\" height=\"151\"><img decoding=\"async\" class=\"size-full wp-image-8534 alignnone\" title=\"F\u0171t\u00e9si teljes\u00edtm\u00e9ny 3,20 - 4,50 kW\" src=\"https:\/\/www.slovklima.sk\/wp-content\/uploads\/2024\/03\/vykurovaci-vykon.jpg\" alt=\"\" width=\"151\" height=\"151\"><img decoding=\"async\" class=\"size-full wp-image-8942 alignnone\" title=\"Single-Split konfigur\u00e1ci\u00f3\" src=\"https:\/\/www.slovklima.sk\/wp-content\/uploads\/2023\/10\/konfiguracia.jpg\" alt=\"\" width=\"151\" height=\"151\"><img decoding=\"async\" class=\"size-full wp-image-8536 alignnone\" title=\"Hangteljes\u00edtm\u00e9nyszint 58 - 60 dB(A)\" src=\"https:\/\/www.slovklima.sk\/wp-content\/uploads\/2024\/03\/akusticky-tlak.jpg\" alt=\"\" width=\"151\" height=\"151\"><\/div>\n","protected":false},"featured_media":11926,"template":"","meta":[],"product_brand":[],"product_cat":[357,353,360,414],"product_tag":[],"class_list":{"0":"post-11925","1":"product","2":"type-product","3":"status-publish","4":"has-post-thumbnail","6":"product_cat-lakossagi-egysegek","7":"product_cat-legkondicionalas","8":"product_cat-single-split-hu","9":"product_cat-toshiba-hu-4","11":"first","12":"instock","13":"featured","14":"sold-individually","15":"taxable","16":"shipping-taxable","17":"product-type-simple"},"yoast_head":"<!-- This site is optimized with the Yoast SEO plugin v24.3 - https:\/\/yoast.com\/wordpress\/plugins\/seo\/ -->\n<title>TOSHIBA DAISEIKAI 10 FEH\u00c9R R32 osztott R32 | SLOVKLIMA DEIMOS group, s.r.o.<\/title>\n<meta name=\"robots\" content=\"index, follow, max-snippet:-1, max-image-preview:large, max-video-preview:-1\" \/>\n<link rel=\"canonical\" href=\"https:\/\/www.slovklima.sk\/hu\/produkt\/toshiba-daiseikai-10-feher-r32-osztott-r32\/\" \/>\n<meta property=\"og:locale\" content=\"hu_HU\" \/>\n<meta property=\"og:type\" content=\"article\" \/>\n<meta property=\"og:title\" content=\"TOSHIBA DAISEIKAI 10 FEH\u00c9R R32 osztott R32 | SLOVKLIMA DEIMOS group, s.r.o.\" \/>\n<meta property=\"og:description\" content=\"PR\u00c9MIUM DESIGN SINGLE-SPLIT A Daiseikai 10 a legmagasabb szinten \u00f6tv\u00f6zi a diz\u00e1jnt \u00e9s a k\u00e9nyelmet. A k\u00fclt\u00e9ri \u00e9s belt\u00e9ri egys\u00e9g t\u00f6k\u00e9letes m\u0171k\u00f6d\u00e9si jellemz\u0151i id\u0151t\u00e1ll\u00f3 diz\u00e1jnnal p\u00e1rosulnak, matt feh\u00e9r vagy fa lamell\u00e1s dekor\u00e1ci\u00f3ban.  Maxim\u00e1lis energiahat\u00e9konys\u00e1g (A+++) h\u0171t\u00e9si \u00e9s f\u0171t\u00e9si \u00fczemm\u00f3dban  Plazmasz\u0171r\u0151 ioniz\u00e1torral, porsz\u0171r\u0151 \u00e9s Ultra Pure sz\u0171r\u0151cs\u00edk a k\u00e9sz\u00fcl\u00e9kben tal\u00e1lhat\u00f3  Designer fekete infrav\u00f6r\u00f6s vez\u00e9rl\u0151 tartoz\u00e9k  A Wifi modul a belt\u00e9ri egys\u00e9g szabv\u00e1nyos r\u00e9sze  St\u00edlusos fa text\u00fara Reflect kivitelben\" \/>\n<meta property=\"og:url\" content=\"https:\/\/www.slovklima.sk\/hu\/produkt\/toshiba-daiseikai-10-feher-r32-osztott-r32\/\" \/>\n<meta property=\"og:site_name\" content=\"SLOVKLIMA DEIMOS group, s.r.o.\" \/>\n<meta property=\"article:modified_time\" content=\"2024-06-07T08:46:07+00:00\" \/>\n<meta property=\"og:image\" content=\"https:\/\/www.slovklima.sk\/wp-content\/uploads\/2024\/04\/RAS_Daiseikai10_S4KVPG_White_Front-open-scaled.jpg\" \/>\n\t<meta property=\"og:image:width\" content=\"2560\" \/>\n\t<meta property=\"og:image:height\" content=\"1707\" \/>\n\t<meta property=\"og:image:type\" content=\"image\/jpeg\" \/>\n<meta name=\"twitter:card\" content=\"summary_large_image\" \/>\n<meta name=\"twitter:label1\" content=\"Becs\u00fclt olvas\u00e1si id\u0151\" \/>\n\t<meta name=\"twitter:data1\" content=\"1 perc\" \/>\n<script type=\"application\/ld+json\" class=\"yoast-schema-graph\">{\"@context\":\"https:\/\/schema.org\",\"@graph\":[{\"@type\":\"WebPage\",\"@id\":\"https:\/\/www.slovklima.sk\/hu\/produkt\/toshiba-daiseikai-10-feher-r32-osztott-r32\/\",\"url\":\"https:\/\/www.slovklima.sk\/hu\/produkt\/toshiba-daiseikai-10-feher-r32-osztott-r32\/\",\"name\":\"TOSHIBA DAISEIKAI 10 FEH\u00c9R R32 osztott R32 | SLOVKLIMA DEIMOS group, s.r.o.\",\"isPartOf\":{\"@id\":\"https:\/\/www.slovklima.sk\/#website\"},\"primaryImageOfPage\":{\"@id\":\"https:\/\/www.slovklima.sk\/hu\/produkt\/toshiba-daiseikai-10-feher-r32-osztott-r32\/#primaryimage\"},\"image\":{\"@id\":\"https:\/\/www.slovklima.sk\/hu\/produkt\/toshiba-daiseikai-10-feher-r32-osztott-r32\/#primaryimage\"},\"thumbnailUrl\":\"https:\/\/www.slovklima.sk\/wp-content\/uploads\/2024\/04\/RAS_Daiseikai10_S4KVPG_White_Front-open-scaled.jpg\",\"datePublished\":\"2024-06-05T15:06:54+00:00\",\"dateModified\":\"2024-06-07T08:46:07+00:00\",\"breadcrumb\":{\"@id\":\"https:\/\/www.slovklima.sk\/hu\/produkt\/toshiba-daiseikai-10-feher-r32-osztott-r32\/#breadcrumb\"},\"inLanguage\":\"hu\",\"potentialAction\":[{\"@type\":\"ReadAction\",\"target\":[\"https:\/\/www.slovklima.sk\/hu\/produkt\/toshiba-daiseikai-10-feher-r32-osztott-r32\/\"]}]},{\"@type\":\"ImageObject\",\"inLanguage\":\"hu\",\"@id\":\"https:\/\/www.slovklima.sk\/hu\/produkt\/toshiba-daiseikai-10-feher-r32-osztott-r32\/#primaryimage\",\"url\":\"https:\/\/www.slovklima.sk\/wp-content\/uploads\/2024\/04\/RAS_Daiseikai10_S4KVPG_White_Front-open-scaled.jpg\",\"contentUrl\":\"https:\/\/www.slovklima.sk\/wp-content\/uploads\/2024\/04\/RAS_Daiseikai10_S4KVPG_White_Front-open-scaled.jpg\",\"width\":2560,\"height\":1707},{\"@type\":\"BreadcrumbList\",\"@id\":\"https:\/\/www.slovklima.sk\/hu\/produkt\/toshiba-daiseikai-10-feher-r32-osztott-r32\/#breadcrumb\",\"itemListElement\":[{\"@type\":\"ListItem\",\"position\":1,\"name\":\"Domovsk\u00e1 str\u00e1nka\",\"item\":\"https:\/\/www.slovklima.sk\/hu\/\"},{\"@type\":\"ListItem\",\"position\":2,\"name\":\"Term\u00e9kek\",\"item\":\"https:\/\/www.slovklima.sk\/termekek\/\"},{\"@type\":\"ListItem\",\"position\":3,\"name\":\"TOSHIBA DAISEIKAI 10 FEH\u00c9R R32 osztott R32\"}]},{\"@type\":\"WebSite\",\"@id\":\"https:\/\/www.slovklima.sk\/#website\",\"url\":\"https:\/\/www.slovklima.sk\/\",\"name\":\"SLOVKLIMA DEIMOS group, s.r.o.\",\"description\":\"\",\"publisher\":{\"@id\":\"https:\/\/www.slovklima.sk\/#organization\"},\"alternateName\":\"SLOVKLIMA\",\"potentialAction\":[{\"@type\":\"SearchAction\",\"target\":{\"@type\":\"EntryPoint\",\"urlTemplate\":\"https:\/\/www.slovklima.sk\/?s={search_term_string}\"},\"query-input\":{\"@type\":\"PropertyValueSpecification\",\"valueRequired\":true,\"valueName\":\"search_term_string\"}}],\"inLanguage\":\"hu\"},{\"@type\":\"Organization\",\"@id\":\"https:\/\/www.slovklima.sk\/#organization\",\"name\":\"SLOVKLIMA DEIMOS group, s.r.o.\",\"alternateName\":\"SLOVKLIMA\",\"url\":\"https:\/\/www.slovklima.sk\/\",\"logo\":{\"@type\":\"ImageObject\",\"inLanguage\":\"hu\",\"@id\":\"https:\/\/www.slovklima.sk\/#\/schema\/logo\/image\/\",\"url\":\"https:\/\/www.slovklima.sk\/wp-content\/uploads\/2022\/12\/slovklima-logo-black.svg\",\"contentUrl\":\"https:\/\/www.slovklima.sk\/wp-content\/uploads\/2022\/12\/slovklima-logo-black.svg\",\"width\":3218,\"height\":698,\"caption\":\"SLOVKLIMA DEIMOS group, s.r.o.\"},\"image\":{\"@id\":\"https:\/\/www.slovklima.sk\/#\/schema\/logo\/image\/\"}}]}<\/script>\n<!-- \/ Yoast SEO plugin. -->","yoast_head_json":{"title":"TOSHIBA DAISEIKAI 10 FEH\u00c9R R32 osztott R32 | SLOVKLIMA DEIMOS group, s.r.o.","robots":{"index":"index","follow":"follow","max-snippet":"max-snippet:-1","max-image-preview":"max-image-preview:large","max-video-preview":"max-video-preview:-1"},"canonical":"https:\/\/www.slovklima.sk\/hu\/produkt\/toshiba-daiseikai-10-feher-r32-osztott-r32\/","og_locale":"hu_HU","og_type":"article","og_title":"TOSHIBA DAISEIKAI 10 FEH\u00c9R R32 osztott R32 | SLOVKLIMA DEIMOS group, s.r.o.","og_description":"PR\u00c9MIUM DESIGN SINGLE-SPLIT A Daiseikai 10 a legmagasabb szinten \u00f6tv\u00f6zi a diz\u00e1jnt \u00e9s a k\u00e9nyelmet. A k\u00fclt\u00e9ri \u00e9s belt\u00e9ri egys\u00e9g t\u00f6k\u00e9letes m\u0171k\u00f6d\u00e9si jellemz\u0151i id\u0151t\u00e1ll\u00f3 diz\u00e1jnnal p\u00e1rosulnak, matt feh\u00e9r vagy fa lamell\u00e1s dekor\u00e1ci\u00f3ban.  Maxim\u00e1lis energiahat\u00e9konys\u00e1g (A+++) h\u0171t\u00e9si \u00e9s f\u0171t\u00e9si \u00fczemm\u00f3dban  Plazmasz\u0171r\u0151 ioniz\u00e1torral, porsz\u0171r\u0151 \u00e9s Ultra Pure sz\u0171r\u0151cs\u00edk a k\u00e9sz\u00fcl\u00e9kben tal\u00e1lhat\u00f3  Designer fekete infrav\u00f6r\u00f6s vez\u00e9rl\u0151 tartoz\u00e9k  A Wifi modul a belt\u00e9ri egys\u00e9g szabv\u00e1nyos r\u00e9sze  St\u00edlusos fa text\u00fara Reflect kivitelben","og_url":"https:\/\/www.slovklima.sk\/hu\/produkt\/toshiba-daiseikai-10-feher-r32-osztott-r32\/","og_site_name":"SLOVKLIMA DEIMOS group, s.r.o.","article_modified_time":"2024-06-07T08:46:07+00:00","og_image":[{"width":2560,"height":1707,"url":"https:\/\/www.slovklima.sk\/wp-content\/uploads\/2024\/04\/RAS_Daiseikai10_S4KVPG_White_Front-open-scaled.jpg","type":"image\/jpeg"}],"twitter_card":"summary_large_image","twitter_misc":{"Becs\u00fclt olvas\u00e1si id\u0151":"1 perc"},"schema":{"@context":"https:\/\/schema.org","@graph":[{"@type":"WebPage","@id":"https:\/\/www.slovklima.sk\/hu\/produkt\/toshiba-daiseikai-10-feher-r32-osztott-r32\/","url":"https:\/\/www.slovklima.sk\/hu\/produkt\/toshiba-daiseikai-10-feher-r32-osztott-r32\/","name":"TOSHIBA DAISEIKAI 10 FEH\u00c9R R32 osztott R32 | SLOVKLIMA DEIMOS group, s.r.o.","isPartOf":{"@id":"https:\/\/www.slovklima.sk\/#website"},"primaryImageOfPage":{"@id":"https:\/\/www.slovklima.sk\/hu\/produkt\/toshiba-daiseikai-10-feher-r32-osztott-r32\/#primaryimage"},"image":{"@id":"https:\/\/www.slovklima.sk\/hu\/produkt\/toshiba-daiseikai-10-feher-r32-osztott-r32\/#primaryimage"},"thumbnailUrl":"https:\/\/www.slovklima.sk\/wp-content\/uploads\/2024\/04\/RAS_Daiseikai10_S4KVPG_White_Front-open-scaled.jpg","datePublished":"2024-06-05T15:06:54+00:00","dateModified":"2024-06-07T08:46:07+00:00","breadcrumb":{"@id":"https:\/\/www.slovklima.sk\/hu\/produkt\/toshiba-daiseikai-10-feher-r32-osztott-r32\/#breadcrumb"},"inLanguage":"hu","potentialAction":[{"@type":"ReadAction","target":["https:\/\/www.slovklima.sk\/hu\/produkt\/toshiba-daiseikai-10-feher-r32-osztott-r32\/"]}]},{"@type":"ImageObject","inLanguage":"hu","@id":"https:\/\/www.slovklima.sk\/hu\/produkt\/toshiba-daiseikai-10-feher-r32-osztott-r32\/#primaryimage","url":"https:\/\/www.slovklima.sk\/wp-content\/uploads\/2024\/04\/RAS_Daiseikai10_S4KVPG_White_Front-open-scaled.jpg","contentUrl":"https:\/\/www.slovklima.sk\/wp-content\/uploads\/2024\/04\/RAS_Daiseikai10_S4KVPG_White_Front-open-scaled.jpg","width":2560,"height":1707},{"@type":"BreadcrumbList","@id":"https:\/\/www.slovklima.sk\/hu\/produkt\/toshiba-daiseikai-10-feher-r32-osztott-r32\/#breadcrumb","itemListElement":[{"@type":"ListItem","position":1,"name":"Domovsk\u00e1 str\u00e1nka","item":"https:\/\/www.slovklima.sk\/hu\/"},{"@type":"ListItem","position":2,"name":"Term\u00e9kek","item":"https:\/\/www.slovklima.sk\/termekek\/"},{"@type":"ListItem","position":3,"name":"TOSHIBA DAISEIKAI 10 FEH\u00c9R R32 osztott R32"}]},{"@type":"WebSite","@id":"https:\/\/www.slovklima.sk\/#website","url":"https:\/\/www.slovklima.sk\/","name":"SLOVKLIMA DEIMOS group, s.r.o.","description":"","publisher":{"@id":"https:\/\/www.slovklima.sk\/#organization"},"alternateName":"SLOVKLIMA","potentialAction":[{"@type":"SearchAction","target":{"@type":"EntryPoint","urlTemplate":"https:\/\/www.slovklima.sk\/?s={search_term_string}"},"query-input":{"@type":"PropertyValueSpecification","valueRequired":true,"valueName":"search_term_string"}}],"inLanguage":"hu"},{"@type":"Organization","@id":"https:\/\/www.slovklima.sk\/#organization","name":"SLOVKLIMA DEIMOS group, s.r.o.","alternateName":"SLOVKLIMA","url":"https:\/\/www.slovklima.sk\/","logo":{"@type":"ImageObject","inLanguage":"hu","@id":"https:\/\/www.slovklima.sk\/#\/schema\/logo\/image\/","url":"https:\/\/www.slovklima.sk\/wp-content\/uploads\/2022\/12\/slovklima-logo-black.svg","contentUrl":"https:\/\/www.slovklima.sk\/wp-content\/uploads\/2022\/12\/slovklima-logo-black.svg","width":3218,"height":698,"caption":"SLOVKLIMA DEIMOS group, s.r.o."},"image":{"@id":"https:\/\/www.slovklima.sk\/#\/schema\/logo\/image\/"}}]}},"_links":{"self":[{"href":"https:\/\/www.slovklima.sk\/hu\/wp-json\/wp\/v2\/product\/11925","targetHints":{"allow":["GET"]}}],"collection":[{"href":"https:\/\/www.slovklima.sk\/hu\/wp-json\/wp\/v2\/product"}],"about":[{"href":"https:\/\/www.slovklima.sk\/hu\/wp-json\/wp\/v2\/types\/product"}],"wp:featuredmedia":[{"embeddable":true,"href":"https:\/\/www.slovklima.sk\/hu\/wp-json\/wp\/v2\/media\/11926"}],"wp:attachment":[{"href":"https:\/\/www.slovklima.sk\/hu\/wp-json\/wp\/v2\/media?parent=11925"}],"wp:term":[{"taxonomy":"product_brand","embeddable":true,"href":"https:\/\/www.slovklima.sk\/hu\/wp-json\/wp\/v2\/product_brand?post=11925"},{"taxonomy":"product_cat","embeddable":true,"href":"https:\/\/www.slovklima.sk\/hu\/wp-json\/wp\/v2\/product_cat?post=11925"},{"taxonomy":"product_tag","embeddable":true,"href":"https:\/\/www.slovklima.sk\/hu\/wp-json\/wp\/v2\/product_tag?post=11925"}],"curies":[{"name":"wp","href":"https:\/\/api.w.org\/{rel}","templated":true}]}}