{"id":11922,"date":"2024-04-15T13:22:49","date_gmt":"2024-04-15T11:22:49","guid":{"rendered":"https:\/\/www.slovklima.sk\/produkt\/cool\/"},"modified":"2024-04-15T13:22:49","modified_gmt":"2024-04-15T11:22:49","slug":"cool","status":"publish","type":"product","link":"https:\/\/www.slovklima.sk\/hu\/produkt\/cool\/","title":{"rendered":"Cool"},"content":{"rendered":"<p>Portf\u00f3li\u00f3nkban a k\u00f6vetkez\u0151 t\u00edpus\u00fa h\u0171t\u0151k\u00f6zegeket tal\u00e1lja:  <\/p>\n<table>\n<tbody>\n<tr>\n<td><\/td>\n<td>T\u00e9rfogat palackonk\u00e9nt kg-ban;<\/td>\n<td>GWP<\/td>\n<td>Forr\u00e1spont \u00b0C-ban<\/td>\n<\/tr>\n<tr>\n<td>R1234yf<\/td>\n<td>5<\/td>\n<td>4<\/td>\n<td>-29<\/td>\n<\/tr>\n<tr>\n<td>R134a<\/td>\n<td>12<\/td>\n<td>1430<\/td>\n<td>-26.3<\/td>\n<\/tr>\n<tr>\n<td>R290<\/td>\n<td>0.37<\/td>\n<td>3<\/td>\n<td>-42<\/td>\n<\/tr>\n<tr>\n<td>R32<\/td>\n<td>9<\/td>\n<td>675<\/td>\n<td>-52<\/td>\n<\/tr>\n<tr>\n<td>R404A<\/td>\n<td>9<\/td>\n<td>3922<\/td>\n<td>-46.6<\/td>\n<\/tr>\n<tr>\n<td>R407C<\/td>\n<td>11<\/td>\n<td>1774<\/td>\n<td>-43<\/td>\n<\/tr>\n<tr>\n<td>R410A<\/td>\n<td>9<\/td>\n<td>2088<\/td>\n<td>-48.5<\/td>\n<\/tr>\n<tr>\n<td>R449A<\/td>\n<td>9<\/td>\n<td>1396<\/td>\n<td>-46<\/td>\n<\/tr>\n<tr>\n<td>R452A<\/td>\n<td>9<\/td>\n<td>2139<\/td>\n<td>-47<\/td>\n<\/tr>\n<tr>\n<td>R600a<\/td>\n<td>0.42<\/td>\n<td>3<\/td>\n<td>-11.7<\/td>\n<\/tr>\n<\/tbody>\n<\/table>\n","protected":false},"excerpt":{"rendered":"<p>A h\u0171t\u0151k\u00f6zegek olyan cseppfoly\u00f3s\u00edtott g\u00e1zok, amelyek k\u00e9pesek k\u00fcls\u0151 h\u0151energia-nyeres\u00e9get elnyelni, \u00e9s amelyek termodinamikai tulajdons\u00e1gai alkalmasak a z\u00e1rt h\u0171t\u0151k\u00f6rfolyamatok kialak\u00edt\u00e1s\u00e1ra.  <\/p>\n","protected":false},"featured_media":17857,"template":"","meta":[],"product_brand":[],"product_cat":[417,370,384],"product_tag":[],"class_list":{"0":"post-11922","1":"product","2":"type-product","3":"status-publish","4":"has-post-thumbnail","6":"product_cat-cool-hu","7":"product_cat-professzionalis-hutes","8":"product_cat-vegyi-termekek","10":"first","11":"instock","12":"sold-individually","13":"shipping-taxable","14":"product-type-simple"},"yoast_head":"<!-- This site is optimized with the Yoast SEO plugin v24.3 - https:\/\/yoast.com\/wordpress\/plugins\/seo\/ -->\n<title>Cool | SLOVKLIMA DEIMOS group, s.r.o.<\/title>\n<meta name=\"robots\" content=\"index, follow, max-snippet:-1, max-image-preview:large, max-video-preview:-1\" \/>\n<link rel=\"canonical\" href=\"https:\/\/www.slovklima.sk\/hu\/produkt\/cool\/\" \/>\n<meta property=\"og:locale\" content=\"hu_HU\" \/>\n<meta property=\"og:type\" content=\"article\" \/>\n<meta property=\"og:title\" content=\"Cool | SLOVKLIMA DEIMOS group, s.r.o.\" \/>\n<meta property=\"og:description\" content=\"A h\u0171t\u0151k\u00f6zegek olyan cseppfoly\u00f3s\u00edtott g\u00e1zok, amelyek k\u00e9pesek k\u00fcls\u0151 h\u0151energia-nyeres\u00e9get elnyelni, \u00e9s amelyek termodinamikai tulajdons\u00e1gai alkalmasak a z\u00e1rt h\u0171t\u0151k\u00f6rfolyamatok kialak\u00edt\u00e1s\u00e1ra.\" \/>\n<meta property=\"og:url\" content=\"https:\/\/www.slovklima.sk\/hu\/produkt\/cool\/\" \/>\n<meta property=\"og:site_name\" content=\"SLOVKLIMA DEIMOS group, s.r.o.\" \/>\n<meta property=\"og:image\" content=\"https:\/\/www.slovklima.sk\/wp-content\/uploads\/2024\/04\/slovklima-profi-chladenie-chladiva-1.jpg\" \/>\n\t<meta property=\"og:image:width\" content=\"640\" \/>\n\t<meta property=\"og:image:height\" content=\"800\" \/>\n\t<meta property=\"og:image:type\" content=\"image\/jpeg\" \/>\n<meta name=\"twitter:card\" content=\"summary_large_image\" \/>\n<script type=\"application\/ld+json\" class=\"yoast-schema-graph\">{\"@context\":\"https:\/\/schema.org\",\"@graph\":[{\"@type\":\"WebPage\",\"@id\":\"https:\/\/www.slovklima.sk\/hu\/produkt\/cool\/\",\"url\":\"https:\/\/www.slovklima.sk\/hu\/produkt\/cool\/\",\"name\":\"Cool | SLOVKLIMA DEIMOS group, s.r.o.\",\"isPartOf\":{\"@id\":\"https:\/\/www.slovklima.sk\/#website\"},\"primaryImageOfPage\":{\"@id\":\"https:\/\/www.slovklima.sk\/hu\/produkt\/cool\/#primaryimage\"},\"image\":{\"@id\":\"https:\/\/www.slovklima.sk\/hu\/produkt\/cool\/#primaryimage\"},\"thumbnailUrl\":\"https:\/\/www.slovklima.sk\/wp-content\/uploads\/2024\/04\/slovklima-profi-chladenie-chladiva-1.jpg\",\"datePublished\":\"2024-04-15T11:22:49+00:00\",\"dateModified\":\"2024-04-15T11:22:49+00:00\",\"breadcrumb\":{\"@id\":\"https:\/\/www.slovklima.sk\/hu\/produkt\/cool\/#breadcrumb\"},\"inLanguage\":\"hu\",\"potentialAction\":[{\"@type\":\"ReadAction\",\"target\":[\"https:\/\/www.slovklima.sk\/hu\/produkt\/cool\/\"]}]},{\"@type\":\"ImageObject\",\"inLanguage\":\"hu\",\"@id\":\"https:\/\/www.slovklima.sk\/hu\/produkt\/cool\/#primaryimage\",\"url\":\"https:\/\/www.slovklima.sk\/wp-content\/uploads\/2024\/04\/slovklima-profi-chladenie-chladiva-1.jpg\",\"contentUrl\":\"https:\/\/www.slovklima.sk\/wp-content\/uploads\/2024\/04\/slovklima-profi-chladenie-chladiva-1.jpg\",\"width\":640,\"height\":800},{\"@type\":\"BreadcrumbList\",\"@id\":\"https:\/\/www.slovklima.sk\/hu\/produkt\/cool\/#breadcrumb\",\"itemListElement\":[{\"@type\":\"ListItem\",\"position\":1,\"name\":\"Domovsk\u00e1 str\u00e1nka\",\"item\":\"https:\/\/www.slovklima.sk\/hu\/\"},{\"@type\":\"ListItem\",\"position\":2,\"name\":\"Term\u00e9kek\",\"item\":\"https:\/\/www.slovklima.sk\/termekek\/\"},{\"@type\":\"ListItem\",\"position\":3,\"name\":\"Cool\"}]},{\"@type\":\"WebSite\",\"@id\":\"https:\/\/www.slovklima.sk\/#website\",\"url\":\"https:\/\/www.slovklima.sk\/\",\"name\":\"SLOVKLIMA DEIMOS group, s.r.o.\",\"description\":\"\",\"publisher\":{\"@id\":\"https:\/\/www.slovklima.sk\/#organization\"},\"alternateName\":\"SLOVKLIMA\",\"potentialAction\":[{\"@type\":\"SearchAction\",\"target\":{\"@type\":\"EntryPoint\",\"urlTemplate\":\"https:\/\/www.slovklima.sk\/?s={search_term_string}\"},\"query-input\":{\"@type\":\"PropertyValueSpecification\",\"valueRequired\":true,\"valueName\":\"search_term_string\"}}],\"inLanguage\":\"hu\"},{\"@type\":\"Organization\",\"@id\":\"https:\/\/www.slovklima.sk\/#organization\",\"name\":\"SLOVKLIMA DEIMOS group, s.r.o.\",\"alternateName\":\"SLOVKLIMA\",\"url\":\"https:\/\/www.slovklima.sk\/\",\"logo\":{\"@type\":\"ImageObject\",\"inLanguage\":\"hu\",\"@id\":\"https:\/\/www.slovklima.sk\/#\/schema\/logo\/image\/\",\"url\":\"https:\/\/www.slovklima.sk\/wp-content\/uploads\/2022\/12\/slovklima-logo-black.svg\",\"contentUrl\":\"https:\/\/www.slovklima.sk\/wp-content\/uploads\/2022\/12\/slovklima-logo-black.svg\",\"width\":3218,\"height\":698,\"caption\":\"SLOVKLIMA DEIMOS group, s.r.o.\"},\"image\":{\"@id\":\"https:\/\/www.slovklima.sk\/#\/schema\/logo\/image\/\"}}]}<\/script>\n<!-- \/ Yoast SEO plugin. -->","yoast_head_json":{"title":"Cool | SLOVKLIMA DEIMOS group, s.r.o.","robots":{"index":"index","follow":"follow","max-snippet":"max-snippet:-1","max-image-preview":"max-image-preview:large","max-video-preview":"max-video-preview:-1"},"canonical":"https:\/\/www.slovklima.sk\/hu\/produkt\/cool\/","og_locale":"hu_HU","og_type":"article","og_title":"Cool | SLOVKLIMA DEIMOS group, s.r.o.","og_description":"A h\u0171t\u0151k\u00f6zegek olyan cseppfoly\u00f3s\u00edtott g\u00e1zok, amelyek k\u00e9pesek k\u00fcls\u0151 h\u0151energia-nyeres\u00e9get elnyelni, \u00e9s amelyek termodinamikai tulajdons\u00e1gai alkalmasak a z\u00e1rt h\u0171t\u0151k\u00f6rfolyamatok kialak\u00edt\u00e1s\u00e1ra.","og_url":"https:\/\/www.slovklima.sk\/hu\/produkt\/cool\/","og_site_name":"SLOVKLIMA DEIMOS group, s.r.o.","og_image":[{"width":640,"height":800,"url":"https:\/\/www.slovklima.sk\/wp-content\/uploads\/2024\/04\/slovklima-profi-chladenie-chladiva-1.jpg","type":"image\/jpeg"}],"twitter_card":"summary_large_image","schema":{"@context":"https:\/\/schema.org","@graph":[{"@type":"WebPage","@id":"https:\/\/www.slovklima.sk\/hu\/produkt\/cool\/","url":"https:\/\/www.slovklima.sk\/hu\/produkt\/cool\/","name":"Cool | SLOVKLIMA DEIMOS group, s.r.o.","isPartOf":{"@id":"https:\/\/www.slovklima.sk\/#website"},"primaryImageOfPage":{"@id":"https:\/\/www.slovklima.sk\/hu\/produkt\/cool\/#primaryimage"},"image":{"@id":"https:\/\/www.slovklima.sk\/hu\/produkt\/cool\/#primaryimage"},"thumbnailUrl":"https:\/\/www.slovklima.sk\/wp-content\/uploads\/2024\/04\/slovklima-profi-chladenie-chladiva-1.jpg","datePublished":"2024-04-15T11:22:49+00:00","dateModified":"2024-04-15T11:22:49+00:00","breadcrumb":{"@id":"https:\/\/www.slovklima.sk\/hu\/produkt\/cool\/#breadcrumb"},"inLanguage":"hu","potentialAction":[{"@type":"ReadAction","target":["https:\/\/www.slovklima.sk\/hu\/produkt\/cool\/"]}]},{"@type":"ImageObject","inLanguage":"hu","@id":"https:\/\/www.slovklima.sk\/hu\/produkt\/cool\/#primaryimage","url":"https:\/\/www.slovklima.sk\/wp-content\/uploads\/2024\/04\/slovklima-profi-chladenie-chladiva-1.jpg","contentUrl":"https:\/\/www.slovklima.sk\/wp-content\/uploads\/2024\/04\/slovklima-profi-chladenie-chladiva-1.jpg","width":640,"height":800},{"@type":"BreadcrumbList","@id":"https:\/\/www.slovklima.sk\/hu\/produkt\/cool\/#breadcrumb","itemListElement":[{"@type":"ListItem","position":1,"name":"Domovsk\u00e1 str\u00e1nka","item":"https:\/\/www.slovklima.sk\/hu\/"},{"@type":"ListItem","position":2,"name":"Term\u00e9kek","item":"https:\/\/www.slovklima.sk\/termekek\/"},{"@type":"ListItem","position":3,"name":"Cool"}]},{"@type":"WebSite","@id":"https:\/\/www.slovklima.sk\/#website","url":"https:\/\/www.slovklima.sk\/","name":"SLOVKLIMA DEIMOS group, s.r.o.","description":"","publisher":{"@id":"https:\/\/www.slovklima.sk\/#organization"},"alternateName":"SLOVKLIMA","potentialAction":[{"@type":"SearchAction","target":{"@type":"EntryPoint","urlTemplate":"https:\/\/www.slovklima.sk\/?s={search_term_string}"},"query-input":{"@type":"PropertyValueSpecification","valueRequired":true,"valueName":"search_term_string"}}],"inLanguage":"hu"},{"@type":"Organization","@id":"https:\/\/www.slovklima.sk\/#organization","name":"SLOVKLIMA DEIMOS group, s.r.o.","alternateName":"SLOVKLIMA","url":"https:\/\/www.slovklima.sk\/","logo":{"@type":"ImageObject","inLanguage":"hu","@id":"https:\/\/www.slovklima.sk\/#\/schema\/logo\/image\/","url":"https:\/\/www.slovklima.sk\/wp-content\/uploads\/2022\/12\/slovklima-logo-black.svg","contentUrl":"https:\/\/www.slovklima.sk\/wp-content\/uploads\/2022\/12\/slovklima-logo-black.svg","width":3218,"height":698,"caption":"SLOVKLIMA DEIMOS group, s.r.o."},"image":{"@id":"https:\/\/www.slovklima.sk\/#\/schema\/logo\/image\/"}}]}},"_links":{"self":[{"href":"https:\/\/www.slovklima.sk\/hu\/wp-json\/wp\/v2\/product\/11922","targetHints":{"allow":["GET"]}}],"collection":[{"href":"https:\/\/www.slovklima.sk\/hu\/wp-json\/wp\/v2\/product"}],"about":[{"href":"https:\/\/www.slovklima.sk\/hu\/wp-json\/wp\/v2\/types\/product"}],"wp:featuredmedia":[{"embeddable":true,"href":"https:\/\/www.slovklima.sk\/hu\/wp-json\/wp\/v2\/media\/17857"}],"wp:attachment":[{"href":"https:\/\/www.slovklima.sk\/hu\/wp-json\/wp\/v2\/media?parent=11922"}],"wp:term":[{"taxonomy":"product_brand","embeddable":true,"href":"https:\/\/www.slovklima.sk\/hu\/wp-json\/wp\/v2\/product_brand?post=11922"},{"taxonomy":"product_cat","embeddable":true,"href":"https:\/\/www.slovklima.sk\/hu\/wp-json\/wp\/v2\/product_cat?post=11922"},{"taxonomy":"product_tag","embeddable":true,"href":"https:\/\/www.slovklima.sk\/hu\/wp-json\/wp\/v2\/product_tag?post=11922"}],"curies":[{"name":"wp","href":"https:\/\/api.w.org\/{rel}","templated":true}]}}