{"id":11829,"date":"2024-04-15T10:16:24","date_gmt":"2024-04-15T08:16:24","guid":{"rendered":"https:\/\/www.slovklima.sk\/produkt\/tisztitoszerek\/"},"modified":"2024-04-15T10:16:24","modified_gmt":"2024-04-15T08:16:24","slug":"tisztitoszerek","status":"publish","type":"product","link":"https:\/\/www.slovklima.sk\/hu\/produkt\/tisztitoszerek\/","title":{"rendered":"Tiszt\u00edt\u00f3szerek"},"content":{"rendered":"","protected":false},"excerpt":{"rendered":"<p>A tiszt\u00edt\u00f3szereket kifejezetten arra tervezt\u00e9k, hogy hat\u00e9konyan megtiszt\u00edts\u00e1k a h\u0171t\u0151berendez\u00e9sek cser\u00e9l\u0151fel\u00fcleteit a szennyez\u0151d\u00e9sekt\u0151l, gomb\u00e1kt\u00f3l, pen\u00e9szt\u0151l \u00e9s hasonl\u00f3kt\u00f3l.  <\/p>\n","protected":false},"featured_media":11830,"template":"","meta":[],"product_brand":[],"product_cat":[370,390,384],"product_tag":[],"class_list":{"0":"post-11829","1":"product","2":"type-product","3":"status-publish","4":"has-post-thumbnail","6":"product_cat-professzionalis-hutes","7":"product_cat-tisztitoszerek","8":"product_cat-vegyi-termekek","10":"first","11":"instock","12":"featured","13":"sold-individually","14":"shipping-taxable","15":"product-type-simple"},"yoast_head":"<!-- This site is optimized with the Yoast SEO plugin v24.3 - https:\/\/yoast.com\/wordpress\/plugins\/seo\/ -->\n<title>Tiszt\u00edt\u00f3szerek | SLOVKLIMA DEIMOS group, s.r.o.<\/title>\n<meta name=\"robots\" content=\"index, follow, max-snippet:-1, max-image-preview:large, max-video-preview:-1\" \/>\n<link rel=\"canonical\" href=\"https:\/\/www.slovklima.sk\/?post_type=product&p=9253\" \/>\n<meta property=\"og:locale\" content=\"hu_HU\" \/>\n<meta property=\"og:type\" content=\"article\" \/>\n<meta property=\"og:title\" content=\"Tiszt\u00edt\u00f3szerek | SLOVKLIMA DEIMOS group, s.r.o.\" \/>\n<meta property=\"og:description\" content=\"A tiszt\u00edt\u00f3szereket kifejezetten arra tervezt\u00e9k, hogy hat\u00e9konyan megtiszt\u00edts\u00e1k a h\u0171t\u0151berendez\u00e9sek cser\u00e9l\u0151fel\u00fcleteit a szennyez\u0151d\u00e9sekt\u0151l, gomb\u00e1kt\u00f3l, pen\u00e9szt\u0151l \u00e9s hasonl\u00f3kt\u00f3l.\" \/>\n<meta property=\"og:url\" content=\"https:\/\/www.slovklima.sk\/?post_type=product&amp;p=9253\" \/>\n<meta property=\"og:site_name\" content=\"SLOVKLIMA DEIMOS group, s.r.o.\" \/>\n<meta property=\"og:image\" content=\"https:\/\/www.slovklima.sk\/wp-content\/uploads\/2024\/04\/slovklima-profi-chladenie-cistiace-prostriedky-1.jpg\" \/>\n\t<meta property=\"og:image:width\" content=\"640\" \/>\n\t<meta property=\"og:image:height\" content=\"800\" \/>\n\t<meta property=\"og:image:type\" content=\"image\/jpeg\" \/>\n<meta name=\"twitter:card\" content=\"summary_large_image\" \/>\n<script type=\"application\/ld+json\" class=\"yoast-schema-graph\">{\"@context\":\"https:\/\/schema.org\",\"@graph\":[{\"@type\":\"WebPage\",\"@id\":\"https:\/\/www.slovklima.sk\/?post_type=product&p=9253\",\"url\":\"https:\/\/www.slovklima.sk\/?post_type=product&p=9253\",\"name\":\"Tiszt\u00edt\u00f3szerek | SLOVKLIMA DEIMOS group, s.r.o.\",\"isPartOf\":{\"@id\":\"https:\/\/www.slovklima.sk\/#website\"},\"primaryImageOfPage\":{\"@id\":\"https:\/\/www.slovklima.sk\/?post_type=product&p=9253#primaryimage\"},\"image\":{\"@id\":\"https:\/\/www.slovklima.sk\/?post_type=product&p=9253#primaryimage\"},\"thumbnailUrl\":\"https:\/\/www.slovklima.sk\/wp-content\/uploads\/2024\/04\/slovklima-profi-chladenie-cistiace-prostriedky-1.jpg\",\"datePublished\":\"2024-04-15T08:16:24+00:00\",\"dateModified\":\"2024-04-15T08:16:24+00:00\",\"breadcrumb\":{\"@id\":\"https:\/\/www.slovklima.sk\/?post_type=product&p=9253#breadcrumb\"},\"inLanguage\":\"hu\",\"potentialAction\":[{\"@type\":\"ReadAction\",\"target\":[\"https:\/\/www.slovklima.sk\/?post_type=product&p=9253\"]}]},{\"@type\":\"ImageObject\",\"inLanguage\":\"hu\",\"@id\":\"https:\/\/www.slovklima.sk\/?post_type=product&p=9253#primaryimage\",\"url\":\"https:\/\/www.slovklima.sk\/wp-content\/uploads\/2024\/04\/slovklima-profi-chladenie-cistiace-prostriedky-1.jpg\",\"contentUrl\":\"https:\/\/www.slovklima.sk\/wp-content\/uploads\/2024\/04\/slovklima-profi-chladenie-cistiace-prostriedky-1.jpg\",\"width\":640,\"height\":800},{\"@type\":\"BreadcrumbList\",\"@id\":\"https:\/\/www.slovklima.sk\/?post_type=product&p=9253#breadcrumb\",\"itemListElement\":[{\"@type\":\"ListItem\",\"position\":1,\"name\":\"Domovsk\u00e1 str\u00e1nka\",\"item\":\"https:\/\/www.slovklima.sk\/hu\/\"},{\"@type\":\"ListItem\",\"position\":2,\"name\":\"Term\u00e9kek\",\"item\":\"https:\/\/www.slovklima.sk\/termekek\/\"},{\"@type\":\"ListItem\",\"position\":3,\"name\":\"Tiszt\u00edt\u00f3szerek\"}]},{\"@type\":\"WebSite\",\"@id\":\"https:\/\/www.slovklima.sk\/#website\",\"url\":\"https:\/\/www.slovklima.sk\/\",\"name\":\"SLOVKLIMA DEIMOS group, s.r.o.\",\"description\":\"\",\"publisher\":{\"@id\":\"https:\/\/www.slovklima.sk\/#organization\"},\"alternateName\":\"SLOVKLIMA\",\"potentialAction\":[{\"@type\":\"SearchAction\",\"target\":{\"@type\":\"EntryPoint\",\"urlTemplate\":\"https:\/\/www.slovklima.sk\/?s={search_term_string}\"},\"query-input\":{\"@type\":\"PropertyValueSpecification\",\"valueRequired\":true,\"valueName\":\"search_term_string\"}}],\"inLanguage\":\"hu\"},{\"@type\":\"Organization\",\"@id\":\"https:\/\/www.slovklima.sk\/#organization\",\"name\":\"SLOVKLIMA DEIMOS group, s.r.o.\",\"alternateName\":\"SLOVKLIMA\",\"url\":\"https:\/\/www.slovklima.sk\/\",\"logo\":{\"@type\":\"ImageObject\",\"inLanguage\":\"hu\",\"@id\":\"https:\/\/www.slovklima.sk\/#\/schema\/logo\/image\/\",\"url\":\"https:\/\/www.slovklima.sk\/wp-content\/uploads\/2022\/12\/slovklima-logo-black.svg\",\"contentUrl\":\"https:\/\/www.slovklima.sk\/wp-content\/uploads\/2022\/12\/slovklima-logo-black.svg\",\"width\":3218,\"height\":698,\"caption\":\"SLOVKLIMA DEIMOS group, s.r.o.\"},\"image\":{\"@id\":\"https:\/\/www.slovklima.sk\/#\/schema\/logo\/image\/\"}}]}<\/script>\n<!-- \/ Yoast SEO plugin. -->","yoast_head_json":{"title":"Tiszt\u00edt\u00f3szerek | SLOVKLIMA DEIMOS group, s.r.o.","robots":{"index":"index","follow":"follow","max-snippet":"max-snippet:-1","max-image-preview":"max-image-preview:large","max-video-preview":"max-video-preview:-1"},"canonical":"https:\/\/www.slovklima.sk\/?post_type=product&p=9253","og_locale":"hu_HU","og_type":"article","og_title":"Tiszt\u00edt\u00f3szerek | SLOVKLIMA DEIMOS group, s.r.o.","og_description":"A tiszt\u00edt\u00f3szereket kifejezetten arra tervezt\u00e9k, hogy hat\u00e9konyan megtiszt\u00edts\u00e1k a h\u0171t\u0151berendez\u00e9sek cser\u00e9l\u0151fel\u00fcleteit a szennyez\u0151d\u00e9sekt\u0151l, gomb\u00e1kt\u00f3l, pen\u00e9szt\u0151l \u00e9s hasonl\u00f3kt\u00f3l.","og_url":"https:\/\/www.slovklima.sk\/?post_type=product&p=9253","og_site_name":"SLOVKLIMA DEIMOS group, s.r.o.","og_image":[{"width":640,"height":800,"url":"https:\/\/www.slovklima.sk\/wp-content\/uploads\/2024\/04\/slovklima-profi-chladenie-cistiace-prostriedky-1.jpg","type":"image\/jpeg"}],"twitter_card":"summary_large_image","schema":{"@context":"https:\/\/schema.org","@graph":[{"@type":"WebPage","@id":"https:\/\/www.slovklima.sk\/?post_type=product&p=9253","url":"https:\/\/www.slovklima.sk\/?post_type=product&p=9253","name":"Tiszt\u00edt\u00f3szerek | SLOVKLIMA DEIMOS group, s.r.o.","isPartOf":{"@id":"https:\/\/www.slovklima.sk\/#website"},"primaryImageOfPage":{"@id":"https:\/\/www.slovklima.sk\/?post_type=product&p=9253#primaryimage"},"image":{"@id":"https:\/\/www.slovklima.sk\/?post_type=product&p=9253#primaryimage"},"thumbnailUrl":"https:\/\/www.slovklima.sk\/wp-content\/uploads\/2024\/04\/slovklima-profi-chladenie-cistiace-prostriedky-1.jpg","datePublished":"2024-04-15T08:16:24+00:00","dateModified":"2024-04-15T08:16:24+00:00","breadcrumb":{"@id":"https:\/\/www.slovklima.sk\/?post_type=product&p=9253#breadcrumb"},"inLanguage":"hu","potentialAction":[{"@type":"ReadAction","target":["https:\/\/www.slovklima.sk\/?post_type=product&p=9253"]}]},{"@type":"ImageObject","inLanguage":"hu","@id":"https:\/\/www.slovklima.sk\/?post_type=product&p=9253#primaryimage","url":"https:\/\/www.slovklima.sk\/wp-content\/uploads\/2024\/04\/slovklima-profi-chladenie-cistiace-prostriedky-1.jpg","contentUrl":"https:\/\/www.slovklima.sk\/wp-content\/uploads\/2024\/04\/slovklima-profi-chladenie-cistiace-prostriedky-1.jpg","width":640,"height":800},{"@type":"BreadcrumbList","@id":"https:\/\/www.slovklima.sk\/?post_type=product&p=9253#breadcrumb","itemListElement":[{"@type":"ListItem","position":1,"name":"Domovsk\u00e1 str\u00e1nka","item":"https:\/\/www.slovklima.sk\/hu\/"},{"@type":"ListItem","position":2,"name":"Term\u00e9kek","item":"https:\/\/www.slovklima.sk\/termekek\/"},{"@type":"ListItem","position":3,"name":"Tiszt\u00edt\u00f3szerek"}]},{"@type":"WebSite","@id":"https:\/\/www.slovklima.sk\/#website","url":"https:\/\/www.slovklima.sk\/","name":"SLOVKLIMA DEIMOS group, s.r.o.","description":"","publisher":{"@id":"https:\/\/www.slovklima.sk\/#organization"},"alternateName":"SLOVKLIMA","potentialAction":[{"@type":"SearchAction","target":{"@type":"EntryPoint","urlTemplate":"https:\/\/www.slovklima.sk\/?s={search_term_string}"},"query-input":{"@type":"PropertyValueSpecification","valueRequired":true,"valueName":"search_term_string"}}],"inLanguage":"hu"},{"@type":"Organization","@id":"https:\/\/www.slovklima.sk\/#organization","name":"SLOVKLIMA DEIMOS group, s.r.o.","alternateName":"SLOVKLIMA","url":"https:\/\/www.slovklima.sk\/","logo":{"@type":"ImageObject","inLanguage":"hu","@id":"https:\/\/www.slovklima.sk\/#\/schema\/logo\/image\/","url":"https:\/\/www.slovklima.sk\/wp-content\/uploads\/2022\/12\/slovklima-logo-black.svg","contentUrl":"https:\/\/www.slovklima.sk\/wp-content\/uploads\/2022\/12\/slovklima-logo-black.svg","width":3218,"height":698,"caption":"SLOVKLIMA DEIMOS group, s.r.o."},"image":{"@id":"https:\/\/www.slovklima.sk\/#\/schema\/logo\/image\/"}}]}},"_links":{"self":[{"href":"https:\/\/www.slovklima.sk\/hu\/wp-json\/wp\/v2\/product\/11829","targetHints":{"allow":["GET"]}}],"collection":[{"href":"https:\/\/www.slovklima.sk\/hu\/wp-json\/wp\/v2\/product"}],"about":[{"href":"https:\/\/www.slovklima.sk\/hu\/wp-json\/wp\/v2\/types\/product"}],"wp:featuredmedia":[{"embeddable":true,"href":"https:\/\/www.slovklima.sk\/hu\/wp-json\/wp\/v2\/media\/11830"}],"wp:attachment":[{"href":"https:\/\/www.slovklima.sk\/hu\/wp-json\/wp\/v2\/media?parent=11829"}],"wp:term":[{"taxonomy":"product_brand","embeddable":true,"href":"https:\/\/www.slovklima.sk\/hu\/wp-json\/wp\/v2\/product_brand?post=11829"},{"taxonomy":"product_cat","embeddable":true,"href":"https:\/\/www.slovklima.sk\/hu\/wp-json\/wp\/v2\/product_cat?post=11829"},{"taxonomy":"product_tag","embeddable":true,"href":"https:\/\/www.slovklima.sk\/hu\/wp-json\/wp\/v2\/product_tag?post=11829"}],"curies":[{"name":"wp","href":"https:\/\/api.w.org\/{rel}","templated":true}]}}