{"id":11776,"date":"2024-04-12T14:32:57","date_gmt":"2024-04-12T12:32:57","guid":{"rendered":"https:\/\/www.slovklima.sk\/produkt\/toshiba-vrf-mini-smms-kulteri-egyseg-r410a\/"},"modified":"2024-04-12T14:32:57","modified_gmt":"2024-04-12T12:32:57","slug":"toshiba-vrf-mini-smms-kulteri-egyseg-r410a","status":"publish","type":"product","link":"https:\/\/www.slovklima.sk\/hu\/produkt\/toshiba-vrf-mini-smms-kulteri-egyseg-r410a\/","title":{"rendered":"TOSHIBA VRF MiNi SMMS k\u00fclt\u00e9ri egys\u00e9g R410A"},"content":{"rendered":"","protected":false},"excerpt":{"rendered":"<p><strong>KOMPAKT FORM\u00c1TUM 2 SORRAL<\/strong><\/p>\n<p>Kompakt k\u00fclt\u00e9ri VRF-egys\u00e9g 2 csatorn\u00e1val h\u0171t\u00e9si vagy f\u0171t\u00e9si \u00fczemhez, sz\u00e9les teljes\u00edtm\u00e9nytartom\u00e1nyban. \u00dagy tervezt\u00e9k, hogy kombin\u00e1lhat\u00f3 legyen belt\u00e9ri VRF-egys\u00e9gekkel \u00e9s az egys\u00e9gekhez tartoz\u00f3 szell\u0151ztet\u0151 k\u00e9szletekkel (hullad\u00e9kleveg\u0151-szab\u00e1lyoz\u00e1s).<\/p>\n<p><strong>El\u0151ny\u00f6k:<\/strong><\/p>\n<ul>\n<li>Magas energiahat\u00e9konys\u00e1gi \u00e9rt\u00e9kek<\/li>\n<li>Kompakt egys\u00e9gek ak\u00e1r 14,0 kW h\u0171t\u0151teljes\u00edtm\u00e9nnyel \u00e9s 16,0 kW f\u0171t\u0151teljes\u00edtm\u00e9nnyel<\/li>\n<li>Legfeljebb 10 belt\u00e9ri egys\u00e9g csatlakoztathat\u00f3<\/li>\n<li>2 cs\u00f6ves VRF rendszer: h\u0171t\u00e9s 14 kW-ig vagy f\u0171t\u00e9s 16 kW-ig<\/li>\n<li>1-f\u00e1zis\u00fak\u00e9nt kaphat\u00f3<\/li>\n<li>Rot\u00e1ci\u00f3s kompresszor dupla dugatty\u00faval<\/li>\n<li>Legfeljebb 10 belt\u00e9ri egys\u00e9g csatlakoztathat\u00f3<\/li>\n<\/ul>\n<div class=\"product-icons\"><img decoding=\"async\" class=\"alignnone size-full wp-image-8538\" title=\"H\u0171t\u00e9si teljes\u00edtm\u00e9ny 12,10 - 14,00 kW\" src=\"https:\/\/www.slovklima.sk\/wp-content\/uploads\/2024\/03\/chladiaci-vykon.jpg\" alt=\"H\u0171t\u00e9si teljes\u00edtm\u00e9ny\" width=\"151\" height=\"151\"><img decoding=\"async\" class=\"alignnone size-full wp-image-8534\" title=\"F\u0171t\u00e9si teljes\u00edtm\u00e9ny 12,50 - 16,00 kW\" src=\"https:\/\/www.slovklima.sk\/wp-content\/uploads\/2024\/03\/vykurovaci-vykon.jpg\" alt=\"f\u0171t\u00e9si teljes\u00edtm\u00e9ny\" width=\"151\" height=\"151\"><img decoding=\"async\" class=\"alignnone size-full wp-image-9024\" title=\"ESEER 7,77 - 8,08 M\/M\" src=\"https:\/\/www.slovklima.sk\/wp-content\/uploads\/2023\/11\/icon-energeticka-trieda-ch.jpg\" alt=\"\" width=\"151\" height=\"151\"><img decoding=\"async\" class=\"alignnone size-full wp-image-9023\" title=\"SCOP 3,83 - 3,88 W\/W\" src=\"https:\/\/www.slovklima.sk\/wp-content\/uploads\/2023\/11\/icon-energeticka-trieda-ku.jpg\" alt=\"\" width=\"151\" height=\"151\"><img decoding=\"async\" class=\"alignnone size-full wp-image-9085\" title=\"T\u00e1pegys\u00e9g 220-240\/1\/50 V\/Ph+N\/Hz\" src=\"https:\/\/www.slovklima.sk\/wp-content\/uploads\/2024\/04\/icon-napajnie-napatim.jpg\" alt=\"\" width=\"151\" height=\"151\"><img decoding=\"async\" class=\"alignnone size-full wp-image-8539\" title=\"M\u00e9retek (magass\u00e1g \u00d7 sz\u00e9less\u00e9g \u00d7 m\u00e9lys\u00e9g) 910 x 990 x 390 mm\" src=\"https:\/\/www.slovklima.sk\/wp-content\/uploads\/2024\/03\/rozmery.jpg\" alt=\"M\u00e9retek\" width=\"151\" height=\"151\"><img decoding=\"async\" class=\"alignnone size-full wp-image-8536\" title=\"Hangnyom\u00e1sszint (alacsony\/k\u00f6zepes\/magas) 54 - 58 dB(A)\" src=\"https:\/\/www.slovklima.sk\/wp-content\/uploads\/2024\/03\/akusticky-tlak.jpg\" alt=\"Hangnyom\u00e1sszint\" width=\"151\" height=\"151\"><img decoding=\"async\" class=\"alignnone size-full wp-image-9178\" title=\"Max. csatlakoztathat\u00f3 belt\u00e9ri egys\u00e9gek 8 - 10 db\" src=\"https:\/\/www.slovklima.sk\/wp-content\/uploads\/2024\/04\/icon-pripojitelne-jednotky.jpg\" alt=\"\" width=\"151\" height=\"151\"><\/div>\n","protected":false},"featured_media":11777,"template":"","meta":[],"product_brand":[],"product_cat":[367,353,369],"product_tag":[],"class_list":{"0":"post-11776","1":"product","2":"type-product","3":"status-publish","4":"has-post-thumbnail","6":"product_cat-ipari-egysegek","7":"product_cat-legkondicionalas","8":"product_cat-toshiba-hu-3","10":"first","11":"instock","12":"sold-individually","13":"shipping-taxable","14":"product-type-simple"},"yoast_head":"<!-- This site is optimized with the Yoast SEO plugin v24.3 - https:\/\/yoast.com\/wordpress\/plugins\/seo\/ -->\n<title>TOSHIBA VRF MiNi SMMS k\u00fclt\u00e9ri egys\u00e9g R410A | SLOVKLIMA DEIMOS group, s.r.o.<\/title>\n<meta name=\"robots\" content=\"index, follow, max-snippet:-1, max-image-preview:large, max-video-preview:-1\" \/>\n<link rel=\"canonical\" href=\"https:\/\/www.slovklima.sk\/produkt\/toshiba-vrf-mini-smms-kulteri-egyseg-r410a\/\" \/>\n<meta property=\"og:locale\" content=\"hu_HU\" \/>\n<meta property=\"og:type\" content=\"article\" \/>\n<meta property=\"og:title\" content=\"TOSHIBA VRF MiNi SMMS k\u00fclt\u00e9ri egys\u00e9g R410A | SLOVKLIMA DEIMOS group, s.r.o.\" \/>\n<meta property=\"og:description\" content=\"KOMPAKT FORM\u00c1TUM 2 SORRAL Kompakt k\u00fclt\u00e9ri VRF-egys\u00e9g 2 csatorn\u00e1val h\u0171t\u00e9si vagy f\u0171t\u00e9si \u00fczemhez, sz\u00e9les teljes\u00edtm\u00e9nytartom\u00e1nyban. \u00dagy tervezt\u00e9k, hogy kombin\u00e1lhat\u00f3 legyen belt\u00e9ri VRF-egys\u00e9gekkel \u00e9s az egys\u00e9gekhez tartoz\u00f3 szell\u0151ztet\u0151 k\u00e9szletekkel (hullad\u00e9kleveg\u0151-szab\u00e1lyoz\u00e1s). El\u0151ny\u00f6k:  Magas energiahat\u00e9konys\u00e1gi \u00e9rt\u00e9kek  Kompakt egys\u00e9gek ak\u00e1r 14,0 kW h\u0171t\u0151teljes\u00edtm\u00e9nnyel \u00e9s 16,0 kW f\u0171t\u0151teljes\u00edtm\u00e9nnyel  Legfeljebb 10 belt\u00e9ri egys\u00e9g csatlakoztathat\u00f3  2 cs\u00f6ves VRF rendszer: h\u0171t\u00e9s 14 kW-ig vagy f\u0171t\u00e9s 16 kW-ig  1-f\u00e1zis\u00fak\u00e9nt kaphat\u00f3  Rot\u00e1ci\u00f3s kompresszor dupla dugatty\u00faval  Legfeljebb 10 belt\u00e9ri egys\u00e9g csatlakoztathat\u00f3\" \/>\n<meta property=\"og:url\" content=\"https:\/\/www.slovklima.sk\/produkt\/toshiba-vrf-mini-smms-kulteri-egyseg-r410a\/\" \/>\n<meta property=\"og:site_name\" content=\"SLOVKLIMA DEIMOS group, s.r.o.\" \/>\n<meta property=\"og:image\" content=\"https:\/\/www.slovklima.sk\/wp-content\/uploads\/2025\/03\/slovklima-logo-sk.jpg\" \/>\n\t<meta property=\"og:image:width\" content=\"500\" \/>\n\t<meta property=\"og:image:height\" content=\"230\" \/>\n\t<meta property=\"og:image:type\" content=\"image\/jpeg\" \/>\n<meta name=\"twitter:card\" content=\"summary_large_image\" \/>\n<script type=\"application\/ld+json\" class=\"yoast-schema-graph\">{\"@context\":\"https:\/\/schema.org\",\"@graph\":[{\"@type\":\"WebPage\",\"@id\":\"https:\/\/www.slovklima.sk\/produkt\/toshiba-vrf-mini-smms-kulteri-egyseg-r410a\/\",\"url\":\"https:\/\/www.slovklima.sk\/produkt\/toshiba-vrf-mini-smms-kulteri-egyseg-r410a\/\",\"name\":\"TOSHIBA VRF MiNi SMMS k\u00fclt\u00e9ri egys\u00e9g R410A | SLOVKLIMA DEIMOS group, s.r.o.\",\"isPartOf\":{\"@id\":\"https:\/\/www.slovklima.sk\/#website\"},\"primaryImageOfPage\":{\"@id\":\"https:\/\/www.slovklima.sk\/produkt\/toshiba-vrf-mini-smms-kulteri-egyseg-r410a\/#primaryimage\"},\"image\":{\"@id\":\"https:\/\/www.slovklima.sk\/produkt\/toshiba-vrf-mini-smms-kulteri-egyseg-r410a\/#primaryimage\"},\"thumbnailUrl\":\"https:\/\/www.slovklima.sk\/wp-content\/uploads\/2024\/04\/toshiba-vrf-vonkajsia-mini-smms-single-fan-jednotka-r410a.jpg\",\"datePublished\":\"2024-04-12T12:32:57+00:00\",\"dateModified\":\"2024-04-12T12:32:57+00:00\",\"breadcrumb\":{\"@id\":\"https:\/\/www.slovklima.sk\/produkt\/toshiba-vrf-mini-smms-kulteri-egyseg-r410a\/#breadcrumb\"},\"inLanguage\":\"hu\",\"potentialAction\":[{\"@type\":\"ReadAction\",\"target\":[\"https:\/\/www.slovklima.sk\/produkt\/toshiba-vrf-mini-smms-kulteri-egyseg-r410a\/\"]}]},{\"@type\":\"ImageObject\",\"inLanguage\":\"hu\",\"@id\":\"https:\/\/www.slovklima.sk\/produkt\/toshiba-vrf-mini-smms-kulteri-egyseg-r410a\/#primaryimage\",\"url\":\"https:\/\/www.slovklima.sk\/wp-content\/uploads\/2024\/04\/toshiba-vrf-vonkajsia-mini-smms-single-fan-jednotka-r410a.jpg\",\"contentUrl\":\"https:\/\/www.slovklima.sk\/wp-content\/uploads\/2024\/04\/toshiba-vrf-vonkajsia-mini-smms-single-fan-jednotka-r410a.jpg\",\"width\":800,\"height\":1000},{\"@type\":\"BreadcrumbList\",\"@id\":\"https:\/\/www.slovklima.sk\/produkt\/toshiba-vrf-mini-smms-kulteri-egyseg-r410a\/#breadcrumb\",\"itemListElement\":[{\"@type\":\"ListItem\",\"position\":1,\"name\":\"Domovsk\u00e1 str\u00e1nka\",\"item\":\"https:\/\/www.slovklima.sk\/hu\/\"},{\"@type\":\"ListItem\",\"position\":2,\"name\":\"Term\u00e9kek\",\"item\":\"https:\/\/www.slovklima.sk\/termekek\/\"},{\"@type\":\"ListItem\",\"position\":3,\"name\":\"TOSHIBA VRF MiNi SMMS k\u00fclt\u00e9ri egys\u00e9g R410A\"}]},{\"@type\":\"WebSite\",\"@id\":\"https:\/\/www.slovklima.sk\/#website\",\"url\":\"https:\/\/www.slovklima.sk\/\",\"name\":\"SLOVKLIMA DEIMOS group, s.r.o.\",\"description\":\"\",\"publisher\":{\"@id\":\"https:\/\/www.slovklima.sk\/#organization\"},\"alternateName\":\"SLOVKLIMA\",\"potentialAction\":[{\"@type\":\"SearchAction\",\"target\":{\"@type\":\"EntryPoint\",\"urlTemplate\":\"https:\/\/www.slovklima.sk\/?s={search_term_string}\"},\"query-input\":{\"@type\":\"PropertyValueSpecification\",\"valueRequired\":true,\"valueName\":\"search_term_string\"}}],\"inLanguage\":\"hu\"},{\"@type\":\"Organization\",\"@id\":\"https:\/\/www.slovklima.sk\/#organization\",\"name\":\"SLOVKLIMA DEIMOS group, s.r.o.\",\"alternateName\":\"SLOVKLIMA\",\"url\":\"https:\/\/www.slovklima.sk\/\",\"logo\":{\"@type\":\"ImageObject\",\"inLanguage\":\"hu\",\"@id\":\"https:\/\/www.slovklima.sk\/#\/schema\/logo\/image\/\",\"url\":\"https:\/\/www.slovklima.sk\/wp-content\/uploads\/2022\/12\/slovklima-logo-black.svg\",\"contentUrl\":\"https:\/\/www.slovklima.sk\/wp-content\/uploads\/2022\/12\/slovklima-logo-black.svg\",\"width\":3218,\"height\":698,\"caption\":\"SLOVKLIMA DEIMOS group, s.r.o.\"},\"image\":{\"@id\":\"https:\/\/www.slovklima.sk\/#\/schema\/logo\/image\/\"}}]}<\/script>\n<!-- \/ Yoast SEO plugin. -->","yoast_head_json":{"title":"TOSHIBA VRF MiNi SMMS k\u00fclt\u00e9ri egys\u00e9g R410A | SLOVKLIMA DEIMOS group, s.r.o.","robots":{"index":"index","follow":"follow","max-snippet":"max-snippet:-1","max-image-preview":"max-image-preview:large","max-video-preview":"max-video-preview:-1"},"canonical":"https:\/\/www.slovklima.sk\/produkt\/toshiba-vrf-mini-smms-kulteri-egyseg-r410a\/","og_locale":"hu_HU","og_type":"article","og_title":"TOSHIBA VRF MiNi SMMS k\u00fclt\u00e9ri egys\u00e9g R410A | SLOVKLIMA DEIMOS group, s.r.o.","og_description":"KOMPAKT FORM\u00c1TUM 2 SORRAL Kompakt k\u00fclt\u00e9ri VRF-egys\u00e9g 2 csatorn\u00e1val h\u0171t\u00e9si vagy f\u0171t\u00e9si \u00fczemhez, sz\u00e9les teljes\u00edtm\u00e9nytartom\u00e1nyban. \u00dagy tervezt\u00e9k, hogy kombin\u00e1lhat\u00f3 legyen belt\u00e9ri VRF-egys\u00e9gekkel \u00e9s az egys\u00e9gekhez tartoz\u00f3 szell\u0151ztet\u0151 k\u00e9szletekkel (hullad\u00e9kleveg\u0151-szab\u00e1lyoz\u00e1s). El\u0151ny\u00f6k:  Magas energiahat\u00e9konys\u00e1gi \u00e9rt\u00e9kek  Kompakt egys\u00e9gek ak\u00e1r 14,0 kW h\u0171t\u0151teljes\u00edtm\u00e9nnyel \u00e9s 16,0 kW f\u0171t\u0151teljes\u00edtm\u00e9nnyel  Legfeljebb 10 belt\u00e9ri egys\u00e9g csatlakoztathat\u00f3  2 cs\u00f6ves VRF rendszer: h\u0171t\u00e9s 14 kW-ig vagy f\u0171t\u00e9s 16 kW-ig  1-f\u00e1zis\u00fak\u00e9nt kaphat\u00f3  Rot\u00e1ci\u00f3s kompresszor dupla dugatty\u00faval  Legfeljebb 10 belt\u00e9ri egys\u00e9g csatlakoztathat\u00f3","og_url":"https:\/\/www.slovklima.sk\/produkt\/toshiba-vrf-mini-smms-kulteri-egyseg-r410a\/","og_site_name":"SLOVKLIMA DEIMOS group, s.r.o.","og_image":[{"width":500,"height":230,"url":"https:\/\/www.slovklima.sk\/wp-content\/uploads\/2025\/03\/slovklima-logo-sk.jpg","type":"image\/jpeg"}],"twitter_card":"summary_large_image","schema":{"@context":"https:\/\/schema.org","@graph":[{"@type":"WebPage","@id":"https:\/\/www.slovklima.sk\/produkt\/toshiba-vrf-mini-smms-kulteri-egyseg-r410a\/","url":"https:\/\/www.slovklima.sk\/produkt\/toshiba-vrf-mini-smms-kulteri-egyseg-r410a\/","name":"TOSHIBA VRF MiNi SMMS k\u00fclt\u00e9ri egys\u00e9g R410A | SLOVKLIMA DEIMOS group, s.r.o.","isPartOf":{"@id":"https:\/\/www.slovklima.sk\/#website"},"primaryImageOfPage":{"@id":"https:\/\/www.slovklima.sk\/produkt\/toshiba-vrf-mini-smms-kulteri-egyseg-r410a\/#primaryimage"},"image":{"@id":"https:\/\/www.slovklima.sk\/produkt\/toshiba-vrf-mini-smms-kulteri-egyseg-r410a\/#primaryimage"},"thumbnailUrl":"https:\/\/www.slovklima.sk\/wp-content\/uploads\/2024\/04\/toshiba-vrf-vonkajsia-mini-smms-single-fan-jednotka-r410a.jpg","datePublished":"2024-04-12T12:32:57+00:00","dateModified":"2024-04-12T12:32:57+00:00","breadcrumb":{"@id":"https:\/\/www.slovklima.sk\/produkt\/toshiba-vrf-mini-smms-kulteri-egyseg-r410a\/#breadcrumb"},"inLanguage":"hu","potentialAction":[{"@type":"ReadAction","target":["https:\/\/www.slovklima.sk\/produkt\/toshiba-vrf-mini-smms-kulteri-egyseg-r410a\/"]}]},{"@type":"ImageObject","inLanguage":"hu","@id":"https:\/\/www.slovklima.sk\/produkt\/toshiba-vrf-mini-smms-kulteri-egyseg-r410a\/#primaryimage","url":"https:\/\/www.slovklima.sk\/wp-content\/uploads\/2024\/04\/toshiba-vrf-vonkajsia-mini-smms-single-fan-jednotka-r410a.jpg","contentUrl":"https:\/\/www.slovklima.sk\/wp-content\/uploads\/2024\/04\/toshiba-vrf-vonkajsia-mini-smms-single-fan-jednotka-r410a.jpg","width":800,"height":1000},{"@type":"BreadcrumbList","@id":"https:\/\/www.slovklima.sk\/produkt\/toshiba-vrf-mini-smms-kulteri-egyseg-r410a\/#breadcrumb","itemListElement":[{"@type":"ListItem","position":1,"name":"Domovsk\u00e1 str\u00e1nka","item":"https:\/\/www.slovklima.sk\/hu\/"},{"@type":"ListItem","position":2,"name":"Term\u00e9kek","item":"https:\/\/www.slovklima.sk\/termekek\/"},{"@type":"ListItem","position":3,"name":"TOSHIBA VRF MiNi SMMS k\u00fclt\u00e9ri egys\u00e9g R410A"}]},{"@type":"WebSite","@id":"https:\/\/www.slovklima.sk\/#website","url":"https:\/\/www.slovklima.sk\/","name":"SLOVKLIMA DEIMOS group, s.r.o.","description":"","publisher":{"@id":"https:\/\/www.slovklima.sk\/#organization"},"alternateName":"SLOVKLIMA","potentialAction":[{"@type":"SearchAction","target":{"@type":"EntryPoint","urlTemplate":"https:\/\/www.slovklima.sk\/?s={search_term_string}"},"query-input":{"@type":"PropertyValueSpecification","valueRequired":true,"valueName":"search_term_string"}}],"inLanguage":"hu"},{"@type":"Organization","@id":"https:\/\/www.slovklima.sk\/#organization","name":"SLOVKLIMA DEIMOS group, s.r.o.","alternateName":"SLOVKLIMA","url":"https:\/\/www.slovklima.sk\/","logo":{"@type":"ImageObject","inLanguage":"hu","@id":"https:\/\/www.slovklima.sk\/#\/schema\/logo\/image\/","url":"https:\/\/www.slovklima.sk\/wp-content\/uploads\/2022\/12\/slovklima-logo-black.svg","contentUrl":"https:\/\/www.slovklima.sk\/wp-content\/uploads\/2022\/12\/slovklima-logo-black.svg","width":3218,"height":698,"caption":"SLOVKLIMA DEIMOS group, s.r.o."},"image":{"@id":"https:\/\/www.slovklima.sk\/#\/schema\/logo\/image\/"}}]}},"_links":{"self":[{"href":"https:\/\/www.slovklima.sk\/hu\/wp-json\/wp\/v2\/product\/11776","targetHints":{"allow":["GET"]}}],"collection":[{"href":"https:\/\/www.slovklima.sk\/hu\/wp-json\/wp\/v2\/product"}],"about":[{"href":"https:\/\/www.slovklima.sk\/hu\/wp-json\/wp\/v2\/types\/product"}],"wp:featuredmedia":[{"embeddable":true,"href":"https:\/\/www.slovklima.sk\/hu\/wp-json\/wp\/v2\/media\/11777"}],"wp:attachment":[{"href":"https:\/\/www.slovklima.sk\/hu\/wp-json\/wp\/v2\/media?parent=11776"}],"wp:term":[{"taxonomy":"product_brand","embeddable":true,"href":"https:\/\/www.slovklima.sk\/hu\/wp-json\/wp\/v2\/product_brand?post=11776"},{"taxonomy":"product_cat","embeddable":true,"href":"https:\/\/www.slovklima.sk\/hu\/wp-json\/wp\/v2\/product_cat?post=11776"},{"taxonomy":"product_tag","embeddable":true,"href":"https:\/\/www.slovklima.sk\/hu\/wp-json\/wp\/v2\/product_tag?post=11776"}],"curies":[{"name":"wp","href":"https:\/\/api.w.org\/{rel}","templated":true}]}}