{"id":11739,"date":"2024-04-12T10:20:48","date_gmt":"2024-04-12T08:20:48","guid":{"rendered":"https:\/\/www.slovklima.sk\/produkt\/toshiba-vrf-kazettas-4-utas-egyseg-standard-r410a-r32\/"},"modified":"2024-04-12T10:20:48","modified_gmt":"2024-04-12T08:20:48","slug":"toshiba-vrf-kazettas-4-utas-egyseg-standard-r410a-r32","status":"publish","type":"product","link":"https:\/\/www.slovklima.sk\/hu\/produkt\/toshiba-vrf-kazettas-4-utas-egyseg-standard-r410a-r32\/","title":{"rendered":"TOSHIBA VRF kazett\u00e1s 4 utas egys\u00e9g STANDARD R410A\/R32"},"content":{"rendered":"","protected":false},"excerpt":{"rendered":"<p><strong>360\u00b0 CLASSIC<\/strong><\/p>\n<p>4-utas szabv\u00e1nyos kazett\u00e1s egys\u00e9g a MiNi-SMMS-e, SMMS-e, SMMS-u \u00e9s SHRM-e sorozat\u00fa k\u00fclt\u00e9ri VRF-egys\u00e9gekkel val\u00f3 kombin\u00e1ci\u00f3hoz. Egy\u00e9ni k\u00e9nyelem, m\u00e9g nagy terekben is, nagy teljes\u00edtm\u00e9nyfelv\u00e9tellel. T\u00edzf\u00e9le teljes\u00edtm\u00e9nyben kaphat\u00f3 2,8 \u00e9s 16,0 kW k\u00f6z\u00f6tt.<\/p>\n<p>A <strong>klasszikus 360\u00b0-os k\u00e9sz\u00fcl\u00e9k <\/strong>az optim\u00e1lis 360\u00b0-os l\u00e9geloszt\u00e1shoz \u00e9s az egy\u00e9ni k\u00e9nyelemhez &#8211; m\u00e9g a nagy teljes\u00edtm\u00e9nyt ig\u00e9nyl\u0151 nagy helyis\u00e9gekben is.<\/p>\n<p><strong>El\u0151ny\u00f6k:<\/strong><\/p>\n<ul>\n<li>Kiv\u00e1l\u00f3 hat\u00e9konys\u00e1gi fokozatok<\/li>\n<li>K\u00e9t panel k\u00f6z\u00fcl v\u00e1laszthat<\/li>\n<li>K\u00fcls\u0151 frissleveg\u0151-ell\u00e1t\u00e1ssal<\/li>\n<\/ul>\n<div class=\"product-icons\"><img decoding=\"async\" class=\"alignnone size-full wp-image-8538\" title=\"H\u0171t\u0151teljes\u00edtm\u00e9ny 2,80 - 16,00 kW\" src=\"https:\/\/www.slovklima.sk\/wp-content\/uploads\/2024\/03\/chladiaci-vykon.jpg\" alt=\"H\u0171t\u00e9si teljes\u00edtm\u00e9ny\" width=\"151\" height=\"151\"><img decoding=\"async\" class=\"alignnone size-full wp-image-8534\" title=\"F\u0171t\u00e9si teljes\u00edtm\u00e9ny 3,20 - 18,00 kW\" src=\"https:\/\/www.slovklima.sk\/wp-content\/uploads\/2024\/03\/vykurovaci-vykon.jpg\" alt=\"f\u0171t\u00e9si teljes\u00edtm\u00e9ny\" width=\"151\" height=\"151\"><img decoding=\"async\" class=\"alignnone size-full wp-image-8539\" title=\"M\u00e9retek (magass\u00e1g \u00d7 sz\u00e9less\u00e9g \u00d7 m\u00e9lys\u00e9g) 256 x 840 x 840 - 319 x 840 x 840 mm\" src=\"https:\/\/www.slovklima.sk\/wp-content\/uploads\/2024\/03\/rozmery.jpg\" alt=\"M\u00e9retek\" width=\"151\" height=\"151\"><img decoding=\"async\" class=\"size-full wp-image-8536\" title=\"Hangnyom\u00e1sszint (alacsony\/k\u00f6zepes\/magas) 27 - 46 dB(A)\" src=\"https:\/\/www.slovklima.sk\/wp-content\/uploads\/2024\/03\/akusticky-tlak.jpg\" width=\"151\" height=\"151\"><img decoding=\"async\" class=\"alignnone size-full wp-image-8535\" title=\"Leveg\u0151teljes\u00edtm\u00e9ny 680 - 2130 m\u00b3\/h\" src=\"https:\/\/www.slovklima.sk\/wp-content\/uploads\/2024\/03\/vzduchovy-vykon.jpg\" alt=\"l\u00e9gier\u0151\" width=\"151\" height=\"151\"><\/div>\n","protected":false},"featured_media":11741,"template":"","meta":[],"product_brand":[],"product_cat":[367,353,369],"product_tag":[],"class_list":{"0":"post-11739","1":"product","2":"type-product","3":"status-publish","4":"has-post-thumbnail","6":"product_cat-ipari-egysegek","7":"product_cat-legkondicionalas","8":"product_cat-toshiba-hu-3","10":"first","11":"instock","12":"shipping-taxable","13":"product-type-simple"},"yoast_head":"<!-- This site is optimized with the Yoast SEO plugin v24.3 - https:\/\/yoast.com\/wordpress\/plugins\/seo\/ -->\n<title>TOSHIBA VRF kazett\u00e1s 4 utas egys\u00e9g STANDARD R410A\/R32 | SLOVKLIMA DEIMOS group, s.r.o.<\/title>\n<meta name=\"robots\" content=\"index, follow, max-snippet:-1, max-image-preview:large, max-video-preview:-1\" \/>\n<link rel=\"canonical\" href=\"https:\/\/www.slovklima.sk\/produkt\/toshiba-vrf-kazettas-4-utas-egyseg-standard-r410a-r32\/\" \/>\n<meta property=\"og:locale\" content=\"hu_HU\" \/>\n<meta property=\"og:type\" content=\"article\" \/>\n<meta property=\"og:title\" content=\"TOSHIBA VRF kazett\u00e1s 4 utas egys\u00e9g STANDARD R410A\/R32 | SLOVKLIMA DEIMOS group, s.r.o.\" \/>\n<meta property=\"og:description\" content=\"360\u00b0 CLASSIC 4-utas szabv\u00e1nyos kazett\u00e1s egys\u00e9g a MiNi-SMMS-e, SMMS-e, SMMS-u \u00e9s SHRM-e sorozat\u00fa k\u00fclt\u00e9ri VRF-egys\u00e9gekkel val\u00f3 kombin\u00e1ci\u00f3hoz. Egy\u00e9ni k\u00e9nyelem, m\u00e9g nagy terekben is, nagy teljes\u00edtm\u00e9nyfelv\u00e9tellel. T\u00edzf\u00e9le teljes\u00edtm\u00e9nyben kaphat\u00f3 2,8 \u00e9s 16,0 kW k\u00f6z\u00f6tt. A klasszikus 360\u00b0-os k\u00e9sz\u00fcl\u00e9k az optim\u00e1lis 360\u00b0-os l\u00e9geloszt\u00e1shoz \u00e9s az egy\u00e9ni k\u00e9nyelemhez - m\u00e9g a nagy teljes\u00edtm\u00e9nyt ig\u00e9nyl\u0151 nagy helyis\u00e9gekben is. El\u0151ny\u00f6k:  Kiv\u00e1l\u00f3 hat\u00e9konys\u00e1gi fokozatok  K\u00e9t panel k\u00f6z\u00fcl v\u00e1laszthat  K\u00fcls\u0151 frissleveg\u0151-ell\u00e1t\u00e1ssal\" \/>\n<meta property=\"og:url\" content=\"https:\/\/www.slovklima.sk\/produkt\/toshiba-vrf-kazettas-4-utas-egyseg-standard-r410a-r32\/\" \/>\n<meta property=\"og:site_name\" content=\"SLOVKLIMA DEIMOS group, s.r.o.\" \/>\n<meta property=\"og:image\" content=\"https:\/\/www.slovklima.sk\/wp-content\/uploads\/2025\/03\/slovklima-logo-sk.jpg\" \/>\n\t<meta property=\"og:image:width\" content=\"500\" \/>\n\t<meta property=\"og:image:height\" content=\"230\" \/>\n\t<meta property=\"og:image:type\" content=\"image\/jpeg\" \/>\n<meta name=\"twitter:card\" content=\"summary_large_image\" \/>\n<script type=\"application\/ld+json\" class=\"yoast-schema-graph\">{\"@context\":\"https:\/\/schema.org\",\"@graph\":[{\"@type\":\"WebPage\",\"@id\":\"https:\/\/www.slovklima.sk\/produkt\/toshiba-vrf-kazettas-4-utas-egyseg-standard-r410a-r32\/\",\"url\":\"https:\/\/www.slovklima.sk\/produkt\/toshiba-vrf-kazettas-4-utas-egyseg-standard-r410a-r32\/\",\"name\":\"TOSHIBA VRF kazett\u00e1s 4 utas egys\u00e9g STANDARD R410A\/R32 | SLOVKLIMA DEIMOS group, s.r.o.\",\"isPartOf\":{\"@id\":\"https:\/\/www.slovklima.sk\/#website\"},\"primaryImageOfPage\":{\"@id\":\"https:\/\/www.slovklima.sk\/produkt\/toshiba-vrf-kazettas-4-utas-egyseg-standard-r410a-r32\/#primaryimage\"},\"image\":{\"@id\":\"https:\/\/www.slovklima.sk\/produkt\/toshiba-vrf-kazettas-4-utas-egyseg-standard-r410a-r32\/#primaryimage\"},\"thumbnailUrl\":\"https:\/\/www.slovklima.sk\/wp-content\/uploads\/2024\/04\/toshiba-vrf-kazetova-vnutorna-standard-4-cestna-jednotka-r410a-r32.jpg\",\"datePublished\":\"2024-04-12T08:20:48+00:00\",\"dateModified\":\"2024-04-12T08:20:48+00:00\",\"breadcrumb\":{\"@id\":\"https:\/\/www.slovklima.sk\/produkt\/toshiba-vrf-kazettas-4-utas-egyseg-standard-r410a-r32\/#breadcrumb\"},\"inLanguage\":\"hu\",\"potentialAction\":[{\"@type\":\"ReadAction\",\"target\":[\"https:\/\/www.slovklima.sk\/produkt\/toshiba-vrf-kazettas-4-utas-egyseg-standard-r410a-r32\/\"]}]},{\"@type\":\"ImageObject\",\"inLanguage\":\"hu\",\"@id\":\"https:\/\/www.slovklima.sk\/produkt\/toshiba-vrf-kazettas-4-utas-egyseg-standard-r410a-r32\/#primaryimage\",\"url\":\"https:\/\/www.slovklima.sk\/wp-content\/uploads\/2024\/04\/toshiba-vrf-kazetova-vnutorna-standard-4-cestna-jednotka-r410a-r32.jpg\",\"contentUrl\":\"https:\/\/www.slovklima.sk\/wp-content\/uploads\/2024\/04\/toshiba-vrf-kazetova-vnutorna-standard-4-cestna-jednotka-r410a-r32.jpg\",\"width\":800,\"height\":1000},{\"@type\":\"BreadcrumbList\",\"@id\":\"https:\/\/www.slovklima.sk\/produkt\/toshiba-vrf-kazettas-4-utas-egyseg-standard-r410a-r32\/#breadcrumb\",\"itemListElement\":[{\"@type\":\"ListItem\",\"position\":1,\"name\":\"Domovsk\u00e1 str\u00e1nka\",\"item\":\"https:\/\/www.slovklima.sk\/hu\/\"},{\"@type\":\"ListItem\",\"position\":2,\"name\":\"Term\u00e9kek\",\"item\":\"https:\/\/www.slovklima.sk\/termekek\/\"},{\"@type\":\"ListItem\",\"position\":3,\"name\":\"TOSHIBA VRF kazett\u00e1s 4 utas egys\u00e9g STANDARD R410A\/R32\"}]},{\"@type\":\"WebSite\",\"@id\":\"https:\/\/www.slovklima.sk\/#website\",\"url\":\"https:\/\/www.slovklima.sk\/\",\"name\":\"SLOVKLIMA DEIMOS group, s.r.o.\",\"description\":\"\",\"publisher\":{\"@id\":\"https:\/\/www.slovklima.sk\/#organization\"},\"alternateName\":\"SLOVKLIMA\",\"potentialAction\":[{\"@type\":\"SearchAction\",\"target\":{\"@type\":\"EntryPoint\",\"urlTemplate\":\"https:\/\/www.slovklima.sk\/?s={search_term_string}\"},\"query-input\":{\"@type\":\"PropertyValueSpecification\",\"valueRequired\":true,\"valueName\":\"search_term_string\"}}],\"inLanguage\":\"hu\"},{\"@type\":\"Organization\",\"@id\":\"https:\/\/www.slovklima.sk\/#organization\",\"name\":\"SLOVKLIMA DEIMOS group, s.r.o.\",\"alternateName\":\"SLOVKLIMA\",\"url\":\"https:\/\/www.slovklima.sk\/\",\"logo\":{\"@type\":\"ImageObject\",\"inLanguage\":\"hu\",\"@id\":\"https:\/\/www.slovklima.sk\/#\/schema\/logo\/image\/\",\"url\":\"https:\/\/www.slovklima.sk\/wp-content\/uploads\/2022\/12\/slovklima-logo-black.svg\",\"contentUrl\":\"https:\/\/www.slovklima.sk\/wp-content\/uploads\/2022\/12\/slovklima-logo-black.svg\",\"width\":3218,\"height\":698,\"caption\":\"SLOVKLIMA DEIMOS group, s.r.o.\"},\"image\":{\"@id\":\"https:\/\/www.slovklima.sk\/#\/schema\/logo\/image\/\"}}]}<\/script>\n<!-- \/ Yoast SEO plugin. -->","yoast_head_json":{"title":"TOSHIBA VRF kazett\u00e1s 4 utas egys\u00e9g STANDARD R410A\/R32 | SLOVKLIMA DEIMOS group, s.r.o.","robots":{"index":"index","follow":"follow","max-snippet":"max-snippet:-1","max-image-preview":"max-image-preview:large","max-video-preview":"max-video-preview:-1"},"canonical":"https:\/\/www.slovklima.sk\/produkt\/toshiba-vrf-kazettas-4-utas-egyseg-standard-r410a-r32\/","og_locale":"hu_HU","og_type":"article","og_title":"TOSHIBA VRF kazett\u00e1s 4 utas egys\u00e9g STANDARD R410A\/R32 | SLOVKLIMA DEIMOS group, s.r.o.","og_description":"360\u00b0 CLASSIC 4-utas szabv\u00e1nyos kazett\u00e1s egys\u00e9g a MiNi-SMMS-e, SMMS-e, SMMS-u \u00e9s SHRM-e sorozat\u00fa k\u00fclt\u00e9ri VRF-egys\u00e9gekkel val\u00f3 kombin\u00e1ci\u00f3hoz. Egy\u00e9ni k\u00e9nyelem, m\u00e9g nagy terekben is, nagy teljes\u00edtm\u00e9nyfelv\u00e9tellel. T\u00edzf\u00e9le teljes\u00edtm\u00e9nyben kaphat\u00f3 2,8 \u00e9s 16,0 kW k\u00f6z\u00f6tt. A klasszikus 360\u00b0-os k\u00e9sz\u00fcl\u00e9k az optim\u00e1lis 360\u00b0-os l\u00e9geloszt\u00e1shoz \u00e9s az egy\u00e9ni k\u00e9nyelemhez - m\u00e9g a nagy teljes\u00edtm\u00e9nyt ig\u00e9nyl\u0151 nagy helyis\u00e9gekben is. El\u0151ny\u00f6k:  Kiv\u00e1l\u00f3 hat\u00e9konys\u00e1gi fokozatok  K\u00e9t panel k\u00f6z\u00fcl v\u00e1laszthat  K\u00fcls\u0151 frissleveg\u0151-ell\u00e1t\u00e1ssal","og_url":"https:\/\/www.slovklima.sk\/produkt\/toshiba-vrf-kazettas-4-utas-egyseg-standard-r410a-r32\/","og_site_name":"SLOVKLIMA DEIMOS group, s.r.o.","og_image":[{"width":500,"height":230,"url":"https:\/\/www.slovklima.sk\/wp-content\/uploads\/2025\/03\/slovklima-logo-sk.jpg","type":"image\/jpeg"}],"twitter_card":"summary_large_image","schema":{"@context":"https:\/\/schema.org","@graph":[{"@type":"WebPage","@id":"https:\/\/www.slovklima.sk\/produkt\/toshiba-vrf-kazettas-4-utas-egyseg-standard-r410a-r32\/","url":"https:\/\/www.slovklima.sk\/produkt\/toshiba-vrf-kazettas-4-utas-egyseg-standard-r410a-r32\/","name":"TOSHIBA VRF kazett\u00e1s 4 utas egys\u00e9g STANDARD R410A\/R32 | SLOVKLIMA DEIMOS group, s.r.o.","isPartOf":{"@id":"https:\/\/www.slovklima.sk\/#website"},"primaryImageOfPage":{"@id":"https:\/\/www.slovklima.sk\/produkt\/toshiba-vrf-kazettas-4-utas-egyseg-standard-r410a-r32\/#primaryimage"},"image":{"@id":"https:\/\/www.slovklima.sk\/produkt\/toshiba-vrf-kazettas-4-utas-egyseg-standard-r410a-r32\/#primaryimage"},"thumbnailUrl":"https:\/\/www.slovklima.sk\/wp-content\/uploads\/2024\/04\/toshiba-vrf-kazetova-vnutorna-standard-4-cestna-jednotka-r410a-r32.jpg","datePublished":"2024-04-12T08:20:48+00:00","dateModified":"2024-04-12T08:20:48+00:00","breadcrumb":{"@id":"https:\/\/www.slovklima.sk\/produkt\/toshiba-vrf-kazettas-4-utas-egyseg-standard-r410a-r32\/#breadcrumb"},"inLanguage":"hu","potentialAction":[{"@type":"ReadAction","target":["https:\/\/www.slovklima.sk\/produkt\/toshiba-vrf-kazettas-4-utas-egyseg-standard-r410a-r32\/"]}]},{"@type":"ImageObject","inLanguage":"hu","@id":"https:\/\/www.slovklima.sk\/produkt\/toshiba-vrf-kazettas-4-utas-egyseg-standard-r410a-r32\/#primaryimage","url":"https:\/\/www.slovklima.sk\/wp-content\/uploads\/2024\/04\/toshiba-vrf-kazetova-vnutorna-standard-4-cestna-jednotka-r410a-r32.jpg","contentUrl":"https:\/\/www.slovklima.sk\/wp-content\/uploads\/2024\/04\/toshiba-vrf-kazetova-vnutorna-standard-4-cestna-jednotka-r410a-r32.jpg","width":800,"height":1000},{"@type":"BreadcrumbList","@id":"https:\/\/www.slovklima.sk\/produkt\/toshiba-vrf-kazettas-4-utas-egyseg-standard-r410a-r32\/#breadcrumb","itemListElement":[{"@type":"ListItem","position":1,"name":"Domovsk\u00e1 str\u00e1nka","item":"https:\/\/www.slovklima.sk\/hu\/"},{"@type":"ListItem","position":2,"name":"Term\u00e9kek","item":"https:\/\/www.slovklima.sk\/termekek\/"},{"@type":"ListItem","position":3,"name":"TOSHIBA VRF kazett\u00e1s 4 utas egys\u00e9g STANDARD R410A\/R32"}]},{"@type":"WebSite","@id":"https:\/\/www.slovklima.sk\/#website","url":"https:\/\/www.slovklima.sk\/","name":"SLOVKLIMA DEIMOS group, s.r.o.","description":"","publisher":{"@id":"https:\/\/www.slovklima.sk\/#organization"},"alternateName":"SLOVKLIMA","potentialAction":[{"@type":"SearchAction","target":{"@type":"EntryPoint","urlTemplate":"https:\/\/www.slovklima.sk\/?s={search_term_string}"},"query-input":{"@type":"PropertyValueSpecification","valueRequired":true,"valueName":"search_term_string"}}],"inLanguage":"hu"},{"@type":"Organization","@id":"https:\/\/www.slovklima.sk\/#organization","name":"SLOVKLIMA DEIMOS group, s.r.o.","alternateName":"SLOVKLIMA","url":"https:\/\/www.slovklima.sk\/","logo":{"@type":"ImageObject","inLanguage":"hu","@id":"https:\/\/www.slovklima.sk\/#\/schema\/logo\/image\/","url":"https:\/\/www.slovklima.sk\/wp-content\/uploads\/2022\/12\/slovklima-logo-black.svg","contentUrl":"https:\/\/www.slovklima.sk\/wp-content\/uploads\/2022\/12\/slovklima-logo-black.svg","width":3218,"height":698,"caption":"SLOVKLIMA DEIMOS group, s.r.o."},"image":{"@id":"https:\/\/www.slovklima.sk\/#\/schema\/logo\/image\/"}}]}},"_links":{"self":[{"href":"https:\/\/www.slovklima.sk\/hu\/wp-json\/wp\/v2\/product\/11739","targetHints":{"allow":["GET"]}}],"collection":[{"href":"https:\/\/www.slovklima.sk\/hu\/wp-json\/wp\/v2\/product"}],"about":[{"href":"https:\/\/www.slovklima.sk\/hu\/wp-json\/wp\/v2\/types\/product"}],"wp:featuredmedia":[{"embeddable":true,"href":"https:\/\/www.slovklima.sk\/hu\/wp-json\/wp\/v2\/media\/11741"}],"wp:attachment":[{"href":"https:\/\/www.slovklima.sk\/hu\/wp-json\/wp\/v2\/media?parent=11739"}],"wp:term":[{"taxonomy":"product_brand","embeddable":true,"href":"https:\/\/www.slovklima.sk\/hu\/wp-json\/wp\/v2\/product_brand?post=11739"},{"taxonomy":"product_cat","embeddable":true,"href":"https:\/\/www.slovklima.sk\/hu\/wp-json\/wp\/v2\/product_cat?post=11739"},{"taxonomy":"product_tag","embeddable":true,"href":"https:\/\/www.slovklima.sk\/hu\/wp-json\/wp\/v2\/product_tag?post=11739"}],"curies":[{"name":"wp","href":"https:\/\/api.w.org\/{rel}","templated":true}]}}