{"id":11736,"date":"2024-04-12T10:14:54","date_gmt":"2024-04-12T08:14:54","guid":{"rendered":"https:\/\/www.slovklima.sk\/produkt\/toshiba-vrf-slim-60x60-r410a-r32-kazettaegyseg-toshiba-vrf-slim-60x60-r410a-r32\/"},"modified":"2024-04-12T10:14:54","modified_gmt":"2024-04-12T08:14:54","slug":"toshiba-vrf-slim-60x60-r410a-r32-kazettaegyseg-toshiba-vrf-slim-60x60-r410a-r32","status":"publish","type":"product","link":"https:\/\/www.slovklima.sk\/hu\/produkt\/toshiba-vrf-slim-60x60-r410a-r32-kazettaegyseg-toshiba-vrf-slim-60x60-r410a-r32\/","title":{"rendered":"TOSHIBA VRF SLIM 60&#215;60 R410A\/R32 kazettaegys\u00e9g TOSHIBA VRF SLIM 60&#215;60 R410A\/R32"},"content":{"rendered":"","protected":false},"excerpt":{"rendered":"<p><strong>INNOV\u00c1CI\u00d3 AZ EUR\u00d3H\u00c1L\u00d3ZATBAN<\/strong><\/p>\n<p>4-utas kazett\u00e1s egys\u00e9g eur\u00f3r\u00e1csban a MiNi-SMMS-e, SMMS-e, SMMS-u \u00e9s SHRM-e sorozat\u00fa k\u00fclt\u00e9ri VRF-egys\u00e9gekkel val\u00f3 kombin\u00e1ci\u00f3hoz. T\u00f6k\u00e9letes optika a mennyezeti r\u00e1csban, 1,7 \u00e9s 5,6 kW k\u00f6z\u00f6tti hat teljes\u00edtm\u00e9nyfokozatban kaphat\u00f3.<\/p>\n<p><strong>A k\u00e9sz\u00fcl\u00e9k hagyom\u00e1nyos raszteres mennyezetekhez alkalmas.  <\/strong>A foglalts\u00e1g\u00e9rz\u00e9kel\u0151vel ell\u00e1tott opcion\u00e1lis b\u0151v\u00edt\u00e9snek k\u00f6sz\u00f6nhet\u0151en energi\u00e1t takar\u00edthat meg. Az \u00e9rz\u00e9kel\u0151 regisztr\u00e1lja a szem\u00e9lyek jelenl\u00e9t\u00e9t. Ha senki sincs a szob\u00e1ban, a k\u00e9sz\u00fcl\u00e9k automatikusan kikapcsol.<\/p>\n<p><strong>El\u0151ny\u00f6k:<\/strong><\/p>\n<ul>\n<li>62 x 62 cm-es t\u00e1bla, \u00e1tfed\u0151 r\u00e1cshidak n\u00e9lk\u00fcl<\/li>\n<li>Testreszabhat\u00f3 l\u00e9geloszt\u00e1si tulajdons\u00e1gok<\/li>\n<li>Opcion\u00e1lis mozg\u00e1s\u00e9rz\u00e9kel\u0151 opci\u00f3<\/li>\n<\/ul>\n<div class=\"product-icons\"><img decoding=\"async\" class=\"alignnone size-full wp-image-8538\" title=\"H\u0171t\u0151teljes\u00edtm\u00e9ny 1,70 - 5,60 kW\" src=\"https:\/\/www.slovklima.sk\/wp-content\/uploads\/2024\/03\/chladiaci-vykon.jpg\" alt=\"H\u0171t\u00e9si teljes\u00edtm\u00e9ny\" width=\"151\" height=\"151\"><img decoding=\"async\" class=\"alignnone size-full wp-image-8534\" title=\"F\u0171t\u00e9si teljes\u00edtm\u00e9ny 1,90 - 6,30 kW\" src=\"https:\/\/www.slovklima.sk\/wp-content\/uploads\/2024\/03\/vykurovaci-vykon.jpg\" alt=\"f\u0171t\u00e9si teljes\u00edtm\u00e9ny\" width=\"151\" height=\"151\"><img decoding=\"async\" class=\"alignnone size-full wp-image-8539\" title=\"M\u00e9retek (magass\u00e1g \u00d7 sz\u00e9less\u00e9g \u00d7 m\u00e9lys\u00e9g) 256 x 575 x 575 mm\" src=\"https:\/\/www.slovklima.sk\/wp-content\/uploads\/2024\/03\/rozmery.jpg\" alt=\"M\u00e9retek\" width=\"151\" height=\"151\"><img decoding=\"async\" class=\"size-full wp-image-8536\" title=\"Hangnyom\u00e1sszint (alacsony\/k\u00f6zepes\/magas) 29 - 47 dB(A)\" src=\"https:\/\/www.slovklima.sk\/wp-content\/uploads\/2024\/03\/akusticky-tlak.jpg\" width=\"151\" height=\"151\"><img decoding=\"async\" class=\"alignnone size-full wp-image-8535\" title=\"Leveg\u0151teljes\u00edtm\u00e9ny 365 - 840 m\u00b3\/h\" src=\"https:\/\/www.slovklima.sk\/wp-content\/uploads\/2024\/03\/vzduchovy-vykon.jpg\" alt=\"l\u00e9gier\u0151\" width=\"151\" height=\"151\"><\/div>\n","protected":false},"featured_media":11737,"template":"","meta":[],"product_brand":[],"product_cat":[367,353,369],"product_tag":[],"class_list":{"0":"post-11736","1":"product","2":"type-product","3":"status-publish","4":"has-post-thumbnail","6":"product_cat-ipari-egysegek","7":"product_cat-legkondicionalas","8":"product_cat-toshiba-hu-3","10":"first","11":"instock","12":"shipping-taxable","13":"product-type-simple"},"yoast_head":"<!-- This site is optimized with the Yoast SEO plugin v24.3 - https:\/\/yoast.com\/wordpress\/plugins\/seo\/ -->\n<title>TOSHIBA VRF SLIM 60x60 R410A\/R32 kazettaegys\u00e9g TOSHIBA VRF SLIM 60x60 R410A\/R32 | SLOVKLIMA DEIMOS group, s.r.o.<\/title>\n<meta name=\"robots\" content=\"index, follow, max-snippet:-1, max-image-preview:large, max-video-preview:-1\" \/>\n<link rel=\"canonical\" href=\"https:\/\/www.slovklima.sk\/produkt\/toshiba-vrf-slim-60x60-r410a-r32-kazettaegyseg-toshiba-vrf-slim-60x60-r410a-r32\/\" \/>\n<meta property=\"og:locale\" content=\"hu_HU\" \/>\n<meta property=\"og:type\" content=\"article\" \/>\n<meta property=\"og:title\" content=\"TOSHIBA VRF SLIM 60x60 R410A\/R32 kazettaegys\u00e9g TOSHIBA VRF SLIM 60x60 R410A\/R32 | SLOVKLIMA DEIMOS group, s.r.o.\" \/>\n<meta property=\"og:description\" content=\"INNOV\u00c1CI\u00d3 AZ EUR\u00d3H\u00c1L\u00d3ZATBAN 4-utas kazett\u00e1s egys\u00e9g eur\u00f3r\u00e1csban a MiNi-SMMS-e, SMMS-e, SMMS-u \u00e9s SHRM-e sorozat\u00fa k\u00fclt\u00e9ri VRF-egys\u00e9gekkel val\u00f3 kombin\u00e1ci\u00f3hoz. T\u00f6k\u00e9letes optika a mennyezeti r\u00e1csban, 1,7 \u00e9s 5,6 kW k\u00f6z\u00f6tti hat teljes\u00edtm\u00e9nyfokozatban kaphat\u00f3. A k\u00e9sz\u00fcl\u00e9k hagyom\u00e1nyos raszteres mennyezetekhez alkalmas. A foglalts\u00e1g\u00e9rz\u00e9kel\u0151vel ell\u00e1tott opcion\u00e1lis b\u0151v\u00edt\u00e9snek k\u00f6sz\u00f6nhet\u0151en energi\u00e1t takar\u00edthat meg. Az \u00e9rz\u00e9kel\u0151 regisztr\u00e1lja a szem\u00e9lyek jelenl\u00e9t\u00e9t. Ha senki sincs a szob\u00e1ban, a k\u00e9sz\u00fcl\u00e9k automatikusan kikapcsol. El\u0151ny\u00f6k:  62 x 62 cm-es t\u00e1bla, \u00e1tfed\u0151 r\u00e1cshidak n\u00e9lk\u00fcl  Testreszabhat\u00f3 l\u00e9geloszt\u00e1si tulajdons\u00e1gok  Opcion\u00e1lis mozg\u00e1s\u00e9rz\u00e9kel\u0151 opci\u00f3\" \/>\n<meta property=\"og:url\" content=\"https:\/\/www.slovklima.sk\/produkt\/toshiba-vrf-slim-60x60-r410a-r32-kazettaegyseg-toshiba-vrf-slim-60x60-r410a-r32\/\" \/>\n<meta property=\"og:site_name\" content=\"SLOVKLIMA DEIMOS group, s.r.o.\" \/>\n<meta property=\"og:image\" content=\"https:\/\/www.slovklima.sk\/wp-content\/uploads\/2025\/03\/slovklima-logo-sk.jpg\" \/>\n\t<meta property=\"og:image:width\" content=\"500\" \/>\n\t<meta property=\"og:image:height\" content=\"230\" \/>\n\t<meta property=\"og:image:type\" content=\"image\/jpeg\" \/>\n<meta name=\"twitter:card\" content=\"summary_large_image\" \/>\n<script type=\"application\/ld+json\" class=\"yoast-schema-graph\">{\"@context\":\"https:\/\/schema.org\",\"@graph\":[{\"@type\":\"WebPage\",\"@id\":\"https:\/\/www.slovklima.sk\/produkt\/toshiba-vrf-slim-60x60-r410a-r32-kazettaegyseg-toshiba-vrf-slim-60x60-r410a-r32\/\",\"url\":\"https:\/\/www.slovklima.sk\/produkt\/toshiba-vrf-slim-60x60-r410a-r32-kazettaegyseg-toshiba-vrf-slim-60x60-r410a-r32\/\",\"name\":\"TOSHIBA VRF SLIM 60x60 R410A\/R32 kazettaegys\u00e9g TOSHIBA VRF SLIM 60x60 R410A\/R32 | SLOVKLIMA DEIMOS group, s.r.o.\",\"isPartOf\":{\"@id\":\"https:\/\/www.slovklima.sk\/#website\"},\"primaryImageOfPage\":{\"@id\":\"https:\/\/www.slovklima.sk\/produkt\/toshiba-vrf-slim-60x60-r410a-r32-kazettaegyseg-toshiba-vrf-slim-60x60-r410a-r32\/#primaryimage\"},\"image\":{\"@id\":\"https:\/\/www.slovklima.sk\/produkt\/toshiba-vrf-slim-60x60-r410a-r32-kazettaegyseg-toshiba-vrf-slim-60x60-r410a-r32\/#primaryimage\"},\"thumbnailUrl\":\"https:\/\/www.slovklima.sk\/wp-content\/uploads\/2024\/04\/toshiba-vrf-kazetova-vnutorna-slim-60x60cm-jednotka-r410a-r32.jpg\",\"datePublished\":\"2024-04-12T08:14:54+00:00\",\"dateModified\":\"2024-04-12T08:14:54+00:00\",\"breadcrumb\":{\"@id\":\"https:\/\/www.slovklima.sk\/produkt\/toshiba-vrf-slim-60x60-r410a-r32-kazettaegyseg-toshiba-vrf-slim-60x60-r410a-r32\/#breadcrumb\"},\"inLanguage\":\"hu\",\"potentialAction\":[{\"@type\":\"ReadAction\",\"target\":[\"https:\/\/www.slovklima.sk\/produkt\/toshiba-vrf-slim-60x60-r410a-r32-kazettaegyseg-toshiba-vrf-slim-60x60-r410a-r32\/\"]}]},{\"@type\":\"ImageObject\",\"inLanguage\":\"hu\",\"@id\":\"https:\/\/www.slovklima.sk\/produkt\/toshiba-vrf-slim-60x60-r410a-r32-kazettaegyseg-toshiba-vrf-slim-60x60-r410a-r32\/#primaryimage\",\"url\":\"https:\/\/www.slovklima.sk\/wp-content\/uploads\/2024\/04\/toshiba-vrf-kazetova-vnutorna-slim-60x60cm-jednotka-r410a-r32.jpg\",\"contentUrl\":\"https:\/\/www.slovklima.sk\/wp-content\/uploads\/2024\/04\/toshiba-vrf-kazetova-vnutorna-slim-60x60cm-jednotka-r410a-r32.jpg\",\"width\":800,\"height\":1000},{\"@type\":\"BreadcrumbList\",\"@id\":\"https:\/\/www.slovklima.sk\/produkt\/toshiba-vrf-slim-60x60-r410a-r32-kazettaegyseg-toshiba-vrf-slim-60x60-r410a-r32\/#breadcrumb\",\"itemListElement\":[{\"@type\":\"ListItem\",\"position\":1,\"name\":\"Domovsk\u00e1 str\u00e1nka\",\"item\":\"https:\/\/www.slovklima.sk\/hu\/\"},{\"@type\":\"ListItem\",\"position\":2,\"name\":\"Term\u00e9kek\",\"item\":\"https:\/\/www.slovklima.sk\/termekek\/\"},{\"@type\":\"ListItem\",\"position\":3,\"name\":\"TOSHIBA VRF SLIM 60&#215;60 R410A\/R32 kazettaegys\u00e9g TOSHIBA VRF SLIM 60&#215;60 R410A\/R32\"}]},{\"@type\":\"WebSite\",\"@id\":\"https:\/\/www.slovklima.sk\/#website\",\"url\":\"https:\/\/www.slovklima.sk\/\",\"name\":\"SLOVKLIMA DEIMOS group, s.r.o.\",\"description\":\"\",\"publisher\":{\"@id\":\"https:\/\/www.slovklima.sk\/#organization\"},\"alternateName\":\"SLOVKLIMA\",\"potentialAction\":[{\"@type\":\"SearchAction\",\"target\":{\"@type\":\"EntryPoint\",\"urlTemplate\":\"https:\/\/www.slovklima.sk\/?s={search_term_string}\"},\"query-input\":{\"@type\":\"PropertyValueSpecification\",\"valueRequired\":true,\"valueName\":\"search_term_string\"}}],\"inLanguage\":\"hu\"},{\"@type\":\"Organization\",\"@id\":\"https:\/\/www.slovklima.sk\/#organization\",\"name\":\"SLOVKLIMA DEIMOS group, s.r.o.\",\"alternateName\":\"SLOVKLIMA\",\"url\":\"https:\/\/www.slovklima.sk\/\",\"logo\":{\"@type\":\"ImageObject\",\"inLanguage\":\"hu\",\"@id\":\"https:\/\/www.slovklima.sk\/#\/schema\/logo\/image\/\",\"url\":\"https:\/\/www.slovklima.sk\/wp-content\/uploads\/2022\/12\/slovklima-logo-black.svg\",\"contentUrl\":\"https:\/\/www.slovklima.sk\/wp-content\/uploads\/2022\/12\/slovklima-logo-black.svg\",\"width\":3218,\"height\":698,\"caption\":\"SLOVKLIMA DEIMOS group, s.r.o.\"},\"image\":{\"@id\":\"https:\/\/www.slovklima.sk\/#\/schema\/logo\/image\/\"}}]}<\/script>\n<!-- \/ Yoast SEO plugin. -->","yoast_head_json":{"title":"TOSHIBA VRF SLIM 60x60 R410A\/R32 kazettaegys\u00e9g TOSHIBA VRF SLIM 60x60 R410A\/R32 | SLOVKLIMA DEIMOS group, s.r.o.","robots":{"index":"index","follow":"follow","max-snippet":"max-snippet:-1","max-image-preview":"max-image-preview:large","max-video-preview":"max-video-preview:-1"},"canonical":"https:\/\/www.slovklima.sk\/produkt\/toshiba-vrf-slim-60x60-r410a-r32-kazettaegyseg-toshiba-vrf-slim-60x60-r410a-r32\/","og_locale":"hu_HU","og_type":"article","og_title":"TOSHIBA VRF SLIM 60x60 R410A\/R32 kazettaegys\u00e9g TOSHIBA VRF SLIM 60x60 R410A\/R32 | SLOVKLIMA DEIMOS group, s.r.o.","og_description":"INNOV\u00c1CI\u00d3 AZ EUR\u00d3H\u00c1L\u00d3ZATBAN 4-utas kazett\u00e1s egys\u00e9g eur\u00f3r\u00e1csban a MiNi-SMMS-e, SMMS-e, SMMS-u \u00e9s SHRM-e sorozat\u00fa k\u00fclt\u00e9ri VRF-egys\u00e9gekkel val\u00f3 kombin\u00e1ci\u00f3hoz. T\u00f6k\u00e9letes optika a mennyezeti r\u00e1csban, 1,7 \u00e9s 5,6 kW k\u00f6z\u00f6tti hat teljes\u00edtm\u00e9nyfokozatban kaphat\u00f3. A k\u00e9sz\u00fcl\u00e9k hagyom\u00e1nyos raszteres mennyezetekhez alkalmas. A foglalts\u00e1g\u00e9rz\u00e9kel\u0151vel ell\u00e1tott opcion\u00e1lis b\u0151v\u00edt\u00e9snek k\u00f6sz\u00f6nhet\u0151en energi\u00e1t takar\u00edthat meg. Az \u00e9rz\u00e9kel\u0151 regisztr\u00e1lja a szem\u00e9lyek jelenl\u00e9t\u00e9t. Ha senki sincs a szob\u00e1ban, a k\u00e9sz\u00fcl\u00e9k automatikusan kikapcsol. El\u0151ny\u00f6k:  62 x 62 cm-es t\u00e1bla, \u00e1tfed\u0151 r\u00e1cshidak n\u00e9lk\u00fcl  Testreszabhat\u00f3 l\u00e9geloszt\u00e1si tulajdons\u00e1gok  Opcion\u00e1lis mozg\u00e1s\u00e9rz\u00e9kel\u0151 opci\u00f3","og_url":"https:\/\/www.slovklima.sk\/produkt\/toshiba-vrf-slim-60x60-r410a-r32-kazettaegyseg-toshiba-vrf-slim-60x60-r410a-r32\/","og_site_name":"SLOVKLIMA DEIMOS group, s.r.o.","og_image":[{"width":500,"height":230,"url":"https:\/\/www.slovklima.sk\/wp-content\/uploads\/2025\/03\/slovklima-logo-sk.jpg","type":"image\/jpeg"}],"twitter_card":"summary_large_image","schema":{"@context":"https:\/\/schema.org","@graph":[{"@type":"WebPage","@id":"https:\/\/www.slovklima.sk\/produkt\/toshiba-vrf-slim-60x60-r410a-r32-kazettaegyseg-toshiba-vrf-slim-60x60-r410a-r32\/","url":"https:\/\/www.slovklima.sk\/produkt\/toshiba-vrf-slim-60x60-r410a-r32-kazettaegyseg-toshiba-vrf-slim-60x60-r410a-r32\/","name":"TOSHIBA VRF SLIM 60x60 R410A\/R32 kazettaegys\u00e9g TOSHIBA VRF SLIM 60x60 R410A\/R32 | SLOVKLIMA DEIMOS group, s.r.o.","isPartOf":{"@id":"https:\/\/www.slovklima.sk\/#website"},"primaryImageOfPage":{"@id":"https:\/\/www.slovklima.sk\/produkt\/toshiba-vrf-slim-60x60-r410a-r32-kazettaegyseg-toshiba-vrf-slim-60x60-r410a-r32\/#primaryimage"},"image":{"@id":"https:\/\/www.slovklima.sk\/produkt\/toshiba-vrf-slim-60x60-r410a-r32-kazettaegyseg-toshiba-vrf-slim-60x60-r410a-r32\/#primaryimage"},"thumbnailUrl":"https:\/\/www.slovklima.sk\/wp-content\/uploads\/2024\/04\/toshiba-vrf-kazetova-vnutorna-slim-60x60cm-jednotka-r410a-r32.jpg","datePublished":"2024-04-12T08:14:54+00:00","dateModified":"2024-04-12T08:14:54+00:00","breadcrumb":{"@id":"https:\/\/www.slovklima.sk\/produkt\/toshiba-vrf-slim-60x60-r410a-r32-kazettaegyseg-toshiba-vrf-slim-60x60-r410a-r32\/#breadcrumb"},"inLanguage":"hu","potentialAction":[{"@type":"ReadAction","target":["https:\/\/www.slovklima.sk\/produkt\/toshiba-vrf-slim-60x60-r410a-r32-kazettaegyseg-toshiba-vrf-slim-60x60-r410a-r32\/"]}]},{"@type":"ImageObject","inLanguage":"hu","@id":"https:\/\/www.slovklima.sk\/produkt\/toshiba-vrf-slim-60x60-r410a-r32-kazettaegyseg-toshiba-vrf-slim-60x60-r410a-r32\/#primaryimage","url":"https:\/\/www.slovklima.sk\/wp-content\/uploads\/2024\/04\/toshiba-vrf-kazetova-vnutorna-slim-60x60cm-jednotka-r410a-r32.jpg","contentUrl":"https:\/\/www.slovklima.sk\/wp-content\/uploads\/2024\/04\/toshiba-vrf-kazetova-vnutorna-slim-60x60cm-jednotka-r410a-r32.jpg","width":800,"height":1000},{"@type":"BreadcrumbList","@id":"https:\/\/www.slovklima.sk\/produkt\/toshiba-vrf-slim-60x60-r410a-r32-kazettaegyseg-toshiba-vrf-slim-60x60-r410a-r32\/#breadcrumb","itemListElement":[{"@type":"ListItem","position":1,"name":"Domovsk\u00e1 str\u00e1nka","item":"https:\/\/www.slovklima.sk\/hu\/"},{"@type":"ListItem","position":2,"name":"Term\u00e9kek","item":"https:\/\/www.slovklima.sk\/termekek\/"},{"@type":"ListItem","position":3,"name":"TOSHIBA VRF SLIM 60&#215;60 R410A\/R32 kazettaegys\u00e9g TOSHIBA VRF SLIM 60&#215;60 R410A\/R32"}]},{"@type":"WebSite","@id":"https:\/\/www.slovklima.sk\/#website","url":"https:\/\/www.slovklima.sk\/","name":"SLOVKLIMA DEIMOS group, s.r.o.","description":"","publisher":{"@id":"https:\/\/www.slovklima.sk\/#organization"},"alternateName":"SLOVKLIMA","potentialAction":[{"@type":"SearchAction","target":{"@type":"EntryPoint","urlTemplate":"https:\/\/www.slovklima.sk\/?s={search_term_string}"},"query-input":{"@type":"PropertyValueSpecification","valueRequired":true,"valueName":"search_term_string"}}],"inLanguage":"hu"},{"@type":"Organization","@id":"https:\/\/www.slovklima.sk\/#organization","name":"SLOVKLIMA DEIMOS group, s.r.o.","alternateName":"SLOVKLIMA","url":"https:\/\/www.slovklima.sk\/","logo":{"@type":"ImageObject","inLanguage":"hu","@id":"https:\/\/www.slovklima.sk\/#\/schema\/logo\/image\/","url":"https:\/\/www.slovklima.sk\/wp-content\/uploads\/2022\/12\/slovklima-logo-black.svg","contentUrl":"https:\/\/www.slovklima.sk\/wp-content\/uploads\/2022\/12\/slovklima-logo-black.svg","width":3218,"height":698,"caption":"SLOVKLIMA DEIMOS group, s.r.o."},"image":{"@id":"https:\/\/www.slovklima.sk\/#\/schema\/logo\/image\/"}}]}},"_links":{"self":[{"href":"https:\/\/www.slovklima.sk\/hu\/wp-json\/wp\/v2\/product\/11736","targetHints":{"allow":["GET"]}}],"collection":[{"href":"https:\/\/www.slovklima.sk\/hu\/wp-json\/wp\/v2\/product"}],"about":[{"href":"https:\/\/www.slovklima.sk\/hu\/wp-json\/wp\/v2\/types\/product"}],"wp:featuredmedia":[{"embeddable":true,"href":"https:\/\/www.slovklima.sk\/hu\/wp-json\/wp\/v2\/media\/11737"}],"wp:attachment":[{"href":"https:\/\/www.slovklima.sk\/hu\/wp-json\/wp\/v2\/media?parent=11736"}],"wp:term":[{"taxonomy":"product_brand","embeddable":true,"href":"https:\/\/www.slovklima.sk\/hu\/wp-json\/wp\/v2\/product_brand?post=11736"},{"taxonomy":"product_cat","embeddable":true,"href":"https:\/\/www.slovklima.sk\/hu\/wp-json\/wp\/v2\/product_cat?post=11736"},{"taxonomy":"product_tag","embeddable":true,"href":"https:\/\/www.slovklima.sk\/hu\/wp-json\/wp\/v2\/product_tag?post=11736"}],"curies":[{"name":"wp","href":"https:\/\/api.w.org\/{rel}","templated":true}]}}