{"id":11732,"date":"2024-04-12T10:03:02","date_gmt":"2024-04-12T08:03:02","guid":{"rendered":"https:\/\/www.slovklima.sk\/produkt\/toshiba-vrf-kazettas-1-iranyu-egyseg-flat-r410a-r32\/"},"modified":"2024-04-12T10:03:02","modified_gmt":"2024-04-12T08:03:02","slug":"toshiba-vrf-kazettas-1-iranyu-egyseg-flat-r410a-r32","status":"publish","type":"product","link":"https:\/\/www.slovklima.sk\/hu\/produkt\/toshiba-vrf-kazettas-1-iranyu-egyseg-flat-r410a-r32\/","title":{"rendered":"TOSHIBA VRF kazett\u00e1s 1 ir\u00e1ny\u00fa egys\u00e9g FLAT R410A\/R32"},"content":{"rendered":"","protected":false},"excerpt":{"rendered":"<p><strong>TERVEZ\u00c9SI KAZETTA<\/strong><\/p>\n<p>1 ir\u00e1ny\u00fa FLAT kazett\u00e1s egys\u00e9g, amely lehet\u0151v\u00e9 teszi a Mini-SMMS-e, SMMS-e, SMMS-u \u00e9s SHRM-e sorozat\u00fa k\u00fclt\u00e9ri VRF egys\u00e9gekkel val\u00f3 kombin\u00e1ci\u00f3t (003-as m\u00e9ret kiz\u00e1r\u00f3lag az SMMS-u eset\u00e9ben, 005-\u00f6s m\u00e9ret nem a Mini-SMMS eset\u00e9ben). T\u00f6k\u00e9letes v\u00e1lasz a belt\u00e9ri leveg\u0151min\u0151s\u00e9gre \u00e9s az energiahat\u00e9konys\u00e1gra vonatkoz\u00f3 szigor\u00fa k\u00f6vetelm\u00e9nyekre. \u00d6t teljes\u00edtm\u00e9nyszintben kaphat\u00f3 0,9 \u00e9s 3,6 kW k\u00f6z\u00f6tt.  <strong>Fekete sz\u00edn\u0171 dekorat\u00edv panel is megv\u00e1s\u00e1rolhat\u00f3.  <\/strong><\/p>\n<p><strong>Egyir\u00e1ny\u00fa l\u00e9g\u00e1raml\u00e1s a panelb\u0151l:  <\/strong><br \/>\nUltra lapos kialak\u00edt\u00e1s, alacsony be\u00e9p\u00edt\u00e9si magass\u00e1g \u00e9s plazmasz\u0171r\u0151 opci\u00f3k\u00e9nt. Ha nincs sz\u00fcks\u00e9g nagy teljes\u00edtm\u00e9nyre, egy 0,9 kW h\u0171t\u0151teljes\u00edtm\u00e9ny\u0171 v\u00e1ltozat is rendelkez\u00e9sre \u00e1ll. Az opcion\u00e1lisan hozz\u00e1adott foglalts\u00e1g\u00e9rz\u00e9kel\u0151 a foglalts\u00e1g \u00e9rz\u00e9kel\u00e9s\u00e9hez energi\u00e1t takar\u00edt meg, amikor senki sincs a szob\u00e1ban.<\/p>\n<p><strong>El\u0151ny\u00f6k:<\/strong><\/p>\n<ul>\n<li>30 mm-es lapos kialak\u00edt\u00e1s\u00fa panel<\/li>\n<li>Minim\u00e1lis tervez\u00e9si magass\u00e1g 150 mm-t\u0151l<\/li>\n<li>Opcion\u00e1lis AIR Purifier k\u00e9szlet<\/li>\n<li>Opcion\u00e1lis foglalts\u00e1g\u00e9rz\u00e9kel\u0151 berendez\u00e9s<\/li>\n<\/ul>\n<div class=\"product-icons\"><img decoding=\"async\" class=\"alignnone size-full wp-image-8538\" title=\"H\u0171t\u0151teljes\u00edtm\u00e9ny 0,90 - 8,00 kW\" src=\"https:\/\/www.slovklima.sk\/wp-content\/uploads\/2024\/03\/chladiaci-vykon.jpg\" alt=\"H\u0171t\u00e9si teljes\u00edtm\u00e9ny\" width=\"151\" height=\"151\"><img decoding=\"async\" class=\"alignnone size-full wp-image-8534\" title=\"F\u0171t\u00e9si teljes\u00edtm\u00e9ny 1,30 - 9,00 kW\" src=\"https:\/\/www.slovklima.sk\/wp-content\/uploads\/2024\/03\/vykurovaci-vykon.jpg\" alt=\"f\u0171t\u00e9si teljes\u00edtm\u00e9ny\" width=\"151\" height=\"151\"><img decoding=\"async\" class=\"alignnone size-full wp-image-8539\" title=\"M\u00e9retek (magass\u00e1g \u00d7 sz\u00e9less\u00e9g \u00d7 m\u00e9lys\u00e9g) 150 x 990 x 450 - 150 x 1180 x 450 mm\" src=\"https:\/\/www.slovklima.sk\/wp-content\/uploads\/2024\/03\/rozmery.jpg\" alt=\"M\u00e9retek\" width=\"151\" height=\"151\"><img decoding=\"async\" class=\"size-full wp-image-8536\" title=\"Hangnyom\u00e1sszint (alacsony\/k\u00f6zepes\/magas) 25 - 47 dB(A)\" src=\"https:\/\/www.slovklima.sk\/wp-content\/uploads\/2024\/03\/akusticky-tlak.jpg\" width=\"151\" height=\"151\"><img decoding=\"async\" class=\"alignnone size-full wp-image-8535\" title=\"Leveg\u0151teljes\u00edtm\u00e9ny 270 - 1000 m\u00b3\/h\" src=\"https:\/\/www.slovklima.sk\/wp-content\/uploads\/2024\/03\/vzduchovy-vykon.jpg\" alt=\"l\u00e9gier\u0151\" width=\"151\" height=\"151\"><\/div>\n","protected":false},"featured_media":11733,"template":"","meta":[],"product_brand":[],"product_cat":[367,353,369],"product_tag":[],"class_list":{"0":"post-11732","1":"product","2":"type-product","3":"status-publish","4":"has-post-thumbnail","6":"product_cat-ipari-egysegek","7":"product_cat-legkondicionalas","8":"product_cat-toshiba-hu-3","10":"first","11":"instock","12":"shipping-taxable","13":"product-type-simple"},"yoast_head":"<!-- This site is optimized with the Yoast SEO plugin v24.3 - https:\/\/yoast.com\/wordpress\/plugins\/seo\/ -->\n<title>TOSHIBA VRF kazett\u00e1s 1 ir\u00e1ny\u00fa egys\u00e9g FLAT R410A\/R32 | SLOVKLIMA DEIMOS group, s.r.o.<\/title>\n<meta name=\"robots\" content=\"index, follow, max-snippet:-1, max-image-preview:large, max-video-preview:-1\" \/>\n<link rel=\"canonical\" href=\"https:\/\/www.slovklima.sk\/hu\/produkt\/toshiba-vrf-kazettas-1-iranyu-egyseg-flat-r410a-r32\/\" \/>\n<meta property=\"og:locale\" content=\"hu_HU\" \/>\n<meta property=\"og:type\" content=\"article\" \/>\n<meta property=\"og:title\" content=\"TOSHIBA VRF kazett\u00e1s 1 ir\u00e1ny\u00fa egys\u00e9g FLAT R410A\/R32 | SLOVKLIMA DEIMOS group, s.r.o.\" \/>\n<meta property=\"og:description\" content=\"TERVEZ\u00c9SI KAZETTA 1 ir\u00e1ny\u00fa FLAT kazett\u00e1s egys\u00e9g, amely lehet\u0151v\u00e9 teszi a Mini-SMMS-e, SMMS-e, SMMS-u \u00e9s SHRM-e sorozat\u00fa k\u00fclt\u00e9ri VRF egys\u00e9gekkel val\u00f3 kombin\u00e1ci\u00f3t (003-as m\u00e9ret kiz\u00e1r\u00f3lag az SMMS-u eset\u00e9ben, 005-\u00f6s m\u00e9ret nem a Mini-SMMS eset\u00e9ben). T\u00f6k\u00e9letes v\u00e1lasz a belt\u00e9ri leveg\u0151min\u0151s\u00e9gre \u00e9s az energiahat\u00e9konys\u00e1gra vonatkoz\u00f3 szigor\u00fa k\u00f6vetelm\u00e9nyekre. \u00d6t teljes\u00edtm\u00e9nyszintben kaphat\u00f3 0,9 \u00e9s 3,6 kW k\u00f6z\u00f6tt. Fekete sz\u00edn\u0171 dekorat\u00edv panel is megv\u00e1s\u00e1rolhat\u00f3.  Egyir\u00e1ny\u00fa l\u00e9g\u00e1raml\u00e1s a panelb\u0151l:  Ultra lapos kialak\u00edt\u00e1s, alacsony be\u00e9p\u00edt\u00e9si magass\u00e1g \u00e9s plazmasz\u0171r\u0151 opci\u00f3k\u00e9nt. Ha nincs sz\u00fcks\u00e9g nagy teljes\u00edtm\u00e9nyre, egy 0,9 kW h\u0171t\u0151teljes\u00edtm\u00e9ny\u0171 v\u00e1ltozat is rendelkez\u00e9sre \u00e1ll. Az opcion\u00e1lisan hozz\u00e1adott foglalts\u00e1g\u00e9rz\u00e9kel\u0151 a foglalts\u00e1g \u00e9rz\u00e9kel\u00e9s\u00e9hez energi\u00e1t takar\u00edt meg, amikor senki sincs a szob\u00e1ban. El\u0151ny\u00f6k:  30 mm-es lapos kialak\u00edt\u00e1s\u00fa panel  Minim\u00e1lis tervez\u00e9si magass\u00e1g 150 mm-t\u0151l  Opcion\u00e1lis AIR Purifier k\u00e9szlet  Opcion\u00e1lis foglalts\u00e1g\u00e9rz\u00e9kel\u0151 berendez\u00e9s\" \/>\n<meta property=\"og:url\" content=\"https:\/\/www.slovklima.sk\/hu\/produkt\/toshiba-vrf-kazettas-1-iranyu-egyseg-flat-r410a-r32\/\" \/>\n<meta property=\"og:site_name\" content=\"SLOVKLIMA DEIMOS group, s.r.o.\" \/>\n<meta property=\"og:image\" content=\"https:\/\/www.slovklima.sk\/wp-content\/uploads\/2024\/04\/toshiba-vrf-kazetova-flat-1-cestna-jednotka-r410a-r32.jpg\" \/>\n\t<meta property=\"og:image:width\" content=\"800\" \/>\n\t<meta property=\"og:image:height\" content=\"1000\" \/>\n\t<meta property=\"og:image:type\" content=\"image\/jpeg\" \/>\n<meta name=\"twitter:card\" content=\"summary_large_image\" \/>\n<script type=\"application\/ld+json\" class=\"yoast-schema-graph\">{\"@context\":\"https:\/\/schema.org\",\"@graph\":[{\"@type\":\"WebPage\",\"@id\":\"https:\/\/www.slovklima.sk\/hu\/produkt\/toshiba-vrf-kazettas-1-iranyu-egyseg-flat-r410a-r32\/\",\"url\":\"https:\/\/www.slovklima.sk\/hu\/produkt\/toshiba-vrf-kazettas-1-iranyu-egyseg-flat-r410a-r32\/\",\"name\":\"TOSHIBA VRF kazett\u00e1s 1 ir\u00e1ny\u00fa egys\u00e9g FLAT R410A\/R32 | SLOVKLIMA DEIMOS group, s.r.o.\",\"isPartOf\":{\"@id\":\"https:\/\/www.slovklima.sk\/#website\"},\"primaryImageOfPage\":{\"@id\":\"https:\/\/www.slovklima.sk\/hu\/produkt\/toshiba-vrf-kazettas-1-iranyu-egyseg-flat-r410a-r32\/#primaryimage\"},\"image\":{\"@id\":\"https:\/\/www.slovklima.sk\/hu\/produkt\/toshiba-vrf-kazettas-1-iranyu-egyseg-flat-r410a-r32\/#primaryimage\"},\"thumbnailUrl\":\"https:\/\/www.slovklima.sk\/wp-content\/uploads\/2024\/04\/toshiba-vrf-kazetova-flat-1-cestna-jednotka-r410a-r32.jpg\",\"datePublished\":\"2024-04-12T08:03:02+00:00\",\"dateModified\":\"2024-04-12T08:03:02+00:00\",\"breadcrumb\":{\"@id\":\"https:\/\/www.slovklima.sk\/hu\/produkt\/toshiba-vrf-kazettas-1-iranyu-egyseg-flat-r410a-r32\/#breadcrumb\"},\"inLanguage\":\"hu\",\"potentialAction\":[{\"@type\":\"ReadAction\",\"target\":[\"https:\/\/www.slovklima.sk\/hu\/produkt\/toshiba-vrf-kazettas-1-iranyu-egyseg-flat-r410a-r32\/\"]}]},{\"@type\":\"ImageObject\",\"inLanguage\":\"hu\",\"@id\":\"https:\/\/www.slovklima.sk\/hu\/produkt\/toshiba-vrf-kazettas-1-iranyu-egyseg-flat-r410a-r32\/#primaryimage\",\"url\":\"https:\/\/www.slovklima.sk\/wp-content\/uploads\/2024\/04\/toshiba-vrf-kazetova-flat-1-cestna-jednotka-r410a-r32.jpg\",\"contentUrl\":\"https:\/\/www.slovklima.sk\/wp-content\/uploads\/2024\/04\/toshiba-vrf-kazetova-flat-1-cestna-jednotka-r410a-r32.jpg\",\"width\":800,\"height\":1000},{\"@type\":\"BreadcrumbList\",\"@id\":\"https:\/\/www.slovklima.sk\/hu\/produkt\/toshiba-vrf-kazettas-1-iranyu-egyseg-flat-r410a-r32\/#breadcrumb\",\"itemListElement\":[{\"@type\":\"ListItem\",\"position\":1,\"name\":\"Domovsk\u00e1 str\u00e1nka\",\"item\":\"https:\/\/www.slovklima.sk\/hu\/\"},{\"@type\":\"ListItem\",\"position\":2,\"name\":\"Term\u00e9kek\",\"item\":\"https:\/\/www.slovklima.sk\/termekek\/\"},{\"@type\":\"ListItem\",\"position\":3,\"name\":\"TOSHIBA VRF kazett\u00e1s 1 ir\u00e1ny\u00fa egys\u00e9g FLAT R410A\/R32\"}]},{\"@type\":\"WebSite\",\"@id\":\"https:\/\/www.slovklima.sk\/#website\",\"url\":\"https:\/\/www.slovklima.sk\/\",\"name\":\"SLOVKLIMA DEIMOS group, s.r.o.\",\"description\":\"\",\"publisher\":{\"@id\":\"https:\/\/www.slovklima.sk\/#organization\"},\"alternateName\":\"SLOVKLIMA\",\"potentialAction\":[{\"@type\":\"SearchAction\",\"target\":{\"@type\":\"EntryPoint\",\"urlTemplate\":\"https:\/\/www.slovklima.sk\/?s={search_term_string}\"},\"query-input\":{\"@type\":\"PropertyValueSpecification\",\"valueRequired\":true,\"valueName\":\"search_term_string\"}}],\"inLanguage\":\"hu\"},{\"@type\":\"Organization\",\"@id\":\"https:\/\/www.slovklima.sk\/#organization\",\"name\":\"SLOVKLIMA DEIMOS group, s.r.o.\",\"alternateName\":\"SLOVKLIMA\",\"url\":\"https:\/\/www.slovklima.sk\/\",\"logo\":{\"@type\":\"ImageObject\",\"inLanguage\":\"hu\",\"@id\":\"https:\/\/www.slovklima.sk\/#\/schema\/logo\/image\/\",\"url\":\"https:\/\/www.slovklima.sk\/wp-content\/uploads\/2022\/12\/slovklima-logo-black.svg\",\"contentUrl\":\"https:\/\/www.slovklima.sk\/wp-content\/uploads\/2022\/12\/slovklima-logo-black.svg\",\"width\":3218,\"height\":698,\"caption\":\"SLOVKLIMA DEIMOS group, s.r.o.\"},\"image\":{\"@id\":\"https:\/\/www.slovklima.sk\/#\/schema\/logo\/image\/\"}}]}<\/script>\n<!-- \/ Yoast SEO plugin. -->","yoast_head_json":{"title":"TOSHIBA VRF kazett\u00e1s 1 ir\u00e1ny\u00fa egys\u00e9g FLAT R410A\/R32 | SLOVKLIMA DEIMOS group, s.r.o.","robots":{"index":"index","follow":"follow","max-snippet":"max-snippet:-1","max-image-preview":"max-image-preview:large","max-video-preview":"max-video-preview:-1"},"canonical":"https:\/\/www.slovklima.sk\/hu\/produkt\/toshiba-vrf-kazettas-1-iranyu-egyseg-flat-r410a-r32\/","og_locale":"hu_HU","og_type":"article","og_title":"TOSHIBA VRF kazett\u00e1s 1 ir\u00e1ny\u00fa egys\u00e9g FLAT R410A\/R32 | SLOVKLIMA DEIMOS group, s.r.o.","og_description":"TERVEZ\u00c9SI KAZETTA 1 ir\u00e1ny\u00fa FLAT kazett\u00e1s egys\u00e9g, amely lehet\u0151v\u00e9 teszi a Mini-SMMS-e, SMMS-e, SMMS-u \u00e9s SHRM-e sorozat\u00fa k\u00fclt\u00e9ri VRF egys\u00e9gekkel val\u00f3 kombin\u00e1ci\u00f3t (003-as m\u00e9ret kiz\u00e1r\u00f3lag az SMMS-u eset\u00e9ben, 005-\u00f6s m\u00e9ret nem a Mini-SMMS eset\u00e9ben). T\u00f6k\u00e9letes v\u00e1lasz a belt\u00e9ri leveg\u0151min\u0151s\u00e9gre \u00e9s az energiahat\u00e9konys\u00e1gra vonatkoz\u00f3 szigor\u00fa k\u00f6vetelm\u00e9nyekre. \u00d6t teljes\u00edtm\u00e9nyszintben kaphat\u00f3 0,9 \u00e9s 3,6 kW k\u00f6z\u00f6tt. Fekete sz\u00edn\u0171 dekorat\u00edv panel is megv\u00e1s\u00e1rolhat\u00f3.  Egyir\u00e1ny\u00fa l\u00e9g\u00e1raml\u00e1s a panelb\u0151l:  Ultra lapos kialak\u00edt\u00e1s, alacsony be\u00e9p\u00edt\u00e9si magass\u00e1g \u00e9s plazmasz\u0171r\u0151 opci\u00f3k\u00e9nt. Ha nincs sz\u00fcks\u00e9g nagy teljes\u00edtm\u00e9nyre, egy 0,9 kW h\u0171t\u0151teljes\u00edtm\u00e9ny\u0171 v\u00e1ltozat is rendelkez\u00e9sre \u00e1ll. Az opcion\u00e1lisan hozz\u00e1adott foglalts\u00e1g\u00e9rz\u00e9kel\u0151 a foglalts\u00e1g \u00e9rz\u00e9kel\u00e9s\u00e9hez energi\u00e1t takar\u00edt meg, amikor senki sincs a szob\u00e1ban. El\u0151ny\u00f6k:  30 mm-es lapos kialak\u00edt\u00e1s\u00fa panel  Minim\u00e1lis tervez\u00e9si magass\u00e1g 150 mm-t\u0151l  Opcion\u00e1lis AIR Purifier k\u00e9szlet  Opcion\u00e1lis foglalts\u00e1g\u00e9rz\u00e9kel\u0151 berendez\u00e9s","og_url":"https:\/\/www.slovklima.sk\/hu\/produkt\/toshiba-vrf-kazettas-1-iranyu-egyseg-flat-r410a-r32\/","og_site_name":"SLOVKLIMA DEIMOS group, s.r.o.","og_image":[{"width":800,"height":1000,"url":"https:\/\/www.slovklima.sk\/wp-content\/uploads\/2024\/04\/toshiba-vrf-kazetova-flat-1-cestna-jednotka-r410a-r32.jpg","type":"image\/jpeg"}],"twitter_card":"summary_large_image","schema":{"@context":"https:\/\/schema.org","@graph":[{"@type":"WebPage","@id":"https:\/\/www.slovklima.sk\/hu\/produkt\/toshiba-vrf-kazettas-1-iranyu-egyseg-flat-r410a-r32\/","url":"https:\/\/www.slovklima.sk\/hu\/produkt\/toshiba-vrf-kazettas-1-iranyu-egyseg-flat-r410a-r32\/","name":"TOSHIBA VRF kazett\u00e1s 1 ir\u00e1ny\u00fa egys\u00e9g FLAT R410A\/R32 | SLOVKLIMA DEIMOS group, s.r.o.","isPartOf":{"@id":"https:\/\/www.slovklima.sk\/#website"},"primaryImageOfPage":{"@id":"https:\/\/www.slovklima.sk\/hu\/produkt\/toshiba-vrf-kazettas-1-iranyu-egyseg-flat-r410a-r32\/#primaryimage"},"image":{"@id":"https:\/\/www.slovklima.sk\/hu\/produkt\/toshiba-vrf-kazettas-1-iranyu-egyseg-flat-r410a-r32\/#primaryimage"},"thumbnailUrl":"https:\/\/www.slovklima.sk\/wp-content\/uploads\/2024\/04\/toshiba-vrf-kazetova-flat-1-cestna-jednotka-r410a-r32.jpg","datePublished":"2024-04-12T08:03:02+00:00","dateModified":"2024-04-12T08:03:02+00:00","breadcrumb":{"@id":"https:\/\/www.slovklima.sk\/hu\/produkt\/toshiba-vrf-kazettas-1-iranyu-egyseg-flat-r410a-r32\/#breadcrumb"},"inLanguage":"hu","potentialAction":[{"@type":"ReadAction","target":["https:\/\/www.slovklima.sk\/hu\/produkt\/toshiba-vrf-kazettas-1-iranyu-egyseg-flat-r410a-r32\/"]}]},{"@type":"ImageObject","inLanguage":"hu","@id":"https:\/\/www.slovklima.sk\/hu\/produkt\/toshiba-vrf-kazettas-1-iranyu-egyseg-flat-r410a-r32\/#primaryimage","url":"https:\/\/www.slovklima.sk\/wp-content\/uploads\/2024\/04\/toshiba-vrf-kazetova-flat-1-cestna-jednotka-r410a-r32.jpg","contentUrl":"https:\/\/www.slovklima.sk\/wp-content\/uploads\/2024\/04\/toshiba-vrf-kazetova-flat-1-cestna-jednotka-r410a-r32.jpg","width":800,"height":1000},{"@type":"BreadcrumbList","@id":"https:\/\/www.slovklima.sk\/hu\/produkt\/toshiba-vrf-kazettas-1-iranyu-egyseg-flat-r410a-r32\/#breadcrumb","itemListElement":[{"@type":"ListItem","position":1,"name":"Domovsk\u00e1 str\u00e1nka","item":"https:\/\/www.slovklima.sk\/hu\/"},{"@type":"ListItem","position":2,"name":"Term\u00e9kek","item":"https:\/\/www.slovklima.sk\/termekek\/"},{"@type":"ListItem","position":3,"name":"TOSHIBA VRF kazett\u00e1s 1 ir\u00e1ny\u00fa egys\u00e9g FLAT R410A\/R32"}]},{"@type":"WebSite","@id":"https:\/\/www.slovklima.sk\/#website","url":"https:\/\/www.slovklima.sk\/","name":"SLOVKLIMA DEIMOS group, s.r.o.","description":"","publisher":{"@id":"https:\/\/www.slovklima.sk\/#organization"},"alternateName":"SLOVKLIMA","potentialAction":[{"@type":"SearchAction","target":{"@type":"EntryPoint","urlTemplate":"https:\/\/www.slovklima.sk\/?s={search_term_string}"},"query-input":{"@type":"PropertyValueSpecification","valueRequired":true,"valueName":"search_term_string"}}],"inLanguage":"hu"},{"@type":"Organization","@id":"https:\/\/www.slovklima.sk\/#organization","name":"SLOVKLIMA DEIMOS group, s.r.o.","alternateName":"SLOVKLIMA","url":"https:\/\/www.slovklima.sk\/","logo":{"@type":"ImageObject","inLanguage":"hu","@id":"https:\/\/www.slovklima.sk\/#\/schema\/logo\/image\/","url":"https:\/\/www.slovklima.sk\/wp-content\/uploads\/2022\/12\/slovklima-logo-black.svg","contentUrl":"https:\/\/www.slovklima.sk\/wp-content\/uploads\/2022\/12\/slovklima-logo-black.svg","width":3218,"height":698,"caption":"SLOVKLIMA DEIMOS group, s.r.o."},"image":{"@id":"https:\/\/www.slovklima.sk\/#\/schema\/logo\/image\/"}}]}},"_links":{"self":[{"href":"https:\/\/www.slovklima.sk\/hu\/wp-json\/wp\/v2\/product\/11732","targetHints":{"allow":["GET"]}}],"collection":[{"href":"https:\/\/www.slovklima.sk\/hu\/wp-json\/wp\/v2\/product"}],"about":[{"href":"https:\/\/www.slovklima.sk\/hu\/wp-json\/wp\/v2\/types\/product"}],"wp:featuredmedia":[{"embeddable":true,"href":"https:\/\/www.slovklima.sk\/hu\/wp-json\/wp\/v2\/media\/11733"}],"wp:attachment":[{"href":"https:\/\/www.slovklima.sk\/hu\/wp-json\/wp\/v2\/media?parent=11732"}],"wp:term":[{"taxonomy":"product_brand","embeddable":true,"href":"https:\/\/www.slovklima.sk\/hu\/wp-json\/wp\/v2\/product_brand?post=11732"},{"taxonomy":"product_cat","embeddable":true,"href":"https:\/\/www.slovklima.sk\/hu\/wp-json\/wp\/v2\/product_cat?post=11732"},{"taxonomy":"product_tag","embeddable":true,"href":"https:\/\/www.slovklima.sk\/hu\/wp-json\/wp\/v2\/product_tag?post=11732"}],"curies":[{"name":"wp","href":"https:\/\/api.w.org\/{rel}","templated":true}]}}