{"id":11723,"date":"2024-04-12T08:54:24","date_gmt":"2024-04-12T06:54:24","guid":{"rendered":"https:\/\/www.slovklima.sk\/produkt\/toshiba-vrf-falra-szerelheto-egyseg-r410a-r32\/"},"modified":"2024-04-12T08:54:24","modified_gmt":"2024-04-12T06:54:24","slug":"toshiba-vrf-falra-szerelheto-egyseg-r410a-r32","status":"publish","type":"product","link":"https:\/\/www.slovklima.sk\/hu\/produkt\/toshiba-vrf-falra-szerelheto-egyseg-r410a-r32\/","title":{"rendered":"TOSHIBA VRF falra szerelhet\u0151 egys\u00e9g R410A\/R32"},"content":{"rendered":"","protected":false},"excerpt":{"rendered":"<p><strong>KOMPAKT UNIVERZ\u00c1LIS MODELL<\/strong><\/p>\n<p>Kompakt fali egys\u00e9g a Mini-SMMS-e, SMMS-e, SMMS-u \u00e9s SHRM-e sorozat\u00fa k\u00fclt\u00e9ri VRF-egys\u00e9gekkel val\u00f3 kombin\u00e1ci\u00f3hoz (003-as m\u00e9ret kiz\u00e1r\u00f3lag az SMMS-u eset\u00e9ben).<\/p>\n<p><strong>Kialak\u00edt\u00e1suknak k\u00f6sz\u00f6nhet\u0151en ezek a fali szekr\u00e9nyek alkalmasak irod\u00e1kba, \u00fczletekbe, sz\u00e1llod\u00e1kba, m\u0171szaki helyis\u00e9gekbe, \u00e9ttermekbe \u00e9s sok m\u00e1s helyre.<\/strong>  Csendes \u00e9s hat\u00e9kony m\u0171k\u00f6d\u00e9s optim\u00e1lis leveg\u0151eloszt\u00e1ssal az 5 sebess\u00e9ges ventil\u00e1tornak \u00e9s a nagym\u00e9ret\u0171 ir\u00e1ny\u00edtott lap\u00e1tnak k\u00f6sz\u00f6nhet\u0151en. Az \u00f6ntiszt\u00edt\u00f3 funkci\u00f3 a m\u0171k\u00f6d\u00e9s v\u00e9g\u00e9n teljesen kisz\u00e1r\u00edtja a h\u0151cser\u00e9l\u0151t, \u00e9s a k\u00f6nnyen cser\u00e9lhet\u0151 porsz\u0171r\u0151vel egy\u00fctt biztos\u00edtja a megel\u0151z\u0151 higi\u00e9ni\u00e1t. Egy k\u00e9nyelmes infrav\u00f6r\u00f6s t\u00e1vir\u00e1ny\u00edt\u00f3t tartalmaz. Az extra csendes m\u0171k\u00f6d\u00e9shez k\u00fcls\u0151 PMV-k\u00e9szlet is kaphat\u00f3.<\/p>\n<p><strong>El\u0151ny\u00f6k:<\/strong><\/p>\n<ul>\n<li>K\u00fcls\u0151 PMV-k\u00e9szlettel\/k\u00fcls\u0151 PMV-k\u00e9szlet n\u00e9lk\u00fcl<\/li>\n<li>Helytakar\u00e9kos \u00e9s kompakt<\/li>\n<li>Optim\u00e1lis leveg\u0151eloszt\u00e1s nagy ir\u00e1ny\u00edtott lamell\u00e1val<\/li>\n<li>Rendk\u00edv\u00fcl csendes k\u00fcls\u0151-PMV v\u00e1ltozat (003 \u00e9s 024 k\u00f6z\u00f6tti m\u00e9retek)<\/li>\n<\/ul>\n<div class=\"product-icons\"><img decoding=\"async\" class=\"alignnone size-full wp-image-8538\" title=\"H\u0171t\u00e9si teljes\u00edtm\u00e9ny 0,90 - 7,10 kW\" src=\"https:\/\/www.slovklima.sk\/wp-content\/uploads\/2024\/03\/chladiaci-vykon.jpg\" alt=\"H\u0171t\u00e9si teljes\u00edtm\u00e9ny\" width=\"151\" height=\"151\"><img decoding=\"async\" class=\"alignnone size-full wp-image-8534\" title=\"F\u0171t\u00e9si teljes\u00edtm\u00e9ny 1,30 - 8,00 kW\" src=\"https:\/\/www.slovklima.sk\/wp-content\/uploads\/2024\/03\/vykurovaci-vykon.jpg\" alt=\"f\u0171t\u00e9si teljes\u00edtm\u00e9ny\" width=\"151\" height=\"151\"><img decoding=\"async\" class=\"size-full wp-image-8536\" title=\"Hangnyom\u00e1sszint (alacsony\/k\u00f6zepes\/magas) 25 - 45 dB(A)\" src=\"https:\/\/www.slovklima.sk\/wp-content\/uploads\/2024\/03\/akusticky-tlak.jpg\" alt=\"Hangnyom\u00e1sszint\" width=\"151\" height=\"151\"><img decoding=\"async\" class=\"alignnone size-full wp-image-8535\" title=\"Leveg\u0151teljes\u00edtm\u00e9ny 270 - 1200 m\u00b3\/h\" src=\"https:\/\/www.slovklima.sk\/wp-content\/uploads\/2024\/03\/vzduchovy-vykon.jpg\" alt=\"l\u00e9gier\u0151\" width=\"151\" height=\"151\"><img decoding=\"async\" class=\"alignnone size-full wp-image-8539\" title=\"M\u00e9retek (magass\u00e1g \u00d7 sz\u00e9less\u00e9g \u00d7 m\u00e9lys\u00e9g) 293 x 798 x 230 - 320 x 1050 x 250 mm\" src=\"https:\/\/www.slovklima.sk\/wp-content\/uploads\/2024\/03\/rozmery.jpg\" alt=\"M\u00e9retek\" width=\"151\" height=\"151\"><\/div>\n","protected":false},"featured_media":11725,"template":"","meta":[],"product_brand":[],"product_cat":[367,357,353,369],"product_tag":[],"class_list":{"0":"post-11723","1":"product","2":"type-product","3":"status-publish","4":"has-post-thumbnail","6":"product_cat-ipari-egysegek","7":"product_cat-lakossagi-egysegek","8":"product_cat-legkondicionalas","9":"product_cat-toshiba-hu-3","11":"first","12":"instock","13":"shipping-taxable","14":"product-type-simple"},"yoast_head":"<!-- This site is optimized with the Yoast SEO plugin v24.3 - https:\/\/yoast.com\/wordpress\/plugins\/seo\/ -->\n<title>TOSHIBA VRF falra szerelhet\u0151 egys\u00e9g R410A\/R32 | SLOVKLIMA DEIMOS group, s.r.o.<\/title>\n<meta name=\"robots\" content=\"index, follow, max-snippet:-1, max-image-preview:large, max-video-preview:-1\" \/>\n<link rel=\"canonical\" href=\"https:\/\/www.slovklima.sk\/hu\/produkt\/toshiba-vrf-falra-szerelheto-egyseg-r410a-r32\/\" \/>\n<meta property=\"og:locale\" content=\"hu_HU\" \/>\n<meta property=\"og:type\" content=\"article\" \/>\n<meta property=\"og:title\" content=\"TOSHIBA VRF falra szerelhet\u0151 egys\u00e9g R410A\/R32 | SLOVKLIMA DEIMOS group, s.r.o.\" \/>\n<meta property=\"og:description\" content=\"KOMPAKT UNIVERZ\u00c1LIS MODELL Kompakt fali egys\u00e9g a Mini-SMMS-e, SMMS-e, SMMS-u \u00e9s SHRM-e sorozat\u00fa k\u00fclt\u00e9ri VRF-egys\u00e9gekkel val\u00f3 kombin\u00e1ci\u00f3hoz (003-as m\u00e9ret kiz\u00e1r\u00f3lag az SMMS-u eset\u00e9ben). Kialak\u00edt\u00e1suknak k\u00f6sz\u00f6nhet\u0151en ezek a fali szekr\u00e9nyek alkalmasak irod\u00e1kba, \u00fczletekbe, sz\u00e1llod\u00e1kba, m\u0171szaki helyis\u00e9gekbe, \u00e9ttermekbe \u00e9s sok m\u00e1s helyre. Csendes \u00e9s hat\u00e9kony m\u0171k\u00f6d\u00e9s optim\u00e1lis leveg\u0151eloszt\u00e1ssal az 5 sebess\u00e9ges ventil\u00e1tornak \u00e9s a nagym\u00e9ret\u0171 ir\u00e1ny\u00edtott lap\u00e1tnak k\u00f6sz\u00f6nhet\u0151en. Az \u00f6ntiszt\u00edt\u00f3 funkci\u00f3 a m\u0171k\u00f6d\u00e9s v\u00e9g\u00e9n teljesen kisz\u00e1r\u00edtja a h\u0151cser\u00e9l\u0151t, \u00e9s a k\u00f6nnyen cser\u00e9lhet\u0151 porsz\u0171r\u0151vel egy\u00fctt biztos\u00edtja a megel\u0151z\u0151 higi\u00e9ni\u00e1t. Egy k\u00e9nyelmes infrav\u00f6r\u00f6s t\u00e1vir\u00e1ny\u00edt\u00f3t tartalmaz. Az extra csendes m\u0171k\u00f6d\u00e9shez k\u00fcls\u0151 PMV-k\u00e9szlet is kaphat\u00f3. El\u0151ny\u00f6k:  K\u00fcls\u0151 PMV-k\u00e9szlettel\/k\u00fcls\u0151 PMV-k\u00e9szlet n\u00e9lk\u00fcl  Helytakar\u00e9kos \u00e9s kompakt  Optim\u00e1lis leveg\u0151eloszt\u00e1s nagy ir\u00e1ny\u00edtott lamell\u00e1val  Rendk\u00edv\u00fcl csendes k\u00fcls\u0151-PMV v\u00e1ltozat (003 \u00e9s 024 k\u00f6z\u00f6tti m\u00e9retek)\" \/>\n<meta property=\"og:url\" content=\"https:\/\/www.slovklima.sk\/hu\/produkt\/toshiba-vrf-falra-szerelheto-egyseg-r410a-r32\/\" \/>\n<meta property=\"og:site_name\" content=\"SLOVKLIMA DEIMOS group, s.r.o.\" \/>\n<meta property=\"og:image\" content=\"https:\/\/www.slovklima.sk\/wp-content\/uploads\/2024\/04\/toshiba-vrf-nastenna-jednotka-s-bez-externej-pmv-sady-r410a-r32.jpg\" \/>\n\t<meta property=\"og:image:width\" content=\"800\" \/>\n\t<meta property=\"og:image:height\" content=\"1000\" \/>\n\t<meta property=\"og:image:type\" content=\"image\/jpeg\" \/>\n<meta name=\"twitter:card\" content=\"summary_large_image\" \/>\n<script type=\"application\/ld+json\" class=\"yoast-schema-graph\">{\"@context\":\"https:\/\/schema.org\",\"@graph\":[{\"@type\":\"WebPage\",\"@id\":\"https:\/\/www.slovklima.sk\/hu\/produkt\/toshiba-vrf-falra-szerelheto-egyseg-r410a-r32\/\",\"url\":\"https:\/\/www.slovklima.sk\/hu\/produkt\/toshiba-vrf-falra-szerelheto-egyseg-r410a-r32\/\",\"name\":\"TOSHIBA VRF falra szerelhet\u0151 egys\u00e9g R410A\/R32 | SLOVKLIMA DEIMOS group, s.r.o.\",\"isPartOf\":{\"@id\":\"https:\/\/www.slovklima.sk\/#website\"},\"primaryImageOfPage\":{\"@id\":\"https:\/\/www.slovklima.sk\/hu\/produkt\/toshiba-vrf-falra-szerelheto-egyseg-r410a-r32\/#primaryimage\"},\"image\":{\"@id\":\"https:\/\/www.slovklima.sk\/hu\/produkt\/toshiba-vrf-falra-szerelheto-egyseg-r410a-r32\/#primaryimage\"},\"thumbnailUrl\":\"https:\/\/www.slovklima.sk\/wp-content\/uploads\/2024\/04\/toshiba-vrf-nastenna-jednotka-s-bez-externej-pmv-sady-r410a-r32.jpg\",\"datePublished\":\"2024-04-12T06:54:24+00:00\",\"dateModified\":\"2024-04-12T06:54:24+00:00\",\"breadcrumb\":{\"@id\":\"https:\/\/www.slovklima.sk\/hu\/produkt\/toshiba-vrf-falra-szerelheto-egyseg-r410a-r32\/#breadcrumb\"},\"inLanguage\":\"hu\",\"potentialAction\":[{\"@type\":\"ReadAction\",\"target\":[\"https:\/\/www.slovklima.sk\/hu\/produkt\/toshiba-vrf-falra-szerelheto-egyseg-r410a-r32\/\"]}]},{\"@type\":\"ImageObject\",\"inLanguage\":\"hu\",\"@id\":\"https:\/\/www.slovklima.sk\/hu\/produkt\/toshiba-vrf-falra-szerelheto-egyseg-r410a-r32\/#primaryimage\",\"url\":\"https:\/\/www.slovklima.sk\/wp-content\/uploads\/2024\/04\/toshiba-vrf-nastenna-jednotka-s-bez-externej-pmv-sady-r410a-r32.jpg\",\"contentUrl\":\"https:\/\/www.slovklima.sk\/wp-content\/uploads\/2024\/04\/toshiba-vrf-nastenna-jednotka-s-bez-externej-pmv-sady-r410a-r32.jpg\",\"width\":800,\"height\":1000},{\"@type\":\"BreadcrumbList\",\"@id\":\"https:\/\/www.slovklima.sk\/hu\/produkt\/toshiba-vrf-falra-szerelheto-egyseg-r410a-r32\/#breadcrumb\",\"itemListElement\":[{\"@type\":\"ListItem\",\"position\":1,\"name\":\"Domovsk\u00e1 str\u00e1nka\",\"item\":\"https:\/\/www.slovklima.sk\/hu\/\"},{\"@type\":\"ListItem\",\"position\":2,\"name\":\"Term\u00e9kek\",\"item\":\"https:\/\/www.slovklima.sk\/termekek\/\"},{\"@type\":\"ListItem\",\"position\":3,\"name\":\"TOSHIBA VRF falra szerelhet\u0151 egys\u00e9g R410A\/R32\"}]},{\"@type\":\"WebSite\",\"@id\":\"https:\/\/www.slovklima.sk\/#website\",\"url\":\"https:\/\/www.slovklima.sk\/\",\"name\":\"SLOVKLIMA DEIMOS group, s.r.o.\",\"description\":\"\",\"publisher\":{\"@id\":\"https:\/\/www.slovklima.sk\/#organization\"},\"alternateName\":\"SLOVKLIMA\",\"potentialAction\":[{\"@type\":\"SearchAction\",\"target\":{\"@type\":\"EntryPoint\",\"urlTemplate\":\"https:\/\/www.slovklima.sk\/?s={search_term_string}\"},\"query-input\":{\"@type\":\"PropertyValueSpecification\",\"valueRequired\":true,\"valueName\":\"search_term_string\"}}],\"inLanguage\":\"hu\"},{\"@type\":\"Organization\",\"@id\":\"https:\/\/www.slovklima.sk\/#organization\",\"name\":\"SLOVKLIMA DEIMOS group, s.r.o.\",\"alternateName\":\"SLOVKLIMA\",\"url\":\"https:\/\/www.slovklima.sk\/\",\"logo\":{\"@type\":\"ImageObject\",\"inLanguage\":\"hu\",\"@id\":\"https:\/\/www.slovklima.sk\/#\/schema\/logo\/image\/\",\"url\":\"https:\/\/www.slovklima.sk\/wp-content\/uploads\/2022\/12\/slovklima-logo-black.svg\",\"contentUrl\":\"https:\/\/www.slovklima.sk\/wp-content\/uploads\/2022\/12\/slovklima-logo-black.svg\",\"width\":3218,\"height\":698,\"caption\":\"SLOVKLIMA DEIMOS group, s.r.o.\"},\"image\":{\"@id\":\"https:\/\/www.slovklima.sk\/#\/schema\/logo\/image\/\"}}]}<\/script>\n<!-- \/ Yoast SEO plugin. -->","yoast_head_json":{"title":"TOSHIBA VRF falra szerelhet\u0151 egys\u00e9g R410A\/R32 | SLOVKLIMA DEIMOS group, s.r.o.","robots":{"index":"index","follow":"follow","max-snippet":"max-snippet:-1","max-image-preview":"max-image-preview:large","max-video-preview":"max-video-preview:-1"},"canonical":"https:\/\/www.slovklima.sk\/hu\/produkt\/toshiba-vrf-falra-szerelheto-egyseg-r410a-r32\/","og_locale":"hu_HU","og_type":"article","og_title":"TOSHIBA VRF falra szerelhet\u0151 egys\u00e9g R410A\/R32 | SLOVKLIMA DEIMOS group, s.r.o.","og_description":"KOMPAKT UNIVERZ\u00c1LIS MODELL Kompakt fali egys\u00e9g a Mini-SMMS-e, SMMS-e, SMMS-u \u00e9s SHRM-e sorozat\u00fa k\u00fclt\u00e9ri VRF-egys\u00e9gekkel val\u00f3 kombin\u00e1ci\u00f3hoz (003-as m\u00e9ret kiz\u00e1r\u00f3lag az SMMS-u eset\u00e9ben). Kialak\u00edt\u00e1suknak k\u00f6sz\u00f6nhet\u0151en ezek a fali szekr\u00e9nyek alkalmasak irod\u00e1kba, \u00fczletekbe, sz\u00e1llod\u00e1kba, m\u0171szaki helyis\u00e9gekbe, \u00e9ttermekbe \u00e9s sok m\u00e1s helyre. Csendes \u00e9s hat\u00e9kony m\u0171k\u00f6d\u00e9s optim\u00e1lis leveg\u0151eloszt\u00e1ssal az 5 sebess\u00e9ges ventil\u00e1tornak \u00e9s a nagym\u00e9ret\u0171 ir\u00e1ny\u00edtott lap\u00e1tnak k\u00f6sz\u00f6nhet\u0151en. Az \u00f6ntiszt\u00edt\u00f3 funkci\u00f3 a m\u0171k\u00f6d\u00e9s v\u00e9g\u00e9n teljesen kisz\u00e1r\u00edtja a h\u0151cser\u00e9l\u0151t, \u00e9s a k\u00f6nnyen cser\u00e9lhet\u0151 porsz\u0171r\u0151vel egy\u00fctt biztos\u00edtja a megel\u0151z\u0151 higi\u00e9ni\u00e1t. Egy k\u00e9nyelmes infrav\u00f6r\u00f6s t\u00e1vir\u00e1ny\u00edt\u00f3t tartalmaz. Az extra csendes m\u0171k\u00f6d\u00e9shez k\u00fcls\u0151 PMV-k\u00e9szlet is kaphat\u00f3. El\u0151ny\u00f6k:  K\u00fcls\u0151 PMV-k\u00e9szlettel\/k\u00fcls\u0151 PMV-k\u00e9szlet n\u00e9lk\u00fcl  Helytakar\u00e9kos \u00e9s kompakt  Optim\u00e1lis leveg\u0151eloszt\u00e1s nagy ir\u00e1ny\u00edtott lamell\u00e1val  Rendk\u00edv\u00fcl csendes k\u00fcls\u0151-PMV v\u00e1ltozat (003 \u00e9s 024 k\u00f6z\u00f6tti m\u00e9retek)","og_url":"https:\/\/www.slovklima.sk\/hu\/produkt\/toshiba-vrf-falra-szerelheto-egyseg-r410a-r32\/","og_site_name":"SLOVKLIMA DEIMOS group, s.r.o.","og_image":[{"width":800,"height":1000,"url":"https:\/\/www.slovklima.sk\/wp-content\/uploads\/2024\/04\/toshiba-vrf-nastenna-jednotka-s-bez-externej-pmv-sady-r410a-r32.jpg","type":"image\/jpeg"}],"twitter_card":"summary_large_image","schema":{"@context":"https:\/\/schema.org","@graph":[{"@type":"WebPage","@id":"https:\/\/www.slovklima.sk\/hu\/produkt\/toshiba-vrf-falra-szerelheto-egyseg-r410a-r32\/","url":"https:\/\/www.slovklima.sk\/hu\/produkt\/toshiba-vrf-falra-szerelheto-egyseg-r410a-r32\/","name":"TOSHIBA VRF falra szerelhet\u0151 egys\u00e9g R410A\/R32 | SLOVKLIMA DEIMOS group, s.r.o.","isPartOf":{"@id":"https:\/\/www.slovklima.sk\/#website"},"primaryImageOfPage":{"@id":"https:\/\/www.slovklima.sk\/hu\/produkt\/toshiba-vrf-falra-szerelheto-egyseg-r410a-r32\/#primaryimage"},"image":{"@id":"https:\/\/www.slovklima.sk\/hu\/produkt\/toshiba-vrf-falra-szerelheto-egyseg-r410a-r32\/#primaryimage"},"thumbnailUrl":"https:\/\/www.slovklima.sk\/wp-content\/uploads\/2024\/04\/toshiba-vrf-nastenna-jednotka-s-bez-externej-pmv-sady-r410a-r32.jpg","datePublished":"2024-04-12T06:54:24+00:00","dateModified":"2024-04-12T06:54:24+00:00","breadcrumb":{"@id":"https:\/\/www.slovklima.sk\/hu\/produkt\/toshiba-vrf-falra-szerelheto-egyseg-r410a-r32\/#breadcrumb"},"inLanguage":"hu","potentialAction":[{"@type":"ReadAction","target":["https:\/\/www.slovklima.sk\/hu\/produkt\/toshiba-vrf-falra-szerelheto-egyseg-r410a-r32\/"]}]},{"@type":"ImageObject","inLanguage":"hu","@id":"https:\/\/www.slovklima.sk\/hu\/produkt\/toshiba-vrf-falra-szerelheto-egyseg-r410a-r32\/#primaryimage","url":"https:\/\/www.slovklima.sk\/wp-content\/uploads\/2024\/04\/toshiba-vrf-nastenna-jednotka-s-bez-externej-pmv-sady-r410a-r32.jpg","contentUrl":"https:\/\/www.slovklima.sk\/wp-content\/uploads\/2024\/04\/toshiba-vrf-nastenna-jednotka-s-bez-externej-pmv-sady-r410a-r32.jpg","width":800,"height":1000},{"@type":"BreadcrumbList","@id":"https:\/\/www.slovklima.sk\/hu\/produkt\/toshiba-vrf-falra-szerelheto-egyseg-r410a-r32\/#breadcrumb","itemListElement":[{"@type":"ListItem","position":1,"name":"Domovsk\u00e1 str\u00e1nka","item":"https:\/\/www.slovklima.sk\/hu\/"},{"@type":"ListItem","position":2,"name":"Term\u00e9kek","item":"https:\/\/www.slovklima.sk\/termekek\/"},{"@type":"ListItem","position":3,"name":"TOSHIBA VRF falra szerelhet\u0151 egys\u00e9g R410A\/R32"}]},{"@type":"WebSite","@id":"https:\/\/www.slovklima.sk\/#website","url":"https:\/\/www.slovklima.sk\/","name":"SLOVKLIMA DEIMOS group, s.r.o.","description":"","publisher":{"@id":"https:\/\/www.slovklima.sk\/#organization"},"alternateName":"SLOVKLIMA","potentialAction":[{"@type":"SearchAction","target":{"@type":"EntryPoint","urlTemplate":"https:\/\/www.slovklima.sk\/?s={search_term_string}"},"query-input":{"@type":"PropertyValueSpecification","valueRequired":true,"valueName":"search_term_string"}}],"inLanguage":"hu"},{"@type":"Organization","@id":"https:\/\/www.slovklima.sk\/#organization","name":"SLOVKLIMA DEIMOS group, s.r.o.","alternateName":"SLOVKLIMA","url":"https:\/\/www.slovklima.sk\/","logo":{"@type":"ImageObject","inLanguage":"hu","@id":"https:\/\/www.slovklima.sk\/#\/schema\/logo\/image\/","url":"https:\/\/www.slovklima.sk\/wp-content\/uploads\/2022\/12\/slovklima-logo-black.svg","contentUrl":"https:\/\/www.slovklima.sk\/wp-content\/uploads\/2022\/12\/slovklima-logo-black.svg","width":3218,"height":698,"caption":"SLOVKLIMA DEIMOS group, s.r.o."},"image":{"@id":"https:\/\/www.slovklima.sk\/#\/schema\/logo\/image\/"}}]}},"_links":{"self":[{"href":"https:\/\/www.slovklima.sk\/hu\/wp-json\/wp\/v2\/product\/11723","targetHints":{"allow":["GET"]}}],"collection":[{"href":"https:\/\/www.slovklima.sk\/hu\/wp-json\/wp\/v2\/product"}],"about":[{"href":"https:\/\/www.slovklima.sk\/hu\/wp-json\/wp\/v2\/types\/product"}],"wp:featuredmedia":[{"embeddable":true,"href":"https:\/\/www.slovklima.sk\/hu\/wp-json\/wp\/v2\/media\/11725"}],"wp:attachment":[{"href":"https:\/\/www.slovklima.sk\/hu\/wp-json\/wp\/v2\/media?parent=11723"}],"wp:term":[{"taxonomy":"product_brand","embeddable":true,"href":"https:\/\/www.slovklima.sk\/hu\/wp-json\/wp\/v2\/product_brand?post=11723"},{"taxonomy":"product_cat","embeddable":true,"href":"https:\/\/www.slovklima.sk\/hu\/wp-json\/wp\/v2\/product_cat?post=11723"},{"taxonomy":"product_tag","embeddable":true,"href":"https:\/\/www.slovklima.sk\/hu\/wp-json\/wp\/v2\/product_tag?post=11723"}],"curies":[{"name":"wp","href":"https:\/\/api.w.org\/{rel}","templated":true}]}}