{"id":11719,"date":"2024-04-12T08:08:40","date_gmt":"2024-04-12T06:08:40","guid":{"rendered":"https:\/\/www.slovklima.sk\/produkt\/gree-gmv6-modular-kulteri-egyseg-r410a\/"},"modified":"2024-04-12T08:08:40","modified_gmt":"2024-04-12T06:08:40","slug":"gree-gmv6-modular-kulteri-egyseg-r410a","status":"publish","type":"product","link":"https:\/\/www.slovklima.sk\/hu\/produkt\/gree-gmv6-modular-kulteri-egyseg-r410a\/","title":{"rendered":"GREE GMV6 MODULAR k\u00fclt\u00e9ri egys\u00e9g R410A"},"content":{"rendered":"","protected":false},"excerpt":{"rendered":"<ul>\n<li>Ak\u00e1r n\u00e9gy k\u00fclt\u00e9ri egys\u00e9g is kombin\u00e1lhat\u00f3: 5,6 kW (2 LE) l\u00e9p\u00e9sekben 22,4 \u00e9s 246 kW k\u00f6z\u00f6tt.<\/li>\n<li>Egy k\u00fclt\u00e9ri egys\u00e9ghez legfeljebb 36 belt\u00e9ri egys\u00e9g csatlakoztathat\u00f3.<\/li>\n<li>DC inverter vez\u00e9rl\u00e9s<br \/>\nEzzel a technol\u00f3gi\u00e1val a kompresszor fordulatsz\u00e1ma v\u00e1ltoztathat\u00f3.<br \/>\nA leadott teljes\u00edtm\u00e9ny \u00edgy pontosan a helyis\u00e9g ig\u00e9nyeihez igazodik.<br \/>\nA helyis\u00e9g h\u0151m\u00e9rs\u00e9klet\u00e9nek ingadoz\u00e1sa megel\u0151zhet\u0151, \u00e9s energi\u00e1t takar\u00edt meg.<\/li>\n<li>Cs\u00facsteljes\u00edtm\u00e9ny ak\u00e1r 3,4 \/ 4<\/li>\n<li>GREE DC inverteres scroll kompresszorok<br \/>\n1\u00d7 EVI DC Inverter Scroll kompresszor a 22,4; 33,5; 40; 45 \u00e9s 50,4 kW-os modellekhez, vagy 2\u00d7 az 56 \u00e9s 61,5 kW-os modellekhez.<\/li>\n<li>Lehet\u0151s\u00e9g az ext. statikus nyom\u00e1s a ventil\u00e1toron 110 Pa-ig: 0, 30, 50, 80 vagy 110 Pa<\/li>\n<li>Belt\u00e9ri egys\u00e9gk\u00e9nt falra szerelt, konzolos, mennyezet alatti-parapet, kazett\u00e1s, csatorn\u00e1zott \u00e9s nagynyom\u00e1s\u00fa csatorn\u00e1zott egys\u00e9gek k\u00f6z\u00fcl lehet v\u00e1lasztani.<\/li>\n<li>T\u00falterhel\u00e9si t\u00e9nyez\u0151 ak\u00e1r 135%-ig<\/li>\n<li>A l\u00e9gkondicion\u00e1l\u00f3 \u00f6sszes alkatr\u00e9sze pr\u00e9mium min\u0151s\u00e9g\u0171, hogy hossz\u00fa t\u00e1v\u00fa, probl\u00e9mamentes m\u0171k\u00f6d\u00e9st biztos\u00edtson.<\/li>\n<li>A vonal teljes hossza 1000 m<\/li>\n<li>Haszn\u00e1lati hat\u00e1r\u00e9rt\u00e9kek k\u00fclt\u00e9ri h\u0151m\u00e9rs\u00e9kleten (h\u0171t\u00e9s\/f\u0171t\u00e9s): -5 \u00e9s +55 \u00b0C \/ -30 \u00e9s +24 \u00b0C k\u00f6z\u00f6tt.<\/li>\n<\/ul>\n","protected":false},"featured_media":11721,"template":"","meta":[],"product_brand":[],"product_cat":[368,367,353],"product_tag":[],"class_list":{"0":"post-11719","1":"product","2":"type-product","3":"status-publish","4":"has-post-thumbnail","6":"product_cat-gree-hu-3","7":"product_cat-ipari-egysegek","8":"product_cat-legkondicionalas","10":"first","11":"instock","12":"shipping-taxable","13":"product-type-simple"},"yoast_head":"<!-- This site is optimized with the Yoast SEO plugin v24.3 - https:\/\/yoast.com\/wordpress\/plugins\/seo\/ -->\n<title>GREE GMV6 MODULAR k\u00fclt\u00e9ri egys\u00e9g R410A | SLOVKLIMA DEIMOS group, s.r.o.<\/title>\n<meta name=\"robots\" content=\"index, follow, max-snippet:-1, max-image-preview:large, max-video-preview:-1\" \/>\n<link rel=\"canonical\" href=\"https:\/\/www.slovklima.sk\/hu\/produkt\/gree-gmv6-modular-kulteri-egyseg-r410a\/\" \/>\n<meta property=\"og:locale\" content=\"hu_HU\" \/>\n<meta property=\"og:type\" content=\"article\" \/>\n<meta property=\"og:title\" content=\"GREE GMV6 MODULAR k\u00fclt\u00e9ri egys\u00e9g R410A | SLOVKLIMA DEIMOS group, s.r.o.\" \/>\n<meta property=\"og:description\" content=\"Ak\u00e1r n\u00e9gy k\u00fclt\u00e9ri egys\u00e9g is kombin\u00e1lhat\u00f3: 5,6 kW (2 LE) l\u00e9p\u00e9sekben 22,4 \u00e9s 246 kW k\u00f6z\u00f6tt.  Egy k\u00fclt\u00e9ri egys\u00e9ghez legfeljebb 36 belt\u00e9ri egys\u00e9g csatlakoztathat\u00f3.  DC inverter vez\u00e9rl\u00e9s Ezzel a technol\u00f3gi\u00e1val a kompresszor fordulatsz\u00e1ma v\u00e1ltoztathat\u00f3. A leadott teljes\u00edtm\u00e9ny \u00edgy pontosan a helyis\u00e9g ig\u00e9nyeihez igazodik. A helyis\u00e9g h\u0151m\u00e9rs\u00e9klet\u00e9nek ingadoz\u00e1sa megel\u0151zhet\u0151, \u00e9s energi\u00e1t takar\u00edt meg.  Cs\u00facsteljes\u00edtm\u00e9ny ak\u00e1r 3,4 \/ 4  GREE DC inverteres scroll kompresszorok 1\u00d7 EVI DC Inverter Scroll kompresszor a 22,4; 33,5; 40; 45 \u00e9s 50,4 kW-os modellekhez, vagy 2\u00d7 az 56 \u00e9s 61,5 kW-os modellekhez.  Lehet\u0151s\u00e9g az ext. statikus nyom\u00e1s a ventil\u00e1toron 110 Pa-ig: 0, 30, 50, 80 vagy 110 Pa  Belt\u00e9ri egys\u00e9gk\u00e9nt falra szerelt, konzolos, mennyezet alatti-parapet, kazett\u00e1s, csatorn\u00e1zott \u00e9s nagynyom\u00e1s\u00fa csatorn\u00e1zott egys\u00e9gek k\u00f6z\u00fcl lehet v\u00e1lasztani.  T\u00falterhel\u00e9si t\u00e9nyez\u0151 ak\u00e1r 135%-ig  A l\u00e9gkondicion\u00e1l\u00f3 \u00f6sszes alkatr\u00e9sze pr\u00e9mium min\u0151s\u00e9g\u0171, hogy hossz\u00fa t\u00e1v\u00fa, probl\u00e9mamentes m\u0171k\u00f6d\u00e9st biztos\u00edtson.  A vonal teljes hossza 1000 m  Haszn\u00e1lati hat\u00e1r\u00e9rt\u00e9kek k\u00fclt\u00e9ri h\u0151m\u00e9rs\u00e9kleten (h\u0171t\u00e9s\/f\u0171t\u00e9s): -5 \u00e9s +55 \u00b0C \/ -30 \u00e9s +24 \u00b0C k\u00f6z\u00f6tt.\" \/>\n<meta property=\"og:url\" content=\"https:\/\/www.slovklima.sk\/hu\/produkt\/gree-gmv6-modular-kulteri-egyseg-r410a\/\" \/>\n<meta property=\"og:site_name\" content=\"SLOVKLIMA DEIMOS group, s.r.o.\" \/>\n<meta property=\"og:image\" content=\"https:\/\/www.slovklima.sk\/wp-content\/uploads\/2024\/04\/gree-gmv6-vonkajsia-jednotka-modular-r410a.jpg\" \/>\n\t<meta property=\"og:image:width\" content=\"800\" \/>\n\t<meta property=\"og:image:height\" content=\"1000\" \/>\n\t<meta property=\"og:image:type\" content=\"image\/jpeg\" \/>\n<meta name=\"twitter:card\" content=\"summary_large_image\" \/>\n<script type=\"application\/ld+json\" class=\"yoast-schema-graph\">{\"@context\":\"https:\/\/schema.org\",\"@graph\":[{\"@type\":\"WebPage\",\"@id\":\"https:\/\/www.slovklima.sk\/hu\/produkt\/gree-gmv6-modular-kulteri-egyseg-r410a\/\",\"url\":\"https:\/\/www.slovklima.sk\/hu\/produkt\/gree-gmv6-modular-kulteri-egyseg-r410a\/\",\"name\":\"GREE GMV6 MODULAR k\u00fclt\u00e9ri egys\u00e9g R410A | SLOVKLIMA DEIMOS group, s.r.o.\",\"isPartOf\":{\"@id\":\"https:\/\/www.slovklima.sk\/#website\"},\"primaryImageOfPage\":{\"@id\":\"https:\/\/www.slovklima.sk\/hu\/produkt\/gree-gmv6-modular-kulteri-egyseg-r410a\/#primaryimage\"},\"image\":{\"@id\":\"https:\/\/www.slovklima.sk\/hu\/produkt\/gree-gmv6-modular-kulteri-egyseg-r410a\/#primaryimage\"},\"thumbnailUrl\":\"https:\/\/www.slovklima.sk\/wp-content\/uploads\/2024\/04\/gree-gmv6-vonkajsia-jednotka-modular-r410a.jpg\",\"datePublished\":\"2024-04-12T06:08:40+00:00\",\"dateModified\":\"2024-04-12T06:08:40+00:00\",\"breadcrumb\":{\"@id\":\"https:\/\/www.slovklima.sk\/hu\/produkt\/gree-gmv6-modular-kulteri-egyseg-r410a\/#breadcrumb\"},\"inLanguage\":\"hu\",\"potentialAction\":[{\"@type\":\"ReadAction\",\"target\":[\"https:\/\/www.slovklima.sk\/hu\/produkt\/gree-gmv6-modular-kulteri-egyseg-r410a\/\"]}]},{\"@type\":\"ImageObject\",\"inLanguage\":\"hu\",\"@id\":\"https:\/\/www.slovklima.sk\/hu\/produkt\/gree-gmv6-modular-kulteri-egyseg-r410a\/#primaryimage\",\"url\":\"https:\/\/www.slovklima.sk\/wp-content\/uploads\/2024\/04\/gree-gmv6-vonkajsia-jednotka-modular-r410a.jpg\",\"contentUrl\":\"https:\/\/www.slovklima.sk\/wp-content\/uploads\/2024\/04\/gree-gmv6-vonkajsia-jednotka-modular-r410a.jpg\",\"width\":800,\"height\":1000},{\"@type\":\"BreadcrumbList\",\"@id\":\"https:\/\/www.slovklima.sk\/hu\/produkt\/gree-gmv6-modular-kulteri-egyseg-r410a\/#breadcrumb\",\"itemListElement\":[{\"@type\":\"ListItem\",\"position\":1,\"name\":\"Domovsk\u00e1 str\u00e1nka\",\"item\":\"https:\/\/www.slovklima.sk\/hu\/\"},{\"@type\":\"ListItem\",\"position\":2,\"name\":\"Term\u00e9kek\",\"item\":\"https:\/\/www.slovklima.sk\/termekek\/\"},{\"@type\":\"ListItem\",\"position\":3,\"name\":\"GREE GMV6 MODULAR k\u00fclt\u00e9ri egys\u00e9g R410A\"}]},{\"@type\":\"WebSite\",\"@id\":\"https:\/\/www.slovklima.sk\/#website\",\"url\":\"https:\/\/www.slovklima.sk\/\",\"name\":\"SLOVKLIMA DEIMOS group, s.r.o.\",\"description\":\"\",\"publisher\":{\"@id\":\"https:\/\/www.slovklima.sk\/#organization\"},\"alternateName\":\"SLOVKLIMA\",\"potentialAction\":[{\"@type\":\"SearchAction\",\"target\":{\"@type\":\"EntryPoint\",\"urlTemplate\":\"https:\/\/www.slovklima.sk\/?s={search_term_string}\"},\"query-input\":{\"@type\":\"PropertyValueSpecification\",\"valueRequired\":true,\"valueName\":\"search_term_string\"}}],\"inLanguage\":\"hu\"},{\"@type\":\"Organization\",\"@id\":\"https:\/\/www.slovklima.sk\/#organization\",\"name\":\"SLOVKLIMA DEIMOS group, s.r.o.\",\"alternateName\":\"SLOVKLIMA\",\"url\":\"https:\/\/www.slovklima.sk\/\",\"logo\":{\"@type\":\"ImageObject\",\"inLanguage\":\"hu\",\"@id\":\"https:\/\/www.slovklima.sk\/#\/schema\/logo\/image\/\",\"url\":\"https:\/\/www.slovklima.sk\/wp-content\/uploads\/2022\/12\/slovklima-logo-black.svg\",\"contentUrl\":\"https:\/\/www.slovklima.sk\/wp-content\/uploads\/2022\/12\/slovklima-logo-black.svg\",\"width\":3218,\"height\":698,\"caption\":\"SLOVKLIMA DEIMOS group, s.r.o.\"},\"image\":{\"@id\":\"https:\/\/www.slovklima.sk\/#\/schema\/logo\/image\/\"}}]}<\/script>\n<!-- \/ Yoast SEO plugin. -->","yoast_head_json":{"title":"GREE GMV6 MODULAR k\u00fclt\u00e9ri egys\u00e9g R410A | SLOVKLIMA DEIMOS group, s.r.o.","robots":{"index":"index","follow":"follow","max-snippet":"max-snippet:-1","max-image-preview":"max-image-preview:large","max-video-preview":"max-video-preview:-1"},"canonical":"https:\/\/www.slovklima.sk\/hu\/produkt\/gree-gmv6-modular-kulteri-egyseg-r410a\/","og_locale":"hu_HU","og_type":"article","og_title":"GREE GMV6 MODULAR k\u00fclt\u00e9ri egys\u00e9g R410A | SLOVKLIMA DEIMOS group, s.r.o.","og_description":"Ak\u00e1r n\u00e9gy k\u00fclt\u00e9ri egys\u00e9g is kombin\u00e1lhat\u00f3: 5,6 kW (2 LE) l\u00e9p\u00e9sekben 22,4 \u00e9s 246 kW k\u00f6z\u00f6tt.  Egy k\u00fclt\u00e9ri egys\u00e9ghez legfeljebb 36 belt\u00e9ri egys\u00e9g csatlakoztathat\u00f3.  DC inverter vez\u00e9rl\u00e9s Ezzel a technol\u00f3gi\u00e1val a kompresszor fordulatsz\u00e1ma v\u00e1ltoztathat\u00f3. A leadott teljes\u00edtm\u00e9ny \u00edgy pontosan a helyis\u00e9g ig\u00e9nyeihez igazodik. A helyis\u00e9g h\u0151m\u00e9rs\u00e9klet\u00e9nek ingadoz\u00e1sa megel\u0151zhet\u0151, \u00e9s energi\u00e1t takar\u00edt meg.  Cs\u00facsteljes\u00edtm\u00e9ny ak\u00e1r 3,4 \/ 4  GREE DC inverteres scroll kompresszorok 1\u00d7 EVI DC Inverter Scroll kompresszor a 22,4; 33,5; 40; 45 \u00e9s 50,4 kW-os modellekhez, vagy 2\u00d7 az 56 \u00e9s 61,5 kW-os modellekhez.  Lehet\u0151s\u00e9g az ext. statikus nyom\u00e1s a ventil\u00e1toron 110 Pa-ig: 0, 30, 50, 80 vagy 110 Pa  Belt\u00e9ri egys\u00e9gk\u00e9nt falra szerelt, konzolos, mennyezet alatti-parapet, kazett\u00e1s, csatorn\u00e1zott \u00e9s nagynyom\u00e1s\u00fa csatorn\u00e1zott egys\u00e9gek k\u00f6z\u00fcl lehet v\u00e1lasztani.  T\u00falterhel\u00e9si t\u00e9nyez\u0151 ak\u00e1r 135%-ig  A l\u00e9gkondicion\u00e1l\u00f3 \u00f6sszes alkatr\u00e9sze pr\u00e9mium min\u0151s\u00e9g\u0171, hogy hossz\u00fa t\u00e1v\u00fa, probl\u00e9mamentes m\u0171k\u00f6d\u00e9st biztos\u00edtson.  A vonal teljes hossza 1000 m  Haszn\u00e1lati hat\u00e1r\u00e9rt\u00e9kek k\u00fclt\u00e9ri h\u0151m\u00e9rs\u00e9kleten (h\u0171t\u00e9s\/f\u0171t\u00e9s): -5 \u00e9s +55 \u00b0C \/ -30 \u00e9s +24 \u00b0C k\u00f6z\u00f6tt.","og_url":"https:\/\/www.slovklima.sk\/hu\/produkt\/gree-gmv6-modular-kulteri-egyseg-r410a\/","og_site_name":"SLOVKLIMA DEIMOS group, s.r.o.","og_image":[{"width":800,"height":1000,"url":"https:\/\/www.slovklima.sk\/wp-content\/uploads\/2024\/04\/gree-gmv6-vonkajsia-jednotka-modular-r410a.jpg","type":"image\/jpeg"}],"twitter_card":"summary_large_image","schema":{"@context":"https:\/\/schema.org","@graph":[{"@type":"WebPage","@id":"https:\/\/www.slovklima.sk\/hu\/produkt\/gree-gmv6-modular-kulteri-egyseg-r410a\/","url":"https:\/\/www.slovklima.sk\/hu\/produkt\/gree-gmv6-modular-kulteri-egyseg-r410a\/","name":"GREE GMV6 MODULAR k\u00fclt\u00e9ri egys\u00e9g R410A | SLOVKLIMA DEIMOS group, s.r.o.","isPartOf":{"@id":"https:\/\/www.slovklima.sk\/#website"},"primaryImageOfPage":{"@id":"https:\/\/www.slovklima.sk\/hu\/produkt\/gree-gmv6-modular-kulteri-egyseg-r410a\/#primaryimage"},"image":{"@id":"https:\/\/www.slovklima.sk\/hu\/produkt\/gree-gmv6-modular-kulteri-egyseg-r410a\/#primaryimage"},"thumbnailUrl":"https:\/\/www.slovklima.sk\/wp-content\/uploads\/2024\/04\/gree-gmv6-vonkajsia-jednotka-modular-r410a.jpg","datePublished":"2024-04-12T06:08:40+00:00","dateModified":"2024-04-12T06:08:40+00:00","breadcrumb":{"@id":"https:\/\/www.slovklima.sk\/hu\/produkt\/gree-gmv6-modular-kulteri-egyseg-r410a\/#breadcrumb"},"inLanguage":"hu","potentialAction":[{"@type":"ReadAction","target":["https:\/\/www.slovklima.sk\/hu\/produkt\/gree-gmv6-modular-kulteri-egyseg-r410a\/"]}]},{"@type":"ImageObject","inLanguage":"hu","@id":"https:\/\/www.slovklima.sk\/hu\/produkt\/gree-gmv6-modular-kulteri-egyseg-r410a\/#primaryimage","url":"https:\/\/www.slovklima.sk\/wp-content\/uploads\/2024\/04\/gree-gmv6-vonkajsia-jednotka-modular-r410a.jpg","contentUrl":"https:\/\/www.slovklima.sk\/wp-content\/uploads\/2024\/04\/gree-gmv6-vonkajsia-jednotka-modular-r410a.jpg","width":800,"height":1000},{"@type":"BreadcrumbList","@id":"https:\/\/www.slovklima.sk\/hu\/produkt\/gree-gmv6-modular-kulteri-egyseg-r410a\/#breadcrumb","itemListElement":[{"@type":"ListItem","position":1,"name":"Domovsk\u00e1 str\u00e1nka","item":"https:\/\/www.slovklima.sk\/hu\/"},{"@type":"ListItem","position":2,"name":"Term\u00e9kek","item":"https:\/\/www.slovklima.sk\/termekek\/"},{"@type":"ListItem","position":3,"name":"GREE GMV6 MODULAR k\u00fclt\u00e9ri egys\u00e9g R410A"}]},{"@type":"WebSite","@id":"https:\/\/www.slovklima.sk\/#website","url":"https:\/\/www.slovklima.sk\/","name":"SLOVKLIMA DEIMOS group, s.r.o.","description":"","publisher":{"@id":"https:\/\/www.slovklima.sk\/#organization"},"alternateName":"SLOVKLIMA","potentialAction":[{"@type":"SearchAction","target":{"@type":"EntryPoint","urlTemplate":"https:\/\/www.slovklima.sk\/?s={search_term_string}"},"query-input":{"@type":"PropertyValueSpecification","valueRequired":true,"valueName":"search_term_string"}}],"inLanguage":"hu"},{"@type":"Organization","@id":"https:\/\/www.slovklima.sk\/#organization","name":"SLOVKLIMA DEIMOS group, s.r.o.","alternateName":"SLOVKLIMA","url":"https:\/\/www.slovklima.sk\/","logo":{"@type":"ImageObject","inLanguage":"hu","@id":"https:\/\/www.slovklima.sk\/#\/schema\/logo\/image\/","url":"https:\/\/www.slovklima.sk\/wp-content\/uploads\/2022\/12\/slovklima-logo-black.svg","contentUrl":"https:\/\/www.slovklima.sk\/wp-content\/uploads\/2022\/12\/slovklima-logo-black.svg","width":3218,"height":698,"caption":"SLOVKLIMA DEIMOS group, s.r.o."},"image":{"@id":"https:\/\/www.slovklima.sk\/#\/schema\/logo\/image\/"}}]}},"_links":{"self":[{"href":"https:\/\/www.slovklima.sk\/hu\/wp-json\/wp\/v2\/product\/11719","targetHints":{"allow":["GET"]}}],"collection":[{"href":"https:\/\/www.slovklima.sk\/hu\/wp-json\/wp\/v2\/product"}],"about":[{"href":"https:\/\/www.slovklima.sk\/hu\/wp-json\/wp\/v2\/types\/product"}],"wp:featuredmedia":[{"embeddable":true,"href":"https:\/\/www.slovklima.sk\/hu\/wp-json\/wp\/v2\/media\/11721"}],"wp:attachment":[{"href":"https:\/\/www.slovklima.sk\/hu\/wp-json\/wp\/v2\/media?parent=11719"}],"wp:term":[{"taxonomy":"product_brand","embeddable":true,"href":"https:\/\/www.slovklima.sk\/hu\/wp-json\/wp\/v2\/product_brand?post=11719"},{"taxonomy":"product_cat","embeddable":true,"href":"https:\/\/www.slovklima.sk\/hu\/wp-json\/wp\/v2\/product_cat?post=11719"},{"taxonomy":"product_tag","embeddable":true,"href":"https:\/\/www.slovklima.sk\/hu\/wp-json\/wp\/v2\/product_tag?post=11719"}],"curies":[{"name":"wp","href":"https:\/\/api.w.org\/{rel}","templated":true}]}}