{"id":11711,"date":"2024-04-11T21:03:15","date_gmt":"2024-04-11T19:03:15","guid":{"rendered":"https:\/\/www.slovklima.sk\/produkt\/toshiba-rav-sdi-kulteri-egyseg-r32\/"},"modified":"2024-06-07T10:45:18","modified_gmt":"2024-06-07T08:45:18","slug":"toshiba-rav-sdi-kulteri-egyseg-r32","status":"publish","type":"product","link":"https:\/\/www.slovklima.sk\/hu\/produkt\/toshiba-rav-sdi-kulteri-egyseg-r32\/","title":{"rendered":"TOSHIBA RAV SDI k\u00fclt\u00e9ri egys\u00e9g R32"},"content":{"rendered":"<section class=\"wpb-content-wrapper\"><p>[vc_row][vc_column el_class=&#8221;table-style&#8221; woodmart_css_id=&#8221;6618360abf1ff&#8221; parallax_scroll=&#8221;no&#8221; woodmart_sticky_column=&#8221;false&#8221; wd_collapsible_content_switcher=&#8221;no&#8221; wd_column_role_offcanvas_desktop=&#8221;no&#8221; wd_column_role_offcanvas_tablet=&#8221;no&#8221; wd_column_role_offcanvas_mobile=&#8221;no&#8221; wd_column_role_content_desktop=&#8221;no&#8221; wd_column_role_content_tablet=&#8221;no&#8221; wd_column_role_content_mobile=&#8221;no&#8221; mobile_bg_img_hidden=&#8221;no&#8221; tablet_bg_img_hidden=&#8221;no&#8221; woodmart_parallax=&#8221;0&#8243; woodmart_box_shadow=&#8221;no&#8221; responsive_spacing=&#8221;eyJwYXJhbV90eXBlIjoid29vZG1hcnRfcmVzcG9uc2l2ZV9zcGFjaW5nIiwic2VsZWN0b3JfaWQiOiI2NjE4MzYwYWJmMWZmIiwic2hvcnRjb2RlIjoidmNfY29sdW1uIiwiZGF0YSI6eyJ0YWJsZXQiOnt9LCJtb2JpbGUiOnt9fX0=&#8221; mobile_reset_margin=&#8221;no&#8221; tablet_reset_margin=&#8221;no&#8221; wd_z_index=&#8221;no&#8221;][vc_column_text woodmart_inline=&#8221;no&#8221; text_larger=&#8221;no&#8221;]<\/p>\n<table>\n<thead>\n<tr>\n<th>Modell <em>k\u00fclt\u00e9ri egys\u00e9g<\/em><\/th>\n<th style=\"text-align: center;\">Teljes\u00edtm\u00e9ny<\/th>\n<th style=\"text-align: center;\">Teljes\u00edtm\u00e9ny <em>kW<\/em><\/th>\n<th style=\"text-align: center;\">ENERGIAOSZT\u00c1LY &#8211; H\u0170T\u00c9S\/F\u0170T\u00c9S<\/th>\n<th style=\"text-align: center;\">SZEZON\u00c1LIS HAT\u00c9KONYS\u00c1G &#8211; SEER\/SCOP<\/th>\n<th style=\"text-align: center;\">BxHxT <em>mm<\/em><\/th>\n<\/tr>\n<\/thead>\n<tbody>\n<tr>\n<td>RAV-GP561ATW-E<\/td>\n<td style=\"text-align: center;\">1-f\u00e1zis\u00fa kivitel<\/td>\n<td style=\"text-align: center;\">5,0 \/ 5,6<\/td>\n<td style=\"text-align: center;\">A++ \/ A++<\/td>\n<td style=\"text-align: center;\">7,73 \/ 4,98<\/td>\n<td style=\"text-align: center;\">799x630x299<\/td>\n<\/tr>\n<tr>\n<td>RAV-GP801ATW-E<\/td>\n<td style=\"text-align: center;\">1-f\u00e1zis\u00fa kivitel<\/td>\n<td style=\"text-align: center;\">7,1 \/ 8,0<\/td>\n<td style=\"text-align: center;\">A+++ \/ A++<\/td>\n<td style=\"text-align: center;\">8,96 \/ 5,24<\/td>\n<td style=\"text-align: center;\">1010x1050x370<\/td>\n<\/tr>\n<tr>\n<td>RAV-GP1101AT-E<\/td>\n<td style=\"text-align: center;\">1-f\u00e1zis\u00fa kivitel<\/td>\n<td style=\"text-align: center;\">10,0 \/ 11,2<\/td>\n<td style=\"text-align: center;\">A+++ \/ A++<\/td>\n<td style=\"text-align: center;\">9,00 \/ 4,76<\/td>\n<td style=\"text-align: center;\">1010x1050x370<\/td>\n<\/tr>\n<tr>\n<td>RAV-GP1401AT-E1<\/td>\n<td style=\"text-align: center;\">1-f\u00e1zis\u00fa kivitel<\/td>\n<td style=\"text-align: center;\">12,5 \/ 14,0<\/td>\n<td style=\"text-align: center;\">A++ \/ A+<\/td>\n<td style=\"text-align: center;\">8,59 \/ 4,75<\/td>\n<td style=\"text-align: center;\">1010x1050x370<\/td>\n<\/tr>\n<tr>\n<td>RAV-GP1101AT8-E<\/td>\n<td style=\"text-align: center;\">3-f\u00e1zis\u00fa kivitel<\/td>\n<td style=\"text-align: center;\">10,0 \/ 11,2<\/td>\n<td style=\"text-align: center;\">A+++ \/ A++<\/td>\n<td style=\"text-align: center;\">7,32 \/ 4,38<\/td>\n<td style=\"text-align: center;\">900x1340x320<\/td>\n<\/tr>\n<tr>\n<td>RAV-GP1401AT8-E<\/td>\n<td style=\"text-align: center;\">3-f\u00e1zis\u00fa kivitel<\/td>\n<td style=\"text-align: center;\">12,5 \/ 14,0<\/td>\n<td style=\"text-align: center;\">A++ \/ A+<\/td>\n<td style=\"text-align: center;\">7,35 \/ 4,38<\/td>\n<td style=\"text-align: center;\">900x1340x320<\/td>\n<\/tr>\n<tr>\n<td>RAV-GP1601AT8-E<\/td>\n<td style=\"text-align: center;\">3-f\u00e1zis\u00fa kivitel<\/td>\n<td style=\"text-align: center;\">14,0 \/ 16,0<\/td>\n<td style=\"text-align: center;\">A++ \/ A+<\/td>\n<td style=\"text-align: center;\">6,99 \/ 4,38<\/td>\n<td style=\"text-align: center;\">900x1340x320<\/td>\n<\/tr>\n<\/tbody>\n<\/table>\n<p>[\/vc_column_text][\/vc_column][\/vc_row]<\/p>\n<\/section>","protected":false},"excerpt":{"rendered":"<p><strong>SZUPER DIGIT\u00c1LIS INVERTER (SDI)<\/strong><\/p>\n<p><strong>NAGY HAT\u00c9KONYS\u00c1G\u00da EGYS\u00c9GEK HOSSZ\u00da \u00c9LETTARTAMMAL<\/strong><\/p>\n<p>K\u00fclt\u00e9ri szuper digit\u00e1lis inverteres egys\u00e9g R32 h\u0171t\u0151k\u00f6zeggel h\u0171t\u00e9si vagy f\u0171t\u00e9si \u00fczemhez, sz\u00e9les teljes\u00edtm\u00e9nytartom\u00e1nyban. N\u00e9gy teljes\u00edtm\u00e9nyszinten kaphat\u00f3 5,3 \u00e9s 14,0 kW k\u00f6z\u00f6tt.<\/p>\n<p><strong>Kompatibilis az \u00f6sszes belt\u00e9ri egys\u00e9ggel.<\/strong><\/p>\n<ul>\n<li>Alkalmas a h\u00e9t 7 napj\u00e1n 24 \u00f3r\u00e1s folyamatos m\u0171k\u00f6d\u00e9sre<\/li>\n<li>Nagyon j\u00f3 energiahat\u00e9konys\u00e1gi \u00e9rt\u00e9kek (ak\u00e1r A++)<\/li>\n<li>A kombin\u00e1ci\u00f3t\u00f3l f\u00fcgg\u0151en ak\u00e1r 9,40 SEER \u00e9rt\u00e9kek el\u00e9r\u00e9s\u00e9nek lehet\u0151s\u00e9g\u00e9vel.<\/li>\n<li>A kombin\u00e1ci\u00f3t\u00f3l f\u00fcgg\u0151en ak\u00e1r 5,52 SCOP-\u00e9rt\u00e9kek el\u00e9r\u00e9s\u00e9nek lehet\u0151s\u00e9g\u00e9vel.<\/li>\n<li>Rendk\u00edv\u00fcl magas r\u00e9szterhel\u00e9s\u0171 hat\u00e9konys\u00e1g<\/li>\n<li>A legalacsonyabb minim\u00e1lis kimenetekre szab\u00e1lyoz<\/li>\n<li>Megfelel az ECODESIGN Lot10 ir\u00e1nyelvnek<\/li>\n<\/ul>\n<div class=\"product-icons\"><img decoding=\"async\" class=\"alignnone size-full wp-image-8538\" title=\"H\u0171t\u0151teljes\u00edtm\u00e9ny 5,30 - 14,00 kW\" src=\"https:\/\/www.slovklima.sk\/wp-content\/uploads\/2024\/03\/chladiaci-vykon.jpg\" alt=\"H\u0171t\u00e9si teljes\u00edtm\u00e9ny\" width=\"151\" height=\"151\"><img decoding=\"async\" class=\"alignnone size-full wp-image-8534\" title=\"F\u0171t\u00e9si teljes\u00edtm\u00e9ny 5,60 - 16,00 kW\" src=\"https:\/\/www.slovklima.sk\/wp-content\/uploads\/2024\/03\/vykurovaci-vykon.jpg\" alt=\"f\u0171t\u00e9si teljes\u00edtm\u00e9ny\" width=\"151\" height=\"151\"><img decoding=\"async\" class=\"alignnone size-full wp-image-9024\" title=\"SEER 6,72 - 7,10 W\/W\" src=\"https:\/\/www.slovklima.sk\/wp-content\/uploads\/2023\/11\/icon-energeticka-trieda-ch.jpg\" alt=\"\" width=\"151\" height=\"151\"><img decoding=\"async\" class=\"alignnone size-full wp-image-9023\" title=\"SCOP hat\u00e9konys\u00e1g 4,36 W\/W\" src=\"https:\/\/www.slovklima.sk\/wp-content\/uploads\/2023\/11\/icon-energeticka-trieda-ku.jpg\" alt=\"\" width=\"151\" height=\"151\"><img decoding=\"async\" class=\"alignnone size-full wp-image-8539\" title=\"M\u00e9retek (h \u00d7 b \u00d7 t) 630 x 799 x 299 - 1550 x 1010 x 370 mm\" src=\"https:\/\/www.slovklima.sk\/wp-content\/uploads\/2024\/03\/rozmery.jpg\" alt=\"M\u00e9retek\" width=\"151\" height=\"151\"><img decoding=\"async\" class=\"alignnone size-full wp-image-9089\" title=\"T\u00e1pfesz\u00fclts\u00e9g 220-240\/1N\/50 - 380-415\/3N\/50 V\/Ph+N\/Hz\" src=\"https:\/\/www.slovklima.sk\/wp-content\/uploads\/2024\/04\/icon-napajanie-napatim1.jpg\" alt=\"\" width=\"151\" height=\"151\"><\/div>\n","protected":false},"featured_media":11712,"template":"","meta":[],"product_brand":[],"product_cat":[364,353,365],"product_tag":[],"class_list":{"0":"post-11711","1":"product","2":"type-product","3":"status-publish","4":"has-post-thumbnail","6":"product_cat-kereskedelmi-egysegek","7":"product_cat-legkondicionalas","8":"product_cat-toshiba-hu","10":"first","11":"instock","12":"shipping-taxable","13":"product-type-simple"},"yoast_head":"<!-- This site is optimized with the Yoast SEO plugin v24.3 - https:\/\/yoast.com\/wordpress\/plugins\/seo\/ -->\n<title>TOSHIBA RAV SDI k\u00fclt\u00e9ri egys\u00e9g R32 | SLOVKLIMA DEIMOS group, s.r.o.<\/title>\n<meta name=\"robots\" content=\"index, follow, max-snippet:-1, max-image-preview:large, max-video-preview:-1\" \/>\n<link rel=\"canonical\" href=\"https:\/\/www.slovklima.sk\/hu\/produkt\/toshiba-rav-sdi-kulteri-egyseg-r32\/\" \/>\n<meta property=\"og:locale\" content=\"hu_HU\" \/>\n<meta property=\"og:type\" content=\"article\" \/>\n<meta property=\"og:title\" content=\"TOSHIBA RAV SDI k\u00fclt\u00e9ri egys\u00e9g R32 | SLOVKLIMA DEIMOS group, s.r.o.\" \/>\n<meta property=\"og:description\" content=\"SZUPER DIGIT\u00c1LIS INVERTER (SDI) NAGY HAT\u00c9KONYS\u00c1G\u00da EGYS\u00c9GEK HOSSZ\u00da \u00c9LETTARTAMMAL K\u00fclt\u00e9ri szuper digit\u00e1lis inverteres egys\u00e9g R32 h\u0171t\u0151k\u00f6zeggel h\u0171t\u00e9si vagy f\u0171t\u00e9si \u00fczemhez, sz\u00e9les teljes\u00edtm\u00e9nytartom\u00e1nyban. N\u00e9gy teljes\u00edtm\u00e9nyszinten kaphat\u00f3 5,3 \u00e9s 14,0 kW k\u00f6z\u00f6tt. Kompatibilis az \u00f6sszes belt\u00e9ri egys\u00e9ggel.  Alkalmas a h\u00e9t 7 napj\u00e1n 24 \u00f3r\u00e1s folyamatos m\u0171k\u00f6d\u00e9sre  Nagyon j\u00f3 energiahat\u00e9konys\u00e1gi \u00e9rt\u00e9kek (ak\u00e1r A++)  A kombin\u00e1ci\u00f3t\u00f3l f\u00fcgg\u0151en ak\u00e1r 9,40 SEER \u00e9rt\u00e9kek el\u00e9r\u00e9s\u00e9nek lehet\u0151s\u00e9g\u00e9vel.  A kombin\u00e1ci\u00f3t\u00f3l f\u00fcgg\u0151en ak\u00e1r 5,52 SCOP-\u00e9rt\u00e9kek el\u00e9r\u00e9s\u00e9nek lehet\u0151s\u00e9g\u00e9vel.  Rendk\u00edv\u00fcl magas r\u00e9szterhel\u00e9s\u0171 hat\u00e9konys\u00e1g  A legalacsonyabb minim\u00e1lis kimenetekre szab\u00e1lyoz  Megfelel az ECODESIGN Lot10 ir\u00e1nyelvnek\" \/>\n<meta property=\"og:url\" content=\"https:\/\/www.slovklima.sk\/hu\/produkt\/toshiba-rav-sdi-kulteri-egyseg-r32\/\" \/>\n<meta property=\"og:site_name\" content=\"SLOVKLIMA DEIMOS group, s.r.o.\" \/>\n<meta property=\"article:modified_time\" content=\"2024-06-07T08:45:18+00:00\" \/>\n<meta property=\"og:image\" content=\"https:\/\/www.slovklima.sk\/wp-content\/uploads\/2024\/04\/toshiba-rav-digitalny-inverter-super.jpg\" \/>\n\t<meta property=\"og:image:width\" content=\"800\" \/>\n\t<meta property=\"og:image:height\" content=\"1000\" \/>\n\t<meta property=\"og:image:type\" content=\"image\/jpeg\" \/>\n<meta name=\"twitter:card\" content=\"summary_large_image\" \/>\n<meta name=\"twitter:label1\" content=\"Becs\u00fclt olvas\u00e1si id\u0151\" \/>\n\t<meta name=\"twitter:data1\" content=\"1 perc\" \/>\n<script type=\"application\/ld+json\" class=\"yoast-schema-graph\">{\"@context\":\"https:\/\/schema.org\",\"@graph\":[{\"@type\":\"WebPage\",\"@id\":\"https:\/\/www.slovklima.sk\/hu\/produkt\/toshiba-rav-sdi-kulteri-egyseg-r32\/\",\"url\":\"https:\/\/www.slovklima.sk\/hu\/produkt\/toshiba-rav-sdi-kulteri-egyseg-r32\/\",\"name\":\"TOSHIBA RAV SDI k\u00fclt\u00e9ri egys\u00e9g R32 | SLOVKLIMA DEIMOS group, s.r.o.\",\"isPartOf\":{\"@id\":\"https:\/\/www.slovklima.sk\/#website\"},\"primaryImageOfPage\":{\"@id\":\"https:\/\/www.slovklima.sk\/hu\/produkt\/toshiba-rav-sdi-kulteri-egyseg-r32\/#primaryimage\"},\"image\":{\"@id\":\"https:\/\/www.slovklima.sk\/hu\/produkt\/toshiba-rav-sdi-kulteri-egyseg-r32\/#primaryimage\"},\"thumbnailUrl\":\"https:\/\/www.slovklima.sk\/wp-content\/uploads\/2024\/04\/toshiba-rav-digitalny-inverter-super.jpg\",\"datePublished\":\"2024-04-11T19:03:15+00:00\",\"dateModified\":\"2024-06-07T08:45:18+00:00\",\"breadcrumb\":{\"@id\":\"https:\/\/www.slovklima.sk\/hu\/produkt\/toshiba-rav-sdi-kulteri-egyseg-r32\/#breadcrumb\"},\"inLanguage\":\"hu\",\"potentialAction\":[{\"@type\":\"ReadAction\",\"target\":[\"https:\/\/www.slovklima.sk\/hu\/produkt\/toshiba-rav-sdi-kulteri-egyseg-r32\/\"]}]},{\"@type\":\"ImageObject\",\"inLanguage\":\"hu\",\"@id\":\"https:\/\/www.slovklima.sk\/hu\/produkt\/toshiba-rav-sdi-kulteri-egyseg-r32\/#primaryimage\",\"url\":\"https:\/\/www.slovklima.sk\/wp-content\/uploads\/2024\/04\/toshiba-rav-digitalny-inverter-super.jpg\",\"contentUrl\":\"https:\/\/www.slovklima.sk\/wp-content\/uploads\/2024\/04\/toshiba-rav-digitalny-inverter-super.jpg\",\"width\":800,\"height\":1000},{\"@type\":\"BreadcrumbList\",\"@id\":\"https:\/\/www.slovklima.sk\/hu\/produkt\/toshiba-rav-sdi-kulteri-egyseg-r32\/#breadcrumb\",\"itemListElement\":[{\"@type\":\"ListItem\",\"position\":1,\"name\":\"Domovsk\u00e1 str\u00e1nka\",\"item\":\"https:\/\/www.slovklima.sk\/hu\/\"},{\"@type\":\"ListItem\",\"position\":2,\"name\":\"Term\u00e9kek\",\"item\":\"https:\/\/www.slovklima.sk\/termekek\/\"},{\"@type\":\"ListItem\",\"position\":3,\"name\":\"TOSHIBA RAV SDI k\u00fclt\u00e9ri egys\u00e9g R32\"}]},{\"@type\":\"WebSite\",\"@id\":\"https:\/\/www.slovklima.sk\/#website\",\"url\":\"https:\/\/www.slovklima.sk\/\",\"name\":\"SLOVKLIMA DEIMOS group, s.r.o.\",\"description\":\"\",\"publisher\":{\"@id\":\"https:\/\/www.slovklima.sk\/#organization\"},\"alternateName\":\"SLOVKLIMA\",\"potentialAction\":[{\"@type\":\"SearchAction\",\"target\":{\"@type\":\"EntryPoint\",\"urlTemplate\":\"https:\/\/www.slovklima.sk\/?s={search_term_string}\"},\"query-input\":{\"@type\":\"PropertyValueSpecification\",\"valueRequired\":true,\"valueName\":\"search_term_string\"}}],\"inLanguage\":\"hu\"},{\"@type\":\"Organization\",\"@id\":\"https:\/\/www.slovklima.sk\/#organization\",\"name\":\"SLOVKLIMA DEIMOS group, s.r.o.\",\"alternateName\":\"SLOVKLIMA\",\"url\":\"https:\/\/www.slovklima.sk\/\",\"logo\":{\"@type\":\"ImageObject\",\"inLanguage\":\"hu\",\"@id\":\"https:\/\/www.slovklima.sk\/#\/schema\/logo\/image\/\",\"url\":\"https:\/\/www.slovklima.sk\/wp-content\/uploads\/2022\/12\/slovklima-logo-black.svg\",\"contentUrl\":\"https:\/\/www.slovklima.sk\/wp-content\/uploads\/2022\/12\/slovklima-logo-black.svg\",\"width\":3218,\"height\":698,\"caption\":\"SLOVKLIMA DEIMOS group, s.r.o.\"},\"image\":{\"@id\":\"https:\/\/www.slovklima.sk\/#\/schema\/logo\/image\/\"}}]}<\/script>\n<!-- \/ Yoast SEO plugin. -->","yoast_head_json":{"title":"TOSHIBA RAV SDI k\u00fclt\u00e9ri egys\u00e9g R32 | SLOVKLIMA DEIMOS group, s.r.o.","robots":{"index":"index","follow":"follow","max-snippet":"max-snippet:-1","max-image-preview":"max-image-preview:large","max-video-preview":"max-video-preview:-1"},"canonical":"https:\/\/www.slovklima.sk\/hu\/produkt\/toshiba-rav-sdi-kulteri-egyseg-r32\/","og_locale":"hu_HU","og_type":"article","og_title":"TOSHIBA RAV SDI k\u00fclt\u00e9ri egys\u00e9g R32 | SLOVKLIMA DEIMOS group, s.r.o.","og_description":"SZUPER DIGIT\u00c1LIS INVERTER (SDI) NAGY HAT\u00c9KONYS\u00c1G\u00da EGYS\u00c9GEK HOSSZ\u00da \u00c9LETTARTAMMAL K\u00fclt\u00e9ri szuper digit\u00e1lis inverteres egys\u00e9g R32 h\u0171t\u0151k\u00f6zeggel h\u0171t\u00e9si vagy f\u0171t\u00e9si \u00fczemhez, sz\u00e9les teljes\u00edtm\u00e9nytartom\u00e1nyban. N\u00e9gy teljes\u00edtm\u00e9nyszinten kaphat\u00f3 5,3 \u00e9s 14,0 kW k\u00f6z\u00f6tt. Kompatibilis az \u00f6sszes belt\u00e9ri egys\u00e9ggel.  Alkalmas a h\u00e9t 7 napj\u00e1n 24 \u00f3r\u00e1s folyamatos m\u0171k\u00f6d\u00e9sre  Nagyon j\u00f3 energiahat\u00e9konys\u00e1gi \u00e9rt\u00e9kek (ak\u00e1r A++)  A kombin\u00e1ci\u00f3t\u00f3l f\u00fcgg\u0151en ak\u00e1r 9,40 SEER \u00e9rt\u00e9kek el\u00e9r\u00e9s\u00e9nek lehet\u0151s\u00e9g\u00e9vel.  A kombin\u00e1ci\u00f3t\u00f3l f\u00fcgg\u0151en ak\u00e1r 5,52 SCOP-\u00e9rt\u00e9kek el\u00e9r\u00e9s\u00e9nek lehet\u0151s\u00e9g\u00e9vel.  Rendk\u00edv\u00fcl magas r\u00e9szterhel\u00e9s\u0171 hat\u00e9konys\u00e1g  A legalacsonyabb minim\u00e1lis kimenetekre szab\u00e1lyoz  Megfelel az ECODESIGN Lot10 ir\u00e1nyelvnek","og_url":"https:\/\/www.slovklima.sk\/hu\/produkt\/toshiba-rav-sdi-kulteri-egyseg-r32\/","og_site_name":"SLOVKLIMA DEIMOS group, s.r.o.","article_modified_time":"2024-06-07T08:45:18+00:00","og_image":[{"width":800,"height":1000,"url":"https:\/\/www.slovklima.sk\/wp-content\/uploads\/2024\/04\/toshiba-rav-digitalny-inverter-super.jpg","type":"image\/jpeg"}],"twitter_card":"summary_large_image","twitter_misc":{"Becs\u00fclt olvas\u00e1si id\u0151":"1 perc"},"schema":{"@context":"https:\/\/schema.org","@graph":[{"@type":"WebPage","@id":"https:\/\/www.slovklima.sk\/hu\/produkt\/toshiba-rav-sdi-kulteri-egyseg-r32\/","url":"https:\/\/www.slovklima.sk\/hu\/produkt\/toshiba-rav-sdi-kulteri-egyseg-r32\/","name":"TOSHIBA RAV SDI k\u00fclt\u00e9ri egys\u00e9g R32 | SLOVKLIMA DEIMOS group, s.r.o.","isPartOf":{"@id":"https:\/\/www.slovklima.sk\/#website"},"primaryImageOfPage":{"@id":"https:\/\/www.slovklima.sk\/hu\/produkt\/toshiba-rav-sdi-kulteri-egyseg-r32\/#primaryimage"},"image":{"@id":"https:\/\/www.slovklima.sk\/hu\/produkt\/toshiba-rav-sdi-kulteri-egyseg-r32\/#primaryimage"},"thumbnailUrl":"https:\/\/www.slovklima.sk\/wp-content\/uploads\/2024\/04\/toshiba-rav-digitalny-inverter-super.jpg","datePublished":"2024-04-11T19:03:15+00:00","dateModified":"2024-06-07T08:45:18+00:00","breadcrumb":{"@id":"https:\/\/www.slovklima.sk\/hu\/produkt\/toshiba-rav-sdi-kulteri-egyseg-r32\/#breadcrumb"},"inLanguage":"hu","potentialAction":[{"@type":"ReadAction","target":["https:\/\/www.slovklima.sk\/hu\/produkt\/toshiba-rav-sdi-kulteri-egyseg-r32\/"]}]},{"@type":"ImageObject","inLanguage":"hu","@id":"https:\/\/www.slovklima.sk\/hu\/produkt\/toshiba-rav-sdi-kulteri-egyseg-r32\/#primaryimage","url":"https:\/\/www.slovklima.sk\/wp-content\/uploads\/2024\/04\/toshiba-rav-digitalny-inverter-super.jpg","contentUrl":"https:\/\/www.slovklima.sk\/wp-content\/uploads\/2024\/04\/toshiba-rav-digitalny-inverter-super.jpg","width":800,"height":1000},{"@type":"BreadcrumbList","@id":"https:\/\/www.slovklima.sk\/hu\/produkt\/toshiba-rav-sdi-kulteri-egyseg-r32\/#breadcrumb","itemListElement":[{"@type":"ListItem","position":1,"name":"Domovsk\u00e1 str\u00e1nka","item":"https:\/\/www.slovklima.sk\/hu\/"},{"@type":"ListItem","position":2,"name":"Term\u00e9kek","item":"https:\/\/www.slovklima.sk\/termekek\/"},{"@type":"ListItem","position":3,"name":"TOSHIBA RAV SDI k\u00fclt\u00e9ri egys\u00e9g R32"}]},{"@type":"WebSite","@id":"https:\/\/www.slovklima.sk\/#website","url":"https:\/\/www.slovklima.sk\/","name":"SLOVKLIMA DEIMOS group, s.r.o.","description":"","publisher":{"@id":"https:\/\/www.slovklima.sk\/#organization"},"alternateName":"SLOVKLIMA","potentialAction":[{"@type":"SearchAction","target":{"@type":"EntryPoint","urlTemplate":"https:\/\/www.slovklima.sk\/?s={search_term_string}"},"query-input":{"@type":"PropertyValueSpecification","valueRequired":true,"valueName":"search_term_string"}}],"inLanguage":"hu"},{"@type":"Organization","@id":"https:\/\/www.slovklima.sk\/#organization","name":"SLOVKLIMA DEIMOS group, s.r.o.","alternateName":"SLOVKLIMA","url":"https:\/\/www.slovklima.sk\/","logo":{"@type":"ImageObject","inLanguage":"hu","@id":"https:\/\/www.slovklima.sk\/#\/schema\/logo\/image\/","url":"https:\/\/www.slovklima.sk\/wp-content\/uploads\/2022\/12\/slovklima-logo-black.svg","contentUrl":"https:\/\/www.slovklima.sk\/wp-content\/uploads\/2022\/12\/slovklima-logo-black.svg","width":3218,"height":698,"caption":"SLOVKLIMA DEIMOS group, s.r.o."},"image":{"@id":"https:\/\/www.slovklima.sk\/#\/schema\/logo\/image\/"}}]}},"_links":{"self":[{"href":"https:\/\/www.slovklima.sk\/hu\/wp-json\/wp\/v2\/product\/11711","targetHints":{"allow":["GET"]}}],"collection":[{"href":"https:\/\/www.slovklima.sk\/hu\/wp-json\/wp\/v2\/product"}],"about":[{"href":"https:\/\/www.slovklima.sk\/hu\/wp-json\/wp\/v2\/types\/product"}],"wp:featuredmedia":[{"embeddable":true,"href":"https:\/\/www.slovklima.sk\/hu\/wp-json\/wp\/v2\/media\/11712"}],"wp:attachment":[{"href":"https:\/\/www.slovklima.sk\/hu\/wp-json\/wp\/v2\/media?parent=11711"}],"wp:term":[{"taxonomy":"product_brand","embeddable":true,"href":"https:\/\/www.slovklima.sk\/hu\/wp-json\/wp\/v2\/product_brand?post=11711"},{"taxonomy":"product_cat","embeddable":true,"href":"https:\/\/www.slovklima.sk\/hu\/wp-json\/wp\/v2\/product_cat?post=11711"},{"taxonomy":"product_tag","embeddable":true,"href":"https:\/\/www.slovklima.sk\/hu\/wp-json\/wp\/v2\/product_tag?post=11711"}],"curies":[{"name":"wp","href":"https:\/\/api.w.org\/{rel}","templated":true}]}}