{"id":11706,"date":"2024-04-11T20:31:20","date_gmt":"2024-04-11T18:31:20","guid":{"rendered":"https:\/\/www.slovklima.sk\/produkt\/toshiba-rav-di-big-kulteri-egyseg-r32\/"},"modified":"2024-06-07T10:45:18","modified_gmt":"2024-06-07T08:45:18","slug":"toshiba-rav-di-big-kulteri-egyseg-r32","status":"publish","type":"product","link":"https:\/\/www.slovklima.sk\/hu\/produkt\/toshiba-rav-di-big-kulteri-egyseg-r32\/","title":{"rendered":"TOSHIBA RAV DI-BIG k\u00fclt\u00e9ri egys\u00e9g R32"},"content":{"rendered":"<section class=\"wpb-content-wrapper\"><p>[vc_row][vc_column el_class=&#8221;table-style&#8221; woodmart_css_id=&#8221;661831a820ab0&#8243; parallax_scroll=&#8221;no&#8221; woodmart_sticky_column=&#8221;false&#8221; wd_collapsible_content_switcher=&#8221;no&#8221; wd_column_role_offcanvas_desktop=&#8221;no&#8221; wd_column_role_offcanvas_tablet=&#8221;no&#8221; wd_column_role_offcanvas_mobile=&#8221;no&#8221; wd_column_role_content_desktop=&#8221;no&#8221; wd_column_role_content_tablet=&#8221;no&#8221; wd_column_role_content_mobile=&#8221;no&#8221; mobile_bg_img_hidden=&#8221;no&#8221; tablet_bg_img_hidden=&#8221;no&#8221; woodmart_parallax=&#8221;0&#8243; woodmart_box_shadow=&#8221;no&#8221; responsive_spacing=&#8221;eyJwYXJhbV90eXBlIjoid29vZG1hcnRfcmVzcG9uc2l2ZV9zcGFjaW5nIiwic2VsZWN0b3JfaWQiOiI2NjE4MzFhODIwYWIwIiwic2hvcnRjb2RlIjoidmNfY29sdW1uIiwiZGF0YSI6eyJ0YWJsZXQiOnt9LCJtb2JpbGUiOnt9fX0=&#8221; mobile_reset_margin=&#8221;no&#8221; tablet_reset_margin=&#8221;no&#8221; wd_z_index=&#8221;no&#8221;][vc_column_text woodmart_inline=&#8221;no&#8221; text_larger=&#8221;no&#8221;]<\/p>\n<table>\n<thead>\n<tr>\n<th>Modell <em>k\u00fclt\u00e9ri egys\u00e9g<\/em><\/th>\n<th style=\"text-align: center;\">Teljes\u00edtm\u00e9ny<\/th>\n<th style=\"text-align: center;\">Teljes\u00edtm\u00e9ny <em>kW<\/em><\/th>\n<th style=\"text-align: center;\">ENERGIAOSZT\u00c1LY &#8211; H\u0170T\u00c9S\/F\u0170T\u00c9S<\/th>\n<th style=\"text-align: center;\">SZEZON\u00c1LIS HAT\u00c9KONYS\u00c1G &#8211; SEER\/SCOP<\/th>\n<th style=\"text-align: center;\">BxHxT <em>mm<\/em><\/th>\n<\/tr>\n<\/thead>\n<tbody>\n<tr>\n<td>RAV-GM2241AT8-E1<\/td>\n<td style=\"text-align: center;\">3-f\u00e1zis\u00fa kivitel<\/td>\n<td style=\"text-align: center;\">19,0 \/ 22,4<\/td>\n<td style=\"text-align: center;\">A+ \/ A<\/td>\n<td style=\"text-align: center;\">5,82 \/ 3,78<\/td>\n<td style=\"text-align: center;\">1010x1550x370<\/td>\n<\/tr>\n<tr>\n<td>RAV-GM2801AT8-E1<\/td>\n<td style=\"text-align: center;\">3-f\u00e1zis\u00fa kivitel<\/td>\n<td style=\"text-align: center;\">22,5 \/ 27,0<\/td>\n<td style=\"text-align: center;\">A+ \/ A<\/td>\n<td style=\"text-align: center;\">5,49 \/ 3,69<\/td>\n<td style=\"text-align: center;\">1010x1550x370<\/td>\n<\/tr>\n<\/tbody>\n<\/table>\n<p>[\/vc_column_text][\/vc_column][\/vc_row]<\/p>\n<\/section>","protected":false},"excerpt":{"rendered":"<p><strong>DIGIT\u00c1LIS NAGY (DI-BIG)<\/strong><\/p>\n<p><strong>ROBUSZTUS, NAGY TELJES\u00cdTM\u00c9NY\u0170 EGYS\u00c9GEK<\/strong><\/p>\n<p>BIG digit\u00e1lis inverteres k\u00fclt\u00e9ri egys\u00e9g R32 h\u0171t\u0151k\u00f6zeggel h\u0171t\u00e9si vagy f\u0171t\u00e9si \u00fczemhez. 1:1 kombin\u00e1ci\u00f3hoz nagynyom\u00e1s\u00fa csatorn\u00e1zott egys\u00e9gekkel \u00e9s az egys\u00e9gek szell\u0151z\u0151k\u00e9szleteivel, valamint legfeljebb n\u00e9gy belt\u00e9ri egys\u00e9ggel Twin-\/Double-Twin-\/Triple \u00fczemben. Kaphat\u00f3 19,0 \u00e9s 22,5 kW (c) teljes\u00edtm\u00e9nnyel.<br \/>\n<strong>Kompatibilis a belt\u00e9ri csatorn\u00e1zott nagynyom\u00e1s\u00fa egys\u00e9gekkel, m\u00e1s modellekkel TWIN, DOUBLE TWIN \u00e9s TRIPLE csatlakoz\u00e1s eset\u00e9n.<\/strong><\/p>\n<ul>\n<li>Alkalmas a h\u00e9t 7 napj\u00e1n 24 \u00f3r\u00e1s folyamatos m\u0171k\u00f6d\u00e9sre<\/li>\n<li>A legjobb energiahat\u00e9konys\u00e1gi \u00e9rt\u00e9kek a kateg\u00f3ri\u00e1ban<\/li>\n<li>Rendk\u00edv\u00fcl magas hat\u00e1sfok r\u00e9szterhel\u00e9s\u0171 rendszerben<\/li>\n<li>A legalacsonyabb minim\u00e1lis kimenetekre szab\u00e1lyoz<\/li>\n<\/ul>\n<div class=\"product-icons\">\n<p><img decoding=\"async\" class=\"alignnone size-full wp-image-8538\" title=\"H\u0171t\u00e9si teljes\u00edtm\u00e9ny 19,00 - 22,50 kW\" src=\"https:\/\/www.slovklima.sk\/wp-content\/uploads\/2024\/03\/chladiaci-vykon.jpg\" alt=\"H\u0171t\u00e9si teljes\u00edtm\u00e9ny\" width=\"151\" height=\"151\"><img decoding=\"async\" class=\"alignnone size-full wp-image-8534\" title=\"F\u0171t\u00e9si teljes\u00edtm\u00e9ny 22,40 - 27,00 kW\" src=\"https:\/\/www.slovklima.sk\/wp-content\/uploads\/2024\/03\/vykurovaci-vykon.jpg\" alt=\"f\u0171t\u00e9si teljes\u00edtm\u00e9ny\" width=\"151\" height=\"151\"><img decoding=\"async\" class=\"alignnone size-full wp-image-8539\" title=\"M\u00e9retek (magass\u00e1g \u00d7 sz\u00e9less\u00e9g \u00d7 m\u00e9lys\u00e9g) 1550 x 1010 x 370 mm\" src=\"https:\/\/www.slovklima.sk\/wp-content\/uploads\/2024\/03\/rozmery.jpg\" alt=\"M\u00e9retek\" width=\"151\" height=\"151\"><img decoding=\"async\" class=\"alignnone size-full wp-image-9085\" title=\"Fesz\u00fclts\u00e9gell\u00e1t\u00e1s 380-415\/3N\/50 V\/Ph+N\/Hz\" src=\"https:\/\/www.slovklima.sk\/wp-content\/uploads\/2024\/04\/icon-napajnie-napatim.jpg\" alt=\"\" width=\"151\" height=\"151\"><\/p>\n<\/div>\n","protected":false},"featured_media":11707,"template":"","meta":[],"product_brand":[],"product_cat":[364,353,365],"product_tag":[],"class_list":{"0":"post-11706","1":"product","2":"type-product","3":"status-publish","4":"has-post-thumbnail","6":"product_cat-kereskedelmi-egysegek","7":"product_cat-legkondicionalas","8":"product_cat-toshiba-hu","10":"first","11":"instock","12":"shipping-taxable","13":"product-type-simple"},"yoast_head":"<!-- This site is optimized with the Yoast SEO plugin v24.3 - https:\/\/yoast.com\/wordpress\/plugins\/seo\/ -->\n<title>TOSHIBA RAV DI-BIG k\u00fclt\u00e9ri egys\u00e9g R32 | SLOVKLIMA DEIMOS group, s.r.o.<\/title>\n<meta name=\"robots\" content=\"index, follow, max-snippet:-1, max-image-preview:large, max-video-preview:-1\" \/>\n<link rel=\"canonical\" href=\"https:\/\/www.slovklima.sk\/hu\/produkt\/toshiba-rav-di-big-kulteri-egyseg-r32\/\" \/>\n<meta property=\"og:locale\" content=\"hu_HU\" \/>\n<meta property=\"og:type\" content=\"article\" \/>\n<meta property=\"og:title\" content=\"TOSHIBA RAV DI-BIG k\u00fclt\u00e9ri egys\u00e9g R32 | SLOVKLIMA DEIMOS group, s.r.o.\" \/>\n<meta property=\"og:description\" content=\"DIGIT\u00c1LIS NAGY (DI-BIG) ROBUSZTUS, NAGY TELJES\u00cdTM\u00c9NY\u0170 EGYS\u00c9GEK BIG digit\u00e1lis inverteres k\u00fclt\u00e9ri egys\u00e9g R32 h\u0171t\u0151k\u00f6zeggel h\u0171t\u00e9si vagy f\u0171t\u00e9si \u00fczemhez. 1:1 kombin\u00e1ci\u00f3hoz nagynyom\u00e1s\u00fa csatorn\u00e1zott egys\u00e9gekkel \u00e9s az egys\u00e9gek szell\u0151z\u0151k\u00e9szleteivel, valamint legfeljebb n\u00e9gy belt\u00e9ri egys\u00e9ggel Twin-\/Double-Twin-\/Triple \u00fczemben. Kaphat\u00f3 19,0 \u00e9s 22,5 kW (c) teljes\u00edtm\u00e9nnyel. Kompatibilis a belt\u00e9ri csatorn\u00e1zott nagynyom\u00e1s\u00fa egys\u00e9gekkel, m\u00e1s modellekkel TWIN, DOUBLE TWIN \u00e9s TRIPLE csatlakoz\u00e1s eset\u00e9n.  Alkalmas a h\u00e9t 7 napj\u00e1n 24 \u00f3r\u00e1s folyamatos m\u0171k\u00f6d\u00e9sre  A legjobb energiahat\u00e9konys\u00e1gi \u00e9rt\u00e9kek a kateg\u00f3ri\u00e1ban  Rendk\u00edv\u00fcl magas hat\u00e1sfok r\u00e9szterhel\u00e9s\u0171 rendszerben  A legalacsonyabb minim\u00e1lis kimenetekre szab\u00e1lyoz\" \/>\n<meta property=\"og:url\" content=\"https:\/\/www.slovklima.sk\/hu\/produkt\/toshiba-rav-di-big-kulteri-egyseg-r32\/\" \/>\n<meta property=\"og:site_name\" content=\"SLOVKLIMA DEIMOS group, s.r.o.\" \/>\n<meta property=\"article:modified_time\" content=\"2024-06-07T08:45:18+00:00\" \/>\n<meta property=\"og:image\" content=\"https:\/\/www.slovklima.sk\/wp-content\/uploads\/2024\/04\/toshiba-rav-digitalny-inverter-big.jpg\" \/>\n\t<meta property=\"og:image:width\" content=\"800\" \/>\n\t<meta property=\"og:image:height\" content=\"1000\" \/>\n\t<meta property=\"og:image:type\" content=\"image\/jpeg\" \/>\n<meta name=\"twitter:card\" content=\"summary_large_image\" \/>\n<meta name=\"twitter:label1\" content=\"Becs\u00fclt olvas\u00e1si id\u0151\" \/>\n\t<meta name=\"twitter:data1\" content=\"1 perc\" \/>\n<script type=\"application\/ld+json\" class=\"yoast-schema-graph\">{\"@context\":\"https:\/\/schema.org\",\"@graph\":[{\"@type\":\"WebPage\",\"@id\":\"https:\/\/www.slovklima.sk\/hu\/produkt\/toshiba-rav-di-big-kulteri-egyseg-r32\/\",\"url\":\"https:\/\/www.slovklima.sk\/hu\/produkt\/toshiba-rav-di-big-kulteri-egyseg-r32\/\",\"name\":\"TOSHIBA RAV DI-BIG k\u00fclt\u00e9ri egys\u00e9g R32 | SLOVKLIMA DEIMOS group, s.r.o.\",\"isPartOf\":{\"@id\":\"https:\/\/www.slovklima.sk\/#website\"},\"primaryImageOfPage\":{\"@id\":\"https:\/\/www.slovklima.sk\/hu\/produkt\/toshiba-rav-di-big-kulteri-egyseg-r32\/#primaryimage\"},\"image\":{\"@id\":\"https:\/\/www.slovklima.sk\/hu\/produkt\/toshiba-rav-di-big-kulteri-egyseg-r32\/#primaryimage\"},\"thumbnailUrl\":\"https:\/\/www.slovklima.sk\/wp-content\/uploads\/2024\/04\/toshiba-rav-digitalny-inverter-big.jpg\",\"datePublished\":\"2024-04-11T18:31:20+00:00\",\"dateModified\":\"2024-06-07T08:45:18+00:00\",\"breadcrumb\":{\"@id\":\"https:\/\/www.slovklima.sk\/hu\/produkt\/toshiba-rav-di-big-kulteri-egyseg-r32\/#breadcrumb\"},\"inLanguage\":\"hu\",\"potentialAction\":[{\"@type\":\"ReadAction\",\"target\":[\"https:\/\/www.slovklima.sk\/hu\/produkt\/toshiba-rav-di-big-kulteri-egyseg-r32\/\"]}]},{\"@type\":\"ImageObject\",\"inLanguage\":\"hu\",\"@id\":\"https:\/\/www.slovklima.sk\/hu\/produkt\/toshiba-rav-di-big-kulteri-egyseg-r32\/#primaryimage\",\"url\":\"https:\/\/www.slovklima.sk\/wp-content\/uploads\/2024\/04\/toshiba-rav-digitalny-inverter-big.jpg\",\"contentUrl\":\"https:\/\/www.slovklima.sk\/wp-content\/uploads\/2024\/04\/toshiba-rav-digitalny-inverter-big.jpg\",\"width\":800,\"height\":1000},{\"@type\":\"BreadcrumbList\",\"@id\":\"https:\/\/www.slovklima.sk\/hu\/produkt\/toshiba-rav-di-big-kulteri-egyseg-r32\/#breadcrumb\",\"itemListElement\":[{\"@type\":\"ListItem\",\"position\":1,\"name\":\"Domovsk\u00e1 str\u00e1nka\",\"item\":\"https:\/\/www.slovklima.sk\/hu\/\"},{\"@type\":\"ListItem\",\"position\":2,\"name\":\"Term\u00e9kek\",\"item\":\"https:\/\/www.slovklima.sk\/termekek\/\"},{\"@type\":\"ListItem\",\"position\":3,\"name\":\"TOSHIBA RAV DI-BIG k\u00fclt\u00e9ri egys\u00e9g R32\"}]},{\"@type\":\"WebSite\",\"@id\":\"https:\/\/www.slovklima.sk\/#website\",\"url\":\"https:\/\/www.slovklima.sk\/\",\"name\":\"SLOVKLIMA DEIMOS group, s.r.o.\",\"description\":\"\",\"publisher\":{\"@id\":\"https:\/\/www.slovklima.sk\/#organization\"},\"alternateName\":\"SLOVKLIMA\",\"potentialAction\":[{\"@type\":\"SearchAction\",\"target\":{\"@type\":\"EntryPoint\",\"urlTemplate\":\"https:\/\/www.slovklima.sk\/?s={search_term_string}\"},\"query-input\":{\"@type\":\"PropertyValueSpecification\",\"valueRequired\":true,\"valueName\":\"search_term_string\"}}],\"inLanguage\":\"hu\"},{\"@type\":\"Organization\",\"@id\":\"https:\/\/www.slovklima.sk\/#organization\",\"name\":\"SLOVKLIMA DEIMOS group, s.r.o.\",\"alternateName\":\"SLOVKLIMA\",\"url\":\"https:\/\/www.slovklima.sk\/\",\"logo\":{\"@type\":\"ImageObject\",\"inLanguage\":\"hu\",\"@id\":\"https:\/\/www.slovklima.sk\/#\/schema\/logo\/image\/\",\"url\":\"https:\/\/www.slovklima.sk\/wp-content\/uploads\/2022\/12\/slovklima-logo-black.svg\",\"contentUrl\":\"https:\/\/www.slovklima.sk\/wp-content\/uploads\/2022\/12\/slovklima-logo-black.svg\",\"width\":3218,\"height\":698,\"caption\":\"SLOVKLIMA DEIMOS group, s.r.o.\"},\"image\":{\"@id\":\"https:\/\/www.slovklima.sk\/#\/schema\/logo\/image\/\"}}]}<\/script>\n<!-- \/ Yoast SEO plugin. -->","yoast_head_json":{"title":"TOSHIBA RAV DI-BIG k\u00fclt\u00e9ri egys\u00e9g R32 | SLOVKLIMA DEIMOS group, s.r.o.","robots":{"index":"index","follow":"follow","max-snippet":"max-snippet:-1","max-image-preview":"max-image-preview:large","max-video-preview":"max-video-preview:-1"},"canonical":"https:\/\/www.slovklima.sk\/hu\/produkt\/toshiba-rav-di-big-kulteri-egyseg-r32\/","og_locale":"hu_HU","og_type":"article","og_title":"TOSHIBA RAV DI-BIG k\u00fclt\u00e9ri egys\u00e9g R32 | SLOVKLIMA DEIMOS group, s.r.o.","og_description":"DIGIT\u00c1LIS NAGY (DI-BIG) ROBUSZTUS, NAGY TELJES\u00cdTM\u00c9NY\u0170 EGYS\u00c9GEK BIG digit\u00e1lis inverteres k\u00fclt\u00e9ri egys\u00e9g R32 h\u0171t\u0151k\u00f6zeggel h\u0171t\u00e9si vagy f\u0171t\u00e9si \u00fczemhez. 1:1 kombin\u00e1ci\u00f3hoz nagynyom\u00e1s\u00fa csatorn\u00e1zott egys\u00e9gekkel \u00e9s az egys\u00e9gek szell\u0151z\u0151k\u00e9szleteivel, valamint legfeljebb n\u00e9gy belt\u00e9ri egys\u00e9ggel Twin-\/Double-Twin-\/Triple \u00fczemben. Kaphat\u00f3 19,0 \u00e9s 22,5 kW (c) teljes\u00edtm\u00e9nnyel. Kompatibilis a belt\u00e9ri csatorn\u00e1zott nagynyom\u00e1s\u00fa egys\u00e9gekkel, m\u00e1s modellekkel TWIN, DOUBLE TWIN \u00e9s TRIPLE csatlakoz\u00e1s eset\u00e9n.  Alkalmas a h\u00e9t 7 napj\u00e1n 24 \u00f3r\u00e1s folyamatos m\u0171k\u00f6d\u00e9sre  A legjobb energiahat\u00e9konys\u00e1gi \u00e9rt\u00e9kek a kateg\u00f3ri\u00e1ban  Rendk\u00edv\u00fcl magas hat\u00e1sfok r\u00e9szterhel\u00e9s\u0171 rendszerben  A legalacsonyabb minim\u00e1lis kimenetekre szab\u00e1lyoz","og_url":"https:\/\/www.slovklima.sk\/hu\/produkt\/toshiba-rav-di-big-kulteri-egyseg-r32\/","og_site_name":"SLOVKLIMA DEIMOS group, s.r.o.","article_modified_time":"2024-06-07T08:45:18+00:00","og_image":[{"width":800,"height":1000,"url":"https:\/\/www.slovklima.sk\/wp-content\/uploads\/2024\/04\/toshiba-rav-digitalny-inverter-big.jpg","type":"image\/jpeg"}],"twitter_card":"summary_large_image","twitter_misc":{"Becs\u00fclt olvas\u00e1si id\u0151":"1 perc"},"schema":{"@context":"https:\/\/schema.org","@graph":[{"@type":"WebPage","@id":"https:\/\/www.slovklima.sk\/hu\/produkt\/toshiba-rav-di-big-kulteri-egyseg-r32\/","url":"https:\/\/www.slovklima.sk\/hu\/produkt\/toshiba-rav-di-big-kulteri-egyseg-r32\/","name":"TOSHIBA RAV DI-BIG k\u00fclt\u00e9ri egys\u00e9g R32 | SLOVKLIMA DEIMOS group, s.r.o.","isPartOf":{"@id":"https:\/\/www.slovklima.sk\/#website"},"primaryImageOfPage":{"@id":"https:\/\/www.slovklima.sk\/hu\/produkt\/toshiba-rav-di-big-kulteri-egyseg-r32\/#primaryimage"},"image":{"@id":"https:\/\/www.slovklima.sk\/hu\/produkt\/toshiba-rav-di-big-kulteri-egyseg-r32\/#primaryimage"},"thumbnailUrl":"https:\/\/www.slovklima.sk\/wp-content\/uploads\/2024\/04\/toshiba-rav-digitalny-inverter-big.jpg","datePublished":"2024-04-11T18:31:20+00:00","dateModified":"2024-06-07T08:45:18+00:00","breadcrumb":{"@id":"https:\/\/www.slovklima.sk\/hu\/produkt\/toshiba-rav-di-big-kulteri-egyseg-r32\/#breadcrumb"},"inLanguage":"hu","potentialAction":[{"@type":"ReadAction","target":["https:\/\/www.slovklima.sk\/hu\/produkt\/toshiba-rav-di-big-kulteri-egyseg-r32\/"]}]},{"@type":"ImageObject","inLanguage":"hu","@id":"https:\/\/www.slovklima.sk\/hu\/produkt\/toshiba-rav-di-big-kulteri-egyseg-r32\/#primaryimage","url":"https:\/\/www.slovklima.sk\/wp-content\/uploads\/2024\/04\/toshiba-rav-digitalny-inverter-big.jpg","contentUrl":"https:\/\/www.slovklima.sk\/wp-content\/uploads\/2024\/04\/toshiba-rav-digitalny-inverter-big.jpg","width":800,"height":1000},{"@type":"BreadcrumbList","@id":"https:\/\/www.slovklima.sk\/hu\/produkt\/toshiba-rav-di-big-kulteri-egyseg-r32\/#breadcrumb","itemListElement":[{"@type":"ListItem","position":1,"name":"Domovsk\u00e1 str\u00e1nka","item":"https:\/\/www.slovklima.sk\/hu\/"},{"@type":"ListItem","position":2,"name":"Term\u00e9kek","item":"https:\/\/www.slovklima.sk\/termekek\/"},{"@type":"ListItem","position":3,"name":"TOSHIBA RAV DI-BIG k\u00fclt\u00e9ri egys\u00e9g R32"}]},{"@type":"WebSite","@id":"https:\/\/www.slovklima.sk\/#website","url":"https:\/\/www.slovklima.sk\/","name":"SLOVKLIMA DEIMOS group, s.r.o.","description":"","publisher":{"@id":"https:\/\/www.slovklima.sk\/#organization"},"alternateName":"SLOVKLIMA","potentialAction":[{"@type":"SearchAction","target":{"@type":"EntryPoint","urlTemplate":"https:\/\/www.slovklima.sk\/?s={search_term_string}"},"query-input":{"@type":"PropertyValueSpecification","valueRequired":true,"valueName":"search_term_string"}}],"inLanguage":"hu"},{"@type":"Organization","@id":"https:\/\/www.slovklima.sk\/#organization","name":"SLOVKLIMA DEIMOS group, s.r.o.","alternateName":"SLOVKLIMA","url":"https:\/\/www.slovklima.sk\/","logo":{"@type":"ImageObject","inLanguage":"hu","@id":"https:\/\/www.slovklima.sk\/#\/schema\/logo\/image\/","url":"https:\/\/www.slovklima.sk\/wp-content\/uploads\/2022\/12\/slovklima-logo-black.svg","contentUrl":"https:\/\/www.slovklima.sk\/wp-content\/uploads\/2022\/12\/slovklima-logo-black.svg","width":3218,"height":698,"caption":"SLOVKLIMA DEIMOS group, s.r.o."},"image":{"@id":"https:\/\/www.slovklima.sk\/#\/schema\/logo\/image\/"}}]}},"_links":{"self":[{"href":"https:\/\/www.slovklima.sk\/hu\/wp-json\/wp\/v2\/product\/11706","targetHints":{"allow":["GET"]}}],"collection":[{"href":"https:\/\/www.slovklima.sk\/hu\/wp-json\/wp\/v2\/product"}],"about":[{"href":"https:\/\/www.slovklima.sk\/hu\/wp-json\/wp\/v2\/types\/product"}],"wp:featuredmedia":[{"embeddable":true,"href":"https:\/\/www.slovklima.sk\/hu\/wp-json\/wp\/v2\/media\/11707"}],"wp:attachment":[{"href":"https:\/\/www.slovklima.sk\/hu\/wp-json\/wp\/v2\/media?parent=11706"}],"wp:term":[{"taxonomy":"product_brand","embeddable":true,"href":"https:\/\/www.slovklima.sk\/hu\/wp-json\/wp\/v2\/product_brand?post=11706"},{"taxonomy":"product_cat","embeddable":true,"href":"https:\/\/www.slovklima.sk\/hu\/wp-json\/wp\/v2\/product_cat?post=11706"},{"taxonomy":"product_tag","embeddable":true,"href":"https:\/\/www.slovklima.sk\/hu\/wp-json\/wp\/v2\/product_tag?post=11706"}],"curies":[{"name":"wp","href":"https:\/\/api.w.org\/{rel}","templated":true}]}}