{"id":11697,"date":"2024-04-10T12:01:06","date_gmt":"2024-04-10T10:01:06","guid":{"rendered":"https:\/\/www.slovklima.sk\/produkt\/toshiba-next-kulteri-egyseg-multi-r32\/"},"modified":"2024-06-07T10:45:18","modified_gmt":"2024-06-07T08:45:18","slug":"toshiba-next-kulteri-egyseg-multi-r32","status":"publish","type":"product","link":"https:\/\/www.slovklima.sk\/hu\/produkt\/toshiba-next-kulteri-egyseg-multi-r32\/","title":{"rendered":"TOSHIBA NEXT k\u00fclt\u00e9ri egys\u00e9g multi R32"},"content":{"rendered":"<section class=\"wpb-content-wrapper\"><p>[vc_row][vc_column el_class=&#8221;table-style&#8221; woodmart_css_id=&#8221;66166554115a5&#8243; parallax_scroll=&#8221;no&#8221; woodmart_sticky_column=&#8221;false&#8221; wd_collapsible_content_switcher=&#8221;no&#8221; wd_column_role_offcanvas_desktop=&#8221;no&#8221; wd_column_role_offcanvas_tablet=&#8221;no&#8221; wd_column_role_offcanvas_mobile=&#8221;no&#8221; wd_column_role_content_desktop=&#8221;no&#8221; wd_column_role_content_tablet=&#8221;no&#8221; wd_column_role_content_mobile=&#8221;no&#8221; mobile_bg_img_hidden=&#8221;no&#8221; tablet_bg_img_hidden=&#8221;no&#8221; woodmart_parallax=&#8221;0&#8243; woodmart_box_shadow=&#8221;no&#8221; responsive_spacing=&#8221;eyJwYXJhbV90eXBlIjoid29vZG1hcnRfcmVzcG9uc2l2ZV9zcGFjaW5nIiwic2VsZWN0b3JfaWQiOiI2NjE2NjU1NDExNWE1Iiwic2hvcnRjb2RlIjoidmNfY29sdW1uIiwiZGF0YSI6eyJ0YWJsZXQiOnt9LCJtb2JpbGUiOnt9fX0=&#8221; mobile_reset_margin=&#8221;no&#8221; tablet_reset_margin=&#8221;no&#8221; wd_z_index=&#8221;no&#8221;][vc_column_text woodmart_inline=&#8221;no&#8221; text_larger=&#8221;no&#8221;][\/vc_column_text][\/vc_column][\/vc_row][vc_row][vc_column][vc_column_text woodmart_inline=&#8221;no&#8221; text_larger=&#8221;no&#8221;]<\/p>\n<table>\n<thead>\n<tr>\n<th style=\"text-align: left;\">Modell <em style=\"font-family: inherit; font-size: inherit;\">k\u00fclt\u00e9ri egys\u00e9g<\/em><\/th>\n<th style=\"text-align: center;\">Teljes\u00edtm\u00e9ny <em>kW<\/em><\/th>\n<th style=\"text-align: center;\">Energiaoszt\u00e1ly &#8211; h\u0171t\u00e9s\/f\u0171t\u00e9s<\/th>\n<th style=\"text-align: center;\">Szezon\u00e1lis hat\u00e9konys\u00e1g &#8211; SEER\/SCOP<\/th>\n<th style=\"text-align: center;\">BxHxT <em>mm<\/em><\/th>\n<th style=\"text-align: center;\">Csatlakoztatott belt\u00e9ri egys\u00e9gek sz\u00e1ma max.<\/th>\n<\/tr>\n<\/thead>\n<tbody>\n<tr>\n<td>RAS-2M14G3AVG-E<\/td>\n<td style=\"text-align: center;\">4,0 \/ 4,4<\/td>\n<td style=\"text-align: center;\">A+++ \/ A++<\/td>\n<td style=\"text-align: center;\">8,70 \/ 4,80<\/td>\n<td style=\"text-align: center;\">780x550x290<\/td>\n<td style=\"text-align: center;\">2<\/td>\n<\/tr>\n<tr>\n<td>RAS-2M18G3AVG-E<\/td>\n<td style=\"text-align: center;\">5,2 \/ 5,6<\/td>\n<td style=\"text-align: center;\">A+++ \/ A++<\/td>\n<td style=\"text-align: center;\">8,70 \/ 4,80<\/td>\n<td style=\"text-align: center;\">800x630x300<\/td>\n<td style=\"text-align: center;\">2<\/td>\n<\/tr>\n<tr>\n<td>RAS-3M18G3AVG-E<\/td>\n<td style=\"text-align: center;\">5,2 \/ 6,8<\/td>\n<td style=\"text-align: center;\">A+++ \/ A++<\/td>\n<td style=\"text-align: center;\">8,60 \/ 4,80<\/td>\n<td style=\"text-align: center;\">800x630x300<\/td>\n<td style=\"text-align: center;\">3<\/td>\n<\/tr>\n<tr>\n<td>RAS-3M26G3AVG-E<\/td>\n<td style=\"text-align: center;\">7,0 \/ 8,7<\/td>\n<td style=\"text-align: center;\">A+++ \/ A++<\/td>\n<td style=\"text-align: center;\">8,50 \/ 4,60<\/td>\n<td style=\"text-align: center;\">900x890x320<\/td>\n<td style=\"text-align: center;\">3<\/td>\n<\/tr>\n<tr>\n<td>RAS-4M27G3AVG-E<\/td>\n<td style=\"text-align: center;\">8,0 \/ 9,0<\/td>\n<td style=\"text-align: center;\">A++ \/ A++<\/td>\n<td style=\"text-align: center;\">8,30 \/ 4,50<\/td>\n<td style=\"text-align: center;\">900x890x320<\/td>\n<td style=\"text-align: center;\">4<\/td>\n<\/tr>\n<tr>\n<td>RAS-5M34G3AVG-E<\/td>\n<td style=\"text-align: center;\">10,0 \/ 12,0<\/td>\n<td style=\"text-align: center;\">A++ \/ A+<\/td>\n<td style=\"text-align: center;\">7,20 \/ 4,30<\/td>\n<td style=\"text-align: center;\">900x890x320<\/td>\n<td style=\"text-align: center;\">5<\/td>\n<\/tr>\n<\/tbody>\n<\/table>\n<p>[\/vc_column_text][\/vc_column][\/vc_row]<\/p>\n<\/section>","protected":false},"excerpt":{"rendered":"<p><strong>K\u00dcLT\u00c9RI EGYS\u00c9G 2 &#8211; 5 SZOB\u00c1HOZ<\/strong><\/p>\n<p>Egy k\u00fclt\u00e9ri egys\u00e9ghez legfeljebb 5 egyedileg kombin\u00e1lhat\u00f3 belt\u00e9ri egys\u00e9g csatlakoztathat\u00f3. Ez jelent\u0151sen cs\u00f6kkenti a telep\u00edt\u00e9si k\u00f6lts\u00e9geket \u00e9s a k\u00fclt\u00e9ri helyig\u00e9nyt.<\/p>\n<ul>\n<li>Magas energiahat\u00e9konys\u00e1g (A++)<\/li>\n<li>Hibrid DC inverter technol\u00f3gia<\/li>\n<li>Dupla forg\u00f3dugatty\u00fas kompresszor<\/li>\n<li>Rendk\u00edv\u00fcl magas hat\u00e1sfok r\u00e9szterhel\u00e9s\u0171 rendszerben<\/li>\n<li>Megfelel az ECODESIGN Lot10 ir\u00e1nyelvnek<\/li>\n<li>Sz\u00e9les \u00fczemi h\u0151m\u00e9rs\u00e9klet-tartom\u00e1ny<\/li>\n<li>Horganyzott ac\u00e9llemezb\u0151l k\u00e9sz\u00fclt, kr\u00e9msz\u00edn\u0171, \u00e9getett lakkoz\u00e1ssal ell\u00e1tott karossz\u00e9ria<\/li>\n<li>Nagy fel\u00fclet\u0171 \u00edvelt h\u0151cser\u00e9l\u0151 kis helyig\u00e9nyhez<\/li>\n<li>\u00c1ll\u00edthat\u00f3 automatikus \u00fajraind\u00edt\u00e1s \u00e1ramkimarad\u00e1s ut\u00e1n<\/li>\n<\/ul>\n<div class=\"product-icons\"><img decoding=\"async\" class=\"alignnone size-full wp-image-8538\" title=\"H\u0171t\u00e9si teljes\u00edtm\u00e9ny 4 - 10 kW\" src=\"https:\/\/www.slovklima.sk\/wp-content\/uploads\/2024\/03\/chladiaci-vykon.jpg\" alt=\"H\u0171t\u00e9si teljes\u00edtm\u00e9ny\" width=\"151\" height=\"151\"><img decoding=\"async\" class=\"alignnone size-full wp-image-8534\" title=\"F\u0171t\u00e9si teljes\u00edtm\u00e9ny 4,40 - 12,00 kW\" src=\"https:\/\/www.slovklima.sk\/wp-content\/uploads\/2024\/03\/vykurovaci-vykon.jpg\" alt=\"f\u0171t\u00e9si teljes\u00edtm\u00e9ny\" width=\"151\" height=\"151\"><img decoding=\"async\" class=\"alignnone size-full wp-image-8944\" title=\"Elektromos teljes\u00edtm\u00e9ny (min.\/nom.\/max.) 0,85 - 2,60 kW\" src=\"https:\/\/www.slovklima.sk\/wp-content\/uploads\/2023\/10\/el-prikon-ch.jpg\" alt=\"\" width=\"151\" height=\"151\"><img decoding=\"async\" class=\"alignnone size-full wp-image-8945\" title=\"Elektromos teljes\u00edtm\u00e9ny (min.\/nom.\/max.) 0,90 - 2,80 kW\" src=\"https:\/\/www.slovklima.sk\/wp-content\/uploads\/2023\/10\/el-prikon-te.jpg\" alt=\"\" width=\"151\" height=\"151\"><img decoding=\"async\" class=\"alignnone size-full wp-image-8539\" title=\"M\u00e9retek (magass\u00e1g \u00d7 sz\u00e9less\u00e9g \u00d7 m\u00e9lys\u00e9g) 550 x 780 x 290 - 890 x 900 x 320 mm\" src=\"https:\/\/www.slovklima.sk\/wp-content\/uploads\/2024\/03\/rozmery.jpg\" alt=\"\" width=\"151\" height=\"151\"><img decoding=\"async\" class=\"size-full wp-image-8536\" title=\"Hangteljes\u00edtm\u00e9nyszint 59 - 67 dB(A)\" src=\"https:\/\/www.slovklima.sk\/wp-content\/uploads\/2024\/03\/akusticky-tlak.jpg\" alt=\"\" width=\"151\" height=\"151\"><img decoding=\"async\" class=\"alignnone size-full wp-image-8943\" title=\"Single-Split konfigur\u00e1ci\u00f3\" src=\"https:\/\/www.slovklima.sk\/wp-content\/uploads\/2023\/10\/konfiguracia.jpg\" alt=\"\" width=\"151\" height=\"151\"><img decoding=\"async\" class=\"alignnone size-medium wp-image-9024\" title=\"A+++ - A+++ energiaoszt\u00e1ly\" src=\"https:\/\/www.slovklima.sk\/wp-content\/uploads\/2023\/11\/icon-energeticka-trieda-ch.jpg\" alt=\"\" width=\"151\" height=\"151\"><img decoding=\"async\" class=\"alignnone size-full wp-image-9023\" title=\"A+++ energiaoszt\u00e1ly\" src=\"https:\/\/www.slovklima.sk\/wp-content\/uploads\/2023\/11\/icon-energeticka-trieda-ku.jpg\" alt=\"\" width=\"151\" height=\"151\"><\/div>\n","protected":false},"featured_media":11699,"template":"","meta":[],"product_brand":[],"product_cat":[357,353,358,366],"product_tag":[],"class_list":{"0":"post-11697","1":"product","2":"type-product","3":"status-publish","4":"has-post-thumbnail","6":"product_cat-lakossagi-egysegek","7":"product_cat-legkondicionalas","8":"product_cat-multi-split-hu","9":"product_cat-toshiba-hu-2","11":"first","12":"instock","13":"shipping-taxable","14":"product-type-simple"},"yoast_head":"<!-- This site is optimized with the Yoast SEO plugin v24.3 - https:\/\/yoast.com\/wordpress\/plugins\/seo\/ -->\n<title>TOSHIBA NEXT k\u00fclt\u00e9ri egys\u00e9g multi R32 | SLOVKLIMA DEIMOS group, s.r.o.<\/title>\n<meta name=\"robots\" content=\"index, follow, max-snippet:-1, max-image-preview:large, max-video-preview:-1\" \/>\n<link rel=\"canonical\" href=\"https:\/\/www.slovklima.sk\/hu\/produkt\/toshiba-next-kulteri-egyseg-multi-r32\/\" \/>\n<meta property=\"og:locale\" content=\"hu_HU\" \/>\n<meta property=\"og:type\" content=\"article\" \/>\n<meta property=\"og:title\" content=\"TOSHIBA NEXT k\u00fclt\u00e9ri egys\u00e9g multi R32 | SLOVKLIMA DEIMOS group, s.r.o.\" \/>\n<meta property=\"og:description\" content=\"K\u00dcLT\u00c9RI EGYS\u00c9G 2 - 5 SZOB\u00c1HOZ Egy k\u00fclt\u00e9ri egys\u00e9ghez legfeljebb 5 egyedileg kombin\u00e1lhat\u00f3 belt\u00e9ri egys\u00e9g csatlakoztathat\u00f3. Ez jelent\u0151sen cs\u00f6kkenti a telep\u00edt\u00e9si k\u00f6lts\u00e9geket \u00e9s a k\u00fclt\u00e9ri helyig\u00e9nyt.  Magas energiahat\u00e9konys\u00e1g (A++)  Hibrid DC inverter technol\u00f3gia  Dupla forg\u00f3dugatty\u00fas kompresszor  Rendk\u00edv\u00fcl magas hat\u00e1sfok r\u00e9szterhel\u00e9s\u0171 rendszerben  Megfelel az ECODESIGN Lot10 ir\u00e1nyelvnek  Sz\u00e9les \u00fczemi h\u0151m\u00e9rs\u00e9klet-tartom\u00e1ny  Horganyzott ac\u00e9llemezb\u0151l k\u00e9sz\u00fclt, kr\u00e9msz\u00edn\u0171, \u00e9getett lakkoz\u00e1ssal ell\u00e1tott karossz\u00e9ria  Nagy fel\u00fclet\u0171 \u00edvelt h\u0151cser\u00e9l\u0151 kis helyig\u00e9nyhez  \u00c1ll\u00edthat\u00f3 automatikus \u00fajraind\u00edt\u00e1s \u00e1ramkimarad\u00e1s ut\u00e1n\" \/>\n<meta property=\"og:url\" content=\"https:\/\/www.slovklima.sk\/hu\/produkt\/toshiba-next-kulteri-egyseg-multi-r32\/\" \/>\n<meta property=\"og:site_name\" content=\"SLOVKLIMA DEIMOS group, s.r.o.\" \/>\n<meta property=\"article:modified_time\" content=\"2024-06-07T08:45:18+00:00\" \/>\n<meta property=\"og:image\" content=\"https:\/\/www.slovklima.sk\/wp-content\/uploads\/2024\/02\/toshiba-multi-inverter-vonkajsie-jednotky.jpg\" \/>\n\t<meta property=\"og:image:width\" content=\"800\" \/>\n\t<meta property=\"og:image:height\" content=\"1000\" \/>\n\t<meta property=\"og:image:type\" content=\"image\/jpeg\" \/>\n<meta name=\"twitter:card\" content=\"summary_large_image\" \/>\n<meta name=\"twitter:label1\" content=\"Becs\u00fclt olvas\u00e1si id\u0151\" \/>\n\t<meta name=\"twitter:data1\" content=\"1 perc\" \/>\n<script type=\"application\/ld+json\" class=\"yoast-schema-graph\">{\"@context\":\"https:\/\/schema.org\",\"@graph\":[{\"@type\":\"WebPage\",\"@id\":\"https:\/\/www.slovklima.sk\/hu\/produkt\/toshiba-next-kulteri-egyseg-multi-r32\/\",\"url\":\"https:\/\/www.slovklima.sk\/hu\/produkt\/toshiba-next-kulteri-egyseg-multi-r32\/\",\"name\":\"TOSHIBA NEXT k\u00fclt\u00e9ri egys\u00e9g multi R32 | SLOVKLIMA DEIMOS group, s.r.o.\",\"isPartOf\":{\"@id\":\"https:\/\/www.slovklima.sk\/#website\"},\"primaryImageOfPage\":{\"@id\":\"https:\/\/www.slovklima.sk\/hu\/produkt\/toshiba-next-kulteri-egyseg-multi-r32\/#primaryimage\"},\"image\":{\"@id\":\"https:\/\/www.slovklima.sk\/hu\/produkt\/toshiba-next-kulteri-egyseg-multi-r32\/#primaryimage\"},\"thumbnailUrl\":\"https:\/\/www.slovklima.sk\/wp-content\/uploads\/2024\/02\/toshiba-multi-inverter-vonkajsie-jednotky.jpg\",\"datePublished\":\"2024-04-10T10:01:06+00:00\",\"dateModified\":\"2024-06-07T08:45:18+00:00\",\"breadcrumb\":{\"@id\":\"https:\/\/www.slovklima.sk\/hu\/produkt\/toshiba-next-kulteri-egyseg-multi-r32\/#breadcrumb\"},\"inLanguage\":\"hu\",\"potentialAction\":[{\"@type\":\"ReadAction\",\"target\":[\"https:\/\/www.slovklima.sk\/hu\/produkt\/toshiba-next-kulteri-egyseg-multi-r32\/\"]}]},{\"@type\":\"ImageObject\",\"inLanguage\":\"hu\",\"@id\":\"https:\/\/www.slovklima.sk\/hu\/produkt\/toshiba-next-kulteri-egyseg-multi-r32\/#primaryimage\",\"url\":\"https:\/\/www.slovklima.sk\/wp-content\/uploads\/2024\/02\/toshiba-multi-inverter-vonkajsie-jednotky.jpg\",\"contentUrl\":\"https:\/\/www.slovklima.sk\/wp-content\/uploads\/2024\/02\/toshiba-multi-inverter-vonkajsie-jednotky.jpg\",\"width\":800,\"height\":1000,\"caption\":\"Multi Inverter NEXT k\u00fclt\u00e9ri egys\u00e9gek 2 - 5 szob\u00e1hoz R32\"},{\"@type\":\"BreadcrumbList\",\"@id\":\"https:\/\/www.slovklima.sk\/hu\/produkt\/toshiba-next-kulteri-egyseg-multi-r32\/#breadcrumb\",\"itemListElement\":[{\"@type\":\"ListItem\",\"position\":1,\"name\":\"Domovsk\u00e1 str\u00e1nka\",\"item\":\"https:\/\/www.slovklima.sk\/hu\/\"},{\"@type\":\"ListItem\",\"position\":2,\"name\":\"Term\u00e9kek\",\"item\":\"https:\/\/www.slovklima.sk\/termekek\/\"},{\"@type\":\"ListItem\",\"position\":3,\"name\":\"TOSHIBA NEXT k\u00fclt\u00e9ri egys\u00e9g multi R32\"}]},{\"@type\":\"WebSite\",\"@id\":\"https:\/\/www.slovklima.sk\/#website\",\"url\":\"https:\/\/www.slovklima.sk\/\",\"name\":\"SLOVKLIMA DEIMOS group, s.r.o.\",\"description\":\"\",\"publisher\":{\"@id\":\"https:\/\/www.slovklima.sk\/#organization\"},\"alternateName\":\"SLOVKLIMA\",\"potentialAction\":[{\"@type\":\"SearchAction\",\"target\":{\"@type\":\"EntryPoint\",\"urlTemplate\":\"https:\/\/www.slovklima.sk\/?s={search_term_string}\"},\"query-input\":{\"@type\":\"PropertyValueSpecification\",\"valueRequired\":true,\"valueName\":\"search_term_string\"}}],\"inLanguage\":\"hu\"},{\"@type\":\"Organization\",\"@id\":\"https:\/\/www.slovklima.sk\/#organization\",\"name\":\"SLOVKLIMA DEIMOS group, s.r.o.\",\"alternateName\":\"SLOVKLIMA\",\"url\":\"https:\/\/www.slovklima.sk\/\",\"logo\":{\"@type\":\"ImageObject\",\"inLanguage\":\"hu\",\"@id\":\"https:\/\/www.slovklima.sk\/#\/schema\/logo\/image\/\",\"url\":\"https:\/\/www.slovklima.sk\/wp-content\/uploads\/2022\/12\/slovklima-logo-black.svg\",\"contentUrl\":\"https:\/\/www.slovklima.sk\/wp-content\/uploads\/2022\/12\/slovklima-logo-black.svg\",\"width\":3218,\"height\":698,\"caption\":\"SLOVKLIMA DEIMOS group, s.r.o.\"},\"image\":{\"@id\":\"https:\/\/www.slovklima.sk\/#\/schema\/logo\/image\/\"}}]}<\/script>\n<!-- \/ Yoast SEO plugin. -->","yoast_head_json":{"title":"TOSHIBA NEXT k\u00fclt\u00e9ri egys\u00e9g multi R32 | SLOVKLIMA DEIMOS group, s.r.o.","robots":{"index":"index","follow":"follow","max-snippet":"max-snippet:-1","max-image-preview":"max-image-preview:large","max-video-preview":"max-video-preview:-1"},"canonical":"https:\/\/www.slovklima.sk\/hu\/produkt\/toshiba-next-kulteri-egyseg-multi-r32\/","og_locale":"hu_HU","og_type":"article","og_title":"TOSHIBA NEXT k\u00fclt\u00e9ri egys\u00e9g multi R32 | SLOVKLIMA DEIMOS group, s.r.o.","og_description":"K\u00dcLT\u00c9RI EGYS\u00c9G 2 - 5 SZOB\u00c1HOZ Egy k\u00fclt\u00e9ri egys\u00e9ghez legfeljebb 5 egyedileg kombin\u00e1lhat\u00f3 belt\u00e9ri egys\u00e9g csatlakoztathat\u00f3. Ez jelent\u0151sen cs\u00f6kkenti a telep\u00edt\u00e9si k\u00f6lts\u00e9geket \u00e9s a k\u00fclt\u00e9ri helyig\u00e9nyt.  Magas energiahat\u00e9konys\u00e1g (A++)  Hibrid DC inverter technol\u00f3gia  Dupla forg\u00f3dugatty\u00fas kompresszor  Rendk\u00edv\u00fcl magas hat\u00e1sfok r\u00e9szterhel\u00e9s\u0171 rendszerben  Megfelel az ECODESIGN Lot10 ir\u00e1nyelvnek  Sz\u00e9les \u00fczemi h\u0151m\u00e9rs\u00e9klet-tartom\u00e1ny  Horganyzott ac\u00e9llemezb\u0151l k\u00e9sz\u00fclt, kr\u00e9msz\u00edn\u0171, \u00e9getett lakkoz\u00e1ssal ell\u00e1tott karossz\u00e9ria  Nagy fel\u00fclet\u0171 \u00edvelt h\u0151cser\u00e9l\u0151 kis helyig\u00e9nyhez  \u00c1ll\u00edthat\u00f3 automatikus \u00fajraind\u00edt\u00e1s \u00e1ramkimarad\u00e1s ut\u00e1n","og_url":"https:\/\/www.slovklima.sk\/hu\/produkt\/toshiba-next-kulteri-egyseg-multi-r32\/","og_site_name":"SLOVKLIMA DEIMOS group, s.r.o.","article_modified_time":"2024-06-07T08:45:18+00:00","og_image":[{"width":800,"height":1000,"url":"https:\/\/www.slovklima.sk\/wp-content\/uploads\/2024\/02\/toshiba-multi-inverter-vonkajsie-jednotky.jpg","type":"image\/jpeg"}],"twitter_card":"summary_large_image","twitter_misc":{"Becs\u00fclt olvas\u00e1si id\u0151":"1 perc"},"schema":{"@context":"https:\/\/schema.org","@graph":[{"@type":"WebPage","@id":"https:\/\/www.slovklima.sk\/hu\/produkt\/toshiba-next-kulteri-egyseg-multi-r32\/","url":"https:\/\/www.slovklima.sk\/hu\/produkt\/toshiba-next-kulteri-egyseg-multi-r32\/","name":"TOSHIBA NEXT k\u00fclt\u00e9ri egys\u00e9g multi R32 | SLOVKLIMA DEIMOS group, s.r.o.","isPartOf":{"@id":"https:\/\/www.slovklima.sk\/#website"},"primaryImageOfPage":{"@id":"https:\/\/www.slovklima.sk\/hu\/produkt\/toshiba-next-kulteri-egyseg-multi-r32\/#primaryimage"},"image":{"@id":"https:\/\/www.slovklima.sk\/hu\/produkt\/toshiba-next-kulteri-egyseg-multi-r32\/#primaryimage"},"thumbnailUrl":"https:\/\/www.slovklima.sk\/wp-content\/uploads\/2024\/02\/toshiba-multi-inverter-vonkajsie-jednotky.jpg","datePublished":"2024-04-10T10:01:06+00:00","dateModified":"2024-06-07T08:45:18+00:00","breadcrumb":{"@id":"https:\/\/www.slovklima.sk\/hu\/produkt\/toshiba-next-kulteri-egyseg-multi-r32\/#breadcrumb"},"inLanguage":"hu","potentialAction":[{"@type":"ReadAction","target":["https:\/\/www.slovklima.sk\/hu\/produkt\/toshiba-next-kulteri-egyseg-multi-r32\/"]}]},{"@type":"ImageObject","inLanguage":"hu","@id":"https:\/\/www.slovklima.sk\/hu\/produkt\/toshiba-next-kulteri-egyseg-multi-r32\/#primaryimage","url":"https:\/\/www.slovklima.sk\/wp-content\/uploads\/2024\/02\/toshiba-multi-inverter-vonkajsie-jednotky.jpg","contentUrl":"https:\/\/www.slovklima.sk\/wp-content\/uploads\/2024\/02\/toshiba-multi-inverter-vonkajsie-jednotky.jpg","width":800,"height":1000,"caption":"Multi Inverter NEXT k\u00fclt\u00e9ri egys\u00e9gek 2 - 5 szob\u00e1hoz R32"},{"@type":"BreadcrumbList","@id":"https:\/\/www.slovklima.sk\/hu\/produkt\/toshiba-next-kulteri-egyseg-multi-r32\/#breadcrumb","itemListElement":[{"@type":"ListItem","position":1,"name":"Domovsk\u00e1 str\u00e1nka","item":"https:\/\/www.slovklima.sk\/hu\/"},{"@type":"ListItem","position":2,"name":"Term\u00e9kek","item":"https:\/\/www.slovklima.sk\/termekek\/"},{"@type":"ListItem","position":3,"name":"TOSHIBA NEXT k\u00fclt\u00e9ri egys\u00e9g multi R32"}]},{"@type":"WebSite","@id":"https:\/\/www.slovklima.sk\/#website","url":"https:\/\/www.slovklima.sk\/","name":"SLOVKLIMA DEIMOS group, s.r.o.","description":"","publisher":{"@id":"https:\/\/www.slovklima.sk\/#organization"},"alternateName":"SLOVKLIMA","potentialAction":[{"@type":"SearchAction","target":{"@type":"EntryPoint","urlTemplate":"https:\/\/www.slovklima.sk\/?s={search_term_string}"},"query-input":{"@type":"PropertyValueSpecification","valueRequired":true,"valueName":"search_term_string"}}],"inLanguage":"hu"},{"@type":"Organization","@id":"https:\/\/www.slovklima.sk\/#organization","name":"SLOVKLIMA DEIMOS group, s.r.o.","alternateName":"SLOVKLIMA","url":"https:\/\/www.slovklima.sk\/","logo":{"@type":"ImageObject","inLanguage":"hu","@id":"https:\/\/www.slovklima.sk\/#\/schema\/logo\/image\/","url":"https:\/\/www.slovklima.sk\/wp-content\/uploads\/2022\/12\/slovklima-logo-black.svg","contentUrl":"https:\/\/www.slovklima.sk\/wp-content\/uploads\/2022\/12\/slovklima-logo-black.svg","width":3218,"height":698,"caption":"SLOVKLIMA DEIMOS group, s.r.o."},"image":{"@id":"https:\/\/www.slovklima.sk\/#\/schema\/logo\/image\/"}}]}},"_links":{"self":[{"href":"https:\/\/www.slovklima.sk\/hu\/wp-json\/wp\/v2\/product\/11697","targetHints":{"allow":["GET"]}}],"collection":[{"href":"https:\/\/www.slovklima.sk\/hu\/wp-json\/wp\/v2\/product"}],"about":[{"href":"https:\/\/www.slovklima.sk\/hu\/wp-json\/wp\/v2\/types\/product"}],"wp:featuredmedia":[{"embeddable":true,"href":"https:\/\/www.slovklima.sk\/hu\/wp-json\/wp\/v2\/media\/11699"}],"wp:attachment":[{"href":"https:\/\/www.slovklima.sk\/hu\/wp-json\/wp\/v2\/media?parent=11697"}],"wp:term":[{"taxonomy":"product_brand","embeddable":true,"href":"https:\/\/www.slovklima.sk\/hu\/wp-json\/wp\/v2\/product_brand?post=11697"},{"taxonomy":"product_cat","embeddable":true,"href":"https:\/\/www.slovklima.sk\/hu\/wp-json\/wp\/v2\/product_cat?post=11697"},{"taxonomy":"product_tag","embeddable":true,"href":"https:\/\/www.slovklima.sk\/hu\/wp-json\/wp\/v2\/product_tag?post=11697"}],"curies":[{"name":"wp","href":"https:\/\/api.w.org\/{rel}","templated":true}]}}