{"id":11689,"date":"2024-04-06T23:41:30","date_gmt":"2024-04-06T21:41:30","guid":{"rendered":"https:\/\/www.slovklima.sk\/produkt\/gree-mona-mobil-egyseg-r290\/"},"modified":"2024-06-07T10:45:04","modified_gmt":"2024-06-07T08:45:04","slug":"gree-mona-mobil-egyseg-r290","status":"publish","type":"product","link":"https:\/\/www.slovklima.sk\/hu\/produkt\/gree-mona-mobil-egyseg-r290\/","title":{"rendered":"GREE MONA mobil egys\u00e9g R290"},"content":{"rendered":"<section class=\"wpb-content-wrapper\"><p>[vc_row][vc_column el_class=&#8221;table-style&#8221; woodmart_css_id=&#8221;6611c1c0dbf66&#8243; parallax_scroll=&#8221;no&#8221; woodmart_sticky_column=&#8221;false&#8221; wd_collapsible_content_switcher=&#8221;no&#8221; wd_column_role_offcanvas_desktop=&#8221;no&#8221; wd_column_role_offcanvas_tablet=&#8221;no&#8221; wd_column_role_offcanvas_mobile=&#8221;no&#8221; wd_column_role_content_desktop=&#8221;no&#8221; wd_column_role_content_tablet=&#8221;no&#8221; wd_column_role_content_mobile=&#8221;no&#8221; mobile_bg_img_hidden=&#8221;no&#8221; tablet_bg_img_hidden=&#8221;no&#8221; woodmart_parallax=&#8221;0&#8243; woodmart_box_shadow=&#8221;no&#8221; responsive_spacing=&#8221;eyJwYXJhbV90eXBlIjoid29vZG1hcnRfcmVzcG9uc2l2ZV9zcGFjaW5nIiwic2VsZWN0b3JfaWQiOiI2NjExYzFjMGRiZjY2Iiwic2hvcnRjb2RlIjoidmNfY29sdW1uIiwiZGF0YSI6eyJ0YWJsZXQiOnt9LCJtb2JpbGUiOnt9fX0=&#8221; mobile_reset_margin=&#8221;no&#8221; tablet_reset_margin=&#8221;no&#8221; wd_z_index=&#8221;no&#8221;][vc_column_text woodmart_inline=&#8221;no&#8221; text_larger=&#8221;no&#8221;]<\/p>\n<table>\n<thead>\n<tr>\n<th style=\"text-align: left;\">Modell<\/th>\n<th>H\u0171t\u00e9si <em>teljes\u00edtm\u00e9ny kW<\/em><\/th>\n<th style=\"text-align: center;\">Energiaoszt\u00e1ly<\/th>\n<th style=\"text-align: center;\"><em>WxHxDmm<\/em><\/th>\n<th style=\"text-align: center;\"><em>S\u00falykg<\/em><\/th>\n<\/tr>\n<\/thead>\n<tbody>\n<tr>\n<td>GPC10AN-K5NNA1A<\/td>\n<td style=\"text-align: center;\">2,9<\/td>\n<td style=\"text-align: center;\">A+<\/td>\n<td style=\"text-align: center;\">405x835x385<\/td>\n<td style=\"text-align: center;\">35,5<\/td>\n<\/tr>\n<tr>\n<td>GPC12AN-K5NNA1A<\/td>\n<td style=\"text-align: center;\">3,5<\/td>\n<td style=\"text-align: center;\">A<\/td>\n<td style=\"text-align: center;\">405x835x385<\/td>\n<td style=\"text-align: center;\">35,5<\/td>\n<\/tr>\n<\/tbody>\n<\/table>\n<p>[\/vc_column_text][\/vc_column][\/vc_row]<\/p>\n<\/section>","protected":false},"excerpt":{"rendered":"<p><strong>K\u00d6NNY\u0170 KEZELHET\u0150S\u00c9G<\/strong><\/p>\n<ul>\n<li>Exkluz\u00edv h\u0171t\u00e9si m\u00f3d<\/li>\n<li>15-30 m2-es szob\u00e1khoz alkalmas<\/li>\n<li>P\u00e1r\u00e1tlan\u00edt\u00e1si funkci\u00f3<\/li>\n<li>24 \u00f3r\u00e1s id\u0151z\u00edt\u0151<\/li>\n<li>Kondenz\u00e1tum elp\u00e1rologtat\u00e1s funkci\u00f3<\/li>\n<li>Feh\u00e9r kivitel<\/li>\n<\/ul>\n<div class=\"product-icons\"><img decoding=\"async\" class=\"alignnone size-medium wp-image-9018\" title=\"Automatikus m\u0171k\u00f6d\u00e9s\" src=\"https:\/\/www.slovklima.sk\/wp-content\/uploads\/2024\/04\/icon-automaticka-prevadzka.jpg\" alt=\"\" width=\"151\" height=\"151\"><img decoding=\"async\" class=\"alignnone size-medium wp-image-9019\" title=\"P\u00e1r\u00e1tlan\u00edt\u00e1s\" src=\"https:\/\/www.slovklima.sk\/wp-content\/uploads\/2024\/04\/icon-odvlhcovanie.jpg\" alt=\"\" width=\"151\" height=\"151\"><img decoding=\"async\" class=\"alignnone size-medium wp-image-9020\" title=\"Nagy korm\u00e1nysz\u00f6g\" src=\"https:\/\/www.slovklima.sk\/wp-content\/uploads\/2024\/04\/icon-velky-smerovaci-uhol.jpg\" alt=\"\" width=\"151\" height=\"151\"><img decoding=\"async\" class=\"alignnone size-full wp-image-8426\" title=\"Automatikus diagnosztika\" src=\"https:\/\/www.slovklima.sk\/wp-content\/uploads\/2024\/03\/automaticka-diagnostika.jpg\" alt=\"automatikus diagnosztika\" width=\"151\" height=\"151\"><img decoding=\"async\" class=\"alignnone size-medium wp-image-8947\" title=\"Wifi vez\u00e9rl\u00e9s\" src=\"https:\/\/www.slovklima.sk\/wp-content\/uploads\/2024\/04\/icon-wifi-ovladanie-300x300.jpg\" alt=\"\" width=\"300\" height=\"300\" srcset=\"https:\/\/www.slovklima.sk\/wp-content\/uploads\/2024\/04\/icon-wifi-ovladanie-300x300.jpg 300w, https:\/\/www.slovklima.sk\/wp-content\/uploads\/2024\/04\/icon-wifi-ovladanie-150x150.jpg 150w, https:\/\/www.slovklima.sk\/wp-content\/uploads\/2024\/04\/icon-wifi-ovladanie.jpg 328w\" sizes=\"(max-width: 300px) 100vw, 300px\" \/><img decoding=\"async\" class=\"alignnone size-full wp-image-8996\" title=\"LED kijelz\u0151\" src=\"https:\/\/www.slovklima.sk\/wp-content\/uploads\/2023\/09\/icon-led-displej.jpg\" alt=\"\" width=\"151\" height=\"151\"><\/div>\n","protected":false},"featured_media":11690,"template":"","meta":[],"product_brand":[],"product_cat":[353],"product_tag":[],"class_list":{"0":"post-11689","1":"product","2":"type-product","3":"status-publish","4":"has-post-thumbnail","6":"product_cat-legkondicionalas","8":"first","9":"instock","10":"shipping-taxable","11":"product-type-simple"},"yoast_head":"<!-- This site is optimized with the Yoast SEO plugin v24.3 - https:\/\/yoast.com\/wordpress\/plugins\/seo\/ -->\n<title>GREE MONA mobil egys\u00e9g R290 | SLOVKLIMA DEIMOS group, s.r.o.<\/title>\n<meta name=\"robots\" content=\"index, follow, max-snippet:-1, max-image-preview:large, max-video-preview:-1\" \/>\n<link rel=\"canonical\" href=\"https:\/\/www.slovklima.sk\/hu\/produkt\/gree-mona-mobil-egyseg-r290\/\" \/>\n<meta property=\"og:locale\" content=\"hu_HU\" \/>\n<meta property=\"og:type\" content=\"article\" \/>\n<meta property=\"og:title\" content=\"GREE MONA mobil egys\u00e9g R290 | SLOVKLIMA DEIMOS group, s.r.o.\" \/>\n<meta property=\"og:description\" content=\"K\u00d6NNY\u0170 KEZELHET\u0150S\u00c9G  Exkluz\u00edv h\u0171t\u00e9si m\u00f3d  15-30 m2-es szob\u00e1khoz alkalmas  P\u00e1r\u00e1tlan\u00edt\u00e1si funkci\u00f3  24 \u00f3r\u00e1s id\u0151z\u00edt\u0151  Kondenz\u00e1tum elp\u00e1rologtat\u00e1s funkci\u00f3  Feh\u00e9r kivitel\" \/>\n<meta property=\"og:url\" content=\"https:\/\/www.slovklima.sk\/hu\/produkt\/gree-mona-mobil-egyseg-r290\/\" \/>\n<meta property=\"og:site_name\" content=\"SLOVKLIMA DEIMOS group, s.r.o.\" \/>\n<meta property=\"article:modified_time\" content=\"2024-06-07T08:45:04+00:00\" \/>\n<meta property=\"og:image\" content=\"https:\/\/www.slovklima.sk\/wp-content\/uploads\/2024\/04\/gree-portable-type-mona-front-600x800px-72dpi.png\" \/>\n\t<meta property=\"og:image:width\" content=\"600\" \/>\n\t<meta property=\"og:image:height\" content=\"800\" \/>\n\t<meta property=\"og:image:type\" content=\"image\/png\" \/>\n<meta name=\"twitter:card\" content=\"summary_large_image\" \/>\n<meta name=\"twitter:label1\" content=\"Becs\u00fclt olvas\u00e1si id\u0151\" \/>\n\t<meta name=\"twitter:data1\" content=\"1 perc\" \/>\n<script type=\"application\/ld+json\" class=\"yoast-schema-graph\">{\"@context\":\"https:\/\/schema.org\",\"@graph\":[{\"@type\":\"WebPage\",\"@id\":\"https:\/\/www.slovklima.sk\/hu\/produkt\/gree-mona-mobil-egyseg-r290\/\",\"url\":\"https:\/\/www.slovklima.sk\/hu\/produkt\/gree-mona-mobil-egyseg-r290\/\",\"name\":\"GREE MONA mobil egys\u00e9g R290 | SLOVKLIMA DEIMOS group, s.r.o.\",\"isPartOf\":{\"@id\":\"https:\/\/www.slovklima.sk\/#website\"},\"primaryImageOfPage\":{\"@id\":\"https:\/\/www.slovklima.sk\/hu\/produkt\/gree-mona-mobil-egyseg-r290\/#primaryimage\"},\"image\":{\"@id\":\"https:\/\/www.slovklima.sk\/hu\/produkt\/gree-mona-mobil-egyseg-r290\/#primaryimage\"},\"thumbnailUrl\":\"https:\/\/www.slovklima.sk\/wp-content\/uploads\/2024\/04\/gree-portable-type-mona-front-600x800px-72dpi.jpg\",\"datePublished\":\"2024-04-06T21:41:30+00:00\",\"dateModified\":\"2024-06-07T08:45:04+00:00\",\"breadcrumb\":{\"@id\":\"https:\/\/www.slovklima.sk\/hu\/produkt\/gree-mona-mobil-egyseg-r290\/#breadcrumb\"},\"inLanguage\":\"hu\",\"potentialAction\":[{\"@type\":\"ReadAction\",\"target\":[\"https:\/\/www.slovklima.sk\/hu\/produkt\/gree-mona-mobil-egyseg-r290\/\"]}]},{\"@type\":\"ImageObject\",\"inLanguage\":\"hu\",\"@id\":\"https:\/\/www.slovklima.sk\/hu\/produkt\/gree-mona-mobil-egyseg-r290\/#primaryimage\",\"url\":\"https:\/\/www.slovklima.sk\/wp-content\/uploads\/2024\/04\/gree-portable-type-mona-front-600x800px-72dpi.jpg\",\"contentUrl\":\"https:\/\/www.slovklima.sk\/wp-content\/uploads\/2024\/04\/gree-portable-type-mona-front-600x800px-72dpi.jpg\",\"width\":600,\"height\":800},{\"@type\":\"BreadcrumbList\",\"@id\":\"https:\/\/www.slovklima.sk\/hu\/produkt\/gree-mona-mobil-egyseg-r290\/#breadcrumb\",\"itemListElement\":[{\"@type\":\"ListItem\",\"position\":1,\"name\":\"Domovsk\u00e1 str\u00e1nka\",\"item\":\"https:\/\/www.slovklima.sk\/hu\/\"},{\"@type\":\"ListItem\",\"position\":2,\"name\":\"Term\u00e9kek\",\"item\":\"https:\/\/www.slovklima.sk\/termekek\/\"},{\"@type\":\"ListItem\",\"position\":3,\"name\":\"GREE MONA mobil egys\u00e9g R290\"}]},{\"@type\":\"WebSite\",\"@id\":\"https:\/\/www.slovklima.sk\/#website\",\"url\":\"https:\/\/www.slovklima.sk\/\",\"name\":\"SLOVKLIMA DEIMOS group, s.r.o.\",\"description\":\"\",\"publisher\":{\"@id\":\"https:\/\/www.slovklima.sk\/#organization\"},\"alternateName\":\"SLOVKLIMA\",\"potentialAction\":[{\"@type\":\"SearchAction\",\"target\":{\"@type\":\"EntryPoint\",\"urlTemplate\":\"https:\/\/www.slovklima.sk\/?s={search_term_string}\"},\"query-input\":{\"@type\":\"PropertyValueSpecification\",\"valueRequired\":true,\"valueName\":\"search_term_string\"}}],\"inLanguage\":\"hu\"},{\"@type\":\"Organization\",\"@id\":\"https:\/\/www.slovklima.sk\/#organization\",\"name\":\"SLOVKLIMA DEIMOS group, s.r.o.\",\"alternateName\":\"SLOVKLIMA\",\"url\":\"https:\/\/www.slovklima.sk\/\",\"logo\":{\"@type\":\"ImageObject\",\"inLanguage\":\"hu\",\"@id\":\"https:\/\/www.slovklima.sk\/#\/schema\/logo\/image\/\",\"url\":\"https:\/\/www.slovklima.sk\/wp-content\/uploads\/2022\/12\/slovklima-logo-black.svg\",\"contentUrl\":\"https:\/\/www.slovklima.sk\/wp-content\/uploads\/2022\/12\/slovklima-logo-black.svg\",\"width\":3218,\"height\":698,\"caption\":\"SLOVKLIMA DEIMOS group, s.r.o.\"},\"image\":{\"@id\":\"https:\/\/www.slovklima.sk\/#\/schema\/logo\/image\/\"}}]}<\/script>\n<!-- \/ Yoast SEO plugin. -->","yoast_head_json":{"title":"GREE MONA mobil egys\u00e9g R290 | SLOVKLIMA DEIMOS group, s.r.o.","robots":{"index":"index","follow":"follow","max-snippet":"max-snippet:-1","max-image-preview":"max-image-preview:large","max-video-preview":"max-video-preview:-1"},"canonical":"https:\/\/www.slovklima.sk\/hu\/produkt\/gree-mona-mobil-egyseg-r290\/","og_locale":"hu_HU","og_type":"article","og_title":"GREE MONA mobil egys\u00e9g R290 | SLOVKLIMA DEIMOS group, s.r.o.","og_description":"K\u00d6NNY\u0170 KEZELHET\u0150S\u00c9G  Exkluz\u00edv h\u0171t\u00e9si m\u00f3d  15-30 m2-es szob\u00e1khoz alkalmas  P\u00e1r\u00e1tlan\u00edt\u00e1si funkci\u00f3  24 \u00f3r\u00e1s id\u0151z\u00edt\u0151  Kondenz\u00e1tum elp\u00e1rologtat\u00e1s funkci\u00f3  Feh\u00e9r kivitel","og_url":"https:\/\/www.slovklima.sk\/hu\/produkt\/gree-mona-mobil-egyseg-r290\/","og_site_name":"SLOVKLIMA DEIMOS group, s.r.o.","article_modified_time":"2024-06-07T08:45:04+00:00","og_image":[{"width":600,"height":800,"url":"https:\/\/www.slovklima.sk\/wp-content\/uploads\/2024\/04\/gree-portable-type-mona-front-600x800px-72dpi.png","type":"image\/png"}],"twitter_card":"summary_large_image","twitter_misc":{"Becs\u00fclt olvas\u00e1si id\u0151":"1 perc"},"schema":{"@context":"https:\/\/schema.org","@graph":[{"@type":"WebPage","@id":"https:\/\/www.slovklima.sk\/hu\/produkt\/gree-mona-mobil-egyseg-r290\/","url":"https:\/\/www.slovklima.sk\/hu\/produkt\/gree-mona-mobil-egyseg-r290\/","name":"GREE MONA mobil egys\u00e9g R290 | SLOVKLIMA DEIMOS group, s.r.o.","isPartOf":{"@id":"https:\/\/www.slovklima.sk\/#website"},"primaryImageOfPage":{"@id":"https:\/\/www.slovklima.sk\/hu\/produkt\/gree-mona-mobil-egyseg-r290\/#primaryimage"},"image":{"@id":"https:\/\/www.slovklima.sk\/hu\/produkt\/gree-mona-mobil-egyseg-r290\/#primaryimage"},"thumbnailUrl":"https:\/\/www.slovklima.sk\/wp-content\/uploads\/2024\/04\/gree-portable-type-mona-front-600x800px-72dpi.jpg","datePublished":"2024-04-06T21:41:30+00:00","dateModified":"2024-06-07T08:45:04+00:00","breadcrumb":{"@id":"https:\/\/www.slovklima.sk\/hu\/produkt\/gree-mona-mobil-egyseg-r290\/#breadcrumb"},"inLanguage":"hu","potentialAction":[{"@type":"ReadAction","target":["https:\/\/www.slovklima.sk\/hu\/produkt\/gree-mona-mobil-egyseg-r290\/"]}]},{"@type":"ImageObject","inLanguage":"hu","@id":"https:\/\/www.slovklima.sk\/hu\/produkt\/gree-mona-mobil-egyseg-r290\/#primaryimage","url":"https:\/\/www.slovklima.sk\/wp-content\/uploads\/2024\/04\/gree-portable-type-mona-front-600x800px-72dpi.jpg","contentUrl":"https:\/\/www.slovklima.sk\/wp-content\/uploads\/2024\/04\/gree-portable-type-mona-front-600x800px-72dpi.jpg","width":600,"height":800},{"@type":"BreadcrumbList","@id":"https:\/\/www.slovklima.sk\/hu\/produkt\/gree-mona-mobil-egyseg-r290\/#breadcrumb","itemListElement":[{"@type":"ListItem","position":1,"name":"Domovsk\u00e1 str\u00e1nka","item":"https:\/\/www.slovklima.sk\/hu\/"},{"@type":"ListItem","position":2,"name":"Term\u00e9kek","item":"https:\/\/www.slovklima.sk\/termekek\/"},{"@type":"ListItem","position":3,"name":"GREE MONA mobil egys\u00e9g R290"}]},{"@type":"WebSite","@id":"https:\/\/www.slovklima.sk\/#website","url":"https:\/\/www.slovklima.sk\/","name":"SLOVKLIMA DEIMOS group, s.r.o.","description":"","publisher":{"@id":"https:\/\/www.slovklima.sk\/#organization"},"alternateName":"SLOVKLIMA","potentialAction":[{"@type":"SearchAction","target":{"@type":"EntryPoint","urlTemplate":"https:\/\/www.slovklima.sk\/?s={search_term_string}"},"query-input":{"@type":"PropertyValueSpecification","valueRequired":true,"valueName":"search_term_string"}}],"inLanguage":"hu"},{"@type":"Organization","@id":"https:\/\/www.slovklima.sk\/#organization","name":"SLOVKLIMA DEIMOS group, s.r.o.","alternateName":"SLOVKLIMA","url":"https:\/\/www.slovklima.sk\/","logo":{"@type":"ImageObject","inLanguage":"hu","@id":"https:\/\/www.slovklima.sk\/#\/schema\/logo\/image\/","url":"https:\/\/www.slovklima.sk\/wp-content\/uploads\/2022\/12\/slovklima-logo-black.svg","contentUrl":"https:\/\/www.slovklima.sk\/wp-content\/uploads\/2022\/12\/slovklima-logo-black.svg","width":3218,"height":698,"caption":"SLOVKLIMA DEIMOS group, s.r.o."},"image":{"@id":"https:\/\/www.slovklima.sk\/#\/schema\/logo\/image\/"}}]}},"_links":{"self":[{"href":"https:\/\/www.slovklima.sk\/hu\/wp-json\/wp\/v2\/product\/11689","targetHints":{"allow":["GET"]}}],"collection":[{"href":"https:\/\/www.slovklima.sk\/hu\/wp-json\/wp\/v2\/product"}],"about":[{"href":"https:\/\/www.slovklima.sk\/hu\/wp-json\/wp\/v2\/types\/product"}],"wp:featuredmedia":[{"embeddable":true,"href":"https:\/\/www.slovklima.sk\/hu\/wp-json\/wp\/v2\/media\/11690"}],"wp:attachment":[{"href":"https:\/\/www.slovklima.sk\/hu\/wp-json\/wp\/v2\/media?parent=11689"}],"wp:term":[{"taxonomy":"product_brand","embeddable":true,"href":"https:\/\/www.slovklima.sk\/hu\/wp-json\/wp\/v2\/product_brand?post=11689"},{"taxonomy":"product_cat","embeddable":true,"href":"https:\/\/www.slovklima.sk\/hu\/wp-json\/wp\/v2\/product_cat?post=11689"},{"taxonomy":"product_tag","embeddable":true,"href":"https:\/\/www.slovklima.sk\/hu\/wp-json\/wp\/v2\/product_tag?post=11689"}],"curies":[{"name":"wp","href":"https:\/\/api.w.org\/{rel}","templated":true}]}}