{"id":18689,"date":"2025-10-07T14:38:23","date_gmt":"2025-10-07T12:38:23","guid":{"rendered":"https:\/\/www.slovklima.sk\/?page_id=18689"},"modified":"2025-10-09T14:21:35","modified_gmt":"2025-10-09T12:21:35","slug":"faq-futes","status":"publish","type":"page","link":"https:\/\/www.slovklima.sk\/hu\/faq-futes\/","title":{"rendered":"GYIK F\u0171t\u00e9s"},"content":{"rendered":"<section class=\"wpb-content-wrapper\"><p>[vc_row css=&#8221;.vc_custom_1759840033944{padding-bottom: 30px !important;}&#8221; woodmart_css_id=&#8221;68e50714943b0&#8243; responsive_spacing=&#8221;eyJwYXJhbV90eXBlIjoid29vZG1hcnRfcmVzcG9uc2l2ZV9zcGFjaW5nIiwic2VsZWN0b3JfaWQiOiI2OGU1MDcxNDk0M2IwIiwic2hvcnRjb2RlIjoidmNfcm93IiwiZGF0YSI6eyJ0YWJsZXQiOnt9LCJtb2JpbGUiOnt9fX0=&#8221; mobile_bg_img_hidden=&#8221;no&#8221; tablet_bg_img_hidden=&#8221;no&#8221; woodmart_parallax=&#8221;0&#8243; woodmart_gradient_switch=&#8221;no&#8221; woodmart_box_shadow=&#8221;no&#8221; wd_z_index=&#8221;no&#8221; woodmart_disable_overflow=&#8221;0&#8243; row_reverse_mobile=&#8221;0&#8243; row_reverse_tablet=&#8221;0&#8243;][vc_column css=&#8221;.vc_custom_1759840283670{padding-right: 5% !important;padding-left: 5% !important;}&#8221; woodmart_css_id=&#8221;68e5080f0e819&#8243; parallax_scroll=&#8221;no&#8221; woodmart_sticky_column=&#8221;false&#8221; wd_collapsible_content_switcher=&#8221;no&#8221; wd_column_role_offcanvas_desktop=&#8221;no&#8221; wd_column_role_offcanvas_tablet=&#8221;no&#8221; wd_column_role_offcanvas_mobile=&#8221;no&#8221; wd_column_role_content_desktop=&#8221;no&#8221; wd_column_role_content_tablet=&#8221;no&#8221; wd_column_role_content_mobile=&#8221;no&#8221; mobile_bg_img_hidden=&#8221;no&#8221; tablet_bg_img_hidden=&#8221;no&#8221; woodmart_parallax=&#8221;0&#8243; woodmart_box_shadow=&#8221;no&#8221; responsive_spacing=&#8221;eyJwYXJhbV90eXBlIjoid29vZG1hcnRfcmVzcG9uc2l2ZV9zcGFjaW5nIiwic2VsZWN0b3JfaWQiOiI2OGU1MDgwZjBlODE5Iiwic2hvcnRjb2RlIjoidmNfY29sdW1uIiwiZGF0YSI6eyJ0YWJsZXQiOnt9LCJtb2JpbGUiOnt9fX0=&#8221; mobile_reset_margin=&#8221;no&#8221; tablet_reset_margin=&#8221;no&#8221; wd_z_index=&#8221;no&#8221;][vc_column_text woodmart_inline=&#8221;no&#8221; text_larger=&#8221;no&#8221;]<\/p>\n<p style=\"text-align: center;\">Az al\u00e1bbiakban a leggyakrabban feltett k\u00e9rd\u00e9sekre adott v\u00e1laszokat tal\u00e1lja. Ha nem tal\u00e1lja itt a keresett inform\u00e1ci\u00f3t, k\u00e9rj\u00fck, ne habozzon kapcsolatba l\u00e9pni vel\u00fcnk e-mailben vagy a kapcsolatfelv\u00e9teli \u0171rlapon kereszt\u00fcl. Sz\u00edvesen seg\u00edt\u00fcnk \u00d6nnek.  <\/p>\n<p>[\/vc_column_text][\/vc_column][\/vc_row][vc_row][vc_column width=&#8221;1\/6&#8243; woodmart_css_id=&#8221;68e4fb5bd287a&#8221; parallax_scroll=&#8221;no&#8221; woodmart_sticky_column=&#8221;false&#8221; wd_collapsible_content_switcher=&#8221;no&#8221; wd_column_role_offcanvas_desktop=&#8221;no&#8221; wd_column_role_offcanvas_tablet=&#8221;no&#8221; wd_column_role_offcanvas_mobile=&#8221;no&#8221; wd_column_role_content_desktop=&#8221;no&#8221; wd_column_role_content_tablet=&#8221;no&#8221; wd_column_role_content_mobile=&#8221;no&#8221; mobile_bg_img_hidden=&#8221;no&#8221; tablet_bg_img_hidden=&#8221;no&#8221; woodmart_parallax=&#8221;0&#8243; woodmart_box_shadow=&#8221;no&#8221; responsive_spacing=&#8221;eyJwYXJhbV90eXBlIjoid29vZG1hcnRfcmVzcG9uc2l2ZV9zcGFjaW5nIiwic2VsZWN0b3JfaWQiOiI2OGU0ZmI1YmQyODdhIiwic2hvcnRjb2RlIjoidmNfY29sdW1uIiwiZGF0YSI6eyJ0YWJsZXQiOnt9LCJtb2JpbGUiOnt9fX0=&#8221; mobile_reset_margin=&#8221;no&#8221; tablet_reset_margin=&#8221;no&#8221; wd_z_index=&#8221;no&#8221; el_class=&#8221;faq-side-menu&#8221;][vc_wp_custommenu nav_menu=&#8221;577&#8243; title=&#8221;KATEG\u00d3RIA&#8221;][\/vc_column][vc_column width=&#8221;5\/6&#8243;][vc_tta_accordion active_section=&#8221;100&#8243; no_fill=&#8221;true&#8221; collapsible_all=&#8221;true&#8221;][vc_tta_section title=&#8221;H\u0151szivatty\u00fas f\u0171t\u00e9s: el\u0151ny\u00f6k \u00e9s h\u00e1tr\u00e1nyok&#8221; tab_id=&#8221;1759843474428-a03e9954-b4f0&#8243;][vc_column_text woodmart_inline=&#8221;no&#8221; text_larger=&#8221;no&#8221;]<strong>Melyek a h\u0151szivatty\u00fas f\u0171t\u00e9s f\u0151 el\u0151nyei?<\/strong><br \/>A h\u0151szivatty\u00fas f\u0171t\u00e9s eg\u00e9sz \u00e9ves k\u00e9nyelmet, alacsonyabb \u00fczemeltet\u00e9si k\u00f6lts\u00e9geket, nagyobb biztons\u00e1got \u00e9s k\u00f6rnyezetbar\u00e1t m\u0171k\u00f6d\u00e9st biztos\u00edt minim\u00e1lis k\u00e1rosanyag-kibocs\u00e1t\u00e1ssal. Hat\u00e9konyabb is, mint a hagyom\u00e1nyos f\u0171t\u0151berendez\u00e9sek, \u00e9s napelemekkel is kombin\u00e1lhat\u00f3. <\/p>\n<p><strong>Mi\u00e9rt tekinthet\u0151 k\u00f6rnyezetbar\u00e1tnak a h\u0151szivatty\u00fas f\u0171t\u00e9s?<\/strong><br \/>A g\u00e1zkaz\u00e1nokkal vagy k\u00e1lyh\u00e1kkal ellent\u00e9tben nem haszn\u00e1l fosszilis t\u00fczel\u0151anyag el\u00e9get\u00e9s\u00e9t, \u00edgy nem \u00e1ll fenn a g\u00e1zsziv\u00e1rg\u00e1s vagy a magas k\u00e1rosanyag-kibocs\u00e1t\u00e1s vesz\u00e9lye.<\/p>\n<p><strong>A h\u0151szivatty\u00fas f\u0171t\u00e9s hat\u00e9konyabb, mint m\u00e1s h\u0151forr\u00e1sok?<\/strong><br \/>Igen, igen, igen. M\u00edg a kemence maxim\u00e1lis hat\u00e1sfoka 100%, addig a h\u0151szivatty\u00fas f\u0171t\u00e9s k\u00f6r\u00fclbel\u00fcl 300%-ot \u00e9r el. A h\u0151termel\u00e9s helyett h\u0151t ad \u00e1t, \u00edgy minden egyes egys\u00e9gnyi elfogyasztott villamos energi\u00e1\u00e9rt h\u00e1rom-n\u00e9gy egys\u00e9gnyi h\u0151t szolg\u00e1ltat.  <\/p>\n<p><strong>Milyen h\u00e1tr\u00e1nyai vannak a h\u0151szivatty\u00fanak?<\/strong><br \/>Magasabb bemeneti k\u00f6lts\u00e9gek \u00e9s alacsonyabb hat\u00e1sfok rendk\u00edv\u00fcl alacsony h\u0151m\u00e9rs\u00e9kleten (a tartal\u00e9k elektromos f\u0171t\u00e9s bekapcsolva). Fagyos id\u0151ben j\u00e9g k\u00e9pz\u0151dhet a k\u00fclt\u00e9ri egys\u00e9gen, ami n\u00f6veli az energiafogyaszt\u00e1st. <\/p>\n<p><strong>Zajos a h\u0151szivatty\u00fas f\u0171t\u00e9s?<\/strong><br \/>A hosszabb m\u0171k\u00f6d\u00e9si ciklusok ventil\u00e1tor- \u00e9s kompresszorzajt okozhatnak. A csendes modell kiv\u00e1laszt\u00e1sa \u00e9s a k\u00fclt\u00e9ri egys\u00e9g elhelyez\u00e9se az ablakokt\u00f3l \u00e9s ajt\u00f3kt\u00f3l t\u00e1volabb seg\u00edt. <\/p>\n<p><strong>Mennyi ideig tart egy h\u0151szivatty\u00fa m\u00e1s rendszerekhez k\u00e9pest?<\/strong><br \/>A h\u0151szivatty\u00fak \u00e9s l\u00e9gkondicion\u00e1l\u00f3k \u00e9lettartama \u00e1ltal\u00e1ban 10-15 \u00e9v, m\u00edg a g\u00e1zkaz\u00e1nok\u00e9 hosszabb ideig tarthat.<\/p>\n<p><strong>Hossz\u00fa t\u00e1von meg\u00e9ri a h\u0151szivatty\u00fas f\u0171t\u00e9s?<\/strong><br \/>Igen, igen, igen. M\u00e9g ha a beruh\u00e1z\u00e1s magasabb is, hossz\u00fa t\u00e1von energiamegtakar\u00edt\u00e1st eredm\u00e9nyez; napelemekkel kombin\u00e1lva a megt\u00e9r\u00fcl\u00e9s m\u00e9g r\u00f6videbb.[\/vc_column_text][\/vc_tta_section][vc_tta_section title=&#8221;H\u0151szivatty\u00fa leveg\u0151 v\u00edz: Hogyan m\u0171k\u00f6dik?&#8221; tab_id=&#8221;1759843720360-0e348821-e68d&#8221;][vc_column_text woodmart_inline=&#8221;no&#8221; text_larger=&#8221;no&#8221;]<strong>Hogyan m\u0171k\u00f6dik a leveg\u0151-v\u00edz h\u0151szivatty\u00fa?<\/strong><br \/>A leveg\u0151-v\u00edz h\u0151szivatty\u00fa a k\u00fcls\u0151 leveg\u0151b\u0151l vonja el a h\u0151t, \u00e9s tov\u00e1bb\u00edtja azt a belt\u00e9ri f\u0171t\u00e9si rendszerbe. Olyan h\u0171t\u0151k\u00f6zeget haszn\u00e1l, amely alacsony h\u0151m\u00e9rs\u00e9kleten elp\u00e1rolog, \u00edgy ak\u00e1r -25 \u00b0C-os fagypont alatti h\u0151m\u00e9rs\u00e9kleten is k\u00e9pes m\u0171k\u00f6dni. <\/p>\n<p><strong>Miben k\u00fcl\u00f6nb\u00f6zik a leveg\u0151-v\u00edz h\u0151szivatty\u00fa m\u00e1s t\u00edpus\u00fa h\u0151szivatty\u00fakt\u00f3l?<\/strong><br \/>A talajb\u00f3l v\u00edzbe vagy v\u00edzb\u0151l v\u00edzbe rendszerekkel ellent\u00e9tben nincs sz\u00fcks\u00e9g f\u00far\u00e1sra vagy talajv\u00edzhez val\u00f3 hozz\u00e1f\u00e9r\u00e9sre. A k\u00fcls\u0151 leveg\u0151t haszn\u00e1lja h\u0151forr\u00e1sk\u00e9nt, ami leegyszer\u0171s\u00edti a telep\u00edt\u00e9st \u00e9s cs\u00f6kkenti a kezdeti k\u00f6lts\u00e9geket. <\/p>\n<p><strong>Mekkora a leveg\u0151-v\u00edz h\u0151szivatty\u00fa hat\u00e9konys\u00e1ga?<\/strong><br \/>A hat\u00e9konys\u00e1got a teljes\u00edtm\u00e9nyt\u00e9nyez\u0151 (COP) fejezi ki. A j\u00f3 min\u0151s\u00e9g\u0171 h\u0151szivatty\u00fak k\u00f6r\u00fclbel\u00fcl 4,5 COP-ot \u00e9rnek el, ami azt jelenti, hogy 1 kW villamos energi\u00e1b\u00f3l 4,5 kW h\u0151t \u00e1ll\u00edtanak el\u0151. <\/p>\n<p><strong>T\u00e9len is m\u0171k\u00f6dik a h\u0151szivatty\u00fa?<\/strong><br \/>Igen, igen, igen. A modern egys\u00e9gek ak\u00e1r -25 \u00b0C-os h\u0151m\u00e9rs\u00e9kleten is m\u0171k\u00f6dnek. Sz\u00e9ls\u0151s\u00e9ges hidegben a tartal\u00e9k elektromos f\u0171t\u00e9s bekapcsolhat\u00f3, hogy elegend\u0151 h\u0151t biztos\u00edtson.  <\/p>\n<p><strong>A h\u0151szivatty\u00fa h\u0171teni is tud?<\/strong><br \/>Igen, igen, igen. Egyes modellek ny\u00e1ron ford\u00edtva is m\u0171k\u00f6dhetnek &#8211; a bels\u0151 t\u00e9rb\u0151l elsz\u00edvj\u00e1k a h\u0151t, \u00e9s kifel\u00e9 tov\u00e1bb\u00edtj\u00e1k, \u00edgy h\u0171t\u0151rendszerk\u00e9nt m\u0171k\u00f6dnek. [\/vc_column_text][\/vc_tta_section][\/vc_tta_accordion][\/vc_column][\/vc_row]<\/p>\n<\/section>","protected":false},"excerpt":{"rendered":"<p>[vc_row css=&#8221;.vc_custom_1759840033944{padding-bottom: 30px !important;}&#8221; woodmart_css_id=&#8221;68e50714943b0&#8243; responsive_spacing=&#8221;eyJwYXJhbV90eXBlIjoid29vZG1hcnRfcmVzcG9uc2l2ZV9zcGFjaW5nIiwic2VsZWN0b3JfaWQiOiI2OGU1MDcxNDk0M2IwIiwic2hvcnRjb2RlIjoidmNfcm93IiwiZGF0YSI6eyJ0YWJsZXQiOnt9LCJtb2JpbGUiOnt9fX0=&#8221; mobile_bg_img_hidden=&#8221;no&#8221; tablet_bg_img_hidden=&#8221;no&#8221; woodmart_parallax=&#8221;0&#8243; woodmart_gradient_switch=&#8221;no&#8221; woodmart_box_shadow=&#8221;no&#8221; wd_z_index=&#8221;no&#8221; woodmart_disable_overflow=&#8221;0&#8243; row_reverse_mobile=&#8221;0&#8243; row_reverse_tablet=&#8221;0&#8243;][vc_column css=&#8221;.vc_custom_1759840283670{padding-right: 5% !important;padding-left: 5% !important;}&#8221;<\/p>\n","protected":false},"author":1,"featured_media":0,"parent":0,"menu_order":0,"comment_status":"closed","ping_status":"closed","template":"","meta":{"footnotes":""},"class_list":["post-18689","page","type-page","status-publish","hentry"],"yoast_head":"<!-- This site is optimized with the Yoast SEO plugin v24.3 - https:\/\/yoast.com\/wordpress\/plugins\/seo\/ -->\n<title>GYIK F\u0171t\u00e9s | SLOVKLIMA DEIMOS group, s.r.o.<\/title>\n<meta name=\"description\" content=\"A SLOVKL\u00cdMA \u00e9gisze alatt k\u00e9t v\u00e1llalat m\u0171k\u00f6dik. A SLOVKLIMA DEIMOS group s.r.o. l\u00e9gkondicion\u00e1l\u00f3, h\u0171t\u0151- \u00e9s f\u0171t\u0151berendez\u00e9sek kis- \u00e9s nagykereskedelm\u00e9re szakosodott. A DTN group s.r.o. az ipari \u00e9s kereskedelmi h\u0171t\u00e9stechnika ter\u00fclet\u00e9n tev\u00e9kenykedik.\" \/>\n<meta name=\"robots\" content=\"index, follow, max-snippet:-1, max-image-preview:large, max-video-preview:-1\" \/>\n<link rel=\"canonical\" href=\"https:\/\/www.slovklima.sk\/hu\/faq-futes\/\" \/>\n<meta property=\"og:locale\" content=\"hu_HU\" \/>\n<meta property=\"og:type\" content=\"article\" \/>\n<meta property=\"og:title\" content=\"GYIK F\u0171t\u00e9s | SLOVKLIMA DEIMOS group, s.r.o.\" \/>\n<meta property=\"og:description\" content=\"A SLOVKL\u00cdMA \u00e9gisze alatt k\u00e9t v\u00e1llalat m\u0171k\u00f6dik. A SLOVKLIMA DEIMOS group s.r.o. l\u00e9gkondicion\u00e1l\u00f3, h\u0171t\u0151- \u00e9s f\u0171t\u0151berendez\u00e9sek kis- \u00e9s nagykereskedelm\u00e9re szakosodott. A DTN group s.r.o. az ipari \u00e9s kereskedelmi h\u0171t\u00e9stechnika ter\u00fclet\u00e9n tev\u00e9kenykedik.\" \/>\n<meta property=\"og:url\" content=\"https:\/\/www.slovklima.sk\/hu\/faq-futes\/\" \/>\n<meta property=\"og:site_name\" content=\"SLOVKLIMA DEIMOS group, s.r.o.\" \/>\n<meta property=\"article:modified_time\" content=\"2025-10-09T12:21:35+00:00\" \/>\n<meta property=\"og:image\" content=\"https:\/\/www.slovklima.sk\/wp-content\/uploads\/2025\/03\/slovklima-logo-sk.jpg\" \/>\n\t<meta property=\"og:image:width\" content=\"500\" \/>\n\t<meta property=\"og:image:height\" content=\"230\" \/>\n\t<meta property=\"og:image:type\" content=\"image\/jpeg\" \/>\n<meta name=\"twitter:card\" content=\"summary_large_image\" \/>\n<meta name=\"twitter:label1\" content=\"Becs\u00fclt olvas\u00e1si id\u0151\" \/>\n\t<meta name=\"twitter:data1\" content=\"3 perc\" \/>\n<script type=\"application\/ld+json\" class=\"yoast-schema-graph\">{\"@context\":\"https:\/\/schema.org\",\"@graph\":[{\"@type\":\"WebPage\",\"@id\":\"https:\/\/www.slovklima.sk\/hu\/faq-futes\/\",\"url\":\"https:\/\/www.slovklima.sk\/hu\/faq-futes\/\",\"name\":\"GYIK F\u0171t\u00e9s | SLOVKLIMA DEIMOS group, s.r.o.\",\"isPartOf\":{\"@id\":\"https:\/\/www.slovklima.sk\/#website\"},\"datePublished\":\"2025-10-07T12:38:23+00:00\",\"dateModified\":\"2025-10-09T12:21:35+00:00\",\"description\":\"A SLOVKL\u00cdMA \u00e9gisze alatt k\u00e9t v\u00e1llalat m\u0171k\u00f6dik. A SLOVKLIMA DEIMOS group s.r.o. l\u00e9gkondicion\u00e1l\u00f3, h\u0171t\u0151- \u00e9s f\u0171t\u0151berendez\u00e9sek kis- \u00e9s nagykereskedelm\u00e9re szakosodott. A DTN group s.r.o. az ipari \u00e9s kereskedelmi h\u0171t\u00e9stechnika ter\u00fclet\u00e9n tev\u00e9kenykedik.\",\"breadcrumb\":{\"@id\":\"https:\/\/www.slovklima.sk\/hu\/faq-futes\/#breadcrumb\"},\"inLanguage\":\"hu\",\"potentialAction\":[{\"@type\":\"ReadAction\",\"target\":[\"https:\/\/www.slovklima.sk\/hu\/faq-futes\/\"]}]},{\"@type\":\"BreadcrumbList\",\"@id\":\"https:\/\/www.slovklima.sk\/hu\/faq-futes\/#breadcrumb\",\"itemListElement\":[{\"@type\":\"ListItem\",\"position\":1,\"name\":\"Domovsk\u00e1 str\u00e1nka\",\"item\":\"https:\/\/www.slovklima.sk\/hu\/\"},{\"@type\":\"ListItem\",\"position\":2,\"name\":\"GYIK F\u0171t\u00e9s\"}]},{\"@type\":\"WebSite\",\"@id\":\"https:\/\/www.slovklima.sk\/#website\",\"url\":\"https:\/\/www.slovklima.sk\/\",\"name\":\"SLOVKLIMA DEIMOS group, s.r.o.\",\"description\":\"\",\"publisher\":{\"@id\":\"https:\/\/www.slovklima.sk\/#organization\"},\"alternateName\":\"SLOVKLIMA\",\"potentialAction\":[{\"@type\":\"SearchAction\",\"target\":{\"@type\":\"EntryPoint\",\"urlTemplate\":\"https:\/\/www.slovklima.sk\/?s={search_term_string}\"},\"query-input\":{\"@type\":\"PropertyValueSpecification\",\"valueRequired\":true,\"valueName\":\"search_term_string\"}}],\"inLanguage\":\"hu\"},{\"@type\":\"Organization\",\"@id\":\"https:\/\/www.slovklima.sk\/#organization\",\"name\":\"SLOVKLIMA DEIMOS group, s.r.o.\",\"alternateName\":\"SLOVKLIMA\",\"url\":\"https:\/\/www.slovklima.sk\/\",\"logo\":{\"@type\":\"ImageObject\",\"inLanguage\":\"hu\",\"@id\":\"https:\/\/www.slovklima.sk\/#\/schema\/logo\/image\/\",\"url\":\"https:\/\/www.slovklima.sk\/wp-content\/uploads\/2022\/12\/slovklima-logo-black.svg\",\"contentUrl\":\"https:\/\/www.slovklima.sk\/wp-content\/uploads\/2022\/12\/slovklima-logo-black.svg\",\"width\":3218,\"height\":698,\"caption\":\"SLOVKLIMA DEIMOS group, s.r.o.\"},\"image\":{\"@id\":\"https:\/\/www.slovklima.sk\/#\/schema\/logo\/image\/\"}}]}<\/script>\n<!-- \/ Yoast SEO plugin. -->","yoast_head_json":{"title":"GYIK F\u0171t\u00e9s | SLOVKLIMA DEIMOS group, s.r.o.","description":"A SLOVKL\u00cdMA \u00e9gisze alatt k\u00e9t v\u00e1llalat m\u0171k\u00f6dik. A SLOVKLIMA DEIMOS group s.r.o. l\u00e9gkondicion\u00e1l\u00f3, h\u0171t\u0151- \u00e9s f\u0171t\u0151berendez\u00e9sek kis- \u00e9s nagykereskedelm\u00e9re szakosodott. A DTN group s.r.o. az ipari \u00e9s kereskedelmi h\u0171t\u00e9stechnika ter\u00fclet\u00e9n tev\u00e9kenykedik.","robots":{"index":"index","follow":"follow","max-snippet":"max-snippet:-1","max-image-preview":"max-image-preview:large","max-video-preview":"max-video-preview:-1"},"canonical":"https:\/\/www.slovklima.sk\/hu\/faq-futes\/","og_locale":"hu_HU","og_type":"article","og_title":"GYIK F\u0171t\u00e9s | SLOVKLIMA DEIMOS group, s.r.o.","og_description":"A SLOVKL\u00cdMA \u00e9gisze alatt k\u00e9t v\u00e1llalat m\u0171k\u00f6dik. A SLOVKLIMA DEIMOS group s.r.o. l\u00e9gkondicion\u00e1l\u00f3, h\u0171t\u0151- \u00e9s f\u0171t\u0151berendez\u00e9sek kis- \u00e9s nagykereskedelm\u00e9re szakosodott. A DTN group s.r.o. az ipari \u00e9s kereskedelmi h\u0171t\u00e9stechnika ter\u00fclet\u00e9n tev\u00e9kenykedik.","og_url":"https:\/\/www.slovklima.sk\/hu\/faq-futes\/","og_site_name":"SLOVKLIMA DEIMOS group, s.r.o.","article_modified_time":"2025-10-09T12:21:35+00:00","og_image":[{"width":500,"height":230,"url":"https:\/\/www.slovklima.sk\/wp-content\/uploads\/2025\/03\/slovklima-logo-sk.jpg","type":"image\/jpeg"}],"twitter_card":"summary_large_image","twitter_misc":{"Becs\u00fclt olvas\u00e1si id\u0151":"3 perc"},"schema":{"@context":"https:\/\/schema.org","@graph":[{"@type":"WebPage","@id":"https:\/\/www.slovklima.sk\/hu\/faq-futes\/","url":"https:\/\/www.slovklima.sk\/hu\/faq-futes\/","name":"GYIK F\u0171t\u00e9s | SLOVKLIMA DEIMOS group, s.r.o.","isPartOf":{"@id":"https:\/\/www.slovklima.sk\/#website"},"datePublished":"2025-10-07T12:38:23+00:00","dateModified":"2025-10-09T12:21:35+00:00","description":"A SLOVKL\u00cdMA \u00e9gisze alatt k\u00e9t v\u00e1llalat m\u0171k\u00f6dik. A SLOVKLIMA DEIMOS group s.r.o. l\u00e9gkondicion\u00e1l\u00f3, h\u0171t\u0151- \u00e9s f\u0171t\u0151berendez\u00e9sek kis- \u00e9s nagykereskedelm\u00e9re szakosodott. A DTN group s.r.o. az ipari \u00e9s kereskedelmi h\u0171t\u00e9stechnika ter\u00fclet\u00e9n tev\u00e9kenykedik.","breadcrumb":{"@id":"https:\/\/www.slovklima.sk\/hu\/faq-futes\/#breadcrumb"},"inLanguage":"hu","potentialAction":[{"@type":"ReadAction","target":["https:\/\/www.slovklima.sk\/hu\/faq-futes\/"]}]},{"@type":"BreadcrumbList","@id":"https:\/\/www.slovklima.sk\/hu\/faq-futes\/#breadcrumb","itemListElement":[{"@type":"ListItem","position":1,"name":"Domovsk\u00e1 str\u00e1nka","item":"https:\/\/www.slovklima.sk\/hu\/"},{"@type":"ListItem","position":2,"name":"GYIK F\u0171t\u00e9s"}]},{"@type":"WebSite","@id":"https:\/\/www.slovklima.sk\/#website","url":"https:\/\/www.slovklima.sk\/","name":"SLOVKLIMA DEIMOS group, s.r.o.","description":"","publisher":{"@id":"https:\/\/www.slovklima.sk\/#organization"},"alternateName":"SLOVKLIMA","potentialAction":[{"@type":"SearchAction","target":{"@type":"EntryPoint","urlTemplate":"https:\/\/www.slovklima.sk\/?s={search_term_string}"},"query-input":{"@type":"PropertyValueSpecification","valueRequired":true,"valueName":"search_term_string"}}],"inLanguage":"hu"},{"@type":"Organization","@id":"https:\/\/www.slovklima.sk\/#organization","name":"SLOVKLIMA DEIMOS group, s.r.o.","alternateName":"SLOVKLIMA","url":"https:\/\/www.slovklima.sk\/","logo":{"@type":"ImageObject","inLanguage":"hu","@id":"https:\/\/www.slovklima.sk\/#\/schema\/logo\/image\/","url":"https:\/\/www.slovklima.sk\/wp-content\/uploads\/2022\/12\/slovklima-logo-black.svg","contentUrl":"https:\/\/www.slovklima.sk\/wp-content\/uploads\/2022\/12\/slovklima-logo-black.svg","width":3218,"height":698,"caption":"SLOVKLIMA DEIMOS group, s.r.o."},"image":{"@id":"https:\/\/www.slovklima.sk\/#\/schema\/logo\/image\/"}}]}},"_links":{"self":[{"href":"https:\/\/www.slovklima.sk\/hu\/wp-json\/wp\/v2\/pages\/18689","targetHints":{"allow":["GET"]}}],"collection":[{"href":"https:\/\/www.slovklima.sk\/hu\/wp-json\/wp\/v2\/pages"}],"about":[{"href":"https:\/\/www.slovklima.sk\/hu\/wp-json\/wp\/v2\/types\/page"}],"author":[{"embeddable":true,"href":"https:\/\/www.slovklima.sk\/hu\/wp-json\/wp\/v2\/users\/1"}],"replies":[{"embeddable":true,"href":"https:\/\/www.slovklima.sk\/hu\/wp-json\/wp\/v2\/comments?post=18689"}],"version-history":[{"count":0,"href":"https:\/\/www.slovklima.sk\/hu\/wp-json\/wp\/v2\/pages\/18689\/revisions"}],"wp:attachment":[{"href":"https:\/\/www.slovklima.sk\/hu\/wp-json\/wp\/v2\/media?parent=18689"}],"curies":[{"name":"wp","href":"https:\/\/api.w.org\/{rel}","templated":true}]}}