{"id":18685,"date":"2025-10-07T14:38:13","date_gmt":"2025-10-07T12:38:13","guid":{"rendered":"https:\/\/www.slovklima.sk\/?page_id=18685"},"modified":"2025-10-09T14:21:24","modified_gmt":"2025-10-09T12:21:24","slug":"faq-lovegokezeles","status":"publish","type":"page","link":"https:\/\/www.slovklima.sk\/hu\/faq-lovegokezeles\/","title":{"rendered":"GYIK Leveg\u0151kezel\u00e9s"},"content":{"rendered":"<section class=\"wpb-content-wrapper\"><p>[vc_row css=&#8221;.vc_custom_1759840033944{padding-bottom: 30px !important;}&#8221; woodmart_css_id=&#8221;68e50714943b0&#8243; responsive_spacing=&#8221;eyJwYXJhbV90eXBlIjoid29vZG1hcnRfcmVzcG9uc2l2ZV9zcGFjaW5nIiwic2VsZWN0b3JfaWQiOiI2OGU1MDcxNDk0M2IwIiwic2hvcnRjb2RlIjoidmNfcm93IiwiZGF0YSI6eyJ0YWJsZXQiOnt9LCJtb2JpbGUiOnt9fX0=&#8221; mobile_bg_img_hidden=&#8221;no&#8221; tablet_bg_img_hidden=&#8221;no&#8221; woodmart_parallax=&#8221;0&#8243; woodmart_gradient_switch=&#8221;no&#8221; woodmart_box_shadow=&#8221;no&#8221; wd_z_index=&#8221;no&#8221; woodmart_disable_overflow=&#8221;0&#8243; row_reverse_mobile=&#8221;0&#8243; row_reverse_tablet=&#8221;0&#8243;][vc_column css=&#8221;.vc_custom_1759840283670{padding-right: 5% !important;padding-left: 5% !important;}&#8221; woodmart_css_id=&#8221;68e5080f0e819&#8243; parallax_scroll=&#8221;no&#8221; woodmart_sticky_column=&#8221;false&#8221; wd_collapsible_content_switcher=&#8221;no&#8221; wd_column_role_offcanvas_desktop=&#8221;no&#8221; wd_column_role_offcanvas_tablet=&#8221;no&#8221; wd_column_role_offcanvas_mobile=&#8221;no&#8221; wd_column_role_content_desktop=&#8221;no&#8221; wd_column_role_content_tablet=&#8221;no&#8221; wd_column_role_content_mobile=&#8221;no&#8221; mobile_bg_img_hidden=&#8221;no&#8221; tablet_bg_img_hidden=&#8221;no&#8221; woodmart_parallax=&#8221;0&#8243; woodmart_box_shadow=&#8221;no&#8221; responsive_spacing=&#8221;eyJwYXJhbV90eXBlIjoid29vZG1hcnRfcmVzcG9uc2l2ZV9zcGFjaW5nIiwic2VsZWN0b3JfaWQiOiI2OGU1MDgwZjBlODE5Iiwic2hvcnRjb2RlIjoidmNfY29sdW1uIiwiZGF0YSI6eyJ0YWJsZXQiOnt9LCJtb2JpbGUiOnt9fX0=&#8221; mobile_reset_margin=&#8221;no&#8221; tablet_reset_margin=&#8221;no&#8221; wd_z_index=&#8221;no&#8221;][vc_column_text woodmart_inline=&#8221;no&#8221; text_larger=&#8221;no&#8221;]<\/p>\n<p style=\"text-align: center;\">Az al\u00e1bbiakban a leggyakrabban feltett k\u00e9rd\u00e9sekre adott v\u00e1laszokat tal\u00e1lja. Ha nem tal\u00e1lja itt a keresett inform\u00e1ci\u00f3t, k\u00e9rj\u00fck, ne habozzon kapcsolatba l\u00e9pni vel\u00fcnk e-mailben vagy a kapcsolatfelv\u00e9teli \u0171rlapon kereszt\u00fcl. Sz\u00edvesen seg\u00edt\u00fcnk \u00d6nnek.  <\/p>\n<p>[\/vc_column_text][\/vc_column][\/vc_row][vc_row][vc_column width=&#8221;1\/6&#8243; woodmart_css_id=&#8221;68e4fb5bd287a&#8221; parallax_scroll=&#8221;no&#8221; woodmart_sticky_column=&#8221;false&#8221; wd_collapsible_content_switcher=&#8221;no&#8221; wd_column_role_offcanvas_desktop=&#8221;no&#8221; wd_column_role_offcanvas_tablet=&#8221;no&#8221; wd_column_role_offcanvas_mobile=&#8221;no&#8221; wd_column_role_content_desktop=&#8221;no&#8221; wd_column_role_content_tablet=&#8221;no&#8221; wd_column_role_content_mobile=&#8221;no&#8221; mobile_bg_img_hidden=&#8221;no&#8221; tablet_bg_img_hidden=&#8221;no&#8221; woodmart_parallax=&#8221;0&#8243; woodmart_box_shadow=&#8221;no&#8221; responsive_spacing=&#8221;eyJwYXJhbV90eXBlIjoid29vZG1hcnRfcmVzcG9uc2l2ZV9zcGFjaW5nIiwic2VsZWN0b3JfaWQiOiI2OGU0ZmI1YmQyODdhIiwic2hvcnRjb2RlIjoidmNfY29sdW1uIiwiZGF0YSI6eyJ0YWJsZXQiOnt9LCJtb2JpbGUiOnt9fX0=&#8221; mobile_reset_margin=&#8221;no&#8221; tablet_reset_margin=&#8221;no&#8221; wd_z_index=&#8221;no&#8221; el_class=&#8221;faq-side-menu&#8221;][vc_wp_custommenu nav_menu=&#8221;577&#8243; title=&#8221;KATEG\u00d3RIA&#8221;][\/vc_column][vc_column width=&#8221;5\/6&#8243;][vc_column_text woodmart_inline=&#8221;no&#8221; text_larger=&#8221;no&#8221;]Dolgozunk a tartalmon&#8230;[\/vc_column_text][\/vc_column][\/vc_row]<\/p>\n<\/section>","protected":false},"excerpt":{"rendered":"<p>[vc_row css=&#8221;.vc_custom_1759840033944{padding-bottom: 30px !important;}&#8221; woodmart_css_id=&#8221;68e50714943b0&#8243; responsive_spacing=&#8221;eyJwYXJhbV90eXBlIjoid29vZG1hcnRfcmVzcG9uc2l2ZV9zcGFjaW5nIiwic2VsZWN0b3JfaWQiOiI2OGU1MDcxNDk0M2IwIiwic2hvcnRjb2RlIjoidmNfcm93IiwiZGF0YSI6eyJ0YWJsZXQiOnt9LCJtb2JpbGUiOnt9fX0=&#8221; mobile_bg_img_hidden=&#8221;no&#8221; tablet_bg_img_hidden=&#8221;no&#8221; woodmart_parallax=&#8221;0&#8243; woodmart_gradient_switch=&#8221;no&#8221; woodmart_box_shadow=&#8221;no&#8221; wd_z_index=&#8221;no&#8221; woodmart_disable_overflow=&#8221;0&#8243; row_reverse_mobile=&#8221;0&#8243; row_reverse_tablet=&#8221;0&#8243;][vc_column css=&#8221;.vc_custom_1759840283670{padding-right: 5% !important;padding-left: 5% !important;}&#8221;<\/p>\n","protected":false},"author":1,"featured_media":0,"parent":0,"menu_order":0,"comment_status":"closed","ping_status":"closed","template":"","meta":{"footnotes":""},"class_list":["post-18685","page","type-page","status-publish","hentry"],"yoast_head":"<!-- This site is optimized with the Yoast SEO plugin v24.3 - https:\/\/yoast.com\/wordpress\/plugins\/seo\/ -->\n<title>GYIK Leveg\u0151kezel\u00e9s | SLOVKLIMA DEIMOS group, s.r.o.<\/title>\n<meta name=\"description\" content=\"A SLOVKL\u00cdMA \u00e9gisze alatt k\u00e9t v\u00e1llalat m\u0171k\u00f6dik. A SLOVKLIMA DEIMOS group s.r.o. l\u00e9gkondicion\u00e1l\u00f3, h\u0171t\u0151- \u00e9s f\u0171t\u0151berendez\u00e9sek kis- \u00e9s nagykereskedelm\u00e9re szakosodott. A DTN group s.r.o. az ipari \u00e9s kereskedelmi h\u0171t\u00e9stechnika ter\u00fclet\u00e9n tev\u00e9kenykedik.\" \/>\n<meta name=\"robots\" content=\"index, follow, max-snippet:-1, max-image-preview:large, max-video-preview:-1\" \/>\n<link rel=\"canonical\" href=\"https:\/\/www.slovklima.sk\/hu\/faq-lovegokezeles\/\" \/>\n<meta property=\"og:locale\" content=\"hu_HU\" \/>\n<meta property=\"og:type\" content=\"article\" \/>\n<meta property=\"og:title\" content=\"GYIK Leveg\u0151kezel\u00e9s | SLOVKLIMA DEIMOS group, s.r.o.\" \/>\n<meta property=\"og:description\" content=\"A SLOVKL\u00cdMA \u00e9gisze alatt k\u00e9t v\u00e1llalat m\u0171k\u00f6dik. A SLOVKLIMA DEIMOS group s.r.o. l\u00e9gkondicion\u00e1l\u00f3, h\u0171t\u0151- \u00e9s f\u0171t\u0151berendez\u00e9sek kis- \u00e9s nagykereskedelm\u00e9re szakosodott. A DTN group s.r.o. az ipari \u00e9s kereskedelmi h\u0171t\u00e9stechnika ter\u00fclet\u00e9n tev\u00e9kenykedik.\" \/>\n<meta property=\"og:url\" content=\"https:\/\/www.slovklima.sk\/hu\/faq-lovegokezeles\/\" \/>\n<meta property=\"og:site_name\" content=\"SLOVKLIMA DEIMOS group, s.r.o.\" \/>\n<meta property=\"article:modified_time\" content=\"2025-10-09T12:21:24+00:00\" \/>\n<meta property=\"og:image\" content=\"https:\/\/www.slovklima.sk\/wp-content\/uploads\/2025\/03\/slovklima-logo-sk.jpg\" \/>\n\t<meta property=\"og:image:width\" content=\"500\" \/>\n\t<meta property=\"og:image:height\" content=\"230\" \/>\n\t<meta property=\"og:image:type\" content=\"image\/jpeg\" \/>\n<meta name=\"twitter:card\" content=\"summary_large_image\" \/>\n<meta name=\"twitter:label1\" content=\"Becs\u00fclt olvas\u00e1si id\u0151\" \/>\n\t<meta name=\"twitter:data1\" content=\"1 perc\" \/>\n<script type=\"application\/ld+json\" class=\"yoast-schema-graph\">{\"@context\":\"https:\/\/schema.org\",\"@graph\":[{\"@type\":\"WebPage\",\"@id\":\"https:\/\/www.slovklima.sk\/hu\/faq-lovegokezeles\/\",\"url\":\"https:\/\/www.slovklima.sk\/hu\/faq-lovegokezeles\/\",\"name\":\"GYIK Leveg\u0151kezel\u00e9s | SLOVKLIMA DEIMOS group, s.r.o.\",\"isPartOf\":{\"@id\":\"https:\/\/www.slovklima.sk\/#website\"},\"datePublished\":\"2025-10-07T12:38:13+00:00\",\"dateModified\":\"2025-10-09T12:21:24+00:00\",\"description\":\"A SLOVKL\u00cdMA \u00e9gisze alatt k\u00e9t v\u00e1llalat m\u0171k\u00f6dik. A SLOVKLIMA DEIMOS group s.r.o. l\u00e9gkondicion\u00e1l\u00f3, h\u0171t\u0151- \u00e9s f\u0171t\u0151berendez\u00e9sek kis- \u00e9s nagykereskedelm\u00e9re szakosodott. A DTN group s.r.o. az ipari \u00e9s kereskedelmi h\u0171t\u00e9stechnika ter\u00fclet\u00e9n tev\u00e9kenykedik.\",\"breadcrumb\":{\"@id\":\"https:\/\/www.slovklima.sk\/hu\/faq-lovegokezeles\/#breadcrumb\"},\"inLanguage\":\"hu\",\"potentialAction\":[{\"@type\":\"ReadAction\",\"target\":[\"https:\/\/www.slovklima.sk\/hu\/faq-lovegokezeles\/\"]}]},{\"@type\":\"BreadcrumbList\",\"@id\":\"https:\/\/www.slovklima.sk\/hu\/faq-lovegokezeles\/#breadcrumb\",\"itemListElement\":[{\"@type\":\"ListItem\",\"position\":1,\"name\":\"Domovsk\u00e1 str\u00e1nka\",\"item\":\"https:\/\/www.slovklima.sk\/hu\/\"},{\"@type\":\"ListItem\",\"position\":2,\"name\":\"GYIK Leveg\u0151kezel\u00e9s\"}]},{\"@type\":\"WebSite\",\"@id\":\"https:\/\/www.slovklima.sk\/#website\",\"url\":\"https:\/\/www.slovklima.sk\/\",\"name\":\"SLOVKLIMA DEIMOS group, s.r.o.\",\"description\":\"\",\"publisher\":{\"@id\":\"https:\/\/www.slovklima.sk\/#organization\"},\"alternateName\":\"SLOVKLIMA\",\"potentialAction\":[{\"@type\":\"SearchAction\",\"target\":{\"@type\":\"EntryPoint\",\"urlTemplate\":\"https:\/\/www.slovklima.sk\/?s={search_term_string}\"},\"query-input\":{\"@type\":\"PropertyValueSpecification\",\"valueRequired\":true,\"valueName\":\"search_term_string\"}}],\"inLanguage\":\"hu\"},{\"@type\":\"Organization\",\"@id\":\"https:\/\/www.slovklima.sk\/#organization\",\"name\":\"SLOVKLIMA DEIMOS group, s.r.o.\",\"alternateName\":\"SLOVKLIMA\",\"url\":\"https:\/\/www.slovklima.sk\/\",\"logo\":{\"@type\":\"ImageObject\",\"inLanguage\":\"hu\",\"@id\":\"https:\/\/www.slovklima.sk\/#\/schema\/logo\/image\/\",\"url\":\"https:\/\/www.slovklima.sk\/wp-content\/uploads\/2022\/12\/slovklima-logo-black.svg\",\"contentUrl\":\"https:\/\/www.slovklima.sk\/wp-content\/uploads\/2022\/12\/slovklima-logo-black.svg\",\"width\":3218,\"height\":698,\"caption\":\"SLOVKLIMA DEIMOS group, s.r.o.\"},\"image\":{\"@id\":\"https:\/\/www.slovklima.sk\/#\/schema\/logo\/image\/\"}}]}<\/script>\n<!-- \/ Yoast SEO plugin. -->","yoast_head_json":{"title":"GYIK Leveg\u0151kezel\u00e9s | SLOVKLIMA DEIMOS group, s.r.o.","description":"A SLOVKL\u00cdMA \u00e9gisze alatt k\u00e9t v\u00e1llalat m\u0171k\u00f6dik. A SLOVKLIMA DEIMOS group s.r.o. l\u00e9gkondicion\u00e1l\u00f3, h\u0171t\u0151- \u00e9s f\u0171t\u0151berendez\u00e9sek kis- \u00e9s nagykereskedelm\u00e9re szakosodott. A DTN group s.r.o. az ipari \u00e9s kereskedelmi h\u0171t\u00e9stechnika ter\u00fclet\u00e9n tev\u00e9kenykedik.","robots":{"index":"index","follow":"follow","max-snippet":"max-snippet:-1","max-image-preview":"max-image-preview:large","max-video-preview":"max-video-preview:-1"},"canonical":"https:\/\/www.slovklima.sk\/hu\/faq-lovegokezeles\/","og_locale":"hu_HU","og_type":"article","og_title":"GYIK Leveg\u0151kezel\u00e9s | SLOVKLIMA DEIMOS group, s.r.o.","og_description":"A SLOVKL\u00cdMA \u00e9gisze alatt k\u00e9t v\u00e1llalat m\u0171k\u00f6dik. A SLOVKLIMA DEIMOS group s.r.o. l\u00e9gkondicion\u00e1l\u00f3, h\u0171t\u0151- \u00e9s f\u0171t\u0151berendez\u00e9sek kis- \u00e9s nagykereskedelm\u00e9re szakosodott. A DTN group s.r.o. az ipari \u00e9s kereskedelmi h\u0171t\u00e9stechnika ter\u00fclet\u00e9n tev\u00e9kenykedik.","og_url":"https:\/\/www.slovklima.sk\/hu\/faq-lovegokezeles\/","og_site_name":"SLOVKLIMA DEIMOS group, s.r.o.","article_modified_time":"2025-10-09T12:21:24+00:00","og_image":[{"width":500,"height":230,"url":"https:\/\/www.slovklima.sk\/wp-content\/uploads\/2025\/03\/slovklima-logo-sk.jpg","type":"image\/jpeg"}],"twitter_card":"summary_large_image","twitter_misc":{"Becs\u00fclt olvas\u00e1si id\u0151":"1 perc"},"schema":{"@context":"https:\/\/schema.org","@graph":[{"@type":"WebPage","@id":"https:\/\/www.slovklima.sk\/hu\/faq-lovegokezeles\/","url":"https:\/\/www.slovklima.sk\/hu\/faq-lovegokezeles\/","name":"GYIK Leveg\u0151kezel\u00e9s | SLOVKLIMA DEIMOS group, s.r.o.","isPartOf":{"@id":"https:\/\/www.slovklima.sk\/#website"},"datePublished":"2025-10-07T12:38:13+00:00","dateModified":"2025-10-09T12:21:24+00:00","description":"A SLOVKL\u00cdMA \u00e9gisze alatt k\u00e9t v\u00e1llalat m\u0171k\u00f6dik. A SLOVKLIMA DEIMOS group s.r.o. l\u00e9gkondicion\u00e1l\u00f3, h\u0171t\u0151- \u00e9s f\u0171t\u0151berendez\u00e9sek kis- \u00e9s nagykereskedelm\u00e9re szakosodott. A DTN group s.r.o. az ipari \u00e9s kereskedelmi h\u0171t\u00e9stechnika ter\u00fclet\u00e9n tev\u00e9kenykedik.","breadcrumb":{"@id":"https:\/\/www.slovklima.sk\/hu\/faq-lovegokezeles\/#breadcrumb"},"inLanguage":"hu","potentialAction":[{"@type":"ReadAction","target":["https:\/\/www.slovklima.sk\/hu\/faq-lovegokezeles\/"]}]},{"@type":"BreadcrumbList","@id":"https:\/\/www.slovklima.sk\/hu\/faq-lovegokezeles\/#breadcrumb","itemListElement":[{"@type":"ListItem","position":1,"name":"Domovsk\u00e1 str\u00e1nka","item":"https:\/\/www.slovklima.sk\/hu\/"},{"@type":"ListItem","position":2,"name":"GYIK Leveg\u0151kezel\u00e9s"}]},{"@type":"WebSite","@id":"https:\/\/www.slovklima.sk\/#website","url":"https:\/\/www.slovklima.sk\/","name":"SLOVKLIMA DEIMOS group, s.r.o.","description":"","publisher":{"@id":"https:\/\/www.slovklima.sk\/#organization"},"alternateName":"SLOVKLIMA","potentialAction":[{"@type":"SearchAction","target":{"@type":"EntryPoint","urlTemplate":"https:\/\/www.slovklima.sk\/?s={search_term_string}"},"query-input":{"@type":"PropertyValueSpecification","valueRequired":true,"valueName":"search_term_string"}}],"inLanguage":"hu"},{"@type":"Organization","@id":"https:\/\/www.slovklima.sk\/#organization","name":"SLOVKLIMA DEIMOS group, s.r.o.","alternateName":"SLOVKLIMA","url":"https:\/\/www.slovklima.sk\/","logo":{"@type":"ImageObject","inLanguage":"hu","@id":"https:\/\/www.slovklima.sk\/#\/schema\/logo\/image\/","url":"https:\/\/www.slovklima.sk\/wp-content\/uploads\/2022\/12\/slovklima-logo-black.svg","contentUrl":"https:\/\/www.slovklima.sk\/wp-content\/uploads\/2022\/12\/slovklima-logo-black.svg","width":3218,"height":698,"caption":"SLOVKLIMA DEIMOS group, s.r.o."},"image":{"@id":"https:\/\/www.slovklima.sk\/#\/schema\/logo\/image\/"}}]}},"_links":{"self":[{"href":"https:\/\/www.slovklima.sk\/hu\/wp-json\/wp\/v2\/pages\/18685","targetHints":{"allow":["GET"]}}],"collection":[{"href":"https:\/\/www.slovklima.sk\/hu\/wp-json\/wp\/v2\/pages"}],"about":[{"href":"https:\/\/www.slovklima.sk\/hu\/wp-json\/wp\/v2\/types\/page"}],"author":[{"embeddable":true,"href":"https:\/\/www.slovklima.sk\/hu\/wp-json\/wp\/v2\/users\/1"}],"replies":[{"embeddable":true,"href":"https:\/\/www.slovklima.sk\/hu\/wp-json\/wp\/v2\/comments?post=18685"}],"version-history":[{"count":0,"href":"https:\/\/www.slovklima.sk\/hu\/wp-json\/wp\/v2\/pages\/18685\/revisions"}],"wp:attachment":[{"href":"https:\/\/www.slovklima.sk\/hu\/wp-json\/wp\/v2\/media?parent=18685"}],"curies":[{"name":"wp","href":"https:\/\/api.w.org\/{rel}","templated":true}]}}