{"id":18630,"date":"2025-10-07T13:15:17","date_gmt":"2025-10-07T11:15:17","guid":{"rendered":"https:\/\/www.slovklima.sk\/?page_id=18630"},"modified":"2025-10-09T14:21:09","modified_gmt":"2025-10-09T12:21:09","slug":"faq-gyk-hutes","status":"publish","type":"page","link":"https:\/\/www.slovklima.sk\/hu\/faq-gyk-hutes\/","title":{"rendered":"GYIK H\u0171t\u00e9s"},"content":{"rendered":"<section class=\"wpb-content-wrapper\"><p>[vc_row css=&#8221;.vc_custom_1759840033944{padding-bottom: 30px !important;}&#8221; woodmart_css_id=&#8221;68e50714943b0&#8243; responsive_spacing=&#8221;eyJwYXJhbV90eXBlIjoid29vZG1hcnRfcmVzcG9uc2l2ZV9zcGFjaW5nIiwic2VsZWN0b3JfaWQiOiI2OGU1MDcxNDk0M2IwIiwic2hvcnRjb2RlIjoidmNfcm93IiwiZGF0YSI6eyJ0YWJsZXQiOnt9LCJtb2JpbGUiOnt9fX0=&#8221; mobile_bg_img_hidden=&#8221;no&#8221; tablet_bg_img_hidden=&#8221;no&#8221; woodmart_parallax=&#8221;0&#8243; woodmart_gradient_switch=&#8221;no&#8221; woodmart_box_shadow=&#8221;no&#8221; wd_z_index=&#8221;no&#8221; woodmart_disable_overflow=&#8221;0&#8243; row_reverse_mobile=&#8221;0&#8243; row_reverse_tablet=&#8221;0&#8243;][vc_column css=&#8221;.vc_custom_1759840283670{padding-right: 5% !important;padding-left: 5% !important;}&#8221; woodmart_css_id=&#8221;68e5080f0e819&#8243; parallax_scroll=&#8221;no&#8221; woodmart_sticky_column=&#8221;false&#8221; wd_collapsible_content_switcher=&#8221;no&#8221; wd_column_role_offcanvas_desktop=&#8221;no&#8221; wd_column_role_offcanvas_tablet=&#8221;no&#8221; wd_column_role_offcanvas_mobile=&#8221;no&#8221; wd_column_role_content_desktop=&#8221;no&#8221; wd_column_role_content_tablet=&#8221;no&#8221; wd_column_role_content_mobile=&#8221;no&#8221; mobile_bg_img_hidden=&#8221;no&#8221; tablet_bg_img_hidden=&#8221;no&#8221; woodmart_parallax=&#8221;0&#8243; woodmart_box_shadow=&#8221;no&#8221; responsive_spacing=&#8221;eyJwYXJhbV90eXBlIjoid29vZG1hcnRfcmVzcG9uc2l2ZV9zcGFjaW5nIiwic2VsZWN0b3JfaWQiOiI2OGU1MDgwZjBlODE5Iiwic2hvcnRjb2RlIjoidmNfY29sdW1uIiwiZGF0YSI6eyJ0YWJsZXQiOnt9LCJtb2JpbGUiOnt9fX0=&#8221; mobile_reset_margin=&#8221;no&#8221; tablet_reset_margin=&#8221;no&#8221; wd_z_index=&#8221;no&#8221;][vc_column_text woodmart_inline=&#8221;no&#8221; text_larger=&#8221;no&#8221;]<\/p>\n<p style=\"text-align: center;\">Az al\u00e1bbiakban a leggyakrabban feltett k\u00e9rd\u00e9sekre adott v\u00e1laszokat tal\u00e1lja. Ha nem tal\u00e1lja itt a keresett inform\u00e1ci\u00f3t, k\u00e9rj\u00fck, ne habozzon kapcsolatba l\u00e9pni vel\u00fcnk e-mailben vagy a kapcsolatfelv\u00e9teli \u0171rlapon kereszt\u00fcl. Sz\u00edvesen seg\u00edt\u00fcnk \u00d6nnek.  <\/p>\n<p>[\/vc_column_text][\/vc_column][\/vc_row][vc_row][vc_column width=&#8221;1\/6&#8243; woodmart_css_id=&#8221;68e4fb5bd287a&#8221; parallax_scroll=&#8221;no&#8221; woodmart_sticky_column=&#8221;false&#8221; wd_collapsible_content_switcher=&#8221;no&#8221; wd_column_role_offcanvas_desktop=&#8221;no&#8221; wd_column_role_offcanvas_tablet=&#8221;no&#8221; wd_column_role_offcanvas_mobile=&#8221;no&#8221; wd_column_role_content_desktop=&#8221;no&#8221; wd_column_role_content_tablet=&#8221;no&#8221; wd_column_role_content_mobile=&#8221;no&#8221; mobile_bg_img_hidden=&#8221;no&#8221; tablet_bg_img_hidden=&#8221;no&#8221; woodmart_parallax=&#8221;0&#8243; woodmart_box_shadow=&#8221;no&#8221; responsive_spacing=&#8221;eyJwYXJhbV90eXBlIjoid29vZG1hcnRfcmVzcG9uc2l2ZV9zcGFjaW5nIiwic2VsZWN0b3JfaWQiOiI2OGU0ZmI1YmQyODdhIiwic2hvcnRjb2RlIjoidmNfY29sdW1uIiwiZGF0YSI6eyJ0YWJsZXQiOnt9LCJtb2JpbGUiOnt9fX0=&#8221; mobile_reset_margin=&#8221;no&#8221; tablet_reset_margin=&#8221;no&#8221; wd_z_index=&#8221;no&#8221; el_class=&#8221;faq-side-menu&#8221;][vc_wp_custommenu nav_menu=&#8221;577&#8243; title=&#8221;KATEG\u00d3RIA&#8221;][\/vc_column][vc_column width=&#8221;5\/6&#8243;][vc_tta_accordion active_section=&#8221;100&#8243; no_fill=&#8221;true&#8221; collapsible_all=&#8221;true&#8221;][vc_tta_section title=&#8221;A l\u00e9gkondicion\u00e1l\u00f3 csatornarendszer kiv\u00e1laszt\u00e1sa&#8221; tab_id=&#8221;1759844184902-100e8f67-2fe9&#8243;][vc_column_text woodmart_inline=&#8221;no&#8221; text_larger=&#8221;no&#8221;]<strong>Mi a legjobb anyag a l\u00e9gkondicion\u00e1l\u00f3 csatorn\u00e1khoz?<\/strong><br \/>A leggyakrabban haszn\u00e1lt cs\u0151 a speci\u00e1lis szigetel\u00e9ssel ell\u00e1tott r\u00e9zcs\u0151, amely alkalmas h\u0171t\u0151k\u00f6zeg sz\u00e1ll\u00edt\u00e1s\u00e1ra. Az optim\u00e1lis \u00e1tm\u00e9r\u0151 6 \u00e9s 15 mm k\u00f6z\u00f6tt mozog, a k\u00e9sz\u00fcl\u00e9k kapacit\u00e1s\u00e1t\u00f3l \u00e9s az \u00fatvonal hossz\u00e1t\u00f3l f\u00fcgg\u0151en. <\/p>\n<p><strong>Mi\u00e9rt haszn\u00e1lnak r\u00e9zcs\u00f6veket a l\u00e9gkondicion\u00e1l\u00f3kban?<\/strong><br \/>A r\u00e9z kiv\u00e1l\u00f3 h\u0151vezet\u0151 k\u00e9pess\u00e9ggel, nagy mechanikai ellen\u00e1ll\u00e1ssal \u00e9s hossz\u00fa \u00e9lettartammal rendelkezik. Ez\u00e9rt a professzion\u00e1lis berendez\u00e9sekben alapfelszerelts\u00e9gnek sz\u00e1m\u00edt. <\/p>\n<p><strong>Lehets\u00e9ges m\u0171anyag vagy alum\u00ednium cs\u00f6vet haszn\u00e1lni?<\/strong><br \/>M\u0171anyag cs\u0151vezet\u00e9keket csak k\u00fcl\u00f6nleges esetekben, alacsony teljes\u00edtm\u00e9nyig\u00e9ny eset\u00e9n haszn\u00e1lnak, alum\u00ednium cs\u0151vezet\u00e9keket pedig alig, az alacsonyabb h\u0151vezet\u0151 k\u00e9pess\u00e9g \u00e9s korr\u00f3zi\u00f3\u00e1ll\u00f3s\u00e1g miatt.<\/p>\n<p><strong>Mi\u00e9rt kell szigetelni a l\u00e9gkondicion\u00e1l\u00f3 cs\u0151vezet\u00e9keket?<\/strong><br \/>A l\u00e9gkondicion\u00e1l\u00f3 cs\u0151vezet\u00e9keket alaposan szigetelni kell a h\u0151vesztes\u00e9g \u00e9s a kondenz\u00e1ci\u00f3 elker\u00fcl\u00e9se \u00e9rdek\u00e9ben.<\/p>\n<p><strong>Hogyan befoly\u00e1solja a csatorn\u00e1k hossza a l\u00e9gkondicion\u00e1l\u00f3 teljes\u00edtm\u00e9ny\u00e9t?<\/strong><br \/>A cs\u0151vezet\u00e9k \u00fatvonal\u00e1nak meghosszabbod\u00e1s\u00e1val a h\u0171t\u0151k\u00f6zeg nyom\u00e1sa \u00e9s h\u0151energi\u00e1ja elv\u00e9sz, ami cs\u00f6kkentheti a berendez\u00e9s teljes\u00edtm\u00e9ny\u00e9t \u00e9s n\u00f6velheti az energiafogyaszt\u00e1st.<\/p>\n<p><strong>Milyen hat\u00e1ssal van a k\u00f6rnyezet a cs\u0151vezet\u00e9kre?<\/strong><br \/>A magas p\u00e1ratartalom, a sz\u00e9ls\u0151s\u00e9ges h\u0151m\u00e9rs\u00e9klet \u00e9s a porosod\u00e1s megr\u00f6vid\u00edtheti a cs\u0151 \u00e9lettartam\u00e1t. K\u00fclt\u00e9ri haszn\u00e1latra UV-stabiliz\u00e1lt szigetel\u00e9s \u00e9s kieg\u00e9sz\u00edt\u0151 korr\u00f3zi\u00f3v\u00e9delem aj\u00e1nlott.[\/vc_column_text][\/vc_tta_section][\/vc_tta_accordion][\/vc_column][\/vc_row]<\/p>\n<\/section>","protected":false},"excerpt":{"rendered":"<p>[vc_row css=&#8221;.vc_custom_1759840033944{padding-bottom: 30px !important;}&#8221; woodmart_css_id=&#8221;68e50714943b0&#8243; responsive_spacing=&#8221;eyJwYXJhbV90eXBlIjoid29vZG1hcnRfcmVzcG9uc2l2ZV9zcGFjaW5nIiwic2VsZWN0b3JfaWQiOiI2OGU1MDcxNDk0M2IwIiwic2hvcnRjb2RlIjoidmNfcm93IiwiZGF0YSI6eyJ0YWJsZXQiOnt9LCJtb2JpbGUiOnt9fX0=&#8221; mobile_bg_img_hidden=&#8221;no&#8221; tablet_bg_img_hidden=&#8221;no&#8221; woodmart_parallax=&#8221;0&#8243; woodmart_gradient_switch=&#8221;no&#8221; woodmart_box_shadow=&#8221;no&#8221; wd_z_index=&#8221;no&#8221; woodmart_disable_overflow=&#8221;0&#8243; row_reverse_mobile=&#8221;0&#8243; row_reverse_tablet=&#8221;0&#8243;][vc_column css=&#8221;.vc_custom_1759840283670{padding-right: 5% !important;padding-left: 5% !important;}&#8221;<\/p>\n","protected":false},"author":1,"featured_media":0,"parent":0,"menu_order":0,"comment_status":"closed","ping_status":"closed","template":"","meta":{"footnotes":""},"class_list":["post-18630","page","type-page","status-publish","hentry"],"yoast_head":"<!-- This site is optimized with the Yoast SEO plugin v24.3 - https:\/\/yoast.com\/wordpress\/plugins\/seo\/ -->\n<title>GYIK H\u0171t\u00e9s | SLOVKLIMA DEIMOS group, s.r.o.<\/title>\n<meta name=\"description\" content=\"A SLOVKL\u00cdMA \u00e9gisze alatt k\u00e9t v\u00e1llalat m\u0171k\u00f6dik. A SLOVKLIMA DEIMOS group s.r.o. l\u00e9gkondicion\u00e1l\u00f3, h\u0171t\u0151- \u00e9s f\u0171t\u0151berendez\u00e9sek kis- \u00e9s nagykereskedelm\u00e9re szakosodott. A DTN group s.r.o. az ipari \u00e9s kereskedelmi h\u0171t\u00e9stechnika ter\u00fclet\u00e9n tev\u00e9kenykedik.\" \/>\n<meta name=\"robots\" content=\"index, follow, max-snippet:-1, max-image-preview:large, max-video-preview:-1\" \/>\n<link rel=\"canonical\" href=\"https:\/\/www.slovklima.sk\/hu\/faq-gyk-hutes\/\" \/>\n<meta property=\"og:locale\" content=\"hu_HU\" \/>\n<meta property=\"og:type\" content=\"article\" \/>\n<meta property=\"og:title\" content=\"GYIK H\u0171t\u00e9s | SLOVKLIMA DEIMOS group, s.r.o.\" \/>\n<meta property=\"og:description\" content=\"A SLOVKL\u00cdMA \u00e9gisze alatt k\u00e9t v\u00e1llalat m\u0171k\u00f6dik. A SLOVKLIMA DEIMOS group s.r.o. l\u00e9gkondicion\u00e1l\u00f3, h\u0171t\u0151- \u00e9s f\u0171t\u0151berendez\u00e9sek kis- \u00e9s nagykereskedelm\u00e9re szakosodott. A DTN group s.r.o. az ipari \u00e9s kereskedelmi h\u0171t\u00e9stechnika ter\u00fclet\u00e9n tev\u00e9kenykedik.\" \/>\n<meta property=\"og:url\" content=\"https:\/\/www.slovklima.sk\/hu\/faq-gyk-hutes\/\" \/>\n<meta property=\"og:site_name\" content=\"SLOVKLIMA DEIMOS group, s.r.o.\" \/>\n<meta property=\"article:modified_time\" content=\"2025-10-09T12:21:09+00:00\" \/>\n<meta property=\"og:image\" content=\"https:\/\/www.slovklima.sk\/wp-content\/uploads\/2025\/03\/slovklima-logo-sk.jpg\" \/>\n\t<meta property=\"og:image:width\" content=\"500\" \/>\n\t<meta property=\"og:image:height\" content=\"230\" \/>\n\t<meta property=\"og:image:type\" content=\"image\/jpeg\" \/>\n<meta name=\"twitter:card\" content=\"summary_large_image\" \/>\n<meta name=\"twitter:label1\" content=\"Becs\u00fclt olvas\u00e1si id\u0151\" \/>\n\t<meta name=\"twitter:data1\" content=\"2 perc\" \/>\n<script type=\"application\/ld+json\" class=\"yoast-schema-graph\">{\"@context\":\"https:\/\/schema.org\",\"@graph\":[{\"@type\":\"WebPage\",\"@id\":\"https:\/\/www.slovklima.sk\/hu\/faq-gyk-hutes\/\",\"url\":\"https:\/\/www.slovklima.sk\/hu\/faq-gyk-hutes\/\",\"name\":\"GYIK H\u0171t\u00e9s | SLOVKLIMA DEIMOS group, s.r.o.\",\"isPartOf\":{\"@id\":\"https:\/\/www.slovklima.sk\/#website\"},\"datePublished\":\"2025-10-07T11:15:17+00:00\",\"dateModified\":\"2025-10-09T12:21:09+00:00\",\"description\":\"A SLOVKL\u00cdMA \u00e9gisze alatt k\u00e9t v\u00e1llalat m\u0171k\u00f6dik. A SLOVKLIMA DEIMOS group s.r.o. l\u00e9gkondicion\u00e1l\u00f3, h\u0171t\u0151- \u00e9s f\u0171t\u0151berendez\u00e9sek kis- \u00e9s nagykereskedelm\u00e9re szakosodott. A DTN group s.r.o. az ipari \u00e9s kereskedelmi h\u0171t\u00e9stechnika ter\u00fclet\u00e9n tev\u00e9kenykedik.\",\"breadcrumb\":{\"@id\":\"https:\/\/www.slovklima.sk\/hu\/faq-gyk-hutes\/#breadcrumb\"},\"inLanguage\":\"hu\",\"potentialAction\":[{\"@type\":\"ReadAction\",\"target\":[\"https:\/\/www.slovklima.sk\/hu\/faq-gyk-hutes\/\"]}]},{\"@type\":\"BreadcrumbList\",\"@id\":\"https:\/\/www.slovklima.sk\/hu\/faq-gyk-hutes\/#breadcrumb\",\"itemListElement\":[{\"@type\":\"ListItem\",\"position\":1,\"name\":\"Domovsk\u00e1 str\u00e1nka\",\"item\":\"https:\/\/www.slovklima.sk\/hu\/\"},{\"@type\":\"ListItem\",\"position\":2,\"name\":\"GYIK H\u0171t\u00e9s\"}]},{\"@type\":\"WebSite\",\"@id\":\"https:\/\/www.slovklima.sk\/#website\",\"url\":\"https:\/\/www.slovklima.sk\/\",\"name\":\"SLOVKLIMA DEIMOS group, s.r.o.\",\"description\":\"\",\"publisher\":{\"@id\":\"https:\/\/www.slovklima.sk\/#organization\"},\"alternateName\":\"SLOVKLIMA\",\"potentialAction\":[{\"@type\":\"SearchAction\",\"target\":{\"@type\":\"EntryPoint\",\"urlTemplate\":\"https:\/\/www.slovklima.sk\/?s={search_term_string}\"},\"query-input\":{\"@type\":\"PropertyValueSpecification\",\"valueRequired\":true,\"valueName\":\"search_term_string\"}}],\"inLanguage\":\"hu\"},{\"@type\":\"Organization\",\"@id\":\"https:\/\/www.slovklima.sk\/#organization\",\"name\":\"SLOVKLIMA DEIMOS group, s.r.o.\",\"alternateName\":\"SLOVKLIMA\",\"url\":\"https:\/\/www.slovklima.sk\/\",\"logo\":{\"@type\":\"ImageObject\",\"inLanguage\":\"hu\",\"@id\":\"https:\/\/www.slovklima.sk\/#\/schema\/logo\/image\/\",\"url\":\"https:\/\/www.slovklima.sk\/wp-content\/uploads\/2022\/12\/slovklima-logo-black.svg\",\"contentUrl\":\"https:\/\/www.slovklima.sk\/wp-content\/uploads\/2022\/12\/slovklima-logo-black.svg\",\"width\":3218,\"height\":698,\"caption\":\"SLOVKLIMA DEIMOS group, s.r.o.\"},\"image\":{\"@id\":\"https:\/\/www.slovklima.sk\/#\/schema\/logo\/image\/\"}}]}<\/script>\n<!-- \/ Yoast SEO plugin. -->","yoast_head_json":{"title":"GYIK H\u0171t\u00e9s | SLOVKLIMA DEIMOS group, s.r.o.","description":"A SLOVKL\u00cdMA \u00e9gisze alatt k\u00e9t v\u00e1llalat m\u0171k\u00f6dik. A SLOVKLIMA DEIMOS group s.r.o. l\u00e9gkondicion\u00e1l\u00f3, h\u0171t\u0151- \u00e9s f\u0171t\u0151berendez\u00e9sek kis- \u00e9s nagykereskedelm\u00e9re szakosodott. A DTN group s.r.o. az ipari \u00e9s kereskedelmi h\u0171t\u00e9stechnika ter\u00fclet\u00e9n tev\u00e9kenykedik.","robots":{"index":"index","follow":"follow","max-snippet":"max-snippet:-1","max-image-preview":"max-image-preview:large","max-video-preview":"max-video-preview:-1"},"canonical":"https:\/\/www.slovklima.sk\/hu\/faq-gyk-hutes\/","og_locale":"hu_HU","og_type":"article","og_title":"GYIK H\u0171t\u00e9s | SLOVKLIMA DEIMOS group, s.r.o.","og_description":"A SLOVKL\u00cdMA \u00e9gisze alatt k\u00e9t v\u00e1llalat m\u0171k\u00f6dik. A SLOVKLIMA DEIMOS group s.r.o. l\u00e9gkondicion\u00e1l\u00f3, h\u0171t\u0151- \u00e9s f\u0171t\u0151berendez\u00e9sek kis- \u00e9s nagykereskedelm\u00e9re szakosodott. A DTN group s.r.o. az ipari \u00e9s kereskedelmi h\u0171t\u00e9stechnika ter\u00fclet\u00e9n tev\u00e9kenykedik.","og_url":"https:\/\/www.slovklima.sk\/hu\/faq-gyk-hutes\/","og_site_name":"SLOVKLIMA DEIMOS group, s.r.o.","article_modified_time":"2025-10-09T12:21:09+00:00","og_image":[{"width":500,"height":230,"url":"https:\/\/www.slovklima.sk\/wp-content\/uploads\/2025\/03\/slovklima-logo-sk.jpg","type":"image\/jpeg"}],"twitter_card":"summary_large_image","twitter_misc":{"Becs\u00fclt olvas\u00e1si id\u0151":"2 perc"},"schema":{"@context":"https:\/\/schema.org","@graph":[{"@type":"WebPage","@id":"https:\/\/www.slovklima.sk\/hu\/faq-gyk-hutes\/","url":"https:\/\/www.slovklima.sk\/hu\/faq-gyk-hutes\/","name":"GYIK H\u0171t\u00e9s | SLOVKLIMA DEIMOS group, s.r.o.","isPartOf":{"@id":"https:\/\/www.slovklima.sk\/#website"},"datePublished":"2025-10-07T11:15:17+00:00","dateModified":"2025-10-09T12:21:09+00:00","description":"A SLOVKL\u00cdMA \u00e9gisze alatt k\u00e9t v\u00e1llalat m\u0171k\u00f6dik. A SLOVKLIMA DEIMOS group s.r.o. l\u00e9gkondicion\u00e1l\u00f3, h\u0171t\u0151- \u00e9s f\u0171t\u0151berendez\u00e9sek kis- \u00e9s nagykereskedelm\u00e9re szakosodott. A DTN group s.r.o. az ipari \u00e9s kereskedelmi h\u0171t\u00e9stechnika ter\u00fclet\u00e9n tev\u00e9kenykedik.","breadcrumb":{"@id":"https:\/\/www.slovklima.sk\/hu\/faq-gyk-hutes\/#breadcrumb"},"inLanguage":"hu","potentialAction":[{"@type":"ReadAction","target":["https:\/\/www.slovklima.sk\/hu\/faq-gyk-hutes\/"]}]},{"@type":"BreadcrumbList","@id":"https:\/\/www.slovklima.sk\/hu\/faq-gyk-hutes\/#breadcrumb","itemListElement":[{"@type":"ListItem","position":1,"name":"Domovsk\u00e1 str\u00e1nka","item":"https:\/\/www.slovklima.sk\/hu\/"},{"@type":"ListItem","position":2,"name":"GYIK H\u0171t\u00e9s"}]},{"@type":"WebSite","@id":"https:\/\/www.slovklima.sk\/#website","url":"https:\/\/www.slovklima.sk\/","name":"SLOVKLIMA DEIMOS group, s.r.o.","description":"","publisher":{"@id":"https:\/\/www.slovklima.sk\/#organization"},"alternateName":"SLOVKLIMA","potentialAction":[{"@type":"SearchAction","target":{"@type":"EntryPoint","urlTemplate":"https:\/\/www.slovklima.sk\/?s={search_term_string}"},"query-input":{"@type":"PropertyValueSpecification","valueRequired":true,"valueName":"search_term_string"}}],"inLanguage":"hu"},{"@type":"Organization","@id":"https:\/\/www.slovklima.sk\/#organization","name":"SLOVKLIMA DEIMOS group, s.r.o.","alternateName":"SLOVKLIMA","url":"https:\/\/www.slovklima.sk\/","logo":{"@type":"ImageObject","inLanguage":"hu","@id":"https:\/\/www.slovklima.sk\/#\/schema\/logo\/image\/","url":"https:\/\/www.slovklima.sk\/wp-content\/uploads\/2022\/12\/slovklima-logo-black.svg","contentUrl":"https:\/\/www.slovklima.sk\/wp-content\/uploads\/2022\/12\/slovklima-logo-black.svg","width":3218,"height":698,"caption":"SLOVKLIMA DEIMOS group, s.r.o."},"image":{"@id":"https:\/\/www.slovklima.sk\/#\/schema\/logo\/image\/"}}]}},"_links":{"self":[{"href":"https:\/\/www.slovklima.sk\/hu\/wp-json\/wp\/v2\/pages\/18630","targetHints":{"allow":["GET"]}}],"collection":[{"href":"https:\/\/www.slovklima.sk\/hu\/wp-json\/wp\/v2\/pages"}],"about":[{"href":"https:\/\/www.slovklima.sk\/hu\/wp-json\/wp\/v2\/types\/page"}],"author":[{"embeddable":true,"href":"https:\/\/www.slovklima.sk\/hu\/wp-json\/wp\/v2\/users\/1"}],"replies":[{"embeddable":true,"href":"https:\/\/www.slovklima.sk\/hu\/wp-json\/wp\/v2\/comments?post=18630"}],"version-history":[{"count":0,"href":"https:\/\/www.slovklima.sk\/hu\/wp-json\/wp\/v2\/pages\/18630\/revisions"}],"wp:attachment":[{"href":"https:\/\/www.slovklima.sk\/hu\/wp-json\/wp\/v2\/media?parent=18630"}],"curies":[{"name":"wp","href":"https:\/\/api.w.org\/{rel}","templated":true}]}}